{"id":94767,"date":"2013-11-08T12:18:36","date_gmt":"2013-11-08T10:18:36","guid":{"rendered":"https:\/\/www.smartystore.it\/prodotto\/cadre-a-encliqueter-70x100-coin-rond-fr25\/"},"modified":"2025-08-01T16:11:36","modified_gmt":"2025-08-01T14:11:36","slug":"cadre-a-encliqueter-70x100-coin-rond-fr25","status":"publish","type":"product","link":"https:\/\/www.smartystore.it\/fr\/prodotto\/cadre-a-encliqueter-70x100-coin-rond-fr25\/","title":{"rendered":"Cadre \u00e0 encliqueter 70&#215;100 coin rond &#8211; Fr25"},"content":{"rendered":"<h2>Cadre \u00e0 encliqueter 70&#215;100 coin rond &#8211; Fr25<\/h2>\n<p>Le cadre \u00e0 clipser 70&#215;100 \u00e0 coins ronds est une solution id\u00e9ale pour tous ceux qui souhaitent exposer des \u0153uvres d&rsquo;art, des photographies ou des posters de mani\u00e8re \u00e9l\u00e9gante et pratique. Con\u00e7u avec un profil de type <strong>Frame<\/strong> 25 (largeur de bord de 25 mm), ce cadre se distingue par sa facilit\u00e9 d&rsquo;utilisation et son design raffin\u00e9, ce qui lui permet de s&rsquo;adapter \u00e0 tous les environnements, qu&rsquo;ils soient domestiques ou professionnels. <\/p>\n<p>Fabriqu\u00e9 en <strong>aluminium anodis\u00e9<\/strong>, le cadre offre une grande solidit\u00e9 tout en restant l\u00e9ger. La finition anodis\u00e9e offre non seulement un aspect moderne et brillant, mais garantit \u00e9galement une r\u00e9sistance sup\u00e9rieure aux intemp\u00e9ries et aux rayures, assurant ainsi une longue dur\u00e9e de vie. Le<strong>coin arrondi chrom\u00e9<\/strong> ajoute une touche d&rsquo;\u00e9l\u00e9gance, ce qui rend ce cadre particuli\u00e8rement adapt\u00e9 aux espaces contemporains.  <\/p>\n<p>L&rsquo;une des caract\u00e9ristiques de ce produit est le <strong>syst\u00e8me \u00ab\u00a0click clack\u00a0\u00bb<\/strong>, qui permet une insertion et un changement de contenu extr\u00eamement rapides et faciles, sans avoir besoin d&rsquo;outils. Ce cadre est donc particuli\u00e8rement utile pour les expositions temporaires ou pour ceux qui souhaitent changer fr\u00e9quemment leur contenu. <\/p>\n<p>L&rsquo;arri\u00e8re du cadre comporte des trous strat\u00e9giquement plac\u00e9s pour faciliter le montage mural, ce qui garantit une stabilit\u00e9 optimale une fois le cadre install\u00e9. L&rsquo;<strong>ensemble est livr\u00e9 avec des chevilles<\/strong> pour la fixation, ce qui simplifie encore le processus de montage. <\/p>\n<p>Un autre point fort est le <strong>film protecteur antireflet<\/strong> en PVC transparent, qui non seulement pr\u00e9serve la qualit\u00e9 visuelle de l&rsquo;image expos\u00e9e, mais prot\u00e8ge \u00e9galement le contenu de la poussi\u00e8re et de la d\u00e9coloration induite par la lumi\u00e8re. Cette caract\u00e9ristique est particuli\u00e8rement importante pour les \u0153uvres d&rsquo;art ou les photographies de valeur, pour lesquelles la clart\u00e9 et la pr\u00e9servation de la qualit\u00e9 sont primordiales. <\/p>\n<p>Les dimensions du cadre, compatibles avec des affiches de 70 x 100 cm, le rendent polyvalent et adapt\u00e9 \u00e0 un large \u00e9ventail d&rsquo;applications. Qu&rsquo;il s&rsquo;agisse d&rsquo;un tableau dans une galerie d&rsquo;art, d&rsquo;une affiche promotionnelle dans un bureau ou d&rsquo;une photo de famille dans le salon, ce cadre s&rsquo;adapte parfaitement \u00e0 tous les contextes. <\/p>\n<p>En r\u00e9sum\u00e9, le cadre \u00e0 clipser d&rsquo;angle rond 70&#215;100 avec profil Frame 25 est un excellent choix pour tous ceux qui recherchent un produit de haute qualit\u00e9, con\u00e7u pour allier esth\u00e9tique et fonctionnalit\u00e9. La combinaison de mat\u00e9riaux de haute qualit\u00e9 et de caract\u00e9ristiques innovantes fait de ce cadre un accessoire indispensable pour tout amateur d&rsquo;art et de design. <\/p>\n<h3>CARACT\u00c9RISTIQUES<\/h3>\n<ul>\n<li>Cadre d&rsquo;encliquetage mural.<\/li>\n<li>Coin rond chrom\u00e9.<\/li>\n<li>Trous au dos pour une application murale.<\/li>\n<li>Feuille de protection antireflet en PVC transparent.<\/li>\n<li>Profil du cadre : Cadre 25 (25 mm de large).<\/li>\n<li>Taille de l&rsquo;affiche : 70 x 100 cm.<\/li>\n<li>Mat\u00e9riau du cadre : aluminium<\/li>\n<li>Mat\u00e9riau du fond : polistyr\u00e8ne.<\/li>\n<li>Couleur : aluminium anodis\u00e9.<\/li>\n<li>Format visible : 68 x 98 cm.<\/li>\n<li>Dimensions effectives du cadre : 73,1 x 103,1 cm.<\/li>\n<li>Poids du cadre : 2,17 kg.<\/li>\n<\/ul>\n<p>Fourni avec des chevilles pour le montage mural.<\/p>\n<p>Ce cadre est \u00e9galement disponible dans une version avec des <strong>angles aigus<\/strong>: <span style=\"color: #ff0000;\"><strong><a style=\"color: #ff0000;\" href=\"https:\/\/www.smartystore.it\/fr\/prodotto\/cadre-a-encliqueter-70x100-cadre-25-a-angle-vif\/\">LIEN<\/a><\/strong><\/span><\/p>\n<p>Pour une version plus robuste, le mod\u00e8le <strong>Frame 32<\/strong> est disponible : <strong><span style=\"color: #ff0000;\"><a style=\"color: #ff0000;\" href=\"https:\/\/www.smartystore.it\/fr\/prodotto\/cadre-mural-encliquetable-70x100-cadre-32\/\">LIEN<\/a><\/span><\/strong><\/p>\n<p>&nbsp;<\/p>\n<p><a href=\"https:\/\/www.smartystore.it\/v25\/wp-content\/uploads\/2013\/11\/STR-CRPT00-01-02-08-04-05-06.25.pdf\" target=\"_blank\" rel=\"noopener\"><img loading=\"lazy\" decoding=\"async\" class=\"alignnone size-full wp-image-93510\" src=\"https:\/\/www.smartystore.it\/v25\/wp-content\/uploads\/2014\/10\/SchedaTecnica-300-e1750084266903.png\" alt=\"\" width=\"249\" height=\"63\"><\/a><\/p>\n<p>&nbsp;<\/p>\n","protected":false},"excerpt":{"rendered":"<p>Cadre \u00e0 clipser en aluminium 70&#215;100 avec coin rond &#8211; Cadre 25<\/p>\n","protected":false},"featured_media":94766,"comment_status":"open","ping_status":"closed","template":"","meta":{"_acf_changed":false},"pwb-brand":[],"product_brand":[3872],"product_cat":[3008,2912],"product_tag":[4091,4090,4085,4086,4092,4093,4087,4088,4089],"class_list":{"0":"post-94767","1":"product","2":"type-product","3":"status-publish","4":"has-post-thumbnail","6":"product_brand-smartystore","7":"product_cat-cadres-clic-clac","8":"product_cat-cadres-instantanes","9":"product_tag-cadre-a-clipser-en-aluminium-70x100","10":"product_tag-cadre-a-clipser-vertical-et-horizontal-70x100","11":"product_tag-cadre-a-encliqueter-70x100","12":"product_tag-cadre-click-clac-70x100","13":"product_tag-cadre-click-clack-70x100","14":"product_tag-cadre-daffichage-70x100","15":"product_tag-cadre-mural-encliquetable-70x100","16":"product_tag-cadre-robuste-70x100","17":"product_tag-cadres-a-clipser-70x100","18":"pa_c2c_angolo-rond","19":"pa_c2c_color-argent","20":"pa_c2c_dimensione-70x100-cm","21":"pa_c2c_mono_bifacciale-simple-face","22":"pa_c2c_trovraprezzi-oui","24":"first","25":"instock","26":"taxable","27":"shipping-taxable","28":"purchasable","29":"product-type-simple"},"acf":[],"yoast_head":"<!-- This site is optimized with the Yoast SEO plugin v27.4 - https:\/\/yoast.com\/product\/yoast-seo-wordpress\/ -->\n<title>70x100 Cadre d&#039;angle rond 25 Cadre mural<\/title>\n<meta name=\"description\" content=\"Snap Frame 70x100 Round Corner Wall Frame 25 - Achetez des cadres muraux pour les utiliser comme syst\u00e8mes de communication publicitaire modernes.\" \/>\n<meta name=\"robots\" content=\"index, follow, max-snippet:-1, max-image-preview:large, max-video-preview:-1\" \/>\n<link rel=\"canonical\" href=\"https:\/\/www.smartystore.it\/fr\/prodotto\/cadre-a-encliqueter-70x100-coin-rond-fr25\/\" \/>\n<meta property=\"og:locale\" content=\"fr_FR\" \/>\n<meta property=\"og:type\" content=\"article\" \/>\n<meta property=\"og:title\" content=\"70x100 Cadre d&#039;angle rond 25 Cadre mural\" \/>\n<meta property=\"og:description\" content=\"Snap Frame 70x100 Round Corner Wall Frame 25 - Achetez des cadres muraux pour les utiliser comme syst\u00e8mes de communication publicitaire modernes.\" \/>\n<meta property=\"og:url\" content=\"https:\/\/www.smartystore.it\/fr\/prodotto\/cadre-a-encliqueter-70x100-coin-rond-fr25\/\" \/>\n<meta property=\"og:site_name\" content=\"Smarty Store\" \/>\n<meta property=\"article:modified_time\" content=\"2025-08-01T14:11:36+00:00\" \/>\n<meta property=\"og:image\" content=\"https:\/\/www.smartystore.it\/v25\/wp-content\/uploads\/2013\/11\/Cornice-a-scatto-parete-70x100-frame-25-angolo-tondo-cromato-1.jpg\" \/>\n\t<meta property=\"og:image:width\" content=\"1000\" \/>\n\t<meta property=\"og:image:height\" content=\"1000\" \/>\n\t<meta property=\"og:image:type\" content=\"image\/jpeg\" \/>\n<meta name=\"twitter:card\" content=\"summary_large_image\" \/>\n<meta name=\"twitter:label1\" content=\"Dur\u00e9e de lecture estim\u00e9e\" \/>\n\t<meta name=\"twitter:data1\" content=\"4 minutes\" \/>\n<script type=\"application\/ld+json\" class=\"yoast-schema-graph\">{\"@context\":\"https:\\\/\\\/schema.org\",\"@graph\":[{\"@type\":\"WebPage\",\"@id\":\"https:\\\/\\\/www.smartystore.it\\\/fr\\\/prodotto\\\/cadre-a-encliqueter-70x100-coin-rond-fr25\\\/\",\"url\":\"https:\\\/\\\/www.smartystore.it\\\/fr\\\/prodotto\\\/cadre-a-encliqueter-70x100-coin-rond-fr25\\\/\",\"name\":\"70x100 Cadre d'angle rond 25 Cadre mural\",\"isPartOf\":{\"@id\":\"https:\\\/\\\/www.smartystore.it\\\/fr\\\/#website\"},\"primaryImageOfPage\":{\"@id\":\"https:\\\/\\\/www.smartystore.it\\\/fr\\\/prodotto\\\/cadre-a-encliqueter-70x100-coin-rond-fr25\\\/#primaryimage\"},\"image\":{\"@id\":\"https:\\\/\\\/www.smartystore.it\\\/fr\\\/prodotto\\\/cadre-a-encliqueter-70x100-coin-rond-fr25\\\/#primaryimage\"},\"thumbnailUrl\":\"https:\\\/\\\/www.smartystore.it\\\/v25\\\/wp-content\\\/uploads\\\/2013\\\/11\\\/Cornice-a-scatto-parete-70x100-frame-25-angolo-tondo-cromato-1.jpg\",\"datePublished\":\"2013-11-08T10:18:36+00:00\",\"dateModified\":\"2025-08-01T14:11:36+00:00\",\"description\":\"Snap Frame 70x100 Round Corner Wall Frame 25 - Achetez des cadres muraux pour les utiliser comme syst\u00e8mes de communication publicitaire modernes.\",\"breadcrumb\":{\"@id\":\"https:\\\/\\\/www.smartystore.it\\\/fr\\\/prodotto\\\/cadre-a-encliqueter-70x100-coin-rond-fr25\\\/#breadcrumb\"},\"inLanguage\":\"fr-FR\",\"potentialAction\":[{\"@type\":\"ReadAction\",\"target\":[\"https:\\\/\\\/www.smartystore.it\\\/fr\\\/prodotto\\\/cadre-a-encliqueter-70x100-coin-rond-fr25\\\/\"]}]},{\"@type\":\"ImageObject\",\"inLanguage\":\"fr-FR\",\"@id\":\"https:\\\/\\\/www.smartystore.it\\\/fr\\\/prodotto\\\/cadre-a-encliqueter-70x100-coin-rond-fr25\\\/#primaryimage\",\"url\":\"https:\\\/\\\/www.smartystore.it\\\/v25\\\/wp-content\\\/uploads\\\/2013\\\/11\\\/Cornice-a-scatto-parete-70x100-frame-25-angolo-tondo-cromato-1.jpg\",\"contentUrl\":\"https:\\\/\\\/www.smartystore.it\\\/v25\\\/wp-content\\\/uploads\\\/2013\\\/11\\\/Cornice-a-scatto-parete-70x100-frame-25-angolo-tondo-cromato-1.jpg\",\"width\":1000,\"height\":1000,\"caption\":\"Cadre \u00e0 encliqueter 70x100 coin rond - Fr25\"},{\"@type\":\"BreadcrumbList\",\"@id\":\"https:\\\/\\\/www.smartystore.it\\\/fr\\\/prodotto\\\/cadre-a-encliqueter-70x100-coin-rond-fr25\\\/#breadcrumb\",\"itemListElement\":[{\"@type\":\"ListItem\",\"position\":1,\"name\":\"Home\",\"item\":\"https:\\\/\\\/www.smartystore.it\\\/fr\\\/\"},{\"@type\":\"ListItem\",\"position\":2,\"name\":\"Boutique\",\"item\":\"https:\\\/\\\/www.smartystore.it\\\/fr\\\/boutique\\\/\"},{\"@type\":\"ListItem\",\"position\":3,\"name\":\"Cadre \u00e0 encliqueter 70&#215;100 coin rond &#8211; Fr25\"}]},{\"@type\":\"WebSite\",\"@id\":\"https:\\\/\\\/www.smartystore.it\\\/fr\\\/#website\",\"url\":\"https:\\\/\\\/www.smartystore.it\\\/fr\\\/\",\"name\":\"Smarty Store\",\"description\":\"Espositori Pubblicitari e Sistemi di Comunicazione Visiva\",\"potentialAction\":[{\"@type\":\"SearchAction\",\"target\":{\"@type\":\"EntryPoint\",\"urlTemplate\":\"https:\\\/\\\/www.smartystore.it\\\/fr\\\/?s={search_term_string}\"},\"query-input\":{\"@type\":\"PropertyValueSpecification\",\"valueRequired\":true,\"valueName\":\"search_term_string\"}}],\"inLanguage\":\"fr-FR\"}]}<\/script>\n<!-- \/ Yoast SEO plugin. -->","yoast_head_json":{"title":"70x100 Cadre d'angle rond 25 Cadre mural","description":"Snap Frame 70x100 Round Corner Wall Frame 25 - Achetez des cadres muraux pour les utiliser comme syst\u00e8mes de communication publicitaire modernes.","robots":{"index":"index","follow":"follow","max-snippet":"max-snippet:-1","max-image-preview":"max-image-preview:large","max-video-preview":"max-video-preview:-1"},"canonical":"https:\/\/www.smartystore.it\/fr\/prodotto\/cadre-a-encliqueter-70x100-coin-rond-fr25\/","og_locale":"fr_FR","og_type":"article","og_title":"70x100 Cadre d'angle rond 25 Cadre mural","og_description":"Snap Frame 70x100 Round Corner Wall Frame 25 - Achetez des cadres muraux pour les utiliser comme syst\u00e8mes de communication publicitaire modernes.","og_url":"https:\/\/www.smartystore.it\/fr\/prodotto\/cadre-a-encliqueter-70x100-coin-rond-fr25\/","og_site_name":"Smarty Store","article_modified_time":"2025-08-01T14:11:36+00:00","og_image":[{"width":1000,"height":1000,"url":"https:\/\/www.smartystore.it\/v25\/wp-content\/uploads\/2013\/11\/Cornice-a-scatto-parete-70x100-frame-25-angolo-tondo-cromato-1.jpg","type":"image\/jpeg"}],"twitter_card":"summary_large_image","twitter_misc":{"Dur\u00e9e de lecture estim\u00e9e":"4 minutes"},"schema":{"@context":"https:\/\/schema.org","@graph":[{"@type":"WebPage","@id":"https:\/\/www.smartystore.it\/fr\/prodotto\/cadre-a-encliqueter-70x100-coin-rond-fr25\/","url":"https:\/\/www.smartystore.it\/fr\/prodotto\/cadre-a-encliqueter-70x100-coin-rond-fr25\/","name":"70x100 Cadre d'angle rond 25 Cadre mural","isPartOf":{"@id":"https:\/\/www.smartystore.it\/fr\/#website"},"primaryImageOfPage":{"@id":"https:\/\/www.smartystore.it\/fr\/prodotto\/cadre-a-encliqueter-70x100-coin-rond-fr25\/#primaryimage"},"image":{"@id":"https:\/\/www.smartystore.it\/fr\/prodotto\/cadre-a-encliqueter-70x100-coin-rond-fr25\/#primaryimage"},"thumbnailUrl":"https:\/\/www.smartystore.it\/v25\/wp-content\/uploads\/2013\/11\/Cornice-a-scatto-parete-70x100-frame-25-angolo-tondo-cromato-1.jpg","datePublished":"2013-11-08T10:18:36+00:00","dateModified":"2025-08-01T14:11:36+00:00","description":"Snap Frame 70x100 Round Corner Wall Frame 25 - Achetez des cadres muraux pour les utiliser comme syst\u00e8mes de communication publicitaire modernes.","breadcrumb":{"@id":"https:\/\/www.smartystore.it\/fr\/prodotto\/cadre-a-encliqueter-70x100-coin-rond-fr25\/#breadcrumb"},"inLanguage":"fr-FR","potentialAction":[{"@type":"ReadAction","target":["https:\/\/www.smartystore.it\/fr\/prodotto\/cadre-a-encliqueter-70x100-coin-rond-fr25\/"]}]},{"@type":"ImageObject","inLanguage":"fr-FR","@id":"https:\/\/www.smartystore.it\/fr\/prodotto\/cadre-a-encliqueter-70x100-coin-rond-fr25\/#primaryimage","url":"https:\/\/www.smartystore.it\/v25\/wp-content\/uploads\/2013\/11\/Cornice-a-scatto-parete-70x100-frame-25-angolo-tondo-cromato-1.jpg","contentUrl":"https:\/\/www.smartystore.it\/v25\/wp-content\/uploads\/2013\/11\/Cornice-a-scatto-parete-70x100-frame-25-angolo-tondo-cromato-1.jpg","width":1000,"height":1000,"caption":"Cadre \u00e0 encliqueter 70x100 coin rond - Fr25"},{"@type":"BreadcrumbList","@id":"https:\/\/www.smartystore.it\/fr\/prodotto\/cadre-a-encliqueter-70x100-coin-rond-fr25\/#breadcrumb","itemListElement":[{"@type":"ListItem","position":1,"name":"Home","item":"https:\/\/www.smartystore.it\/fr\/"},{"@type":"ListItem","position":2,"name":"Boutique","item":"https:\/\/www.smartystore.it\/fr\/boutique\/"},{"@type":"ListItem","position":3,"name":"Cadre \u00e0 encliqueter 70&#215;100 coin rond &#8211; Fr25"}]},{"@type":"WebSite","@id":"https:\/\/www.smartystore.it\/fr\/#website","url":"https:\/\/www.smartystore.it\/fr\/","name":"Smarty Store","description":"Espositori Pubblicitari e Sistemi di Comunicazione Visiva","potentialAction":[{"@type":"SearchAction","target":{"@type":"EntryPoint","urlTemplate":"https:\/\/www.smartystore.it\/fr\/?s={search_term_string}"},"query-input":{"@type":"PropertyValueSpecification","valueRequired":true,"valueName":"search_term_string"}}],"inLanguage":"fr-FR"}]}},"brands":[],"_links":{"self":[{"href":"https:\/\/www.smartystore.it\/fr\/wp-json\/wp\/v2\/product\/94767","targetHints":{"allow":["GET"]}}],"collection":[{"href":"https:\/\/www.smartystore.it\/fr\/wp-json\/wp\/v2\/product"}],"about":[{"href":"https:\/\/www.smartystore.it\/fr\/wp-json\/wp\/v2\/types\/product"}],"replies":[{"embeddable":true,"href":"https:\/\/www.smartystore.it\/fr\/wp-json\/wp\/v2\/comments?post=94767"}],"wp:featuredmedia":[{"embeddable":true,"href":"https:\/\/www.smartystore.it\/fr\/wp-json\/wp\/v2\/media\/94766"}],"wp:attachment":[{"href":"https:\/\/www.smartystore.it\/fr\/wp-json\/wp\/v2\/media?parent=94767"}],"wp:term":[{"taxonomy":"pwb-brand","embeddable":true,"href":"https:\/\/www.smartystore.it\/fr\/wp-json\/wp\/v2\/pwb-brand?post=94767"},{"taxonomy":"product_brand","embeddable":true,"href":"https:\/\/www.smartystore.it\/fr\/wp-json\/wp\/v2\/product_brand?post=94767"},{"taxonomy":"product_cat","embeddable":true,"href":"https:\/\/www.smartystore.it\/fr\/wp-json\/wp\/v2\/product_cat?post=94767"},{"taxonomy":"product_tag","embeddable":true,"href":"https:\/\/www.smartystore.it\/fr\/wp-json\/wp\/v2\/product_tag?post=94767"}],"curies":[{"name":"wp","href":"https:\/\/api.w.org\/{rel}","templated":true}]}}