{"id":94622,"date":"2020-03-24T15:05:19","date_gmt":"2025-07-17T14:41:56","guid":{"rendered":"https:\/\/www.smartystore.it\/prodotto\/cloison-simple\/"},"modified":"2025-07-17T16:41:56","modified_gmt":"2025-07-17T14:41:56","slug":"cloison-simple","status":"publish","type":"product","link":"https:\/\/www.smartystore.it\/fr\/prodotto\/cloison-simple\/","title":{"rendered":"Cloison simple"},"content":{"rendered":"<h2>Cloison simple<\/h2>\n<p>La cloison simple est une structure \u00e0 poser au sol qui fait partie de la ligne QUADRA SERIES et qui est compos\u00e9e d&rsquo;une structure en aluminium anodis\u00e9 argent\u00e9 de section carr\u00e9e de 20&#215;20 mm (d&rsquo;o\u00f9 le nom de la s\u00e9rie), d&rsquo;un panneau alv\u00e9olaire en forex ou en polycarbonate et d&rsquo;un ensemble de bases qui peuvent \u00eatre \u00e0 pieds fixes ou \u00e0 roulettes pour faciliter le d\u00e9placement.<\/p>\n<p>Ce panneau de s\u00e9paration est particuli\u00e8rement adapt\u00e9 \u00e0 la s\u00e9paration des pi\u00e8ces et \u00e0 la protection de l&rsquo;intimit\u00e9 dans les espaces publics et priv\u00e9s.<\/p>\n<p>Des rainures sur chaque montant offrent la possibilit\u00e9 de fixer des supports ou des poches avec des accessoires optionnels.<\/p>\n<p>Le mur est disponible avec l&rsquo;un des panneaux suivants :<\/p>\n<ul>\n<li>forex blanc<\/li>\n<li>polycarbonate blanc satin\u00e9 nid d&rsquo;abeille<\/li>\n<li>polycarbonate alv\u00e9olaire semi-transparent<\/li>\n<li>plexiglas transparent.<\/li>\n<\/ul>\n<p>\u00c9paisseur du panneau : 6 mm.<\/p>\n<p>Sa l\u00e9g\u00e8ret\u00e9 permet de le d\u00e9placer facilement en le glissant dans la position souhait\u00e9e ou, pour \u00e9viter qu&rsquo;il ne tra\u00eene, les pieds peuvent \u00eatre remplac\u00e9s par des roulettes pivotantes \u00e9quip\u00e9es d&rsquo;un frein de blocage.<\/p>\n<h3>CARACT\u00c9RISTIQUES:<\/h3>\n<p>Choix des bases : pieds fixes et pieds \u00e0 roulettes<\/p>\n<p>Dimensions du mur (en cm) : L 101 &#8211; H 186,7 &#8211; P 38<\/p>\n<p>Dimensions utiles du panneau (en cm) : L 95 &#8211; H 172<\/p>\n<p>Poids du mur avec le panneau forex blanc : 7,2 kg<\/p>\n<p>Poids du mur avec panneau alv\u00e9olaire en polycarbonate blanc satin\u00e9 : 6 kg<\/p>\n<p>Poids de la paroi avec panneau alv\u00e9olaire en polycarbonate semi-transparent : 6 kg<\/p>\n<p>Poids du mur avec panneau en plexiglas transparent : 10 kg<\/p>\n<p><a href=\"https:\/\/www.smartystore.it\/v25\/wp-content\/uploads\/2020\/03\/Parete-100x185-Scheda.pdf\" target=\"_blank\" rel=\"noopener\"><img loading=\"lazy\" decoding=\"async\" class=\"alignnone size-full wp-image-93510\" src=\"https:\/\/www.smartystore.it\/v25\/wp-content\/uploads\/2014\/10\/SchedaTecnica-300-e1750084266903.png\" alt=\"\" width=\"249\" height=\"63\"><\/a><\/p>\n","protected":false},"excerpt":{"rendered":"<p>Cloison simple autoportante avec montants carr\u00e9s en aluminium de 20&#215;20 mm.<\/p>\n","protected":false},"featured_media":94623,"comment_status":"open","ping_status":"closed","template":"","meta":{"_acf_changed":false},"pwb-brand":[],"product_brand":[],"product_cat":[2994,3027,3662,2914],"product_tag":[],"class_list":{"0":"post-94622","1":"product","2":"type-product","3":"status-publish","4":"has-post-thumbnail","6":"product_cat-cloisons-de-division","7":"product_cat-cloisons-mobiles","8":"product_cat-cloisons-mobiles-fr","9":"product_cat-quadra-series-fr","10":"pa_c2c_base-base-carree","11":"pa_c2c_base-pieds-a-roulettes","12":"pa_c2c_base-pieds-fixes","13":"pa_c2c_materiale-polycarbonate-alveolaire-semi-transparent","14":"pa_c2c_materiale-polycarbonate-nid-dabeille-blanc-opale","15":"pa_c2c_materiale-white-forex","16":"pa_c2c_mono_bifacciale-double-face","17":"pa_c2c_trovraprezzi-oui","19":"first","20":"instock","21":"taxable","22":"shipping-taxable","23":"purchasable","24":"product-type-variable"},"acf":[],"yoast_head":"<!-- This site is optimized with the Yoast SEO plugin v27.4 - https:\/\/yoast.com\/product\/yoast-seo-wordpress\/ -->\n<title>Cloison simple - Smarty Store<\/title>\n<meta name=\"description\" content=\"Cloison simple autoportante avec montants en aluminium de section carr\u00e9e 20x20 mm. Panneaux disponibles en plusieurs mat\u00e9riaux.\" \/>\n<meta name=\"robots\" content=\"index, follow, max-snippet:-1, max-image-preview:large, max-video-preview:-1\" \/>\n<link rel=\"canonical\" href=\"https:\/\/www.smartystore.it\/fr\/prodotto\/cloison-simple\/\" \/>\n<meta property=\"og:locale\" content=\"fr_FR\" \/>\n<meta property=\"og:type\" content=\"article\" \/>\n<meta property=\"og:title\" content=\"Cloison simple - Smarty Store\" \/>\n<meta property=\"og:description\" content=\"Cloison simple autoportante avec montants en aluminium de section carr\u00e9e 20x20 mm. Panneaux disponibles en plusieurs mat\u00e9riaux.\" \/>\n<meta property=\"og:url\" content=\"https:\/\/www.smartystore.it\/fr\/prodotto\/cloison-simple\/\" \/>\n<meta property=\"og:site_name\" content=\"Smarty Store\" \/>\n<meta property=\"og:image\" content=\"https:\/\/www.smartystore.it\/v25\/wp-content\/uploads\/2020\/03\/Parete-divisoria-singola-disponibile-con-piedini-fissi-e-rotelle.jpg\" \/>\n\t<meta property=\"og:image:width\" content=\"1000\" \/>\n\t<meta property=\"og:image:height\" content=\"1000\" \/>\n\t<meta property=\"og:image:type\" content=\"image\/jpeg\" \/>\n<meta name=\"twitter:card\" content=\"summary_large_image\" \/>\n<meta name=\"twitter:label1\" content=\"Dur\u00e9e de lecture estim\u00e9e\" \/>\n\t<meta name=\"twitter:data1\" content=\"1 minute\" \/>\n<script type=\"application\/ld+json\" class=\"yoast-schema-graph\">{\"@context\":\"https:\\\/\\\/schema.org\",\"@graph\":[{\"@type\":\"WebPage\",\"@id\":\"https:\\\/\\\/www.smartystore.it\\\/fr\\\/prodotto\\\/cloison-simple\\\/\",\"url\":\"https:\\\/\\\/www.smartystore.it\\\/fr\\\/prodotto\\\/cloison-simple\\\/\",\"name\":\"Cloison simple - Smarty Store\",\"isPartOf\":{\"@id\":\"https:\\\/\\\/www.smartystore.it\\\/fr\\\/#website\"},\"primaryImageOfPage\":{\"@id\":\"https:\\\/\\\/www.smartystore.it\\\/fr\\\/prodotto\\\/cloison-simple\\\/#primaryimage\"},\"image\":{\"@id\":\"https:\\\/\\\/www.smartystore.it\\\/fr\\\/prodotto\\\/cloison-simple\\\/#primaryimage\"},\"thumbnailUrl\":\"https:\\\/\\\/www.smartystore.it\\\/v25\\\/wp-content\\\/uploads\\\/2020\\\/03\\\/Parete-divisoria-singola-disponibile-con-piedini-fissi-e-rotelle.jpg\",\"datePublished\":\"2025-07-17T14:41:56+00:00\",\"description\":\"Cloison simple autoportante avec montants en aluminium de section carr\u00e9e 20x20 mm. Panneaux disponibles en plusieurs mat\u00e9riaux.\",\"breadcrumb\":{\"@id\":\"https:\\\/\\\/www.smartystore.it\\\/fr\\\/prodotto\\\/cloison-simple\\\/#breadcrumb\"},\"inLanguage\":\"fr-FR\",\"potentialAction\":[{\"@type\":\"ReadAction\",\"target\":[\"https:\\\/\\\/www.smartystore.it\\\/fr\\\/prodotto\\\/cloison-simple\\\/\"]}]},{\"@type\":\"ImageObject\",\"inLanguage\":\"fr-FR\",\"@id\":\"https:\\\/\\\/www.smartystore.it\\\/fr\\\/prodotto\\\/cloison-simple\\\/#primaryimage\",\"url\":\"https:\\\/\\\/www.smartystore.it\\\/v25\\\/wp-content\\\/uploads\\\/2020\\\/03\\\/Parete-divisoria-singola-disponibile-con-piedini-fissi-e-rotelle.jpg\",\"contentUrl\":\"https:\\\/\\\/www.smartystore.it\\\/v25\\\/wp-content\\\/uploads\\\/2020\\\/03\\\/Parete-divisoria-singola-disponibile-con-piedini-fissi-e-rotelle.jpg\",\"width\":1000,\"height\":1000,\"caption\":\"Parete divisoria singola disponibile con piedini fissi e rotelle\"},{\"@type\":\"BreadcrumbList\",\"@id\":\"https:\\\/\\\/www.smartystore.it\\\/fr\\\/prodotto\\\/cloison-simple\\\/#breadcrumb\",\"itemListElement\":[{\"@type\":\"ListItem\",\"position\":1,\"name\":\"Home\",\"item\":\"https:\\\/\\\/www.smartystore.it\\\/fr\\\/\"},{\"@type\":\"ListItem\",\"position\":2,\"name\":\"Boutique\",\"item\":\"https:\\\/\\\/www.smartystore.it\\\/fr\\\/boutique\\\/\"},{\"@type\":\"ListItem\",\"position\":3,\"name\":\"Cloison simple\"}]},{\"@type\":\"WebSite\",\"@id\":\"https:\\\/\\\/www.smartystore.it\\\/fr\\\/#website\",\"url\":\"https:\\\/\\\/www.smartystore.it\\\/fr\\\/\",\"name\":\"Smarty Store\",\"description\":\"Espositori Pubblicitari e Sistemi di Comunicazione Visiva\",\"potentialAction\":[{\"@type\":\"SearchAction\",\"target\":{\"@type\":\"EntryPoint\",\"urlTemplate\":\"https:\\\/\\\/www.smartystore.it\\\/fr\\\/?s={search_term_string}\"},\"query-input\":{\"@type\":\"PropertyValueSpecification\",\"valueRequired\":true,\"valueName\":\"search_term_string\"}}],\"inLanguage\":\"fr-FR\"}]}<\/script>\n<!-- \/ Yoast SEO plugin. -->","yoast_head_json":{"title":"Cloison simple - Smarty Store","description":"Cloison simple autoportante avec montants en aluminium de section carr\u00e9e 20x20 mm. Panneaux disponibles en plusieurs mat\u00e9riaux.","robots":{"index":"index","follow":"follow","max-snippet":"max-snippet:-1","max-image-preview":"max-image-preview:large","max-video-preview":"max-video-preview:-1"},"canonical":"https:\/\/www.smartystore.it\/fr\/prodotto\/cloison-simple\/","og_locale":"fr_FR","og_type":"article","og_title":"Cloison simple - Smarty Store","og_description":"Cloison simple autoportante avec montants en aluminium de section carr\u00e9e 20x20 mm. Panneaux disponibles en plusieurs mat\u00e9riaux.","og_url":"https:\/\/www.smartystore.it\/fr\/prodotto\/cloison-simple\/","og_site_name":"Smarty Store","og_image":[{"width":1000,"height":1000,"url":"https:\/\/www.smartystore.it\/v25\/wp-content\/uploads\/2020\/03\/Parete-divisoria-singola-disponibile-con-piedini-fissi-e-rotelle.jpg","type":"image\/jpeg"}],"twitter_card":"summary_large_image","twitter_misc":{"Dur\u00e9e de lecture estim\u00e9e":"1 minute"},"schema":{"@context":"https:\/\/schema.org","@graph":[{"@type":"WebPage","@id":"https:\/\/www.smartystore.it\/fr\/prodotto\/cloison-simple\/","url":"https:\/\/www.smartystore.it\/fr\/prodotto\/cloison-simple\/","name":"Cloison simple - Smarty Store","isPartOf":{"@id":"https:\/\/www.smartystore.it\/fr\/#website"},"primaryImageOfPage":{"@id":"https:\/\/www.smartystore.it\/fr\/prodotto\/cloison-simple\/#primaryimage"},"image":{"@id":"https:\/\/www.smartystore.it\/fr\/prodotto\/cloison-simple\/#primaryimage"},"thumbnailUrl":"https:\/\/www.smartystore.it\/v25\/wp-content\/uploads\/2020\/03\/Parete-divisoria-singola-disponibile-con-piedini-fissi-e-rotelle.jpg","datePublished":"2025-07-17T14:41:56+00:00","description":"Cloison simple autoportante avec montants en aluminium de section carr\u00e9e 20x20 mm. Panneaux disponibles en plusieurs mat\u00e9riaux.","breadcrumb":{"@id":"https:\/\/www.smartystore.it\/fr\/prodotto\/cloison-simple\/#breadcrumb"},"inLanguage":"fr-FR","potentialAction":[{"@type":"ReadAction","target":["https:\/\/www.smartystore.it\/fr\/prodotto\/cloison-simple\/"]}]},{"@type":"ImageObject","inLanguage":"fr-FR","@id":"https:\/\/www.smartystore.it\/fr\/prodotto\/cloison-simple\/#primaryimage","url":"https:\/\/www.smartystore.it\/v25\/wp-content\/uploads\/2020\/03\/Parete-divisoria-singola-disponibile-con-piedini-fissi-e-rotelle.jpg","contentUrl":"https:\/\/www.smartystore.it\/v25\/wp-content\/uploads\/2020\/03\/Parete-divisoria-singola-disponibile-con-piedini-fissi-e-rotelle.jpg","width":1000,"height":1000,"caption":"Parete divisoria singola disponibile con piedini fissi e rotelle"},{"@type":"BreadcrumbList","@id":"https:\/\/www.smartystore.it\/fr\/prodotto\/cloison-simple\/#breadcrumb","itemListElement":[{"@type":"ListItem","position":1,"name":"Home","item":"https:\/\/www.smartystore.it\/fr\/"},{"@type":"ListItem","position":2,"name":"Boutique","item":"https:\/\/www.smartystore.it\/fr\/boutique\/"},{"@type":"ListItem","position":3,"name":"Cloison simple"}]},{"@type":"WebSite","@id":"https:\/\/www.smartystore.it\/fr\/#website","url":"https:\/\/www.smartystore.it\/fr\/","name":"Smarty Store","description":"Espositori Pubblicitari e Sistemi di Comunicazione Visiva","potentialAction":[{"@type":"SearchAction","target":{"@type":"EntryPoint","urlTemplate":"https:\/\/www.smartystore.it\/fr\/?s={search_term_string}"},"query-input":{"@type":"PropertyValueSpecification","valueRequired":true,"valueName":"search_term_string"}}],"inLanguage":"fr-FR"}]}},"brands":[],"_links":{"self":[{"href":"https:\/\/www.smartystore.it\/fr\/wp-json\/wp\/v2\/product\/94622","targetHints":{"allow":["GET"]}}],"collection":[{"href":"https:\/\/www.smartystore.it\/fr\/wp-json\/wp\/v2\/product"}],"about":[{"href":"https:\/\/www.smartystore.it\/fr\/wp-json\/wp\/v2\/types\/product"}],"replies":[{"embeddable":true,"href":"https:\/\/www.smartystore.it\/fr\/wp-json\/wp\/v2\/comments?post=94622"}],"wp:featuredmedia":[{"embeddable":true,"href":"https:\/\/www.smartystore.it\/fr\/wp-json\/wp\/v2\/media\/94623"}],"wp:attachment":[{"href":"https:\/\/www.smartystore.it\/fr\/wp-json\/wp\/v2\/media?parent=94622"}],"wp:term":[{"taxonomy":"pwb-brand","embeddable":true,"href":"https:\/\/www.smartystore.it\/fr\/wp-json\/wp\/v2\/pwb-brand?post=94622"},{"taxonomy":"product_brand","embeddable":true,"href":"https:\/\/www.smartystore.it\/fr\/wp-json\/wp\/v2\/product_brand?post=94622"},{"taxonomy":"product_cat","embeddable":true,"href":"https:\/\/www.smartystore.it\/fr\/wp-json\/wp\/v2\/product_cat?post=94622"},{"taxonomy":"product_tag","embeddable":true,"href":"https:\/\/www.smartystore.it\/fr\/wp-json\/wp\/v2\/product_tag?post=94622"}],"curies":[{"name":"wp","href":"https:\/\/api.w.org\/{rel}","templated":true}]}}