{"id":94607,"date":"2020-05-28T12:50:45","date_gmt":"2025-07-17T14:40:29","guid":{"rendered":"https:\/\/www.smartystore.it\/prodotto\/presentoir-de-sol-a4-vertical-et-incline\/"},"modified":"2025-07-17T16:40:29","modified_gmt":"2025-07-17T14:40:29","slug":"presentoir-de-sol-a4-vertical-et-incline","status":"publish","type":"product","link":"https:\/\/www.smartystore.it\/fr\/prodotto\/presentoir-de-sol-a4-vertical-et-incline\/","title":{"rendered":"Pr\u00e9sentoir de sol A4 vertical et inclin\u00e9"},"content":{"rendered":"<h2>Pr\u00e9sentoir vertical A4 pour le sol.<\/h2>\n<p>Le pr\u00e9sentoir de sol vertical A4 est un pr\u00e9sentoir de sol autonome qui fait partie de la S\u00c9RIE QUADRA.<\/p>\n<p>Il se compose d&rsquo;une base carr\u00e9e en m\u00e9tal peint par poudrage, d&rsquo;un montant \u00e0 section carr\u00e9e et d&rsquo;une pochette de communication A4 verticale en plexiglas transparent.<\/p>\n<p>Ce produit est particuli\u00e8rement adapt\u00e9 \u00e0 l&rsquo;affichage de messages courts (ou en tout cas de messages pouvant \u00eatre r\u00e9sum\u00e9s sur une feuille A4 verticale) tels que les messages promotionnels, les avis de fin de s\u00e9rie et tous les messages susceptibles d&rsquo;attirer les clients, notamment \u00e0 l&rsquo;int\u00e9rieur de locaux tels que les magasins, les showrooms, les restaurants, etc. Le message A4 est facilement rempla\u00e7able en un rien de temps, il suffit de faire glisser la feuille hors de la pochette transparente en plexiglas et de la remplacer par le nouveau message que vous souhaitez afficher. <\/p>\n<p>De nombreux affichages se ressemblent, mais de petits d\u00e9tails font la diff\u00e9rence. En effet, une note suppl\u00e9mentaire distingue ce panneau d&rsquo;affichage sur pied d&rsquo;autres produits similaires. Il s&rsquo;agit de la pr\u00e9sence d&rsquo;une plaque de renfort en aluminium plac\u00e9e entre le porte-message transparent et le montant, de sorte que les chocs ou les vibrations diverses n&rsquo;entra\u00eenent pas la rupture de la pochette du message, ce qui se traduit par une robustesse et un soutien de l&rsquo;affichage, aspects importants pour un affichage sur pied.  <\/p>\n<p>Exposer oui, mais toujours en toute s\u00e9curit\u00e9, car tout propri\u00e9taire d&rsquo;entreprise sait de quoi nous parlons ; la base ultra-plate et antid\u00e9rapante du pr\u00e9sentoir permet en effet de placer ce produit dans des environnements tr\u00e8s fr\u00e9quent\u00e9s, sans avoir \u00e0 s&rsquo;inqui\u00e9ter que des personnes tombent en tr\u00e9buchant sur la base.<\/p>\n<h3>CARACT\u00c9RISTIQUES:<\/h3>\n<p>Couleur : argent et noir.<\/p>\n<p>1 Pochette porte-avis en styr\u00e8ne transparent pour format A4 portrait &#8211; 21&#215;30.<\/p>\n<p>Montant en aluminium \u00e0 section carr\u00e9e : H 100 cm. L 2 cm. <\/p>\n<p>Socle en m\u00e9tal peint par poudrage (en cm) : L 32,5 &#8211; P 32,5<\/p>\n<p>Plaque de renforcement en aluminium anodis\u00e9 argent<\/p>\n<p><strong>BASE ANTI-TR\u00c9CISSEMENT ULTRA PLATE : \u00e9paisseur 6 mm.<\/strong><\/p>\n<p>Hauteur d&rsquo;affichage : 129,5 cm.<\/p>\n<p>Poids de l&rsquo;\u00e9cran : 6 kg<\/p>\n<p>SmartyStore assiste pleinement ses clients, donc si vous avez besoin d&rsquo;affiches A4 pour tenir dans la poche de votre pr\u00e9sentoir de sol, vous pouvez trouver ce que vous cherchez sur le site suivant <a href=\"https:\/\/www.smartystore.it\/fr\/prodotto\/presentoir-a-cadre-instantane-50x70-avec-montant-simple\/\" target=\"_blank\" rel=\"noopener\"><strong>LIEN<\/strong><\/a><\/p>\n<p><a href=\"https:\/\/www.smartystore.it\/v25\/wp-content\/uploads\/2023\/02\/Porta-Messaggi-Autoportante-SST-PMPA4_SchedaTecnica-1.pdf\" target=\"_blank\" rel=\"noopener\"><img loading=\"lazy\" decoding=\"async\" class=\"alignnone size-full wp-image-93510\" src=\"https:\/\/www.smartystore.it\/v25\/wp-content\/uploads\/2014\/10\/SchedaTecnica-300-e1750084266903.png\" alt=\"\" width=\"249\" height=\"63\"><\/a><\/p>\n<p><a href=\"https:\/\/www.smartystore.it\/v25\/wp-content\/uploads\/2023\/02\/Istruzioni_Montaggio_PMPA4.pdf\" target=\"_blank\" rel=\"noopener\"><img loading=\"lazy\" decoding=\"async\" class=\"alignnone size-full wp-image-93655\" src=\"https:\/\/www.smartystore.it\/v25\/wp-content\/uploads\/2020\/05\/LogoDownload_istruzioni-montaggio.jpg\" alt=\"\" width=\"250\" height=\"63\"><\/a><\/p>\n","protected":false},"excerpt":{"rendered":"<p>Pr\u00e9sentoir de communication autoportant avec pochette inclin\u00e9e en styr\u00e8ne transparent format A4 vertical. Disponible en argent ou en noir. <\/p>\n","protected":false},"featured_media":94608,"comment_status":"open","ping_status":"closed","template":"","meta":{"_acf_changed":false},"pwb-brand":[],"product_brand":[],"product_cat":[3010,3026,3013,2969,2968,3024,2914],"product_tag":[],"class_list":{"0":"post-94607","1":"product","2":"type-product","3":"status-publish","4":"has-post-thumbnail","6":"product_cat-affichage-porte-avis-emplacement","7":"product_cat-afficheurs-porte-messages","8":"product_cat-porte-affiche-au-sol","9":"product_cat-porte-brochure-debout","10":"product_cat-porte-brochures-catalogues","11":"product_cat-pupitres-et-tables","12":"product_cat-quadra-series-fr","13":"pa_c2c_color-argent","14":"pa_c2c_color-noir","15":"pa_c2c_dimensione-a4-21x29-7-vert","16":"pa_c2c_mono_bifacciale-simple-face","17":"pa_c2c_trovraprezzi-oui","18":"pa_serie-quadra-series","20":"first","21":"instock","22":"taxable","23":"shipping-taxable","24":"purchasable","25":"product-type-variable"},"acf":[],"yoast_head":"<!-- This site is optimized with the Yoast SEO plugin v27.4 - https:\/\/yoast.com\/product\/yoast-seo-wordpress\/ -->\n<title>Pr\u00e9sentoir de sol A4 vertical et inclin\u00e9 - Smarty Store<\/title>\n<meta name=\"description\" content=\"Pr\u00e9sentoir de sol vertical inclin\u00e9 A4 pratique avec base anti-grimpante ultra-plate et pochette transparente en plexiglas.\" \/>\n<meta name=\"robots\" content=\"index, follow, max-snippet:-1, max-image-preview:large, max-video-preview:-1\" \/>\n<link rel=\"canonical\" href=\"https:\/\/www.smartystore.it\/fr\/prodotto\/presentoir-de-sol-a4-vertical-et-incline\/\" \/>\n<meta property=\"og:locale\" content=\"fr_FR\" \/>\n<meta property=\"og:type\" content=\"article\" \/>\n<meta property=\"og:title\" content=\"Pr\u00e9sentoir de sol A4 vertical et inclin\u00e9 - Smarty Store\" \/>\n<meta property=\"og:description\" content=\"Pr\u00e9sentoir de sol vertical inclin\u00e9 A4 pratique avec base anti-grimpante ultra-plate et pochette transparente en plexiglas.\" \/>\n<meta property=\"og:url\" content=\"https:\/\/www.smartystore.it\/fr\/prodotto\/presentoir-de-sol-a4-vertical-et-incline\/\" \/>\n<meta property=\"og:site_name\" content=\"Smarty Store\" \/>\n<meta property=\"og:image\" content=\"https:\/\/www.smartystore.it\/v25\/wp-content\/uploads\/2020\/05\/Porta-Messaggi-Autoportante-silver-e-nero-con-portavvisi-A4-inclinato.jpg\" \/>\n\t<meta property=\"og:image:width\" content=\"1000\" \/>\n\t<meta property=\"og:image:height\" content=\"1000\" \/>\n\t<meta property=\"og:image:type\" content=\"image\/jpeg\" \/>\n<meta name=\"twitter:card\" content=\"summary_large_image\" \/>\n<meta name=\"twitter:label1\" content=\"Dur\u00e9e de lecture estim\u00e9e\" \/>\n\t<meta name=\"twitter:data1\" content=\"2 minutes\" \/>\n<script type=\"application\/ld+json\" class=\"yoast-schema-graph\">{\"@context\":\"https:\\\/\\\/schema.org\",\"@graph\":[{\"@type\":\"WebPage\",\"@id\":\"https:\\\/\\\/www.smartystore.it\\\/fr\\\/prodotto\\\/presentoir-de-sol-a4-vertical-et-incline\\\/\",\"url\":\"https:\\\/\\\/www.smartystore.it\\\/fr\\\/prodotto\\\/presentoir-de-sol-a4-vertical-et-incline\\\/\",\"name\":\"Pr\u00e9sentoir de sol A4 vertical et inclin\u00e9 - Smarty Store\",\"isPartOf\":{\"@id\":\"https:\\\/\\\/www.smartystore.it\\\/fr\\\/#website\"},\"primaryImageOfPage\":{\"@id\":\"https:\\\/\\\/www.smartystore.it\\\/fr\\\/prodotto\\\/presentoir-de-sol-a4-vertical-et-incline\\\/#primaryimage\"},\"image\":{\"@id\":\"https:\\\/\\\/www.smartystore.it\\\/fr\\\/prodotto\\\/presentoir-de-sol-a4-vertical-et-incline\\\/#primaryimage\"},\"thumbnailUrl\":\"https:\\\/\\\/www.smartystore.it\\\/v25\\\/wp-content\\\/uploads\\\/2020\\\/05\\\/Porta-Messaggi-Autoportante-silver-e-nero-con-portavvisi-A4-inclinato.jpg\",\"datePublished\":\"2025-07-17T14:40:29+00:00\",\"description\":\"Pr\u00e9sentoir de sol vertical inclin\u00e9 A4 pratique avec base anti-grimpante ultra-plate et pochette transparente en plexiglas.\",\"breadcrumb\":{\"@id\":\"https:\\\/\\\/www.smartystore.it\\\/fr\\\/prodotto\\\/presentoir-de-sol-a4-vertical-et-incline\\\/#breadcrumb\"},\"inLanguage\":\"fr-FR\",\"potentialAction\":[{\"@type\":\"ReadAction\",\"target\":[\"https:\\\/\\\/www.smartystore.it\\\/fr\\\/prodotto\\\/presentoir-de-sol-a4-vertical-et-incline\\\/\"]}]},{\"@type\":\"ImageObject\",\"inLanguage\":\"fr-FR\",\"@id\":\"https:\\\/\\\/www.smartystore.it\\\/fr\\\/prodotto\\\/presentoir-de-sol-a4-vertical-et-incline\\\/#primaryimage\",\"url\":\"https:\\\/\\\/www.smartystore.it\\\/v25\\\/wp-content\\\/uploads\\\/2020\\\/05\\\/Porta-Messaggi-Autoportante-silver-e-nero-con-portavvisi-A4-inclinato.jpg\",\"contentUrl\":\"https:\\\/\\\/www.smartystore.it\\\/v25\\\/wp-content\\\/uploads\\\/2020\\\/05\\\/Porta-Messaggi-Autoportante-silver-e-nero-con-portavvisi-A4-inclinato.jpg\",\"width\":1000,\"height\":1000,\"caption\":\"Porta Messaggi Autoportante silver e nero con portavvisi A4 inclinato\"},{\"@type\":\"BreadcrumbList\",\"@id\":\"https:\\\/\\\/www.smartystore.it\\\/fr\\\/prodotto\\\/presentoir-de-sol-a4-vertical-et-incline\\\/#breadcrumb\",\"itemListElement\":[{\"@type\":\"ListItem\",\"position\":1,\"name\":\"Home\",\"item\":\"https:\\\/\\\/www.smartystore.it\\\/fr\\\/\"},{\"@type\":\"ListItem\",\"position\":2,\"name\":\"Boutique\",\"item\":\"https:\\\/\\\/www.smartystore.it\\\/fr\\\/boutique\\\/\"},{\"@type\":\"ListItem\",\"position\":3,\"name\":\"Pr\u00e9sentoir de sol A4 vertical et inclin\u00e9\"}]},{\"@type\":\"WebSite\",\"@id\":\"https:\\\/\\\/www.smartystore.it\\\/fr\\\/#website\",\"url\":\"https:\\\/\\\/www.smartystore.it\\\/fr\\\/\",\"name\":\"Smarty Store\",\"description\":\"Espositori Pubblicitari e Sistemi di Comunicazione Visiva\",\"potentialAction\":[{\"@type\":\"SearchAction\",\"target\":{\"@type\":\"EntryPoint\",\"urlTemplate\":\"https:\\\/\\\/www.smartystore.it\\\/fr\\\/?s={search_term_string}\"},\"query-input\":{\"@type\":\"PropertyValueSpecification\",\"valueRequired\":true,\"valueName\":\"search_term_string\"}}],\"inLanguage\":\"fr-FR\"}]}<\/script>\n<!-- \/ Yoast SEO plugin. -->","yoast_head_json":{"title":"Pr\u00e9sentoir de sol A4 vertical et inclin\u00e9 - Smarty Store","description":"Pr\u00e9sentoir de sol vertical inclin\u00e9 A4 pratique avec base anti-grimpante ultra-plate et pochette transparente en plexiglas.","robots":{"index":"index","follow":"follow","max-snippet":"max-snippet:-1","max-image-preview":"max-image-preview:large","max-video-preview":"max-video-preview:-1"},"canonical":"https:\/\/www.smartystore.it\/fr\/prodotto\/presentoir-de-sol-a4-vertical-et-incline\/","og_locale":"fr_FR","og_type":"article","og_title":"Pr\u00e9sentoir de sol A4 vertical et inclin\u00e9 - Smarty Store","og_description":"Pr\u00e9sentoir de sol vertical inclin\u00e9 A4 pratique avec base anti-grimpante ultra-plate et pochette transparente en plexiglas.","og_url":"https:\/\/www.smartystore.it\/fr\/prodotto\/presentoir-de-sol-a4-vertical-et-incline\/","og_site_name":"Smarty Store","og_image":[{"width":1000,"height":1000,"url":"https:\/\/www.smartystore.it\/v25\/wp-content\/uploads\/2020\/05\/Porta-Messaggi-Autoportante-silver-e-nero-con-portavvisi-A4-inclinato.jpg","type":"image\/jpeg"}],"twitter_card":"summary_large_image","twitter_misc":{"Dur\u00e9e de lecture estim\u00e9e":"2 minutes"},"schema":{"@context":"https:\/\/schema.org","@graph":[{"@type":"WebPage","@id":"https:\/\/www.smartystore.it\/fr\/prodotto\/presentoir-de-sol-a4-vertical-et-incline\/","url":"https:\/\/www.smartystore.it\/fr\/prodotto\/presentoir-de-sol-a4-vertical-et-incline\/","name":"Pr\u00e9sentoir de sol A4 vertical et inclin\u00e9 - Smarty Store","isPartOf":{"@id":"https:\/\/www.smartystore.it\/fr\/#website"},"primaryImageOfPage":{"@id":"https:\/\/www.smartystore.it\/fr\/prodotto\/presentoir-de-sol-a4-vertical-et-incline\/#primaryimage"},"image":{"@id":"https:\/\/www.smartystore.it\/fr\/prodotto\/presentoir-de-sol-a4-vertical-et-incline\/#primaryimage"},"thumbnailUrl":"https:\/\/www.smartystore.it\/v25\/wp-content\/uploads\/2020\/05\/Porta-Messaggi-Autoportante-silver-e-nero-con-portavvisi-A4-inclinato.jpg","datePublished":"2025-07-17T14:40:29+00:00","description":"Pr\u00e9sentoir de sol vertical inclin\u00e9 A4 pratique avec base anti-grimpante ultra-plate et pochette transparente en plexiglas.","breadcrumb":{"@id":"https:\/\/www.smartystore.it\/fr\/prodotto\/presentoir-de-sol-a4-vertical-et-incline\/#breadcrumb"},"inLanguage":"fr-FR","potentialAction":[{"@type":"ReadAction","target":["https:\/\/www.smartystore.it\/fr\/prodotto\/presentoir-de-sol-a4-vertical-et-incline\/"]}]},{"@type":"ImageObject","inLanguage":"fr-FR","@id":"https:\/\/www.smartystore.it\/fr\/prodotto\/presentoir-de-sol-a4-vertical-et-incline\/#primaryimage","url":"https:\/\/www.smartystore.it\/v25\/wp-content\/uploads\/2020\/05\/Porta-Messaggi-Autoportante-silver-e-nero-con-portavvisi-A4-inclinato.jpg","contentUrl":"https:\/\/www.smartystore.it\/v25\/wp-content\/uploads\/2020\/05\/Porta-Messaggi-Autoportante-silver-e-nero-con-portavvisi-A4-inclinato.jpg","width":1000,"height":1000,"caption":"Porta Messaggi Autoportante silver e nero con portavvisi A4 inclinato"},{"@type":"BreadcrumbList","@id":"https:\/\/www.smartystore.it\/fr\/prodotto\/presentoir-de-sol-a4-vertical-et-incline\/#breadcrumb","itemListElement":[{"@type":"ListItem","position":1,"name":"Home","item":"https:\/\/www.smartystore.it\/fr\/"},{"@type":"ListItem","position":2,"name":"Boutique","item":"https:\/\/www.smartystore.it\/fr\/boutique\/"},{"@type":"ListItem","position":3,"name":"Pr\u00e9sentoir de sol A4 vertical et inclin\u00e9"}]},{"@type":"WebSite","@id":"https:\/\/www.smartystore.it\/fr\/#website","url":"https:\/\/www.smartystore.it\/fr\/","name":"Smarty Store","description":"Espositori Pubblicitari e Sistemi di Comunicazione Visiva","potentialAction":[{"@type":"SearchAction","target":{"@type":"EntryPoint","urlTemplate":"https:\/\/www.smartystore.it\/fr\/?s={search_term_string}"},"query-input":{"@type":"PropertyValueSpecification","valueRequired":true,"valueName":"search_term_string"}}],"inLanguage":"fr-FR"}]}},"brands":[],"_links":{"self":[{"href":"https:\/\/www.smartystore.it\/fr\/wp-json\/wp\/v2\/product\/94607","targetHints":{"allow":["GET"]}}],"collection":[{"href":"https:\/\/www.smartystore.it\/fr\/wp-json\/wp\/v2\/product"}],"about":[{"href":"https:\/\/www.smartystore.it\/fr\/wp-json\/wp\/v2\/types\/product"}],"replies":[{"embeddable":true,"href":"https:\/\/www.smartystore.it\/fr\/wp-json\/wp\/v2\/comments?post=94607"}],"wp:featuredmedia":[{"embeddable":true,"href":"https:\/\/www.smartystore.it\/fr\/wp-json\/wp\/v2\/media\/94608"}],"wp:attachment":[{"href":"https:\/\/www.smartystore.it\/fr\/wp-json\/wp\/v2\/media?parent=94607"}],"wp:term":[{"taxonomy":"pwb-brand","embeddable":true,"href":"https:\/\/www.smartystore.it\/fr\/wp-json\/wp\/v2\/pwb-brand?post=94607"},{"taxonomy":"product_brand","embeddable":true,"href":"https:\/\/www.smartystore.it\/fr\/wp-json\/wp\/v2\/product_brand?post=94607"},{"taxonomy":"product_cat","embeddable":true,"href":"https:\/\/www.smartystore.it\/fr\/wp-json\/wp\/v2\/product_cat?post=94607"},{"taxonomy":"product_tag","embeddable":true,"href":"https:\/\/www.smartystore.it\/fr\/wp-json\/wp\/v2\/product_tag?post=94607"}],"curies":[{"name":"wp","href":"https:\/\/api.w.org\/{rel}","templated":true}]}}