{"id":94603,"date":"2020-12-21T13:27:45","date_gmt":"2025-07-17T14:39:07","guid":{"rendered":"https:\/\/www.smartystore.it\/prodotto\/kit-de-fixation-au-plafond-pour-tableaux-daffichage\/"},"modified":"2025-07-17T16:39:07","modified_gmt":"2025-07-17T14:39:07","slug":"kit-de-fixation-au-plafond-pour-tableaux-daffichage","status":"publish","type":"product","link":"https:\/\/www.smartystore.it\/fr\/prodotto\/kit-de-fixation-au-plafond-pour-tableaux-daffichage\/","title":{"rendered":"Kit de fixation au plafond pour tableaux d&rsquo;affichage"},"content":{"rendered":"<p>Fixation au plafond par un c\u00e2ble en acier.<\/p>\n<p>Plaque sup\u00e9rieure (en mm) : \u00d8 11\/20 &#8211; H 16<\/p>\n<p>Boule pour le serrage du c\u00e2ble (en mm) : \u00d8 10<\/p>\n<p>Mat\u00e9riau : aluminium anodis\u00e9 argent.<\/p>\n<p>Longueur de la corde : 2 m.<\/p>\n<p>Le prix se r\u00e9f\u00e8re \u00e0 une paire de fixations au plafond, comprenant un c\u00e2ble en acier de 2 m\u00e8tres, 2 billes de verrouillage, 2 vis et chevilles pour la fixation au plafond et 2 vis \u00e0 t\u00eate cylindrique pour fixer le c\u00e2ble.<\/p>\n<p>D\u00e9lai de livraison : 3\/4 jours ouvrables<\/p>\n<table style=\"height: 50px; background-color: #ffffff; ; width: 250px;\" border=\"0\">\n<tbody>\n<tr>\n<td style=\"text-align: center;\"><a href=\"https:\/\/www.smartystore.it\/wp-content\/uploads\/2020\/12\/SST-YLP10AL.pdf\" target=\"_blank\" rel=\"noopener noreferrer\"><img loading=\"lazy\" decoding=\"async\" class=\" size-full wp-image-31489\" style=\"vertical-align: middle;\" src=\"https:\/\/www.smartystore.it\/wp-content\/uploads\/2013\/05\/freccia-scarica.jpg\" alt=\"\" width=\"30\" height=\"30\"><\/a><\/td>\n<td><a href=\"https:\/\/www.smartystore.it\/wp-content\/uploads\/2020\/12\/SST-YLP10AL.pdf\" target=\"_blank\" rel=\"noopener noreferrer\"><strong>FICHE TECHNIQUE<\/strong><\/a><\/td>\n<\/tr>\n<\/tbody>\n<\/table>\n","protected":false},"excerpt":{"rendered":"<p>Solution pratique pour le montage au plafond de messages suspendus.<\/p>\n","protected":false},"featured_media":94604,"comment_status":"open","ping_status":"closed","template":"","meta":{"_acf_changed":false},"pwb-brand":[],"product_brand":[],"product_cat":[3659],"product_tag":[],"class_list":{"0":"post-94603","1":"product","2":"type-product","3":"status-publish","4":"has-post-thumbnail","6":"product_cat-reparer-accrocher","7":"pa_c2c_color-argent","8":"pa_c2c_mono_bifacciale-double-face","9":"pa_c2c_mono_bifacciale-simple-face","10":"pa_c2c_trovraprezzi-oui","12":"first","13":"instock","14":"taxable","15":"shipping-taxable","16":"purchasable","17":"product-type-simple"},"acf":[],"yoast_head":"<!-- This site is optimized with the Yoast SEO plugin v27.4 - https:\/\/yoast.com\/product\/yoast-seo-wordpress\/ -->\n<title>Kit de fixation au plafond pour tableaux d&#039;affichage - Smarty Store<\/title>\n<meta name=\"robots\" content=\"index, follow, max-snippet:-1, max-image-preview:large, max-video-preview:-1\" \/>\n<link rel=\"canonical\" href=\"https:\/\/www.smartystore.it\/fr\/prodotto\/kit-de-fixation-au-plafond-pour-tableaux-daffichage\/\" \/>\n<meta property=\"og:locale\" content=\"fr_FR\" \/>\n<meta property=\"og:type\" content=\"article\" \/>\n<meta property=\"og:title\" content=\"Kit de fixation au plafond pour tableaux d&#039;affichage - Smarty Store\" \/>\n<meta property=\"og:description\" content=\"Solution pratique pour le montage au plafond de messages suspendus.\" \/>\n<meta property=\"og:url\" content=\"https:\/\/www.smartystore.it\/fr\/prodotto\/kit-de-fixation-au-plafond-pour-tableaux-daffichage\/\" \/>\n<meta property=\"og:site_name\" content=\"Smarty Store\" \/>\n<meta property=\"og:image\" content=\"https:\/\/www.smartystore.it\/v25\/wp-content\/uploads\/2020\/12\/Kit-fissaggio-a-soffitto-per-pannelli-con-cavo-in-acciaio-di-2-metri_YLP10AL.jpg\" \/>\n\t<meta property=\"og:image:width\" content=\"1000\" \/>\n\t<meta property=\"og:image:height\" content=\"1000\" \/>\n\t<meta property=\"og:image:type\" content=\"image\/jpeg\" \/>\n<meta name=\"twitter:card\" content=\"summary_large_image\" \/>\n<script type=\"application\/ld+json\" class=\"yoast-schema-graph\">{\"@context\":\"https:\\\/\\\/schema.org\",\"@graph\":[{\"@type\":\"WebPage\",\"@id\":\"https:\\\/\\\/www.smartystore.it\\\/fr\\\/prodotto\\\/kit-de-fixation-au-plafond-pour-tableaux-daffichage\\\/\",\"url\":\"https:\\\/\\\/www.smartystore.it\\\/fr\\\/prodotto\\\/kit-de-fixation-au-plafond-pour-tableaux-daffichage\\\/\",\"name\":\"Kit de fixation au plafond pour tableaux d'affichage - Smarty Store\",\"isPartOf\":{\"@id\":\"https:\\\/\\\/www.smartystore.it\\\/fr\\\/#website\"},\"primaryImageOfPage\":{\"@id\":\"https:\\\/\\\/www.smartystore.it\\\/fr\\\/prodotto\\\/kit-de-fixation-au-plafond-pour-tableaux-daffichage\\\/#primaryimage\"},\"image\":{\"@id\":\"https:\\\/\\\/www.smartystore.it\\\/fr\\\/prodotto\\\/kit-de-fixation-au-plafond-pour-tableaux-daffichage\\\/#primaryimage\"},\"thumbnailUrl\":\"https:\\\/\\\/www.smartystore.it\\\/v25\\\/wp-content\\\/uploads\\\/2020\\\/12\\\/Kit-fissaggio-a-soffitto-per-pannelli-con-cavo-in-acciaio-di-2-metri_YLP10AL.jpg\",\"datePublished\":\"2025-07-17T14:39:07+00:00\",\"breadcrumb\":{\"@id\":\"https:\\\/\\\/www.smartystore.it\\\/fr\\\/prodotto\\\/kit-de-fixation-au-plafond-pour-tableaux-daffichage\\\/#breadcrumb\"},\"inLanguage\":\"fr-FR\",\"potentialAction\":[{\"@type\":\"ReadAction\",\"target\":[\"https:\\\/\\\/www.smartystore.it\\\/fr\\\/prodotto\\\/kit-de-fixation-au-plafond-pour-tableaux-daffichage\\\/\"]}]},{\"@type\":\"ImageObject\",\"inLanguage\":\"fr-FR\",\"@id\":\"https:\\\/\\\/www.smartystore.it\\\/fr\\\/prodotto\\\/kit-de-fixation-au-plafond-pour-tableaux-daffichage\\\/#primaryimage\",\"url\":\"https:\\\/\\\/www.smartystore.it\\\/v25\\\/wp-content\\\/uploads\\\/2020\\\/12\\\/Kit-fissaggio-a-soffitto-per-pannelli-con-cavo-in-acciaio-di-2-metri_YLP10AL.jpg\",\"contentUrl\":\"https:\\\/\\\/www.smartystore.it\\\/v25\\\/wp-content\\\/uploads\\\/2020\\\/12\\\/Kit-fissaggio-a-soffitto-per-pannelli-con-cavo-in-acciaio-di-2-metri_YLP10AL.jpg\",\"width\":1000,\"height\":1000},{\"@type\":\"BreadcrumbList\",\"@id\":\"https:\\\/\\\/www.smartystore.it\\\/fr\\\/prodotto\\\/kit-de-fixation-au-plafond-pour-tableaux-daffichage\\\/#breadcrumb\",\"itemListElement\":[{\"@type\":\"ListItem\",\"position\":1,\"name\":\"Home\",\"item\":\"https:\\\/\\\/www.smartystore.it\\\/fr\\\/\"},{\"@type\":\"ListItem\",\"position\":2,\"name\":\"Boutique\",\"item\":\"https:\\\/\\\/www.smartystore.it\\\/fr\\\/boutique\\\/\"},{\"@type\":\"ListItem\",\"position\":3,\"name\":\"Kit de fixation au plafond pour tableaux d&rsquo;affichage\"}]},{\"@type\":\"WebSite\",\"@id\":\"https:\\\/\\\/www.smartystore.it\\\/fr\\\/#website\",\"url\":\"https:\\\/\\\/www.smartystore.it\\\/fr\\\/\",\"name\":\"Smarty Store\",\"description\":\"Espositori Pubblicitari e Sistemi di Comunicazione Visiva\",\"potentialAction\":[{\"@type\":\"SearchAction\",\"target\":{\"@type\":\"EntryPoint\",\"urlTemplate\":\"https:\\\/\\\/www.smartystore.it\\\/fr\\\/?s={search_term_string}\"},\"query-input\":{\"@type\":\"PropertyValueSpecification\",\"valueRequired\":true,\"valueName\":\"search_term_string\"}}],\"inLanguage\":\"fr-FR\"}]}<\/script>\n<!-- \/ Yoast SEO plugin. -->","yoast_head_json":{"title":"Kit de fixation au plafond pour tableaux d'affichage - Smarty Store","robots":{"index":"index","follow":"follow","max-snippet":"max-snippet:-1","max-image-preview":"max-image-preview:large","max-video-preview":"max-video-preview:-1"},"canonical":"https:\/\/www.smartystore.it\/fr\/prodotto\/kit-de-fixation-au-plafond-pour-tableaux-daffichage\/","og_locale":"fr_FR","og_type":"article","og_title":"Kit de fixation au plafond pour tableaux d'affichage - Smarty Store","og_description":"Solution pratique pour le montage au plafond de messages suspendus.","og_url":"https:\/\/www.smartystore.it\/fr\/prodotto\/kit-de-fixation-au-plafond-pour-tableaux-daffichage\/","og_site_name":"Smarty Store","og_image":[{"width":1000,"height":1000,"url":"https:\/\/www.smartystore.it\/v25\/wp-content\/uploads\/2020\/12\/Kit-fissaggio-a-soffitto-per-pannelli-con-cavo-in-acciaio-di-2-metri_YLP10AL.jpg","type":"image\/jpeg"}],"twitter_card":"summary_large_image","schema":{"@context":"https:\/\/schema.org","@graph":[{"@type":"WebPage","@id":"https:\/\/www.smartystore.it\/fr\/prodotto\/kit-de-fixation-au-plafond-pour-tableaux-daffichage\/","url":"https:\/\/www.smartystore.it\/fr\/prodotto\/kit-de-fixation-au-plafond-pour-tableaux-daffichage\/","name":"Kit de fixation au plafond pour tableaux d'affichage - Smarty Store","isPartOf":{"@id":"https:\/\/www.smartystore.it\/fr\/#website"},"primaryImageOfPage":{"@id":"https:\/\/www.smartystore.it\/fr\/prodotto\/kit-de-fixation-au-plafond-pour-tableaux-daffichage\/#primaryimage"},"image":{"@id":"https:\/\/www.smartystore.it\/fr\/prodotto\/kit-de-fixation-au-plafond-pour-tableaux-daffichage\/#primaryimage"},"thumbnailUrl":"https:\/\/www.smartystore.it\/v25\/wp-content\/uploads\/2020\/12\/Kit-fissaggio-a-soffitto-per-pannelli-con-cavo-in-acciaio-di-2-metri_YLP10AL.jpg","datePublished":"2025-07-17T14:39:07+00:00","breadcrumb":{"@id":"https:\/\/www.smartystore.it\/fr\/prodotto\/kit-de-fixation-au-plafond-pour-tableaux-daffichage\/#breadcrumb"},"inLanguage":"fr-FR","potentialAction":[{"@type":"ReadAction","target":["https:\/\/www.smartystore.it\/fr\/prodotto\/kit-de-fixation-au-plafond-pour-tableaux-daffichage\/"]}]},{"@type":"ImageObject","inLanguage":"fr-FR","@id":"https:\/\/www.smartystore.it\/fr\/prodotto\/kit-de-fixation-au-plafond-pour-tableaux-daffichage\/#primaryimage","url":"https:\/\/www.smartystore.it\/v25\/wp-content\/uploads\/2020\/12\/Kit-fissaggio-a-soffitto-per-pannelli-con-cavo-in-acciaio-di-2-metri_YLP10AL.jpg","contentUrl":"https:\/\/www.smartystore.it\/v25\/wp-content\/uploads\/2020\/12\/Kit-fissaggio-a-soffitto-per-pannelli-con-cavo-in-acciaio-di-2-metri_YLP10AL.jpg","width":1000,"height":1000},{"@type":"BreadcrumbList","@id":"https:\/\/www.smartystore.it\/fr\/prodotto\/kit-de-fixation-au-plafond-pour-tableaux-daffichage\/#breadcrumb","itemListElement":[{"@type":"ListItem","position":1,"name":"Home","item":"https:\/\/www.smartystore.it\/fr\/"},{"@type":"ListItem","position":2,"name":"Boutique","item":"https:\/\/www.smartystore.it\/fr\/boutique\/"},{"@type":"ListItem","position":3,"name":"Kit de fixation au plafond pour tableaux d&rsquo;affichage"}]},{"@type":"WebSite","@id":"https:\/\/www.smartystore.it\/fr\/#website","url":"https:\/\/www.smartystore.it\/fr\/","name":"Smarty Store","description":"Espositori Pubblicitari e Sistemi di Comunicazione Visiva","potentialAction":[{"@type":"SearchAction","target":{"@type":"EntryPoint","urlTemplate":"https:\/\/www.smartystore.it\/fr\/?s={search_term_string}"},"query-input":{"@type":"PropertyValueSpecification","valueRequired":true,"valueName":"search_term_string"}}],"inLanguage":"fr-FR"}]}},"brands":[],"_links":{"self":[{"href":"https:\/\/www.smartystore.it\/fr\/wp-json\/wp\/v2\/product\/94603","targetHints":{"allow":["GET"]}}],"collection":[{"href":"https:\/\/www.smartystore.it\/fr\/wp-json\/wp\/v2\/product"}],"about":[{"href":"https:\/\/www.smartystore.it\/fr\/wp-json\/wp\/v2\/types\/product"}],"replies":[{"embeddable":true,"href":"https:\/\/www.smartystore.it\/fr\/wp-json\/wp\/v2\/comments?post=94603"}],"wp:featuredmedia":[{"embeddable":true,"href":"https:\/\/www.smartystore.it\/fr\/wp-json\/wp\/v2\/media\/94604"}],"wp:attachment":[{"href":"https:\/\/www.smartystore.it\/fr\/wp-json\/wp\/v2\/media?parent=94603"}],"wp:term":[{"taxonomy":"pwb-brand","embeddable":true,"href":"https:\/\/www.smartystore.it\/fr\/wp-json\/wp\/v2\/pwb-brand?post=94603"},{"taxonomy":"product_brand","embeddable":true,"href":"https:\/\/www.smartystore.it\/fr\/wp-json\/wp\/v2\/product_brand?post=94603"},{"taxonomy":"product_cat","embeddable":true,"href":"https:\/\/www.smartystore.it\/fr\/wp-json\/wp\/v2\/product_cat?post=94603"},{"taxonomy":"product_tag","embeddable":true,"href":"https:\/\/www.smartystore.it\/fr\/wp-json\/wp\/v2\/product_tag?post=94603"}],"curies":[{"name":"wp","href":"https:\/\/api.w.org\/{rel}","templated":true}]}}