{"id":94570,"date":"2021-04-02T14:37:26","date_gmt":"2025-07-17T14:25:18","guid":{"rendered":"https:\/\/www.smartystore.it\/prodotto\/2-x-a4-recto-verso-avec-cadre-encliquetable-au-sol-quadra-series\/"},"modified":"2025-07-17T16:25:18","modified_gmt":"2025-07-17T14:25:18","slug":"2-x-a4-recto-verso-avec-cadre-encliquetable-au-sol-quadra-series","status":"publish","type":"product","link":"https:\/\/www.smartystore.it\/fr\/prodotto\/2-x-a4-recto-verso-avec-cadre-encliquetable-au-sol-quadra-series\/","title":{"rendered":"2 x A4 recto-verso avec cadre encliquetable au sol QUADRA SERIES"},"content":{"rendered":"<p>Structure autoportante \u00e0 double face.<\/p>\n<p>Cadre : cadre 25 (largeur du profil : 25 mm).<\/p>\n<p>Possibilit\u00e9 de choisir le type de cadre : angle vif ou angle rond chrom\u00e9.<\/p>\n<p>Possibilit\u00e9 de choisir l&rsquo;orientation : verticale ou horizontale.<\/p>\n<p>Montant en aluminium anodis\u00e9 de section carr\u00e9e : H 185 &#8211; L 2 cm.<\/p>\n<p>Base carr\u00e9e en m\u00e9tal, peinture \u00e9lectrostatique couleur argent : L 32 cm. &#8211; H 0,6 cm. &#8211; P 32 cm.  <\/p>\n<p>Application de 4 cadres \u00e0 pression en aluminium argent\u00e9 avec protection en PVC antireflet.<\/p>\n<p>Format imprim\u00e9 : A4.<\/p>\n<p>Surface visible : 19 x 27,7 cm<\/p>\n<p>Dimensions du cadre : 24,1 x 32,8 cm.<\/p>\n<p>Dimensions de l&rsquo;exposant : L 32 &#8211; H 185,6 &#8211; P 32<\/p>\n<p>Poids de l&rsquo;\u00e9cran : 7,5 kg. Environ&#8230; <\/p>\n","protected":false},"excerpt":{"rendered":"<p>Structure autoportante double face avec montant en aluminium anodis\u00e9 de section carr\u00e9e et quatre cadres A4. Possibilit\u00e9 de choisir l&rsquo;orientation et le type de finition de l&rsquo;angle des cadres. <\/p>\n","protected":false},"featured_media":94571,"comment_status":"open","ping_status":"closed","template":"","meta":{"_acf_changed":false},"pwb-brand":[],"product_brand":[],"product_cat":[2912,2913],"product_tag":[],"class_list":{"0":"post-94570","1":"product","2":"type-product","3":"status-publish","4":"has-post-thumbnail","6":"product_cat-cadres-instantanes","7":"product_cat-structures-autoportantes-et-soutient","8":"pa_c2c_angolo-rond","9":"pa_c2c_angolo-vif","10":"pa_c2c_base-base-carree","11":"pa_c2c_color-argent","12":"pa_c2c_dimensione-2-x-a4","13":"pa_c2c_mono_bifacciale-double-face","14":"pa_c2c_orientamento-horizontal","15":"pa_c2c_orientamento-verticale","16":"pa_c2c_trovraprezzi-oui","18":"first","19":"instock","20":"taxable","21":"shipping-taxable","22":"purchasable","23":"product-type-variable"},"acf":[],"yoast_head":"<!-- This site is optimized with the Yoast SEO plugin v27.4 - https:\/\/yoast.com\/product\/yoast-seo-wordpress\/ -->\n<title>2 x A4 recto-verso avec cadre encliquetable au sol QUADRA SERIES - Smarty Store<\/title>\n<meta name=\"robots\" content=\"index, follow, max-snippet:-1, max-image-preview:large, max-video-preview:-1\" \/>\n<link rel=\"canonical\" href=\"https:\/\/www.smartystore.it\/fr\/prodotto\/2-x-a4-recto-verso-avec-cadre-encliquetable-au-sol-quadra-series\/\" \/>\n<meta property=\"og:locale\" content=\"fr_FR\" \/>\n<meta property=\"og:type\" content=\"article\" \/>\n<meta property=\"og:title\" content=\"2 x A4 recto-verso avec cadre encliquetable au sol QUADRA SERIES - Smarty Store\" \/>\n<meta property=\"og:description\" content=\"Structure autoportante double face avec montant en aluminium anodis\u00e9 de section carr\u00e9e et quatre cadres A4. Possibilit\u00e9 de choisir l&#039;orientation et le type de finition de l&#039;angle des cadres.\" \/>\n<meta property=\"og:url\" content=\"https:\/\/www.smartystore.it\/fr\/prodotto\/2-x-a4-recto-verso-avec-cadre-encliquetable-au-sol-quadra-series\/\" \/>\n<meta property=\"og:site_name\" content=\"Smarty Store\" \/>\n<meta property=\"og:image\" content=\"https:\/\/www.smartystore.it\/v25\/wp-content\/uploads\/2021\/04\/Cornice-a-scatto-autoportante-2-x-A4-bifacciale-orizzontale-verticale-e-angolo-tondo-vivo.jpg\" \/>\n\t<meta property=\"og:image:width\" content=\"1000\" \/>\n\t<meta property=\"og:image:height\" content=\"1000\" \/>\n\t<meta property=\"og:image:type\" content=\"image\/jpeg\" \/>\n<meta name=\"twitter:card\" content=\"summary_large_image\" \/>\n<script type=\"application\/ld+json\" class=\"yoast-schema-graph\">{\"@context\":\"https:\\\/\\\/schema.org\",\"@graph\":[{\"@type\":\"WebPage\",\"@id\":\"https:\\\/\\\/www.smartystore.it\\\/fr\\\/prodotto\\\/2-x-a4-recto-verso-avec-cadre-encliquetable-au-sol-quadra-series\\\/\",\"url\":\"https:\\\/\\\/www.smartystore.it\\\/fr\\\/prodotto\\\/2-x-a4-recto-verso-avec-cadre-encliquetable-au-sol-quadra-series\\\/\",\"name\":\"2 x A4 recto-verso avec cadre encliquetable au sol QUADRA SERIES - Smarty Store\",\"isPartOf\":{\"@id\":\"https:\\\/\\\/www.smartystore.it\\\/fr\\\/#website\"},\"primaryImageOfPage\":{\"@id\":\"https:\\\/\\\/www.smartystore.it\\\/fr\\\/prodotto\\\/2-x-a4-recto-verso-avec-cadre-encliquetable-au-sol-quadra-series\\\/#primaryimage\"},\"image\":{\"@id\":\"https:\\\/\\\/www.smartystore.it\\\/fr\\\/prodotto\\\/2-x-a4-recto-verso-avec-cadre-encliquetable-au-sol-quadra-series\\\/#primaryimage\"},\"thumbnailUrl\":\"https:\\\/\\\/www.smartystore.it\\\/v25\\\/wp-content\\\/uploads\\\/2021\\\/04\\\/Cornice-a-scatto-autoportante-2-x-A4-bifacciale-orizzontale-verticale-e-angolo-tondo-vivo.jpg\",\"datePublished\":\"2025-07-17T14:25:18+00:00\",\"breadcrumb\":{\"@id\":\"https:\\\/\\\/www.smartystore.it\\\/fr\\\/prodotto\\\/2-x-a4-recto-verso-avec-cadre-encliquetable-au-sol-quadra-series\\\/#breadcrumb\"},\"inLanguage\":\"fr-FR\",\"potentialAction\":[{\"@type\":\"ReadAction\",\"target\":[\"https:\\\/\\\/www.smartystore.it\\\/fr\\\/prodotto\\\/2-x-a4-recto-verso-avec-cadre-encliquetable-au-sol-quadra-series\\\/\"]}]},{\"@type\":\"ImageObject\",\"inLanguage\":\"fr-FR\",\"@id\":\"https:\\\/\\\/www.smartystore.it\\\/fr\\\/prodotto\\\/2-x-a4-recto-verso-avec-cadre-encliquetable-au-sol-quadra-series\\\/#primaryimage\",\"url\":\"https:\\\/\\\/www.smartystore.it\\\/v25\\\/wp-content\\\/uploads\\\/2021\\\/04\\\/Cornice-a-scatto-autoportante-2-x-A4-bifacciale-orizzontale-verticale-e-angolo-tondo-vivo.jpg\",\"contentUrl\":\"https:\\\/\\\/www.smartystore.it\\\/v25\\\/wp-content\\\/uploads\\\/2021\\\/04\\\/Cornice-a-scatto-autoportante-2-x-A4-bifacciale-orizzontale-verticale-e-angolo-tondo-vivo.jpg\",\"width\":1000,\"height\":1000},{\"@type\":\"BreadcrumbList\",\"@id\":\"https:\\\/\\\/www.smartystore.it\\\/fr\\\/prodotto\\\/2-x-a4-recto-verso-avec-cadre-encliquetable-au-sol-quadra-series\\\/#breadcrumb\",\"itemListElement\":[{\"@type\":\"ListItem\",\"position\":1,\"name\":\"Home\",\"item\":\"https:\\\/\\\/www.smartystore.it\\\/fr\\\/\"},{\"@type\":\"ListItem\",\"position\":2,\"name\":\"Boutique\",\"item\":\"https:\\\/\\\/www.smartystore.it\\\/fr\\\/boutique\\\/\"},{\"@type\":\"ListItem\",\"position\":3,\"name\":\"2 x A4 recto-verso avec cadre encliquetable au sol QUADRA SERIES\"}]},{\"@type\":\"WebSite\",\"@id\":\"https:\\\/\\\/www.smartystore.it\\\/fr\\\/#website\",\"url\":\"https:\\\/\\\/www.smartystore.it\\\/fr\\\/\",\"name\":\"Smarty Store\",\"description\":\"Espositori Pubblicitari e Sistemi di Comunicazione Visiva\",\"potentialAction\":[{\"@type\":\"SearchAction\",\"target\":{\"@type\":\"EntryPoint\",\"urlTemplate\":\"https:\\\/\\\/www.smartystore.it\\\/fr\\\/?s={search_term_string}\"},\"query-input\":{\"@type\":\"PropertyValueSpecification\",\"valueRequired\":true,\"valueName\":\"search_term_string\"}}],\"inLanguage\":\"fr-FR\"}]}<\/script>\n<!-- \/ Yoast SEO plugin. -->","yoast_head_json":{"title":"2 x A4 recto-verso avec cadre encliquetable au sol QUADRA SERIES - Smarty Store","robots":{"index":"index","follow":"follow","max-snippet":"max-snippet:-1","max-image-preview":"max-image-preview:large","max-video-preview":"max-video-preview:-1"},"canonical":"https:\/\/www.smartystore.it\/fr\/prodotto\/2-x-a4-recto-verso-avec-cadre-encliquetable-au-sol-quadra-series\/","og_locale":"fr_FR","og_type":"article","og_title":"2 x A4 recto-verso avec cadre encliquetable au sol QUADRA SERIES - Smarty Store","og_description":"Structure autoportante double face avec montant en aluminium anodis\u00e9 de section carr\u00e9e et quatre cadres A4. Possibilit\u00e9 de choisir l'orientation et le type de finition de l'angle des cadres.","og_url":"https:\/\/www.smartystore.it\/fr\/prodotto\/2-x-a4-recto-verso-avec-cadre-encliquetable-au-sol-quadra-series\/","og_site_name":"Smarty Store","og_image":[{"width":1000,"height":1000,"url":"https:\/\/www.smartystore.it\/v25\/wp-content\/uploads\/2021\/04\/Cornice-a-scatto-autoportante-2-x-A4-bifacciale-orizzontale-verticale-e-angolo-tondo-vivo.jpg","type":"image\/jpeg"}],"twitter_card":"summary_large_image","schema":{"@context":"https:\/\/schema.org","@graph":[{"@type":"WebPage","@id":"https:\/\/www.smartystore.it\/fr\/prodotto\/2-x-a4-recto-verso-avec-cadre-encliquetable-au-sol-quadra-series\/","url":"https:\/\/www.smartystore.it\/fr\/prodotto\/2-x-a4-recto-verso-avec-cadre-encliquetable-au-sol-quadra-series\/","name":"2 x A4 recto-verso avec cadre encliquetable au sol QUADRA SERIES - Smarty Store","isPartOf":{"@id":"https:\/\/www.smartystore.it\/fr\/#website"},"primaryImageOfPage":{"@id":"https:\/\/www.smartystore.it\/fr\/prodotto\/2-x-a4-recto-verso-avec-cadre-encliquetable-au-sol-quadra-series\/#primaryimage"},"image":{"@id":"https:\/\/www.smartystore.it\/fr\/prodotto\/2-x-a4-recto-verso-avec-cadre-encliquetable-au-sol-quadra-series\/#primaryimage"},"thumbnailUrl":"https:\/\/www.smartystore.it\/v25\/wp-content\/uploads\/2021\/04\/Cornice-a-scatto-autoportante-2-x-A4-bifacciale-orizzontale-verticale-e-angolo-tondo-vivo.jpg","datePublished":"2025-07-17T14:25:18+00:00","breadcrumb":{"@id":"https:\/\/www.smartystore.it\/fr\/prodotto\/2-x-a4-recto-verso-avec-cadre-encliquetable-au-sol-quadra-series\/#breadcrumb"},"inLanguage":"fr-FR","potentialAction":[{"@type":"ReadAction","target":["https:\/\/www.smartystore.it\/fr\/prodotto\/2-x-a4-recto-verso-avec-cadre-encliquetable-au-sol-quadra-series\/"]}]},{"@type":"ImageObject","inLanguage":"fr-FR","@id":"https:\/\/www.smartystore.it\/fr\/prodotto\/2-x-a4-recto-verso-avec-cadre-encliquetable-au-sol-quadra-series\/#primaryimage","url":"https:\/\/www.smartystore.it\/v25\/wp-content\/uploads\/2021\/04\/Cornice-a-scatto-autoportante-2-x-A4-bifacciale-orizzontale-verticale-e-angolo-tondo-vivo.jpg","contentUrl":"https:\/\/www.smartystore.it\/v25\/wp-content\/uploads\/2021\/04\/Cornice-a-scatto-autoportante-2-x-A4-bifacciale-orizzontale-verticale-e-angolo-tondo-vivo.jpg","width":1000,"height":1000},{"@type":"BreadcrumbList","@id":"https:\/\/www.smartystore.it\/fr\/prodotto\/2-x-a4-recto-verso-avec-cadre-encliquetable-au-sol-quadra-series\/#breadcrumb","itemListElement":[{"@type":"ListItem","position":1,"name":"Home","item":"https:\/\/www.smartystore.it\/fr\/"},{"@type":"ListItem","position":2,"name":"Boutique","item":"https:\/\/www.smartystore.it\/fr\/boutique\/"},{"@type":"ListItem","position":3,"name":"2 x A4 recto-verso avec cadre encliquetable au sol QUADRA SERIES"}]},{"@type":"WebSite","@id":"https:\/\/www.smartystore.it\/fr\/#website","url":"https:\/\/www.smartystore.it\/fr\/","name":"Smarty Store","description":"Espositori Pubblicitari e Sistemi di Comunicazione Visiva","potentialAction":[{"@type":"SearchAction","target":{"@type":"EntryPoint","urlTemplate":"https:\/\/www.smartystore.it\/fr\/?s={search_term_string}"},"query-input":{"@type":"PropertyValueSpecification","valueRequired":true,"valueName":"search_term_string"}}],"inLanguage":"fr-FR"}]}},"brands":[],"_links":{"self":[{"href":"https:\/\/www.smartystore.it\/fr\/wp-json\/wp\/v2\/product\/94570","targetHints":{"allow":["GET"]}}],"collection":[{"href":"https:\/\/www.smartystore.it\/fr\/wp-json\/wp\/v2\/product"}],"about":[{"href":"https:\/\/www.smartystore.it\/fr\/wp-json\/wp\/v2\/types\/product"}],"replies":[{"embeddable":true,"href":"https:\/\/www.smartystore.it\/fr\/wp-json\/wp\/v2\/comments?post=94570"}],"wp:featuredmedia":[{"embeddable":true,"href":"https:\/\/www.smartystore.it\/fr\/wp-json\/wp\/v2\/media\/94571"}],"wp:attachment":[{"href":"https:\/\/www.smartystore.it\/fr\/wp-json\/wp\/v2\/media?parent=94570"}],"wp:term":[{"taxonomy":"pwb-brand","embeddable":true,"href":"https:\/\/www.smartystore.it\/fr\/wp-json\/wp\/v2\/pwb-brand?post=94570"},{"taxonomy":"product_brand","embeddable":true,"href":"https:\/\/www.smartystore.it\/fr\/wp-json\/wp\/v2\/product_brand?post=94570"},{"taxonomy":"product_cat","embeddable":true,"href":"https:\/\/www.smartystore.it\/fr\/wp-json\/wp\/v2\/product_cat?post=94570"},{"taxonomy":"product_tag","embeddable":true,"href":"https:\/\/www.smartystore.it\/fr\/wp-json\/wp\/v2\/product_tag?post=94570"}],"curies":[{"name":"wp","href":"https:\/\/api.w.org\/{rel}","templated":true}]}}