{"id":94499,"date":"2019-09-26T12:08:08","date_gmt":"2019-09-26T10:08:08","guid":{"rendered":"https:\/\/www.smartystore.it\/?post_type=product&#038;p=94499"},"modified":"2025-07-14T17:20:30","modified_gmt":"2025-07-14T15:20:30","slug":"barrieres-retractables-black-ribbon-avec-ruban-rouge-5-metres","status":"publish","type":"product","link":"https:\/\/www.smartystore.it\/fr\/prodotto\/barrieres-retractables-black-ribbon-avec-ruban-rouge-5-metres\/","title":{"rendered":"Barri\u00e8res r\u00e9tractables Black Ribbon avec ruban rouge &#8211; 5 m\u00e8tres"},"content":{"rendered":"<h2>Barri\u00e8res r\u00e9tractables Black Ribbon avec ruban rouge<\/h2>\n<p>Le barri\u00e8res r\u00e9tractables Black Ribbon est une solution \u00e9l\u00e9gante et fonctionnelle pour la gestion des espaces publics et priv\u00e9s. Fabriqu\u00e9 en acier bross\u00e9 avec une finition noire mate raffin\u00e9e, ce poteau s&rsquo;int\u00e8gre parfaitement aux environnements modernes et professionnels.<\/p>\n<p>Le ruban rouge, d&rsquo;environ 5 m\u00e8tres de long et 5 cm de haut, est r\u00e9sistant et tr\u00e8s visible, assurant une d\u00e9limitation claire. Le m\u00e9canisme d&rsquo;enroulement autofrein\u00e9 permet une utilisation simple et s\u00fbre, tandis que le clip de verrouillage et les trois crochets offrent une s\u00e9curit\u00e9 suppl\u00e9mentaire.<\/p>\n<p>Avec une base de 36 cm de diam\u00e8tre et un m\u00e2t de 7,7 cm, le poteau atteint une hauteur totale de 101 cm. Son poids total de 10 kg assure une stabilit\u00e9 accrue, ce qui le rend id\u00e9al pour les zones \u00e0 fort trafic ou les situations n\u00e9cessitant une d\u00e9limitation temporaire et s\u00e9curis\u00e9e.<\/p>\n<p>Nous proposons \u00e9galement la personnalisation recto-verso du ruban avec le logo de votre entreprise, disponible en une ou plusieurs couleurs. Cette fonctionnalit\u00e9 am\u00e9liore non seulement la visibilit\u00e9 de votre marque, mais contribue \u00e9galement \u00e0 renforcer votre identit\u00e9 visuelle, quel que soit l&rsquo;endroit o\u00f9 il est install\u00e9.<\/p>\n<p>Choisissez le m\u00e2t tendeur de ruban BLACK pour allier praticit\u00e9 et esth\u00e9tique.<\/p>\n<h3>CARACT\u00c9RISTIQUES<\/h3>\n<ul>\n<li>M\u00e2t tendeur de ruban en acier bross\u00e9 satin\u00e9, finition noir mat.<\/li>\n<li>Ruban rouge\u00a0: environ 5\u00a0m\u00e8tres de long et 5\u00a0cm de haut.<\/li>\n<li>Enrouleur autofrein\u00e9 avec clip de s\u00e9curit\u00e9 et trois crochets de r\u00e9ception.<\/li>\n<li>Base en acier avec couvercle\u00a0: \u00d8\u00a036\u00a0cm, montant\u00a0: \u00d8\u00a07,7\u00a0cm, hauteur de la colonne\u00a0: 101\u00a0cm.<\/li>\n<li>Poids total du m\u00e2t\u00a0: 10\u00a0kg, pour une meilleure stabilit\u00e9.<\/li>\n<li>Le prix indiqu\u00e9 correspond au m\u00e2t complet avec enrouleur et ruban rouge.<\/li>\n<li>Le ruban peut \u00eatre personnalis\u00e9 recto verso avec un logo d&rsquo;une ou plusieurs couleurs (contactez-nous pour plus d&rsquo;informations et conna\u00eetre les tarifs).<\/li>\n<\/ul>\n<p>&nbsp;<\/p>\n<p>&nbsp;<\/p>\n","protected":false},"excerpt":{"rendered":"<p>M\u00e2t tendeur de ruban en acier bross\u00e9 satin\u00e9, finition noir mat. Ruban rouge de 5 m\u00e8tres de long et 5 cm de haut<\/p>\n","protected":false},"featured_media":94496,"comment_status":"open","ping_status":"closed","template":"","meta":{"_acf_changed":false},"pwb-brand":[],"product_brand":[],"product_cat":[3676,3078,3079],"product_tag":[4259,4258,6085,6086,4260],"class_list":{"0":"post-94499","1":"product","2":"type-product","3":"status-publish","4":"has-post-thumbnail","6":"product_cat-balises-ditineraire-speciales","7":"product_cat-poteau-de-separation","8":"product_cat-poteau-de-separation-fr","9":"product_tag-balisage-des-sentiers","10":"product_tag-colonne-de-marquage","11":"product_tag-colonne-de-tension-de-5-metres","12":"product_tag-colonne-de-tension-de-ruban-flexible-5-metres","13":"product_tag-traceur-de-piste-noir","14":"pa_c2c_color-rouge","15":"pa_c2c_dimensione-5-metres","16":"pa_c2c_trovraprezzi-oui","18":"first","19":"instock","20":"taxable","21":"shipping-taxable","22":"purchasable","23":"product-type-simple"},"acf":[],"yoast_head":"<!-- This site is optimized with the Yoast SEO plugin v27.4 - https:\/\/yoast.com\/product\/yoast-seo-wordpress\/ -->\n<title>Barri\u00e8res r\u00e9tractables Black Ribbon avec ruban rouge - 5 m\u00e8tres - Smarty Store<\/title>\n<meta name=\"description\" content=\"Barri\u00e8res r\u00e9tractables Black Ribbon avec ruban rouge de 5 m\u00e8tres, enrouleur autofrein\u00e9 avec clip de s\u00e9curit\u00e9 et trois crochets de r\u00e9ception\" \/>\n<meta name=\"robots\" content=\"index, follow, max-snippet:-1, max-image-preview:large, max-video-preview:-1\" \/>\n<link rel=\"canonical\" href=\"https:\/\/www.smartystore.it\/fr\/prodotto\/barrieres-retractables-black-ribbon-avec-ruban-rouge-5-metres\/\" \/>\n<meta property=\"og:locale\" content=\"fr_FR\" \/>\n<meta property=\"og:type\" content=\"article\" \/>\n<meta property=\"og:title\" content=\"Barri\u00e8res r\u00e9tractables Black Ribbon avec ruban rouge - 5 m\u00e8tres - Smarty Store\" \/>\n<meta property=\"og:description\" content=\"Barri\u00e8res r\u00e9tractables Black Ribbon avec ruban rouge de 5 m\u00e8tres, enrouleur autofrein\u00e9 avec clip de s\u00e9curit\u00e9 et trois crochets de r\u00e9ception\" \/>\n<meta property=\"og:url\" content=\"https:\/\/www.smartystore.it\/fr\/prodotto\/barrieres-retractables-black-ribbon-avec-ruban-rouge-5-metres\/\" \/>\n<meta property=\"og:site_name\" content=\"Smarty Store\" \/>\n<meta property=\"article:modified_time\" content=\"2025-07-14T15:20:30+00:00\" \/>\n<meta property=\"og:image\" content=\"https:\/\/www.smartystore.it\/v25\/wp-content\/uploads\/2019\/09\/Colonnina-segna-percorso-nera-con-nastro-rosso-di-5-metri.jpg\" \/>\n\t<meta property=\"og:image:width\" content=\"1000\" \/>\n\t<meta property=\"og:image:height\" content=\"1000\" \/>\n\t<meta property=\"og:image:type\" content=\"image\/jpeg\" \/>\n<meta name=\"twitter:card\" content=\"summary_large_image\" \/>\n<meta name=\"twitter:label1\" content=\"Dur\u00e9e de lecture estim\u00e9e\" \/>\n\t<meta name=\"twitter:data1\" content=\"2 minutes\" \/>\n<script type=\"application\/ld+json\" class=\"yoast-schema-graph\">{\"@context\":\"https:\\\/\\\/schema.org\",\"@graph\":[{\"@type\":\"WebPage\",\"@id\":\"https:\\\/\\\/www.smartystore.it\\\/fr\\\/prodotto\\\/barrieres-retractables-black-ribbon-avec-ruban-rouge-5-metres\\\/\",\"url\":\"https:\\\/\\\/www.smartystore.it\\\/fr\\\/prodotto\\\/barrieres-retractables-black-ribbon-avec-ruban-rouge-5-metres\\\/\",\"name\":\"Barri\u00e8res r\u00e9tractables Black Ribbon avec ruban rouge - 5 m\u00e8tres - Smarty Store\",\"isPartOf\":{\"@id\":\"https:\\\/\\\/www.smartystore.it\\\/fr\\\/#website\"},\"primaryImageOfPage\":{\"@id\":\"https:\\\/\\\/www.smartystore.it\\\/fr\\\/prodotto\\\/barrieres-retractables-black-ribbon-avec-ruban-rouge-5-metres\\\/#primaryimage\"},\"image\":{\"@id\":\"https:\\\/\\\/www.smartystore.it\\\/fr\\\/prodotto\\\/barrieres-retractables-black-ribbon-avec-ruban-rouge-5-metres\\\/#primaryimage\"},\"thumbnailUrl\":\"https:\\\/\\\/www.smartystore.it\\\/v25\\\/wp-content\\\/uploads\\\/2019\\\/09\\\/Colonnina-segna-percorso-nera-con-nastro-rosso-di-5-metri.jpg\",\"datePublished\":\"2019-09-26T10:08:08+00:00\",\"dateModified\":\"2025-07-14T15:20:30+00:00\",\"description\":\"Barri\u00e8res r\u00e9tractables Black Ribbon avec ruban rouge de 5 m\u00e8tres, enrouleur autofrein\u00e9 avec clip de s\u00e9curit\u00e9 et trois crochets de r\u00e9ception\",\"breadcrumb\":{\"@id\":\"https:\\\/\\\/www.smartystore.it\\\/fr\\\/prodotto\\\/barrieres-retractables-black-ribbon-avec-ruban-rouge-5-metres\\\/#breadcrumb\"},\"inLanguage\":\"fr-FR\",\"potentialAction\":[{\"@type\":\"ReadAction\",\"target\":[\"https:\\\/\\\/www.smartystore.it\\\/fr\\\/prodotto\\\/barrieres-retractables-black-ribbon-avec-ruban-rouge-5-metres\\\/\"]}]},{\"@type\":\"ImageObject\",\"inLanguage\":\"fr-FR\",\"@id\":\"https:\\\/\\\/www.smartystore.it\\\/fr\\\/prodotto\\\/barrieres-retractables-black-ribbon-avec-ruban-rouge-5-metres\\\/#primaryimage\",\"url\":\"https:\\\/\\\/www.smartystore.it\\\/v25\\\/wp-content\\\/uploads\\\/2019\\\/09\\\/Colonnina-segna-percorso-nera-con-nastro-rosso-di-5-metri.jpg\",\"contentUrl\":\"https:\\\/\\\/www.smartystore.it\\\/v25\\\/wp-content\\\/uploads\\\/2019\\\/09\\\/Colonnina-segna-percorso-nera-con-nastro-rosso-di-5-metri.jpg\",\"width\":1000,\"height\":1000,\"caption\":\"colonnina segnapercorso tendinastro BLACK\"},{\"@type\":\"BreadcrumbList\",\"@id\":\"https:\\\/\\\/www.smartystore.it\\\/fr\\\/prodotto\\\/barrieres-retractables-black-ribbon-avec-ruban-rouge-5-metres\\\/#breadcrumb\",\"itemListElement\":[{\"@type\":\"ListItem\",\"position\":1,\"name\":\"Home\",\"item\":\"https:\\\/\\\/www.smartystore.it\\\/fr\\\/\"},{\"@type\":\"ListItem\",\"position\":2,\"name\":\"Boutique\",\"item\":\"https:\\\/\\\/www.smartystore.it\\\/fr\\\/boutique\\\/\"},{\"@type\":\"ListItem\",\"position\":3,\"name\":\"Barri\u00e8res r\u00e9tractables Black Ribbon avec ruban rouge &#8211; 5 m\u00e8tres\"}]},{\"@type\":\"WebSite\",\"@id\":\"https:\\\/\\\/www.smartystore.it\\\/fr\\\/#website\",\"url\":\"https:\\\/\\\/www.smartystore.it\\\/fr\\\/\",\"name\":\"Smarty Store\",\"description\":\"Espositori Pubblicitari e Sistemi di Comunicazione Visiva\",\"potentialAction\":[{\"@type\":\"SearchAction\",\"target\":{\"@type\":\"EntryPoint\",\"urlTemplate\":\"https:\\\/\\\/www.smartystore.it\\\/fr\\\/?s={search_term_string}\"},\"query-input\":{\"@type\":\"PropertyValueSpecification\",\"valueRequired\":true,\"valueName\":\"search_term_string\"}}],\"inLanguage\":\"fr-FR\"}]}<\/script>\n<!-- \/ Yoast SEO plugin. -->","yoast_head_json":{"title":"Barri\u00e8res r\u00e9tractables Black Ribbon avec ruban rouge - 5 m\u00e8tres - Smarty Store","description":"Barri\u00e8res r\u00e9tractables Black Ribbon avec ruban rouge de 5 m\u00e8tres, enrouleur autofrein\u00e9 avec clip de s\u00e9curit\u00e9 et trois crochets de r\u00e9ception","robots":{"index":"index","follow":"follow","max-snippet":"max-snippet:-1","max-image-preview":"max-image-preview:large","max-video-preview":"max-video-preview:-1"},"canonical":"https:\/\/www.smartystore.it\/fr\/prodotto\/barrieres-retractables-black-ribbon-avec-ruban-rouge-5-metres\/","og_locale":"fr_FR","og_type":"article","og_title":"Barri\u00e8res r\u00e9tractables Black Ribbon avec ruban rouge - 5 m\u00e8tres - Smarty Store","og_description":"Barri\u00e8res r\u00e9tractables Black Ribbon avec ruban rouge de 5 m\u00e8tres, enrouleur autofrein\u00e9 avec clip de s\u00e9curit\u00e9 et trois crochets de r\u00e9ception","og_url":"https:\/\/www.smartystore.it\/fr\/prodotto\/barrieres-retractables-black-ribbon-avec-ruban-rouge-5-metres\/","og_site_name":"Smarty Store","article_modified_time":"2025-07-14T15:20:30+00:00","og_image":[{"width":1000,"height":1000,"url":"https:\/\/www.smartystore.it\/v25\/wp-content\/uploads\/2019\/09\/Colonnina-segna-percorso-nera-con-nastro-rosso-di-5-metri.jpg","type":"image\/jpeg"}],"twitter_card":"summary_large_image","twitter_misc":{"Dur\u00e9e de lecture estim\u00e9e":"2 minutes"},"schema":{"@context":"https:\/\/schema.org","@graph":[{"@type":"WebPage","@id":"https:\/\/www.smartystore.it\/fr\/prodotto\/barrieres-retractables-black-ribbon-avec-ruban-rouge-5-metres\/","url":"https:\/\/www.smartystore.it\/fr\/prodotto\/barrieres-retractables-black-ribbon-avec-ruban-rouge-5-metres\/","name":"Barri\u00e8res r\u00e9tractables Black Ribbon avec ruban rouge - 5 m\u00e8tres - Smarty Store","isPartOf":{"@id":"https:\/\/www.smartystore.it\/fr\/#website"},"primaryImageOfPage":{"@id":"https:\/\/www.smartystore.it\/fr\/prodotto\/barrieres-retractables-black-ribbon-avec-ruban-rouge-5-metres\/#primaryimage"},"image":{"@id":"https:\/\/www.smartystore.it\/fr\/prodotto\/barrieres-retractables-black-ribbon-avec-ruban-rouge-5-metres\/#primaryimage"},"thumbnailUrl":"https:\/\/www.smartystore.it\/v25\/wp-content\/uploads\/2019\/09\/Colonnina-segna-percorso-nera-con-nastro-rosso-di-5-metri.jpg","datePublished":"2019-09-26T10:08:08+00:00","dateModified":"2025-07-14T15:20:30+00:00","description":"Barri\u00e8res r\u00e9tractables Black Ribbon avec ruban rouge de 5 m\u00e8tres, enrouleur autofrein\u00e9 avec clip de s\u00e9curit\u00e9 et trois crochets de r\u00e9ception","breadcrumb":{"@id":"https:\/\/www.smartystore.it\/fr\/prodotto\/barrieres-retractables-black-ribbon-avec-ruban-rouge-5-metres\/#breadcrumb"},"inLanguage":"fr-FR","potentialAction":[{"@type":"ReadAction","target":["https:\/\/www.smartystore.it\/fr\/prodotto\/barrieres-retractables-black-ribbon-avec-ruban-rouge-5-metres\/"]}]},{"@type":"ImageObject","inLanguage":"fr-FR","@id":"https:\/\/www.smartystore.it\/fr\/prodotto\/barrieres-retractables-black-ribbon-avec-ruban-rouge-5-metres\/#primaryimage","url":"https:\/\/www.smartystore.it\/v25\/wp-content\/uploads\/2019\/09\/Colonnina-segna-percorso-nera-con-nastro-rosso-di-5-metri.jpg","contentUrl":"https:\/\/www.smartystore.it\/v25\/wp-content\/uploads\/2019\/09\/Colonnina-segna-percorso-nera-con-nastro-rosso-di-5-metri.jpg","width":1000,"height":1000,"caption":"colonnina segnapercorso tendinastro BLACK"},{"@type":"BreadcrumbList","@id":"https:\/\/www.smartystore.it\/fr\/prodotto\/barrieres-retractables-black-ribbon-avec-ruban-rouge-5-metres\/#breadcrumb","itemListElement":[{"@type":"ListItem","position":1,"name":"Home","item":"https:\/\/www.smartystore.it\/fr\/"},{"@type":"ListItem","position":2,"name":"Boutique","item":"https:\/\/www.smartystore.it\/fr\/boutique\/"},{"@type":"ListItem","position":3,"name":"Barri\u00e8res r\u00e9tractables Black Ribbon avec ruban rouge &#8211; 5 m\u00e8tres"}]},{"@type":"WebSite","@id":"https:\/\/www.smartystore.it\/fr\/#website","url":"https:\/\/www.smartystore.it\/fr\/","name":"Smarty Store","description":"Espositori Pubblicitari e Sistemi di Comunicazione Visiva","potentialAction":[{"@type":"SearchAction","target":{"@type":"EntryPoint","urlTemplate":"https:\/\/www.smartystore.it\/fr\/?s={search_term_string}"},"query-input":{"@type":"PropertyValueSpecification","valueRequired":true,"valueName":"search_term_string"}}],"inLanguage":"fr-FR"}]}},"brands":[],"_links":{"self":[{"href":"https:\/\/www.smartystore.it\/fr\/wp-json\/wp\/v2\/product\/94499","targetHints":{"allow":["GET"]}}],"collection":[{"href":"https:\/\/www.smartystore.it\/fr\/wp-json\/wp\/v2\/product"}],"about":[{"href":"https:\/\/www.smartystore.it\/fr\/wp-json\/wp\/v2\/types\/product"}],"replies":[{"embeddable":true,"href":"https:\/\/www.smartystore.it\/fr\/wp-json\/wp\/v2\/comments?post=94499"}],"wp:featuredmedia":[{"embeddable":true,"href":"https:\/\/www.smartystore.it\/fr\/wp-json\/wp\/v2\/media\/94496"}],"wp:attachment":[{"href":"https:\/\/www.smartystore.it\/fr\/wp-json\/wp\/v2\/media?parent=94499"}],"wp:term":[{"taxonomy":"pwb-brand","embeddable":true,"href":"https:\/\/www.smartystore.it\/fr\/wp-json\/wp\/v2\/pwb-brand?post=94499"},{"taxonomy":"product_brand","embeddable":true,"href":"https:\/\/www.smartystore.it\/fr\/wp-json\/wp\/v2\/product_brand?post=94499"},{"taxonomy":"product_cat","embeddable":true,"href":"https:\/\/www.smartystore.it\/fr\/wp-json\/wp\/v2\/product_cat?post=94499"},{"taxonomy":"product_tag","embeddable":true,"href":"https:\/\/www.smartystore.it\/fr\/wp-json\/wp\/v2\/product_tag?post=94499"}],"curies":[{"name":"wp","href":"https:\/\/api.w.org\/{rel}","templated":true}]}}