{"id":94478,"date":"2021-02-25T13:39:35","date_gmt":"2025-07-10T16:01:01","guid":{"rendered":"https:\/\/www.smartystore.it\/prodotto\/cordon-tresse-pour-les-bornes-de-la-serie-theatre-black\/"},"modified":"2025-07-10T18:01:01","modified_gmt":"2025-07-10T16:01:01","slug":"cordon-tresse-pour-les-bornes-de-la-serie-theatre-black","status":"publish","type":"product","link":"https:\/\/www.smartystore.it\/fr\/prodotto\/cordon-tresse-pour-les-bornes-de-la-serie-theatre-black\/","title":{"rendered":"Cordon tress\u00e9 pour les bornes de la s\u00e9rie Theatre Black"},"content":{"rendered":"<p>Cordon en polyester tress\u00e9 pour les poteaux de balisage des chemins noirs du Th\u00e9\u00e2tre.<\/p>\n<p>Couleur : Rouge &#8211; Noir &#8211; Bleu<\/p>\n<p>Longueur 2 m\u00e8tres.<\/p>\n<p>Diam\u00e8tre : 3 cm.<\/p>\n<p>Pinces d&rsquo;extr\u00e9mit\u00e9 noir mat.<\/p>\n<table class=\" alignleft\" style=\"width: 25%; border-collapse: collapse; border-color: #f7a500; border-style: double;\">\n<tbody>\n<tr>\n<td style=\"width: 100%;\"><a href=\"https:\/\/www.smartystore.it\/wp-content\/uploads\/2022\/03\/STR-STOP41N-47R-B-N-40N.pdf\" target=\"_blank\" rel=\"noopener\"><strong><img loading=\"lazy\" decoding=\"async\" class=\"size-full wp-image-31489\" style=\"vertical-align: middle;\" src=\"https:\/\/www.smartystore.it\/wp-content\/uploads\/2013\/05\/freccia-scarica.jpg\" alt=\"\" width=\"30\" height=\"30\"><\/strong><\/a><a href=\"https:\/\/www.smartystore.it\/wp-content\/uploads\/2022\/03\/STR-STOP41N-47R-B-N-40N.pdf\" target=\"_blank\" rel=\"noopener\"><strong>  FICHE TECHNIQUE<\/strong><\/a><\/td>\n<\/tr>\n<\/tbody>\n<\/table>\n","protected":false},"excerpt":{"rendered":"<p>Cordon tress\u00e9 de 2 m\u00e8tres avec pinces noires satin\u00e9es pour les bornes de la s\u00e9rie Theatre Black. Disponible en trois couleurs. <\/p>\n","protected":false},"featured_media":94479,"comment_status":"open","ping_status":"closed","template":"","meta":{"_acf_changed":false},"pwb-brand":[],"product_brand":[],"product_cat":[3073],"product_tag":[],"class_list":{"0":"post-94478","1":"product","2":"type-product","3":"status-publish","4":"has-post-thumbnail","6":"product_cat-rubans-cordons-accessoires","7":"pa_c2c_color-bleu","8":"pa_c2c_color-noir","9":"pa_c2c_color-rouge","10":"pa_c2c_dimensione-cm-200-fr","11":"pa_c2c_trovraprezzi-oui","13":"first","14":"instock","15":"taxable","16":"shipping-taxable","17":"purchasable","18":"product-type-variable"},"acf":[],"yoast_head":"<!-- This site is optimized with the Yoast SEO plugin v27.4 - https:\/\/yoast.com\/product\/yoast-seo-wordpress\/ -->\n<title>Cordon tress\u00e9 pour les bornes de la s\u00e9rie Theatre Black - Smarty Store<\/title>\n<meta name=\"robots\" content=\"index, follow, max-snippet:-1, max-image-preview:large, max-video-preview:-1\" \/>\n<link rel=\"canonical\" href=\"https:\/\/www.smartystore.it\/fr\/prodotto\/cordon-tresse-pour-les-bornes-de-la-serie-theatre-black\/\" \/>\n<meta property=\"og:locale\" content=\"fr_FR\" \/>\n<meta property=\"og:type\" content=\"article\" \/>\n<meta property=\"og:title\" content=\"Cordon tress\u00e9 pour les bornes de la s\u00e9rie Theatre Black - Smarty Store\" \/>\n<meta property=\"og:description\" content=\"Cordon tress\u00e9 de 2 m\u00e8tres avec pinces noires satin\u00e9es pour les bornes de la s\u00e9rie Theatre Black. Disponible en trois couleurs.\" \/>\n<meta property=\"og:url\" content=\"https:\/\/www.smartystore.it\/fr\/prodotto\/cordon-tresse-pour-les-bornes-de-la-serie-theatre-black\/\" \/>\n<meta property=\"og:site_name\" content=\"Smarty Store\" \/>\n<meta property=\"og:image\" content=\"https:\/\/www.smartystore.it\/v25\/wp-content\/uploads\/2021\/02\/Cordone-intrecciato-rossoblu-nero-morsetti-nero-satinato-per-colonnina-segna-percorso.jpg\" \/>\n\t<meta property=\"og:image:width\" content=\"1000\" \/>\n\t<meta property=\"og:image:height\" content=\"1000\" \/>\n\t<meta property=\"og:image:type\" content=\"image\/jpeg\" \/>\n<meta name=\"twitter:card\" content=\"summary_large_image\" \/>\n<script type=\"application\/ld+json\" class=\"yoast-schema-graph\">{\"@context\":\"https:\\\/\\\/schema.org\",\"@graph\":[{\"@type\":\"WebPage\",\"@id\":\"https:\\\/\\\/www.smartystore.it\\\/fr\\\/prodotto\\\/cordon-tresse-pour-les-bornes-de-la-serie-theatre-black\\\/\",\"url\":\"https:\\\/\\\/www.smartystore.it\\\/fr\\\/prodotto\\\/cordon-tresse-pour-les-bornes-de-la-serie-theatre-black\\\/\",\"name\":\"Cordon tress\u00e9 pour les bornes de la s\u00e9rie Theatre Black - Smarty Store\",\"isPartOf\":{\"@id\":\"https:\\\/\\\/www.smartystore.it\\\/fr\\\/#website\"},\"primaryImageOfPage\":{\"@id\":\"https:\\\/\\\/www.smartystore.it\\\/fr\\\/prodotto\\\/cordon-tresse-pour-les-bornes-de-la-serie-theatre-black\\\/#primaryimage\"},\"image\":{\"@id\":\"https:\\\/\\\/www.smartystore.it\\\/fr\\\/prodotto\\\/cordon-tresse-pour-les-bornes-de-la-serie-theatre-black\\\/#primaryimage\"},\"thumbnailUrl\":\"https:\\\/\\\/www.smartystore.it\\\/v25\\\/wp-content\\\/uploads\\\/2021\\\/02\\\/Cordone-intrecciato-rossoblu-nero-morsetti-nero-satinato-per-colonnina-segna-percorso.jpg\",\"datePublished\":\"2025-07-10T16:01:01+00:00\",\"breadcrumb\":{\"@id\":\"https:\\\/\\\/www.smartystore.it\\\/fr\\\/prodotto\\\/cordon-tresse-pour-les-bornes-de-la-serie-theatre-black\\\/#breadcrumb\"},\"inLanguage\":\"fr-FR\",\"potentialAction\":[{\"@type\":\"ReadAction\",\"target\":[\"https:\\\/\\\/www.smartystore.it\\\/fr\\\/prodotto\\\/cordon-tresse-pour-les-bornes-de-la-serie-theatre-black\\\/\"]}]},{\"@type\":\"ImageObject\",\"inLanguage\":\"fr-FR\",\"@id\":\"https:\\\/\\\/www.smartystore.it\\\/fr\\\/prodotto\\\/cordon-tresse-pour-les-bornes-de-la-serie-theatre-black\\\/#primaryimage\",\"url\":\"https:\\\/\\\/www.smartystore.it\\\/v25\\\/wp-content\\\/uploads\\\/2021\\\/02\\\/Cordone-intrecciato-rossoblu-nero-morsetti-nero-satinato-per-colonnina-segna-percorso.jpg\",\"contentUrl\":\"https:\\\/\\\/www.smartystore.it\\\/v25\\\/wp-content\\\/uploads\\\/2021\\\/02\\\/Cordone-intrecciato-rossoblu-nero-morsetti-nero-satinato-per-colonnina-segna-percorso.jpg\",\"width\":1000,\"height\":1000,\"caption\":\"Cordone intrecciato per colonnine segnapercorso serie Theatre Black\"},{\"@type\":\"BreadcrumbList\",\"@id\":\"https:\\\/\\\/www.smartystore.it\\\/fr\\\/prodotto\\\/cordon-tresse-pour-les-bornes-de-la-serie-theatre-black\\\/#breadcrumb\",\"itemListElement\":[{\"@type\":\"ListItem\",\"position\":1,\"name\":\"Home\",\"item\":\"https:\\\/\\\/www.smartystore.it\\\/fr\\\/\"},{\"@type\":\"ListItem\",\"position\":2,\"name\":\"Boutique\",\"item\":\"https:\\\/\\\/www.smartystore.it\\\/fr\\\/boutique\\\/\"},{\"@type\":\"ListItem\",\"position\":3,\"name\":\"Cordon tress\u00e9 pour les bornes de la s\u00e9rie Theatre Black\"}]},{\"@type\":\"WebSite\",\"@id\":\"https:\\\/\\\/www.smartystore.it\\\/fr\\\/#website\",\"url\":\"https:\\\/\\\/www.smartystore.it\\\/fr\\\/\",\"name\":\"Smarty Store\",\"description\":\"Espositori Pubblicitari e Sistemi di Comunicazione Visiva\",\"potentialAction\":[{\"@type\":\"SearchAction\",\"target\":{\"@type\":\"EntryPoint\",\"urlTemplate\":\"https:\\\/\\\/www.smartystore.it\\\/fr\\\/?s={search_term_string}\"},\"query-input\":{\"@type\":\"PropertyValueSpecification\",\"valueRequired\":true,\"valueName\":\"search_term_string\"}}],\"inLanguage\":\"fr-FR\"}]}<\/script>\n<!-- \/ Yoast SEO plugin. -->","yoast_head_json":{"title":"Cordon tress\u00e9 pour les bornes de la s\u00e9rie Theatre Black - Smarty Store","robots":{"index":"index","follow":"follow","max-snippet":"max-snippet:-1","max-image-preview":"max-image-preview:large","max-video-preview":"max-video-preview:-1"},"canonical":"https:\/\/www.smartystore.it\/fr\/prodotto\/cordon-tresse-pour-les-bornes-de-la-serie-theatre-black\/","og_locale":"fr_FR","og_type":"article","og_title":"Cordon tress\u00e9 pour les bornes de la s\u00e9rie Theatre Black - Smarty Store","og_description":"Cordon tress\u00e9 de 2 m\u00e8tres avec pinces noires satin\u00e9es pour les bornes de la s\u00e9rie Theatre Black. Disponible en trois couleurs.","og_url":"https:\/\/www.smartystore.it\/fr\/prodotto\/cordon-tresse-pour-les-bornes-de-la-serie-theatre-black\/","og_site_name":"Smarty Store","og_image":[{"width":1000,"height":1000,"url":"https:\/\/www.smartystore.it\/v25\/wp-content\/uploads\/2021\/02\/Cordone-intrecciato-rossoblu-nero-morsetti-nero-satinato-per-colonnina-segna-percorso.jpg","type":"image\/jpeg"}],"twitter_card":"summary_large_image","schema":{"@context":"https:\/\/schema.org","@graph":[{"@type":"WebPage","@id":"https:\/\/www.smartystore.it\/fr\/prodotto\/cordon-tresse-pour-les-bornes-de-la-serie-theatre-black\/","url":"https:\/\/www.smartystore.it\/fr\/prodotto\/cordon-tresse-pour-les-bornes-de-la-serie-theatre-black\/","name":"Cordon tress\u00e9 pour les bornes de la s\u00e9rie Theatre Black - Smarty Store","isPartOf":{"@id":"https:\/\/www.smartystore.it\/fr\/#website"},"primaryImageOfPage":{"@id":"https:\/\/www.smartystore.it\/fr\/prodotto\/cordon-tresse-pour-les-bornes-de-la-serie-theatre-black\/#primaryimage"},"image":{"@id":"https:\/\/www.smartystore.it\/fr\/prodotto\/cordon-tresse-pour-les-bornes-de-la-serie-theatre-black\/#primaryimage"},"thumbnailUrl":"https:\/\/www.smartystore.it\/v25\/wp-content\/uploads\/2021\/02\/Cordone-intrecciato-rossoblu-nero-morsetti-nero-satinato-per-colonnina-segna-percorso.jpg","datePublished":"2025-07-10T16:01:01+00:00","breadcrumb":{"@id":"https:\/\/www.smartystore.it\/fr\/prodotto\/cordon-tresse-pour-les-bornes-de-la-serie-theatre-black\/#breadcrumb"},"inLanguage":"fr-FR","potentialAction":[{"@type":"ReadAction","target":["https:\/\/www.smartystore.it\/fr\/prodotto\/cordon-tresse-pour-les-bornes-de-la-serie-theatre-black\/"]}]},{"@type":"ImageObject","inLanguage":"fr-FR","@id":"https:\/\/www.smartystore.it\/fr\/prodotto\/cordon-tresse-pour-les-bornes-de-la-serie-theatre-black\/#primaryimage","url":"https:\/\/www.smartystore.it\/v25\/wp-content\/uploads\/2021\/02\/Cordone-intrecciato-rossoblu-nero-morsetti-nero-satinato-per-colonnina-segna-percorso.jpg","contentUrl":"https:\/\/www.smartystore.it\/v25\/wp-content\/uploads\/2021\/02\/Cordone-intrecciato-rossoblu-nero-morsetti-nero-satinato-per-colonnina-segna-percorso.jpg","width":1000,"height":1000,"caption":"Cordone intrecciato per colonnine segnapercorso serie Theatre Black"},{"@type":"BreadcrumbList","@id":"https:\/\/www.smartystore.it\/fr\/prodotto\/cordon-tresse-pour-les-bornes-de-la-serie-theatre-black\/#breadcrumb","itemListElement":[{"@type":"ListItem","position":1,"name":"Home","item":"https:\/\/www.smartystore.it\/fr\/"},{"@type":"ListItem","position":2,"name":"Boutique","item":"https:\/\/www.smartystore.it\/fr\/boutique\/"},{"@type":"ListItem","position":3,"name":"Cordon tress\u00e9 pour les bornes de la s\u00e9rie Theatre Black"}]},{"@type":"WebSite","@id":"https:\/\/www.smartystore.it\/fr\/#website","url":"https:\/\/www.smartystore.it\/fr\/","name":"Smarty Store","description":"Espositori Pubblicitari e Sistemi di Comunicazione Visiva","potentialAction":[{"@type":"SearchAction","target":{"@type":"EntryPoint","urlTemplate":"https:\/\/www.smartystore.it\/fr\/?s={search_term_string}"},"query-input":{"@type":"PropertyValueSpecification","valueRequired":true,"valueName":"search_term_string"}}],"inLanguage":"fr-FR"}]}},"brands":[],"_links":{"self":[{"href":"https:\/\/www.smartystore.it\/fr\/wp-json\/wp\/v2\/product\/94478","targetHints":{"allow":["GET"]}}],"collection":[{"href":"https:\/\/www.smartystore.it\/fr\/wp-json\/wp\/v2\/product"}],"about":[{"href":"https:\/\/www.smartystore.it\/fr\/wp-json\/wp\/v2\/types\/product"}],"replies":[{"embeddable":true,"href":"https:\/\/www.smartystore.it\/fr\/wp-json\/wp\/v2\/comments?post=94478"}],"wp:featuredmedia":[{"embeddable":true,"href":"https:\/\/www.smartystore.it\/fr\/wp-json\/wp\/v2\/media\/94479"}],"wp:attachment":[{"href":"https:\/\/www.smartystore.it\/fr\/wp-json\/wp\/v2\/media?parent=94478"}],"wp:term":[{"taxonomy":"pwb-brand","embeddable":true,"href":"https:\/\/www.smartystore.it\/fr\/wp-json\/wp\/v2\/pwb-brand?post=94478"},{"taxonomy":"product_brand","embeddable":true,"href":"https:\/\/www.smartystore.it\/fr\/wp-json\/wp\/v2\/product_brand?post=94478"},{"taxonomy":"product_cat","embeddable":true,"href":"https:\/\/www.smartystore.it\/fr\/wp-json\/wp\/v2\/product_cat?post=94478"},{"taxonomy":"product_tag","embeddable":true,"href":"https:\/\/www.smartystore.it\/fr\/wp-json\/wp\/v2\/product_tag?post=94478"}],"curies":[{"name":"wp","href":"https:\/\/api.w.org\/{rel}","templated":true}]}}