{"id":94429,"date":"2021-02-26T10:01:52","date_gmt":"2021-02-26T10:01:52","guid":{"rendered":"https:\/\/www.smartystore.it\/prodotto\/colonne-de-marquage-classic-polie-avec-ruban-de-3-metres\/"},"modified":"2025-07-09T17:58:30","modified_gmt":"2025-07-09T15:58:30","slug":"colonne-de-marquage-classic-polie-avec-ruban-de-3-metres","status":"publish","type":"product","link":"https:\/\/www.smartystore.it\/fr\/prodotto\/colonne-de-marquage-classic-polie-avec-ruban-de-3-metres\/","title":{"rendered":"Colonne de marquage Classic polie avec ruban de 3 m\u00e8tres"},"content":{"rendered":"<h2>Colonne de marquage Classic polie avec ruban de 3 m\u00e8tres<\/h2>\n<p>La borne Classic Polished avec ruban de 3 m\u00e8tres est une solution id\u00e9ale pour g\u00e9rer l&rsquo;espace et diriger les flux de personnes lors d&rsquo;\u00e9v\u00e9nements, de foires et de divers lieux publics. Le mod\u00e8le Classic, fabriqu\u00e9 en acier avec une finition en argent poli, lui conf\u00e8re non seulement une apparence \u00e9l\u00e9gante, mais garantit \u00e9galement sa solidit\u00e9 et sa durabilit\u00e9. Avec une colonne de 100 cm de haut et une base de couverture en acier de 36 cm de diam\u00e8tre, ce dispositif offre stabilit\u00e9 et s\u00e9curit\u00e9 gr\u00e2ce \u00e0 son poids total de 10 kg.  <\/p>\n<p>Le ruban, d&rsquo;une longueur d&rsquo;environ 3 m\u00e8tres et d&rsquo;une hauteur de 5 cm, est disponible en diff\u00e9rentes couleurs : orange, blanc, bleu, blanc\/rouge, jaune, jaune\/noir, noir, rouge et vert. Ces options de couleurs permettent de choisir la combinaison la mieux adapt\u00e9e aux exigences sp\u00e9cifiques de l&rsquo;environnement d&rsquo;utilisation, facilitant ainsi la visibilit\u00e9 et l&rsquo;orientation du public. <\/p>\n<p>L&rsquo;enrouleur est \u00e9quip\u00e9 d&rsquo;un m\u00e9canisme d&rsquo;auto-freinage qui garantit un fonctionnement s\u00fbr et r\u00e9gulier. En outre, la pr\u00e9sence de trois crochets r\u00e9cepteurs permet de fixer la courroie \u00e0 diverses structures existantes, ce qui accro\u00eet la polyvalence et l&rsquo;efficacit\u00e9 de l&rsquo;enrouleur. Le clip de verrouillage de s\u00e9curit\u00e9 contribue \u00e0 une meilleure protection pendant l&rsquo;utilisation et le transport.  <\/p>\n<p>En r\u00e9sum\u00e9, la balise d&rsquo;itin\u00e9raire Classic en acier repr\u00e9sente une combinaison efficace de fonctionnalit\u00e9, d&rsquo;esth\u00e9tique et de s\u00e9curit\u00e9, ce qui en fait un excellent choix pour toutes les situations o\u00f9 la gestion des flux de personnes est n\u00e9cessaire.<\/p>\n<h3>CARACT\u00c9RISTIQUES<\/h3>\n<ul>\n<li>Colonne de rep\u00e9rage du trajet du tendon.<\/li>\n<li>Mod\u00e8le classique en acier poli de couleur argent\u00e9e.<\/li>\n<li>Dimensions du ruban : L 3 m\u00e8tres environ &#8211; H 5 cm.<\/li>\n<li>Couleurs de la bande : orange &#8211; blanc &#8211; bleu &#8211; blanc\/rouge &#8211; jaune &#8211; jaune\/noir &#8211; noir &#8211; rouge &#8211; vert<\/li>\n<li>Enrouleur avec m\u00e9canisme d&rsquo;auto-freinage avec clip de verrouillage de s\u00e9curit\u00e9 et trois crochets de r\u00e9ception.<\/li>\n<li>Base avec couvercle en acier \u00d8 36 cm, colonne \u00d8 6,3 cm, colonne H 100 cm.<\/li>\n<li>Poids total de la colonne : 10 kg &#8211; Le poids assure une plus grande stabilit\u00e9.<\/li>\n<li>Le co\u00fbt se r\u00e9f\u00e8re \u00e0 une colonne compl\u00e8te avec enrouleur de ruban dans les couleurs disponibles.<\/li>\n<li>Possibilit\u00e9 de personnaliser le ruban des deux c\u00f4t\u00e9s avec un logo en une ou plusieurs couleurs (contactez-nous pour plus d&rsquo;informations et pour conna\u00eetre les co\u00fbts).<\/li>\n<\/ul>\n<table class=\" alignleft\" style=\"width: 25%; border-collapse: collapse; border-style: double; border-color: #f7a500;\">\n<tbody>\n<tr>\n<td style=\"width: 100%;\"><a href=\"https:\/\/www.smartystore.it\/wp-content\/uploads\/2021\/02\/STR-STOP51L-R-B-N-GN-BR-BI-V-AR-GI.pdf\" target=\"_blank\" rel=\"noopener\"><strong><img loading=\"lazy\" decoding=\"async\" class=\"size-full wp-image-31489\" style=\"vertical-align: middle;\" src=\"https:\/\/www.smartystore.it\/wp-content\/uploads\/2013\/05\/freccia-scarica.jpg\" alt=\"\" width=\"30\" height=\"30\"><\/strong><strong>  FICHE TECHNIQUE<\/strong><\/a><\/td>\n<\/tr>\n<\/tbody>\n<\/table>\n<p>&nbsp;<\/p>\n<p>&nbsp;<\/p>\n","protected":false},"excerpt":{"rendered":"<p>Colonne en acier avec finition polie et ruban enrouleur de 3 m\u00e8tres disponible en neuf couleurs.<\/p>\n","protected":false},"featured_media":94428,"comment_status":"open","ping_status":"closed","template":"","meta":{"_acf_changed":false},"pwb-brand":[],"product_brand":[],"product_cat":[3079],"product_tag":[],"class_list":{"0":"post-94429","1":"product","2":"type-product","3":"status-publish","4":"has-post-thumbnail","6":"product_cat-poteau-de-separation-fr","7":"pa_c2c_color-blanc","8":"pa_c2c_color-bleu","9":"pa_c2c_color-jaune","10":"pa_c2c_color-noir","11":"pa_c2c_color-noir-jaune","12":"pa_c2c_color-orange","13":"pa_c2c_color-rouge","14":"pa_c2c_color-rouge-blanc","15":"pa_c2c_color-vert","16":"pa_c2c_dimensione-3-metres","17":"pa_c2c_finitura-chrome-poli","18":"pa_c2c_trovraprezzi-oui","20":"first","21":"instock","22":"taxable","23":"shipping-taxable","24":"purchasable","25":"product-type-variable"},"acf":[],"yoast_head":"<!-- This site is optimized with the Yoast SEO plugin v27.4 - https:\/\/yoast.com\/product\/yoast-seo-wordpress\/ -->\n<title>Colonne de marquage Classic polie avec ruban de 3 m\u00e8tres - Smarty Store<\/title>\n<meta name=\"description\" content=\"Classic Polished Colonne de marquage de 3 m\u00e8tres en acier avec finition polie disponible en neuf couleurs\" \/>\n<meta name=\"robots\" content=\"index, follow, max-snippet:-1, max-image-preview:large, max-video-preview:-1\" \/>\n<link rel=\"canonical\" href=\"https:\/\/www.smartystore.it\/fr\/prodotto\/colonne-de-marquage-classic-polie-avec-ruban-de-3-metres\/\" \/>\n<meta property=\"og:locale\" content=\"fr_FR\" \/>\n<meta property=\"og:type\" content=\"article\" \/>\n<meta property=\"og:title\" content=\"Colonne de marquage Classic polie avec ruban de 3 m\u00e8tres - Smarty Store\" \/>\n<meta property=\"og:description\" content=\"Classic Polished Colonne de marquage de 3 m\u00e8tres en acier avec finition polie disponible en neuf couleurs\" \/>\n<meta property=\"og:url\" content=\"https:\/\/www.smartystore.it\/fr\/prodotto\/colonne-de-marquage-classic-polie-avec-ruban-de-3-metres\/\" \/>\n<meta property=\"og:site_name\" content=\"Smarty Store\" \/>\n<meta property=\"article:modified_time\" content=\"2025-07-09T15:58:30+00:00\" \/>\n<meta property=\"og:image\" content=\"https:\/\/www.smartystore.it\/v25\/wp-content\/uploads\/2021\/02\/Colonnina-segnapercorso-in-acciaio-lucido-silver-nastro-3-metri-personalizzabile-disponibile-in-nove-colorazioni.jpg\" \/>\n\t<meta property=\"og:image:width\" content=\"1000\" \/>\n\t<meta property=\"og:image:height\" content=\"1000\" \/>\n\t<meta property=\"og:image:type\" content=\"image\/jpeg\" \/>\n<meta name=\"twitter:card\" content=\"summary_large_image\" \/>\n<meta name=\"twitter:label1\" content=\"Dur\u00e9e de lecture estim\u00e9e\" \/>\n\t<meta name=\"twitter:data1\" content=\"2 minutes\" \/>\n<script type=\"application\/ld+json\" class=\"yoast-schema-graph\">{\"@context\":\"https:\\\/\\\/schema.org\",\"@graph\":[{\"@type\":\"WebPage\",\"@id\":\"https:\\\/\\\/www.smartystore.it\\\/fr\\\/prodotto\\\/colonne-de-marquage-classic-polie-avec-ruban-de-3-metres\\\/\",\"url\":\"https:\\\/\\\/www.smartystore.it\\\/fr\\\/prodotto\\\/colonne-de-marquage-classic-polie-avec-ruban-de-3-metres\\\/\",\"name\":\"Colonne de marquage Classic polie avec ruban de 3 m\u00e8tres - Smarty Store\",\"isPartOf\":{\"@id\":\"https:\\\/\\\/www.smartystore.it\\\/fr\\\/#website\"},\"primaryImageOfPage\":{\"@id\":\"https:\\\/\\\/www.smartystore.it\\\/fr\\\/prodotto\\\/colonne-de-marquage-classic-polie-avec-ruban-de-3-metres\\\/#primaryimage\"},\"image\":{\"@id\":\"https:\\\/\\\/www.smartystore.it\\\/fr\\\/prodotto\\\/colonne-de-marquage-classic-polie-avec-ruban-de-3-metres\\\/#primaryimage\"},\"thumbnailUrl\":\"https:\\\/\\\/www.smartystore.it\\\/v25\\\/wp-content\\\/uploads\\\/2021\\\/02\\\/Colonnina-segnapercorso-in-acciaio-lucido-silver-nastro-3-metri-personalizzabile-disponibile-in-nove-colorazioni.jpg\",\"datePublished\":\"2021-02-26T10:01:52+00:00\",\"dateModified\":\"2025-07-09T15:58:30+00:00\",\"description\":\"Classic Polished Colonne de marquage de 3 m\u00e8tres en acier avec finition polie disponible en neuf couleurs\",\"breadcrumb\":{\"@id\":\"https:\\\/\\\/www.smartystore.it\\\/fr\\\/prodotto\\\/colonne-de-marquage-classic-polie-avec-ruban-de-3-metres\\\/#breadcrumb\"},\"inLanguage\":\"fr-FR\",\"potentialAction\":[{\"@type\":\"ReadAction\",\"target\":[\"https:\\\/\\\/www.smartystore.it\\\/fr\\\/prodotto\\\/colonne-de-marquage-classic-polie-avec-ruban-de-3-metres\\\/\"]}]},{\"@type\":\"ImageObject\",\"inLanguage\":\"fr-FR\",\"@id\":\"https:\\\/\\\/www.smartystore.it\\\/fr\\\/prodotto\\\/colonne-de-marquage-classic-polie-avec-ruban-de-3-metres\\\/#primaryimage\",\"url\":\"https:\\\/\\\/www.smartystore.it\\\/v25\\\/wp-content\\\/uploads\\\/2021\\\/02\\\/Colonnina-segnapercorso-in-acciaio-lucido-silver-nastro-3-metri-personalizzabile-disponibile-in-nove-colorazioni.jpg\",\"contentUrl\":\"https:\\\/\\\/www.smartystore.it\\\/v25\\\/wp-content\\\/uploads\\\/2021\\\/02\\\/Colonnina-segnapercorso-in-acciaio-lucido-silver-nastro-3-metri-personalizzabile-disponibile-in-nove-colorazioni.jpg\",\"width\":1000,\"height\":1000,\"caption\":\"Colonnina segnapercorso in acciaio lucido silver nastro 3 metri personalizzabile disponibile in nove colorazioni\"},{\"@type\":\"BreadcrumbList\",\"@id\":\"https:\\\/\\\/www.smartystore.it\\\/fr\\\/prodotto\\\/colonne-de-marquage-classic-polie-avec-ruban-de-3-metres\\\/#breadcrumb\",\"itemListElement\":[{\"@type\":\"ListItem\",\"position\":1,\"name\":\"Home\",\"item\":\"https:\\\/\\\/www.smartystore.it\\\/fr\\\/\"},{\"@type\":\"ListItem\",\"position\":2,\"name\":\"Boutique\",\"item\":\"https:\\\/\\\/www.smartystore.it\\\/fr\\\/boutique\\\/\"},{\"@type\":\"ListItem\",\"position\":3,\"name\":\"Colonne de marquage Classic polie avec ruban de 3 m\u00e8tres\"}]},{\"@type\":\"WebSite\",\"@id\":\"https:\\\/\\\/www.smartystore.it\\\/fr\\\/#website\",\"url\":\"https:\\\/\\\/www.smartystore.it\\\/fr\\\/\",\"name\":\"Smarty Store\",\"description\":\"Espositori Pubblicitari e Sistemi di Comunicazione Visiva\",\"potentialAction\":[{\"@type\":\"SearchAction\",\"target\":{\"@type\":\"EntryPoint\",\"urlTemplate\":\"https:\\\/\\\/www.smartystore.it\\\/fr\\\/?s={search_term_string}\"},\"query-input\":{\"@type\":\"PropertyValueSpecification\",\"valueRequired\":true,\"valueName\":\"search_term_string\"}}],\"inLanguage\":\"fr-FR\"}]}<\/script>\n<!-- \/ Yoast SEO plugin. -->","yoast_head_json":{"title":"Colonne de marquage Classic polie avec ruban de 3 m\u00e8tres - Smarty Store","description":"Classic Polished Colonne de marquage de 3 m\u00e8tres en acier avec finition polie disponible en neuf couleurs","robots":{"index":"index","follow":"follow","max-snippet":"max-snippet:-1","max-image-preview":"max-image-preview:large","max-video-preview":"max-video-preview:-1"},"canonical":"https:\/\/www.smartystore.it\/fr\/prodotto\/colonne-de-marquage-classic-polie-avec-ruban-de-3-metres\/","og_locale":"fr_FR","og_type":"article","og_title":"Colonne de marquage Classic polie avec ruban de 3 m\u00e8tres - Smarty Store","og_description":"Classic Polished Colonne de marquage de 3 m\u00e8tres en acier avec finition polie disponible en neuf couleurs","og_url":"https:\/\/www.smartystore.it\/fr\/prodotto\/colonne-de-marquage-classic-polie-avec-ruban-de-3-metres\/","og_site_name":"Smarty Store","article_modified_time":"2025-07-09T15:58:30+00:00","og_image":[{"width":1000,"height":1000,"url":"https:\/\/www.smartystore.it\/v25\/wp-content\/uploads\/2021\/02\/Colonnina-segnapercorso-in-acciaio-lucido-silver-nastro-3-metri-personalizzabile-disponibile-in-nove-colorazioni.jpg","type":"image\/jpeg"}],"twitter_card":"summary_large_image","twitter_misc":{"Dur\u00e9e de lecture estim\u00e9e":"2 minutes"},"schema":{"@context":"https:\/\/schema.org","@graph":[{"@type":"WebPage","@id":"https:\/\/www.smartystore.it\/fr\/prodotto\/colonne-de-marquage-classic-polie-avec-ruban-de-3-metres\/","url":"https:\/\/www.smartystore.it\/fr\/prodotto\/colonne-de-marquage-classic-polie-avec-ruban-de-3-metres\/","name":"Colonne de marquage Classic polie avec ruban de 3 m\u00e8tres - Smarty Store","isPartOf":{"@id":"https:\/\/www.smartystore.it\/fr\/#website"},"primaryImageOfPage":{"@id":"https:\/\/www.smartystore.it\/fr\/prodotto\/colonne-de-marquage-classic-polie-avec-ruban-de-3-metres\/#primaryimage"},"image":{"@id":"https:\/\/www.smartystore.it\/fr\/prodotto\/colonne-de-marquage-classic-polie-avec-ruban-de-3-metres\/#primaryimage"},"thumbnailUrl":"https:\/\/www.smartystore.it\/v25\/wp-content\/uploads\/2021\/02\/Colonnina-segnapercorso-in-acciaio-lucido-silver-nastro-3-metri-personalizzabile-disponibile-in-nove-colorazioni.jpg","datePublished":"2021-02-26T10:01:52+00:00","dateModified":"2025-07-09T15:58:30+00:00","description":"Classic Polished Colonne de marquage de 3 m\u00e8tres en acier avec finition polie disponible en neuf couleurs","breadcrumb":{"@id":"https:\/\/www.smartystore.it\/fr\/prodotto\/colonne-de-marquage-classic-polie-avec-ruban-de-3-metres\/#breadcrumb"},"inLanguage":"fr-FR","potentialAction":[{"@type":"ReadAction","target":["https:\/\/www.smartystore.it\/fr\/prodotto\/colonne-de-marquage-classic-polie-avec-ruban-de-3-metres\/"]}]},{"@type":"ImageObject","inLanguage":"fr-FR","@id":"https:\/\/www.smartystore.it\/fr\/prodotto\/colonne-de-marquage-classic-polie-avec-ruban-de-3-metres\/#primaryimage","url":"https:\/\/www.smartystore.it\/v25\/wp-content\/uploads\/2021\/02\/Colonnina-segnapercorso-in-acciaio-lucido-silver-nastro-3-metri-personalizzabile-disponibile-in-nove-colorazioni.jpg","contentUrl":"https:\/\/www.smartystore.it\/v25\/wp-content\/uploads\/2021\/02\/Colonnina-segnapercorso-in-acciaio-lucido-silver-nastro-3-metri-personalizzabile-disponibile-in-nove-colorazioni.jpg","width":1000,"height":1000,"caption":"Colonnina segnapercorso in acciaio lucido silver nastro 3 metri personalizzabile disponibile in nove colorazioni"},{"@type":"BreadcrumbList","@id":"https:\/\/www.smartystore.it\/fr\/prodotto\/colonne-de-marquage-classic-polie-avec-ruban-de-3-metres\/#breadcrumb","itemListElement":[{"@type":"ListItem","position":1,"name":"Home","item":"https:\/\/www.smartystore.it\/fr\/"},{"@type":"ListItem","position":2,"name":"Boutique","item":"https:\/\/www.smartystore.it\/fr\/boutique\/"},{"@type":"ListItem","position":3,"name":"Colonne de marquage Classic polie avec ruban de 3 m\u00e8tres"}]},{"@type":"WebSite","@id":"https:\/\/www.smartystore.it\/fr\/#website","url":"https:\/\/www.smartystore.it\/fr\/","name":"Smarty Store","description":"Espositori Pubblicitari e Sistemi di Comunicazione Visiva","potentialAction":[{"@type":"SearchAction","target":{"@type":"EntryPoint","urlTemplate":"https:\/\/www.smartystore.it\/fr\/?s={search_term_string}"},"query-input":{"@type":"PropertyValueSpecification","valueRequired":true,"valueName":"search_term_string"}}],"inLanguage":"fr-FR"}]}},"brands":[],"_links":{"self":[{"href":"https:\/\/www.smartystore.it\/fr\/wp-json\/wp\/v2\/product\/94429","targetHints":{"allow":["GET"]}}],"collection":[{"href":"https:\/\/www.smartystore.it\/fr\/wp-json\/wp\/v2\/product"}],"about":[{"href":"https:\/\/www.smartystore.it\/fr\/wp-json\/wp\/v2\/types\/product"}],"replies":[{"embeddable":true,"href":"https:\/\/www.smartystore.it\/fr\/wp-json\/wp\/v2\/comments?post=94429"}],"wp:featuredmedia":[{"embeddable":true,"href":"https:\/\/www.smartystore.it\/fr\/wp-json\/wp\/v2\/media\/94428"}],"wp:attachment":[{"href":"https:\/\/www.smartystore.it\/fr\/wp-json\/wp\/v2\/media?parent=94429"}],"wp:term":[{"taxonomy":"pwb-brand","embeddable":true,"href":"https:\/\/www.smartystore.it\/fr\/wp-json\/wp\/v2\/pwb-brand?post=94429"},{"taxonomy":"product_brand","embeddable":true,"href":"https:\/\/www.smartystore.it\/fr\/wp-json\/wp\/v2\/product_brand?post=94429"},{"taxonomy":"product_cat","embeddable":true,"href":"https:\/\/www.smartystore.it\/fr\/wp-json\/wp\/v2\/product_cat?post=94429"},{"taxonomy":"product_tag","embeddable":true,"href":"https:\/\/www.smartystore.it\/fr\/wp-json\/wp\/v2\/product_tag?post=94429"}],"curies":[{"name":"wp","href":"https:\/\/api.w.org\/{rel}","templated":true}]}}