{"id":94415,"date":"2021-03-01T17:05:58","date_gmt":"2025-07-09T15:35:59","guid":{"rendered":"https:\/\/www.smartystore.it\/prodotto\/enrouleur-rotatif-avec-fixation-murale-et-ruban-de-45-metres\/"},"modified":"2025-07-09T17:35:59","modified_gmt":"2025-07-09T15:35:59","slug":"enrouleur-rotatif-avec-fixation-murale-et-ruban-de-45-metres","status":"publish","type":"product","link":"https:\/\/www.smartystore.it\/fr\/prodotto\/enrouleur-rotatif-avec-fixation-murale-et-ruban-de-45-metres\/","title":{"rendered":"Enrouleur rotatif avec fixation murale et ruban de 4,5 m\u00e8tres"},"content":{"rendered":"<h2>Enrouleur rotatif mural avec ruban de 4,5 m\u00e8tres : un excellent outil pour tous les besoins<\/h2>\n<p>Un enrouleur rotatif mural avec une bande de 4,5 m\u00e8tres en ABS noir, enrichi d&rsquo;\u00e9l\u00e9gants inserts rouges ou jaunes, est une solution pratique et polyvalente pour la gestion des acc\u00e8s. Sa t\u00eate pivotante \u00e0 180\u00ba permet un fonctionnement fluide et sans entrave, facilitant l&rsquo;acc\u00e8s \u00e0 la bande et am\u00e9liorant consid\u00e9rablement l&rsquo;efficacit\u00e9 op\u00e9rationnelle. <\/p>\n<p>Ce dispositif est dot\u00e9 d&rsquo;un ruban de quatre m\u00e8tres et demi de long, disponible en deux combinaisons de couleurs attrayantes : noir\/jaune et blanc\/rouge. Ces options garantissent non seulement la visibilit\u00e9, mais s&rsquo;int\u00e8grent \u00e9galement parfaitement dans diff\u00e9rents contextes, ce qui le rend adapt\u00e9 \u00e0 un usage professionnel et domestique. <\/p>\n<p>Le m\u00e9canisme d&rsquo;enroulement auto-frein\u00e9 est un autre point fort de l&rsquo;enrouleur, garantissant que le ruban est retir\u00e9 en toute s\u00e9curit\u00e9 sans risque de torsion ou d&rsquo;enchev\u00eatrement. En outre, le clip de verrouillage de s\u00e9curit\u00e9 offre une protection suppl\u00e9mentaire, emp\u00eachant les d\u00e9versements accidentels et garantissant que le ruban reste en place lorsqu&rsquo;il n&rsquo;est pas utilis\u00e9. <\/p>\n<p>En r\u00e9sum\u00e9, l&rsquo;enrouleur mural de 4,5 m\u00e8tres en ABS noir avec inserts color\u00e9s est un excellent outil qui allie fonctionnalit\u00e9 et design. Sa robustesse, associ\u00e9e \u00e0 la garantie de s\u00e9curit\u00e9 et \u00e0 la facilit\u00e9 d&rsquo;utilisation, en fait un \u00e9l\u00e9ment indispensable de tout am\u00e9nagement int\u00e9rieur, garantissant l&rsquo;ordre et la simplicit\u00e9 des op\u00e9rations quotidiennes. <\/p>\n<h3>CARACT\u00c9RISTIQUES<\/h3>\n<ul>\n<li>Enrouleur mural en ABS noir avec inserts rouges ou jaunes.<\/li>\n<li>La t\u00eate pivote de 180\u00ba.<\/li>\n<li>Ruban de quatre m\u00e8tres et demi disponible dans les couleurs suivantes : noir\/jaune &#8211; blanc\/rouge.<\/li>\n<li>Enrouleur avec m\u00e9canisme d&rsquo;auto-freinage avec clip de verrouillage de s\u00e9curit\u00e9.<\/li>\n<li>A combiner avec le clip r\u00e9cepteur mural (STR-STOP60).<\/li>\n<li>Dimensions (en cm) : L 11,5 &#8211; H 18,5 &#8211; P 13,5<\/li>\n<\/ul>\n<table style=\"height: 102px; width: 72.5128%; border-collapse: collapse; border-style: solid; border-color: #a30000;\">\n<tbody>\n<tr style=\"height: 47px;\">\n<td style=\"width: 23.1537%; height: 47px; text-align: center; border-style: dotted; border-color: #b5b3b3;\"><span style=\"font-size: 12px;\"><strong>CODE<\/strong><\/span><\/td>\n<td style=\"width: 30.2554%; height: 47px; text-align: center; border-style: dotted; border-color: #b5b3b3;\"><span style=\"font-size: 12px;\"><strong>COULEUR DE LA BANDE<\/strong><\/span><\/td>\n<td style=\"width: 21.2384%; height: 47px; text-align: center; border-style: dotted; border-color: #b5b3b3;\"><span style=\"font-size: 12px;\"><strong>COULEUR DE LA BANDE<\/strong><\/span><\/td>\n<td style=\"width: 25.3525%; text-align: center; height: 47px; border-style: dotted; border-color: #b5b3b3;\"><span style=\"font-size: 12px;\"><strong>DIMENSIONS<\/strong><\/span><\/td>\n<\/tr>\n<tr style=\"height: 32px;\">\n<td style=\"width: 23.1537%; height: 32px; text-align: center; border-style: dotted; border-color: #b5b3b3;\"><span style=\"font-size: 12px;\">STR-STOP76\/BR<\/span><\/td>\n<td style=\"width: 30.2554%; height: 32px; text-align: center; border-style: dotted; border-color: #b5b3b3;\"><span style=\"font-size: 12px;\">NOIR AVEC INSERTS ROUGES<\/span><\/td>\n<td style=\"width: 21.2384%; height: 32px; text-align: center; border-style: dotted; border-color: #b5b3b3;\"><span style=\"font-size: 12px;\">BLANC\/ROUGE<\/span><\/td>\n<td style=\"width: 25.3525%; text-align: center; height: 32px; border-style: dotted; border-color: #b5b3b3;\"><span style=\"font-size: 12px;\">L 11,5 &#8211; H 18,5 &#8211; P 13,5 cm.<\/span><\/td>\n<\/tr>\n<tr style=\"height: 23px;\">\n<td style=\"width: 23.1537%; height: 23px; text-align: center; border-style: dotted; border-color: #b5b3b3;\"><span style=\"font-size: 12px;\">STR-STOP75\/GN<\/span><\/td>\n<td style=\"width: 30.2554%; height: 23px; text-align: center; border-style: dotted; border-color: #b5b3b3;\"><span style=\"font-size: 12px;\">NOIR AVEC INSERTS JAUNES<\/span><\/td>\n<td style=\"width: 21.2384%; height: 23px; text-align: center; border-style: dotted; border-color: #b5b3b3;\"><span style=\"font-size: 12px;\">NOIR\/JAUNE<\/span><\/td>\n<td style=\"width: 25.3525%; text-align: center; height: 23px; border-style: dotted; border-color: #b5b3b3;\"><span style=\"font-size: 12px;\">L 11,5 &#8211; H 18,5 &#8211; P 13,5 cm.<\/span><\/td>\n<\/tr>\n<\/tbody>\n<\/table>\n<p>&nbsp;<\/p>\n<table class=\" alignleft\" style=\"width: 25%; border-collapse: collapse; border-style: double; border-color: #f7a500;\">\n<tbody>\n<tr>\n<td style=\"width: 100%;\"><a href=\"https:\/\/www.smartystore.it\/wp-content\/uploads\/2021\/03\/STR-STOP75-76.pdf\" target=\"_blank\" rel=\"noopener\"><strong><img loading=\"lazy\" decoding=\"async\" class=\"size-full wp-image-31489\" style=\"vertical-align: middle;\" src=\"https:\/\/www.smartystore.it\/wp-content\/uploads\/2013\/05\/freccia-scarica.jpg\" alt=\"\" width=\"30\" height=\"30\"><\/strong><strong>  FICHE TECHNIQUE<\/strong><\/a><\/td>\n<\/tr>\n<\/tbody>\n<\/table>\n<p>&nbsp;<\/p>\n<p>&nbsp;<\/p>\n<p>&nbsp;<\/p>\n","protected":false},"excerpt":{"rendered":"<p>Enrouleur avec support mural r\u00e9glable et ruban de 4,5 m\u00e8tres disponible en deux couleurs. Peut \u00eatre achet\u00e9 seul ou avec le clip de r\u00e9ception mural. <\/p>\n","protected":false},"featured_media":94409,"comment_status":"open","ping_status":"closed","template":"","meta":{"_acf_changed":false},"pwb-brand":[],"product_brand":[],"product_cat":[3073],"product_tag":[],"class_list":{"0":"post-94415","1":"product","2":"type-product","3":"status-publish","4":"has-post-thumbnail","6":"product_cat-rubans-cordons-accessoires","7":"pa_c2c_color-noir-jaune","8":"pa_c2c_color-rouge-blanc","9":"pa_c2c_configurazione-remontoir-clip-recepteur","10":"pa_c2c_configurazione-vanneuse","11":"pa_c2c_dimensione-45-metres","12":"pa_c2c_trovraprezzi-oui","14":"first","15":"instock","16":"taxable","17":"shipping-taxable","18":"purchasable","19":"product-type-variable"},"acf":[],"yoast_head":"<!-- This site is optimized with the Yoast SEO plugin v27.4 - https:\/\/yoast.com\/product\/yoast-seo-wordpress\/ -->\n<title>Enrouleur rotatif avec fixation murale et ruban de 4,5 m\u00e8tres - Smarty Store<\/title>\n<meta name=\"description\" content=\"Enrouleur mural rotatif avec un ruban de 4,5 m\u00e8tres disponible en deux couleurs. Peut \u00eatre achet\u00e9 seul ou avec le clip de r\u00e9ception mural.\" \/>\n<meta name=\"robots\" content=\"index, follow, max-snippet:-1, max-image-preview:large, max-video-preview:-1\" \/>\n<link rel=\"canonical\" href=\"https:\/\/www.smartystore.it\/fr\/prodotto\/enrouleur-rotatif-avec-fixation-murale-et-ruban-de-45-metres\/\" \/>\n<meta property=\"og:locale\" content=\"fr_FR\" \/>\n<meta property=\"og:type\" content=\"article\" \/>\n<meta property=\"og:title\" content=\"Enrouleur rotatif avec fixation murale et ruban de 4,5 m\u00e8tres - Smarty Store\" \/>\n<meta property=\"og:description\" content=\"Enrouleur mural rotatif avec un ruban de 4,5 m\u00e8tres disponible en deux couleurs. Peut \u00eatre achet\u00e9 seul ou avec le clip de r\u00e9ception mural.\" \/>\n<meta property=\"og:url\" content=\"https:\/\/www.smartystore.it\/fr\/prodotto\/enrouleur-rotatif-avec-fixation-murale-et-ruban-de-45-metres\/\" \/>\n<meta property=\"og:site_name\" content=\"Smarty Store\" \/>\n<meta property=\"og:image\" content=\"https:\/\/www.smartystore.it\/v25\/wp-content\/uploads\/2021\/03\/Avvolgitore-con-attacco-a-muro-girevole-con-nastro-bianco-rosso-e-nero-giallo-di-45-metri.jpg\" \/>\n\t<meta property=\"og:image:width\" content=\"1000\" \/>\n\t<meta property=\"og:image:height\" content=\"1000\" \/>\n\t<meta property=\"og:image:type\" content=\"image\/jpeg\" \/>\n<meta name=\"twitter:card\" content=\"summary_large_image\" \/>\n<meta name=\"twitter:label1\" content=\"Dur\u00e9e de lecture estim\u00e9e\" \/>\n\t<meta name=\"twitter:data1\" content=\"2 minutes\" \/>\n<script type=\"application\/ld+json\" class=\"yoast-schema-graph\">{\"@context\":\"https:\\\/\\\/schema.org\",\"@graph\":[{\"@type\":\"WebPage\",\"@id\":\"https:\\\/\\\/www.smartystore.it\\\/fr\\\/prodotto\\\/enrouleur-rotatif-avec-fixation-murale-et-ruban-de-45-metres\\\/\",\"url\":\"https:\\\/\\\/www.smartystore.it\\\/fr\\\/prodotto\\\/enrouleur-rotatif-avec-fixation-murale-et-ruban-de-45-metres\\\/\",\"name\":\"Enrouleur rotatif avec fixation murale et ruban de 4,5 m\u00e8tres - Smarty Store\",\"isPartOf\":{\"@id\":\"https:\\\/\\\/www.smartystore.it\\\/fr\\\/#website\"},\"primaryImageOfPage\":{\"@id\":\"https:\\\/\\\/www.smartystore.it\\\/fr\\\/prodotto\\\/enrouleur-rotatif-avec-fixation-murale-et-ruban-de-45-metres\\\/#primaryimage\"},\"image\":{\"@id\":\"https:\\\/\\\/www.smartystore.it\\\/fr\\\/prodotto\\\/enrouleur-rotatif-avec-fixation-murale-et-ruban-de-45-metres\\\/#primaryimage\"},\"thumbnailUrl\":\"https:\\\/\\\/www.smartystore.it\\\/v25\\\/wp-content\\\/uploads\\\/2021\\\/03\\\/Avvolgitore-con-attacco-a-muro-girevole-con-nastro-bianco-rosso-e-nero-giallo-di-45-metri.jpg\",\"datePublished\":\"2025-07-09T15:35:59+00:00\",\"description\":\"Enrouleur mural rotatif avec un ruban de 4,5 m\u00e8tres disponible en deux couleurs. Peut \u00eatre achet\u00e9 seul ou avec le clip de r\u00e9ception mural.\",\"breadcrumb\":{\"@id\":\"https:\\\/\\\/www.smartystore.it\\\/fr\\\/prodotto\\\/enrouleur-rotatif-avec-fixation-murale-et-ruban-de-45-metres\\\/#breadcrumb\"},\"inLanguage\":\"fr-FR\",\"potentialAction\":[{\"@type\":\"ReadAction\",\"target\":[\"https:\\\/\\\/www.smartystore.it\\\/fr\\\/prodotto\\\/enrouleur-rotatif-avec-fixation-murale-et-ruban-de-45-metres\\\/\"]}]},{\"@type\":\"ImageObject\",\"inLanguage\":\"fr-FR\",\"@id\":\"https:\\\/\\\/www.smartystore.it\\\/fr\\\/prodotto\\\/enrouleur-rotatif-avec-fixation-murale-et-ruban-de-45-metres\\\/#primaryimage\",\"url\":\"https:\\\/\\\/www.smartystore.it\\\/v25\\\/wp-content\\\/uploads\\\/2021\\\/03\\\/Avvolgitore-con-attacco-a-muro-girevole-con-nastro-bianco-rosso-e-nero-giallo-di-45-metri.jpg\",\"contentUrl\":\"https:\\\/\\\/www.smartystore.it\\\/v25\\\/wp-content\\\/uploads\\\/2021\\\/03\\\/Avvolgitore-con-attacco-a-muro-girevole-con-nastro-bianco-rosso-e-nero-giallo-di-45-metri.jpg\",\"width\":1000,\"height\":1000,\"caption\":\"Avvolgitore con attacco a muro girevole con nastro bianco rosso e nero giallo di 4.5 metri\"},{\"@type\":\"BreadcrumbList\",\"@id\":\"https:\\\/\\\/www.smartystore.it\\\/fr\\\/prodotto\\\/enrouleur-rotatif-avec-fixation-murale-et-ruban-de-45-metres\\\/#breadcrumb\",\"itemListElement\":[{\"@type\":\"ListItem\",\"position\":1,\"name\":\"Home\",\"item\":\"https:\\\/\\\/www.smartystore.it\\\/fr\\\/\"},{\"@type\":\"ListItem\",\"position\":2,\"name\":\"Boutique\",\"item\":\"https:\\\/\\\/www.smartystore.it\\\/fr\\\/boutique\\\/\"},{\"@type\":\"ListItem\",\"position\":3,\"name\":\"Enrouleur rotatif avec fixation murale et ruban de 4,5 m\u00e8tres\"}]},{\"@type\":\"WebSite\",\"@id\":\"https:\\\/\\\/www.smartystore.it\\\/fr\\\/#website\",\"url\":\"https:\\\/\\\/www.smartystore.it\\\/fr\\\/\",\"name\":\"Smarty Store\",\"description\":\"Espositori Pubblicitari e Sistemi di Comunicazione Visiva\",\"potentialAction\":[{\"@type\":\"SearchAction\",\"target\":{\"@type\":\"EntryPoint\",\"urlTemplate\":\"https:\\\/\\\/www.smartystore.it\\\/fr\\\/?s={search_term_string}\"},\"query-input\":{\"@type\":\"PropertyValueSpecification\",\"valueRequired\":true,\"valueName\":\"search_term_string\"}}],\"inLanguage\":\"fr-FR\"}]}<\/script>\n<!-- \/ Yoast SEO plugin. -->","yoast_head_json":{"title":"Enrouleur rotatif avec fixation murale et ruban de 4,5 m\u00e8tres - Smarty Store","description":"Enrouleur mural rotatif avec un ruban de 4,5 m\u00e8tres disponible en deux couleurs. Peut \u00eatre achet\u00e9 seul ou avec le clip de r\u00e9ception mural.","robots":{"index":"index","follow":"follow","max-snippet":"max-snippet:-1","max-image-preview":"max-image-preview:large","max-video-preview":"max-video-preview:-1"},"canonical":"https:\/\/www.smartystore.it\/fr\/prodotto\/enrouleur-rotatif-avec-fixation-murale-et-ruban-de-45-metres\/","og_locale":"fr_FR","og_type":"article","og_title":"Enrouleur rotatif avec fixation murale et ruban de 4,5 m\u00e8tres - Smarty Store","og_description":"Enrouleur mural rotatif avec un ruban de 4,5 m\u00e8tres disponible en deux couleurs. Peut \u00eatre achet\u00e9 seul ou avec le clip de r\u00e9ception mural.","og_url":"https:\/\/www.smartystore.it\/fr\/prodotto\/enrouleur-rotatif-avec-fixation-murale-et-ruban-de-45-metres\/","og_site_name":"Smarty Store","og_image":[{"width":1000,"height":1000,"url":"https:\/\/www.smartystore.it\/v25\/wp-content\/uploads\/2021\/03\/Avvolgitore-con-attacco-a-muro-girevole-con-nastro-bianco-rosso-e-nero-giallo-di-45-metri.jpg","type":"image\/jpeg"}],"twitter_card":"summary_large_image","twitter_misc":{"Dur\u00e9e de lecture estim\u00e9e":"2 minutes"},"schema":{"@context":"https:\/\/schema.org","@graph":[{"@type":"WebPage","@id":"https:\/\/www.smartystore.it\/fr\/prodotto\/enrouleur-rotatif-avec-fixation-murale-et-ruban-de-45-metres\/","url":"https:\/\/www.smartystore.it\/fr\/prodotto\/enrouleur-rotatif-avec-fixation-murale-et-ruban-de-45-metres\/","name":"Enrouleur rotatif avec fixation murale et ruban de 4,5 m\u00e8tres - Smarty Store","isPartOf":{"@id":"https:\/\/www.smartystore.it\/fr\/#website"},"primaryImageOfPage":{"@id":"https:\/\/www.smartystore.it\/fr\/prodotto\/enrouleur-rotatif-avec-fixation-murale-et-ruban-de-45-metres\/#primaryimage"},"image":{"@id":"https:\/\/www.smartystore.it\/fr\/prodotto\/enrouleur-rotatif-avec-fixation-murale-et-ruban-de-45-metres\/#primaryimage"},"thumbnailUrl":"https:\/\/www.smartystore.it\/v25\/wp-content\/uploads\/2021\/03\/Avvolgitore-con-attacco-a-muro-girevole-con-nastro-bianco-rosso-e-nero-giallo-di-45-metri.jpg","datePublished":"2025-07-09T15:35:59+00:00","description":"Enrouleur mural rotatif avec un ruban de 4,5 m\u00e8tres disponible en deux couleurs. Peut \u00eatre achet\u00e9 seul ou avec le clip de r\u00e9ception mural.","breadcrumb":{"@id":"https:\/\/www.smartystore.it\/fr\/prodotto\/enrouleur-rotatif-avec-fixation-murale-et-ruban-de-45-metres\/#breadcrumb"},"inLanguage":"fr-FR","potentialAction":[{"@type":"ReadAction","target":["https:\/\/www.smartystore.it\/fr\/prodotto\/enrouleur-rotatif-avec-fixation-murale-et-ruban-de-45-metres\/"]}]},{"@type":"ImageObject","inLanguage":"fr-FR","@id":"https:\/\/www.smartystore.it\/fr\/prodotto\/enrouleur-rotatif-avec-fixation-murale-et-ruban-de-45-metres\/#primaryimage","url":"https:\/\/www.smartystore.it\/v25\/wp-content\/uploads\/2021\/03\/Avvolgitore-con-attacco-a-muro-girevole-con-nastro-bianco-rosso-e-nero-giallo-di-45-metri.jpg","contentUrl":"https:\/\/www.smartystore.it\/v25\/wp-content\/uploads\/2021\/03\/Avvolgitore-con-attacco-a-muro-girevole-con-nastro-bianco-rosso-e-nero-giallo-di-45-metri.jpg","width":1000,"height":1000,"caption":"Avvolgitore con attacco a muro girevole con nastro bianco rosso e nero giallo di 4.5 metri"},{"@type":"BreadcrumbList","@id":"https:\/\/www.smartystore.it\/fr\/prodotto\/enrouleur-rotatif-avec-fixation-murale-et-ruban-de-45-metres\/#breadcrumb","itemListElement":[{"@type":"ListItem","position":1,"name":"Home","item":"https:\/\/www.smartystore.it\/fr\/"},{"@type":"ListItem","position":2,"name":"Boutique","item":"https:\/\/www.smartystore.it\/fr\/boutique\/"},{"@type":"ListItem","position":3,"name":"Enrouleur rotatif avec fixation murale et ruban de 4,5 m\u00e8tres"}]},{"@type":"WebSite","@id":"https:\/\/www.smartystore.it\/fr\/#website","url":"https:\/\/www.smartystore.it\/fr\/","name":"Smarty Store","description":"Espositori Pubblicitari e Sistemi di Comunicazione Visiva","potentialAction":[{"@type":"SearchAction","target":{"@type":"EntryPoint","urlTemplate":"https:\/\/www.smartystore.it\/fr\/?s={search_term_string}"},"query-input":{"@type":"PropertyValueSpecification","valueRequired":true,"valueName":"search_term_string"}}],"inLanguage":"fr-FR"}]}},"brands":[],"_links":{"self":[{"href":"https:\/\/www.smartystore.it\/fr\/wp-json\/wp\/v2\/product\/94415","targetHints":{"allow":["GET"]}}],"collection":[{"href":"https:\/\/www.smartystore.it\/fr\/wp-json\/wp\/v2\/product"}],"about":[{"href":"https:\/\/www.smartystore.it\/fr\/wp-json\/wp\/v2\/types\/product"}],"replies":[{"embeddable":true,"href":"https:\/\/www.smartystore.it\/fr\/wp-json\/wp\/v2\/comments?post=94415"}],"wp:featuredmedia":[{"embeddable":true,"href":"https:\/\/www.smartystore.it\/fr\/wp-json\/wp\/v2\/media\/94409"}],"wp:attachment":[{"href":"https:\/\/www.smartystore.it\/fr\/wp-json\/wp\/v2\/media?parent=94415"}],"wp:term":[{"taxonomy":"pwb-brand","embeddable":true,"href":"https:\/\/www.smartystore.it\/fr\/wp-json\/wp\/v2\/pwb-brand?post=94415"},{"taxonomy":"product_brand","embeddable":true,"href":"https:\/\/www.smartystore.it\/fr\/wp-json\/wp\/v2\/product_brand?post=94415"},{"taxonomy":"product_cat","embeddable":true,"href":"https:\/\/www.smartystore.it\/fr\/wp-json\/wp\/v2\/product_cat?post=94415"},{"taxonomy":"product_tag","embeddable":true,"href":"https:\/\/www.smartystore.it\/fr\/wp-json\/wp\/v2\/product_tag?post=94415"}],"curies":[{"name":"wp","href":"https:\/\/api.w.org\/{rel}","templated":true}]}}