{"id":94383,"date":"2021-02-26T14:42:26","date_gmt":"2025-07-09T14:27:44","guid":{"rendered":"https:\/\/www.smartystore.it\/prodotto\/colonne-de-marquage-noire-avec-double-ruban-de-3-metres-ruban-inferieur-noir\/"},"modified":"2025-07-09T16:27:44","modified_gmt":"2025-07-09T14:27:44","slug":"colonne-de-marquage-noire-avec-double-ruban-de-3-metres-ruban-inferieur-noir","status":"publish","type":"product","link":"https:\/\/www.smartystore.it\/fr\/prodotto\/colonne-de-marquage-noire-avec-double-ruban-de-3-metres-ruban-inferieur-noir\/","title":{"rendered":"Colonne de marquage noire avec double ruban de 3 m\u00e8tres &#8211; ruban inf\u00e9rieur noir"},"content":{"rendered":"<h2>Colonne de tension \u00e0 double bande : s\u00e9curit\u00e9 et personnalisation<\/h2>\n<p>Le poteau tendeur \u00e0 double bande de 3 m\u00e8tres est un dispositif destin\u00e9 \u00e0 assurer la s\u00e9curit\u00e9 dans les espaces publics et priv\u00e9s en obstruant le passage des enfants et des gros chiens par le bas. Fabriqu\u00e9 en acier robuste avec une finition noire, ce poteau est un \u00e9l\u00e9ment de design fonctionnel et durable qui s&rsquo;int\u00e8gre harmonieusement dans n&rsquo;importe quel contexte. <\/p>\n<p>Le syst\u00e8me est \u00e9quip\u00e9 d&rsquo;une bande inf\u00e9rieure noire clairement visible, qui sert \u00e0 marquer efficacement les zones \u00e0 \u00e9viter. Cette caract\u00e9ristique est essentielle pour pr\u00e9venir les situations potentiellement dangereuses et contribuer \u00e0 cr\u00e9er des environnements plus s\u00fbrs pour tous. <\/p>\n<p>L&rsquo;un des aspects distinctifs de la colonne est sa capacit\u00e9 de personnalisation. Les rubans peuvent \u00eatre personnalis\u00e9s avec votre propre logo ou une inscription sur demande, ce qui permet aux entreprises et aux organisations de promouvoir leur marque tout en veillant \u00e0 la s\u00e9curit\u00e9 des utilisateurs. Cette possibilit\u00e9 de personnalisation fait de la borne non seulement un outil pratique, mais aussi un moyen efficace de communication visuelle.  <\/p>\n<p>En outre, la bande sup\u00e9rieure est disponible en neuf couleurs diff\u00e9rentes : orange, blanc, blanc\/rouge, bleu, jaune, noir, noir\/jaune, rouge et vert. Cette vari\u00e9t\u00e9 offre la possibilit\u00e9 de choisir les teintes les mieux adapt\u00e9es au contexte dans lequel la colonne sera install\u00e9e, permettant ainsi une meilleure int\u00e9gration esth\u00e9tique dans l&rsquo;environnement. <\/p>\n<p>En conclusion, la borne \u00e0 double ruban est une solution id\u00e9ale pour assurer la s\u00e9curit\u00e9 dans diverses situations, alliant fonctionnalit\u00e9, esth\u00e9tique et possibilit\u00e9 de personnalisation, ce qui en fait un excellent choix pour tous les besoins de protection et de signalisation.<\/p>\n<h3>CARACT\u00c9RISTIQUES<\/h3>\n<p>La ceinture sup\u00e9rieure est disponible en 9 couleurs : orange, blanc, blanc\/rouge, bleu, jaune, noir, noir\/jaune, rouge, vert.<\/p>\n<p>Dimensions du ruban : L 3 m\u00e8tres environ &#8211; H 5 cm.<\/p>\n<p>Enrouleur avec m\u00e9canisme d&rsquo;auto-freinage avec clip de verrouillage de s\u00e9curit\u00e9 et trois crochets de r\u00e9ception.<\/p>\n<p>Base avec couvercle en acier \u00d8 36 cm, colonne \u00d8 6,3 cm, hauteur de la colonne 101 cm.<\/p>\n<p>Poids total de la colonne : 10 kg &#8211; Le poids assure une plus grande stabilit\u00e9.<\/p>\n<p>Le co\u00fbt se r\u00e9f\u00e8re \u00e0 une colonne compl\u00e8te avec deux courroies.<\/p>\n<p>Possibilit\u00e9 de personnaliser le ruban sup\u00e9rieur des deux c\u00f4t\u00e9s avec un logo en une ou plusieurs couleurs, sauf pour les rubans noir\/jaune et blanc\/rouge (contactez-nous pour plus d&rsquo;informations et pour conna\u00eetre les co\u00fbts).<\/p>\n<table class=\" alignleft\" style=\"width: 25%; border-collapse: collapse; border-style: double; border-color: #f7a500;\">\n<tbody>\n<tr>\n<td style=\"width: 100%;\"><a href=\"https:\/\/www.smartystore.it\/wp-content\/uploads\/2021\/02\/STR-STOP51DN.pdf\" target=\"_blank\" rel=\"noopener\"><strong><img loading=\"lazy\" decoding=\"async\" class=\"size-full wp-image-31489\" style=\"vertical-align: middle;\" src=\"https:\/\/www.smartystore.it\/wp-content\/uploads\/2013\/05\/freccia-scarica.jpg\" alt=\"\" width=\"30\" height=\"30\"><\/strong><strong>  FICHE TECHNIQUE<\/strong><\/a><\/td>\n<\/tr>\n<\/tbody>\n<\/table>\n","protected":false},"excerpt":{"rendered":"<p>Colonne de tension en acier, finition noire, avec double courroie enveloppante de 3 m\u00e8tres. La courroie inf\u00e9rieure est noire, la courroie sup\u00e9rieure est disponible en neuf couleurs. <\/p>\n","protected":false},"featured_media":94382,"comment_status":"open","ping_status":"closed","template":"","meta":{"_acf_changed":false},"pwb-brand":[],"product_brand":[],"product_cat":[3676],"product_tag":[],"class_list":{"0":"post-94383","1":"product","2":"type-product","3":"status-publish","4":"has-post-thumbnail","6":"product_cat-balises-ditineraire-speciales","7":"pa_c2c_color-blanc","8":"pa_c2c_color-bleu","9":"pa_c2c_color-jaune","10":"pa_c2c_color-noir","11":"pa_c2c_color-noir-jaune","12":"pa_c2c_color-orange","13":"pa_c2c_color-rouge","14":"pa_c2c_color-rouge-blanc","15":"pa_c2c_color-vert","16":"pa_c2c_dimensione-3-metres","17":"pa_c2c_trovraprezzi-oui","19":"first","20":"instock","21":"taxable","22":"shipping-taxable","23":"purchasable","24":"product-type-variable"},"acf":[],"yoast_head":"<!-- This site is optimized with the Yoast SEO plugin v27.4 - https:\/\/yoast.com\/product\/yoast-seo-wordpress\/ -->\n<title>Colonne de marquage noire avec double ruban de 3 m\u00e8tres - ruban inf\u00e9rieur noir - Smarty Store<\/title>\n<meta name=\"description\" content=\"Colonne d&#039;\u00e9tirement de bande avec double bande enroul\u00e9e de 3 m\u00e8tres. Bande inf\u00e9rieure en noir, bande sup\u00e9rieure disponible en neuf couleurs.\" \/>\n<meta name=\"robots\" content=\"index, follow, max-snippet:-1, max-image-preview:large, max-video-preview:-1\" \/>\n<link rel=\"canonical\" href=\"https:\/\/www.smartystore.it\/fr\/prodotto\/colonne-de-marquage-noire-avec-double-ruban-de-3-metres-ruban-inferieur-noir\/\" \/>\n<meta property=\"og:locale\" content=\"fr_FR\" \/>\n<meta property=\"og:type\" content=\"article\" \/>\n<meta property=\"og:title\" content=\"Colonne de marquage noire avec double ruban de 3 m\u00e8tres - ruban inf\u00e9rieur noir - Smarty Store\" \/>\n<meta property=\"og:description\" content=\"Colonne d&#039;\u00e9tirement de bande avec double bande enroul\u00e9e de 3 m\u00e8tres. Bande inf\u00e9rieure en noir, bande sup\u00e9rieure disponible en neuf couleurs.\" \/>\n<meta property=\"og:url\" content=\"https:\/\/www.smartystore.it\/fr\/prodotto\/colonne-de-marquage-noire-avec-double-ruban-de-3-metres-ruban-inferieur-noir\/\" \/>\n<meta property=\"og:site_name\" content=\"Smarty Store\" \/>\n<meta property=\"og:image\" content=\"https:\/\/www.smartystore.it\/v25\/wp-content\/uploads\/2021\/02\/Colonnina-segna-percorso-nera-doppio-nastro-nero-3-metri.jpg\" \/>\n\t<meta property=\"og:image:width\" content=\"1000\" \/>\n\t<meta property=\"og:image:height\" content=\"1000\" \/>\n\t<meta property=\"og:image:type\" content=\"image\/jpeg\" \/>\n<meta name=\"twitter:card\" content=\"summary_large_image\" \/>\n<meta name=\"twitter:label1\" content=\"Dur\u00e9e de lecture estim\u00e9e\" \/>\n\t<meta name=\"twitter:data1\" content=\"2 minutes\" \/>\n<script type=\"application\/ld+json\" class=\"yoast-schema-graph\">{\"@context\":\"https:\\\/\\\/schema.org\",\"@graph\":[{\"@type\":\"WebPage\",\"@id\":\"https:\\\/\\\/www.smartystore.it\\\/fr\\\/prodotto\\\/colonne-de-marquage-noire-avec-double-ruban-de-3-metres-ruban-inferieur-noir\\\/\",\"url\":\"https:\\\/\\\/www.smartystore.it\\\/fr\\\/prodotto\\\/colonne-de-marquage-noire-avec-double-ruban-de-3-metres-ruban-inferieur-noir\\\/\",\"name\":\"Colonne de marquage noire avec double ruban de 3 m\u00e8tres - ruban inf\u00e9rieur noir - Smarty Store\",\"isPartOf\":{\"@id\":\"https:\\\/\\\/www.smartystore.it\\\/fr\\\/#website\"},\"primaryImageOfPage\":{\"@id\":\"https:\\\/\\\/www.smartystore.it\\\/fr\\\/prodotto\\\/colonne-de-marquage-noire-avec-double-ruban-de-3-metres-ruban-inferieur-noir\\\/#primaryimage\"},\"image\":{\"@id\":\"https:\\\/\\\/www.smartystore.it\\\/fr\\\/prodotto\\\/colonne-de-marquage-noire-avec-double-ruban-de-3-metres-ruban-inferieur-noir\\\/#primaryimage\"},\"thumbnailUrl\":\"https:\\\/\\\/www.smartystore.it\\\/v25\\\/wp-content\\\/uploads\\\/2021\\\/02\\\/Colonnina-segna-percorso-nera-doppio-nastro-nero-3-metri.jpg\",\"datePublished\":\"2025-07-09T14:27:44+00:00\",\"description\":\"Colonne d'\u00e9tirement de bande avec double bande enroul\u00e9e de 3 m\u00e8tres. Bande inf\u00e9rieure en noir, bande sup\u00e9rieure disponible en neuf couleurs.\",\"breadcrumb\":{\"@id\":\"https:\\\/\\\/www.smartystore.it\\\/fr\\\/prodotto\\\/colonne-de-marquage-noire-avec-double-ruban-de-3-metres-ruban-inferieur-noir\\\/#breadcrumb\"},\"inLanguage\":\"fr-FR\",\"potentialAction\":[{\"@type\":\"ReadAction\",\"target\":[\"https:\\\/\\\/www.smartystore.it\\\/fr\\\/prodotto\\\/colonne-de-marquage-noire-avec-double-ruban-de-3-metres-ruban-inferieur-noir\\\/\"]}]},{\"@type\":\"ImageObject\",\"inLanguage\":\"fr-FR\",\"@id\":\"https:\\\/\\\/www.smartystore.it\\\/fr\\\/prodotto\\\/colonne-de-marquage-noire-avec-double-ruban-de-3-metres-ruban-inferieur-noir\\\/#primaryimage\",\"url\":\"https:\\\/\\\/www.smartystore.it\\\/v25\\\/wp-content\\\/uploads\\\/2021\\\/02\\\/Colonnina-segna-percorso-nera-doppio-nastro-nero-3-metri.jpg\",\"contentUrl\":\"https:\\\/\\\/www.smartystore.it\\\/v25\\\/wp-content\\\/uploads\\\/2021\\\/02\\\/Colonnina-segna-percorso-nera-doppio-nastro-nero-3-metri.jpg\",\"width\":1000,\"height\":1000,\"caption\":\"Colonnina tendi nastro nera doppio nastro nero 3 metri\"},{\"@type\":\"BreadcrumbList\",\"@id\":\"https:\\\/\\\/www.smartystore.it\\\/fr\\\/prodotto\\\/colonne-de-marquage-noire-avec-double-ruban-de-3-metres-ruban-inferieur-noir\\\/#breadcrumb\",\"itemListElement\":[{\"@type\":\"ListItem\",\"position\":1,\"name\":\"Home\",\"item\":\"https:\\\/\\\/www.smartystore.it\\\/fr\\\/\"},{\"@type\":\"ListItem\",\"position\":2,\"name\":\"Boutique\",\"item\":\"https:\\\/\\\/www.smartystore.it\\\/fr\\\/boutique\\\/\"},{\"@type\":\"ListItem\",\"position\":3,\"name\":\"Colonne de marquage noire avec double ruban de 3 m\u00e8tres &#8211; ruban inf\u00e9rieur noir\"}]},{\"@type\":\"WebSite\",\"@id\":\"https:\\\/\\\/www.smartystore.it\\\/fr\\\/#website\",\"url\":\"https:\\\/\\\/www.smartystore.it\\\/fr\\\/\",\"name\":\"Smarty Store\",\"description\":\"Espositori Pubblicitari e Sistemi di Comunicazione Visiva\",\"potentialAction\":[{\"@type\":\"SearchAction\",\"target\":{\"@type\":\"EntryPoint\",\"urlTemplate\":\"https:\\\/\\\/www.smartystore.it\\\/fr\\\/?s={search_term_string}\"},\"query-input\":{\"@type\":\"PropertyValueSpecification\",\"valueRequired\":true,\"valueName\":\"search_term_string\"}}],\"inLanguage\":\"fr-FR\"}]}<\/script>\n<!-- \/ Yoast SEO plugin. -->","yoast_head_json":{"title":"Colonne de marquage noire avec double ruban de 3 m\u00e8tres - ruban inf\u00e9rieur noir - Smarty Store","description":"Colonne d'\u00e9tirement de bande avec double bande enroul\u00e9e de 3 m\u00e8tres. Bande inf\u00e9rieure en noir, bande sup\u00e9rieure disponible en neuf couleurs.","robots":{"index":"index","follow":"follow","max-snippet":"max-snippet:-1","max-image-preview":"max-image-preview:large","max-video-preview":"max-video-preview:-1"},"canonical":"https:\/\/www.smartystore.it\/fr\/prodotto\/colonne-de-marquage-noire-avec-double-ruban-de-3-metres-ruban-inferieur-noir\/","og_locale":"fr_FR","og_type":"article","og_title":"Colonne de marquage noire avec double ruban de 3 m\u00e8tres - ruban inf\u00e9rieur noir - Smarty Store","og_description":"Colonne d'\u00e9tirement de bande avec double bande enroul\u00e9e de 3 m\u00e8tres. Bande inf\u00e9rieure en noir, bande sup\u00e9rieure disponible en neuf couleurs.","og_url":"https:\/\/www.smartystore.it\/fr\/prodotto\/colonne-de-marquage-noire-avec-double-ruban-de-3-metres-ruban-inferieur-noir\/","og_site_name":"Smarty Store","og_image":[{"width":1000,"height":1000,"url":"https:\/\/www.smartystore.it\/v25\/wp-content\/uploads\/2021\/02\/Colonnina-segna-percorso-nera-doppio-nastro-nero-3-metri.jpg","type":"image\/jpeg"}],"twitter_card":"summary_large_image","twitter_misc":{"Dur\u00e9e de lecture estim\u00e9e":"2 minutes"},"schema":{"@context":"https:\/\/schema.org","@graph":[{"@type":"WebPage","@id":"https:\/\/www.smartystore.it\/fr\/prodotto\/colonne-de-marquage-noire-avec-double-ruban-de-3-metres-ruban-inferieur-noir\/","url":"https:\/\/www.smartystore.it\/fr\/prodotto\/colonne-de-marquage-noire-avec-double-ruban-de-3-metres-ruban-inferieur-noir\/","name":"Colonne de marquage noire avec double ruban de 3 m\u00e8tres - ruban inf\u00e9rieur noir - Smarty Store","isPartOf":{"@id":"https:\/\/www.smartystore.it\/fr\/#website"},"primaryImageOfPage":{"@id":"https:\/\/www.smartystore.it\/fr\/prodotto\/colonne-de-marquage-noire-avec-double-ruban-de-3-metres-ruban-inferieur-noir\/#primaryimage"},"image":{"@id":"https:\/\/www.smartystore.it\/fr\/prodotto\/colonne-de-marquage-noire-avec-double-ruban-de-3-metres-ruban-inferieur-noir\/#primaryimage"},"thumbnailUrl":"https:\/\/www.smartystore.it\/v25\/wp-content\/uploads\/2021\/02\/Colonnina-segna-percorso-nera-doppio-nastro-nero-3-metri.jpg","datePublished":"2025-07-09T14:27:44+00:00","description":"Colonne d'\u00e9tirement de bande avec double bande enroul\u00e9e de 3 m\u00e8tres. Bande inf\u00e9rieure en noir, bande sup\u00e9rieure disponible en neuf couleurs.","breadcrumb":{"@id":"https:\/\/www.smartystore.it\/fr\/prodotto\/colonne-de-marquage-noire-avec-double-ruban-de-3-metres-ruban-inferieur-noir\/#breadcrumb"},"inLanguage":"fr-FR","potentialAction":[{"@type":"ReadAction","target":["https:\/\/www.smartystore.it\/fr\/prodotto\/colonne-de-marquage-noire-avec-double-ruban-de-3-metres-ruban-inferieur-noir\/"]}]},{"@type":"ImageObject","inLanguage":"fr-FR","@id":"https:\/\/www.smartystore.it\/fr\/prodotto\/colonne-de-marquage-noire-avec-double-ruban-de-3-metres-ruban-inferieur-noir\/#primaryimage","url":"https:\/\/www.smartystore.it\/v25\/wp-content\/uploads\/2021\/02\/Colonnina-segna-percorso-nera-doppio-nastro-nero-3-metri.jpg","contentUrl":"https:\/\/www.smartystore.it\/v25\/wp-content\/uploads\/2021\/02\/Colonnina-segna-percorso-nera-doppio-nastro-nero-3-metri.jpg","width":1000,"height":1000,"caption":"Colonnina tendi nastro nera doppio nastro nero 3 metri"},{"@type":"BreadcrumbList","@id":"https:\/\/www.smartystore.it\/fr\/prodotto\/colonne-de-marquage-noire-avec-double-ruban-de-3-metres-ruban-inferieur-noir\/#breadcrumb","itemListElement":[{"@type":"ListItem","position":1,"name":"Home","item":"https:\/\/www.smartystore.it\/fr\/"},{"@type":"ListItem","position":2,"name":"Boutique","item":"https:\/\/www.smartystore.it\/fr\/boutique\/"},{"@type":"ListItem","position":3,"name":"Colonne de marquage noire avec double ruban de 3 m\u00e8tres &#8211; ruban inf\u00e9rieur noir"}]},{"@type":"WebSite","@id":"https:\/\/www.smartystore.it\/fr\/#website","url":"https:\/\/www.smartystore.it\/fr\/","name":"Smarty Store","description":"Espositori Pubblicitari e Sistemi di Comunicazione Visiva","potentialAction":[{"@type":"SearchAction","target":{"@type":"EntryPoint","urlTemplate":"https:\/\/www.smartystore.it\/fr\/?s={search_term_string}"},"query-input":{"@type":"PropertyValueSpecification","valueRequired":true,"valueName":"search_term_string"}}],"inLanguage":"fr-FR"}]}},"brands":[],"_links":{"self":[{"href":"https:\/\/www.smartystore.it\/fr\/wp-json\/wp\/v2\/product\/94383","targetHints":{"allow":["GET"]}}],"collection":[{"href":"https:\/\/www.smartystore.it\/fr\/wp-json\/wp\/v2\/product"}],"about":[{"href":"https:\/\/www.smartystore.it\/fr\/wp-json\/wp\/v2\/types\/product"}],"replies":[{"embeddable":true,"href":"https:\/\/www.smartystore.it\/fr\/wp-json\/wp\/v2\/comments?post=94383"}],"wp:featuredmedia":[{"embeddable":true,"href":"https:\/\/www.smartystore.it\/fr\/wp-json\/wp\/v2\/media\/94382"}],"wp:attachment":[{"href":"https:\/\/www.smartystore.it\/fr\/wp-json\/wp\/v2\/media?parent=94383"}],"wp:term":[{"taxonomy":"pwb-brand","embeddable":true,"href":"https:\/\/www.smartystore.it\/fr\/wp-json\/wp\/v2\/pwb-brand?post=94383"},{"taxonomy":"product_brand","embeddable":true,"href":"https:\/\/www.smartystore.it\/fr\/wp-json\/wp\/v2\/product_brand?post=94383"},{"taxonomy":"product_cat","embeddable":true,"href":"https:\/\/www.smartystore.it\/fr\/wp-json\/wp\/v2\/product_cat?post=94383"},{"taxonomy":"product_tag","embeddable":true,"href":"https:\/\/www.smartystore.it\/fr\/wp-json\/wp\/v2\/product_tag?post=94383"}],"curies":[{"name":"wp","href":"https:\/\/api.w.org\/{rel}","templated":true}]}}