{"id":94298,"date":"2021-03-29T16:03:53","date_gmt":"2021-03-29T14:03:53","guid":{"rendered":"https:\/\/www.smartystore.it\/prodotto\/afficheur-a-cadre-clipsable-3xa3\/"},"modified":"2026-03-16T11:20:49","modified_gmt":"2026-03-16T09:20:49","slug":"afficheur-a-cadre-clipsable-3xa3","status":"publish","type":"product","link":"https:\/\/www.smartystore.it\/fr\/prodotto\/afficheur-a-cadre-clipsable-3xa3\/","title":{"rendered":"Afficheur \u00e0 cadre clipsable 3xA3"},"content":{"rendered":"<div class=\"wpb-content-wrapper\"><p>[vc_row][vc_column][vc_column_text css=\u00a0\u00bb\u00a0\u00bb css_params=\u00a0\u00bb\u00a0\u00bb]<\/p>\n<h1>Afficheur \u00e0 cadre clipsable 3xA3<\/h1>\n<p>Le pr\u00e9sentoir 3xA3 snap frame est une structure sur pied qui fait partie de la ligne QUADRA SERIES. Enti\u00e8rement r\u00e9alis\u00e9 en aluminium, il se compose d&rsquo;un cadre \u00e0 encliqueter pour les imprim\u00e9s A3, d&rsquo;un montant \u00e0 section carr\u00e9e (d&rsquo;o\u00f9 le nom de la s\u00e9rie) et d&rsquo;une base en m\u00e9tal poudr\u00e9 argent\u00e9. <\/p>\n<p>Adapt\u00e9 \u00e0 l&rsquo;affichage de messages promotionnels ou m\u00eame simplement de messages pour indiquer la direction \u00e0 suivre pour atteindre les bureaux et les \u00e9tages souhait\u00e9s, le pr\u00e9sentoir autoportant avec cadre clic-clac peut \u00eatre utilis\u00e9 dans des endroits tels que les salles d&rsquo;exposition, les supermarch\u00e9s, les r\u00e9unions, les conventions, les entr\u00e9es d&rsquo;entreprise et dans tout endroit o\u00f9 vous avez besoin d&rsquo;afficher votre message.<\/p>\n<p>Le poteau de 30\u00d730 mm rend la structure <strong>plus robuste et plus stable.<\/strong><\/p>\n<h2>Personnalisation de l&rsquo;\u00e9cran 3xA3 Snap Frame<\/h2>\n<p>Ce pr\u00e9sentoir peut \u00eatre personnalis\u00e9 selon vos besoins en choisissant la finition du cadre lors de l&rsquo;achat (angles vifs ou arrondis). Le cadre est d\u00e9j\u00e0 pr\u00eat \u00e0 l&#8217;emploi, vous pouvez donc le positionner verticalement ou horizontalement selon les informations \u00e0 afficher. <\/p>\n<p>Une autre remarque suppl\u00e9mentaire est la possibilit\u00e9 de choisir lors de la commande si vous souhaitez l&rsquo;affichage en version simple face ou double face selon que vous devez le positionner sur un passage \u00e0 sens unique ou \u00e0 double sens.<\/p>\n<h3>CARACT\u00c9RISTIQUES:<\/h3>\n<p>Cadre : cadre 25 (largeur du profil : 25 mm.).<\/p>\n<p>Possibilit\u00e9 de choisir le type de cadre : coin pointu ou coin rond chrom\u00e9.<\/p>\n<p>Possibilit\u00e9 de changer d&rsquo;orientation : verticale ou horizontale.<\/p>\n<p>Montant en aluminium anodis\u00e9 \u00e0 section carr\u00e9e : H 185- L 3 cm.<\/p>\n<p>Base carr\u00e9e en m\u00e9tal thermolaqu\u00e9 argent : L 32 cm. &#8211; H 0,6 cm. &#8211; P 32 cm.  <\/p>\n<p><span style=\"text-decoration: underline;\"><strong>BASE ANTI-TR\u00c9CISSEMENT ULTRA PLATE : \u00e9paisseur 6 mm.<\/strong><\/span><\/p>\n<p>Application d&rsquo;un cadre clic-clac en aluminium argent\u00e9 avec protection PVC antireflet.<\/p>\n<p>Format imprim\u00e9 : A3.<\/p>\n<p>Surface visible : 27,7 x 40 cm<\/p>\n<p>Dimensions du cadre : 32,8 x 45,1 cm.<\/p>\n<p>Dimensions de l&rsquo;affichage : L 32 &#8211; H 185,6 &#8211; P 32<\/p>\n<p>Poids de l&rsquo;\u00e9cran : environ 7,5 kg pour la version simple face et environ 9,5 kg pour la version double face.<\/p>\n<p>\u00c9galement disponible dans une version avec des cadres horizontaux et des montants doubles avec un panneau qui peut \u00eatre personnalis\u00e9 avec vos propres graphiques. <a href=\"https:\/\/www.smartystore.it\/fr\/prodotto\/presentoir-a-cadre-pression-3xa3-horizontal-avec-double-montant\/\" target=\"_blank\" rel=\"noopener\"><strong>LINK<\/strong><\/a><\/p>\n<p>SmartyStore assiste pleinement ses clients. Si vous avez besoin d&rsquo;affiches A3 \u00e0 ins\u00e9rer dans des cadres, vous trouverez ce que vous cherchez \u00e0 l&rsquo;adresse suivante <a href=\"https:\/\/www.smartystore.it\/it\/prodotto\/stampa-poster-monofacciale-su-carta\/\" target=\"_blank\" rel=\"noopener\"><strong>LIEN<\/strong><\/a><\/p>\n<p>&nbsp;<\/p>\n<p><a href=\"https:\/\/www.smartystore.it\/v25\/wp-content\/uploads\/2025\/06\/Scheda-tecnica-cornici-autoportanti-con-multi-cornici-A3-A4.pdf\" target=\"_blank\" rel=\"noopener\"><img loading=\"lazy\" decoding=\"async\" class=\"alignnone size-full wp-image-93510\" src=\"https:\/\/www.smartystore.it\/v25\/wp-content\/uploads\/2014\/10\/SchedaTecnica-300-e1750084266903.png\" alt=\"\" width=\"249\" height=\"63\"><br \/><\/a><\/p>\n<p>&nbsp;[\/vc_column_text][\/vc_column][\/vc_row]<\/p>\n<\/div>","protected":false},"excerpt":{"rendered":"<p>Structure autoportante simple ou double face avec montants et cadres A3 en aluminium anodis\u00e9 de section carr\u00e9e. Possibilit\u00e9 de choisir le type de finition des angles et l&rsquo;orientation du cadre. <\/p>\n","protected":false},"featured_media":94299,"comment_status":"open","ping_status":"closed","template":"","meta":{"_acf_changed":false},"pwb-brand":[],"product_brand":[3872],"product_cat":[2915,2912,2914,2913],"product_tag":[4678,4676,4675,3940,4672,4673,4674,4677],"class_list":{"0":"post-94298","1":"product","2":"type-product","3":"status-publish","4":"has-post-thumbnail","6":"product_brand-smartystore","7":"product_cat-ecrans-avec-cadres-instantanes","8":"product_cat-cadres-instantanes","9":"product_cat-quadra-series-fr","10":"product_cat-structures-autoportantes-et-soutient","11":"product_tag-les-panneaux-daffichage-a3-sur-pied","12":"product_tag-porte-message-a3","13":"product_tag-porte-message-a3-double-face-a-cadre-encliquetable","14":"product_tag-porte-message-a3-sur-pied","15":"product_tag-presentoir-a3-a-cadre-encliquetable-fr","16":"product_tag-presentoir-autoportant-avec-cadres-a-encliqueter-a3","17":"product_tag-presentoir-de-sol-avec-cadres-a3","18":"product_tag-presentoir-unilateral-a3-a-cadre-encliquetable","19":"pa_c2c_angolo-rond","20":"pa_c2c_angolo-vif","21":"pa_c2c_base-base-carree","22":"pa_c2c_color-argent","23":"pa_c2c_dimensione-3-x-a3-fr","24":"pa_c2c_mono_bifacciale-double-face","25":"pa_c2c_mono_bifacciale-simple-face","26":"pa_c2c_orientamento-horizontal","27":"pa_c2c_orientamento-verticale","28":"pa_c2c_trovraprezzi-oui","29":"pa_serie-quadra-series","31":"first","32":"instock","33":"taxable","34":"shipping-taxable","35":"purchasable","36":"product-type-variable"},"acf":[],"yoast_head":"<!-- This site is optimized with the Yoast SEO plugin v27.4 - https:\/\/yoast.com\/product\/yoast-seo-wordpress\/ -->\n<title>Afficheur \u00e0 cadre clipsable 3xA3 - Smarty Store Au Meilleur Prix<\/title>\n<meta name=\"description\" content=\"Pr\u00e9sentoir 3xA3, \u00e0 cadre amovible, recto ou recto-verso, avec une finition au choix, \u00e0 ar\u00eates vives ou arrondies.\" \/>\n<meta name=\"robots\" content=\"index, follow, max-snippet:-1, max-image-preview:large, max-video-preview:-1\" \/>\n<link rel=\"canonical\" href=\"https:\/\/www.smartystore.it\/fr\/prodotto\/afficheur-a-cadre-clipsable-3xa3\/\" \/>\n<meta property=\"og:locale\" content=\"fr_FR\" \/>\n<meta property=\"og:type\" content=\"article\" \/>\n<meta property=\"og:title\" content=\"Afficheur \u00e0 cadre clipsable 3xA3 - Smarty Store Au Meilleur Prix\" \/>\n<meta property=\"og:description\" content=\"Pr\u00e9sentoir 3xA3, \u00e0 cadre amovible, recto ou recto-verso, avec une finition au choix, \u00e0 ar\u00eates vives ou arrondies.\" \/>\n<meta property=\"og:url\" content=\"https:\/\/www.smartystore.it\/fr\/prodotto\/afficheur-a-cadre-clipsable-3xa3\/\" \/>\n<meta property=\"og:site_name\" content=\"Smarty Store\" \/>\n<meta property=\"article:modified_time\" content=\"2026-03-16T09:20:49+00:00\" \/>\n<meta property=\"og:image\" content=\"https:\/\/www.smartystore.it\/v25\/wp-content\/uploads\/2021\/03\/Cornice-a-scatto-autoportante-3xA3-monofacciale-bifacciale-verticale-orizzontale-angolo-vivo-tondo-profilo-30-2.jpg\" \/>\n\t<meta property=\"og:image:width\" content=\"1000\" \/>\n\t<meta property=\"og:image:height\" content=\"1000\" \/>\n\t<meta property=\"og:image:type\" content=\"image\/jpeg\" \/>\n<meta name=\"twitter:card\" content=\"summary_large_image\" \/>\n<meta name=\"twitter:label1\" content=\"Dur\u00e9e de lecture estim\u00e9e\" \/>\n\t<meta name=\"twitter:data1\" content=\"3 minutes\" \/>\n<script type=\"application\/ld+json\" class=\"yoast-schema-graph\">{\"@context\":\"https:\\\/\\\/schema.org\",\"@graph\":[{\"@type\":\"WebPage\",\"@id\":\"https:\\\/\\\/www.smartystore.it\\\/fr\\\/prodotto\\\/afficheur-a-cadre-clipsable-3xa3\\\/\",\"url\":\"https:\\\/\\\/www.smartystore.it\\\/fr\\\/prodotto\\\/afficheur-a-cadre-clipsable-3xa3\\\/\",\"name\":\"Afficheur \u00e0 cadre clipsable 3xA3 - Smarty Store Au Meilleur Prix\",\"isPartOf\":{\"@id\":\"https:\\\/\\\/www.smartystore.it\\\/fr\\\/#website\"},\"primaryImageOfPage\":{\"@id\":\"https:\\\/\\\/www.smartystore.it\\\/fr\\\/prodotto\\\/afficheur-a-cadre-clipsable-3xa3\\\/#primaryimage\"},\"image\":{\"@id\":\"https:\\\/\\\/www.smartystore.it\\\/fr\\\/prodotto\\\/afficheur-a-cadre-clipsable-3xa3\\\/#primaryimage\"},\"thumbnailUrl\":\"https:\\\/\\\/www.smartystore.it\\\/v25\\\/wp-content\\\/uploads\\\/2021\\\/03\\\/Cornice-a-scatto-autoportante-3xA3-monofacciale-bifacciale-verticale-orizzontale-angolo-vivo-tondo-profilo-30-2.jpg\",\"datePublished\":\"2021-03-29T14:03:53+00:00\",\"dateModified\":\"2026-03-16T09:20:49+00:00\",\"description\":\"Pr\u00e9sentoir 3xA3, \u00e0 cadre amovible, recto ou recto-verso, avec une finition au choix, \u00e0 ar\u00eates vives ou arrondies.\",\"breadcrumb\":{\"@id\":\"https:\\\/\\\/www.smartystore.it\\\/fr\\\/prodotto\\\/afficheur-a-cadre-clipsable-3xa3\\\/#breadcrumb\"},\"inLanguage\":\"fr-FR\",\"potentialAction\":[{\"@type\":\"ReadAction\",\"target\":[\"https:\\\/\\\/www.smartystore.it\\\/fr\\\/prodotto\\\/afficheur-a-cadre-clipsable-3xa3\\\/\"]}]},{\"@type\":\"ImageObject\",\"inLanguage\":\"fr-FR\",\"@id\":\"https:\\\/\\\/www.smartystore.it\\\/fr\\\/prodotto\\\/afficheur-a-cadre-clipsable-3xa3\\\/#primaryimage\",\"url\":\"https:\\\/\\\/www.smartystore.it\\\/v25\\\/wp-content\\\/uploads\\\/2021\\\/03\\\/Cornice-a-scatto-autoportante-3xA3-monofacciale-bifacciale-verticale-orizzontale-angolo-vivo-tondo-profilo-30-2.jpg\",\"contentUrl\":\"https:\\\/\\\/www.smartystore.it\\\/v25\\\/wp-content\\\/uploads\\\/2021\\\/03\\\/Cornice-a-scatto-autoportante-3xA3-monofacciale-bifacciale-verticale-orizzontale-angolo-vivo-tondo-profilo-30-2.jpg\",\"width\":1000,\"height\":1000,\"caption\":\"Cornice a scatto autoportante 3xA3 monofacciale bifacciale verticale orizzontale angolo vivo tondo profilo 30 2\"},{\"@type\":\"BreadcrumbList\",\"@id\":\"https:\\\/\\\/www.smartystore.it\\\/fr\\\/prodotto\\\/afficheur-a-cadre-clipsable-3xa3\\\/#breadcrumb\",\"itemListElement\":[{\"@type\":\"ListItem\",\"position\":1,\"name\":\"Home\",\"item\":\"https:\\\/\\\/www.smartystore.it\\\/fr\\\/\"},{\"@type\":\"ListItem\",\"position\":2,\"name\":\"Boutique\",\"item\":\"https:\\\/\\\/www.smartystore.it\\\/fr\\\/boutique\\\/\"},{\"@type\":\"ListItem\",\"position\":3,\"name\":\"Afficheur \u00e0 cadre clipsable 3xA3\"}]},{\"@type\":\"WebSite\",\"@id\":\"https:\\\/\\\/www.smartystore.it\\\/fr\\\/#website\",\"url\":\"https:\\\/\\\/www.smartystore.it\\\/fr\\\/\",\"name\":\"Smarty Store\",\"description\":\"Espositori Pubblicitari e Sistemi di Comunicazione Visiva\",\"potentialAction\":[{\"@type\":\"SearchAction\",\"target\":{\"@type\":\"EntryPoint\",\"urlTemplate\":\"https:\\\/\\\/www.smartystore.it\\\/fr\\\/?s={search_term_string}\"},\"query-input\":{\"@type\":\"PropertyValueSpecification\",\"valueRequired\":true,\"valueName\":\"search_term_string\"}}],\"inLanguage\":\"fr-FR\"}]}<\/script>\n<!-- \/ Yoast SEO plugin. -->","yoast_head_json":{"title":"Afficheur \u00e0 cadre clipsable 3xA3 - Smarty Store Au Meilleur Prix","description":"Pr\u00e9sentoir 3xA3, \u00e0 cadre amovible, recto ou recto-verso, avec une finition au choix, \u00e0 ar\u00eates vives ou arrondies.","robots":{"index":"index","follow":"follow","max-snippet":"max-snippet:-1","max-image-preview":"max-image-preview:large","max-video-preview":"max-video-preview:-1"},"canonical":"https:\/\/www.smartystore.it\/fr\/prodotto\/afficheur-a-cadre-clipsable-3xa3\/","og_locale":"fr_FR","og_type":"article","og_title":"Afficheur \u00e0 cadre clipsable 3xA3 - Smarty Store Au Meilleur Prix","og_description":"Pr\u00e9sentoir 3xA3, \u00e0 cadre amovible, recto ou recto-verso, avec une finition au choix, \u00e0 ar\u00eates vives ou arrondies.","og_url":"https:\/\/www.smartystore.it\/fr\/prodotto\/afficheur-a-cadre-clipsable-3xa3\/","og_site_name":"Smarty Store","article_modified_time":"2026-03-16T09:20:49+00:00","og_image":[{"width":1000,"height":1000,"url":"https:\/\/www.smartystore.it\/v25\/wp-content\/uploads\/2021\/03\/Cornice-a-scatto-autoportante-3xA3-monofacciale-bifacciale-verticale-orizzontale-angolo-vivo-tondo-profilo-30-2.jpg","type":"image\/jpeg"}],"twitter_card":"summary_large_image","twitter_misc":{"Dur\u00e9e de lecture estim\u00e9e":"3 minutes"},"schema":{"@context":"https:\/\/schema.org","@graph":[{"@type":"WebPage","@id":"https:\/\/www.smartystore.it\/fr\/prodotto\/afficheur-a-cadre-clipsable-3xa3\/","url":"https:\/\/www.smartystore.it\/fr\/prodotto\/afficheur-a-cadre-clipsable-3xa3\/","name":"Afficheur \u00e0 cadre clipsable 3xA3 - Smarty Store Au Meilleur Prix","isPartOf":{"@id":"https:\/\/www.smartystore.it\/fr\/#website"},"primaryImageOfPage":{"@id":"https:\/\/www.smartystore.it\/fr\/prodotto\/afficheur-a-cadre-clipsable-3xa3\/#primaryimage"},"image":{"@id":"https:\/\/www.smartystore.it\/fr\/prodotto\/afficheur-a-cadre-clipsable-3xa3\/#primaryimage"},"thumbnailUrl":"https:\/\/www.smartystore.it\/v25\/wp-content\/uploads\/2021\/03\/Cornice-a-scatto-autoportante-3xA3-monofacciale-bifacciale-verticale-orizzontale-angolo-vivo-tondo-profilo-30-2.jpg","datePublished":"2021-03-29T14:03:53+00:00","dateModified":"2026-03-16T09:20:49+00:00","description":"Pr\u00e9sentoir 3xA3, \u00e0 cadre amovible, recto ou recto-verso, avec une finition au choix, \u00e0 ar\u00eates vives ou arrondies.","breadcrumb":{"@id":"https:\/\/www.smartystore.it\/fr\/prodotto\/afficheur-a-cadre-clipsable-3xa3\/#breadcrumb"},"inLanguage":"fr-FR","potentialAction":[{"@type":"ReadAction","target":["https:\/\/www.smartystore.it\/fr\/prodotto\/afficheur-a-cadre-clipsable-3xa3\/"]}]},{"@type":"ImageObject","inLanguage":"fr-FR","@id":"https:\/\/www.smartystore.it\/fr\/prodotto\/afficheur-a-cadre-clipsable-3xa3\/#primaryimage","url":"https:\/\/www.smartystore.it\/v25\/wp-content\/uploads\/2021\/03\/Cornice-a-scatto-autoportante-3xA3-monofacciale-bifacciale-verticale-orizzontale-angolo-vivo-tondo-profilo-30-2.jpg","contentUrl":"https:\/\/www.smartystore.it\/v25\/wp-content\/uploads\/2021\/03\/Cornice-a-scatto-autoportante-3xA3-monofacciale-bifacciale-verticale-orizzontale-angolo-vivo-tondo-profilo-30-2.jpg","width":1000,"height":1000,"caption":"Cornice a scatto autoportante 3xA3 monofacciale bifacciale verticale orizzontale angolo vivo tondo profilo 30 2"},{"@type":"BreadcrumbList","@id":"https:\/\/www.smartystore.it\/fr\/prodotto\/afficheur-a-cadre-clipsable-3xa3\/#breadcrumb","itemListElement":[{"@type":"ListItem","position":1,"name":"Home","item":"https:\/\/www.smartystore.it\/fr\/"},{"@type":"ListItem","position":2,"name":"Boutique","item":"https:\/\/www.smartystore.it\/fr\/boutique\/"},{"@type":"ListItem","position":3,"name":"Afficheur \u00e0 cadre clipsable 3xA3"}]},{"@type":"WebSite","@id":"https:\/\/www.smartystore.it\/fr\/#website","url":"https:\/\/www.smartystore.it\/fr\/","name":"Smarty Store","description":"Espositori Pubblicitari e Sistemi di Comunicazione Visiva","potentialAction":[{"@type":"SearchAction","target":{"@type":"EntryPoint","urlTemplate":"https:\/\/www.smartystore.it\/fr\/?s={search_term_string}"},"query-input":{"@type":"PropertyValueSpecification","valueRequired":true,"valueName":"search_term_string"}}],"inLanguage":"fr-FR"}]}},"brands":[],"_links":{"self":[{"href":"https:\/\/www.smartystore.it\/fr\/wp-json\/wp\/v2\/product\/94298","targetHints":{"allow":["GET"]}}],"collection":[{"href":"https:\/\/www.smartystore.it\/fr\/wp-json\/wp\/v2\/product"}],"about":[{"href":"https:\/\/www.smartystore.it\/fr\/wp-json\/wp\/v2\/types\/product"}],"replies":[{"embeddable":true,"href":"https:\/\/www.smartystore.it\/fr\/wp-json\/wp\/v2\/comments?post=94298"}],"wp:featuredmedia":[{"embeddable":true,"href":"https:\/\/www.smartystore.it\/fr\/wp-json\/wp\/v2\/media\/94299"}],"wp:attachment":[{"href":"https:\/\/www.smartystore.it\/fr\/wp-json\/wp\/v2\/media?parent=94298"}],"wp:term":[{"taxonomy":"pwb-brand","embeddable":true,"href":"https:\/\/www.smartystore.it\/fr\/wp-json\/wp\/v2\/pwb-brand?post=94298"},{"taxonomy":"product_brand","embeddable":true,"href":"https:\/\/www.smartystore.it\/fr\/wp-json\/wp\/v2\/product_brand?post=94298"},{"taxonomy":"product_cat","embeddable":true,"href":"https:\/\/www.smartystore.it\/fr\/wp-json\/wp\/v2\/product_cat?post=94298"},{"taxonomy":"product_tag","embeddable":true,"href":"https:\/\/www.smartystore.it\/fr\/wp-json\/wp\/v2\/product_tag?post=94298"}],"curies":[{"name":"wp","href":"https:\/\/api.w.org\/{rel}","templated":true}]}}