{"id":94254,"date":"2021-12-22T18:25:26","date_gmt":"2021-12-22T16:25:26","guid":{"rendered":"https:\/\/www.smartystore.it\/prodotto\/totem-slim-50x160-en-sandwich-et-base-metallique\/"},"modified":"2025-08-08T12:48:54","modified_gmt":"2025-08-08T10:48:54","slug":"totem-slim-50x160-en-sandwich-et-base-metallique","status":"publish","type":"product","link":"https:\/\/www.smartystore.it\/fr\/prodotto\/totem-slim-50x160-en-sandwich-et-base-metallique\/","title":{"rendered":"Totem Slim 50&#215;160 en sandwich et base m\u00e9tallique"},"content":{"rendered":"<div class=\"wpb-content-wrapper\"><p>[vc_row][vc_column][vc_column_text css=\u00a0\u00bb\u00a0\u00bb css_params=\u00a0\u00bb\u00a0\u00bb]<\/p>\n<h2>Totem Slim 50&#215;160 en sandwich et base m\u00e9tallique.<\/h2>\n<p>Avec le Totem Slim 50&#215;160 en sandwich et base m\u00e9tallique, vous aurez un produit d&rsquo;une rigidit\u00e9 et d&rsquo;une l\u00e9g\u00e8ret\u00e9 remarquables \u00e0 la fois. Le panneau ne se d\u00e9forme pas sous l&rsquo;effet de l&rsquo;humidit\u00e9 et offre d&rsquo;excellentes performances d&rsquo;impression. Le Sandwich est un panneau avec une surface ext\u00e9rieure en PVC et une surface int\u00e9rieure en mousse.<\/p>\n<p>La base m\u00e9tallique a l&rsquo;avantage de conf\u00e9rer au totem une stabilit\u00e9 beaucoup plus grande que les mod\u00e8les dont les pieds sont embo\u00eet\u00e9s dans le m\u00eame mat\u00e9riau. Le totem peut donc \u00e9galement \u00eatre plac\u00e9 \u00e0 l&rsquo;ext\u00e9rieur par beau temps.<\/p>\n<p>L&rsquo;impression en couleur est pr\u00e9sente des deux c\u00f4t\u00e9s du panneau afin qu&rsquo;il soit visible dans les deux sens.<\/p>\n<p>En outre, la base peut \u00eatre r\u00e9utilis\u00e9e, de sorte qu&rsquo;en cas de mise \u00e0 jour du message, seul le nouveau panneau doit \u00eatre command\u00e9, ce qui permet de r\u00e9aliser des \u00e9conomies consid\u00e9rables.<\/p>\n<p>Le totem Slim 50&#215;160 Sandwich est particuli\u00e8rement adapt\u00e9 aux messages promotionnels et publicitaires \u00e0 l&rsquo;int\u00e9rieur de locaux tels que restaurants, salles de sport, h\u00f4tels, magasins, bureaux, centres commerciaux, salles de sport et toutes activit\u00e9s commerciales.<\/p>\n<h3>Caract\u00e9ristiques :<\/h3>\n<p>Totem Slim 50&#215;160 en Sandwich comprenant :<\/p>\n<p>Panneau sandwich de 20 mm d&rsquo;\u00e9paisseur, format 500&#215;1600 mm.<\/p>\n<p>Base en m\u00e9tal Supernova, rev\u00eatement en poudre argent\u00e9, \u00e9paisseur 3 mm.<\/p>\n<p>Poids de la base : environ 3,5 kg<\/p>\n<p>Impression directe sur panneau en quadrichromie recto-verso<\/p>\n<p>Dimensions de la structure (en cm) : L 50 x H 160 x P 32<\/p>\n<p>Taille de la zone d&rsquo;impression (en cm.) : L 50 x H 160 (ne pas inclure de texte dans la partie inf\u00e9rieure du fichier d&rsquo;impression : environ 10 cm).<\/p>\n<p>Poids du totem : 5,50 kg environ.<\/p>\n<p>Voir aussi le mod\u00e8le 60&#215;170 \u00e0 ce <span style=\"color: #ff0000;\"><strong><a style=\"color: #ff0000;\" href=\"https:\/\/www.smartystore.it\/fr\/prodotto\/totem-slim-60x170-en-sandwich-et-base-metallique\/\">LIEN<\/a><\/strong><\/span><\/p>\n<p>&nbsp;<\/p>\n<p>Si vous n&rsquo;avez pas le fichier d&rsquo;impression, le personnel de SmartyStore peut le faire pour vous. Veuillez \u00e9galement s\u00e9lectionner les graphiques lors de la commande et nous vous contacterons afin de r\u00e9aliser les graphiques que vous souhaitez imprimer ensemble !<\/p>\n<p><span style=\"color: #800000;\"><strong>POUR LE FICHIER GRAPHIQUE : cr\u00e9ez le fichier aux dimensions 50&#215;160 cm (\u00e9chelle 1:1) avec les textes convertis en trac\u00e9s, apr\u00e8s avoir sauvegard\u00e9 le fichier en format PDF (r\u00e9solution minimale 200 dpi), envoyez le document \u00e0 l&rsquo;adresse \u00e9lectronique suivante<\/strong><\/span><strong> <a href=\"mailto:grafica@smartystore.it\">grafica@smartystore.it<\/a> <\/strong><span style=\"color: #800000;\"><strong>en mentionnant le num\u00e9ro de commande.<\/strong><\/span><\/p>\n<p>[\/vc_column_text][\/vc_column][\/vc_row]<\/p>\n<\/div>","protected":false},"excerpt":{"rendered":"<p>Totem Slim Line en version simple ou double face avec panneau Sandwich et base en m\u00e9tal thermolaqu\u00e9 argent.<\/p>\n","protected":false},"featured_media":94255,"comment_status":"open","ping_status":"closed","template":"","meta":{"_acf_changed":false},"pwb-brand":[],"product_brand":[3872],"product_cat":[3681,3679],"product_tag":[4188,4186,4187,4184,4183,4185],"class_list":{"0":"post-94254","1":"product","2":"type-product","3":"status-publish","4":"has-post-thumbnail","6":"product_brand-smartystore","7":"product_cat-totem-slim-fr","8":"product_cat-totems-publicitaires-et-dinformation","9":"product_tag-panneau-en-plumes-moulees-avec-base-en-metal","10":"product_tag-panneau-publicitaire-leger-avec-base-metallique","11":"product_tag-panneau-sandwich-moule","12":"product_tag-totem-dinterieur-leger","13":"product_tag-totem-double-face-mince-50x160","14":"product_tag-totem-leger-avec-base-en-metal","15":"pa_c2c_angolo-vif","16":"pa_c2c_color-argent","17":"pa_c2c_configurazione-base-panneau","18":"pa_c2c_configurazione-panneau-uniquement","19":"pa_c2c_dimensione-cm-50x160-fr","20":"pa_c2c_grafica-non","21":"pa_c2c_grafica-oui","22":"pa_c2c_materiale-sandwich","23":"pa_c2c_mono_bifacciale-double-face","24":"pa_c2c_mono_bifacciale-simple-face","25":"pa_c2c_stampa-oui","26":"pa_c2c_trovraprezzi-oui","28":"first","29":"instock","30":"taxable","31":"shipping-taxable","32":"purchasable","33":"product-type-variable"},"acf":[],"yoast_head":"<!-- This site is optimized with the Yoast SEO plugin v27.4 - https:\/\/yoast.com\/product\/yoast-seo-wordpress\/ -->\n<title>Totem Slim 50x160 en sandwich et base m\u00e9tallique - Smarty Store<\/title>\n<meta name=\"description\" content=\"Totem Slim 50x160 en sandwich simple face avec panneau sandwich de 20 mm d&#039;\u00e9paisseur et base en m\u00e9tal poudr\u00e9 argent\u00e9 pour une bonne stabilit\u00e9\" \/>\n<meta name=\"robots\" content=\"index, follow, max-snippet:-1, max-image-preview:large, max-video-preview:-1\" \/>\n<link rel=\"canonical\" href=\"https:\/\/www.smartystore.it\/fr\/prodotto\/totem-slim-50x160-en-sandwich-et-base-metallique\/\" \/>\n<meta property=\"og:locale\" content=\"fr_FR\" \/>\n<meta property=\"og:type\" content=\"article\" \/>\n<meta property=\"og:title\" content=\"Totem Slim 50x160 en sandwich et base m\u00e9tallique - Smarty Store\" \/>\n<meta property=\"og:description\" content=\"Totem Slim 50x160 en sandwich simple face avec panneau sandwich de 20 mm d&#039;\u00e9paisseur et base en m\u00e9tal poudr\u00e9 argent\u00e9 pour une bonne stabilit\u00e9\" \/>\n<meta property=\"og:url\" content=\"https:\/\/www.smartystore.it\/fr\/prodotto\/totem-slim-50x160-en-sandwich-et-base-metallique\/\" \/>\n<meta property=\"og:site_name\" content=\"Smarty Store\" \/>\n<meta property=\"article:modified_time\" content=\"2025-08-08T10:48:54+00:00\" \/>\n<meta property=\"og:image\" content=\"https:\/\/www.smartystore.it\/v25\/wp-content\/uploads\/2021\/12\/Totem-pubblicitario-Slim-50x160-pannello-in-sandwich-e-base-in-metallo.jpg\" \/>\n\t<meta property=\"og:image:width\" content=\"1000\" \/>\n\t<meta property=\"og:image:height\" content=\"1000\" \/>\n\t<meta property=\"og:image:type\" content=\"image\/jpeg\" \/>\n<meta name=\"twitter:card\" content=\"summary_large_image\" \/>\n<meta name=\"twitter:label1\" content=\"Dur\u00e9e de lecture estim\u00e9e\" \/>\n\t<meta name=\"twitter:data1\" content=\"3 minutes\" \/>\n<script type=\"application\/ld+json\" class=\"yoast-schema-graph\">{\"@context\":\"https:\\\/\\\/schema.org\",\"@graph\":[{\"@type\":\"WebPage\",\"@id\":\"https:\\\/\\\/www.smartystore.it\\\/fr\\\/prodotto\\\/totem-slim-50x160-en-sandwich-et-base-metallique\\\/\",\"url\":\"https:\\\/\\\/www.smartystore.it\\\/fr\\\/prodotto\\\/totem-slim-50x160-en-sandwich-et-base-metallique\\\/\",\"name\":\"Totem Slim 50x160 en sandwich et base m\u00e9tallique - Smarty Store\",\"isPartOf\":{\"@id\":\"https:\\\/\\\/www.smartystore.it\\\/fr\\\/#website\"},\"primaryImageOfPage\":{\"@id\":\"https:\\\/\\\/www.smartystore.it\\\/fr\\\/prodotto\\\/totem-slim-50x160-en-sandwich-et-base-metallique\\\/#primaryimage\"},\"image\":{\"@id\":\"https:\\\/\\\/www.smartystore.it\\\/fr\\\/prodotto\\\/totem-slim-50x160-en-sandwich-et-base-metallique\\\/#primaryimage\"},\"thumbnailUrl\":\"https:\\\/\\\/www.smartystore.it\\\/v25\\\/wp-content\\\/uploads\\\/2021\\\/12\\\/Totem-pubblicitario-Slim-50x160-pannello-in-sandwich-e-base-in-metallo.jpg\",\"datePublished\":\"2021-12-22T16:25:26+00:00\",\"dateModified\":\"2025-08-08T10:48:54+00:00\",\"description\":\"Totem Slim 50x160 en sandwich simple face avec panneau sandwich de 20 mm d'\u00e9paisseur et base en m\u00e9tal poudr\u00e9 argent\u00e9 pour une bonne stabilit\u00e9\",\"breadcrumb\":{\"@id\":\"https:\\\/\\\/www.smartystore.it\\\/fr\\\/prodotto\\\/totem-slim-50x160-en-sandwich-et-base-metallique\\\/#breadcrumb\"},\"inLanguage\":\"fr-FR\",\"potentialAction\":[{\"@type\":\"ReadAction\",\"target\":[\"https:\\\/\\\/www.smartystore.it\\\/fr\\\/prodotto\\\/totem-slim-50x160-en-sandwich-et-base-metallique\\\/\"]}]},{\"@type\":\"ImageObject\",\"inLanguage\":\"fr-FR\",\"@id\":\"https:\\\/\\\/www.smartystore.it\\\/fr\\\/prodotto\\\/totem-slim-50x160-en-sandwich-et-base-metallique\\\/#primaryimage\",\"url\":\"https:\\\/\\\/www.smartystore.it\\\/v25\\\/wp-content\\\/uploads\\\/2021\\\/12\\\/Totem-pubblicitario-Slim-50x160-pannello-in-sandwich-e-base-in-metallo.jpg\",\"contentUrl\":\"https:\\\/\\\/www.smartystore.it\\\/v25\\\/wp-content\\\/uploads\\\/2021\\\/12\\\/Totem-pubblicitario-Slim-50x160-pannello-in-sandwich-e-base-in-metallo.jpg\",\"width\":1000,\"height\":1000,\"caption\":\"Totem pubblicitario Slim 50x160 con pannello in sandwich e base in metallo\"},{\"@type\":\"BreadcrumbList\",\"@id\":\"https:\\\/\\\/www.smartystore.it\\\/fr\\\/prodotto\\\/totem-slim-50x160-en-sandwich-et-base-metallique\\\/#breadcrumb\",\"itemListElement\":[{\"@type\":\"ListItem\",\"position\":1,\"name\":\"Home\",\"item\":\"https:\\\/\\\/www.smartystore.it\\\/fr\\\/\"},{\"@type\":\"ListItem\",\"position\":2,\"name\":\"Boutique\",\"item\":\"https:\\\/\\\/www.smartystore.it\\\/fr\\\/boutique\\\/\"},{\"@type\":\"ListItem\",\"position\":3,\"name\":\"Totem Slim 50&#215;160 en sandwich et base m\u00e9tallique\"}]},{\"@type\":\"WebSite\",\"@id\":\"https:\\\/\\\/www.smartystore.it\\\/fr\\\/#website\",\"url\":\"https:\\\/\\\/www.smartystore.it\\\/fr\\\/\",\"name\":\"Smarty Store\",\"description\":\"Espositori Pubblicitari e Sistemi di Comunicazione Visiva\",\"potentialAction\":[{\"@type\":\"SearchAction\",\"target\":{\"@type\":\"EntryPoint\",\"urlTemplate\":\"https:\\\/\\\/www.smartystore.it\\\/fr\\\/?s={search_term_string}\"},\"query-input\":{\"@type\":\"PropertyValueSpecification\",\"valueRequired\":true,\"valueName\":\"search_term_string\"}}],\"inLanguage\":\"fr-FR\"}]}<\/script>\n<!-- \/ Yoast SEO plugin. -->","yoast_head_json":{"title":"Totem Slim 50x160 en sandwich et base m\u00e9tallique - Smarty Store","description":"Totem Slim 50x160 en sandwich simple face avec panneau sandwich de 20 mm d'\u00e9paisseur et base en m\u00e9tal poudr\u00e9 argent\u00e9 pour une bonne stabilit\u00e9","robots":{"index":"index","follow":"follow","max-snippet":"max-snippet:-1","max-image-preview":"max-image-preview:large","max-video-preview":"max-video-preview:-1"},"canonical":"https:\/\/www.smartystore.it\/fr\/prodotto\/totem-slim-50x160-en-sandwich-et-base-metallique\/","og_locale":"fr_FR","og_type":"article","og_title":"Totem Slim 50x160 en sandwich et base m\u00e9tallique - Smarty Store","og_description":"Totem Slim 50x160 en sandwich simple face avec panneau sandwich de 20 mm d'\u00e9paisseur et base en m\u00e9tal poudr\u00e9 argent\u00e9 pour une bonne stabilit\u00e9","og_url":"https:\/\/www.smartystore.it\/fr\/prodotto\/totem-slim-50x160-en-sandwich-et-base-metallique\/","og_site_name":"Smarty Store","article_modified_time":"2025-08-08T10:48:54+00:00","og_image":[{"width":1000,"height":1000,"url":"https:\/\/www.smartystore.it\/v25\/wp-content\/uploads\/2021\/12\/Totem-pubblicitario-Slim-50x160-pannello-in-sandwich-e-base-in-metallo.jpg","type":"image\/jpeg"}],"twitter_card":"summary_large_image","twitter_misc":{"Dur\u00e9e de lecture estim\u00e9e":"3 minutes"},"schema":{"@context":"https:\/\/schema.org","@graph":[{"@type":"WebPage","@id":"https:\/\/www.smartystore.it\/fr\/prodotto\/totem-slim-50x160-en-sandwich-et-base-metallique\/","url":"https:\/\/www.smartystore.it\/fr\/prodotto\/totem-slim-50x160-en-sandwich-et-base-metallique\/","name":"Totem Slim 50x160 en sandwich et base m\u00e9tallique - Smarty Store","isPartOf":{"@id":"https:\/\/www.smartystore.it\/fr\/#website"},"primaryImageOfPage":{"@id":"https:\/\/www.smartystore.it\/fr\/prodotto\/totem-slim-50x160-en-sandwich-et-base-metallique\/#primaryimage"},"image":{"@id":"https:\/\/www.smartystore.it\/fr\/prodotto\/totem-slim-50x160-en-sandwich-et-base-metallique\/#primaryimage"},"thumbnailUrl":"https:\/\/www.smartystore.it\/v25\/wp-content\/uploads\/2021\/12\/Totem-pubblicitario-Slim-50x160-pannello-in-sandwich-e-base-in-metallo.jpg","datePublished":"2021-12-22T16:25:26+00:00","dateModified":"2025-08-08T10:48:54+00:00","description":"Totem Slim 50x160 en sandwich simple face avec panneau sandwich de 20 mm d'\u00e9paisseur et base en m\u00e9tal poudr\u00e9 argent\u00e9 pour une bonne stabilit\u00e9","breadcrumb":{"@id":"https:\/\/www.smartystore.it\/fr\/prodotto\/totem-slim-50x160-en-sandwich-et-base-metallique\/#breadcrumb"},"inLanguage":"fr-FR","potentialAction":[{"@type":"ReadAction","target":["https:\/\/www.smartystore.it\/fr\/prodotto\/totem-slim-50x160-en-sandwich-et-base-metallique\/"]}]},{"@type":"ImageObject","inLanguage":"fr-FR","@id":"https:\/\/www.smartystore.it\/fr\/prodotto\/totem-slim-50x160-en-sandwich-et-base-metallique\/#primaryimage","url":"https:\/\/www.smartystore.it\/v25\/wp-content\/uploads\/2021\/12\/Totem-pubblicitario-Slim-50x160-pannello-in-sandwich-e-base-in-metallo.jpg","contentUrl":"https:\/\/www.smartystore.it\/v25\/wp-content\/uploads\/2021\/12\/Totem-pubblicitario-Slim-50x160-pannello-in-sandwich-e-base-in-metallo.jpg","width":1000,"height":1000,"caption":"Totem pubblicitario Slim 50x160 con pannello in sandwich e base in metallo"},{"@type":"BreadcrumbList","@id":"https:\/\/www.smartystore.it\/fr\/prodotto\/totem-slim-50x160-en-sandwich-et-base-metallique\/#breadcrumb","itemListElement":[{"@type":"ListItem","position":1,"name":"Home","item":"https:\/\/www.smartystore.it\/fr\/"},{"@type":"ListItem","position":2,"name":"Boutique","item":"https:\/\/www.smartystore.it\/fr\/boutique\/"},{"@type":"ListItem","position":3,"name":"Totem Slim 50&#215;160 en sandwich et base m\u00e9tallique"}]},{"@type":"WebSite","@id":"https:\/\/www.smartystore.it\/fr\/#website","url":"https:\/\/www.smartystore.it\/fr\/","name":"Smarty Store","description":"Espositori Pubblicitari e Sistemi di Comunicazione Visiva","potentialAction":[{"@type":"SearchAction","target":{"@type":"EntryPoint","urlTemplate":"https:\/\/www.smartystore.it\/fr\/?s={search_term_string}"},"query-input":{"@type":"PropertyValueSpecification","valueRequired":true,"valueName":"search_term_string"}}],"inLanguage":"fr-FR"}]}},"brands":[],"_links":{"self":[{"href":"https:\/\/www.smartystore.it\/fr\/wp-json\/wp\/v2\/product\/94254","targetHints":{"allow":["GET"]}}],"collection":[{"href":"https:\/\/www.smartystore.it\/fr\/wp-json\/wp\/v2\/product"}],"about":[{"href":"https:\/\/www.smartystore.it\/fr\/wp-json\/wp\/v2\/types\/product"}],"replies":[{"embeddable":true,"href":"https:\/\/www.smartystore.it\/fr\/wp-json\/wp\/v2\/comments?post=94254"}],"wp:featuredmedia":[{"embeddable":true,"href":"https:\/\/www.smartystore.it\/fr\/wp-json\/wp\/v2\/media\/94255"}],"wp:attachment":[{"href":"https:\/\/www.smartystore.it\/fr\/wp-json\/wp\/v2\/media?parent=94254"}],"wp:term":[{"taxonomy":"pwb-brand","embeddable":true,"href":"https:\/\/www.smartystore.it\/fr\/wp-json\/wp\/v2\/pwb-brand?post=94254"},{"taxonomy":"product_brand","embeddable":true,"href":"https:\/\/www.smartystore.it\/fr\/wp-json\/wp\/v2\/product_brand?post=94254"},{"taxonomy":"product_cat","embeddable":true,"href":"https:\/\/www.smartystore.it\/fr\/wp-json\/wp\/v2\/product_cat?post=94254"},{"taxonomy":"product_tag","embeddable":true,"href":"https:\/\/www.smartystore.it\/fr\/wp-json\/wp\/v2\/product_tag?post=94254"}],"curies":[{"name":"wp","href":"https:\/\/api.w.org\/{rel}","templated":true}]}}