{"id":94249,"date":"2022-01-20T19:13:03","date_gmt":"2022-01-20T17:13:03","guid":{"rendered":"https:\/\/www.smartystore.it\/prodotto\/support-mural-pour-distributeur-en-aluminium\/"},"modified":"2025-07-08T17:45:28","modified_gmt":"2025-07-08T15:45:28","slug":"support-mural-pour-distributeur-en-aluminium","status":"publish","type":"product","link":"https:\/\/www.smartystore.it\/fr\/prodotto\/support-mural-pour-distributeur-en-aluminium\/","title":{"rendered":"Support mural pour distributeur en aluminium"},"content":{"rendered":"<h2>Support mural pour distributeur en aluminium<\/h2>\n<p>Smarty Store propose ce support de distributeur mural en aluminium pour placer le d\u00e9sinfectant pour les mains dans des endroits strat\u00e9giques tels que les entr\u00e9es de pharmacies, d&rsquo;entreprises, devant les comptoirs et les bureaux, ou le long des couloirs d&rsquo;h\u00f4tels, afin de donner aux gens la possibilit\u00e9 de se d\u00e9sinfecter les mains, r\u00e9duisant ainsi le risque d&rsquo;infection et la propagation du virus. Utile \u00e0 toute p\u00e9riode mais surtout en ce moment pour tenter de surmonter l&rsquo;urgence sanitaire provoqu\u00e9e par le Corona Virus (Covid-19).<\/p>\n<p>Il s&rsquo;agit d&rsquo;un support enti\u00e8rement r\u00e9alis\u00e9 en aluminium argent\u00e9 satin\u00e9 de 2 mm d&rsquo;\u00e9paisseur, compos\u00e9 d&rsquo;une tablette sur laquelle vous pouvez placer le d\u00e9sinfectant pour les mains ou le savon (non inclus dans l&#8217;emballage, afin que chacun puisse placer le produit qu&rsquo;il consid\u00e8re le mieux adapt\u00e9 \u00e0 ses besoins et \u00e0 sa situation), de trois languettes sur\u00e9lev\u00e9es pour \u00e9viter que le distributeur ne tombe ou ne glisse, et d&rsquo;un fond avec deux trous pour la fixation au mur \u00e0 l&rsquo;aide de vis et de chevilles incluses dans l&#8217;emballage.<\/p>\n<p>Ce support peut \u00e9galement \u00eatre utilis\u00e9 comme accessoire de remplacement pour la colonne de distribution de la s\u00e9rie QUADRA. <a href=\"https:\/\/www.smartystore.it\/prodotto\/espositore-autoportante-porta-dispenser-per-disinfettante-sapone-mani-serie-quadra\/\" target=\"_blank\" rel=\"noopener\"><strong>LIEN<\/strong><\/a><\/p>\n<p>Il peut \u00eatre utilis\u00e9 non seulement \u00e0 l&rsquo;int\u00e9rieur, mais aussi \u00e0 l&rsquo;ext\u00e9rieur, ce qui permet de d\u00e9sinfecter les mains avant d&rsquo;entrer dans un environnement.<\/p>\n<h3>CARACT\u00c9RISTIQUES:<\/h3>\n<p>Pr\u00e9sentoir mural en aluminium anodis\u00e9 argent.<\/p>\n<p>Dimensions (mm) : L 150 &#8211; H 200 &#8211; P 120<\/p>\n<p>\u00c9paisseur du support : 2 mm.<\/p>\n<p>Coins arrondis.<\/p>\n<p>Poids : 265 g.<\/p>\n<p>Paire de vis et chevilles : incluses dans le paquet.<\/p>\n<p>Support de distributeur pour placer votre propre distributeur de d\u00e9sinfectant\/savon en aluminium ray\u00e9.<\/p>\n<p><strong>Bouteille de d\u00e9sinfectant\/savon non incluse.<\/strong><\/p>\n<p><a href=\"https:\/\/www.smartystore.it\/v25\/wp-content\/uploads\/2022\/01\/Portadispenser-da-parete_scheda.pdf\" target=\"_blank\" rel=\"noopener\"><img loading=\"lazy\" decoding=\"async\" class=\"alignnone size-full wp-image-93510\" src=\"https:\/\/www.smartystore.it\/v25\/wp-content\/uploads\/2014\/10\/SchedaTecnica-300-e1750084266903.png\" alt=\"\" width=\"249\" height=\"63\"><\/a><\/p>\n","protected":false},"excerpt":{"rendered":"<p>Porte-distributeur mural. Enti\u00e8rement en aluminium argent\u00e9. <\/p>\n","protected":false},"featured_media":94250,"comment_status":"open","ping_status":"closed","template":"","meta":{"_acf_changed":false},"pwb-brand":[],"product_brand":[],"product_cat":[3025,3660,3021,3018,2914],"product_tag":[],"class_list":{"0":"post-94249","1":"product","2":"type-product","3":"status-publish","4":"has-post-thumbnail","6":"product_cat-accessoires-et-pieces-de-rechange","7":"product_cat-hygiene-et-protection","8":"product_cat-presentoirs-publicitaires-muraux","9":"product_cat-presentoirs-publicitaires","10":"product_cat-quadra-series-fr","11":"pa_c2c_angolo-rond","12":"pa_c2c_color-argent","13":"pa_c2c_finitura-satin-fr","14":"pa_c2c_materiale-aluminium","15":"pa_c2c_mono_bifacciale-simple-face","16":"pa_c2c_trovraprezzi-oui","17":"pa_fissaggio-vis-chevilles","19":"first","20":"instock","21":"taxable","22":"shipping-taxable","23":"purchasable","24":"product-type-simple"},"acf":[],"yoast_head":"<!-- This site is optimized with the Yoast SEO plugin v27.4 - https:\/\/yoast.com\/product\/yoast-seo-wordpress\/ -->\n<title>Support mural pour distributeur en aluminium - Smarty Store<\/title>\n<meta name=\"description\" content=\"Support mural en aluminium pour distributeur de d\u00e9sinfectant pour les mains, complet avec vis et chevilles pour le montage mural.\" \/>\n<meta name=\"robots\" content=\"index, follow, max-snippet:-1, max-image-preview:large, max-video-preview:-1\" \/>\n<link rel=\"canonical\" href=\"https:\/\/www.smartystore.it\/fr\/prodotto\/support-mural-pour-distributeur-en-aluminium\/\" \/>\n<meta property=\"og:locale\" content=\"fr_FR\" \/>\n<meta property=\"og:type\" content=\"article\" \/>\n<meta property=\"og:title\" content=\"Support mural pour distributeur en aluminium - Smarty Store\" \/>\n<meta property=\"og:description\" content=\"Support mural en aluminium pour distributeur de d\u00e9sinfectant pour les mains, complet avec vis et chevilles pour le montage mural.\" \/>\n<meta property=\"og:url\" content=\"https:\/\/www.smartystore.it\/fr\/prodotto\/support-mural-pour-distributeur-en-aluminium\/\" \/>\n<meta property=\"og:site_name\" content=\"Smarty Store\" \/>\n<meta property=\"article:modified_time\" content=\"2025-07-08T15:45:28+00:00\" \/>\n<meta property=\"og:image\" content=\"https:\/\/www.smartystore.it\/v25\/wp-content\/uploads\/2022\/01\/Espositore-in-alluminio-porta-dispenser-disinfettante-sapone-da-parete.jpg\" \/>\n\t<meta property=\"og:image:width\" content=\"1000\" \/>\n\t<meta property=\"og:image:height\" content=\"1000\" \/>\n\t<meta property=\"og:image:type\" content=\"image\/jpeg\" \/>\n<meta name=\"twitter:card\" content=\"summary_large_image\" \/>\n<meta name=\"twitter:label1\" content=\"Dur\u00e9e de lecture estim\u00e9e\" \/>\n\t<meta name=\"twitter:data1\" content=\"1 minute\" \/>\n<script type=\"application\/ld+json\" class=\"yoast-schema-graph\">{\"@context\":\"https:\\\/\\\/schema.org\",\"@graph\":[{\"@type\":\"WebPage\",\"@id\":\"https:\\\/\\\/www.smartystore.it\\\/fr\\\/prodotto\\\/support-mural-pour-distributeur-en-aluminium\\\/\",\"url\":\"https:\\\/\\\/www.smartystore.it\\\/fr\\\/prodotto\\\/support-mural-pour-distributeur-en-aluminium\\\/\",\"name\":\"Support mural pour distributeur en aluminium - Smarty Store\",\"isPartOf\":{\"@id\":\"https:\\\/\\\/www.smartystore.it\\\/fr\\\/#website\"},\"primaryImageOfPage\":{\"@id\":\"https:\\\/\\\/www.smartystore.it\\\/fr\\\/prodotto\\\/support-mural-pour-distributeur-en-aluminium\\\/#primaryimage\"},\"image\":{\"@id\":\"https:\\\/\\\/www.smartystore.it\\\/fr\\\/prodotto\\\/support-mural-pour-distributeur-en-aluminium\\\/#primaryimage\"},\"thumbnailUrl\":\"https:\\\/\\\/www.smartystore.it\\\/v25\\\/wp-content\\\/uploads\\\/2022\\\/01\\\/Espositore-in-alluminio-porta-dispenser-disinfettante-sapone-da-parete.jpg\",\"datePublished\":\"2022-01-20T17:13:03+00:00\",\"dateModified\":\"2025-07-08T15:45:28+00:00\",\"description\":\"Support mural en aluminium pour distributeur de d\u00e9sinfectant pour les mains, complet avec vis et chevilles pour le montage mural.\",\"breadcrumb\":{\"@id\":\"https:\\\/\\\/www.smartystore.it\\\/fr\\\/prodotto\\\/support-mural-pour-distributeur-en-aluminium\\\/#breadcrumb\"},\"inLanguage\":\"fr-FR\",\"potentialAction\":[{\"@type\":\"ReadAction\",\"target\":[\"https:\\\/\\\/www.smartystore.it\\\/fr\\\/prodotto\\\/support-mural-pour-distributeur-en-aluminium\\\/\"]}]},{\"@type\":\"ImageObject\",\"inLanguage\":\"fr-FR\",\"@id\":\"https:\\\/\\\/www.smartystore.it\\\/fr\\\/prodotto\\\/support-mural-pour-distributeur-en-aluminium\\\/#primaryimage\",\"url\":\"https:\\\/\\\/www.smartystore.it\\\/v25\\\/wp-content\\\/uploads\\\/2022\\\/01\\\/Espositore-in-alluminio-porta-dispenser-disinfettante-sapone-da-parete.jpg\",\"contentUrl\":\"https:\\\/\\\/www.smartystore.it\\\/v25\\\/wp-content\\\/uploads\\\/2022\\\/01\\\/Espositore-in-alluminio-porta-dispenser-disinfettante-sapone-da-parete.jpg\",\"width\":1000,\"height\":1000,\"caption\":\"Espositore in alluminio porta dispenser disinfettante sapone da parete\"},{\"@type\":\"BreadcrumbList\",\"@id\":\"https:\\\/\\\/www.smartystore.it\\\/fr\\\/prodotto\\\/support-mural-pour-distributeur-en-aluminium\\\/#breadcrumb\",\"itemListElement\":[{\"@type\":\"ListItem\",\"position\":1,\"name\":\"Home\",\"item\":\"https:\\\/\\\/www.smartystore.it\\\/fr\\\/\"},{\"@type\":\"ListItem\",\"position\":2,\"name\":\"Boutique\",\"item\":\"https:\\\/\\\/www.smartystore.it\\\/fr\\\/boutique\\\/\"},{\"@type\":\"ListItem\",\"position\":3,\"name\":\"Support mural pour distributeur en aluminium\"}]},{\"@type\":\"WebSite\",\"@id\":\"https:\\\/\\\/www.smartystore.it\\\/fr\\\/#website\",\"url\":\"https:\\\/\\\/www.smartystore.it\\\/fr\\\/\",\"name\":\"Smarty Store\",\"description\":\"Espositori Pubblicitari e Sistemi di Comunicazione Visiva\",\"potentialAction\":[{\"@type\":\"SearchAction\",\"target\":{\"@type\":\"EntryPoint\",\"urlTemplate\":\"https:\\\/\\\/www.smartystore.it\\\/fr\\\/?s={search_term_string}\"},\"query-input\":{\"@type\":\"PropertyValueSpecification\",\"valueRequired\":true,\"valueName\":\"search_term_string\"}}],\"inLanguage\":\"fr-FR\"}]}<\/script>\n<!-- \/ Yoast SEO plugin. -->","yoast_head_json":{"title":"Support mural pour distributeur en aluminium - Smarty Store","description":"Support mural en aluminium pour distributeur de d\u00e9sinfectant pour les mains, complet avec vis et chevilles pour le montage mural.","robots":{"index":"index","follow":"follow","max-snippet":"max-snippet:-1","max-image-preview":"max-image-preview:large","max-video-preview":"max-video-preview:-1"},"canonical":"https:\/\/www.smartystore.it\/fr\/prodotto\/support-mural-pour-distributeur-en-aluminium\/","og_locale":"fr_FR","og_type":"article","og_title":"Support mural pour distributeur en aluminium - Smarty Store","og_description":"Support mural en aluminium pour distributeur de d\u00e9sinfectant pour les mains, complet avec vis et chevilles pour le montage mural.","og_url":"https:\/\/www.smartystore.it\/fr\/prodotto\/support-mural-pour-distributeur-en-aluminium\/","og_site_name":"Smarty Store","article_modified_time":"2025-07-08T15:45:28+00:00","og_image":[{"width":1000,"height":1000,"url":"https:\/\/www.smartystore.it\/v25\/wp-content\/uploads\/2022\/01\/Espositore-in-alluminio-porta-dispenser-disinfettante-sapone-da-parete.jpg","type":"image\/jpeg"}],"twitter_card":"summary_large_image","twitter_misc":{"Dur\u00e9e de lecture estim\u00e9e":"1 minute"},"schema":{"@context":"https:\/\/schema.org","@graph":[{"@type":"WebPage","@id":"https:\/\/www.smartystore.it\/fr\/prodotto\/support-mural-pour-distributeur-en-aluminium\/","url":"https:\/\/www.smartystore.it\/fr\/prodotto\/support-mural-pour-distributeur-en-aluminium\/","name":"Support mural pour distributeur en aluminium - Smarty Store","isPartOf":{"@id":"https:\/\/www.smartystore.it\/fr\/#website"},"primaryImageOfPage":{"@id":"https:\/\/www.smartystore.it\/fr\/prodotto\/support-mural-pour-distributeur-en-aluminium\/#primaryimage"},"image":{"@id":"https:\/\/www.smartystore.it\/fr\/prodotto\/support-mural-pour-distributeur-en-aluminium\/#primaryimage"},"thumbnailUrl":"https:\/\/www.smartystore.it\/v25\/wp-content\/uploads\/2022\/01\/Espositore-in-alluminio-porta-dispenser-disinfettante-sapone-da-parete.jpg","datePublished":"2022-01-20T17:13:03+00:00","dateModified":"2025-07-08T15:45:28+00:00","description":"Support mural en aluminium pour distributeur de d\u00e9sinfectant pour les mains, complet avec vis et chevilles pour le montage mural.","breadcrumb":{"@id":"https:\/\/www.smartystore.it\/fr\/prodotto\/support-mural-pour-distributeur-en-aluminium\/#breadcrumb"},"inLanguage":"fr-FR","potentialAction":[{"@type":"ReadAction","target":["https:\/\/www.smartystore.it\/fr\/prodotto\/support-mural-pour-distributeur-en-aluminium\/"]}]},{"@type":"ImageObject","inLanguage":"fr-FR","@id":"https:\/\/www.smartystore.it\/fr\/prodotto\/support-mural-pour-distributeur-en-aluminium\/#primaryimage","url":"https:\/\/www.smartystore.it\/v25\/wp-content\/uploads\/2022\/01\/Espositore-in-alluminio-porta-dispenser-disinfettante-sapone-da-parete.jpg","contentUrl":"https:\/\/www.smartystore.it\/v25\/wp-content\/uploads\/2022\/01\/Espositore-in-alluminio-porta-dispenser-disinfettante-sapone-da-parete.jpg","width":1000,"height":1000,"caption":"Espositore in alluminio porta dispenser disinfettante sapone da parete"},{"@type":"BreadcrumbList","@id":"https:\/\/www.smartystore.it\/fr\/prodotto\/support-mural-pour-distributeur-en-aluminium\/#breadcrumb","itemListElement":[{"@type":"ListItem","position":1,"name":"Home","item":"https:\/\/www.smartystore.it\/fr\/"},{"@type":"ListItem","position":2,"name":"Boutique","item":"https:\/\/www.smartystore.it\/fr\/boutique\/"},{"@type":"ListItem","position":3,"name":"Support mural pour distributeur en aluminium"}]},{"@type":"WebSite","@id":"https:\/\/www.smartystore.it\/fr\/#website","url":"https:\/\/www.smartystore.it\/fr\/","name":"Smarty Store","description":"Espositori Pubblicitari e Sistemi di Comunicazione Visiva","potentialAction":[{"@type":"SearchAction","target":{"@type":"EntryPoint","urlTemplate":"https:\/\/www.smartystore.it\/fr\/?s={search_term_string}"},"query-input":{"@type":"PropertyValueSpecification","valueRequired":true,"valueName":"search_term_string"}}],"inLanguage":"fr-FR"}]}},"brands":[],"_links":{"self":[{"href":"https:\/\/www.smartystore.it\/fr\/wp-json\/wp\/v2\/product\/94249","targetHints":{"allow":["GET"]}}],"collection":[{"href":"https:\/\/www.smartystore.it\/fr\/wp-json\/wp\/v2\/product"}],"about":[{"href":"https:\/\/www.smartystore.it\/fr\/wp-json\/wp\/v2\/types\/product"}],"replies":[{"embeddable":true,"href":"https:\/\/www.smartystore.it\/fr\/wp-json\/wp\/v2\/comments?post=94249"}],"wp:featuredmedia":[{"embeddable":true,"href":"https:\/\/www.smartystore.it\/fr\/wp-json\/wp\/v2\/media\/94250"}],"wp:attachment":[{"href":"https:\/\/www.smartystore.it\/fr\/wp-json\/wp\/v2\/media?parent=94249"}],"wp:term":[{"taxonomy":"pwb-brand","embeddable":true,"href":"https:\/\/www.smartystore.it\/fr\/wp-json\/wp\/v2\/pwb-brand?post=94249"},{"taxonomy":"product_brand","embeddable":true,"href":"https:\/\/www.smartystore.it\/fr\/wp-json\/wp\/v2\/product_brand?post=94249"},{"taxonomy":"product_cat","embeddable":true,"href":"https:\/\/www.smartystore.it\/fr\/wp-json\/wp\/v2\/product_cat?post=94249"},{"taxonomy":"product_tag","embeddable":true,"href":"https:\/\/www.smartystore.it\/fr\/wp-json\/wp\/v2\/product_tag?post=94249"}],"curies":[{"name":"wp","href":"https:\/\/api.w.org\/{rel}","templated":true}]}}