{"id":94219,"date":"2022-07-12T13:58:25","date_gmt":"2022-07-12T11:58:25","guid":{"rendered":"https:\/\/www.smartystore.it\/prodotto\/support-metallique-double-face-pour-panneaux-rigides\/"},"modified":"2025-07-08T17:44:11","modified_gmt":"2025-07-08T15:44:11","slug":"support-metallique-double-face-pour-panneaux-rigides","status":"publish","type":"product","link":"https:\/\/www.smartystore.it\/fr\/prodotto\/support-metallique-double-face-pour-panneaux-rigides\/","title":{"rendered":"Support m\u00e9tallique double face pour panneaux rigides"},"content":{"rendered":"<h2>Support m\u00e9tallique double face pour panneaux rigides<\/h2>\n<p>Le support m\u00e9tallique double face pour panneaux rigides est une structure enti\u00e8rement r\u00e9alis\u00e9e en m\u00e9tal peint par poudrage noir pour l&rsquo;insertion de panneaux forex promotionnels de 3 mm d&rsquo;\u00e9paisseur.<\/p>\n<p>Pratique, pliable et durable, le chevalet publicitaire est une excellente solution \u00e0 placer aux points de passage strat\u00e9giques pour attirer les clients pour des activit\u00e9s telles que les bars, les restaurants, les magasins, les supermarch\u00e9s, les centres commerciaux et tous les \u00e9tablissements qui ont besoin d&rsquo;afficher des informations et des messages promotionnels.<\/p>\n<p>Les tr\u00e9teaux sont divis\u00e9s en <strong>deux mod\u00e8les : <\/strong>le mod\u00e8le <strong>Classic<\/strong> est \u00e9quip\u00e9 d&rsquo;une poign\u00e9e pratique pour faciliter le transport (STR-CMA003), tandis que le mod\u00e8le <strong>Plus<\/strong> se caract\u00e9rise par la pr\u00e9sence d&rsquo;un profil\u00e9 sup\u00e9rieur qui termine le produit.<\/p>\n<p>Pour les deux mod\u00e8les, le remplacement des panneaux est simple et rapide : pour le mod\u00e8le Plus, il suffit de soulever la partie sup\u00e9rieure, de glisser les graphiques \u00e0 l&rsquo;int\u00e9rieur du cadre et de refermer la partie sup\u00e9rieure. Les informations appara\u00eetront parfaitement encadr\u00e9es. Pour le mod\u00e8le Classic, la proc\u00e9dure est encore plus simple : il suffit de glisser les panneaux dans les profils lat\u00e9raux.  <\/p>\n<p>La structure est extr\u00eamement r\u00e9sistante et convient \u00e9galement \u00e0 une utilisation en ext\u00e9rieur. Elle est \u00e9quip\u00e9e de pieds en caoutchouc qui ont \u00e0 la fois une fonction antid\u00e9rapante et une fonction de protection du sol. (uniquement pour la version Plus) <\/p>\n<p>Le chevalet est disponible en deux tailles dans la version Plus : pour pr\u00e9senter des panneaux forex de 60&#215;90 cm et des panneaux forex de 90&#215;120 cm.<\/p>\n<p>La version classique est disponible pour afficher des panneaux au format 60&#215;90 cm.<\/p>\n<p>Lors de la commande, il est possible d&rsquo;acheter :<\/p>\n<ul>\n<li>la structure seule ;<\/li>\n<li>la structure compl\u00e8te avec 2 panneaux ;<\/li>\n<li>2 panneaux de remplacement pour remplacer le message \u00e0 afficher sur le support.<\/li>\n<\/ul>\n<h3>Caract\u00e9ristiques :<\/h3>\n<p>Socle en m\u00e9tal recouvert de poudre noire.<\/p>\n<p>Pour l&rsquo;int\u00e9rieur et l&rsquo;ext\u00e9rieur<\/p>\n<p>Pliable et facilement transportable.<\/p>\n<p>Pieds en caoutchouc (version Plus uniquement)<\/p>\n<p>Le profil\u00e9 sup\u00e9rieur peut \u00eatre ouvert et ferm\u00e9 pour le remplacement des panneaux (version Plus uniquement)<\/p>\n<p>Mat\u00e9riau du panneau : forex de 5 mm d&rsquo;\u00e9paisseur<\/p>\n<p>Dimensions des panneaux : 600&#215;900 mm et 900&#215;1200 mm<\/p>\n<p><strong>Dimensions :<\/strong><\/p>\n<table style=\"width: 82.4753%; border-collapse: collapse; border-color: #000000; height: 72px;\" border=\"1\">\n<tbody>\n<tr style=\"height: 24px;\">\n<td style=\"width: 13.197%; text-align: center; height: 24px;\"><strong>CODE<\/strong><\/td>\n<td style=\"width: 19.7863%; text-align: center; height: 24px;\"><strong>DIMENSIONS DU PANNEAU<\/strong><\/td>\n<td style=\"width: 20.8726%; text-align: center; height: 24px;\"><strong>\u00c9PAISSEUR DU PANNEAU<\/strong><\/td>\n<td style=\"width: 12.4787%; text-align: center; height: 24px;\"><strong>SURFACE VISIBLE<\/strong><\/td>\n<td style=\"width: 18.9349%; text-align: center;\"><strong>DIMENSIONS DU CHEVALET<\/strong><\/td>\n<\/tr>\n<tr style=\"height: 24px;\">\n<td style=\"width: 13.197%; height: 24px;\"><strong>STR-CMA001<\/strong><\/td>\n<td style=\"width: 19.7863%; text-align: center; height: 24px;\">600&#215;900 mm.<\/td>\n<td style=\"width: 20.8726%; text-align: center; height: 24px;\">5 mm.<\/td>\n<td style=\"width: 12.4787%; text-align: center; height: 24px;\">560&#215;860 mm.<\/td>\n<td style=\"width: 18.9349%; text-align: center;\">605x975x620 mm.<\/td>\n<\/tr>\n<tr style=\"height: 24px;\">\n<td style=\"width: 13.197%; height: 24px;\"><strong>STR-CMA002<\/strong><\/td>\n<td style=\"width: 19.7863%; text-align: center; height: 24px;\">900&#215;120 mm.<\/td>\n<td style=\"width: 20.8726%; text-align: center; height: 24px;\">5 mm.<\/td>\n<td style=\"width: 12.4787%; text-align: center; height: 24px;\">860&#215;1160 mm.<\/td>\n<td style=\"width: 18.9349%; text-align: center;\">905x1260x760 mm.<\/td>\n<\/tr>\n<tr>\n<td style=\"width: 13.197%;\"><strong>STR-CMA003<\/strong><\/td>\n<td style=\"width: 19.7863%; text-align: center;\">600&#215;900 mm.<\/td>\n<td style=\"width: 20.8726%; text-align: center;\">5 mm.<\/td>\n<td style=\"width: 12.4787%; text-align: center;\">560&#215;860 mm.<\/td>\n<td style=\"width: 18.9349%; text-align: center;\">605x975x620 mm.<\/td>\n<\/tr>\n<\/tbody>\n<\/table>\n<p><span style=\"color: #993300;\"><strong>POUR LE FICHIER GRAPHIQUE : cr\u00e9ez le fichier aux dimensions 60&#215;90 cm ou 90&#215;120 cm (\u00e9chelle 1:1) selon le mod\u00e8le de chevalet choisi avec les textes convertis en trac\u00e9s, apr\u00e8s avoir sauvegard\u00e9 le fichier en format PDF (r\u00e9solution minimale de 200 dpi) envoyez le document \u00e0 l&rsquo;adresse \u00e9lectronique<\/strong><\/span><strong> <a href=\"mailto:grafica@smartystore.it\">grafica@smartystore.it<\/a> <\/strong><span style=\"color: #993300;\"><strong>en mentionnant le num\u00e9ro de commande.<\/strong><\/span><\/p>\n<p><a href=\"https:\/\/www.smartystore.it\/v25\/wp-content\/uploads\/2022\/07\/STR-CMA001-002-003.pdf\" target=\"_blank\" rel=\"noopener\"><img loading=\"lazy\" decoding=\"async\" class=\"alignnone size-full wp-image-93510\" src=\"https:\/\/www.smartystore.it\/v25\/wp-content\/uploads\/2014\/10\/SchedaTecnica-300-e1750084266903.png\" alt=\"\" width=\"249\" height=\"63\"><\/a><\/p>\n<p><strong>SERVICES DE GRAPHISME ET D&rsquo;IMPRESSION<\/strong><\/p>\n<p>Smarty Store peut fournir des services de mise en page et\/ou d&rsquo;impression.<\/p>\n<p>Si le service d&rsquo;impression seule est demand\u00e9, le client doit envoyer le fichier d&rsquo;impression au format PDF. Les graphiques seront imprim\u00e9s tels qu&rsquo;ils sont re\u00e7us dans le fichier. <\/p>\n<p>Si un service de mise en page est demand\u00e9, notre organisation contactera le client par t\u00e9l\u00e9phone pour obtenir les informations n\u00e9cessaires. La mise en page graphique exclut les images, qui doivent \u00eatre fournies par le client ou faire l&rsquo;objet d&rsquo;un devis s\u00e9par\u00e9.<br \/>\nLe client recevra la proposition graphique au format PDF pour approbation. <\/p>\n<p><strong>ATTENTION :<\/strong><br \/>\nLes couleurs affich\u00e9es peuvent varier d&rsquo;un \u00e9cran \u00e0 l&rsquo;autre. Pour les couleurs d&rsquo;impression, vous devez toujours vous r\u00e9f\u00e9rer \u00e0 l&rsquo;\u00e9chelle Pantone.<br \/>\nSmarty Store d\u00e9cline toute responsabilit\u00e9 en cas de couleurs v\u00e9rifi\u00e9es par le client uniquement sur son propre moniteur. <\/p>\n","protected":false},"excerpt":{"rendered":"<p>Support publicitaire double face en m\u00e9tal noir pour la pr\u00e9sentation de panneaux rigides. Disponible en deux formats. <\/p>\n","protected":false},"featured_media":94220,"comment_status":"open","ping_status":"closed","template":"","meta":{"_acf_changed":false},"pwb-brand":[],"product_brand":[],"product_cat":[3004],"product_tag":[],"class_list":{"0":"post-94219","1":"product","2":"type-product","3":"status-publish","4":"has-post-thumbnail","6":"product_cat-stands-publicitaires","7":"pa_c2c_color-noir","8":"pa_c2c_configurazione-panneaux","9":"pa_c2c_configurazione-structure-panneaux","10":"pa_c2c_configurazione-structure-avec-poignee","11":"pa_c2c_configurazione-structure-avec-poignee-panneaux","12":"pa_c2c_configurazione-structure-uniquement","13":"pa_c2c_dimensione-90x120-cm","14":"pa_c2c_dimensione-cm-60x90-fr","15":"pa_c2c_grafica-non","16":"pa_c2c_grafica-oui","17":"pa_c2c_trovraprezzi-oui","19":"first","20":"instock","21":"taxable","22":"shipping-taxable","23":"purchasable","24":"product-type-variable"},"acf":[],"yoast_head":"<!-- This site is optimized with the Yoast SEO plugin v27.4 - https:\/\/yoast.com\/product\/yoast-seo-wordpress\/ -->\n<title>Support m\u00e9tallique double face pour panneaux rigides - Smarty Store<\/title>\n<meta name=\"description\" content=\"Support publicitaire double face en m\u00e9tal noir pour la pr\u00e9sentation de panneaux rigides. Disponible en deux formats.\" \/>\n<meta name=\"robots\" content=\"index, follow, max-snippet:-1, max-image-preview:large, max-video-preview:-1\" \/>\n<link rel=\"canonical\" href=\"https:\/\/www.smartystore.it\/fr\/prodotto\/support-metallique-double-face-pour-panneaux-rigides\/\" \/>\n<meta property=\"og:locale\" content=\"fr_FR\" \/>\n<meta property=\"og:type\" content=\"article\" \/>\n<meta property=\"og:title\" content=\"Support m\u00e9tallique double face pour panneaux rigides - Smarty Store\" \/>\n<meta property=\"og:description\" content=\"Support publicitaire double face en m\u00e9tal noir pour la pr\u00e9sentation de panneaux rigides. Disponible en deux formats.\" \/>\n<meta property=\"og:url\" content=\"https:\/\/www.smartystore.it\/fr\/prodotto\/support-metallique-double-face-pour-panneaux-rigides\/\" \/>\n<meta property=\"og:site_name\" content=\"Smarty Store\" \/>\n<meta property=\"article:modified_time\" content=\"2025-07-08T15:44:11+00:00\" \/>\n<meta property=\"og:image\" content=\"https:\/\/www.smartystore.it\/v25\/wp-content\/uploads\/2022\/07\/Cavalletto-bifacciale-in-metallo-per-pannelli-rigidi.jpg\" \/>\n\t<meta property=\"og:image:width\" content=\"1000\" \/>\n\t<meta property=\"og:image:height\" content=\"1000\" \/>\n\t<meta property=\"og:image:type\" content=\"image\/jpeg\" \/>\n<meta name=\"twitter:card\" content=\"summary_large_image\" \/>\n<meta name=\"twitter:label1\" content=\"Dur\u00e9e de lecture estim\u00e9e\" \/>\n\t<meta name=\"twitter:data1\" content=\"3 minutes\" \/>\n<script type=\"application\/ld+json\" class=\"yoast-schema-graph\">{\"@context\":\"https:\\\/\\\/schema.org\",\"@graph\":[{\"@type\":\"WebPage\",\"@id\":\"https:\\\/\\\/www.smartystore.it\\\/fr\\\/prodotto\\\/support-metallique-double-face-pour-panneaux-rigides\\\/\",\"url\":\"https:\\\/\\\/www.smartystore.it\\\/fr\\\/prodotto\\\/support-metallique-double-face-pour-panneaux-rigides\\\/\",\"name\":\"Support m\u00e9tallique double face pour panneaux rigides - Smarty Store\",\"isPartOf\":{\"@id\":\"https:\\\/\\\/www.smartystore.it\\\/fr\\\/#website\"},\"primaryImageOfPage\":{\"@id\":\"https:\\\/\\\/www.smartystore.it\\\/fr\\\/prodotto\\\/support-metallique-double-face-pour-panneaux-rigides\\\/#primaryimage\"},\"image\":{\"@id\":\"https:\\\/\\\/www.smartystore.it\\\/fr\\\/prodotto\\\/support-metallique-double-face-pour-panneaux-rigides\\\/#primaryimage\"},\"thumbnailUrl\":\"https:\\\/\\\/www.smartystore.it\\\/v25\\\/wp-content\\\/uploads\\\/2022\\\/07\\\/Cavalletto-bifacciale-in-metallo-per-pannelli-rigidi.jpg\",\"datePublished\":\"2022-07-12T11:58:25+00:00\",\"dateModified\":\"2025-07-08T15:44:11+00:00\",\"description\":\"Support publicitaire double face en m\u00e9tal noir pour la pr\u00e9sentation de panneaux rigides. Disponible en deux formats.\",\"breadcrumb\":{\"@id\":\"https:\\\/\\\/www.smartystore.it\\\/fr\\\/prodotto\\\/support-metallique-double-face-pour-panneaux-rigides\\\/#breadcrumb\"},\"inLanguage\":\"fr-FR\",\"potentialAction\":[{\"@type\":\"ReadAction\",\"target\":[\"https:\\\/\\\/www.smartystore.it\\\/fr\\\/prodotto\\\/support-metallique-double-face-pour-panneaux-rigides\\\/\"]}]},{\"@type\":\"ImageObject\",\"inLanguage\":\"fr-FR\",\"@id\":\"https:\\\/\\\/www.smartystore.it\\\/fr\\\/prodotto\\\/support-metallique-double-face-pour-panneaux-rigides\\\/#primaryimage\",\"url\":\"https:\\\/\\\/www.smartystore.it\\\/v25\\\/wp-content\\\/uploads\\\/2022\\\/07\\\/Cavalletto-bifacciale-in-metallo-per-pannelli-rigidi.jpg\",\"contentUrl\":\"https:\\\/\\\/www.smartystore.it\\\/v25\\\/wp-content\\\/uploads\\\/2022\\\/07\\\/Cavalletto-bifacciale-in-metallo-per-pannelli-rigidi.jpg\",\"width\":1000,\"height\":1000,\"caption\":\"Cavalletto bifacciale in metallo per pannelli rigidi\"},{\"@type\":\"BreadcrumbList\",\"@id\":\"https:\\\/\\\/www.smartystore.it\\\/fr\\\/prodotto\\\/support-metallique-double-face-pour-panneaux-rigides\\\/#breadcrumb\",\"itemListElement\":[{\"@type\":\"ListItem\",\"position\":1,\"name\":\"Home\",\"item\":\"https:\\\/\\\/www.smartystore.it\\\/fr\\\/\"},{\"@type\":\"ListItem\",\"position\":2,\"name\":\"Boutique\",\"item\":\"https:\\\/\\\/www.smartystore.it\\\/fr\\\/boutique\\\/\"},{\"@type\":\"ListItem\",\"position\":3,\"name\":\"Support m\u00e9tallique double face pour panneaux rigides\"}]},{\"@type\":\"WebSite\",\"@id\":\"https:\\\/\\\/www.smartystore.it\\\/fr\\\/#website\",\"url\":\"https:\\\/\\\/www.smartystore.it\\\/fr\\\/\",\"name\":\"Smarty Store\",\"description\":\"Espositori Pubblicitari e Sistemi di Comunicazione Visiva\",\"potentialAction\":[{\"@type\":\"SearchAction\",\"target\":{\"@type\":\"EntryPoint\",\"urlTemplate\":\"https:\\\/\\\/www.smartystore.it\\\/fr\\\/?s={search_term_string}\"},\"query-input\":{\"@type\":\"PropertyValueSpecification\",\"valueRequired\":true,\"valueName\":\"search_term_string\"}}],\"inLanguage\":\"fr-FR\"}]}<\/script>\n<!-- \/ Yoast SEO plugin. -->","yoast_head_json":{"title":"Support m\u00e9tallique double face pour panneaux rigides - Smarty Store","description":"Support publicitaire double face en m\u00e9tal noir pour la pr\u00e9sentation de panneaux rigides. Disponible en deux formats.","robots":{"index":"index","follow":"follow","max-snippet":"max-snippet:-1","max-image-preview":"max-image-preview:large","max-video-preview":"max-video-preview:-1"},"canonical":"https:\/\/www.smartystore.it\/fr\/prodotto\/support-metallique-double-face-pour-panneaux-rigides\/","og_locale":"fr_FR","og_type":"article","og_title":"Support m\u00e9tallique double face pour panneaux rigides - Smarty Store","og_description":"Support publicitaire double face en m\u00e9tal noir pour la pr\u00e9sentation de panneaux rigides. Disponible en deux formats.","og_url":"https:\/\/www.smartystore.it\/fr\/prodotto\/support-metallique-double-face-pour-panneaux-rigides\/","og_site_name":"Smarty Store","article_modified_time":"2025-07-08T15:44:11+00:00","og_image":[{"width":1000,"height":1000,"url":"https:\/\/www.smartystore.it\/v25\/wp-content\/uploads\/2022\/07\/Cavalletto-bifacciale-in-metallo-per-pannelli-rigidi.jpg","type":"image\/jpeg"}],"twitter_card":"summary_large_image","twitter_misc":{"Dur\u00e9e de lecture estim\u00e9e":"3 minutes"},"schema":{"@context":"https:\/\/schema.org","@graph":[{"@type":"WebPage","@id":"https:\/\/www.smartystore.it\/fr\/prodotto\/support-metallique-double-face-pour-panneaux-rigides\/","url":"https:\/\/www.smartystore.it\/fr\/prodotto\/support-metallique-double-face-pour-panneaux-rigides\/","name":"Support m\u00e9tallique double face pour panneaux rigides - Smarty Store","isPartOf":{"@id":"https:\/\/www.smartystore.it\/fr\/#website"},"primaryImageOfPage":{"@id":"https:\/\/www.smartystore.it\/fr\/prodotto\/support-metallique-double-face-pour-panneaux-rigides\/#primaryimage"},"image":{"@id":"https:\/\/www.smartystore.it\/fr\/prodotto\/support-metallique-double-face-pour-panneaux-rigides\/#primaryimage"},"thumbnailUrl":"https:\/\/www.smartystore.it\/v25\/wp-content\/uploads\/2022\/07\/Cavalletto-bifacciale-in-metallo-per-pannelli-rigidi.jpg","datePublished":"2022-07-12T11:58:25+00:00","dateModified":"2025-07-08T15:44:11+00:00","description":"Support publicitaire double face en m\u00e9tal noir pour la pr\u00e9sentation de panneaux rigides. Disponible en deux formats.","breadcrumb":{"@id":"https:\/\/www.smartystore.it\/fr\/prodotto\/support-metallique-double-face-pour-panneaux-rigides\/#breadcrumb"},"inLanguage":"fr-FR","potentialAction":[{"@type":"ReadAction","target":["https:\/\/www.smartystore.it\/fr\/prodotto\/support-metallique-double-face-pour-panneaux-rigides\/"]}]},{"@type":"ImageObject","inLanguage":"fr-FR","@id":"https:\/\/www.smartystore.it\/fr\/prodotto\/support-metallique-double-face-pour-panneaux-rigides\/#primaryimage","url":"https:\/\/www.smartystore.it\/v25\/wp-content\/uploads\/2022\/07\/Cavalletto-bifacciale-in-metallo-per-pannelli-rigidi.jpg","contentUrl":"https:\/\/www.smartystore.it\/v25\/wp-content\/uploads\/2022\/07\/Cavalletto-bifacciale-in-metallo-per-pannelli-rigidi.jpg","width":1000,"height":1000,"caption":"Cavalletto bifacciale in metallo per pannelli rigidi"},{"@type":"BreadcrumbList","@id":"https:\/\/www.smartystore.it\/fr\/prodotto\/support-metallique-double-face-pour-panneaux-rigides\/#breadcrumb","itemListElement":[{"@type":"ListItem","position":1,"name":"Home","item":"https:\/\/www.smartystore.it\/fr\/"},{"@type":"ListItem","position":2,"name":"Boutique","item":"https:\/\/www.smartystore.it\/fr\/boutique\/"},{"@type":"ListItem","position":3,"name":"Support m\u00e9tallique double face pour panneaux rigides"}]},{"@type":"WebSite","@id":"https:\/\/www.smartystore.it\/fr\/#website","url":"https:\/\/www.smartystore.it\/fr\/","name":"Smarty Store","description":"Espositori Pubblicitari e Sistemi di Comunicazione Visiva","potentialAction":[{"@type":"SearchAction","target":{"@type":"EntryPoint","urlTemplate":"https:\/\/www.smartystore.it\/fr\/?s={search_term_string}"},"query-input":{"@type":"PropertyValueSpecification","valueRequired":true,"valueName":"search_term_string"}}],"inLanguage":"fr-FR"}]}},"brands":[],"_links":{"self":[{"href":"https:\/\/www.smartystore.it\/fr\/wp-json\/wp\/v2\/product\/94219","targetHints":{"allow":["GET"]}}],"collection":[{"href":"https:\/\/www.smartystore.it\/fr\/wp-json\/wp\/v2\/product"}],"about":[{"href":"https:\/\/www.smartystore.it\/fr\/wp-json\/wp\/v2\/types\/product"}],"replies":[{"embeddable":true,"href":"https:\/\/www.smartystore.it\/fr\/wp-json\/wp\/v2\/comments?post=94219"}],"wp:featuredmedia":[{"embeddable":true,"href":"https:\/\/www.smartystore.it\/fr\/wp-json\/wp\/v2\/media\/94220"}],"wp:attachment":[{"href":"https:\/\/www.smartystore.it\/fr\/wp-json\/wp\/v2\/media?parent=94219"}],"wp:term":[{"taxonomy":"pwb-brand","embeddable":true,"href":"https:\/\/www.smartystore.it\/fr\/wp-json\/wp\/v2\/pwb-brand?post=94219"},{"taxonomy":"product_brand","embeddable":true,"href":"https:\/\/www.smartystore.it\/fr\/wp-json\/wp\/v2\/product_brand?post=94219"},{"taxonomy":"product_cat","embeddable":true,"href":"https:\/\/www.smartystore.it\/fr\/wp-json\/wp\/v2\/product_cat?post=94219"},{"taxonomy":"product_tag","embeddable":true,"href":"https:\/\/www.smartystore.it\/fr\/wp-json\/wp\/v2\/product_tag?post=94219"}],"curies":[{"name":"wp","href":"https:\/\/api.w.org\/{rel}","templated":true}]}}