{"id":94173,"date":"2022-01-04T17:10:10","date_gmt":"2022-01-04T15:10:10","guid":{"rendered":"https:\/\/www.smartystore.it\/prodotto\/porte-brochures-configurable-avec-pochettes-a4\/"},"modified":"2026-04-17T15:40:38","modified_gmt":"2026-04-17T13:40:38","slug":"porte-brochures-configurable-avec-pochettes-a4","status":"publish","type":"product","link":"https:\/\/www.smartystore.it\/fr\/prodotto\/porte-brochures-configurable-avec-pochettes-a4\/","title":{"rendered":"Porte-brochures configurable avec pochettes A4"},"content":{"rendered":"<div class=\"wpb-content-wrapper\"><p>[vc_row][vc_column][vc_column_text css=\u00a0\u00bb\u00a0\u00bb css_params=\u00a0\u00bb\u00a0\u00bb]<\/p>\n<h1>Porte-brochures configurable avec pochettes A4<\/h1>\n<p>Le pr\u00e9sentoir \u00e0 brochures configurable avec des pochettes A4 est une structure sur pied qui fait partie de la LIGNE CROMIX. Ce pr\u00e9sentoir fait \u00e9galement partie de la S\u00c9RIE QUADRA et se compose de profil\u00e9s en aluminium de 20 mm de section carr\u00e9e, d&rsquo;une base m\u00e9tallique rev\u00eatue d&rsquo;une poudre argent\u00e9e avec 4 tampons en caoutchouc antid\u00e9rapants pour prot\u00e9ger la base elle-m\u00eame et le sol, de pochettes A4 en plexy transparent et d&rsquo;un panneau arri\u00e8re en Forex avec impression recto-verso incluse dans le prix.<\/p>\n<p>Adapt\u00e9 \u00e0 la pr\u00e9sentation de catalogues et de prospectus, il peut \u00eatre utilis\u00e9 dans des lieux tels que les agences de voyage, les salles d&rsquo;exposition, les r\u00e9unions, les conventions, les entr\u00e9es d&rsquo;entreprises et partout o\u00f9 il est n\u00e9cessaire de mettre des documents imprim\u00e9s \u00e0 la disposition des clients.<\/p>\n<h2>Pr\u00e9sentoir de brochures configurable avec pochettes A4 : configurez votre version<\/h2>\n<p>Les pochettes enti\u00e8rement transparentes sont fix\u00e9es au panneau par une paire de vis et d&rsquo;\u00e9crous \u00e9galement enti\u00e8rement en plexiglas transparent, et non pas simplement ins\u00e9r\u00e9es dans la structure comme c&rsquo;est le cas pour la plupart des pr\u00e9sentoirs. Cela permet d&rsquo;\u00e9viter que des personnes mal intentionn\u00e9es qui voudraient vandaliser et manipuler l&rsquo;afficheur ne l&rsquo;enl\u00e8vent rapidement.<\/p>\n<p>Cet affichage peut \u00eatre personnalis\u00e9 selon vos besoins en choisissant la configuration qui correspond le mieux \u00e0 vos besoins lors de la phase d&rsquo;achat :<\/p>\n<ul>\n<li>version simple face : d&rsquo;un minimum de 1 poche \u00e0 un maximum de 5 poches ;<\/li>\n<li>version double face : d&rsquo;un minimum de 2 poches \u00e0 un maximum de 10 poches ;<\/li>\n<li>Les versions simple et double face peuvent \u00eatre personnalis\u00e9es avec vos propres graphiques.<\/li>\n<\/ul>\n<h3>CARACT\u00c9RISTIQUES:<\/h3>\n<ul>\n<li>Pochettes transparentes en plexiglas pour pr\u00e9senter des brochures A4<\/li>\n<li>Montants en aluminium anodis\u00e9 de section carr\u00e9e : mm H 1850 &#8211; L 20<\/li>\n<li>Base carr\u00e9e en m\u00e9tal poudr\u00e9 argent\u00e9 : mm L 325 &#8211; H 6 &#8211; P 325<\/li>\n<li>La base ultraplate de 6 mm d&rsquo;\u00e9paisseur r\u00e9duit consid\u00e9rablement les risques de tr\u00e9buchement.<\/li>\n<li><b><u>IMPRESSION RECTO-VERSO INCLUSE AVEC LES GRAPHIQUES DU CLIENT<\/u><\/b><\/li>\n<li>Dimensions de l&rsquo;\u00e9cran : mm. L 325 &#8211; H 1856 &#8211; P 325<\/li>\n<\/ul>\n<p>&nbsp;<\/p>\n<h3 style=\"text-align: center;\">\u00c9galement disponible en format A5. Cliquez <a href=\"https:\/\/www.smartystore.it\/fr\/prodotto\/presentoir-de-brochures-configurable-avec-pochettes-a5\/\" target=\"_blank\" rel=\"noopener\"><strong>ICI<\/strong><\/a><\/h3>\n<p>&nbsp;<\/p>\n<p><b><span style=\"color: #993300;\">POUR LE FICHIER GRAPHIQUE : cr\u00e9ez le fichier aux dimensions indiqu\u00e9es dans la section \u00ab\u00a0ZONE D&rsquo;IMPRESSION\u00a0\u00bb, en veillant \u00e0 ne pas ins\u00e9rer de texte et\/ou d&rsquo;images au-del\u00e0 de la zone orange de la matrice (\u00e9chelle 1:1), les textes \u00e9tant convertis en trac\u00e9s, apr\u00e8s avoir sauvegard\u00e9 le fichier au format PDF (r\u00e9solution minimale de 200 dpi), envoyez le document \u00e0 l&rsquo;adresse de courrier \u00e9lectronique suivante<\/span> <\/b><a href=\"mailto:grafica@smartystore.it\"><b>grafica@smartystore.it<\/b><\/a><b> <\/b><span style=\"color: #993300;\"><b>en se r\u00e9f\u00e9rant au num\u00e9ro de commande.<\/b><\/span><\/p>\n<p>&nbsp;<\/p>\n<p><a href=\"https:\/\/www.smartystore.it\/v25\/wp-content\/uploads\/2022\/01\/Cromix_Scheda-tecnica.pdf\" target=\"_blank\" rel=\"noopener\"><img loading=\"lazy\" decoding=\"async\" class=\"alignnone size-full wp-image-93510\" src=\"https:\/\/www.smartystore.it\/v25\/wp-content\/uploads\/2014\/10\/SchedaTecnica-300-e1750084266903.png\" alt=\"\" width=\"249\" height=\"63\" \/><\/a><\/p>\n<table style=\"width: 55.6095%; border-collapse: collapse; border-style: double; border-color: #f7a500;\">\n<tbody>\n<tr>\n<td style=\"width: 4.32955%; border-style: double; border-color: #f7a500;\"><a href=\"https:\/\/www.smartystore.it\/v25\/wp-content\/uploads\/2022\/01\/Cromix_Tracciato-1tasca.pdf\" target=\"_blank\" rel=\"noopener\"><img loading=\"lazy\" decoding=\"async\" class=\"alignnone size-full wp-image-93609\" src=\"https:\/\/www.smartystore.it\/v25\/wp-content\/uploads\/2021\/02\/LogoDownload_green-1.jpg\" alt=\"\" width=\"50\" height=\"50\" \/><\/a><\/td>\n<td style=\"width: 47.7066%; border-style: double; border-color: #f7a500;\"><a href=\"https:\/\/www.smartystore.it\/v25\/wp-content\/uploads\/2022\/01\/Cromix_Tracciato-1tasca.pdf\" target=\"_blank\" rel=\"noopener\"><strong>PR\u00c9SENTATION \u00c0 L&rsquo;EMPORTE-PI\u00c8CE POUR LA PR\u00c9SENTATION AVEC 1 POCHETTE<\/strong><\/a><\/td>\n<\/tr>\n<tr>\n<td style=\"width: 4.32955%; border-style: double; border-color: #f7a500;\"><a href=\"https:\/\/www.smartystore.it\/v25\/wp-content\/uploads\/2022\/01\/Cromix_Tracciato-2tasche.pdf\" target=\"_blank\" rel=\"noopener\"><img loading=\"lazy\" decoding=\"async\" class=\"alignnone size-full wp-image-93609\" src=\"https:\/\/www.smartystore.it\/v25\/wp-content\/uploads\/2021\/02\/LogoDownload_green-1.jpg\" alt=\"\" width=\"50\" height=\"50\" \/><\/a><\/td>\n<td style=\"width: 47.7066%; border-style: double; border-color: #f7a500;\"><a href=\"https:\/\/www.smartystore.it\/v25\/wp-content\/uploads\/2022\/01\/Cromix_Tracciato-2tasche.pdf\" target=\"_blank\" rel=\"noopener\"><strong>MOD\u00c8LE PR\u00c9D\u00c9COUP\u00c9 POUR LE PR\u00c9SENTOIR AVEC 2 POCHETTES<\/strong><\/a><\/td>\n<\/tr>\n<tr>\n<td style=\"width: 4.32955%; border-style: double; border-color: #f7a500;\"><a href=\"https:\/\/www.smartystore.it\/v25\/wp-content\/uploads\/2022\/01\/Cromix_Tracciato-3tasche.pdf\" target=\"_blank\" rel=\"noopener\"><img loading=\"lazy\" decoding=\"async\" class=\"alignnone size-full wp-image-93609\" src=\"https:\/\/www.smartystore.it\/v25\/wp-content\/uploads\/2021\/02\/LogoDownload_green-1.jpg\" alt=\"\" width=\"50\" height=\"50\" \/><\/a><\/td>\n<td style=\"width: 47.7066%; border-style: double; border-color: #f7a500;\"><a href=\"https:\/\/www.smartystore.it\/v25\/wp-content\/uploads\/2022\/01\/Cromix_Tracciato-3tasche.pdf\" target=\"_blank\" rel=\"noopener\"><strong>MOD\u00c8LE PR\u00c9D\u00c9COUP\u00c9 POUR LE PR\u00c9SENTOIR \u00c0 3 POCHETTES<\/strong><\/a><\/td>\n<\/tr>\n<tr>\n<td style=\"width: 4.32955%; border-style: double; border-color: #f7a500;\"><a href=\"https:\/\/www.smartystore.it\/v25\/wp-content\/uploads\/2022\/01\/Cromix_Tracciato-4tasche.pdf\" target=\"_blank\" rel=\"noopener\"><img loading=\"lazy\" decoding=\"async\" class=\"alignnone size-full wp-image-93609\" src=\"https:\/\/www.smartystore.it\/v25\/wp-content\/uploads\/2021\/02\/LogoDownload_green-1.jpg\" alt=\"\" width=\"50\" height=\"50\" \/><\/a><\/td>\n<td style=\"width: 47.7066%; border-style: double; border-color: #f7a500;\"><a href=\"https:\/\/www.smartystore.it\/v25\/wp-content\/uploads\/2022\/01\/Cromix_Tracciato-4tasche.pdf\" target=\"_blank\" rel=\"noopener\"><strong>MOD\u00c8LE PR\u00c9D\u00c9COUP\u00c9 POUR LE PR\u00c9SENTOIR \u00c0 4 POCHETTES<\/strong><\/a><\/td>\n<\/tr>\n<tr>\n<td style=\"width: 4.32955%; border-style: double; border-color: #f7a500;\"><a href=\"https:\/\/www.smartystore.it\/v25\/wp-content\/uploads\/2022\/01\/Cromix_Tracciato-5tasche.pdf\" target=\"_blank\" rel=\"noopener\"><img loading=\"lazy\" decoding=\"async\" class=\"alignnone size-full wp-image-93609\" src=\"https:\/\/www.smartystore.it\/v25\/wp-content\/uploads\/2021\/02\/LogoDownload_green-1.jpg\" alt=\"\" width=\"50\" height=\"50\" \/><\/a><\/td>\n<td style=\"width: 47.7066%; border-style: double; border-color: #f7a500;\"><a href=\"https:\/\/www.smartystore.it\/v25\/wp-content\/uploads\/2022\/01\/Cromix_Tracciato-5tasche.pdf\" target=\"_blank\" rel=\"noopener\"><strong>MOD\u00c8LE PR\u00c9D\u00c9COUP\u00c9 POUR LE PR\u00c9SENTOIR \u00c0 5 POCHETTES<\/strong><\/a><\/td>\n<\/tr>\n<tr>\n<td style=\"width: 4.32955%; border-style: double; border-color: #f7a500;\"><a href=\"https:\/\/www.smartystore.it\/v25\/wp-content\/uploads\/2022\/01\/Cromix_Tracciato-monof-retro-senza-tasche.pdf\" target=\"_blank\" rel=\"noopener\"><img loading=\"lazy\" decoding=\"async\" class=\"alignnone size-full wp-image-93609\" src=\"https:\/\/www.smartystore.it\/v25\/wp-content\/uploads\/2021\/02\/LogoDownload_green-1.jpg\" alt=\"\" width=\"50\" height=\"50\" \/><\/a><\/td>\n<td style=\"width: 47.7066%; border-style: double; border-color: #f7a500;\"><a href=\"https:\/\/www.smartystore.it\/v25\/wp-content\/uploads\/2022\/01\/Cromix_Tracciato-monof-retro-senza-tasche.pdf\" target=\"_blank\" rel=\"noopener\"><strong>MISE EN PAGE PR\u00c9D\u00c9COUP\u00c9E POUR L&rsquo;AFFICHAGE AU DOS VERSION SIMPLE FACE<\/strong><\/a><\/td>\n<\/tr>\n<\/tbody>\n<\/table>\n<p>&nbsp;<\/p>\n<p><b>SERVICES DE GRAPHISME ET D&rsquo;IMPRESSION<\/b><\/p>\n<p>Smarty Store peut fournir des services de mise en page et\/ou d&rsquo;impression.<\/p>\n<p>Si le service d&rsquo;impression seule est demand\u00e9, le client doit envoyer le fichier d&rsquo;impression au format PDF. Les graphiques seront imprim\u00e9s tels qu&rsquo;ils sont re\u00e7us dans le fichier.<\/p>\n<p>Si un service de mise en page est demand\u00e9, notre organisation contactera le client par t\u00e9l\u00e9phone pour obtenir les informations n\u00e9cessaires. La mise en page graphique exclut les images, qui doivent \u00eatre fournies par le client ou faire l&rsquo;objet d&rsquo;un devis s\u00e9par\u00e9.<br \/>\nLe client recevra la proposition graphique au format PDF pour approbation.<\/p>\n<p><b>ATTENTION :<\/b><br \/>\nLes couleurs affich\u00e9es peuvent varier d&rsquo;un \u00e9cran \u00e0 l&rsquo;autre. Pour les couleurs d&rsquo;impression, vous devez toujours vous r\u00e9f\u00e9rer \u00e0 l&rsquo;\u00e9chelle Pantone.<br \/>\nSmarty Store d\u00e9cline toute responsabilit\u00e9 en cas de couleurs v\u00e9rifi\u00e9es par le client uniquement sur son propre moniteur.<\/p>\n<p>[\/vc_column_text][\/vc_column][\/vc_row]<\/p>\n<\/div>","protected":false},"excerpt":{"rendered":"<p>Pr\u00e9sentoir publicitaire sur pied avec pochettes A4 en plexy transparent et panneau arri\u00e8re. Possibilit\u00e9 de choisir le nombre de pochettes et de personnaliser le panneau.<\/p>\n","protected":false},"featured_media":94174,"comment_status":"open","ping_status":"closed","template":"","meta":{"_acf_changed":false},"pwb-brand":[],"product_brand":[],"product_cat":[2970,2969,2968,3023,2914],"product_tag":[7146,7144,7143,7147,7148,7145,7149],"class_list":{"0":"post-94173","1":"product","2":"type-product","3":"status-publish","4":"has-post-thumbnail","6":"product_cat-porte-brochure-porte-catalogue","7":"product_cat-porte-brochure-debout","8":"product_cat-porte-brochures-catalogues","9":"product_cat-presentoirs-publicitaires-fr","10":"product_cat-quadra-series-fr","11":"product_tag-porte-brochures-a4-configurable-sur-pied","12":"product_tag-porte-catalogue-a4-pour-le-sol","13":"product_tag-porte-catalogue-a4-sur-pied","14":"product_tag-porte-catalogue-avec-socle-pour-formats-a4","15":"product_tag-presentoir-de-porte-brochures-a4-simple-face-presentoir-de-porte-brochures-a4-double-face","16":"product_tag-presentoir-de-sol-pour-catalogues-a4","17":"product_tag-presentoir-porte-brochures-a4-personnalise","18":"pa_c2c_base-base-carree","19":"pa_c2c_color-argent","20":"pa_c2c_dimensione-a4-fr","21":"pa_c2c_grafica-non","22":"pa_c2c_grafica-oui","23":"pa_c2c_materiale-aluminium","24":"pa_c2c_materiale-le-change","25":"pa_c2c_mono_bifacciale-double-face","26":"pa_c2c_mono_bifacciale-simple-face","27":"pa_c2c_stampa-non","28":"pa_c2c_stampa-oui","29":"pa_serie-quadra-series","30":"pa_tasche-1-fr","31":"pa_tasche-2-fr","32":"pa_tasche-3-fr","33":"pa_tasche-4-fr","34":"pa_tasche-5-fr","36":"first","37":"instock","38":"taxable","39":"shipping-taxable","40":"purchasable","41":"product-type-variable"},"acf":[],"yoast_head":"<!-- This site is optimized with the Yoast SEO plugin v27.4 - https:\/\/yoast.com\/product\/yoast-seo-wordpress\/ -->\n<title>Porte-brochures configurable avec pochettes A4 - Smarty Store Best Price<\/title>\n<meta name=\"description\" content=\"Pr\u00e9sentoir de brochures configurable avec pochettes A4. Choix du nombre de pochettes et impression personnalis\u00e9e des panneaux recto-verso.\" \/>\n<meta name=\"robots\" content=\"index, follow, max-snippet:-1, max-image-preview:large, max-video-preview:-1\" \/>\n<link rel=\"canonical\" href=\"https:\/\/www.smartystore.it\/fr\/prodotto\/porte-brochures-configurable-avec-pochettes-a4\/\" \/>\n<meta property=\"og:locale\" content=\"fr_FR\" \/>\n<meta property=\"og:type\" content=\"article\" \/>\n<meta property=\"og:title\" content=\"Porte-brochures configurable avec pochettes A4 - Smarty Store Best Price\" \/>\n<meta property=\"og:description\" content=\"Pr\u00e9sentoir de brochures configurable avec pochettes A4. Choix du nombre de pochettes et impression personnalis\u00e9e des panneaux recto-verso.\" \/>\n<meta property=\"og:url\" content=\"https:\/\/www.smartystore.it\/fr\/prodotto\/porte-brochures-configurable-avec-pochettes-a4\/\" \/>\n<meta property=\"og:site_name\" content=\"Smarty Store\" \/>\n<meta property=\"article:modified_time\" content=\"2026-04-17T13:40:38+00:00\" \/>\n<meta property=\"og:image\" content=\"https:\/\/www.smartystore.it\/v25\/wp-content\/uploads\/2022\/01\/Espositore-pubblicitario-da-terra-con-tasche-portadepliant-A4-con-divisorio-1-3-A4-pannello-dibond-monofacciale-bifacciale-1.jpg\" \/>\n\t<meta property=\"og:image:width\" content=\"1000\" \/>\n\t<meta property=\"og:image:height\" content=\"1000\" \/>\n\t<meta property=\"og:image:type\" content=\"image\/jpeg\" \/>\n<meta name=\"twitter:card\" content=\"summary_large_image\" \/>\n<meta name=\"twitter:label1\" content=\"Dur\u00e9e de lecture estim\u00e9e\" \/>\n\t<meta name=\"twitter:data1\" content=\"5 minutes\" \/>\n<script type=\"application\/ld+json\" class=\"yoast-schema-graph\">{\"@context\":\"https:\\\/\\\/schema.org\",\"@graph\":[{\"@type\":\"WebPage\",\"@id\":\"https:\\\/\\\/www.smartystore.it\\\/fr\\\/prodotto\\\/porte-brochures-configurable-avec-pochettes-a4\\\/\",\"url\":\"https:\\\/\\\/www.smartystore.it\\\/fr\\\/prodotto\\\/porte-brochures-configurable-avec-pochettes-a4\\\/\",\"name\":\"Porte-brochures configurable avec pochettes A4 - Smarty Store Best Price\",\"isPartOf\":{\"@id\":\"https:\\\/\\\/www.smartystore.it\\\/fr\\\/#website\"},\"primaryImageOfPage\":{\"@id\":\"https:\\\/\\\/www.smartystore.it\\\/fr\\\/prodotto\\\/porte-brochures-configurable-avec-pochettes-a4\\\/#primaryimage\"},\"image\":{\"@id\":\"https:\\\/\\\/www.smartystore.it\\\/fr\\\/prodotto\\\/porte-brochures-configurable-avec-pochettes-a4\\\/#primaryimage\"},\"thumbnailUrl\":\"https:\\\/\\\/www.smartystore.it\\\/v25\\\/wp-content\\\/uploads\\\/2022\\\/01\\\/Espositore-pubblicitario-da-terra-con-tasche-portadepliant-A4-con-divisorio-1-3-A4-pannello-dibond-monofacciale-bifacciale-1.jpg\",\"datePublished\":\"2022-01-04T15:10:10+00:00\",\"dateModified\":\"2026-04-17T13:40:38+00:00\",\"description\":\"Pr\u00e9sentoir de brochures configurable avec pochettes A4. Choix du nombre de pochettes et impression personnalis\u00e9e des panneaux recto-verso.\",\"breadcrumb\":{\"@id\":\"https:\\\/\\\/www.smartystore.it\\\/fr\\\/prodotto\\\/porte-brochures-configurable-avec-pochettes-a4\\\/#breadcrumb\"},\"inLanguage\":\"fr-FR\",\"potentialAction\":[{\"@type\":\"ReadAction\",\"target\":[\"https:\\\/\\\/www.smartystore.it\\\/fr\\\/prodotto\\\/porte-brochures-configurable-avec-pochettes-a4\\\/\"]}]},{\"@type\":\"ImageObject\",\"inLanguage\":\"fr-FR\",\"@id\":\"https:\\\/\\\/www.smartystore.it\\\/fr\\\/prodotto\\\/porte-brochures-configurable-avec-pochettes-a4\\\/#primaryimage\",\"url\":\"https:\\\/\\\/www.smartystore.it\\\/v25\\\/wp-content\\\/uploads\\\/2022\\\/01\\\/Espositore-pubblicitario-da-terra-con-tasche-portadepliant-A4-con-divisorio-1-3-A4-pannello-dibond-monofacciale-bifacciale-1.jpg\",\"contentUrl\":\"https:\\\/\\\/www.smartystore.it\\\/v25\\\/wp-content\\\/uploads\\\/2022\\\/01\\\/Espositore-pubblicitario-da-terra-con-tasche-portadepliant-A4-con-divisorio-1-3-A4-pannello-dibond-monofacciale-bifacciale-1.jpg\",\"width\":1000,\"height\":1000,\"caption\":\"Porte-brochures configurable avec pochettes A4\"},{\"@type\":\"BreadcrumbList\",\"@id\":\"https:\\\/\\\/www.smartystore.it\\\/fr\\\/prodotto\\\/porte-brochures-configurable-avec-pochettes-a4\\\/#breadcrumb\",\"itemListElement\":[{\"@type\":\"ListItem\",\"position\":1,\"name\":\"Home\",\"item\":\"https:\\\/\\\/www.smartystore.it\\\/fr\\\/\"},{\"@type\":\"ListItem\",\"position\":2,\"name\":\"Boutique\",\"item\":\"https:\\\/\\\/www.smartystore.it\\\/fr\\\/boutique\\\/\"},{\"@type\":\"ListItem\",\"position\":3,\"name\":\"Porte-brochures configurable avec pochettes A4\"}]},{\"@type\":\"WebSite\",\"@id\":\"https:\\\/\\\/www.smartystore.it\\\/fr\\\/#website\",\"url\":\"https:\\\/\\\/www.smartystore.it\\\/fr\\\/\",\"name\":\"Smarty Store\",\"description\":\"Espositori Pubblicitari e Sistemi di Comunicazione Visiva\",\"potentialAction\":[{\"@type\":\"SearchAction\",\"target\":{\"@type\":\"EntryPoint\",\"urlTemplate\":\"https:\\\/\\\/www.smartystore.it\\\/fr\\\/?s={search_term_string}\"},\"query-input\":{\"@type\":\"PropertyValueSpecification\",\"valueRequired\":true,\"valueName\":\"search_term_string\"}}],\"inLanguage\":\"fr-FR\"}]}<\/script>\n<!-- \/ Yoast SEO plugin. -->","yoast_head_json":{"title":"Porte-brochures configurable avec pochettes A4 - Smarty Store Best Price","description":"Pr\u00e9sentoir de brochures configurable avec pochettes A4. Choix du nombre de pochettes et impression personnalis\u00e9e des panneaux recto-verso.","robots":{"index":"index","follow":"follow","max-snippet":"max-snippet:-1","max-image-preview":"max-image-preview:large","max-video-preview":"max-video-preview:-1"},"canonical":"https:\/\/www.smartystore.it\/fr\/prodotto\/porte-brochures-configurable-avec-pochettes-a4\/","og_locale":"fr_FR","og_type":"article","og_title":"Porte-brochures configurable avec pochettes A4 - Smarty Store Best Price","og_description":"Pr\u00e9sentoir de brochures configurable avec pochettes A4. Choix du nombre de pochettes et impression personnalis\u00e9e des panneaux recto-verso.","og_url":"https:\/\/www.smartystore.it\/fr\/prodotto\/porte-brochures-configurable-avec-pochettes-a4\/","og_site_name":"Smarty Store","article_modified_time":"2026-04-17T13:40:38+00:00","og_image":[{"width":1000,"height":1000,"url":"https:\/\/www.smartystore.it\/v25\/wp-content\/uploads\/2022\/01\/Espositore-pubblicitario-da-terra-con-tasche-portadepliant-A4-con-divisorio-1-3-A4-pannello-dibond-monofacciale-bifacciale-1.jpg","type":"image\/jpeg"}],"twitter_card":"summary_large_image","twitter_misc":{"Dur\u00e9e de lecture estim\u00e9e":"5 minutes"},"schema":{"@context":"https:\/\/schema.org","@graph":[{"@type":"WebPage","@id":"https:\/\/www.smartystore.it\/fr\/prodotto\/porte-brochures-configurable-avec-pochettes-a4\/","url":"https:\/\/www.smartystore.it\/fr\/prodotto\/porte-brochures-configurable-avec-pochettes-a4\/","name":"Porte-brochures configurable avec pochettes A4 - Smarty Store Best Price","isPartOf":{"@id":"https:\/\/www.smartystore.it\/fr\/#website"},"primaryImageOfPage":{"@id":"https:\/\/www.smartystore.it\/fr\/prodotto\/porte-brochures-configurable-avec-pochettes-a4\/#primaryimage"},"image":{"@id":"https:\/\/www.smartystore.it\/fr\/prodotto\/porte-brochures-configurable-avec-pochettes-a4\/#primaryimage"},"thumbnailUrl":"https:\/\/www.smartystore.it\/v25\/wp-content\/uploads\/2022\/01\/Espositore-pubblicitario-da-terra-con-tasche-portadepliant-A4-con-divisorio-1-3-A4-pannello-dibond-monofacciale-bifacciale-1.jpg","datePublished":"2022-01-04T15:10:10+00:00","dateModified":"2026-04-17T13:40:38+00:00","description":"Pr\u00e9sentoir de brochures configurable avec pochettes A4. Choix du nombre de pochettes et impression personnalis\u00e9e des panneaux recto-verso.","breadcrumb":{"@id":"https:\/\/www.smartystore.it\/fr\/prodotto\/porte-brochures-configurable-avec-pochettes-a4\/#breadcrumb"},"inLanguage":"fr-FR","potentialAction":[{"@type":"ReadAction","target":["https:\/\/www.smartystore.it\/fr\/prodotto\/porte-brochures-configurable-avec-pochettes-a4\/"]}]},{"@type":"ImageObject","inLanguage":"fr-FR","@id":"https:\/\/www.smartystore.it\/fr\/prodotto\/porte-brochures-configurable-avec-pochettes-a4\/#primaryimage","url":"https:\/\/www.smartystore.it\/v25\/wp-content\/uploads\/2022\/01\/Espositore-pubblicitario-da-terra-con-tasche-portadepliant-A4-con-divisorio-1-3-A4-pannello-dibond-monofacciale-bifacciale-1.jpg","contentUrl":"https:\/\/www.smartystore.it\/v25\/wp-content\/uploads\/2022\/01\/Espositore-pubblicitario-da-terra-con-tasche-portadepliant-A4-con-divisorio-1-3-A4-pannello-dibond-monofacciale-bifacciale-1.jpg","width":1000,"height":1000,"caption":"Porte-brochures configurable avec pochettes A4"},{"@type":"BreadcrumbList","@id":"https:\/\/www.smartystore.it\/fr\/prodotto\/porte-brochures-configurable-avec-pochettes-a4\/#breadcrumb","itemListElement":[{"@type":"ListItem","position":1,"name":"Home","item":"https:\/\/www.smartystore.it\/fr\/"},{"@type":"ListItem","position":2,"name":"Boutique","item":"https:\/\/www.smartystore.it\/fr\/boutique\/"},{"@type":"ListItem","position":3,"name":"Porte-brochures configurable avec pochettes A4"}]},{"@type":"WebSite","@id":"https:\/\/www.smartystore.it\/fr\/#website","url":"https:\/\/www.smartystore.it\/fr\/","name":"Smarty Store","description":"Espositori Pubblicitari e Sistemi di Comunicazione Visiva","potentialAction":[{"@type":"SearchAction","target":{"@type":"EntryPoint","urlTemplate":"https:\/\/www.smartystore.it\/fr\/?s={search_term_string}"},"query-input":{"@type":"PropertyValueSpecification","valueRequired":true,"valueName":"search_term_string"}}],"inLanguage":"fr-FR"}]}},"brands":[],"_links":{"self":[{"href":"https:\/\/www.smartystore.it\/fr\/wp-json\/wp\/v2\/product\/94173","targetHints":{"allow":["GET"]}}],"collection":[{"href":"https:\/\/www.smartystore.it\/fr\/wp-json\/wp\/v2\/product"}],"about":[{"href":"https:\/\/www.smartystore.it\/fr\/wp-json\/wp\/v2\/types\/product"}],"replies":[{"embeddable":true,"href":"https:\/\/www.smartystore.it\/fr\/wp-json\/wp\/v2\/comments?post=94173"}],"wp:featuredmedia":[{"embeddable":true,"href":"https:\/\/www.smartystore.it\/fr\/wp-json\/wp\/v2\/media\/94174"}],"wp:attachment":[{"href":"https:\/\/www.smartystore.it\/fr\/wp-json\/wp\/v2\/media?parent=94173"}],"wp:term":[{"taxonomy":"pwb-brand","embeddable":true,"href":"https:\/\/www.smartystore.it\/fr\/wp-json\/wp\/v2\/pwb-brand?post=94173"},{"taxonomy":"product_brand","embeddable":true,"href":"https:\/\/www.smartystore.it\/fr\/wp-json\/wp\/v2\/product_brand?post=94173"},{"taxonomy":"product_cat","embeddable":true,"href":"https:\/\/www.smartystore.it\/fr\/wp-json\/wp\/v2\/product_cat?post=94173"},{"taxonomy":"product_tag","embeddable":true,"href":"https:\/\/www.smartystore.it\/fr\/wp-json\/wp\/v2\/product_tag?post=94173"}],"curies":[{"name":"wp","href":"https:\/\/api.w.org\/{rel}","templated":true}]}}