{"id":94167,"date":"2022-02-01T17:15:31","date_gmt":"2022-02-01T15:15:31","guid":{"rendered":"https:\/\/www.smartystore.it\/prodotto\/pupitre-en-metal-noir-avec-etagere-a3\/"},"modified":"2025-07-30T13:13:42","modified_gmt":"2025-07-30T11:13:42","slug":"pupitre-en-metal-noir-avec-etagere-a3","status":"publish","type":"product","link":"https:\/\/www.smartystore.it\/fr\/prodotto\/pupitre-en-metal-noir-avec-etagere-a3\/","title":{"rendered":"Pupitre en m\u00e9tal noir avec \u00e9tag\u00e8re A3"},"content":{"rendered":"<h2>Pupitre en m\u00e9tal noir avec \u00e9tag\u00e8re A3<\/h2>\n<p>Le pr\u00e9sentoir en m\u00e9tal noir avec \u00e9tag\u00e8re A3 (42 x 30 cm) est en m\u00e9tal et se compose d&rsquo;une \u00e9tag\u00e8re en m\u00e9tal pour brochures A3 horizontales ou 2xA4 verticales, d&rsquo;un montant rond et d&rsquo;un socle en m\u00e9tal peint par poudrage en noir.<\/p>\n<p>Particuli\u00e8rement adapt\u00e9 aux entreprises ou \u00e0 toutes les activit\u00e9s qui doivent fournir des informations et une assistance aux clients et aux utilisateurs qui, pendant leur attente ou leur visite, peuvent consulter des avis et des informations de mani\u00e8re autonome, sans n\u00e9cessairement attendre qu&rsquo;un pr\u00e9pos\u00e9 leur donne l&rsquo;information. Les lieux d&rsquo;utilisation classiques sont en fait les salles de r\u00e9union, les salles d&rsquo;exposition, les conventions, mais aussi les th\u00e9\u00e2tres, les mus\u00e9es et les entr\u00e9es de restaurants.<\/p>\n<p>Le pupitre poss\u00e8de cette touche d&rsquo;\u00e9l\u00e9gance qui en fait un v\u00e9ritable outil d&rsquo;ameublement design. Gr\u00e2ce \u00e0 sa couleur noire classique, il s&rsquo;int\u00e8gre discr\u00e8tement dans tout type d&rsquo;ameublement, qu&rsquo;il s&rsquo;agisse de mobilier d&rsquo;entreprise ou de mobilier commercial. Le cadre et la base en fer rev\u00eatus de poudre noire rendent ce pupitre plus robuste et r\u00e9sistant que les mod\u00e8les similaires en plexiglas qui risquent de se briser ou d&rsquo;\u00eatre endommag\u00e9s par des chocs ou des chutes.<\/p>\n<h3>CARACT\u00c9RISTIQUES:<\/h3>\n<p>\u00c9paisseur de l&rsquo;\u00e9tag\u00e8re pour ranger des livres, des brochures, des magazines ou tout autre type d&rsquo;information que vous souhaitez que le client consulte : 2 mm.<\/p>\n<p>Montant rond en m\u00e9tal : H 90 cm. \u00d8 2,5 cm.<\/p>\n<p>Base en m\u00e9tal poudr\u00e9 argent\u00e9 (en cm) : \u00d8 35<\/p>\n<p><span style=\"text-decoration: underline;\"><strong>BASE ANTI-TR\u00c9CISSEMENT ULTRA PLATE : \u00e9paisseur 6 mm.<\/strong><\/span><\/p>\n<p>Hauteur totale de l&rsquo;exposition : 107 cm.<\/p>\n<p>Poids du pupitre : 6,3 kg environ.<\/p>\n<p><strong><span style=\"color: #000000;\">VOUS RECHERCHEZ UN PRODUIT SIMILAIRE \u00c0 UN MEILLEUR PRIX ? CLIQUEZ <\/span> <a href=\"https:\/\/www.smartystore.it\/fr\/prodotto\/pupitre-en-aluminium-avec-etagere-support-pour-livres-a3\/\" target=\"_blank\" rel=\"noopener\">ICI<\/a><\/strong><\/p>\n<p><a href=\"https:\/\/www.smartystore.it\/v25\/wp-content\/uploads\/2022\/02\/Leggio-in-metallo-nero-scheda-tecnica.pdf\" target=\"_blank\" rel=\"noopener\"><img loading=\"lazy\" decoding=\"async\" class=\"alignnone size-full wp-image-93510\" src=\"https:\/\/www.smartystore.it\/v25\/wp-content\/uploads\/2014\/10\/SchedaTecnica-300-e1750084266903.png\" alt=\"\" width=\"249\" height=\"63\" \/><\/a><\/p>\n","protected":false},"excerpt":{"rendered":"<p>Pr\u00e9sentoir pour pupitre en noir, \u00e9quip\u00e9 d&rsquo;une \u00e9tag\u00e8re pratique pour livres A3.<\/p>\n","protected":false},"featured_media":94168,"comment_status":"open","ping_status":"closed","template":"","meta":{"_acf_changed":false},"pwb-brand":[],"product_brand":[],"product_cat":[3010,3013,2969,2968,3024],"product_tag":[4040,4036,4038,4037,4039],"class_list":{"0":"post-94167","1":"product","2":"type-product","3":"status-publish","4":"has-post-thumbnail","6":"product_cat-affichage-porte-avis-emplacement","7":"product_cat-porte-affiche-au-sol","8":"product_cat-porte-brochure-debout","9":"product_cat-porte-brochures-catalogues","10":"product_cat-pupitres-et-tables","11":"product_tag-porte-livre-avec-fond-noir-incline","12":"product_tag-pupitre-a3-noir","13":"product_tag-pupitre-noir-sur-pied-avec-tablette-a3","14":"product_tag-pupitre-sur-pied-a3-noir","15":"product_tag-support-de-livre-a3-noir","16":"pa_c2c_base-base-ronde","17":"pa_c2c_color-noir","18":"pa_c2c_dimensione-a3-42x30-orizz","19":"pa_c2c_mono_bifacciale-simple-face","20":"pa_c2c_trovraprezzi-oui","22":"first","23":"instock","24":"taxable","25":"shipping-taxable","26":"purchasable","27":"product-type-simple"},"acf":[],"yoast_head":"<!-- This site is optimized with the Yoast SEO plugin v27.4 - https:\/\/yoast.com\/product\/yoast-seo-wordpress\/ -->\n<title>Pupitre en m\u00e9tal noir avec \u00e9tag\u00e8re A3 - Smarty Store<\/title>\n<meta name=\"description\" content=\"Pr\u00e9sentoir pratique en m\u00e9tal noir sur pied avec \u00e9tag\u00e8re pour livres A3 (42 x 30 cm) et base anti-tampon ultra-plate.\" \/>\n<meta name=\"robots\" content=\"index, follow, max-snippet:-1, max-image-preview:large, max-video-preview:-1\" \/>\n<link rel=\"canonical\" href=\"https:\/\/www.smartystore.it\/fr\/prodotto\/pupitre-en-metal-noir-avec-etagere-a3\/\" \/>\n<meta property=\"og:locale\" content=\"fr_FR\" \/>\n<meta property=\"og:type\" content=\"article\" \/>\n<meta property=\"og:title\" content=\"Pupitre en m\u00e9tal noir avec \u00e9tag\u00e8re A3 - Smarty Store\" \/>\n<meta property=\"og:description\" content=\"Pr\u00e9sentoir pratique en m\u00e9tal noir sur pied avec \u00e9tag\u00e8re pour livres A3 (42 x 30 cm) et base anti-tampon ultra-plate.\" \/>\n<meta property=\"og:url\" content=\"https:\/\/www.smartystore.it\/fr\/prodotto\/pupitre-en-metal-noir-avec-etagere-a3\/\" \/>\n<meta property=\"og:site_name\" content=\"Smarty Store\" \/>\n<meta property=\"article:modified_time\" content=\"2025-07-30T11:13:42+00:00\" \/>\n<meta property=\"og:image\" content=\"https:\/\/www.smartystore.it\/v25\/wp-content\/uploads\/2022\/02\/Leggio-in-metallo-nero-e-ripiano-reggi-libro-A3-orizzontale.jpg\" \/>\n\t<meta property=\"og:image:width\" content=\"1000\" \/>\n\t<meta property=\"og:image:height\" content=\"1000\" \/>\n\t<meta property=\"og:image:type\" content=\"image\/jpeg\" \/>\n<meta name=\"twitter:card\" content=\"summary_large_image\" \/>\n<meta name=\"twitter:label1\" content=\"Dur\u00e9e de lecture estim\u00e9e\" \/>\n\t<meta name=\"twitter:data1\" content=\"2 minutes\" \/>\n<script type=\"application\/ld+json\" class=\"yoast-schema-graph\">{\"@context\":\"https:\\\/\\\/schema.org\",\"@graph\":[{\"@type\":\"WebPage\",\"@id\":\"https:\\\/\\\/www.smartystore.it\\\/fr\\\/prodotto\\\/pupitre-en-metal-noir-avec-etagere-a3\\\/\",\"url\":\"https:\\\/\\\/www.smartystore.it\\\/fr\\\/prodotto\\\/pupitre-en-metal-noir-avec-etagere-a3\\\/\",\"name\":\"Pupitre en m\u00e9tal noir avec \u00e9tag\u00e8re A3 - Smarty Store\",\"isPartOf\":{\"@id\":\"https:\\\/\\\/www.smartystore.it\\\/fr\\\/#website\"},\"primaryImageOfPage\":{\"@id\":\"https:\\\/\\\/www.smartystore.it\\\/fr\\\/prodotto\\\/pupitre-en-metal-noir-avec-etagere-a3\\\/#primaryimage\"},\"image\":{\"@id\":\"https:\\\/\\\/www.smartystore.it\\\/fr\\\/prodotto\\\/pupitre-en-metal-noir-avec-etagere-a3\\\/#primaryimage\"},\"thumbnailUrl\":\"https:\\\/\\\/www.smartystore.it\\\/v25\\\/wp-content\\\/uploads\\\/2022\\\/02\\\/Leggio-in-metallo-nero-e-ripiano-reggi-libro-A3-orizzontale.jpg\",\"datePublished\":\"2022-02-01T15:15:31+00:00\",\"dateModified\":\"2025-07-30T11:13:42+00:00\",\"description\":\"Pr\u00e9sentoir pratique en m\u00e9tal noir sur pied avec \u00e9tag\u00e8re pour livres A3 (42 x 30 cm) et base anti-tampon ultra-plate.\",\"breadcrumb\":{\"@id\":\"https:\\\/\\\/www.smartystore.it\\\/fr\\\/prodotto\\\/pupitre-en-metal-noir-avec-etagere-a3\\\/#breadcrumb\"},\"inLanguage\":\"fr-FR\",\"potentialAction\":[{\"@type\":\"ReadAction\",\"target\":[\"https:\\\/\\\/www.smartystore.it\\\/fr\\\/prodotto\\\/pupitre-en-metal-noir-avec-etagere-a3\\\/\"]}]},{\"@type\":\"ImageObject\",\"inLanguage\":\"fr-FR\",\"@id\":\"https:\\\/\\\/www.smartystore.it\\\/fr\\\/prodotto\\\/pupitre-en-metal-noir-avec-etagere-a3\\\/#primaryimage\",\"url\":\"https:\\\/\\\/www.smartystore.it\\\/v25\\\/wp-content\\\/uploads\\\/2022\\\/02\\\/Leggio-in-metallo-nero-e-ripiano-reggi-libro-A3-orizzontale.jpg\",\"contentUrl\":\"https:\\\/\\\/www.smartystore.it\\\/v25\\\/wp-content\\\/uploads\\\/2022\\\/02\\\/Leggio-in-metallo-nero-e-ripiano-reggi-libro-A3-orizzontale.jpg\",\"width\":1000,\"height\":1000,\"caption\":\"Pupitre en m\u00e9tal noir avec \u00e9tag\u00e8re A3\"},{\"@type\":\"BreadcrumbList\",\"@id\":\"https:\\\/\\\/www.smartystore.it\\\/fr\\\/prodotto\\\/pupitre-en-metal-noir-avec-etagere-a3\\\/#breadcrumb\",\"itemListElement\":[{\"@type\":\"ListItem\",\"position\":1,\"name\":\"Home\",\"item\":\"https:\\\/\\\/www.smartystore.it\\\/fr\\\/\"},{\"@type\":\"ListItem\",\"position\":2,\"name\":\"Boutique\",\"item\":\"https:\\\/\\\/www.smartystore.it\\\/fr\\\/boutique\\\/\"},{\"@type\":\"ListItem\",\"position\":3,\"name\":\"Pupitre en m\u00e9tal noir avec \u00e9tag\u00e8re A3\"}]},{\"@type\":\"WebSite\",\"@id\":\"https:\\\/\\\/www.smartystore.it\\\/fr\\\/#website\",\"url\":\"https:\\\/\\\/www.smartystore.it\\\/fr\\\/\",\"name\":\"Smarty Store\",\"description\":\"Espositori Pubblicitari e Sistemi di Comunicazione Visiva\",\"potentialAction\":[{\"@type\":\"SearchAction\",\"target\":{\"@type\":\"EntryPoint\",\"urlTemplate\":\"https:\\\/\\\/www.smartystore.it\\\/fr\\\/?s={search_term_string}\"},\"query-input\":{\"@type\":\"PropertyValueSpecification\",\"valueRequired\":true,\"valueName\":\"search_term_string\"}}],\"inLanguage\":\"fr-FR\"}]}<\/script>\n<!-- \/ Yoast SEO plugin. -->","yoast_head_json":{"title":"Pupitre en m\u00e9tal noir avec \u00e9tag\u00e8re A3 - Smarty Store","description":"Pr\u00e9sentoir pratique en m\u00e9tal noir sur pied avec \u00e9tag\u00e8re pour livres A3 (42 x 30 cm) et base anti-tampon ultra-plate.","robots":{"index":"index","follow":"follow","max-snippet":"max-snippet:-1","max-image-preview":"max-image-preview:large","max-video-preview":"max-video-preview:-1"},"canonical":"https:\/\/www.smartystore.it\/fr\/prodotto\/pupitre-en-metal-noir-avec-etagere-a3\/","og_locale":"fr_FR","og_type":"article","og_title":"Pupitre en m\u00e9tal noir avec \u00e9tag\u00e8re A3 - Smarty Store","og_description":"Pr\u00e9sentoir pratique en m\u00e9tal noir sur pied avec \u00e9tag\u00e8re pour livres A3 (42 x 30 cm) et base anti-tampon ultra-plate.","og_url":"https:\/\/www.smartystore.it\/fr\/prodotto\/pupitre-en-metal-noir-avec-etagere-a3\/","og_site_name":"Smarty Store","article_modified_time":"2025-07-30T11:13:42+00:00","og_image":[{"width":1000,"height":1000,"url":"https:\/\/www.smartystore.it\/v25\/wp-content\/uploads\/2022\/02\/Leggio-in-metallo-nero-e-ripiano-reggi-libro-A3-orizzontale.jpg","type":"image\/jpeg"}],"twitter_card":"summary_large_image","twitter_misc":{"Dur\u00e9e de lecture estim\u00e9e":"2 minutes"},"schema":{"@context":"https:\/\/schema.org","@graph":[{"@type":"WebPage","@id":"https:\/\/www.smartystore.it\/fr\/prodotto\/pupitre-en-metal-noir-avec-etagere-a3\/","url":"https:\/\/www.smartystore.it\/fr\/prodotto\/pupitre-en-metal-noir-avec-etagere-a3\/","name":"Pupitre en m\u00e9tal noir avec \u00e9tag\u00e8re A3 - Smarty Store","isPartOf":{"@id":"https:\/\/www.smartystore.it\/fr\/#website"},"primaryImageOfPage":{"@id":"https:\/\/www.smartystore.it\/fr\/prodotto\/pupitre-en-metal-noir-avec-etagere-a3\/#primaryimage"},"image":{"@id":"https:\/\/www.smartystore.it\/fr\/prodotto\/pupitre-en-metal-noir-avec-etagere-a3\/#primaryimage"},"thumbnailUrl":"https:\/\/www.smartystore.it\/v25\/wp-content\/uploads\/2022\/02\/Leggio-in-metallo-nero-e-ripiano-reggi-libro-A3-orizzontale.jpg","datePublished":"2022-02-01T15:15:31+00:00","dateModified":"2025-07-30T11:13:42+00:00","description":"Pr\u00e9sentoir pratique en m\u00e9tal noir sur pied avec \u00e9tag\u00e8re pour livres A3 (42 x 30 cm) et base anti-tampon ultra-plate.","breadcrumb":{"@id":"https:\/\/www.smartystore.it\/fr\/prodotto\/pupitre-en-metal-noir-avec-etagere-a3\/#breadcrumb"},"inLanguage":"fr-FR","potentialAction":[{"@type":"ReadAction","target":["https:\/\/www.smartystore.it\/fr\/prodotto\/pupitre-en-metal-noir-avec-etagere-a3\/"]}]},{"@type":"ImageObject","inLanguage":"fr-FR","@id":"https:\/\/www.smartystore.it\/fr\/prodotto\/pupitre-en-metal-noir-avec-etagere-a3\/#primaryimage","url":"https:\/\/www.smartystore.it\/v25\/wp-content\/uploads\/2022\/02\/Leggio-in-metallo-nero-e-ripiano-reggi-libro-A3-orizzontale.jpg","contentUrl":"https:\/\/www.smartystore.it\/v25\/wp-content\/uploads\/2022\/02\/Leggio-in-metallo-nero-e-ripiano-reggi-libro-A3-orizzontale.jpg","width":1000,"height":1000,"caption":"Pupitre en m\u00e9tal noir avec \u00e9tag\u00e8re A3"},{"@type":"BreadcrumbList","@id":"https:\/\/www.smartystore.it\/fr\/prodotto\/pupitre-en-metal-noir-avec-etagere-a3\/#breadcrumb","itemListElement":[{"@type":"ListItem","position":1,"name":"Home","item":"https:\/\/www.smartystore.it\/fr\/"},{"@type":"ListItem","position":2,"name":"Boutique","item":"https:\/\/www.smartystore.it\/fr\/boutique\/"},{"@type":"ListItem","position":3,"name":"Pupitre en m\u00e9tal noir avec \u00e9tag\u00e8re A3"}]},{"@type":"WebSite","@id":"https:\/\/www.smartystore.it\/fr\/#website","url":"https:\/\/www.smartystore.it\/fr\/","name":"Smarty Store","description":"Espositori Pubblicitari e Sistemi di Comunicazione Visiva","potentialAction":[{"@type":"SearchAction","target":{"@type":"EntryPoint","urlTemplate":"https:\/\/www.smartystore.it\/fr\/?s={search_term_string}"},"query-input":{"@type":"PropertyValueSpecification","valueRequired":true,"valueName":"search_term_string"}}],"inLanguage":"fr-FR"}]}},"brands":[],"_links":{"self":[{"href":"https:\/\/www.smartystore.it\/fr\/wp-json\/wp\/v2\/product\/94167","targetHints":{"allow":["GET"]}}],"collection":[{"href":"https:\/\/www.smartystore.it\/fr\/wp-json\/wp\/v2\/product"}],"about":[{"href":"https:\/\/www.smartystore.it\/fr\/wp-json\/wp\/v2\/types\/product"}],"replies":[{"embeddable":true,"href":"https:\/\/www.smartystore.it\/fr\/wp-json\/wp\/v2\/comments?post=94167"}],"wp:featuredmedia":[{"embeddable":true,"href":"https:\/\/www.smartystore.it\/fr\/wp-json\/wp\/v2\/media\/94168"}],"wp:attachment":[{"href":"https:\/\/www.smartystore.it\/fr\/wp-json\/wp\/v2\/media?parent=94167"}],"wp:term":[{"taxonomy":"pwb-brand","embeddable":true,"href":"https:\/\/www.smartystore.it\/fr\/wp-json\/wp\/v2\/pwb-brand?post=94167"},{"taxonomy":"product_brand","embeddable":true,"href":"https:\/\/www.smartystore.it\/fr\/wp-json\/wp\/v2\/product_brand?post=94167"},{"taxonomy":"product_cat","embeddable":true,"href":"https:\/\/www.smartystore.it\/fr\/wp-json\/wp\/v2\/product_cat?post=94167"},{"taxonomy":"product_tag","embeddable":true,"href":"https:\/\/www.smartystore.it\/fr\/wp-json\/wp\/v2\/product_tag?post=94167"}],"curies":[{"name":"wp","href":"https:\/\/api.w.org\/{rel}","templated":true}]}}