{"id":94103,"date":"2022-05-05T17:43:36","date_gmt":"2022-05-05T15:43:36","guid":{"rendered":"https:\/\/www.smartystore.it\/prodotto\/presentoir-de-brochures-avec-pochettes-a5\/"},"modified":"2026-03-16T16:09:46","modified_gmt":"2026-03-16T14:09:46","slug":"presentoir-de-brochures-avec-pochettes-a5","status":"publish","type":"product","link":"https:\/\/www.smartystore.it\/fr\/prodotto\/presentoir-de-brochures-avec-pochettes-a5\/","title":{"rendered":"Pr\u00e9sentoir de brochures avec pochettes A5"},"content":{"rendered":"<div class=\"wpb-content-wrapper\"><p>[vc_row][vc_column][vc_column_text css=\u00a0\u00bb\u00a0\u00bb css_params=\u00a0\u00bb\u00a0\u00bb]<\/p>\n<h1>Pr\u00e9sentoir de brochures avec pochettes A5<\/h1>\n<p>Le pr\u00e9sentoir de brochures A5 avec poches est une structure sur pied qui fait partie de la ligne QUADRA SERIES. Enti\u00e8rement r\u00e9alis\u00e9 en aluminium, il se compose d&rsquo;un porte-brochures en plexiglas transparent pour les imprim\u00e9s et les catalogues de format A4, d&rsquo;un montant \u00e0 section carr\u00e9e (d&rsquo;o\u00f9 le nom de la s\u00e9rie) et d&rsquo;une base en m\u00e9tal thermolaqu\u00e9 argent. <\/p>\n<p>Adapt\u00e9 \u00e0 la pr\u00e9sentation de catalogues et de prospectus, il peut \u00eatre utilis\u00e9 dans des lieux tels que les agences de voyage, les salles d&rsquo;exposition, les r\u00e9unions, les conventions, les entr\u00e9es d&rsquo;entreprises et partout o\u00f9 il est n\u00e9cessaire de mettre des documents imprim\u00e9s \u00e0 la disposition des clients.<\/p>\n<h2>Pr\u00e9sentoir de brochures avec pochettes A5 : design \u00e9pur\u00e9 et discret<\/h2>\n<p>Son style \u00e9pur\u00e9, lin\u00e9aire et neutre le rend adapt\u00e9 \u00e0 toutes les situations et environnements, il peut donc \u00eatre positionn\u00e9 \u00e0 des points strat\u00e9giques pour attirer l&rsquo;attention du client.<\/p>\n<p>La base carr\u00e9e est \u00e9quip\u00e9e de quatre patins en caoutchouc antid\u00e9rapants aux extr\u00e9mit\u00e9s inf\u00e9rieures afin de la prot\u00e9ger des chocs sur le sol et d&rsquo;\u00e9viter tout mouvement ou glissement ind\u00e9sirable.<\/p>\n<p>Dans la version classique, le pr\u00e9sentoir est fourni avec des pochettes de m\u00eame taille, mais si vous souhaitez le personnaliser en alternant des pochettes de format A4 et A5 ou des quantit\u00e9s de pochettes personnalis\u00e9es, veuillez nous contacter \u00e0 l&rsquo;adresse info@smartystore.it et nous vous enverrons un devis.<\/p>\n<p>Ce pr\u00e9sentoir peut \u00eatre achet\u00e9 en version simple face ou double face selon vos besoins. Choisissez la configuration qui vous convient le mieux au moment de l&rsquo;achat :<\/p>\n<ul>\n<li>version simple face : 4 pochettes A5 ;<\/li>\n<li>version recto-verso : 8 pochettes A5.<\/li>\n<\/ul>\n<h3>CARACT\u00c9RISTIQUES:<\/h3>\n<ul>\n<li>Pochettes transparentes en plexiglas pour pr\u00e9senter des brochures de format A5 (15&#215;21 cm).<\/li>\n<li>Montant en aluminium argent\u00e9 \u00e0 section carr\u00e9e : H 150 &#8211; L 3 cm.<\/li>\n<li>Base carr\u00e9e en m\u00e9tal thermolaqu\u00e9 argent : L 32,5 cm. &#8211; H 0,6 cm. &#8211; D 32,5 cm.  <\/li>\n<li>Quatre patins en caoutchouc antid\u00e9rapants plac\u00e9s \u00e0 la base<\/li>\n<li><span style=\"text-decoration: underline;\"><strong>BASE ANTI-TR\u00c9CISSEMENT ULTRA PLATE : \u00e9paisseur 6 mm.<\/strong><\/span><\/li>\n<li>Dimensions de l&rsquo;\u00e9cran (en mm) : L 325 &#8211; H 1506 &#8211; P 325<\/li>\n<li>Poids de l&rsquo;\u00e9cran : environ 6,60 kg pour la version simple face et environ 7,10 kg pour la version double face.<\/li>\n<li>\n<\/li>\n<\/ul>\n<p style=\"text-align: center;\"><strong><span style=\"text-decoration: underline;\">\u00c9galement disponible avec des pochettes A4 : <a href=\"https:\/\/www.smartystore.it\/fr\/prodotto\/presentoir-a-brochures-avec-pochettes-a4\/\" target=\"_blank\" rel=\"noopener\">LINK<\/a><\/span><\/strong><\/p>\n<p>&nbsp;<\/p>\n<p><a href=\"https:\/\/www.smartystore.it\/v25\/wp-content\/uploads\/2022\/05\/SST-PCAA4-PCAA5.pdf\" target=\"_blank\" rel=\"noopener\"><img loading=\"lazy\" decoding=\"async\" class=\"alignnone size-full wp-image-93510\" src=\"https:\/\/www.smartystore.it\/v25\/wp-content\/uploads\/2014\/10\/SchedaTecnica-300-e1750084266903.png\" alt=\"\" width=\"249\" height=\"63\"><\/a><\/p>\n<p>&nbsp;<\/p>\n<p>[\/vc_column_text][\/vc_column][\/vc_row]<\/p>\n<\/div>","protected":false},"excerpt":{"rendered":"<p>Pr\u00e9sentoir publicitaire sur pied avec pochettes en plexiglas transparent pour les imprim\u00e9s A5 (15&#215;21 cm). Disponible en version simple ou double face.<\/p>\n","protected":false},"featured_media":94104,"comment_status":"open","ping_status":"closed","template":"","meta":{"_acf_changed":false},"pwb-brand":[],"product_brand":[3872],"product_cat":[2970,2969,2968,2914],"product_tag":[3982,3983,6473,3980,3981,3985,3979,3986,3984],"class_list":{"0":"post-94103","1":"product","2":"type-product","3":"status-publish","4":"has-post-thumbnail","6":"product_brand-smartystore","7":"product_cat-porte-brochure-porte-catalogue","8":"product_cat-porte-brochure-debout","9":"product_cat-porte-brochures-catalogues","10":"product_cat-quadra-series-fr","11":"product_tag-porte-brochures-a5-sur-pied","12":"product_tag-porte-brochures-a5-sur-pied-fr","13":"product_tag-porte-brochures-autoportant-avec-pochettes-a5","14":"product_tag-porte-catalogue-a5-sur-pied","15":"product_tag-porte-catalogue-a5-sur-pied-fr","16":"product_tag-presentoir-de-brochures-a5","17":"product_tag-presentoir-de-brochures-avec-pochettes-a5","18":"product_tag-presentoir-de-flyers-a5-sur-pied","19":"product_tag-presentoir-pour-catalogue-a5","20":"pa_c2c_color-argent","21":"pa_c2c_color-transparent","22":"pa_c2c_dimensione-4-x-a5","23":"pa_c2c_mono_bifacciale-double-face","24":"pa_c2c_mono_bifacciale-simple-face","25":"pa_c2c_trovraprezzi-oui","26":"pa_serie-quadra-series","27":"pa_tasche-4-fr","28":"pa_tasche-8-fr","30":"first","31":"instock","32":"taxable","33":"shipping-taxable","34":"purchasable","35":"product-type-variable"},"acf":[],"yoast_head":"<!-- This site is optimized with the Yoast SEO plugin v27.4 - https:\/\/yoast.com\/product\/yoast-seo-wordpress\/ -->\n<title>Pr\u00e9sentoir de brochures avec pochettes A5 - Smarty Store Acheter au Meilleur Prix<\/title>\n<meta name=\"description\" content=\"Pr\u00e9sentoir de brochures avec pochettes A5 enti\u00e8rement transparentes. Disponible en version simple ou double face. Base ultraplate de 6 mm\" \/>\n<meta name=\"robots\" content=\"index, follow, max-snippet:-1, max-image-preview:large, max-video-preview:-1\" \/>\n<link rel=\"canonical\" href=\"https:\/\/www.smartystore.it\/fr\/prodotto\/presentoir-de-brochures-avec-pochettes-a5\/\" \/>\n<meta property=\"og:locale\" content=\"fr_FR\" \/>\n<meta property=\"og:type\" content=\"article\" \/>\n<meta property=\"og:title\" content=\"Pr\u00e9sentoir de brochures avec pochettes A5 - Smarty Store Acheter au Meilleur Prix\" \/>\n<meta property=\"og:description\" content=\"Pr\u00e9sentoir de brochures avec pochettes A5 enti\u00e8rement transparentes. Disponible en version simple ou double face. Base ultraplate de 6 mm\" \/>\n<meta property=\"og:url\" content=\"https:\/\/www.smartystore.it\/fr\/prodotto\/presentoir-de-brochures-avec-pochettes-a5\/\" \/>\n<meta property=\"og:site_name\" content=\"Smarty Store\" \/>\n<meta property=\"article:modified_time\" content=\"2026-03-16T14:09:46+00:00\" \/>\n<meta property=\"og:image\" content=\"https:\/\/www.smartystore.it\/v25\/wp-content\/uploads\/2022\/05\/Espositore-portadepliant-e-portacataloghi-con-tasche-A5_monofacciale-bifacciale.jpg\" \/>\n\t<meta property=\"og:image:width\" content=\"1000\" \/>\n\t<meta property=\"og:image:height\" content=\"1000\" \/>\n\t<meta property=\"og:image:type\" content=\"image\/jpeg\" \/>\n<meta name=\"twitter:card\" content=\"summary_large_image\" \/>\n<meta name=\"twitter:label1\" content=\"Dur\u00e9e de lecture estim\u00e9e\" \/>\n\t<meta name=\"twitter:data1\" content=\"3 minutes\" \/>\n<script type=\"application\/ld+json\" class=\"yoast-schema-graph\">{\"@context\":\"https:\\\/\\\/schema.org\",\"@graph\":[{\"@type\":\"WebPage\",\"@id\":\"https:\\\/\\\/www.smartystore.it\\\/fr\\\/prodotto\\\/presentoir-de-brochures-avec-pochettes-a5\\\/\",\"url\":\"https:\\\/\\\/www.smartystore.it\\\/fr\\\/prodotto\\\/presentoir-de-brochures-avec-pochettes-a5\\\/\",\"name\":\"Pr\u00e9sentoir de brochures avec pochettes A5 - Smarty Store Acheter au Meilleur Prix\",\"isPartOf\":{\"@id\":\"https:\\\/\\\/www.smartystore.it\\\/fr\\\/#website\"},\"primaryImageOfPage\":{\"@id\":\"https:\\\/\\\/www.smartystore.it\\\/fr\\\/prodotto\\\/presentoir-de-brochures-avec-pochettes-a5\\\/#primaryimage\"},\"image\":{\"@id\":\"https:\\\/\\\/www.smartystore.it\\\/fr\\\/prodotto\\\/presentoir-de-brochures-avec-pochettes-a5\\\/#primaryimage\"},\"thumbnailUrl\":\"https:\\\/\\\/www.smartystore.it\\\/v25\\\/wp-content\\\/uploads\\\/2022\\\/05\\\/Espositore-portadepliant-e-portacataloghi-con-tasche-A5_monofacciale-bifacciale.jpg\",\"datePublished\":\"2022-05-05T15:43:36+00:00\",\"dateModified\":\"2026-03-16T14:09:46+00:00\",\"description\":\"Pr\u00e9sentoir de brochures avec pochettes A5 enti\u00e8rement transparentes. Disponible en version simple ou double face. Base ultraplate de 6 mm\",\"breadcrumb\":{\"@id\":\"https:\\\/\\\/www.smartystore.it\\\/fr\\\/prodotto\\\/presentoir-de-brochures-avec-pochettes-a5\\\/#breadcrumb\"},\"inLanguage\":\"fr-FR\",\"potentialAction\":[{\"@type\":\"ReadAction\",\"target\":[\"https:\\\/\\\/www.smartystore.it\\\/fr\\\/prodotto\\\/presentoir-de-brochures-avec-pochettes-a5\\\/\"]}]},{\"@type\":\"ImageObject\",\"inLanguage\":\"fr-FR\",\"@id\":\"https:\\\/\\\/www.smartystore.it\\\/fr\\\/prodotto\\\/presentoir-de-brochures-avec-pochettes-a5\\\/#primaryimage\",\"url\":\"https:\\\/\\\/www.smartystore.it\\\/v25\\\/wp-content\\\/uploads\\\/2022\\\/05\\\/Espositore-portadepliant-e-portacataloghi-con-tasche-A5_monofacciale-bifacciale.jpg\",\"contentUrl\":\"https:\\\/\\\/www.smartystore.it\\\/v25\\\/wp-content\\\/uploads\\\/2022\\\/05\\\/Espositore-portadepliant-e-portacataloghi-con-tasche-A5_monofacciale-bifacciale.jpg\",\"width\":1000,\"height\":1000,\"caption\":\"Pr\u00e9sentoir de brochures avec pochettes A5\"},{\"@type\":\"BreadcrumbList\",\"@id\":\"https:\\\/\\\/www.smartystore.it\\\/fr\\\/prodotto\\\/presentoir-de-brochures-avec-pochettes-a5\\\/#breadcrumb\",\"itemListElement\":[{\"@type\":\"ListItem\",\"position\":1,\"name\":\"Home\",\"item\":\"https:\\\/\\\/www.smartystore.it\\\/fr\\\/\"},{\"@type\":\"ListItem\",\"position\":2,\"name\":\"Boutique\",\"item\":\"https:\\\/\\\/www.smartystore.it\\\/fr\\\/boutique\\\/\"},{\"@type\":\"ListItem\",\"position\":3,\"name\":\"Pr\u00e9sentoir de brochures avec pochettes A5\"}]},{\"@type\":\"WebSite\",\"@id\":\"https:\\\/\\\/www.smartystore.it\\\/fr\\\/#website\",\"url\":\"https:\\\/\\\/www.smartystore.it\\\/fr\\\/\",\"name\":\"Smarty Store\",\"description\":\"Espositori Pubblicitari e Sistemi di Comunicazione Visiva\",\"potentialAction\":[{\"@type\":\"SearchAction\",\"target\":{\"@type\":\"EntryPoint\",\"urlTemplate\":\"https:\\\/\\\/www.smartystore.it\\\/fr\\\/?s={search_term_string}\"},\"query-input\":{\"@type\":\"PropertyValueSpecification\",\"valueRequired\":true,\"valueName\":\"search_term_string\"}}],\"inLanguage\":\"fr-FR\"}]}<\/script>\n<!-- \/ Yoast SEO plugin. -->","yoast_head_json":{"title":"Pr\u00e9sentoir de brochures avec pochettes A5 - Smarty Store Acheter au Meilleur Prix","description":"Pr\u00e9sentoir de brochures avec pochettes A5 enti\u00e8rement transparentes. Disponible en version simple ou double face. Base ultraplate de 6 mm","robots":{"index":"index","follow":"follow","max-snippet":"max-snippet:-1","max-image-preview":"max-image-preview:large","max-video-preview":"max-video-preview:-1"},"canonical":"https:\/\/www.smartystore.it\/fr\/prodotto\/presentoir-de-brochures-avec-pochettes-a5\/","og_locale":"fr_FR","og_type":"article","og_title":"Pr\u00e9sentoir de brochures avec pochettes A5 - Smarty Store Acheter au Meilleur Prix","og_description":"Pr\u00e9sentoir de brochures avec pochettes A5 enti\u00e8rement transparentes. Disponible en version simple ou double face. Base ultraplate de 6 mm","og_url":"https:\/\/www.smartystore.it\/fr\/prodotto\/presentoir-de-brochures-avec-pochettes-a5\/","og_site_name":"Smarty Store","article_modified_time":"2026-03-16T14:09:46+00:00","og_image":[{"width":1000,"height":1000,"url":"https:\/\/www.smartystore.it\/v25\/wp-content\/uploads\/2022\/05\/Espositore-portadepliant-e-portacataloghi-con-tasche-A5_monofacciale-bifacciale.jpg","type":"image\/jpeg"}],"twitter_card":"summary_large_image","twitter_misc":{"Dur\u00e9e de lecture estim\u00e9e":"3 minutes"},"schema":{"@context":"https:\/\/schema.org","@graph":[{"@type":"WebPage","@id":"https:\/\/www.smartystore.it\/fr\/prodotto\/presentoir-de-brochures-avec-pochettes-a5\/","url":"https:\/\/www.smartystore.it\/fr\/prodotto\/presentoir-de-brochures-avec-pochettes-a5\/","name":"Pr\u00e9sentoir de brochures avec pochettes A5 - Smarty Store Acheter au Meilleur Prix","isPartOf":{"@id":"https:\/\/www.smartystore.it\/fr\/#website"},"primaryImageOfPage":{"@id":"https:\/\/www.smartystore.it\/fr\/prodotto\/presentoir-de-brochures-avec-pochettes-a5\/#primaryimage"},"image":{"@id":"https:\/\/www.smartystore.it\/fr\/prodotto\/presentoir-de-brochures-avec-pochettes-a5\/#primaryimage"},"thumbnailUrl":"https:\/\/www.smartystore.it\/v25\/wp-content\/uploads\/2022\/05\/Espositore-portadepliant-e-portacataloghi-con-tasche-A5_monofacciale-bifacciale.jpg","datePublished":"2022-05-05T15:43:36+00:00","dateModified":"2026-03-16T14:09:46+00:00","description":"Pr\u00e9sentoir de brochures avec pochettes A5 enti\u00e8rement transparentes. Disponible en version simple ou double face. Base ultraplate de 6 mm","breadcrumb":{"@id":"https:\/\/www.smartystore.it\/fr\/prodotto\/presentoir-de-brochures-avec-pochettes-a5\/#breadcrumb"},"inLanguage":"fr-FR","potentialAction":[{"@type":"ReadAction","target":["https:\/\/www.smartystore.it\/fr\/prodotto\/presentoir-de-brochures-avec-pochettes-a5\/"]}]},{"@type":"ImageObject","inLanguage":"fr-FR","@id":"https:\/\/www.smartystore.it\/fr\/prodotto\/presentoir-de-brochures-avec-pochettes-a5\/#primaryimage","url":"https:\/\/www.smartystore.it\/v25\/wp-content\/uploads\/2022\/05\/Espositore-portadepliant-e-portacataloghi-con-tasche-A5_monofacciale-bifacciale.jpg","contentUrl":"https:\/\/www.smartystore.it\/v25\/wp-content\/uploads\/2022\/05\/Espositore-portadepliant-e-portacataloghi-con-tasche-A5_monofacciale-bifacciale.jpg","width":1000,"height":1000,"caption":"Pr\u00e9sentoir de brochures avec pochettes A5"},{"@type":"BreadcrumbList","@id":"https:\/\/www.smartystore.it\/fr\/prodotto\/presentoir-de-brochures-avec-pochettes-a5\/#breadcrumb","itemListElement":[{"@type":"ListItem","position":1,"name":"Home","item":"https:\/\/www.smartystore.it\/fr\/"},{"@type":"ListItem","position":2,"name":"Boutique","item":"https:\/\/www.smartystore.it\/fr\/boutique\/"},{"@type":"ListItem","position":3,"name":"Pr\u00e9sentoir de brochures avec pochettes A5"}]},{"@type":"WebSite","@id":"https:\/\/www.smartystore.it\/fr\/#website","url":"https:\/\/www.smartystore.it\/fr\/","name":"Smarty Store","description":"Espositori Pubblicitari e Sistemi di Comunicazione Visiva","potentialAction":[{"@type":"SearchAction","target":{"@type":"EntryPoint","urlTemplate":"https:\/\/www.smartystore.it\/fr\/?s={search_term_string}"},"query-input":{"@type":"PropertyValueSpecification","valueRequired":true,"valueName":"search_term_string"}}],"inLanguage":"fr-FR"}]}},"brands":[],"_links":{"self":[{"href":"https:\/\/www.smartystore.it\/fr\/wp-json\/wp\/v2\/product\/94103","targetHints":{"allow":["GET"]}}],"collection":[{"href":"https:\/\/www.smartystore.it\/fr\/wp-json\/wp\/v2\/product"}],"about":[{"href":"https:\/\/www.smartystore.it\/fr\/wp-json\/wp\/v2\/types\/product"}],"replies":[{"embeddable":true,"href":"https:\/\/www.smartystore.it\/fr\/wp-json\/wp\/v2\/comments?post=94103"}],"wp:featuredmedia":[{"embeddable":true,"href":"https:\/\/www.smartystore.it\/fr\/wp-json\/wp\/v2\/media\/94104"}],"wp:attachment":[{"href":"https:\/\/www.smartystore.it\/fr\/wp-json\/wp\/v2\/media?parent=94103"}],"wp:term":[{"taxonomy":"pwb-brand","embeddable":true,"href":"https:\/\/www.smartystore.it\/fr\/wp-json\/wp\/v2\/pwb-brand?post=94103"},{"taxonomy":"product_brand","embeddable":true,"href":"https:\/\/www.smartystore.it\/fr\/wp-json\/wp\/v2\/product_brand?post=94103"},{"taxonomy":"product_cat","embeddable":true,"href":"https:\/\/www.smartystore.it\/fr\/wp-json\/wp\/v2\/product_cat?post=94103"},{"taxonomy":"product_tag","embeddable":true,"href":"https:\/\/www.smartystore.it\/fr\/wp-json\/wp\/v2\/product_tag?post=94103"}],"curies":[{"name":"wp","href":"https:\/\/api.w.org\/{rel}","templated":true}]}}