{"id":94042,"date":"2022-09-22T14:31:05","date_gmt":"2022-09-22T12:31:05","guid":{"rendered":"https:\/\/www.smartystore.it\/prodotto\/mini-totem-30x150-complet-avec-impression-couleur-biface\/"},"modified":"2026-02-19T13:53:55","modified_gmt":"2026-02-19T11:53:55","slug":"mini-totem-30x150-complet-avec-impression-couleur-biface","status":"publish","type":"product","link":"https:\/\/www.smartystore.it\/fr\/prodotto\/mini-totem-30x150-complet-avec-impression-couleur-biface\/","title":{"rendered":"Mini totem 30&#215;150 COMPLET AVEC IMPRESSION"},"content":{"rendered":"<h1>Mini totem 30&#215;150 COMPLET AVEC IMPRESSION COULEUR BIFACE<\/h1>\n<p>Le mini totem 30&#215;150 avec impression couleur recto-verso est un pr\u00e9sentoir publicitaire sur pied qui fait partie de la S\u00c9RIE QUADRA. Il se compose d&rsquo;un montant \u00e0 double section carr\u00e9e (d&rsquo;o\u00f9 le nom de la s\u00e9rie), d&rsquo;une base rev\u00eatue de poudre d&rsquo;argent et d&rsquo;un panneau frontal avec impression recto-verso. <\/p>\n<p>Adapt\u00e9 \u00e0 l&rsquo;affichage de messages promotionnels ou simplement de messages indiquant le chemin vers les bureaux et les \u00e9tages souhait\u00e9s, le mini totem peut \u00eatre utilis\u00e9 dans des lieux tels que les salles d&rsquo;exposition, les supermarch\u00e9s, les salles de r\u00e9union, les salles de convention, les entr\u00e9es d&rsquo;entreprises et partout o\u00f9 vous avez besoin d&rsquo;afficher votre message.<\/p>\n<h2>Mini totem 30&#215;150 COMPLET AVEC IMPRESSION COULEUR BIFACE : facile \u00e0 positionner<\/h2>\n<p>Le totem peut \u00eatre utilis\u00e9 en version unilat\u00e9rale ou bilat\u00e9rale selon qu&rsquo;il doit \u00eatre plac\u00e9 sur un passage \u00e0 sens unique ou \u00e0 double sens.<\/p>\n<p>Des accessoires optionnels tels que des porte-brochures pour imprim\u00e9s A5 ou A4 avec s\u00e9parateur amovible (pour ins\u00e9rer ensuite 1\/3 d&rsquo;imprim\u00e9s A4 c\u00f4te \u00e0 c\u00f4te) ou des porte-cartes de visite compl\u00e8tent l&rsquo;utilisation.<\/p>\n<p>Structure du totem disponible en argent et en noir : \u00e0 choisir lors de la commande.<\/p>\n<h3>CARACT\u00c9RISTIQUES:<\/h3>\n<ul>\n<li>Totem autoportant 30&#215;150 cm.<\/li>\n<li>Montants \u00e0 section carr\u00e9e en aluminium anodis\u00e9 argent\/noir : H 150 &#8211; L 2 cm.<\/li>\n<li>Base carr\u00e9e en m\u00e9tal argent\u00e9\/noir rev\u00eatu de poudre : L 32.5 cm. &#8211; H 0,6 cm. &#8211; P 32,5 cm.  <\/li>\n<li><span style=\"text-decoration: underline;\"><strong>BASE ANTI-TR\u00c9CISSEMENT ULTRA PLATE : \u00e9paisseur 6 mm.<\/strong><\/span><\/li>\n<li>Panneau Forex avec impression recto-verso<\/li>\n<li>Taille du panneau Forex : 27,00 x 148,50 cm.<\/li>\n<li>Surface visible : 26,00 x 148,00 cm.<\/li>\n<li>Zone de s\u00e9curit\u00e9 texte\/image : 22,00 x 144,00 cm.<\/li>\n<li><strong>IMPRESSION COULEUR RECTO-VERSO INCLUSE.<\/strong><\/li>\n<li>Pour une utilisation \u00e0 l&rsquo;int\u00e9rieur et \u00e0 l&rsquo;ext\u00e9rieur, mais \u00e0 l&rsquo;abri du vent.<\/li>\n<\/ul>\n<p>ACCESSOIRES OPTIONNELS :<\/p>\n<ul>\n<li>1 bac \u00e0 brochures pour les imprim\u00e9s A5<\/li>\n<li>1 bac \u00e0 brochures avec s\u00e9parateur amovible pour les imprim\u00e9s A4 (ou 2 x 1\/3 A4 c\u00f4te \u00e0 c\u00f4te)<\/li>\n<li>1 porte-cartes de visite<\/li>\n<\/ul>\n<p>Dimensions du totem (en cm) : L 32,5 &#8211; H 150,6 &#8211; P 32,5<\/p>\n<p>Poids du totem : 7,40 kg<\/p>\n<p><span style=\"color: #993300;\"><strong>POUR LE FICHIER GRAPHIQUE : cr\u00e9ez le fichier aux dimensions 27&#215;148,5 cm (\u00e9chelle 1:1) avec les textes convertis en trac\u00e9s, apr\u00e8s avoir sauvegard\u00e9 le fichier en format PDF (r\u00e9solution minimale de 200 dpi), envoyez le document \u00e0 l&rsquo;adresse \u00e9lectronique suivante<\/strong><\/span><strong> <a href=\"mailto:grafica@smartystore.it\">grafica@smartystore.it<\/a> <\/strong><span style=\"color: #993300;\"><strong>en mentionnant le num\u00e9ro de commande.<\/strong><\/span><\/p>\n<p>&nbsp;<\/p>\n<h3 style=\"text-align: center;\">Voir les autres mod\u00e8les sur ce <a href=\"https:\/\/www.smartystore.it\/fr\/categoria-prodotto\/presentoirs-publicitaires\/quadra-series-fr\/totem-serie-quadra-fr\/\">LIEN<\/a><\/h3>\n<p><a href=\"https:\/\/www.smartystore.it\/v25\/wp-content\/uploads\/2023\/01\/Mini-totem_SCHEDA-TECNICA-2.pdf\" target=\"_blank\" rel=\"noopener\"><img loading=\"lazy\" decoding=\"async\" class=\"alignnone size-full wp-image-93510\" src=\"https:\/\/www.smartystore.it\/v25\/wp-content\/uploads\/2014\/10\/SchedaTecnica-300-e1750084266903.png\" alt=\"\" width=\"249\" height=\"63\"><\/a><\/p>\n<p><a href=\"https:\/\/www.smartystore.it\/v25\/wp-content\/uploads\/2022\/09\/Template_SST-TMN150.pdf\" target=\"_blank\" rel=\"noopener\"><img loading=\"lazy\" decoding=\"async\" class=\"alignnone size-full wp-image-93645\" src=\"https:\/\/www.smartystore.it\/v25\/wp-content\/uploads\/2022\/09\/LogoDownload_tracciato-fustella-2.jpg\" alt=\"\" width=\"250\" height=\"63\"><\/a><\/p>\n<p>&nbsp;<\/p>\n<p><b>SERVICES DE GRAPHISME ET D&rsquo;IMPRESSION<\/b><\/p>\n<p>Smarty Store peut fournir des services de mise en page et\/ou d&rsquo;impression.<\/p>\n<p>Si le service d&rsquo;impression seule est demand\u00e9, le client doit envoyer le fichier d&rsquo;impression au format PDF. Les graphiques seront imprim\u00e9s tels qu&rsquo;ils sont re\u00e7us dans le fichier. <\/p>\n<p>Si un service de mise en page est demand\u00e9, notre organisation contactera le client par t\u00e9l\u00e9phone pour obtenir les informations n\u00e9cessaires. La mise en page graphique exclut les images, qui doivent \u00eatre fournies par le client ou faire l&rsquo;objet d&rsquo;un devis s\u00e9par\u00e9.<br \/>\nLe client recevra la proposition graphique au format PDF pour approbation. <\/p>\n<p><b>ATTENTION :<\/b><br \/>\nLes couleurs affich\u00e9es peuvent varier d&rsquo;un \u00e9cran \u00e0 l&rsquo;autre. Pour les couleurs d&rsquo;impression, vous devez toujours vous r\u00e9f\u00e9rer \u00e0 l&rsquo;\u00e9chelle Pantone.<br \/>\nSmarty Store d\u00e9cline toute responsabilit\u00e9 en cas de couleurs v\u00e9rifi\u00e9es par le client uniquement sur son propre moniteur. <\/p>\n","protected":false},"excerpt":{"rendered":"<p>Totem publicitaire de 30&#215;150 cm avec impression couleur recto-verso. Structure disponible en argent et en noir. Possibilit\u00e9 d&rsquo;ajouter des accessoires en option.  <\/p>\n","protected":false},"featured_media":94043,"comment_status":"open","ping_status":"closed","template":"","meta":{"_acf_changed":false},"pwb-brand":[],"product_brand":[3872],"product_cat":[3680,2914,3028,3103,3679],"product_tag":[4146,4132,4131,4148,4147,4149,4150],"class_list":{"0":"post-94042","1":"product","2":"type-product","3":"status-publish","4":"has-post-thumbnail","6":"product_brand-smartystore","7":"product_cat-mini-totems","8":"product_cat-quadra-series-fr","9":"product_cat-totem-serie-quadra-fr","10":"product_cat-totem-dinterieur","11":"product_cat-totems-publicitaires-et-dinformation","12":"product_tag-mini-totem-30x150-fr","13":"product_tag-mini-totem-double-face-fr","14":"product_tag-totem-avec-impression-incluse","15":"product_tag-totem-compact-30x150","16":"product_tag-totem-plat-30x150","17":"product_tag-totem-plat-30x150-avec-impression-recto-verso","18":"product_tag-totem-plat-double-face-30x150","19":"pa_c2c_color-argent","20":"pa_c2c_color-noir","21":"pa_c2c_configurazione-totem-fr","22":"pa_c2c_configurazione-totem-1-porte-brochures-a4","23":"pa_c2c_configurazione-totem-1-porte-brochures-a5","24":"pa_c2c_configurazione-totem-1-porte-cartes-de-visite","25":"pa_c2c_dimensione-cm-30x150-fr","26":"pa_c2c_grafica-non","27":"pa_c2c_grafica-oui","28":"pa_c2c_mono_bifacciale-double-face","29":"pa_c2c_mono_bifacciale-simple-face","30":"pa_c2c_stampa-oui","31":"pa_c2c_trovraprezzi-oui","32":"pa_serie-quadra-series","34":"first","35":"instock","36":"taxable","37":"shipping-taxable","38":"purchasable","39":"product-type-variable"},"acf":[],"yoast_head":"<!-- This site is optimized with the Yoast SEO plugin v27.4 - https:\/\/yoast.com\/product\/yoast-seo-wordpress\/ -->\n<title>Mini totem 30x150 COMPLET AVEC IMPRESSION - Au meilleur prix<\/title>\n<meta name=\"description\" content=\"Mini totem 30x150 avec impression couleur recto-verso. Possibilit\u00e9 d&#039;ajouter des accessoires optionnels tels que des porte-brochures et des porte-cartes de visite.\" \/>\n<meta name=\"robots\" content=\"index, follow, max-snippet:-1, max-image-preview:large, max-video-preview:-1\" \/>\n<link rel=\"canonical\" href=\"https:\/\/www.smartystore.it\/fr\/prodotto\/mini-totem-30x150-complet-avec-impression-couleur-biface\/\" \/>\n<meta property=\"og:locale\" content=\"fr_FR\" \/>\n<meta property=\"og:type\" content=\"article\" \/>\n<meta property=\"og:title\" content=\"Mini totem 30x150 COMPLET AVEC IMPRESSION - Au meilleur prix\" \/>\n<meta property=\"og:description\" content=\"Mini totem 30x150 avec impression couleur recto-verso. Possibilit\u00e9 d&#039;ajouter des accessoires optionnels tels que des porte-brochures et des porte-cartes de visite.\" \/>\n<meta property=\"og:url\" content=\"https:\/\/www.smartystore.it\/fr\/prodotto\/mini-totem-30x150-complet-avec-impression-couleur-biface\/\" \/>\n<meta property=\"og:site_name\" content=\"Smarty Store\" \/>\n<meta property=\"article:modified_time\" content=\"2026-02-19T11:53:55+00:00\" \/>\n<meta property=\"og:image\" content=\"https:\/\/www.smartystore.it\/v25\/wp-content\/uploads\/2022\/09\/Mini-totem-flat-30x150-completo-di-stampa-bifacciale-a-colori-disponibile-con-struttura-nera-e-silver.jpg\" \/>\n\t<meta property=\"og:image:width\" content=\"1000\" \/>\n\t<meta property=\"og:image:height\" content=\"1000\" \/>\n\t<meta property=\"og:image:type\" content=\"image\/jpeg\" \/>\n<meta name=\"twitter:card\" content=\"summary_large_image\" \/>\n<meta name=\"twitter:label1\" content=\"Dur\u00e9e de lecture estim\u00e9e\" \/>\n\t<meta name=\"twitter:data1\" content=\"4 minutes\" \/>\n<script type=\"application\/ld+json\" class=\"yoast-schema-graph\">{\"@context\":\"https:\\\/\\\/schema.org\",\"@graph\":[{\"@type\":\"WebPage\",\"@id\":\"https:\\\/\\\/www.smartystore.it\\\/fr\\\/prodotto\\\/mini-totem-30x150-complet-avec-impression-couleur-biface\\\/\",\"url\":\"https:\\\/\\\/www.smartystore.it\\\/fr\\\/prodotto\\\/mini-totem-30x150-complet-avec-impression-couleur-biface\\\/\",\"name\":\"Mini totem 30x150 COMPLET AVEC IMPRESSION - Au meilleur prix\",\"isPartOf\":{\"@id\":\"https:\\\/\\\/www.smartystore.it\\\/fr\\\/#website\"},\"primaryImageOfPage\":{\"@id\":\"https:\\\/\\\/www.smartystore.it\\\/fr\\\/prodotto\\\/mini-totem-30x150-complet-avec-impression-couleur-biface\\\/#primaryimage\"},\"image\":{\"@id\":\"https:\\\/\\\/www.smartystore.it\\\/fr\\\/prodotto\\\/mini-totem-30x150-complet-avec-impression-couleur-biface\\\/#primaryimage\"},\"thumbnailUrl\":\"https:\\\/\\\/www.smartystore.it\\\/v25\\\/wp-content\\\/uploads\\\/2022\\\/09\\\/Mini-totem-flat-30x150-completo-di-stampa-bifacciale-a-colori-disponibile-con-struttura-nera-e-silver.jpg\",\"datePublished\":\"2022-09-22T12:31:05+00:00\",\"dateModified\":\"2026-02-19T11:53:55+00:00\",\"description\":\"Mini totem 30x150 avec impression couleur recto-verso. Possibilit\u00e9 d'ajouter des accessoires optionnels tels que des porte-brochures et des porte-cartes de visite.\",\"breadcrumb\":{\"@id\":\"https:\\\/\\\/www.smartystore.it\\\/fr\\\/prodotto\\\/mini-totem-30x150-complet-avec-impression-couleur-biface\\\/#breadcrumb\"},\"inLanguage\":\"fr-FR\",\"potentialAction\":[{\"@type\":\"ReadAction\",\"target\":[\"https:\\\/\\\/www.smartystore.it\\\/fr\\\/prodotto\\\/mini-totem-30x150-complet-avec-impression-couleur-biface\\\/\"]}]},{\"@type\":\"ImageObject\",\"inLanguage\":\"fr-FR\",\"@id\":\"https:\\\/\\\/www.smartystore.it\\\/fr\\\/prodotto\\\/mini-totem-30x150-complet-avec-impression-couleur-biface\\\/#primaryimage\",\"url\":\"https:\\\/\\\/www.smartystore.it\\\/v25\\\/wp-content\\\/uploads\\\/2022\\\/09\\\/Mini-totem-flat-30x150-completo-di-stampa-bifacciale-a-colori-disponibile-con-struttura-nera-e-silver.jpg\",\"contentUrl\":\"https:\\\/\\\/www.smartystore.it\\\/v25\\\/wp-content\\\/uploads\\\/2022\\\/09\\\/Mini-totem-flat-30x150-completo-di-stampa-bifacciale-a-colori-disponibile-con-struttura-nera-e-silver.jpg\",\"width\":1000,\"height\":1000,\"caption\":\"Mini totem 30x150 COMPLET AVEC IMPRESSION COULEUR BIFACE\"},{\"@type\":\"BreadcrumbList\",\"@id\":\"https:\\\/\\\/www.smartystore.it\\\/fr\\\/prodotto\\\/mini-totem-30x150-complet-avec-impression-couleur-biface\\\/#breadcrumb\",\"itemListElement\":[{\"@type\":\"ListItem\",\"position\":1,\"name\":\"Home\",\"item\":\"https:\\\/\\\/www.smartystore.it\\\/fr\\\/\"},{\"@type\":\"ListItem\",\"position\":2,\"name\":\"Boutique\",\"item\":\"https:\\\/\\\/www.smartystore.it\\\/fr\\\/boutique\\\/\"},{\"@type\":\"ListItem\",\"position\":3,\"name\":\"Mini totem 30&#215;150 COMPLET AVEC IMPRESSION\"}]},{\"@type\":\"WebSite\",\"@id\":\"https:\\\/\\\/www.smartystore.it\\\/fr\\\/#website\",\"url\":\"https:\\\/\\\/www.smartystore.it\\\/fr\\\/\",\"name\":\"Smarty Store\",\"description\":\"Espositori Pubblicitari e Sistemi di Comunicazione Visiva\",\"potentialAction\":[{\"@type\":\"SearchAction\",\"target\":{\"@type\":\"EntryPoint\",\"urlTemplate\":\"https:\\\/\\\/www.smartystore.it\\\/fr\\\/?s={search_term_string}\"},\"query-input\":{\"@type\":\"PropertyValueSpecification\",\"valueRequired\":true,\"valueName\":\"search_term_string\"}}],\"inLanguage\":\"fr-FR\"}]}<\/script>\n<!-- \/ Yoast SEO plugin. -->","yoast_head_json":{"title":"Mini totem 30x150 COMPLET AVEC IMPRESSION - Au meilleur prix","description":"Mini totem 30x150 avec impression couleur recto-verso. Possibilit\u00e9 d'ajouter des accessoires optionnels tels que des porte-brochures et des porte-cartes de visite.","robots":{"index":"index","follow":"follow","max-snippet":"max-snippet:-1","max-image-preview":"max-image-preview:large","max-video-preview":"max-video-preview:-1"},"canonical":"https:\/\/www.smartystore.it\/fr\/prodotto\/mini-totem-30x150-complet-avec-impression-couleur-biface\/","og_locale":"fr_FR","og_type":"article","og_title":"Mini totem 30x150 COMPLET AVEC IMPRESSION - Au meilleur prix","og_description":"Mini totem 30x150 avec impression couleur recto-verso. Possibilit\u00e9 d'ajouter des accessoires optionnels tels que des porte-brochures et des porte-cartes de visite.","og_url":"https:\/\/www.smartystore.it\/fr\/prodotto\/mini-totem-30x150-complet-avec-impression-couleur-biface\/","og_site_name":"Smarty Store","article_modified_time":"2026-02-19T11:53:55+00:00","og_image":[{"width":1000,"height":1000,"url":"https:\/\/www.smartystore.it\/v25\/wp-content\/uploads\/2022\/09\/Mini-totem-flat-30x150-completo-di-stampa-bifacciale-a-colori-disponibile-con-struttura-nera-e-silver.jpg","type":"image\/jpeg"}],"twitter_card":"summary_large_image","twitter_misc":{"Dur\u00e9e de lecture estim\u00e9e":"4 minutes"},"schema":{"@context":"https:\/\/schema.org","@graph":[{"@type":"WebPage","@id":"https:\/\/www.smartystore.it\/fr\/prodotto\/mini-totem-30x150-complet-avec-impression-couleur-biface\/","url":"https:\/\/www.smartystore.it\/fr\/prodotto\/mini-totem-30x150-complet-avec-impression-couleur-biface\/","name":"Mini totem 30x150 COMPLET AVEC IMPRESSION - Au meilleur prix","isPartOf":{"@id":"https:\/\/www.smartystore.it\/fr\/#website"},"primaryImageOfPage":{"@id":"https:\/\/www.smartystore.it\/fr\/prodotto\/mini-totem-30x150-complet-avec-impression-couleur-biface\/#primaryimage"},"image":{"@id":"https:\/\/www.smartystore.it\/fr\/prodotto\/mini-totem-30x150-complet-avec-impression-couleur-biface\/#primaryimage"},"thumbnailUrl":"https:\/\/www.smartystore.it\/v25\/wp-content\/uploads\/2022\/09\/Mini-totem-flat-30x150-completo-di-stampa-bifacciale-a-colori-disponibile-con-struttura-nera-e-silver.jpg","datePublished":"2022-09-22T12:31:05+00:00","dateModified":"2026-02-19T11:53:55+00:00","description":"Mini totem 30x150 avec impression couleur recto-verso. Possibilit\u00e9 d'ajouter des accessoires optionnels tels que des porte-brochures et des porte-cartes de visite.","breadcrumb":{"@id":"https:\/\/www.smartystore.it\/fr\/prodotto\/mini-totem-30x150-complet-avec-impression-couleur-biface\/#breadcrumb"},"inLanguage":"fr-FR","potentialAction":[{"@type":"ReadAction","target":["https:\/\/www.smartystore.it\/fr\/prodotto\/mini-totem-30x150-complet-avec-impression-couleur-biface\/"]}]},{"@type":"ImageObject","inLanguage":"fr-FR","@id":"https:\/\/www.smartystore.it\/fr\/prodotto\/mini-totem-30x150-complet-avec-impression-couleur-biface\/#primaryimage","url":"https:\/\/www.smartystore.it\/v25\/wp-content\/uploads\/2022\/09\/Mini-totem-flat-30x150-completo-di-stampa-bifacciale-a-colori-disponibile-con-struttura-nera-e-silver.jpg","contentUrl":"https:\/\/www.smartystore.it\/v25\/wp-content\/uploads\/2022\/09\/Mini-totem-flat-30x150-completo-di-stampa-bifacciale-a-colori-disponibile-con-struttura-nera-e-silver.jpg","width":1000,"height":1000,"caption":"Mini totem 30x150 COMPLET AVEC IMPRESSION COULEUR BIFACE"},{"@type":"BreadcrumbList","@id":"https:\/\/www.smartystore.it\/fr\/prodotto\/mini-totem-30x150-complet-avec-impression-couleur-biface\/#breadcrumb","itemListElement":[{"@type":"ListItem","position":1,"name":"Home","item":"https:\/\/www.smartystore.it\/fr\/"},{"@type":"ListItem","position":2,"name":"Boutique","item":"https:\/\/www.smartystore.it\/fr\/boutique\/"},{"@type":"ListItem","position":3,"name":"Mini totem 30&#215;150 COMPLET AVEC IMPRESSION"}]},{"@type":"WebSite","@id":"https:\/\/www.smartystore.it\/fr\/#website","url":"https:\/\/www.smartystore.it\/fr\/","name":"Smarty Store","description":"Espositori Pubblicitari e Sistemi di Comunicazione Visiva","potentialAction":[{"@type":"SearchAction","target":{"@type":"EntryPoint","urlTemplate":"https:\/\/www.smartystore.it\/fr\/?s={search_term_string}"},"query-input":{"@type":"PropertyValueSpecification","valueRequired":true,"valueName":"search_term_string"}}],"inLanguage":"fr-FR"}]}},"brands":[],"_links":{"self":[{"href":"https:\/\/www.smartystore.it\/fr\/wp-json\/wp\/v2\/product\/94042","targetHints":{"allow":["GET"]}}],"collection":[{"href":"https:\/\/www.smartystore.it\/fr\/wp-json\/wp\/v2\/product"}],"about":[{"href":"https:\/\/www.smartystore.it\/fr\/wp-json\/wp\/v2\/types\/product"}],"replies":[{"embeddable":true,"href":"https:\/\/www.smartystore.it\/fr\/wp-json\/wp\/v2\/comments?post=94042"}],"wp:featuredmedia":[{"embeddable":true,"href":"https:\/\/www.smartystore.it\/fr\/wp-json\/wp\/v2\/media\/94043"}],"wp:attachment":[{"href":"https:\/\/www.smartystore.it\/fr\/wp-json\/wp\/v2\/media?parent=94042"}],"wp:term":[{"taxonomy":"pwb-brand","embeddable":true,"href":"https:\/\/www.smartystore.it\/fr\/wp-json\/wp\/v2\/pwb-brand?post=94042"},{"taxonomy":"product_brand","embeddable":true,"href":"https:\/\/www.smartystore.it\/fr\/wp-json\/wp\/v2\/product_brand?post=94042"},{"taxonomy":"product_cat","embeddable":true,"href":"https:\/\/www.smartystore.it\/fr\/wp-json\/wp\/v2\/product_cat?post=94042"},{"taxonomy":"product_tag","embeddable":true,"href":"https:\/\/www.smartystore.it\/fr\/wp-json\/wp\/v2\/product_tag?post=94042"}],"curies":[{"name":"wp","href":"https:\/\/api.w.org\/{rel}","templated":true}]}}