{"id":93984,"date":"2023-04-06T17:18:38","date_gmt":"2023-04-06T15:18:38","guid":{"rendered":"https:\/\/www.smartystore.it\/prodotto\/totem-double-face-thin-90x190-avec-base-metallique-en-forme-de-l\/"},"modified":"2025-09-02T17:45:41","modified_gmt":"2025-09-02T15:45:41","slug":"totem-double-face-thin-90x190-avec-base-metallique-en-forme-de-l","status":"publish","type":"product","link":"https:\/\/www.smartystore.it\/fr\/prodotto\/totem-double-face-thin-90x190-avec-base-metallique-en-forme-de-l\/","title":{"rendered":"Totem double face Thin 90&#215;190 avec base m\u00e9tallique en forme de L"},"content":{"rendered":"<div class=\"wpb-content-wrapper\"><p>[vc_row][vc_column][vc_column_text css=\u00a0\u00bb\u00a0\u00bb css_params=\u00a0\u00bb\u00a0\u00bb]<\/p>\n<h1>Totem double face Thin 90&#215;190 avec base m\u00e9tallique en forme de L<\/h1>\n<p>Le Thin 90&#215;190 Totem double face avec base m\u00e9tallique en L est un pr\u00e9sentoir publicitaire d&rsquo;int\u00e9rieur de la S\u00c9RIE THIN et se compose d&rsquo;un panneau Forex de 19 mm ou Feather (Sandwich) de 20 mm, \u00e0 choisir par le client lors de la commande, et d&rsquo;une double base m\u00e9tallique en L peinte avec des poudres de couleur argent\u00e9e.<\/p>\n<h2>Utilisations multiples du Totem mince 60\u00d7170 double face avec base m\u00e9tallique en forme de L<\/h2>\n<p>Le Totem Thin peut \u00eatre utilis\u00e9 dans des locaux tels que les showrooms, les supermarch\u00e9s, les salles de r\u00e9union, les salles de congr\u00e8s, les entr\u00e9es d&rsquo;entreprises et partout o\u00f9 vous avez besoin d&rsquo;afficher votre message.<\/p>\n<p>Le totem peut \u00eatre utilis\u00e9 en version unilat\u00e9rale ou bilat\u00e9rale selon qu&rsquo;il doit \u00eatre plac\u00e9 sur un passage \u00e0 sens unique ou \u00e0 double sens.<\/p>\n<h3>CARACT\u00c9RISTIQUES:<\/h3>\n<ol>\n<li>Totem autoportant 90&#215;190 cm.<\/li>\n<li>Panneau en Forex ou en plumes (Sandwich) \u00e0 choisir lors de la commande : L 90 cm. &#8211; H 190 &#8211; SP 2 cm. <\/li>\n<li><span style=\"color: #000000;\"><strong>IMPRESSION DIRECTE EN COULEUR INCLUSE.<\/strong><\/span><\/li>\n<li>Base en forme de L en m\u00e9tal poudr\u00e9 argent\u00e9 : L 90 cm. &#8211; H 20 cm. &#8211; P 22 cm.  <\/li>\n<li>Poids de la base (double base en L) : Kg. 29,20<\/li>\n<li>Poids totem : Kg. 32,70 dans la version avec panneau de plumes (Sandwich)<\/li>\n<li>Poids totem : Kg. 45.20 dans la version avec panneau Forex<\/li>\n<li>Dimensions de la structure (en cm) : L 90 x H 190 x P 46<\/li>\n<li>Taille de la zone d&rsquo;impression (en cm) : L 90 x 170<\/li>\n<\/ol>\n<p><strong>Si vous avez besoin d&rsquo;une hauteur de panneau diff\u00e9rente de celles fournies, veuillez envoyer une demande \u00e0 <span style=\"color: #0000ff;\">info@smartystore.it<\/span>.<\/strong><\/p>\n<p>\u00c9galement disponible dans une version avec une <strong>base de 60 cm de large<\/strong> \u00e0 ce <span style=\"color: #ff0000;\"><strong><a style=\"color: #ff0000;\" href=\"https:\/\/www.smartystore.it\/fr\/prodotto\/totem-double-face-thin-90x190-avec-base-metallique-en-forme-de-l\/\">LIEN<\/a><\/strong><\/span><\/p>\n<p><span style=\"color: #993300;\"><strong>POUR LE FICHIER GRAPHIQUE : cr\u00e9ez le fichier aux dimensions 90&#215;190 cm (\u00e9chelle 1:1) avec les textes convertis en trac\u00e9s, apr\u00e8s avoir sauvegard\u00e9 le fichier en format PDF (r\u00e9solution minimale 200 dpi), envoyez le document \u00e0 l&rsquo;adresse \u00e9lectronique suivante<\/strong><\/span><strong> <a href=\"mailto:grafica@smartystore.it\">grafica@smartystore.it<\/a> <\/strong><span style=\"color: #993300;\"><strong>en indiquant le num\u00e9ro de commande.<\/strong><\/span><\/p>\n<p><strong><a href=\"https:\/\/www.smartystore.it\/v25\/wp-content\/uploads\/2023\/04\/Totem-Thin_SCHEDA-TECNICA.pdf\" target=\"_blank\" rel=\"noopener\"><img loading=\"lazy\" decoding=\"async\" class=\"alignnone size-full wp-image-93672\" src=\"https:\/\/www.smartystore.it\/v25\/wp-content\/uploads\/2023\/11\/LogoDownload_yellow.jpg\" alt=\"\" width=\"50\" height=\"50\">&nbsp;  FICHE TECHNIQUE<\/a><\/strong><\/p>\n<p><strong><a href=\"https:\/\/www.smartystore.it\/v25\/wp-content\/uploads\/2023\/04\/Template_SST-TSL90190.pdf\" target=\"_blank\" rel=\"noopener\"><img loading=\"lazy\" decoding=\"async\" class=\"alignnone size-full wp-image-93609\" src=\"https:\/\/www.smartystore.it\/v25\/wp-content\/uploads\/2021\/02\/LogoDownload_green-1.jpg\" alt=\"\" width=\"50\" height=\"50\">  DISPOSITION DE LA D\u00c9COUPE \u00c0 L&rsquo;EMPORTE-PI\u00c8CE<\/a><\/strong><\/p>\n<p><strong>SERVICES DE GRAPHISME ET D&rsquo;IMPRESSION<\/strong><\/p>\n<p>Smarty Store peut fournir des services de mise en page et\/ou d&rsquo;impression.<\/p>\n<p>Si le service d&rsquo;impression seule est demand\u00e9, le client doit envoyer le fichier d&rsquo;impression au format PDF. Les graphiques seront imprim\u00e9s tels qu&rsquo;ils sont re\u00e7us dans le fichier. <\/p>\n<p>Si un service de mise en page est demand\u00e9, notre organisation contactera le client par t\u00e9l\u00e9phone pour obtenir les informations n\u00e9cessaires. La mise en page graphique exclut les images, qui doivent \u00eatre fournies par le client ou faire l&rsquo;objet d&rsquo;un devis s\u00e9par\u00e9.<br \/>Le client recevra la proposition graphique au format PDF pour approbation. <\/p>\n<p><strong>ATTENTION :<\/strong><br \/>Les couleurs affich\u00e9es peuvent varier d&rsquo;un \u00e9cran \u00e0 l&rsquo;autre. Pour les couleurs d&rsquo;impression, vous devez toujours vous r\u00e9f\u00e9rer \u00e0 l&rsquo;\u00e9chelle Pantone.<br \/>Smarty Store d\u00e9cline toute responsabilit\u00e9 en cas de couleurs v\u00e9rifi\u00e9es par le client uniquement sur son propre moniteur.[\/vc_column_text][\/vc_column][\/vc_row]<\/p>\n<\/div>","protected":false},"excerpt":{"rendered":"<p>Totem publicitaire avec panneau Forex ou Feather (Sandwich) et base en forme de L en m\u00e9tal peint en argent. Impression couleur incluse <\/p>\n","protected":false},"featured_media":93985,"comment_status":"open","ping_status":"closed","template":"","meta":{"_acf_changed":false},"pwb-brand":[],"product_brand":[3872],"product_cat":[3028,3681,3679],"product_tag":[4723,4719,4721,4720,4718,4722],"class_list":{"0":"post-93984","1":"product","2":"type-product","3":"status-publish","4":"has-post-thumbnail","6":"product_brand-smartystore","7":"product_cat-totem-serie-quadra-fr","8":"product_cat-totem-slim-fr","9":"product_cat-totems-publicitaires-et-dinformation","10":"product_tag-panneau-publicitaire-forex-ou-sandwich-avec-support-lourd","11":"product_tag-panneau-sandwich-avec-base-lourde","12":"product_tag-totem-avec-panneau-double-face-et-base-stable-en-forme-de-double-l","13":"product_tag-totem-avec-panneau-en-forex-et-double-base-lourde","14":"product_tag-totem-en-plumes-avec-base-lourde-de-60-cm","15":"product_tag-totem-publicitaire-avec-plume-ou-panneau-de-forex","16":"pa_c2c_color-argent","17":"pa_c2c_dimensione-90x190-cm","18":"pa_c2c_grafica-non","19":"pa_c2c_grafica-oui","20":"pa_c2c_materiale-le-change","21":"pa_c2c_materiale-plume","22":"pa_c2c_mono_bifacciale-double-face","23":"pa_c2c_mono_bifacciale-simple-face","24":"pa_c2c_stampa-oui","25":"pa_c2c_trovraprezzi-oui","26":"pa_serie-serie-thin-fr","28":"first","29":"instock","30":"taxable","31":"shipping-taxable","32":"purchasable","33":"product-type-variable"},"acf":[],"yoast_head":"<!-- This site is optimized with the Yoast SEO plugin v27.4 - https:\/\/yoast.com\/product\/yoast-seo-wordpress\/ -->\n<title>Totem double face Thin 90x190 avec base m\u00e9tallique en forme de L - Smarty Store<\/title>\n<meta name=\"description\" content=\"Totem mince 90x190 double face avec base en forme de L en m\u00e9tal argent\u00e9. Choix du panneau entre Forex et Feather. Impression couleur incluse\" \/>\n<meta name=\"robots\" content=\"index, follow, max-snippet:-1, max-image-preview:large, max-video-preview:-1\" \/>\n<link rel=\"canonical\" href=\"https:\/\/www.smartystore.it\/fr\/prodotto\/totem-double-face-thin-90x190-avec-base-metallique-en-forme-de-l\/\" \/>\n<meta property=\"og:locale\" content=\"fr_FR\" \/>\n<meta property=\"og:type\" content=\"article\" \/>\n<meta property=\"og:title\" content=\"Totem double face Thin 90x190 avec base m\u00e9tallique en forme de L - Smarty Store\" \/>\n<meta property=\"og:description\" content=\"Totem mince 90x190 double face avec base en forme de L en m\u00e9tal argent\u00e9. Choix du panneau entre Forex et Feather. Impression couleur incluse\" \/>\n<meta property=\"og:url\" content=\"https:\/\/www.smartystore.it\/fr\/prodotto\/totem-double-face-thin-90x190-avec-base-metallique-en-forme-de-l\/\" \/>\n<meta property=\"og:site_name\" content=\"Smarty Store\" \/>\n<meta property=\"article:modified_time\" content=\"2025-09-02T15:45:41+00:00\" \/>\n<meta property=\"og:image\" content=\"https:\/\/www.smartystore.it\/v25\/wp-content\/uploads\/2023\/04\/Totem-bifacciale-ultrapiatto-90x190-con-base-a-L-in-metallo-stampa-inclusa.jpg\" \/>\n\t<meta property=\"og:image:width\" content=\"1000\" \/>\n\t<meta property=\"og:image:height\" content=\"1000\" \/>\n\t<meta property=\"og:image:type\" content=\"image\/jpeg\" \/>\n<meta name=\"twitter:card\" content=\"summary_large_image\" \/>\n<meta name=\"twitter:label1\" content=\"Dur\u00e9e de lecture estim\u00e9e\" \/>\n\t<meta name=\"twitter:data1\" content=\"4 minutes\" \/>\n<script type=\"application\/ld+json\" class=\"yoast-schema-graph\">{\"@context\":\"https:\\\/\\\/schema.org\",\"@graph\":[{\"@type\":\"WebPage\",\"@id\":\"https:\\\/\\\/www.smartystore.it\\\/fr\\\/prodotto\\\/totem-double-face-thin-90x190-avec-base-metallique-en-forme-de-l\\\/\",\"url\":\"https:\\\/\\\/www.smartystore.it\\\/fr\\\/prodotto\\\/totem-double-face-thin-90x190-avec-base-metallique-en-forme-de-l\\\/\",\"name\":\"Totem double face Thin 90x190 avec base m\u00e9tallique en forme de L - Smarty Store\",\"isPartOf\":{\"@id\":\"https:\\\/\\\/www.smartystore.it\\\/fr\\\/#website\"},\"primaryImageOfPage\":{\"@id\":\"https:\\\/\\\/www.smartystore.it\\\/fr\\\/prodotto\\\/totem-double-face-thin-90x190-avec-base-metallique-en-forme-de-l\\\/#primaryimage\"},\"image\":{\"@id\":\"https:\\\/\\\/www.smartystore.it\\\/fr\\\/prodotto\\\/totem-double-face-thin-90x190-avec-base-metallique-en-forme-de-l\\\/#primaryimage\"},\"thumbnailUrl\":\"https:\\\/\\\/www.smartystore.it\\\/v25\\\/wp-content\\\/uploads\\\/2023\\\/04\\\/Totem-bifacciale-ultrapiatto-90x190-con-base-a-L-in-metallo-stampa-inclusa.jpg\",\"datePublished\":\"2023-04-06T15:18:38+00:00\",\"dateModified\":\"2025-09-02T15:45:41+00:00\",\"description\":\"Totem mince 90x190 double face avec base en forme de L en m\u00e9tal argent\u00e9. Choix du panneau entre Forex et Feather. Impression couleur incluse\",\"breadcrumb\":{\"@id\":\"https:\\\/\\\/www.smartystore.it\\\/fr\\\/prodotto\\\/totem-double-face-thin-90x190-avec-base-metallique-en-forme-de-l\\\/#breadcrumb\"},\"inLanguage\":\"fr-FR\",\"potentialAction\":[{\"@type\":\"ReadAction\",\"target\":[\"https:\\\/\\\/www.smartystore.it\\\/fr\\\/prodotto\\\/totem-double-face-thin-90x190-avec-base-metallique-en-forme-de-l\\\/\"]}]},{\"@type\":\"ImageObject\",\"inLanguage\":\"fr-FR\",\"@id\":\"https:\\\/\\\/www.smartystore.it\\\/fr\\\/prodotto\\\/totem-double-face-thin-90x190-avec-base-metallique-en-forme-de-l\\\/#primaryimage\",\"url\":\"https:\\\/\\\/www.smartystore.it\\\/v25\\\/wp-content\\\/uploads\\\/2023\\\/04\\\/Totem-bifacciale-ultrapiatto-90x190-con-base-a-L-in-metallo-stampa-inclusa.jpg\",\"contentUrl\":\"https:\\\/\\\/www.smartystore.it\\\/v25\\\/wp-content\\\/uploads\\\/2023\\\/04\\\/Totem-bifacciale-ultrapiatto-90x190-con-base-a-L-in-metallo-stampa-inclusa.jpg\",\"width\":1000,\"height\":1000,\"caption\":\"Totem double face Thin 90x190 avec base m\u00e9tallique en forme de L\"},{\"@type\":\"BreadcrumbList\",\"@id\":\"https:\\\/\\\/www.smartystore.it\\\/fr\\\/prodotto\\\/totem-double-face-thin-90x190-avec-base-metallique-en-forme-de-l\\\/#breadcrumb\",\"itemListElement\":[{\"@type\":\"ListItem\",\"position\":1,\"name\":\"Home\",\"item\":\"https:\\\/\\\/www.smartystore.it\\\/fr\\\/\"},{\"@type\":\"ListItem\",\"position\":2,\"name\":\"Boutique\",\"item\":\"https:\\\/\\\/www.smartystore.it\\\/fr\\\/boutique\\\/\"},{\"@type\":\"ListItem\",\"position\":3,\"name\":\"Totem double face Thin 90&#215;190 avec base m\u00e9tallique en forme de L\"}]},{\"@type\":\"WebSite\",\"@id\":\"https:\\\/\\\/www.smartystore.it\\\/fr\\\/#website\",\"url\":\"https:\\\/\\\/www.smartystore.it\\\/fr\\\/\",\"name\":\"Smarty Store\",\"description\":\"Espositori Pubblicitari e Sistemi di Comunicazione Visiva\",\"potentialAction\":[{\"@type\":\"SearchAction\",\"target\":{\"@type\":\"EntryPoint\",\"urlTemplate\":\"https:\\\/\\\/www.smartystore.it\\\/fr\\\/?s={search_term_string}\"},\"query-input\":{\"@type\":\"PropertyValueSpecification\",\"valueRequired\":true,\"valueName\":\"search_term_string\"}}],\"inLanguage\":\"fr-FR\"}]}<\/script>\n<!-- \/ Yoast SEO plugin. -->","yoast_head_json":{"title":"Totem double face Thin 90x190 avec base m\u00e9tallique en forme de L - Smarty Store","description":"Totem mince 90x190 double face avec base en forme de L en m\u00e9tal argent\u00e9. Choix du panneau entre Forex et Feather. Impression couleur incluse","robots":{"index":"index","follow":"follow","max-snippet":"max-snippet:-1","max-image-preview":"max-image-preview:large","max-video-preview":"max-video-preview:-1"},"canonical":"https:\/\/www.smartystore.it\/fr\/prodotto\/totem-double-face-thin-90x190-avec-base-metallique-en-forme-de-l\/","og_locale":"fr_FR","og_type":"article","og_title":"Totem double face Thin 90x190 avec base m\u00e9tallique en forme de L - Smarty Store","og_description":"Totem mince 90x190 double face avec base en forme de L en m\u00e9tal argent\u00e9. Choix du panneau entre Forex et Feather. Impression couleur incluse","og_url":"https:\/\/www.smartystore.it\/fr\/prodotto\/totem-double-face-thin-90x190-avec-base-metallique-en-forme-de-l\/","og_site_name":"Smarty Store","article_modified_time":"2025-09-02T15:45:41+00:00","og_image":[{"width":1000,"height":1000,"url":"https:\/\/www.smartystore.it\/v25\/wp-content\/uploads\/2023\/04\/Totem-bifacciale-ultrapiatto-90x190-con-base-a-L-in-metallo-stampa-inclusa.jpg","type":"image\/jpeg"}],"twitter_card":"summary_large_image","twitter_misc":{"Dur\u00e9e de lecture estim\u00e9e":"4 minutes"},"schema":{"@context":"https:\/\/schema.org","@graph":[{"@type":"WebPage","@id":"https:\/\/www.smartystore.it\/fr\/prodotto\/totem-double-face-thin-90x190-avec-base-metallique-en-forme-de-l\/","url":"https:\/\/www.smartystore.it\/fr\/prodotto\/totem-double-face-thin-90x190-avec-base-metallique-en-forme-de-l\/","name":"Totem double face Thin 90x190 avec base m\u00e9tallique en forme de L - Smarty Store","isPartOf":{"@id":"https:\/\/www.smartystore.it\/fr\/#website"},"primaryImageOfPage":{"@id":"https:\/\/www.smartystore.it\/fr\/prodotto\/totem-double-face-thin-90x190-avec-base-metallique-en-forme-de-l\/#primaryimage"},"image":{"@id":"https:\/\/www.smartystore.it\/fr\/prodotto\/totem-double-face-thin-90x190-avec-base-metallique-en-forme-de-l\/#primaryimage"},"thumbnailUrl":"https:\/\/www.smartystore.it\/v25\/wp-content\/uploads\/2023\/04\/Totem-bifacciale-ultrapiatto-90x190-con-base-a-L-in-metallo-stampa-inclusa.jpg","datePublished":"2023-04-06T15:18:38+00:00","dateModified":"2025-09-02T15:45:41+00:00","description":"Totem mince 90x190 double face avec base en forme de L en m\u00e9tal argent\u00e9. Choix du panneau entre Forex et Feather. Impression couleur incluse","breadcrumb":{"@id":"https:\/\/www.smartystore.it\/fr\/prodotto\/totem-double-face-thin-90x190-avec-base-metallique-en-forme-de-l\/#breadcrumb"},"inLanguage":"fr-FR","potentialAction":[{"@type":"ReadAction","target":["https:\/\/www.smartystore.it\/fr\/prodotto\/totem-double-face-thin-90x190-avec-base-metallique-en-forme-de-l\/"]}]},{"@type":"ImageObject","inLanguage":"fr-FR","@id":"https:\/\/www.smartystore.it\/fr\/prodotto\/totem-double-face-thin-90x190-avec-base-metallique-en-forme-de-l\/#primaryimage","url":"https:\/\/www.smartystore.it\/v25\/wp-content\/uploads\/2023\/04\/Totem-bifacciale-ultrapiatto-90x190-con-base-a-L-in-metallo-stampa-inclusa.jpg","contentUrl":"https:\/\/www.smartystore.it\/v25\/wp-content\/uploads\/2023\/04\/Totem-bifacciale-ultrapiatto-90x190-con-base-a-L-in-metallo-stampa-inclusa.jpg","width":1000,"height":1000,"caption":"Totem double face Thin 90x190 avec base m\u00e9tallique en forme de L"},{"@type":"BreadcrumbList","@id":"https:\/\/www.smartystore.it\/fr\/prodotto\/totem-double-face-thin-90x190-avec-base-metallique-en-forme-de-l\/#breadcrumb","itemListElement":[{"@type":"ListItem","position":1,"name":"Home","item":"https:\/\/www.smartystore.it\/fr\/"},{"@type":"ListItem","position":2,"name":"Boutique","item":"https:\/\/www.smartystore.it\/fr\/boutique\/"},{"@type":"ListItem","position":3,"name":"Totem double face Thin 90&#215;190 avec base m\u00e9tallique en forme de L"}]},{"@type":"WebSite","@id":"https:\/\/www.smartystore.it\/fr\/#website","url":"https:\/\/www.smartystore.it\/fr\/","name":"Smarty Store","description":"Espositori Pubblicitari e Sistemi di Comunicazione Visiva","potentialAction":[{"@type":"SearchAction","target":{"@type":"EntryPoint","urlTemplate":"https:\/\/www.smartystore.it\/fr\/?s={search_term_string}"},"query-input":{"@type":"PropertyValueSpecification","valueRequired":true,"valueName":"search_term_string"}}],"inLanguage":"fr-FR"}]}},"brands":[],"_links":{"self":[{"href":"https:\/\/www.smartystore.it\/fr\/wp-json\/wp\/v2\/product\/93984","targetHints":{"allow":["GET"]}}],"collection":[{"href":"https:\/\/www.smartystore.it\/fr\/wp-json\/wp\/v2\/product"}],"about":[{"href":"https:\/\/www.smartystore.it\/fr\/wp-json\/wp\/v2\/types\/product"}],"replies":[{"embeddable":true,"href":"https:\/\/www.smartystore.it\/fr\/wp-json\/wp\/v2\/comments?post=93984"}],"wp:featuredmedia":[{"embeddable":true,"href":"https:\/\/www.smartystore.it\/fr\/wp-json\/wp\/v2\/media\/93985"}],"wp:attachment":[{"href":"https:\/\/www.smartystore.it\/fr\/wp-json\/wp\/v2\/media?parent=93984"}],"wp:term":[{"taxonomy":"pwb-brand","embeddable":true,"href":"https:\/\/www.smartystore.it\/fr\/wp-json\/wp\/v2\/pwb-brand?post=93984"},{"taxonomy":"product_brand","embeddable":true,"href":"https:\/\/www.smartystore.it\/fr\/wp-json\/wp\/v2\/product_brand?post=93984"},{"taxonomy":"product_cat","embeddable":true,"href":"https:\/\/www.smartystore.it\/fr\/wp-json\/wp\/v2\/product_cat?post=93984"},{"taxonomy":"product_tag","embeddable":true,"href":"https:\/\/www.smartystore.it\/fr\/wp-json\/wp\/v2\/product_tag?post=93984"}],"curies":[{"name":"wp","href":"https:\/\/api.w.org\/{rel}","templated":true}]}}