{"id":93968,"date":"2023-05-09T18:08:46","date_gmt":"2023-05-09T16:08:46","guid":{"rendered":"https:\/\/www.smartystore.it\/prodotto\/presentoir-de-messages-avec-pochettes-horizontales-a3\/"},"modified":"2026-02-18T17:44:18","modified_gmt":"2026-02-18T15:44:18","slug":"presentoir-de-messages-avec-pochettes-horizontales-a3","status":"publish","type":"product","link":"https:\/\/www.smartystore.it\/fr\/prodotto\/presentoir-de-messages-avec-pochettes-horizontales-a3\/","title":{"rendered":"Pr\u00e9sentoir de messages avec pochettes horizontales A3"},"content":{"rendered":"<h1>Pr\u00e9sentoir de messages avec pochettes horizontales A3<\/h1>\n<p>Le pr\u00e9sentoir \u00e0 messages avec pochettes horizontales A3 est une structure sur pied qui fait partie de la ligne QUADRA SERIES. Enti\u00e8rement r\u00e9alis\u00e9 en aluminium, il est compos\u00e9 de pochettes en plexiglas transparent pour les imprim\u00e9s horizontaux de format A3, d&rsquo;un montant \u00e0 double section carr\u00e9e (d&rsquo;o\u00f9 le nom de la s\u00e9rie) et d&rsquo;une paire de <strong>pieds fixes<\/strong> ou avec <strong>roues de freinage<\/strong> pour d\u00e9placer facilement la structure dans la position ou l&#8217;emplacement d\u00e9sir\u00e9.<\/p>\n<h2>Support d&rsquo;affichage de messages avec pochettes A3 horizontales : vos publicit\u00e9s sont toujours bien visibles<\/h2>\n<p>Le pr\u00e9sentoir publicitaire peut \u00eatre utilis\u00e9 en version simple face, utilisant ainsi le devant des pochettes, ou en version double face, doublant ainsi le nombre d&rsquo;avis \u00e0 afficher. Les affiches peuvent \u00eatre remplac\u00e9es aussi souvent que vous le souhaitez.<\/p>\n<p>Les pochettes \u00e0 messages sont fix\u00e9es aux barres transversales par des entretoises en chrome poli.<\/p>\n<p>Lors de la commande, vous pouvez choisir :<\/p>\n<ul>\n<li>le nombre de pochettes A3 avec orientation horizontale de l&rsquo;affichage entre : 8 pochettes &#8211; 12 pochettes &#8211; 16 pochettes<\/li>\n<li>le type de base entre : pieds fixes &#8211; pieds \u00e0 roulettes<\/li>\n<\/ul>\n<h3>CARACT\u00c9RISTIQUES:<\/h3>\n<ul>\n<li>Pr\u00e9sentoir de communication.<\/li>\n<li>Montants et barres transversales en aluminium anodis\u00e9 argent\u00e9 : 30&#215;30 mm.<\/li>\n<li>Base : avec pieds fixes ou sur roues avec roues de freinage (\u00e0 choisir lors de la commande).<\/li>\n<li>Pochettes transparentes en plexiglas pour les imprim\u00e9s horizontaux A3.<\/li>\n<li>Entretoises en chrome poli pour fixer les poches \u00e0 la barre transversale.<\/li>\n<li>Peut \u00eatre utilis\u00e9 en version simple ou double face.<\/li>\n<\/ul>\n<table style=\"width: 73.1366%; border-collapse: collapse; border-color: #000000; height: 96px;\" border=\"1\">\n<tbody>\n<tr style=\"height: 24px;\">\n<td style=\"width: 10.9041%; height: 24px; text-align: center;\"><strong>CODE<\/strong><\/td>\n<td style=\"width: 14.7416%; height: 24px; text-align: center;\"><strong>N\u00b0 POCHETTES<\/strong><\/td>\n<td style=\"width: 10.4377%; height: 24px; text-align: center;\"><strong>DIMENSIONS <\/strong><\/td>\n<td style=\"width: 10.4377%; text-align: center;\"><strong>POIDS<\/strong><\/td>\n<\/tr>\n<tr style=\"height: 24px;\">\n<td style=\"width: 10.9041%; height: 24px;\"><strong>SST-EPC8A3H<\/strong><\/td>\n<td style=\"width: 14.7416%; height: 24px; text-align: center;\">8 pochettes horizontales A3<\/td>\n<td style=\"width: 10.4377%; height: 24px; text-align: center;\">L 107 &#8211; H 187,5 &#8211; P 38 cm. (hauteur avec roues 191,5 cm.)<\/td>\n<td style=\"width: 10.4377%; text-align: center;\">12,50 Kg environ<\/td>\n<\/tr>\n<tr style=\"height: 24px;\">\n<td style=\"width: 10.9041%; height: 24px;\"><strong>SST-EPC12A3H<\/strong><\/td>\n<td style=\"width: 14.7416%; height: 24px; text-align: center;\">12 pochettes horizontales A3<\/td>\n<td style=\"width: 10.4377%; height: 24px; text-align: center;\">L 157 &#8211; H 187,5 &#8211; P 38 cm. (hauteur avec roues 191,5 cm.)<\/td>\n<td style=\"width: 10.4377%; text-align: center;\">16,20 Kg environ<\/td>\n<\/tr>\n<tr style=\"height: 24px;\">\n<td style=\"width: 10.9041%; height: 24px;\"><strong>SST-EPC16A3H<\/strong><\/td>\n<td style=\"width: 14.7416%; height: 24px; text-align: center;\">16 pochettes A3 horizontales<\/td>\n<td style=\"width: 10.4377%; height: 24px; text-align: center;\">L 192 &#8211; H 187,5 &#8211; P 38 cm. (hauteur avec roues 191,5 cm)<\/td>\n<td style=\"width: 10.4377%; text-align: center;\">20,20 Kg environ<\/td>\n<\/tr>\n<\/tbody>\n<\/table>\n<p>&nbsp;<\/p>\n<table style=\"width: 73.1366%; border-collapse: collapse; border-style: solid; border-color: #e01009;\" border=\"3\">\n<tbody>\n<tr>\n<td style=\"width: 100%; text-align: center;\"><span style=\"color: #000000;\"><strong>Nous pouvons fabriquer le pr\u00e9sentoir avec des dimensions personnalis\u00e9es, un nombre de poches diff\u00e9rent de celui propos\u00e9 en ligne, et avec un panneau imprim\u00e9 avec vos propres graphiques.<\/strong><\/span><\/p>\n<p><span style=\"color: #000000;\"><strong>Pour plus d&rsquo;informations et pour obtenir un devis, contactez <span style=\"color: #3366ff;\">info@smartystore.it<\/span><\/strong><\/span><\/td>\n<\/tr>\n<\/tbody>\n<\/table>\n<h4 style=\"text-align: center;\">Voir d&rsquo;autres mod\u00e8les d&rsquo;afficheurs de messages sur ce <a href=\"https:\/\/www.smartystore.it\/fr\/categoria-prodotto\/presentoirs-publicitaires\/quadra-series-fr\/afficheurs-porte-messages\/\">LIEN<\/a><\/h4>\n<p>&nbsp;<\/p>\n<p><a href=\"https:\/\/www.smartystore.it\/v25\/wp-content\/uploads\/2023\/07\/SST-EPCA3H_Scheda-tecnica.pdf\" target=\"_blank\" rel=\"noopener\"><img loading=\"lazy\" decoding=\"async\" class=\"alignnone size-full wp-image-93510\" src=\"https:\/\/www.smartystore.it\/v25\/wp-content\/uploads\/2014\/10\/SchedaTecnica-300-e1750084266903.png\" alt=\"\" width=\"249\" height=\"63\" \/><\/a><\/p>\n<p>&nbsp;<\/p>\n","protected":false},"excerpt":{"rendered":"<p>Syst\u00e8me de panneaux d&rsquo;affichage autoportants pour les messages horizontaux de format A3. Disponible en trois tailles : avec 8 &#8211; 12 &#8211; 16 pochettes transparentes en plexy.<\/p>\n","protected":false},"featured_media":93969,"comment_status":"open","ping_status":"closed","template":"","meta":{"_acf_changed":false},"pwb-brand":[],"product_brand":[3872],"product_cat":[3026,3013,3023,3022,3018,2914],"product_tag":[6411,6412,6413,6467,6409,6407,6410,6414],"class_list":{"0":"post-93968","1":"product","2":"type-product","3":"status-publish","4":"has-post-thumbnail","6":"product_brand-smartystore","7":"product_cat-afficheurs-porte-messages","8":"product_cat-porte-affiche-au-sol","9":"product_cat-presentoirs-publicitaires-fr","10":"product_cat-presentoirs-publicitaires-au-sol","11":"product_cat-presentoirs-publicitaires","12":"product_cat-quadra-series-fr","13":"product_tag-annonces-de-porte-pour-lagence-immobiliere","14":"product_tag-les-annonces-de-porte-pour-les-concessionnaires-automobiles","15":"product_tag-porte-affiche-a3-a-roulettes","16":"product_tag-porte-message-a3-horizontal-a-roulettes","17":"product_tag-porte-message-double-face","18":"product_tag-support-daffichage-de-messages-a3","19":"product_tag-support-publicitaire-a3-pour-vitrine","20":"product_tag-vitrine-pour-tableau-daffichage-double-face","21":"pa_c2c_base-pieds-a-roulettes","22":"pa_c2c_base-pieds-fixes","23":"pa_c2c_color-argent","24":"pa_c2c_color-transparent","25":"pa_c2c_dimensione-12-x-a3-fr","26":"pa_c2c_dimensione-16-x-a3-fr","27":"pa_c2c_dimensione-8-x-a3-fr","28":"pa_c2c_finitura_distanziale-chrome-poli","29":"pa_c2c_mono_bifacciale-double-face","30":"pa_c2c_mono_bifacciale-simple-face","31":"pa_c2c_orientamento-horizontal","32":"pa_c2c_trovraprezzi-oui","33":"pa_serie-quadra-series","35":"first","36":"instock","37":"taxable","38":"shipping-taxable","39":"purchasable","40":"product-type-variable"},"acf":[],"yoast_head":"<!-- This site is optimized with the Yoast SEO plugin v27.4 - https:\/\/yoast.com\/product\/yoast-seo-wordpress\/ -->\n<title>Pr\u00e9sentoir de messages avec pochettes horizontales A3 - Achetez au Meilleur Prix<\/title>\n<meta name=\"description\" content=\"Pr\u00e9sentoir de messages avec pochettes A3 horizontales disponibles en trois tailles. Choix de pieds fixes et de roulettes de freinage. Dimensions personnalisables\" \/>\n<meta name=\"robots\" content=\"index, follow, max-snippet:-1, max-image-preview:large, max-video-preview:-1\" \/>\n<link rel=\"canonical\" href=\"https:\/\/www.smartystore.it\/fr\/prodotto\/presentoir-de-messages-avec-pochettes-horizontales-a3\/\" \/>\n<meta property=\"og:locale\" content=\"fr_FR\" \/>\n<meta property=\"og:type\" content=\"article\" \/>\n<meta property=\"og:title\" content=\"Pr\u00e9sentoir de messages avec pochettes horizontales A3 - Achetez au Meilleur Prix\" \/>\n<meta property=\"og:description\" content=\"Pr\u00e9sentoir de messages avec pochettes A3 horizontales disponibles en trois tailles. Choix de pieds fixes et de roulettes de freinage. Dimensions personnalisables\" \/>\n<meta property=\"og:url\" content=\"https:\/\/www.smartystore.it\/fr\/prodotto\/presentoir-de-messages-avec-pochettes-horizontales-a3\/\" \/>\n<meta property=\"og:site_name\" content=\"Smarty Store\" \/>\n<meta property=\"article:modified_time\" content=\"2026-02-18T15:44:18+00:00\" \/>\n<meta property=\"og:image\" content=\"https:\/\/www.smartystore.it\/v25\/wp-content\/uploads\/2023\/05\/Espositore-porta-messaggi-con-8-12-16-tasche-A3-orizzontale-disponibile-con-piedini-fissi-o-ruote-frenanti.jpg\" \/>\n\t<meta property=\"og:image:width\" content=\"1000\" \/>\n\t<meta property=\"og:image:height\" content=\"1000\" \/>\n\t<meta property=\"og:image:type\" content=\"image\/jpeg\" \/>\n<meta name=\"twitter:card\" content=\"summary_large_image\" \/>\n<meta name=\"twitter:label1\" content=\"Dur\u00e9e de lecture estim\u00e9e\" \/>\n\t<meta name=\"twitter:data1\" content=\"3 minutes\" \/>\n<script type=\"application\/ld+json\" class=\"yoast-schema-graph\">{\"@context\":\"https:\\\/\\\/schema.org\",\"@graph\":[{\"@type\":\"WebPage\",\"@id\":\"https:\\\/\\\/www.smartystore.it\\\/fr\\\/prodotto\\\/presentoir-de-messages-avec-pochettes-horizontales-a3\\\/\",\"url\":\"https:\\\/\\\/www.smartystore.it\\\/fr\\\/prodotto\\\/presentoir-de-messages-avec-pochettes-horizontales-a3\\\/\",\"name\":\"Pr\u00e9sentoir de messages avec pochettes horizontales A3 - Achetez au Meilleur Prix\",\"isPartOf\":{\"@id\":\"https:\\\/\\\/www.smartystore.it\\\/fr\\\/#website\"},\"primaryImageOfPage\":{\"@id\":\"https:\\\/\\\/www.smartystore.it\\\/fr\\\/prodotto\\\/presentoir-de-messages-avec-pochettes-horizontales-a3\\\/#primaryimage\"},\"image\":{\"@id\":\"https:\\\/\\\/www.smartystore.it\\\/fr\\\/prodotto\\\/presentoir-de-messages-avec-pochettes-horizontales-a3\\\/#primaryimage\"},\"thumbnailUrl\":\"https:\\\/\\\/www.smartystore.it\\\/v25\\\/wp-content\\\/uploads\\\/2023\\\/05\\\/Espositore-porta-messaggi-con-8-12-16-tasche-A3-orizzontale-disponibile-con-piedini-fissi-o-ruote-frenanti.jpg\",\"datePublished\":\"2023-05-09T16:08:46+00:00\",\"dateModified\":\"2026-02-18T15:44:18+00:00\",\"description\":\"Pr\u00e9sentoir de messages avec pochettes A3 horizontales disponibles en trois tailles. Choix de pieds fixes et de roulettes de freinage. Dimensions personnalisables\",\"breadcrumb\":{\"@id\":\"https:\\\/\\\/www.smartystore.it\\\/fr\\\/prodotto\\\/presentoir-de-messages-avec-pochettes-horizontales-a3\\\/#breadcrumb\"},\"inLanguage\":\"fr-FR\",\"potentialAction\":[{\"@type\":\"ReadAction\",\"target\":[\"https:\\\/\\\/www.smartystore.it\\\/fr\\\/prodotto\\\/presentoir-de-messages-avec-pochettes-horizontales-a3\\\/\"]}]},{\"@type\":\"ImageObject\",\"inLanguage\":\"fr-FR\",\"@id\":\"https:\\\/\\\/www.smartystore.it\\\/fr\\\/prodotto\\\/presentoir-de-messages-avec-pochettes-horizontales-a3\\\/#primaryimage\",\"url\":\"https:\\\/\\\/www.smartystore.it\\\/v25\\\/wp-content\\\/uploads\\\/2023\\\/05\\\/Espositore-porta-messaggi-con-8-12-16-tasche-A3-orizzontale-disponibile-con-piedini-fissi-o-ruote-frenanti.jpg\",\"contentUrl\":\"https:\\\/\\\/www.smartystore.it\\\/v25\\\/wp-content\\\/uploads\\\/2023\\\/05\\\/Espositore-porta-messaggi-con-8-12-16-tasche-A3-orizzontale-disponibile-con-piedini-fissi-o-ruote-frenanti.jpg\",\"width\":1000,\"height\":1000,\"caption\":\"Pr\u00e9sentoir de messages avec pochettes horizontales A3\"},{\"@type\":\"BreadcrumbList\",\"@id\":\"https:\\\/\\\/www.smartystore.it\\\/fr\\\/prodotto\\\/presentoir-de-messages-avec-pochettes-horizontales-a3\\\/#breadcrumb\",\"itemListElement\":[{\"@type\":\"ListItem\",\"position\":1,\"name\":\"Home\",\"item\":\"https:\\\/\\\/www.smartystore.it\\\/fr\\\/\"},{\"@type\":\"ListItem\",\"position\":2,\"name\":\"Boutique\",\"item\":\"https:\\\/\\\/www.smartystore.it\\\/fr\\\/boutique\\\/\"},{\"@type\":\"ListItem\",\"position\":3,\"name\":\"Pr\u00e9sentoir de messages avec pochettes horizontales A3\"}]},{\"@type\":\"WebSite\",\"@id\":\"https:\\\/\\\/www.smartystore.it\\\/fr\\\/#website\",\"url\":\"https:\\\/\\\/www.smartystore.it\\\/fr\\\/\",\"name\":\"Smarty Store\",\"description\":\"Espositori Pubblicitari e Sistemi di Comunicazione Visiva\",\"potentialAction\":[{\"@type\":\"SearchAction\",\"target\":{\"@type\":\"EntryPoint\",\"urlTemplate\":\"https:\\\/\\\/www.smartystore.it\\\/fr\\\/?s={search_term_string}\"},\"query-input\":{\"@type\":\"PropertyValueSpecification\",\"valueRequired\":true,\"valueName\":\"search_term_string\"}}],\"inLanguage\":\"fr-FR\"}]}<\/script>\n<!-- \/ Yoast SEO plugin. -->","yoast_head_json":{"title":"Pr\u00e9sentoir de messages avec pochettes horizontales A3 - Achetez au Meilleur Prix","description":"Pr\u00e9sentoir de messages avec pochettes A3 horizontales disponibles en trois tailles. Choix de pieds fixes et de roulettes de freinage. Dimensions personnalisables","robots":{"index":"index","follow":"follow","max-snippet":"max-snippet:-1","max-image-preview":"max-image-preview:large","max-video-preview":"max-video-preview:-1"},"canonical":"https:\/\/www.smartystore.it\/fr\/prodotto\/presentoir-de-messages-avec-pochettes-horizontales-a3\/","og_locale":"fr_FR","og_type":"article","og_title":"Pr\u00e9sentoir de messages avec pochettes horizontales A3 - Achetez au Meilleur Prix","og_description":"Pr\u00e9sentoir de messages avec pochettes A3 horizontales disponibles en trois tailles. Choix de pieds fixes et de roulettes de freinage. Dimensions personnalisables","og_url":"https:\/\/www.smartystore.it\/fr\/prodotto\/presentoir-de-messages-avec-pochettes-horizontales-a3\/","og_site_name":"Smarty Store","article_modified_time":"2026-02-18T15:44:18+00:00","og_image":[{"width":1000,"height":1000,"url":"https:\/\/www.smartystore.it\/v25\/wp-content\/uploads\/2023\/05\/Espositore-porta-messaggi-con-8-12-16-tasche-A3-orizzontale-disponibile-con-piedini-fissi-o-ruote-frenanti.jpg","type":"image\/jpeg"}],"twitter_card":"summary_large_image","twitter_misc":{"Dur\u00e9e de lecture estim\u00e9e":"3 minutes"},"schema":{"@context":"https:\/\/schema.org","@graph":[{"@type":"WebPage","@id":"https:\/\/www.smartystore.it\/fr\/prodotto\/presentoir-de-messages-avec-pochettes-horizontales-a3\/","url":"https:\/\/www.smartystore.it\/fr\/prodotto\/presentoir-de-messages-avec-pochettes-horizontales-a3\/","name":"Pr\u00e9sentoir de messages avec pochettes horizontales A3 - Achetez au Meilleur Prix","isPartOf":{"@id":"https:\/\/www.smartystore.it\/fr\/#website"},"primaryImageOfPage":{"@id":"https:\/\/www.smartystore.it\/fr\/prodotto\/presentoir-de-messages-avec-pochettes-horizontales-a3\/#primaryimage"},"image":{"@id":"https:\/\/www.smartystore.it\/fr\/prodotto\/presentoir-de-messages-avec-pochettes-horizontales-a3\/#primaryimage"},"thumbnailUrl":"https:\/\/www.smartystore.it\/v25\/wp-content\/uploads\/2023\/05\/Espositore-porta-messaggi-con-8-12-16-tasche-A3-orizzontale-disponibile-con-piedini-fissi-o-ruote-frenanti.jpg","datePublished":"2023-05-09T16:08:46+00:00","dateModified":"2026-02-18T15:44:18+00:00","description":"Pr\u00e9sentoir de messages avec pochettes A3 horizontales disponibles en trois tailles. Choix de pieds fixes et de roulettes de freinage. Dimensions personnalisables","breadcrumb":{"@id":"https:\/\/www.smartystore.it\/fr\/prodotto\/presentoir-de-messages-avec-pochettes-horizontales-a3\/#breadcrumb"},"inLanguage":"fr-FR","potentialAction":[{"@type":"ReadAction","target":["https:\/\/www.smartystore.it\/fr\/prodotto\/presentoir-de-messages-avec-pochettes-horizontales-a3\/"]}]},{"@type":"ImageObject","inLanguage":"fr-FR","@id":"https:\/\/www.smartystore.it\/fr\/prodotto\/presentoir-de-messages-avec-pochettes-horizontales-a3\/#primaryimage","url":"https:\/\/www.smartystore.it\/v25\/wp-content\/uploads\/2023\/05\/Espositore-porta-messaggi-con-8-12-16-tasche-A3-orizzontale-disponibile-con-piedini-fissi-o-ruote-frenanti.jpg","contentUrl":"https:\/\/www.smartystore.it\/v25\/wp-content\/uploads\/2023\/05\/Espositore-porta-messaggi-con-8-12-16-tasche-A3-orizzontale-disponibile-con-piedini-fissi-o-ruote-frenanti.jpg","width":1000,"height":1000,"caption":"Pr\u00e9sentoir de messages avec pochettes horizontales A3"},{"@type":"BreadcrumbList","@id":"https:\/\/www.smartystore.it\/fr\/prodotto\/presentoir-de-messages-avec-pochettes-horizontales-a3\/#breadcrumb","itemListElement":[{"@type":"ListItem","position":1,"name":"Home","item":"https:\/\/www.smartystore.it\/fr\/"},{"@type":"ListItem","position":2,"name":"Boutique","item":"https:\/\/www.smartystore.it\/fr\/boutique\/"},{"@type":"ListItem","position":3,"name":"Pr\u00e9sentoir de messages avec pochettes horizontales A3"}]},{"@type":"WebSite","@id":"https:\/\/www.smartystore.it\/fr\/#website","url":"https:\/\/www.smartystore.it\/fr\/","name":"Smarty Store","description":"Espositori Pubblicitari e Sistemi di Comunicazione Visiva","potentialAction":[{"@type":"SearchAction","target":{"@type":"EntryPoint","urlTemplate":"https:\/\/www.smartystore.it\/fr\/?s={search_term_string}"},"query-input":{"@type":"PropertyValueSpecification","valueRequired":true,"valueName":"search_term_string"}}],"inLanguage":"fr-FR"}]}},"brands":[],"_links":{"self":[{"href":"https:\/\/www.smartystore.it\/fr\/wp-json\/wp\/v2\/product\/93968","targetHints":{"allow":["GET"]}}],"collection":[{"href":"https:\/\/www.smartystore.it\/fr\/wp-json\/wp\/v2\/product"}],"about":[{"href":"https:\/\/www.smartystore.it\/fr\/wp-json\/wp\/v2\/types\/product"}],"replies":[{"embeddable":true,"href":"https:\/\/www.smartystore.it\/fr\/wp-json\/wp\/v2\/comments?post=93968"}],"wp:featuredmedia":[{"embeddable":true,"href":"https:\/\/www.smartystore.it\/fr\/wp-json\/wp\/v2\/media\/93969"}],"wp:attachment":[{"href":"https:\/\/www.smartystore.it\/fr\/wp-json\/wp\/v2\/media?parent=93968"}],"wp:term":[{"taxonomy":"pwb-brand","embeddable":true,"href":"https:\/\/www.smartystore.it\/fr\/wp-json\/wp\/v2\/pwb-brand?post=93968"},{"taxonomy":"product_brand","embeddable":true,"href":"https:\/\/www.smartystore.it\/fr\/wp-json\/wp\/v2\/product_brand?post=93968"},{"taxonomy":"product_cat","embeddable":true,"href":"https:\/\/www.smartystore.it\/fr\/wp-json\/wp\/v2\/product_cat?post=93968"},{"taxonomy":"product_tag","embeddable":true,"href":"https:\/\/www.smartystore.it\/fr\/wp-json\/wp\/v2\/product_tag?post=93968"}],"curies":[{"name":"wp","href":"https:\/\/api.w.org\/{rel}","templated":true}]}}