{"id":93948,"date":"2023-05-23T18:18:46","date_gmt":"2023-05-23T16:18:46","guid":{"rendered":"https:\/\/www.smartystore.it\/prodotto\/presentoir-de-messages-avec-pochettes-verticales-a4\/"},"modified":"2026-02-18T17:22:25","modified_gmt":"2026-02-18T15:22:25","slug":"presentoir-de-messages-avec-pochettes-verticales-a4","status":"publish","type":"product","link":"https:\/\/www.smartystore.it\/fr\/prodotto\/presentoir-de-messages-avec-pochettes-verticales-a4\/","title":{"rendered":"Pr\u00e9sentoir de messages avec pochettes verticales A4"},"content":{"rendered":"<div class=\"wpb-content-wrapper\"><p>[vc_row][vc_column][vc_column_text css=\u00a0\u00bb\u00a0\u00bb css_params=\u00a0\u00bb\u00a0\u00bb]<\/p>\n<h1>Pr\u00e9sentoir de messages avec pochettes verticales A4<\/h1>\n<p>Le pr\u00e9sentoir \u00e0 messages verticaux A4 avec pochettes est une structure sur pied qui fait partie de la ligne QUADRA SERIES. Enti\u00e8rement r\u00e9alis\u00e9e en aluminium, elle se compose de pochettes en plexiglas transparent pour les imprim\u00e9s verticaux A4, d&rsquo;un double montant \u00e0 section carr\u00e9e (d&rsquo;o\u00f9 le nom de la s\u00e9rie) et d&rsquo;une paire de pieds fixes ou avec roues de freinage pour d\u00e9placer facilement la structure dans la position ou l&#8217;emplacement d\u00e9sir\u00e9. <\/p>\n<h2>Pr\u00e9sentoir de messages avec pochettes verticales A4 : gestion facile des messages<\/h2>\n<p>Le pr\u00e9sentoir publicitaire peut \u00eatre utilis\u00e9 en version simple face, utilisant ainsi le devant des pochettes, ou en version double face, doublant ainsi le nombre d&rsquo;avis \u00e0 afficher. Les affiches peuvent \u00eatre remplac\u00e9es aussi souvent que vous le souhaitez. <\/p>\n<p>Les pochettes \u00e0 messages sont fix\u00e9es aux barres transversales par des entretoises en chrome poli.<\/p>\n<p>Lors de la commande, vous pouvez choisir :<\/p>\n<ul>\n<li>le nombre de pochettes A4 avec orientation verticale de l&rsquo;affichage entre : 16 pochettes &#8211; 20 pochettes &#8211; 24 pochettes &#8211; 32 pochettes<\/li>\n<li>le type de base entre : pieds fixes &#8211; pieds \u00e0 roulettes<\/li>\n<\/ul>\n<h3>CARACT\u00c9RISTIQUES:<\/h3>\n<ul>\n<li>Pr\u00e9sentoir de communication.<\/li>\n<li>Montants et barres transversales en aluminium anodis\u00e9 argent\u00e9 : 30&#215;30 mm.<\/li>\n<li>Base : avec pieds fixes ou sur roues avec roues de freinage (\u00e0 choisir lors de la commande).<\/li>\n<li>Pochettes transparentes en plexiglas pour les impressions en format A4.<\/li>\n<li>Entretoises en chrome poli pour fixer les poches \u00e0 la barre transversale.<\/li>\n<li>Peut \u00eatre utilis\u00e9 en version simple ou double face.<\/li>\n<\/ul>\n<table style=\"width: 73.1366%; border-collapse: collapse; border-color: #000000; height: 96px;\" border=\"1\">\n<tbody>\n<tr style=\"height: 24px;\">\n<td style=\"width: 10.9041%; height: 24px; text-align: center;\"><strong>CODE<\/strong><\/td>\n<td style=\"width: 14.7416%; height: 24px; text-align: center;\"><strong>N\u00b0 POCHETTES<\/strong><\/td>\n<td style=\"width: 10.4377%; height: 24px; text-align: center;\"><strong>DIMENSIONS <\/strong><\/td>\n<td style=\"width: 10.4377%; text-align: center;\"><strong>POIDS<\/strong><\/td>\n<\/tr>\n<tr style=\"height: 24px;\">\n<td style=\"width: 10.9041%; height: 24px;\"><strong>SST-EPC16A4V<\/strong><\/td>\n<td style=\"width: 14.7416%; height: 24px; text-align: center;\">16 pochettes A4 portrait<\/td>\n<td style=\"width: 10.4377%; height: 24px; text-align: center;\">L 107 &#8211; H 187,5 &#8211; P 38 cm. (hauteur avec roues 191,5 cm.)<\/td>\n<td style=\"width: 10.4377%; text-align: center;\">13,50 Kg environ<\/td>\n<\/tr>\n<tr style=\"height: 24px;\">\n<td style=\"width: 10.9041%; height: 24px;\"><strong>SST-EPC20A4V<\/strong><\/td>\n<td style=\"width: 14.7416%; height: 24px; text-align: center;\">20 pochettes A4 portrait<\/td>\n<td style=\"width: 10.4377%; height: 24px; text-align: center;\">L 122 &#8211; H 187,5 &#8211; P 38 cm. (hauteur avec roues 191,5 cm.)<\/td>\n<td style=\"width: 10.4377%; text-align: center;\">14,90 Kg environ<\/td>\n<\/tr>\n<tr style=\"height: 24px;\">\n<td style=\"width: 10.9041%; height: 24px;\"><strong>SST-EPC24A4V<\/strong><\/td>\n<td style=\"width: 14.7416%; height: 24px; text-align: center;\">24 pochettes A4 portrait<\/td>\n<td style=\"width: 10.4377%; height: 24px; text-align: center;\">L 157 &#8211; H 187,5 &#8211; P 38 cm. (hauteur avec roues 191,5 cm.)<\/td>\n<td style=\"width: 10.4377%; text-align: center;\">17,20 Kg environ<\/td>\n<\/tr>\n<tr style=\"height: 24px;\">\n<td style=\"width: 10.9041%; height: 24px;\"><strong>SST-EPC32A4V<\/strong><\/td>\n<td style=\"width: 14.7416%; height: 24px; text-align: center;\">32 pochettes A4 portrait<\/td>\n<td style=\"width: 10.4377%; height: 24px; text-align: center;\">L 192 &#8211; H 187,5 &#8211; P 38 cm. (hauteur avec roues 191,5 cm.)<\/td>\n<td style=\"width: 10.4377%; text-align: center;\">21,60 Kg environ<\/td>\n<\/tr>\n<\/tbody>\n<\/table>\n<p>&nbsp;<\/p>\n<table style=\"width: 73.1366%; border-collapse: collapse; border-style: solid; border-color: #e01009;\" border=\"3\">\n<tbody>\n<tr>\n<td style=\"width: 100%; text-align: center;\">\n<p><span style=\"color: #000000;\"><strong>Nous pouvons fabriquer le pr\u00e9sentoir avec des dimensions personnalis\u00e9es, un nombre de poches diff\u00e9rent de celui propos\u00e9 en ligne, et avec un panneau imprim\u00e9 avec vos propres graphiques.<\/strong><\/span><\/p>\n<p><span style=\"color: #000000;\"><strong>Pour de plus amples informations et des devis, veuillez contacter <span style=\"color: #3366ff;\">info@smartystore.it<\/span><\/strong><\/span><\/td>\n<\/tr>\n<\/tbody>\n<\/table>\n<p>&nbsp;<\/p>\n<h3 style=\"text-align: center;\">Voir les autres mod\u00e8les sur ce <a href=\"https:\/\/www.smartystore.it\/fr\/categoria-prodotto\/presentoirs-publicitaires\/quadra-series-fr\/afficheurs-porte-messages\/\"><span style=\"color: #ff0000;\">LIEN<\/span><\/a><\/h3>\n<p>&nbsp;<\/p>\n<p><a href=\"https:\/\/www.smartystore.it\/v25\/wp-content\/uploads\/2023\/07\/SST-EPCA4V_Scheda-tecnica.pdf\" target=\"_blank\" rel=\"noopener\"><img loading=\"lazy\" decoding=\"async\" class=\"alignnone size-full wp-image-93510\" src=\"https:\/\/www.smartystore.it\/v25\/wp-content\/uploads\/2014\/10\/SchedaTecnica-300-e1750084266903.png\" alt=\"\" width=\"249\" height=\"63\"><\/a><\/p>\n<p>&nbsp;[\/vc_column_text][\/vc_column][\/vc_row]<\/p>\n<\/div>","protected":false},"excerpt":{"rendered":"<p>Syst\u00e8me autoportant de porte-messages verticaux A4. Disponible en trois tailles : avec 16 &#8211; 20 &#8211; 24 &#8211; 32 pochettes transparentes en plexy. <\/p>\n","protected":false},"featured_media":93949,"comment_status":"open","ping_status":"closed","template":"","meta":{"_acf_changed":false},"pwb-brand":[],"product_brand":[3872],"product_cat":[3026,3013,3022,3018,2914],"product_tag":[6411,6412,6462,6409,6454,6456,6457,6414],"class_list":{"0":"post-93948","1":"product","2":"type-product","3":"status-publish","4":"has-post-thumbnail","6":"product_brand-smartystore","7":"product_cat-afficheurs-porte-messages","8":"product_cat-porte-affiche-au-sol","9":"product_cat-presentoirs-publicitaires-au-sol","10":"product_cat-presentoirs-publicitaires","11":"product_cat-quadra-series-fr","12":"product_tag-annonces-de-porte-pour-lagence-immobiliere","13":"product_tag-les-annonces-de-porte-pour-les-concessionnaires-automobiles","14":"product_tag-porte-message-a4-vertical-a-roulettes","15":"product_tag-porte-message-double-face","16":"product_tag-support-daffichage-de-messages-a4","17":"product_tag-support-publicitaire-pour-fenetre-a4","18":"product_tag-tableau-daffichage-a4-a-roulettes","19":"product_tag-vitrine-pour-tableau-daffichage-double-face","20":"pa_c2c_base-pieds-a-roulettes","21":"pa_c2c_base-pieds-fixes","22":"pa_c2c_color-argent","23":"pa_c2c_color-transparent","24":"pa_c2c_dimensione-16-x-a4-fr","25":"pa_c2c_dimensione-20-x-a4-fr","26":"pa_c2c_dimensione-24-x-a4","27":"pa_c2c_dimensione-32-x-a4-fr","28":"pa_c2c_finitura_distanziale-chrome-poli","29":"pa_c2c_mono_bifacciale-double-face","30":"pa_c2c_mono_bifacciale-simple-face","31":"pa_c2c_orientamento-verticale","32":"pa_c2c_trovraprezzi-oui","33":"pa_serie-quadra-series","35":"first","36":"instock","37":"taxable","38":"shipping-taxable","39":"purchasable","40":"product-type-variable"},"acf":[],"yoast_head":"<!-- This site is optimized with the Yoast SEO plugin v27.4 - https:\/\/yoast.com\/product\/yoast-seo-wordpress\/ -->\n<title>Pr\u00e9sentoir de messages avec pochettes verticales A4 - Achetez au Meilleur Prix<\/title>\n<meta name=\"description\" content=\"Pr\u00e9sentoir avec pochettes A4 verticales disponible en quatre tailles. Choix de pieds fixes ou frein\u00e9s.\" \/>\n<meta name=\"robots\" content=\"index, follow, max-snippet:-1, max-image-preview:large, max-video-preview:-1\" \/>\n<link rel=\"canonical\" href=\"https:\/\/www.smartystore.it\/fr\/prodotto\/presentoir-de-messages-avec-pochettes-verticales-a4\/\" \/>\n<meta property=\"og:locale\" content=\"fr_FR\" \/>\n<meta property=\"og:type\" content=\"article\" \/>\n<meta property=\"og:title\" content=\"Pr\u00e9sentoir de messages avec pochettes verticales A4 - Achetez au Meilleur Prix\" \/>\n<meta property=\"og:description\" content=\"Pr\u00e9sentoir avec pochettes A4 verticales disponible en quatre tailles. Choix de pieds fixes ou frein\u00e9s.\" \/>\n<meta property=\"og:url\" content=\"https:\/\/www.smartystore.it\/fr\/prodotto\/presentoir-de-messages-avec-pochettes-verticales-a4\/\" \/>\n<meta property=\"og:site_name\" content=\"Smarty Store\" \/>\n<meta property=\"article:modified_time\" content=\"2026-02-18T15:22:25+00:00\" \/>\n<meta property=\"og:image\" content=\"https:\/\/www.smartystore.it\/v25\/wp-content\/uploads\/2023\/05\/Espositore-porta-messaggi-con-16-20-24-32-tasche-A4-verticale-disponibile-con-piedini-fissi-o-ruote-frenanti.jpg\" \/>\n\t<meta property=\"og:image:width\" content=\"1000\" \/>\n\t<meta property=\"og:image:height\" content=\"1000\" \/>\n\t<meta property=\"og:image:type\" content=\"image\/jpeg\" \/>\n<meta name=\"twitter:card\" content=\"summary_large_image\" \/>\n<meta name=\"twitter:label1\" content=\"Dur\u00e9e de lecture estim\u00e9e\" \/>\n\t<meta name=\"twitter:data1\" content=\"3 minutes\" \/>\n<script type=\"application\/ld+json\" class=\"yoast-schema-graph\">{\"@context\":\"https:\\\/\\\/schema.org\",\"@graph\":[{\"@type\":\"WebPage\",\"@id\":\"https:\\\/\\\/www.smartystore.it\\\/fr\\\/prodotto\\\/presentoir-de-messages-avec-pochettes-verticales-a4\\\/\",\"url\":\"https:\\\/\\\/www.smartystore.it\\\/fr\\\/prodotto\\\/presentoir-de-messages-avec-pochettes-verticales-a4\\\/\",\"name\":\"Pr\u00e9sentoir de messages avec pochettes verticales A4 - Achetez au Meilleur Prix\",\"isPartOf\":{\"@id\":\"https:\\\/\\\/www.smartystore.it\\\/fr\\\/#website\"},\"primaryImageOfPage\":{\"@id\":\"https:\\\/\\\/www.smartystore.it\\\/fr\\\/prodotto\\\/presentoir-de-messages-avec-pochettes-verticales-a4\\\/#primaryimage\"},\"image\":{\"@id\":\"https:\\\/\\\/www.smartystore.it\\\/fr\\\/prodotto\\\/presentoir-de-messages-avec-pochettes-verticales-a4\\\/#primaryimage\"},\"thumbnailUrl\":\"https:\\\/\\\/www.smartystore.it\\\/v25\\\/wp-content\\\/uploads\\\/2023\\\/05\\\/Espositore-porta-messaggi-con-16-20-24-32-tasche-A4-verticale-disponibile-con-piedini-fissi-o-ruote-frenanti.jpg\",\"datePublished\":\"2023-05-23T16:18:46+00:00\",\"dateModified\":\"2026-02-18T15:22:25+00:00\",\"description\":\"Pr\u00e9sentoir avec pochettes A4 verticales disponible en quatre tailles. Choix de pieds fixes ou frein\u00e9s.\",\"breadcrumb\":{\"@id\":\"https:\\\/\\\/www.smartystore.it\\\/fr\\\/prodotto\\\/presentoir-de-messages-avec-pochettes-verticales-a4\\\/#breadcrumb\"},\"inLanguage\":\"fr-FR\",\"potentialAction\":[{\"@type\":\"ReadAction\",\"target\":[\"https:\\\/\\\/www.smartystore.it\\\/fr\\\/prodotto\\\/presentoir-de-messages-avec-pochettes-verticales-a4\\\/\"]}]},{\"@type\":\"ImageObject\",\"inLanguage\":\"fr-FR\",\"@id\":\"https:\\\/\\\/www.smartystore.it\\\/fr\\\/prodotto\\\/presentoir-de-messages-avec-pochettes-verticales-a4\\\/#primaryimage\",\"url\":\"https:\\\/\\\/www.smartystore.it\\\/v25\\\/wp-content\\\/uploads\\\/2023\\\/05\\\/Espositore-porta-messaggi-con-16-20-24-32-tasche-A4-verticale-disponibile-con-piedini-fissi-o-ruote-frenanti.jpg\",\"contentUrl\":\"https:\\\/\\\/www.smartystore.it\\\/v25\\\/wp-content\\\/uploads\\\/2023\\\/05\\\/Espositore-porta-messaggi-con-16-20-24-32-tasche-A4-verticale-disponibile-con-piedini-fissi-o-ruote-frenanti.jpg\",\"width\":1000,\"height\":1000,\"caption\":\"Pr\u00e9sentoir de messages avec pochettes verticales A4\"},{\"@type\":\"BreadcrumbList\",\"@id\":\"https:\\\/\\\/www.smartystore.it\\\/fr\\\/prodotto\\\/presentoir-de-messages-avec-pochettes-verticales-a4\\\/#breadcrumb\",\"itemListElement\":[{\"@type\":\"ListItem\",\"position\":1,\"name\":\"Home\",\"item\":\"https:\\\/\\\/www.smartystore.it\\\/fr\\\/\"},{\"@type\":\"ListItem\",\"position\":2,\"name\":\"Boutique\",\"item\":\"https:\\\/\\\/www.smartystore.it\\\/fr\\\/boutique\\\/\"},{\"@type\":\"ListItem\",\"position\":3,\"name\":\"Pr\u00e9sentoir de messages avec pochettes verticales A4\"}]},{\"@type\":\"WebSite\",\"@id\":\"https:\\\/\\\/www.smartystore.it\\\/fr\\\/#website\",\"url\":\"https:\\\/\\\/www.smartystore.it\\\/fr\\\/\",\"name\":\"Smarty Store\",\"description\":\"Espositori Pubblicitari e Sistemi di Comunicazione Visiva\",\"potentialAction\":[{\"@type\":\"SearchAction\",\"target\":{\"@type\":\"EntryPoint\",\"urlTemplate\":\"https:\\\/\\\/www.smartystore.it\\\/fr\\\/?s={search_term_string}\"},\"query-input\":{\"@type\":\"PropertyValueSpecification\",\"valueRequired\":true,\"valueName\":\"search_term_string\"}}],\"inLanguage\":\"fr-FR\"}]}<\/script>\n<!-- \/ Yoast SEO plugin. -->","yoast_head_json":{"title":"Pr\u00e9sentoir de messages avec pochettes verticales A4 - Achetez au Meilleur Prix","description":"Pr\u00e9sentoir avec pochettes A4 verticales disponible en quatre tailles. Choix de pieds fixes ou frein\u00e9s.","robots":{"index":"index","follow":"follow","max-snippet":"max-snippet:-1","max-image-preview":"max-image-preview:large","max-video-preview":"max-video-preview:-1"},"canonical":"https:\/\/www.smartystore.it\/fr\/prodotto\/presentoir-de-messages-avec-pochettes-verticales-a4\/","og_locale":"fr_FR","og_type":"article","og_title":"Pr\u00e9sentoir de messages avec pochettes verticales A4 - Achetez au Meilleur Prix","og_description":"Pr\u00e9sentoir avec pochettes A4 verticales disponible en quatre tailles. Choix de pieds fixes ou frein\u00e9s.","og_url":"https:\/\/www.smartystore.it\/fr\/prodotto\/presentoir-de-messages-avec-pochettes-verticales-a4\/","og_site_name":"Smarty Store","article_modified_time":"2026-02-18T15:22:25+00:00","og_image":[{"width":1000,"height":1000,"url":"https:\/\/www.smartystore.it\/v25\/wp-content\/uploads\/2023\/05\/Espositore-porta-messaggi-con-16-20-24-32-tasche-A4-verticale-disponibile-con-piedini-fissi-o-ruote-frenanti.jpg","type":"image\/jpeg"}],"twitter_card":"summary_large_image","twitter_misc":{"Dur\u00e9e de lecture estim\u00e9e":"3 minutes"},"schema":{"@context":"https:\/\/schema.org","@graph":[{"@type":"WebPage","@id":"https:\/\/www.smartystore.it\/fr\/prodotto\/presentoir-de-messages-avec-pochettes-verticales-a4\/","url":"https:\/\/www.smartystore.it\/fr\/prodotto\/presentoir-de-messages-avec-pochettes-verticales-a4\/","name":"Pr\u00e9sentoir de messages avec pochettes verticales A4 - Achetez au Meilleur Prix","isPartOf":{"@id":"https:\/\/www.smartystore.it\/fr\/#website"},"primaryImageOfPage":{"@id":"https:\/\/www.smartystore.it\/fr\/prodotto\/presentoir-de-messages-avec-pochettes-verticales-a4\/#primaryimage"},"image":{"@id":"https:\/\/www.smartystore.it\/fr\/prodotto\/presentoir-de-messages-avec-pochettes-verticales-a4\/#primaryimage"},"thumbnailUrl":"https:\/\/www.smartystore.it\/v25\/wp-content\/uploads\/2023\/05\/Espositore-porta-messaggi-con-16-20-24-32-tasche-A4-verticale-disponibile-con-piedini-fissi-o-ruote-frenanti.jpg","datePublished":"2023-05-23T16:18:46+00:00","dateModified":"2026-02-18T15:22:25+00:00","description":"Pr\u00e9sentoir avec pochettes A4 verticales disponible en quatre tailles. Choix de pieds fixes ou frein\u00e9s.","breadcrumb":{"@id":"https:\/\/www.smartystore.it\/fr\/prodotto\/presentoir-de-messages-avec-pochettes-verticales-a4\/#breadcrumb"},"inLanguage":"fr-FR","potentialAction":[{"@type":"ReadAction","target":["https:\/\/www.smartystore.it\/fr\/prodotto\/presentoir-de-messages-avec-pochettes-verticales-a4\/"]}]},{"@type":"ImageObject","inLanguage":"fr-FR","@id":"https:\/\/www.smartystore.it\/fr\/prodotto\/presentoir-de-messages-avec-pochettes-verticales-a4\/#primaryimage","url":"https:\/\/www.smartystore.it\/v25\/wp-content\/uploads\/2023\/05\/Espositore-porta-messaggi-con-16-20-24-32-tasche-A4-verticale-disponibile-con-piedini-fissi-o-ruote-frenanti.jpg","contentUrl":"https:\/\/www.smartystore.it\/v25\/wp-content\/uploads\/2023\/05\/Espositore-porta-messaggi-con-16-20-24-32-tasche-A4-verticale-disponibile-con-piedini-fissi-o-ruote-frenanti.jpg","width":1000,"height":1000,"caption":"Pr\u00e9sentoir de messages avec pochettes verticales A4"},{"@type":"BreadcrumbList","@id":"https:\/\/www.smartystore.it\/fr\/prodotto\/presentoir-de-messages-avec-pochettes-verticales-a4\/#breadcrumb","itemListElement":[{"@type":"ListItem","position":1,"name":"Home","item":"https:\/\/www.smartystore.it\/fr\/"},{"@type":"ListItem","position":2,"name":"Boutique","item":"https:\/\/www.smartystore.it\/fr\/boutique\/"},{"@type":"ListItem","position":3,"name":"Pr\u00e9sentoir de messages avec pochettes verticales A4"}]},{"@type":"WebSite","@id":"https:\/\/www.smartystore.it\/fr\/#website","url":"https:\/\/www.smartystore.it\/fr\/","name":"Smarty Store","description":"Espositori Pubblicitari e Sistemi di Comunicazione Visiva","potentialAction":[{"@type":"SearchAction","target":{"@type":"EntryPoint","urlTemplate":"https:\/\/www.smartystore.it\/fr\/?s={search_term_string}"},"query-input":{"@type":"PropertyValueSpecification","valueRequired":true,"valueName":"search_term_string"}}],"inLanguage":"fr-FR"}]}},"brands":[],"_links":{"self":[{"href":"https:\/\/www.smartystore.it\/fr\/wp-json\/wp\/v2\/product\/93948","targetHints":{"allow":["GET"]}}],"collection":[{"href":"https:\/\/www.smartystore.it\/fr\/wp-json\/wp\/v2\/product"}],"about":[{"href":"https:\/\/www.smartystore.it\/fr\/wp-json\/wp\/v2\/types\/product"}],"replies":[{"embeddable":true,"href":"https:\/\/www.smartystore.it\/fr\/wp-json\/wp\/v2\/comments?post=93948"}],"wp:featuredmedia":[{"embeddable":true,"href":"https:\/\/www.smartystore.it\/fr\/wp-json\/wp\/v2\/media\/93949"}],"wp:attachment":[{"href":"https:\/\/www.smartystore.it\/fr\/wp-json\/wp\/v2\/media?parent=93948"}],"wp:term":[{"taxonomy":"pwb-brand","embeddable":true,"href":"https:\/\/www.smartystore.it\/fr\/wp-json\/wp\/v2\/pwb-brand?post=93948"},{"taxonomy":"product_brand","embeddable":true,"href":"https:\/\/www.smartystore.it\/fr\/wp-json\/wp\/v2\/product_brand?post=93948"},{"taxonomy":"product_cat","embeddable":true,"href":"https:\/\/www.smartystore.it\/fr\/wp-json\/wp\/v2\/product_cat?post=93948"},{"taxonomy":"product_tag","embeddable":true,"href":"https:\/\/www.smartystore.it\/fr\/wp-json\/wp\/v2\/product_tag?post=93948"}],"curies":[{"name":"wp","href":"https:\/\/api.w.org\/{rel}","templated":true}]}}