{"id":93750,"date":"2023-08-25T12:37:08","date_gmt":"2023-08-25T10:37:08","guid":{"rendered":"https:\/\/www.smartystore.it\/prodotto\/base-du-cadre-rectangulaire-42-cm-cadre-25\/"},"modified":"2025-10-08T15:09:29","modified_gmt":"2025-10-08T13:09:29","slug":"cadre-a-pression-rectangulaire-de-42-cm","status":"publish","type":"product","link":"https:\/\/www.smartystore.it\/fr\/prodotto\/cadre-a-pression-rectangulaire-de-42-cm\/","title":{"rendered":"Cadre \u00e0 pression rectangulaire de 42 cm"},"content":{"rendered":"<div class=\"wpb-content-wrapper\"><p>[vc_row][vc_column][vc_column_text css=\u00a0\u00bb\u00a0\u00bb css_params=\u00a0\u00bb\u00a0\u00bb]<\/p>\n<h1>Cadre \u00e0 pression rectangulaire de 42 cm. Cadre 25<\/h1>\n<p>Le Cadre \u00e0 pression rectangulaire de 42 cm est un cadre \u00e0 pression. Le cadre 25 est d&rsquo;un format diff\u00e9rent de ceux que l&rsquo;on trouve g\u00e9n\u00e9ralement sur le march\u00e9. Il vous permet de vous distinguer des autres entreprises en affichant des posters\/communications aux dimensions inhabituelles.<\/p>\n<p>Vous pouvez choisir la finition du coin entre chrome rond et brillant, et la taille du cadre en fonction de la taille de l&rsquo;impression \u00e0 ins\u00e9rer entre 42&#215;70 et 42&#215;100.<\/p>\n<h2>Cadre \u00e0 pression rectangulaire de 42 cm: pour d\u00e9corer et communiquer<\/h2>\n<p>La combinaison de plusieurs formats permet de r\u00e9aliser des compositions attrayantes sur n&rsquo;importe quel mur. Par exemple, vous pouvez combiner deux cadres 42\u00d770 et un cadre horizontal 42\u00d7100 au milieu, ou vous pouvez placer 3 ou 4 cadres \u00e0 encliqueter avec une taille \u00e9chelonn\u00e9e ou des compositions mixtes avec des coins ronds et pointus.<\/p>\n<p>Les cadres sont dot\u00e9s d&rsquo;une feuille de protection en PVC antireflet pour pr\u00e9server le poster, et de trous au dos pour les fixer au mur \u00e0 l&rsquo;aide des vis et chevilles incluses dans l&#8217;emballage.<\/p>\n<p>Ils peuvent \u00eatre fix\u00e9s au mur \u00e0 la verticale ou \u00e0 l&rsquo;horizontale.<\/p>\n<h3>CARACT\u00c9RISTIQUES:<\/h3>\n<ol>\n<li>Cadre encliquetable pour une utilisation unilat\u00e9rale et une application murale.<\/li>\n<li>Ouverture : \u00e0 d\u00e9clic (\u00e9galement connue sous le nom d&rsquo;ouverture \u00ab click-clack \u00bb) pour faciliter le remplacement des moules.<\/li>\n<li>Coin : rond chrom\u00e9 ou vif (\u00e0 choisir lors de l&rsquo;achat)<\/li>\n<li>Trous au dos pour une application murale.<\/li>\n<li>Feuille de protection en PVC antireflet.<\/li>\n<li>Profil du cadre : cadre 25 (largeur du profil 25 mm).<\/li>\n<li>Mat\u00e9riau du cadre : aluminium<\/li>\n<li>Mat\u00e9riau du fond : polistyr\u00e8ne.<\/li>\n<li>Couleur : aluminium anodis\u00e9.<\/li>\n<li>Orientation : verticale\/horizontale.<\/li>\n<\/ol>\n<p>Chaque cadre est \u00e9quip\u00e9 de vis et de chevilles pour le montage mural.<\/p>\n<p>Disponible en 2 formats : 42&#215;70 cm. et 42&#215;100 cm. (\u00e0 choisir au moment de l&rsquo;achat).<\/p>\n<p>&nbsp;<\/p>\n<p style=\"text-align: center;\"><strong>Voyez les autres formats des cadres sp\u00e9ciaux d&rsquo;encliquetage en cliquant sur le lien suivant<\/strong> <strong><br \/>\n<a href=\"https:\/\/www.smartystore.it\/fr\/?s=sst-cs&amp;post_type=product\">LIEN<\/a><br \/>\n<\/strong><\/p>\n<p>&nbsp;<\/p>\n<table style=\"width: 85.5351%; border-collapse: collapse; border-style: solid; border-color: #000000; height: 125px;\" border=\"1\">\n<tbody>\n<tr style=\"height: 24px;\">\n<td style=\"width: 14.1698%; text-align: center; height: 24px;\"><strong>CODE<\/strong><\/td>\n<td style=\"width: 16.6051%; text-align: center; height: 24px;\"><strong>F.VERS L&rsquo;AFFICHE<\/strong><\/td>\n<td style=\"width: 15.393%; text-align: center; height: 24px;\"><strong>F.AU VISIBLE<\/strong><\/td>\n<td style=\"width: 16.5936%; text-align: center; height: 24px;\"><strong>TAILLE DU CADRE<\/strong><\/td>\n<td style=\"width: 11.0718%; text-align: center; height: 24px;\"><strong>CORNER CORNER<\/strong><\/td>\n<td style=\"width: 11.7018%; text-align: center; height: 24px;\"><strong>POIDS<\/strong><\/td>\n<\/tr>\n<tr style=\"height: 24px;\">\n<td style=\"width: 14.1698%; height: 25px;\"><strong>SST-CS4270<\/strong><\/td>\n<td style=\"width: 16.6051%; height: 25px; text-align: center;\">42&#215;70 cm.<\/td>\n<td style=\"width: 15.393%; height: 25px; text-align: center;\">40&#215;68 cm.<\/td>\n<td style=\"width: 16.5936%; height: 25px; text-align: center;\">45&#215;73 cm.<\/td>\n<td style=\"width: 11.0718%; text-align: center; height: 25px;\">Rond\/Vivo<\/td>\n<td style=\"width: 11.7018%; height: 25px; text-align: center;\">1,70 kg<\/td>\n<\/tr>\n<tr style=\"height: 28px;\">\n<td style=\"width: 14.1698%; height: 28px;\"><strong>SST-CS42100<\/strong><\/td>\n<td style=\"width: 16.6051%; text-align: center; height: 28px;\">42&#215;100 cm.<\/td>\n<td style=\"width: 15.393%; text-align: center; height: 28px;\">40&#215;98 cm.<\/td>\n<td style=\"width: 16.5936%; text-align: center; height: 28px;\">45&#215;103 cm.<\/td>\n<td style=\"width: 11.0718%; text-align: center; height: 28px;\">Rond\/Vivo<\/td>\n<td style=\"width: 11.7018%; text-align: center; height: 28px;\">1.90 Kg<\/td>\n<\/tr>\n<\/tbody>\n<\/table>\n<p>&nbsp;<\/p>\n<table style=\"width: 34.1698%; border-collapse: collapse; border-style: double; border-color: #f7a500;\">\n<tbody>\n<tr>\n<td style=\"width: 2.25225%; border-style: double; border-color: #f7a500;\"><a href=\"https:\/\/www.smartystore.it\/wp-content\/uploads\/2023\/08\/SST-CS4270-42100.pdf\" target=\"_blank\" rel=\"noopener\"><img loading=\"lazy\" decoding=\"async\" class=\"aligncenter wp-image-31489\" style=\"vertical-align: middle;\" src=\"https:\/\/www.smartystore.it\/wp-content\/uploads\/2013\/05\/freccia-scarica.jpg\" alt=\"\" width=\"30\" height=\"30\" \/><\/a><\/td>\n<td style=\"width: 5.41755%; border-style: double; border-color: #f7a500;\"><a href=\"https:\/\/www.smartystore.it\/wp-content\/uploads\/2023\/08\/SST-CS4270-42100.pdf\" target=\"_blank\" rel=\"noopener\"><strong>FICHE TECHNIQUE<\/strong><\/a><\/td>\n<\/tr>\n<\/tbody>\n<\/table>\n<p>[\/vc_column_text][\/vc_column][\/vc_row]<\/p>\n<\/div>","protected":false},"excerpt":{"rendered":"<p>Cadre rectangulaire \u00e0 clipser de 42 cm de base. Profil de 25 mm et coins chrom\u00e9s ou arrondis. Disponible en diff\u00e9rents formats.  <\/p>\n","protected":false},"featured_media":93751,"comment_status":"open","ping_status":"closed","template":"","meta":{"_acf_changed":false},"pwb-brand":[],"product_brand":[3872],"product_cat":[3008,2912],"product_tag":[5223,5222,5000,5202,5221,4996,5226,5183,5004,5224,5001,5028,4998,5225,5181,4995,4999],"class_list":{"0":"post-93750","1":"product","2":"type-product","3":"status-publish","4":"has-post-thumbnail","6":"product_brand-smartystore","7":"product_cat-cadres-clic-clac","8":"product_cat-cadres-instantanes","9":"product_tag-cadre-click-clac-42x70","10":"product_tag-cadre-daffichage-42x100","11":"product_tag-cadre-dencliquetage-horizontal-et-vertical","12":"product_tag-cadre-dencliquetage-non-standard","13":"product_tag-cadre-en-aluminium-42x70","14":"product_tag-cadre-mural-encliquetable","15":"product_tag-cadres-a-clipser-moins-chers","16":"product_tag-cadres-a-encliqueter-a-coins-ronds","17":"product_tag-cadres-click-clac-a-coins-ronds","18":"product_tag-cadres-click-clack-42x70","19":"product_tag-cadres-de-messages-encliquetables","20":"product_tag-cadres-de-qualite-a-prix-reduit","21":"product_tag-cadres-muraux-encliquetables","22":"product_tag-cadres-photo-encliquetables-42x100","23":"product_tag-cadres-rectangulaires-a-pression","24":"product_tag-cadres-snap-a-bas-prix","25":"product_tag-des-cadres-a-prix-abordables","26":"pa_c2c_angolo-rond","27":"pa_c2c_angolo-vif","28":"pa_c2c_color-argent","29":"pa_c2c_dimensione-cm-42x100","30":"pa_c2c_dimensione-cm-42x70-fr","31":"pa_c2c_mono_bifacciale-simple-face","32":"pa_c2c_orientamento-horizontal","33":"pa_c2c_orientamento-verticale","34":"pa_c2c_trovraprezzi-oui","35":"pa_forma-rectangulaire","37":"first","38":"instock","39":"taxable","40":"shipping-taxable","41":"purchasable","42":"product-type-variable"},"acf":[],"yoast_head":"<!-- This site is optimized with the Yoast SEO plugin v27.4 - https:\/\/yoast.com\/product\/yoast-seo-wordpress\/ -->\n<title>Cadre \u00e0 pression rectangulaire de 42 cm - Achetez au meilleur prix<\/title>\n<meta name=\"description\" content=\"Cadre \u00e0 pression rectangulaire de 42 cm. Cadre 25 pour montage mural avec angles ronds ou aigus chrom\u00e9s et pvc anti-reflets. Disponible en diff\u00e9rents formats.\" \/>\n<meta name=\"robots\" content=\"index, follow, max-snippet:-1, max-image-preview:large, max-video-preview:-1\" \/>\n<link rel=\"canonical\" href=\"https:\/\/www.smartystore.it\/fr\/prodotto\/cadre-a-pression-rectangulaire-de-42-cm\/\" \/>\n<meta property=\"og:locale\" content=\"fr_FR\" \/>\n<meta property=\"og:type\" content=\"article\" \/>\n<meta property=\"og:title\" content=\"Cadre \u00e0 pression rectangulaire de 42 cm - Achetez au meilleur prix\" \/>\n<meta property=\"og:description\" content=\"Cadre \u00e0 pression rectangulaire de 42 cm. Cadre 25 pour montage mural avec angles ronds ou aigus chrom\u00e9s et pvc anti-reflets. Disponible en diff\u00e9rents formats.\" \/>\n<meta property=\"og:url\" content=\"https:\/\/www.smartystore.it\/fr\/prodotto\/cadre-a-pression-rectangulaire-de-42-cm\/\" \/>\n<meta property=\"og:site_name\" content=\"Smarty Store\" \/>\n<meta property=\"article:modified_time\" content=\"2025-10-08T13:09:29+00:00\" \/>\n<meta property=\"og:image\" content=\"https:\/\/www.smartystore.it\/v25\/wp-content\/uploads\/2023\/08\/Cornice-a-scatto-rettangolare-base-42-cm-frame-25-angolo-tondo-angolo-vivo-42x70-42x100-1.jpg\" \/>\n\t<meta property=\"og:image:width\" content=\"1000\" \/>\n\t<meta property=\"og:image:height\" content=\"1000\" \/>\n\t<meta property=\"og:image:type\" content=\"image\/jpeg\" \/>\n<meta name=\"twitter:card\" content=\"summary_large_image\" \/>\n<meta name=\"twitter:label1\" content=\"Dur\u00e9e de lecture estim\u00e9e\" \/>\n\t<meta name=\"twitter:data1\" content=\"3 minutes\" \/>\n<script type=\"application\/ld+json\" class=\"yoast-schema-graph\">{\"@context\":\"https:\\\/\\\/schema.org\",\"@graph\":[{\"@type\":\"WebPage\",\"@id\":\"https:\\\/\\\/www.smartystore.it\\\/fr\\\/prodotto\\\/cadre-a-pression-rectangulaire-de-42-cm\\\/\",\"url\":\"https:\\\/\\\/www.smartystore.it\\\/fr\\\/prodotto\\\/cadre-a-pression-rectangulaire-de-42-cm\\\/\",\"name\":\"Cadre \u00e0 pression rectangulaire de 42 cm - Achetez au meilleur prix\",\"isPartOf\":{\"@id\":\"https:\\\/\\\/www.smartystore.it\\\/fr\\\/#website\"},\"primaryImageOfPage\":{\"@id\":\"https:\\\/\\\/www.smartystore.it\\\/fr\\\/prodotto\\\/cadre-a-pression-rectangulaire-de-42-cm\\\/#primaryimage\"},\"image\":{\"@id\":\"https:\\\/\\\/www.smartystore.it\\\/fr\\\/prodotto\\\/cadre-a-pression-rectangulaire-de-42-cm\\\/#primaryimage\"},\"thumbnailUrl\":\"https:\\\/\\\/www.smartystore.it\\\/v25\\\/wp-content\\\/uploads\\\/2023\\\/08\\\/Cornice-a-scatto-rettangolare-base-42-cm-frame-25-angolo-tondo-angolo-vivo-42x70-42x100-1.jpg\",\"datePublished\":\"2023-08-25T10:37:08+00:00\",\"dateModified\":\"2025-10-08T13:09:29+00:00\",\"description\":\"Cadre \u00e0 pression rectangulaire de 42 cm. Cadre 25 pour montage mural avec angles ronds ou aigus chrom\u00e9s et pvc anti-reflets. Disponible en diff\u00e9rents formats.\",\"breadcrumb\":{\"@id\":\"https:\\\/\\\/www.smartystore.it\\\/fr\\\/prodotto\\\/cadre-a-pression-rectangulaire-de-42-cm\\\/#breadcrumb\"},\"inLanguage\":\"fr-FR\",\"potentialAction\":[{\"@type\":\"ReadAction\",\"target\":[\"https:\\\/\\\/www.smartystore.it\\\/fr\\\/prodotto\\\/cadre-a-pression-rectangulaire-de-42-cm\\\/\"]}]},{\"@type\":\"ImageObject\",\"inLanguage\":\"fr-FR\",\"@id\":\"https:\\\/\\\/www.smartystore.it\\\/fr\\\/prodotto\\\/cadre-a-pression-rectangulaire-de-42-cm\\\/#primaryimage\",\"url\":\"https:\\\/\\\/www.smartystore.it\\\/v25\\\/wp-content\\\/uploads\\\/2023\\\/08\\\/Cornice-a-scatto-rettangolare-base-42-cm-frame-25-angolo-tondo-angolo-vivo-42x70-42x100-1.jpg\",\"contentUrl\":\"https:\\\/\\\/www.smartystore.it\\\/v25\\\/wp-content\\\/uploads\\\/2023\\\/08\\\/Cornice-a-scatto-rettangolare-base-42-cm-frame-25-angolo-tondo-angolo-vivo-42x70-42x100-1.jpg\",\"width\":1000,\"height\":1000,\"caption\":\"Cadre \u00e0 pression rectangulaire de 42 cm 42x70 42x100\"},{\"@type\":\"BreadcrumbList\",\"@id\":\"https:\\\/\\\/www.smartystore.it\\\/fr\\\/prodotto\\\/cadre-a-pression-rectangulaire-de-42-cm\\\/#breadcrumb\",\"itemListElement\":[{\"@type\":\"ListItem\",\"position\":1,\"name\":\"Home\",\"item\":\"https:\\\/\\\/www.smartystore.it\\\/fr\\\/\"},{\"@type\":\"ListItem\",\"position\":2,\"name\":\"Boutique\",\"item\":\"https:\\\/\\\/www.smartystore.it\\\/fr\\\/boutique\\\/\"},{\"@type\":\"ListItem\",\"position\":3,\"name\":\"Cadre \u00e0 pression rectangulaire de 42 cm\"}]},{\"@type\":\"WebSite\",\"@id\":\"https:\\\/\\\/www.smartystore.it\\\/fr\\\/#website\",\"url\":\"https:\\\/\\\/www.smartystore.it\\\/fr\\\/\",\"name\":\"Smarty Store\",\"description\":\"Espositori Pubblicitari e Sistemi di Comunicazione Visiva\",\"potentialAction\":[{\"@type\":\"SearchAction\",\"target\":{\"@type\":\"EntryPoint\",\"urlTemplate\":\"https:\\\/\\\/www.smartystore.it\\\/fr\\\/?s={search_term_string}\"},\"query-input\":{\"@type\":\"PropertyValueSpecification\",\"valueRequired\":true,\"valueName\":\"search_term_string\"}}],\"inLanguage\":\"fr-FR\"}]}<\/script>\n<!-- \/ Yoast SEO plugin. -->","yoast_head_json":{"title":"Cadre \u00e0 pression rectangulaire de 42 cm - Achetez au meilleur prix","description":"Cadre \u00e0 pression rectangulaire de 42 cm. Cadre 25 pour montage mural avec angles ronds ou aigus chrom\u00e9s et pvc anti-reflets. Disponible en diff\u00e9rents formats.","robots":{"index":"index","follow":"follow","max-snippet":"max-snippet:-1","max-image-preview":"max-image-preview:large","max-video-preview":"max-video-preview:-1"},"canonical":"https:\/\/www.smartystore.it\/fr\/prodotto\/cadre-a-pression-rectangulaire-de-42-cm\/","og_locale":"fr_FR","og_type":"article","og_title":"Cadre \u00e0 pression rectangulaire de 42 cm - Achetez au meilleur prix","og_description":"Cadre \u00e0 pression rectangulaire de 42 cm. Cadre 25 pour montage mural avec angles ronds ou aigus chrom\u00e9s et pvc anti-reflets. Disponible en diff\u00e9rents formats.","og_url":"https:\/\/www.smartystore.it\/fr\/prodotto\/cadre-a-pression-rectangulaire-de-42-cm\/","og_site_name":"Smarty Store","article_modified_time":"2025-10-08T13:09:29+00:00","og_image":[{"width":1000,"height":1000,"url":"https:\/\/www.smartystore.it\/v25\/wp-content\/uploads\/2023\/08\/Cornice-a-scatto-rettangolare-base-42-cm-frame-25-angolo-tondo-angolo-vivo-42x70-42x100-1.jpg","type":"image\/jpeg"}],"twitter_card":"summary_large_image","twitter_misc":{"Dur\u00e9e de lecture estim\u00e9e":"3 minutes"},"schema":{"@context":"https:\/\/schema.org","@graph":[{"@type":"WebPage","@id":"https:\/\/www.smartystore.it\/fr\/prodotto\/cadre-a-pression-rectangulaire-de-42-cm\/","url":"https:\/\/www.smartystore.it\/fr\/prodotto\/cadre-a-pression-rectangulaire-de-42-cm\/","name":"Cadre \u00e0 pression rectangulaire de 42 cm - Achetez au meilleur prix","isPartOf":{"@id":"https:\/\/www.smartystore.it\/fr\/#website"},"primaryImageOfPage":{"@id":"https:\/\/www.smartystore.it\/fr\/prodotto\/cadre-a-pression-rectangulaire-de-42-cm\/#primaryimage"},"image":{"@id":"https:\/\/www.smartystore.it\/fr\/prodotto\/cadre-a-pression-rectangulaire-de-42-cm\/#primaryimage"},"thumbnailUrl":"https:\/\/www.smartystore.it\/v25\/wp-content\/uploads\/2023\/08\/Cornice-a-scatto-rettangolare-base-42-cm-frame-25-angolo-tondo-angolo-vivo-42x70-42x100-1.jpg","datePublished":"2023-08-25T10:37:08+00:00","dateModified":"2025-10-08T13:09:29+00:00","description":"Cadre \u00e0 pression rectangulaire de 42 cm. Cadre 25 pour montage mural avec angles ronds ou aigus chrom\u00e9s et pvc anti-reflets. Disponible en diff\u00e9rents formats.","breadcrumb":{"@id":"https:\/\/www.smartystore.it\/fr\/prodotto\/cadre-a-pression-rectangulaire-de-42-cm\/#breadcrumb"},"inLanguage":"fr-FR","potentialAction":[{"@type":"ReadAction","target":["https:\/\/www.smartystore.it\/fr\/prodotto\/cadre-a-pression-rectangulaire-de-42-cm\/"]}]},{"@type":"ImageObject","inLanguage":"fr-FR","@id":"https:\/\/www.smartystore.it\/fr\/prodotto\/cadre-a-pression-rectangulaire-de-42-cm\/#primaryimage","url":"https:\/\/www.smartystore.it\/v25\/wp-content\/uploads\/2023\/08\/Cornice-a-scatto-rettangolare-base-42-cm-frame-25-angolo-tondo-angolo-vivo-42x70-42x100-1.jpg","contentUrl":"https:\/\/www.smartystore.it\/v25\/wp-content\/uploads\/2023\/08\/Cornice-a-scatto-rettangolare-base-42-cm-frame-25-angolo-tondo-angolo-vivo-42x70-42x100-1.jpg","width":1000,"height":1000,"caption":"Cadre \u00e0 pression rectangulaire de 42 cm 42x70 42x100"},{"@type":"BreadcrumbList","@id":"https:\/\/www.smartystore.it\/fr\/prodotto\/cadre-a-pression-rectangulaire-de-42-cm\/#breadcrumb","itemListElement":[{"@type":"ListItem","position":1,"name":"Home","item":"https:\/\/www.smartystore.it\/fr\/"},{"@type":"ListItem","position":2,"name":"Boutique","item":"https:\/\/www.smartystore.it\/fr\/boutique\/"},{"@type":"ListItem","position":3,"name":"Cadre \u00e0 pression rectangulaire de 42 cm"}]},{"@type":"WebSite","@id":"https:\/\/www.smartystore.it\/fr\/#website","url":"https:\/\/www.smartystore.it\/fr\/","name":"Smarty Store","description":"Espositori Pubblicitari e Sistemi di Comunicazione Visiva","potentialAction":[{"@type":"SearchAction","target":{"@type":"EntryPoint","urlTemplate":"https:\/\/www.smartystore.it\/fr\/?s={search_term_string}"},"query-input":{"@type":"PropertyValueSpecification","valueRequired":true,"valueName":"search_term_string"}}],"inLanguage":"fr-FR"}]}},"brands":[],"_links":{"self":[{"href":"https:\/\/www.smartystore.it\/fr\/wp-json\/wp\/v2\/product\/93750","targetHints":{"allow":["GET"]}}],"collection":[{"href":"https:\/\/www.smartystore.it\/fr\/wp-json\/wp\/v2\/product"}],"about":[{"href":"https:\/\/www.smartystore.it\/fr\/wp-json\/wp\/v2\/types\/product"}],"replies":[{"embeddable":true,"href":"https:\/\/www.smartystore.it\/fr\/wp-json\/wp\/v2\/comments?post=93750"}],"wp:featuredmedia":[{"embeddable":true,"href":"https:\/\/www.smartystore.it\/fr\/wp-json\/wp\/v2\/media\/93751"}],"wp:attachment":[{"href":"https:\/\/www.smartystore.it\/fr\/wp-json\/wp\/v2\/media?parent=93750"}],"wp:term":[{"taxonomy":"pwb-brand","embeddable":true,"href":"https:\/\/www.smartystore.it\/fr\/wp-json\/wp\/v2\/pwb-brand?post=93750"},{"taxonomy":"product_brand","embeddable":true,"href":"https:\/\/www.smartystore.it\/fr\/wp-json\/wp\/v2\/product_brand?post=93750"},{"taxonomy":"product_cat","embeddable":true,"href":"https:\/\/www.smartystore.it\/fr\/wp-json\/wp\/v2\/product_cat?post=93750"},{"taxonomy":"product_tag","embeddable":true,"href":"https:\/\/www.smartystore.it\/fr\/wp-json\/wp\/v2\/product_tag?post=93750"}],"curies":[{"name":"wp","href":"https:\/\/api.w.org\/{rel}","templated":true}]}}