{"id":93742,"date":"2023-08-25T17:21:38","date_gmt":"2023-08-25T15:21:38","guid":{"rendered":"https:\/\/www.smartystore.it\/prodotto\/cadre-rectangulaire-a-clipser-base-50-cm-cadre-25\/"},"modified":"2025-10-08T14:50:30","modified_gmt":"2025-10-08T12:50:30","slug":"cadre-rectangulaire-a-clipser-base-50-cm-cadre-25","status":"publish","type":"product","link":"https:\/\/www.smartystore.it\/fr\/prodotto\/cadre-rectangulaire-a-clipser-base-50-cm-cadre-25\/","title":{"rendered":"Cadre \u00e0 pression rectangulaire de 50 cm"},"content":{"rendered":"<div class=\"wpb-content-wrapper\"><p>[vc_row][vc_column][vc_column_text css=\u00a0\u00bb\u00a0\u00bb css_params=\u00a0\u00bb\u00a0\u00bb]<\/p>\n<h1>Cadre rectangulaire \u00e0 clipser, base 50 cm. Cadre 25 <\/h1>\n<p>Le cadre \u00e0 base rectangulaire de 50 cm est un cadre \u00e0 pression. Le cadre 25 est d&rsquo;un format diff\u00e9rent de ceux que l&rsquo;on trouve g\u00e9n\u00e9ralement sur le march\u00e9. Il vous permet de vous distinguer des autres entreprises en affichant des posters\/communications aux dimensions inhabituelles.  <\/p>\n<p>Vous pouvez choisir la finition de l&rsquo;angle entre un angle rond chrom\u00e9 et un angle vif pour le cadre pouvant accueillir des tirages de 50&#215;100 cm.<\/p>\n<h2>Cadre rectangulaire de 50 cm : Communiquez et d\u00e9corez avec fantaisie<\/h2>\n<p>La combinaison de plusieurs formats permet de r\u00e9aliser des compositions attrayantes sur n&rsquo;importe quel mur. Par exemple, vous pouvez combiner deux cadres 50\u00d7100 et un cadre 50\u00d750 au milieu, ou vous pouvez placer 3 ou 4 cadres encliquetables avec des dimensions r\u00e9duites ou des compositions mixtes avec des angles ronds et des angles vifs. <\/p>\n<p>Le cadre Snap Frame est dot\u00e9 d&rsquo;une feuille de protection en PVC antireflet pour pr\u00e9server le poster, et de trous au dos pour le fixer au mur \u00e0 l&rsquo;aide des vis et chevilles incluses dans l&#8217;emballage.<\/p>\n<p>Ils peuvent \u00eatre fix\u00e9s au mur \u00e0 la verticale ou \u00e0 l&rsquo;horizontale.<\/p>\n<h3>CARACT\u00c9RISTIQUES:<\/h3>\n<ol>\n<li>Cadre encliquetable pour une utilisation unilat\u00e9rale et une application murale.<\/li>\n<li>Ouverture : \u00e0 d\u00e9clic (\u00e9galement appel\u00e9e ouverture \u00ab clic-clac \u00bb) pour faciliter le remplacement du moule.<\/li>\n<li>Coin : rond chrom\u00e9 ou vif (\u00e0 choisir lors de l&rsquo;achat)<\/li>\n<li>Trous au dos pour une application murale.<\/li>\n<li>Feuille de protection en PVC antireflet.<\/li>\n<li>Profil du cadre : cadre 25 (largeur du profil 25 mm).<\/li>\n<li>Mat\u00e9riau du cadre : aluminium<\/li>\n<li>Mat\u00e9riau du fond : polistyr\u00e8ne.<\/li>\n<li>Couleur : aluminium anodis\u00e9.<\/li>\n<li>Orientation : verticale\/horizontale.<\/li>\n<\/ol>\n<p>Chaque cadre est \u00e9quip\u00e9 d&rsquo;ancrages muraux.<\/p>\n<p>Format disponible : 50&#215;100 cm.<\/p>\n<p>&nbsp;<\/p>\n<p style=\"text-align: center;\"><strong>Voyez les autres formats des cadres sp\u00e9ciaux d&rsquo;encliquetage en cliquant sur le lien suivant<\/strong> <strong><br \/>\n  <a href=\"https:\/\/www.smartystore.it\/fr\/?s=sst-cs&amp;post_type=product\">LIEN<\/a><br \/>\n<\/strong><\/p>\n<p>&nbsp;<\/p>\n<table style=\"width: 85.5351%; border-collapse: collapse; border-style: solid; border-color: #000000; height: 125px;\" border=\"1\">\n<tbody>\n<tr style=\"height: 24px;\">\n<td style=\"width: 14.1698%; text-align: center; height: 24px;\"><strong>CODE<\/strong><\/td>\n<td style=\"width: 16.6051%; text-align: center; height: 24px;\"><strong>F.VERS L&rsquo;AFFICHE<\/strong><\/td>\n<td style=\"width: 15.393%; text-align: center; height: 24px;\"><strong>F.AU VISIBLE<\/strong><\/td>\n<td style=\"width: 16.5936%; text-align: center; height: 24px;\"><strong>TAILLE DU CADRE<\/strong><\/td>\n<td style=\"width: 11.0718%; text-align: center; height: 24px;\"><strong>COIN DE CADRE<\/strong><\/td>\n<td style=\"width: 11.7018%; text-align: center; height: 24px;\"><strong>POIDS<\/strong><\/td>\n<\/tr>\n<tr style=\"height: 28px;\">\n<td style=\"width: 14.1698%; height: 28px;\"><strong>SST-CS50100<\/strong><\/td>\n<td style=\"width: 16.6051%; text-align: center; height: 28px;\">50&#215;100 cm.<\/td>\n<td style=\"width: 15.393%; text-align: center; height: 28px;\">48&#215;98 cm.<\/td>\n<td style=\"width: 16.5936%; text-align: center; height: 28px;\">53&#215;103 cm.<\/td>\n<td style=\"width: 11.0718%; text-align: center; height: 28px;\">Rond\/Vivo<\/td>\n<td style=\"width: 11.7018%; text-align: center; height: 28px;\">1.90 Kg<\/td>\n<\/tr>\n<\/tbody>\n<\/table>\n<p>&nbsp;<\/p>\n<table style=\"width: 34.1698%; border-collapse: collapse; border-style: double; border-color: #f7a500;\">\n<tbody>\n<tr>\n<td style=\"width: 2.25225%; border-style: double; border-color: #f7a500;\"><img loading=\"lazy\" decoding=\"async\" class=\"aligncenter wp-image-31489\" style=\"vertical-align: middle;\" src=\"https:\/\/www.smartystore.it\/wp-content\/uploads\/2013\/05\/freccia-scarica.jpg\" alt=\"\" width=\"30\" height=\"30\"><\/td>\n<td style=\"width: 5.41755%; border-style: double; border-color: #f7a500;\"><strong>FICHE TECHNIQUE<\/strong><\/td>\n<\/tr>\n<\/tbody>\n<\/table>\n<p>&nbsp;[\/vc_column_text][\/vc_column][\/vc_row]<\/p>\n<\/div>","protected":false},"excerpt":{"rendered":"<p>Cadre rectangulaire de base 50 cm. Profil\u00e9 de 25 mm avec coins arrondis chrom\u00e9s ou pointus. Disponible au format 50&#215;100 cm.<\/p>\n","protected":false},"featured_media":93743,"comment_status":"open","ping_status":"closed","template":"","meta":{"_acf_changed":false},"pwb-brand":[],"product_brand":[3872],"product_cat":[3008,2912],"product_tag":[5238,5240,5239,5000,5202,4996,5226,5183,5004,5241,5001,5028,4998,5242,5181,4995,4999],"class_list":{"0":"post-93742","1":"product","2":"type-product","3":"status-publish","4":"has-post-thumbnail","6":"product_brand-smartystore","7":"product_cat-cadres-clic-clac","8":"product_cat-cadres-instantanes","9":"product_tag-cadre-a-clipser-en-aluminium-50x100","10":"product_tag-cadre-click-clac-50x100","11":"product_tag-cadre-daffichage-50x100","12":"product_tag-cadre-dencliquetage-horizontal-et-vertical","13":"product_tag-cadre-dencliquetage-non-standard","14":"product_tag-cadre-mural-encliquetable","15":"product_tag-cadres-a-clipser-moins-chers","16":"product_tag-cadres-a-encliqueter-a-coins-ronds","17":"product_tag-cadres-click-clac-a-coins-ronds","18":"product_tag-cadres-click-clack-50x100","19":"product_tag-cadres-de-messages-encliquetables","20":"product_tag-cadres-de-qualite-a-prix-reduit","21":"product_tag-cadres-muraux-encliquetables","22":"product_tag-cadres-pour-photos-50x100","23":"product_tag-cadres-rectangulaires-a-pression","24":"product_tag-cadres-snap-a-bas-prix","25":"product_tag-des-cadres-a-prix-abordables","26":"pa_c2c_angolo-rond","27":"pa_c2c_angolo-vif","28":"pa_c2c_color-argent","29":"pa_c2c_dimensione-cm-50x100-fr","30":"pa_c2c_mono_bifacciale-simple-face","31":"pa_c2c_orientamento-horizontal","32":"pa_c2c_orientamento-verticale","33":"pa_c2c_trovraprezzi-oui","34":"pa_forma-rectangulaire","36":"first","37":"instock","38":"taxable","39":"shipping-taxable","40":"purchasable","41":"product-type-variable"},"acf":[],"yoast_head":"<!-- This site is optimized with the Yoast SEO plugin v27.4 - https:\/\/yoast.com\/product\/yoast-seo-wordpress\/ -->\n<title>Cadre \u00e0 pression rectangulaire de 50 cm - Achetez au meilleur prix<\/title>\n<meta name=\"description\" content=\"Cadre rectangulaire \u00e0 encliqueter, base 50 cm. Cadre 25 pour montage mural avec coins ronds ou pointus chrom\u00e9s et pvc anti-reflets. Disponible en format 50x100 cm.\" \/>\n<meta name=\"robots\" content=\"index, follow, max-snippet:-1, max-image-preview:large, max-video-preview:-1\" \/>\n<link rel=\"canonical\" href=\"https:\/\/www.smartystore.it\/fr\/prodotto\/cadre-rectangulaire-a-clipser-base-50-cm-cadre-25\/\" \/>\n<meta property=\"og:locale\" content=\"fr_FR\" \/>\n<meta property=\"og:type\" content=\"article\" \/>\n<meta property=\"og:title\" content=\"Cadre \u00e0 pression rectangulaire de 50 cm - Achetez au meilleur prix\" \/>\n<meta property=\"og:description\" content=\"Cadre rectangulaire \u00e0 encliqueter, base 50 cm. Cadre 25 pour montage mural avec coins ronds ou pointus chrom\u00e9s et pvc anti-reflets. Disponible en format 50x100 cm.\" \/>\n<meta property=\"og:url\" content=\"https:\/\/www.smartystore.it\/fr\/prodotto\/cadre-rectangulaire-a-clipser-base-50-cm-cadre-25\/\" \/>\n<meta property=\"og:site_name\" content=\"Smarty Store\" \/>\n<meta property=\"article:modified_time\" content=\"2025-10-08T12:50:30+00:00\" \/>\n<meta property=\"og:image\" content=\"https:\/\/www.smartystore.it\/v25\/wp-content\/uploads\/2023\/08\/Cornice-a-scatto-rettangolare-base-50-cm-frame-25-angolo-tondo-angolo-vivo-50x100-1.jpg\" \/>\n\t<meta property=\"og:image:width\" content=\"1000\" \/>\n\t<meta property=\"og:image:height\" content=\"1000\" \/>\n\t<meta property=\"og:image:type\" content=\"image\/jpeg\" \/>\n<meta name=\"twitter:card\" content=\"summary_large_image\" \/>\n<meta name=\"twitter:label1\" content=\"Dur\u00e9e de lecture estim\u00e9e\" \/>\n\t<meta name=\"twitter:data1\" content=\"3 minutes\" \/>\n<script type=\"application\/ld+json\" class=\"yoast-schema-graph\">{\"@context\":\"https:\\\/\\\/schema.org\",\"@graph\":[{\"@type\":\"WebPage\",\"@id\":\"https:\\\/\\\/www.smartystore.it\\\/fr\\\/prodotto\\\/cadre-rectangulaire-a-clipser-base-50-cm-cadre-25\\\/\",\"url\":\"https:\\\/\\\/www.smartystore.it\\\/fr\\\/prodotto\\\/cadre-rectangulaire-a-clipser-base-50-cm-cadre-25\\\/\",\"name\":\"Cadre \u00e0 pression rectangulaire de 50 cm - Achetez au meilleur prix\",\"isPartOf\":{\"@id\":\"https:\\\/\\\/www.smartystore.it\\\/fr\\\/#website\"},\"primaryImageOfPage\":{\"@id\":\"https:\\\/\\\/www.smartystore.it\\\/fr\\\/prodotto\\\/cadre-rectangulaire-a-clipser-base-50-cm-cadre-25\\\/#primaryimage\"},\"image\":{\"@id\":\"https:\\\/\\\/www.smartystore.it\\\/fr\\\/prodotto\\\/cadre-rectangulaire-a-clipser-base-50-cm-cadre-25\\\/#primaryimage\"},\"thumbnailUrl\":\"https:\\\/\\\/www.smartystore.it\\\/v25\\\/wp-content\\\/uploads\\\/2023\\\/08\\\/Cornice-a-scatto-rettangolare-base-50-cm-frame-25-angolo-tondo-angolo-vivo-50x100-1.jpg\",\"datePublished\":\"2023-08-25T15:21:38+00:00\",\"dateModified\":\"2025-10-08T12:50:30+00:00\",\"description\":\"Cadre rectangulaire \u00e0 encliqueter, base 50 cm. Cadre 25 pour montage mural avec coins ronds ou pointus chrom\u00e9s et pvc anti-reflets. Disponible en format 50x100 cm.\",\"breadcrumb\":{\"@id\":\"https:\\\/\\\/www.smartystore.it\\\/fr\\\/prodotto\\\/cadre-rectangulaire-a-clipser-base-50-cm-cadre-25\\\/#breadcrumb\"},\"inLanguage\":\"fr-FR\",\"potentialAction\":[{\"@type\":\"ReadAction\",\"target\":[\"https:\\\/\\\/www.smartystore.it\\\/fr\\\/prodotto\\\/cadre-rectangulaire-a-clipser-base-50-cm-cadre-25\\\/\"]}]},{\"@type\":\"ImageObject\",\"inLanguage\":\"fr-FR\",\"@id\":\"https:\\\/\\\/www.smartystore.it\\\/fr\\\/prodotto\\\/cadre-rectangulaire-a-clipser-base-50-cm-cadre-25\\\/#primaryimage\",\"url\":\"https:\\\/\\\/www.smartystore.it\\\/v25\\\/wp-content\\\/uploads\\\/2023\\\/08\\\/Cornice-a-scatto-rettangolare-base-50-cm-frame-25-angolo-tondo-angolo-vivo-50x100-1.jpg\",\"contentUrl\":\"https:\\\/\\\/www.smartystore.it\\\/v25\\\/wp-content\\\/uploads\\\/2023\\\/08\\\/Cornice-a-scatto-rettangolare-base-50-cm-frame-25-angolo-tondo-angolo-vivo-50x100-1.jpg\",\"width\":1000,\"height\":1000,\"caption\":\"Cadre \u00e0 pression rectangulaire de 50 cm 50x100\"},{\"@type\":\"BreadcrumbList\",\"@id\":\"https:\\\/\\\/www.smartystore.it\\\/fr\\\/prodotto\\\/cadre-rectangulaire-a-clipser-base-50-cm-cadre-25\\\/#breadcrumb\",\"itemListElement\":[{\"@type\":\"ListItem\",\"position\":1,\"name\":\"Home\",\"item\":\"https:\\\/\\\/www.smartystore.it\\\/fr\\\/\"},{\"@type\":\"ListItem\",\"position\":2,\"name\":\"Boutique\",\"item\":\"https:\\\/\\\/www.smartystore.it\\\/fr\\\/boutique\\\/\"},{\"@type\":\"ListItem\",\"position\":3,\"name\":\"Cadre \u00e0 pression rectangulaire de 50 cm\"}]},{\"@type\":\"WebSite\",\"@id\":\"https:\\\/\\\/www.smartystore.it\\\/fr\\\/#website\",\"url\":\"https:\\\/\\\/www.smartystore.it\\\/fr\\\/\",\"name\":\"Smarty Store\",\"description\":\"Espositori Pubblicitari e Sistemi di Comunicazione Visiva\",\"potentialAction\":[{\"@type\":\"SearchAction\",\"target\":{\"@type\":\"EntryPoint\",\"urlTemplate\":\"https:\\\/\\\/www.smartystore.it\\\/fr\\\/?s={search_term_string}\"},\"query-input\":{\"@type\":\"PropertyValueSpecification\",\"valueRequired\":true,\"valueName\":\"search_term_string\"}}],\"inLanguage\":\"fr-FR\"}]}<\/script>\n<!-- \/ Yoast SEO plugin. -->","yoast_head_json":{"title":"Cadre \u00e0 pression rectangulaire de 50 cm - Achetez au meilleur prix","description":"Cadre rectangulaire \u00e0 encliqueter, base 50 cm. Cadre 25 pour montage mural avec coins ronds ou pointus chrom\u00e9s et pvc anti-reflets. Disponible en format 50x100 cm.","robots":{"index":"index","follow":"follow","max-snippet":"max-snippet:-1","max-image-preview":"max-image-preview:large","max-video-preview":"max-video-preview:-1"},"canonical":"https:\/\/www.smartystore.it\/fr\/prodotto\/cadre-rectangulaire-a-clipser-base-50-cm-cadre-25\/","og_locale":"fr_FR","og_type":"article","og_title":"Cadre \u00e0 pression rectangulaire de 50 cm - Achetez au meilleur prix","og_description":"Cadre rectangulaire \u00e0 encliqueter, base 50 cm. Cadre 25 pour montage mural avec coins ronds ou pointus chrom\u00e9s et pvc anti-reflets. Disponible en format 50x100 cm.","og_url":"https:\/\/www.smartystore.it\/fr\/prodotto\/cadre-rectangulaire-a-clipser-base-50-cm-cadre-25\/","og_site_name":"Smarty Store","article_modified_time":"2025-10-08T12:50:30+00:00","og_image":[{"width":1000,"height":1000,"url":"https:\/\/www.smartystore.it\/v25\/wp-content\/uploads\/2023\/08\/Cornice-a-scatto-rettangolare-base-50-cm-frame-25-angolo-tondo-angolo-vivo-50x100-1.jpg","type":"image\/jpeg"}],"twitter_card":"summary_large_image","twitter_misc":{"Dur\u00e9e de lecture estim\u00e9e":"3 minutes"},"schema":{"@context":"https:\/\/schema.org","@graph":[{"@type":"WebPage","@id":"https:\/\/www.smartystore.it\/fr\/prodotto\/cadre-rectangulaire-a-clipser-base-50-cm-cadre-25\/","url":"https:\/\/www.smartystore.it\/fr\/prodotto\/cadre-rectangulaire-a-clipser-base-50-cm-cadre-25\/","name":"Cadre \u00e0 pression rectangulaire de 50 cm - Achetez au meilleur prix","isPartOf":{"@id":"https:\/\/www.smartystore.it\/fr\/#website"},"primaryImageOfPage":{"@id":"https:\/\/www.smartystore.it\/fr\/prodotto\/cadre-rectangulaire-a-clipser-base-50-cm-cadre-25\/#primaryimage"},"image":{"@id":"https:\/\/www.smartystore.it\/fr\/prodotto\/cadre-rectangulaire-a-clipser-base-50-cm-cadre-25\/#primaryimage"},"thumbnailUrl":"https:\/\/www.smartystore.it\/v25\/wp-content\/uploads\/2023\/08\/Cornice-a-scatto-rettangolare-base-50-cm-frame-25-angolo-tondo-angolo-vivo-50x100-1.jpg","datePublished":"2023-08-25T15:21:38+00:00","dateModified":"2025-10-08T12:50:30+00:00","description":"Cadre rectangulaire \u00e0 encliqueter, base 50 cm. Cadre 25 pour montage mural avec coins ronds ou pointus chrom\u00e9s et pvc anti-reflets. Disponible en format 50x100 cm.","breadcrumb":{"@id":"https:\/\/www.smartystore.it\/fr\/prodotto\/cadre-rectangulaire-a-clipser-base-50-cm-cadre-25\/#breadcrumb"},"inLanguage":"fr-FR","potentialAction":[{"@type":"ReadAction","target":["https:\/\/www.smartystore.it\/fr\/prodotto\/cadre-rectangulaire-a-clipser-base-50-cm-cadre-25\/"]}]},{"@type":"ImageObject","inLanguage":"fr-FR","@id":"https:\/\/www.smartystore.it\/fr\/prodotto\/cadre-rectangulaire-a-clipser-base-50-cm-cadre-25\/#primaryimage","url":"https:\/\/www.smartystore.it\/v25\/wp-content\/uploads\/2023\/08\/Cornice-a-scatto-rettangolare-base-50-cm-frame-25-angolo-tondo-angolo-vivo-50x100-1.jpg","contentUrl":"https:\/\/www.smartystore.it\/v25\/wp-content\/uploads\/2023\/08\/Cornice-a-scatto-rettangolare-base-50-cm-frame-25-angolo-tondo-angolo-vivo-50x100-1.jpg","width":1000,"height":1000,"caption":"Cadre \u00e0 pression rectangulaire de 50 cm 50x100"},{"@type":"BreadcrumbList","@id":"https:\/\/www.smartystore.it\/fr\/prodotto\/cadre-rectangulaire-a-clipser-base-50-cm-cadre-25\/#breadcrumb","itemListElement":[{"@type":"ListItem","position":1,"name":"Home","item":"https:\/\/www.smartystore.it\/fr\/"},{"@type":"ListItem","position":2,"name":"Boutique","item":"https:\/\/www.smartystore.it\/fr\/boutique\/"},{"@type":"ListItem","position":3,"name":"Cadre \u00e0 pression rectangulaire de 50 cm"}]},{"@type":"WebSite","@id":"https:\/\/www.smartystore.it\/fr\/#website","url":"https:\/\/www.smartystore.it\/fr\/","name":"Smarty Store","description":"Espositori Pubblicitari e Sistemi di Comunicazione Visiva","potentialAction":[{"@type":"SearchAction","target":{"@type":"EntryPoint","urlTemplate":"https:\/\/www.smartystore.it\/fr\/?s={search_term_string}"},"query-input":{"@type":"PropertyValueSpecification","valueRequired":true,"valueName":"search_term_string"}}],"inLanguage":"fr-FR"}]}},"brands":[],"_links":{"self":[{"href":"https:\/\/www.smartystore.it\/fr\/wp-json\/wp\/v2\/product\/93742","targetHints":{"allow":["GET"]}}],"collection":[{"href":"https:\/\/www.smartystore.it\/fr\/wp-json\/wp\/v2\/product"}],"about":[{"href":"https:\/\/www.smartystore.it\/fr\/wp-json\/wp\/v2\/types\/product"}],"replies":[{"embeddable":true,"href":"https:\/\/www.smartystore.it\/fr\/wp-json\/wp\/v2\/comments?post=93742"}],"wp:featuredmedia":[{"embeddable":true,"href":"https:\/\/www.smartystore.it\/fr\/wp-json\/wp\/v2\/media\/93743"}],"wp:attachment":[{"href":"https:\/\/www.smartystore.it\/fr\/wp-json\/wp\/v2\/media?parent=93742"}],"wp:term":[{"taxonomy":"pwb-brand","embeddable":true,"href":"https:\/\/www.smartystore.it\/fr\/wp-json\/wp\/v2\/pwb-brand?post=93742"},{"taxonomy":"product_brand","embeddable":true,"href":"https:\/\/www.smartystore.it\/fr\/wp-json\/wp\/v2\/product_brand?post=93742"},{"taxonomy":"product_cat","embeddable":true,"href":"https:\/\/www.smartystore.it\/fr\/wp-json\/wp\/v2\/product_cat?post=93742"},{"taxonomy":"product_tag","embeddable":true,"href":"https:\/\/www.smartystore.it\/fr\/wp-json\/wp\/v2\/product_tag?post=93742"}],"curies":[{"name":"wp","href":"https:\/\/api.w.org\/{rel}","templated":true}]}}