{"id":93702,"date":"2023-10-05T15:59:35","date_gmt":"2023-10-05T13:59:35","guid":{"rendered":"https:\/\/www.smartystore.it\/prodotto\/support-publicitaire-double-face-trolley-70x100\/"},"modified":"2026-02-12T12:12:58","modified_gmt":"2026-02-12T10:12:58","slug":"support-publicitaire-double-face-trolley-70x100","status":"publish","type":"product","link":"https:\/\/www.smartystore.it\/fr\/prodotto\/support-publicitaire-double-face-trolley-70x100\/","title":{"rendered":"Support publicitaire double face Trolley 70&#215;100"},"content":{"rendered":"<div class=\"wpb-content-wrapper\"><p>[vc_row][vc_column][vc_column_text css=\u00a0\u00bb\u00a0\u00bb css_params=\u00a0\u00bb\u00a0\u00bb]<\/p>\n<h1>Support publicitaire double face Trolley 70&#215;100<\/h1>\n<p>Le stand publicitaire Trolley 70&#215;100 \u00e0 deux faces est un pr\u00e9sentoir de sol qui fait partie de la ligne QUADRA SERIES. Enti\u00e8rement r\u00e9alis\u00e9 en aluminium, il se compose de deux cadres encliquetables pour des impressions de 70&#215;100, d&rsquo;une structure \u00e0 section carr\u00e9e (d&rsquo;o\u00f9 le nom de la s\u00e9rie) et d&rsquo;une base disponible en deux versions. Une version pratique avec des roues frein\u00e9es pour d\u00e9placer le chevalet l\u00e0 o\u00f9 il est n\u00e9cessaire, sans avoir \u00e0 supporter le poids du d\u00e9placement, et une version statique avec une base m\u00e9tallique carr\u00e9e peinte avec de la poudre d&rsquo;argent.<\/p>\n<h2>Trolley 70&#215;100 stand publicitaire double face : messages en mouvement<\/h2>\n<p>Le pr\u00e9sentoir est \u00e9quip\u00e9 d&rsquo;une poign\u00e9e pratique sur le dessus qui permet de saisir le chevalet et de le d\u00e9placer facilement.<\/p>\n<p>Le profil plat du chevalet le rend moins encombrant que les mod\u00e8les \u00ab A \u00bb classiques.<\/p>\n<h3>CARACT\u00c9RISTIQUES:<\/h3>\n<ul>\n<li>Cadres : cadre 25 (largeur du profil : 25 mm).<\/li>\n<li>Cadres avec coins chrom\u00e9s arrondis.<\/li>\n<li>Possibilit\u00e9 de choisir le type de base : chariot avec roues frein\u00e9es ou carr\u00e9 plat.<\/li>\n<li>Cadre en aluminium anodis\u00e9 avec section carr\u00e9e : 2 cm.<\/li>\n<li>Base de chariot avec roues frein\u00e9es : D 38 cm.<\/li>\n<li>Base carr\u00e9e en m\u00e9tal thermolaqu\u00e9 argent : L 32,5 cm. &#8211; H 0,6 cm. &#8211; D 32,5 cm.<\/li>\n<li>Deux cadres \u00e0 pression en aluminium argent\u00e9 avec protection PVC antireflet.<\/li>\n<li>Format imprim\u00e9 : 70&#215;100 cm.<\/li>\n<li>Surface visible : 68 x 98 cm.<\/li>\n<li>Dimensions du cadre : 73 x 103 cm.<\/li>\n<li>Dimensions du pr\u00e9sentoir : L 73 &#8211; H 121,5 &#8211; P 38 (version chariot)<\/li>\n<li>Dimensions du pr\u00e9sentoir : L 73 &#8211; H 115,8 &#8211; P 32,5 (version \u00e0 base plate)<\/li>\n<li>Poids de l&rsquo;affichage version chariot : 6,60 kg environ.<\/li>\n<li>Poids de l&rsquo;afficheur version base plate : 11,00 kg environ.<\/li>\n<\/ul>\n<p>\u00c9galement disponible dans une version pouvant contenir des affiches de 50&#215;70 cm. (SST-TRL5070) : <a href=\"https:\/\/www.smartystore.it\/fr\/prodotto\/chevalet-publicitaire-double-face-trolley-50x70\/\" target=\"_blank\" rel=\"noopener\"><strong>LIEN<\/strong><\/a><\/p>\n<p><span style=\"color: #000000;\"><strong>Cette pr\u00e9sentation est \u00e9galement disponible en version PRO : cliquez <a href=\"https:\/\/www.smartystore.it\/fr\/prodotto\/chevalet-publicitaire-double-face-trolley-70x100-pro\/\" target=\"_blank\" rel=\"noopener\">ICI<\/a><\/strong><\/span><\/p>\n<p>SmartyStore assiste pleinement ses clients. Si vous avez besoin de posters 70&#215;100 pour votre cadre, vous pouvez trouver ce que vous cherchez \u00e0 l&rsquo;adresse suivante <a href=\"https:\/\/www.smartystore.it\/fr\/prodotto\/presentoir-a-cadre-instantane-50x70-avec-montant-simple\/\" target=\"_blank\" rel=\"noopener\"><strong>LIEN<\/strong><\/a><\/p>\n<p>&nbsp;<\/p>\n<p><a href=\"https:\/\/www.smartystore.it\/v25\/wp-content\/uploads\/2023\/10\/SST-TRL70-TRL100-2.pdf\" target=\"_blank\" rel=\"noopener\"><img loading=\"lazy\" decoding=\"async\" class=\"alignnone size-full wp-image-93510\" src=\"https:\/\/www.smartystore.it\/v25\/wp-content\/uploads\/2014\/10\/SchedaTecnica-300-e1750084266903.png\" alt=\"\" width=\"249\" height=\"63\" \/><\/a><\/p>\n<p>[\/vc_column_text][\/vc_column][\/vc_row]<\/p>\n<\/div>","protected":false},"excerpt":{"rendered":"<p>Support publicitaire double face pour affiches 70&#215;100. Disponible avec une base \u00e0 roulettes ou une base carr\u00e9e plate.<\/p>\n","protected":false},"featured_media":93703,"comment_status":"open","ping_status":"closed","template":"","meta":{"_acf_changed":false},"pwb-brand":[],"product_brand":[3872],"product_cat":[2915,2914,3004],"product_tag":[6379,4081,6380,6385,6378,6382,6377],"class_list":{"0":"post-93702","1":"product","2":"type-product","3":"status-publish","4":"has-post-thumbnail","6":"product_brand-smartystore","7":"product_cat-ecrans-avec-cadres-instantanes","8":"product_cat-quadra-series-fr","9":"product_cat-stands-publicitaires","10":"product_tag-chariot-publicitaire","11":"product_tag-chevalet-daffichage-double-face-70x100","12":"product_tag-porte-menu-a-roulettes","13":"product_tag-porte-menu-recto-verso-70x100","14":"product_tag-porte-message-a-roulettes","15":"product_tag-support-de-menu-a-roulettes","16":"product_tag-support-publicitaire-double-face","17":"pa_c2c_angolo-rond","18":"pa_c2c_base-base-carree","19":"pa_c2c_base-pieds-a-roulettes","20":"pa_c2c_dimensione-70x100","21":"pa_c2c_mono_bifacciale-double-face","22":"pa_c2c_trovraprezzi-oui","23":"pa_serie-quadra-series","25":"first","26":"instock","27":"taxable","28":"shipping-taxable","29":"purchasable","30":"product-type-variable"},"acf":[],"yoast_head":"<!-- This site is optimized with the Yoast SEO plugin v27.4 - https:\/\/yoast.com\/product\/yoast-seo-wordpress\/ -->\n<title>Support publicitaire double face Trolley 70x100 - Achetez au Meilleur Prix<\/title>\n<meta name=\"description\" content=\"Support publicitaire double face Trolley 70x100 avec structure en aluminium. Au choix, base trolley avec roues de freinage ou base carr\u00e9e ultraplate.\" \/>\n<meta name=\"robots\" content=\"index, follow, max-snippet:-1, max-image-preview:large, max-video-preview:-1\" \/>\n<link rel=\"canonical\" href=\"https:\/\/www.smartystore.it\/fr\/prodotto\/support-publicitaire-double-face-trolley-70x100\/\" \/>\n<meta property=\"og:locale\" content=\"fr_FR\" \/>\n<meta property=\"og:type\" content=\"article\" \/>\n<meta property=\"og:title\" content=\"Support publicitaire double face Trolley 70x100 - Achetez au Meilleur Prix\" \/>\n<meta property=\"og:description\" content=\"Support publicitaire double face Trolley 70x100 avec structure en aluminium. Au choix, base trolley avec roues de freinage ou base carr\u00e9e ultraplate.\" \/>\n<meta property=\"og:url\" content=\"https:\/\/www.smartystore.it\/fr\/prodotto\/support-publicitaire-double-face-trolley-70x100\/\" \/>\n<meta property=\"og:site_name\" content=\"Smarty Store\" \/>\n<meta property=\"article:modified_time\" content=\"2026-02-12T10:12:58+00:00\" \/>\n<meta property=\"og:image\" content=\"https:\/\/www.smartystore.it\/v25\/wp-content\/uploads\/2023\/10\/Cavalletto-pubblicitario-trolley-70x100-con-ruote-frenanti.jpg\" \/>\n\t<meta property=\"og:image:width\" content=\"1000\" \/>\n\t<meta property=\"og:image:height\" content=\"1000\" \/>\n\t<meta property=\"og:image:type\" content=\"image\/jpeg\" \/>\n<meta name=\"twitter:card\" content=\"summary_large_image\" \/>\n<meta name=\"twitter:label1\" content=\"Dur\u00e9e de lecture estim\u00e9e\" \/>\n\t<meta name=\"twitter:data1\" content=\"3 minutes\" \/>\n<script type=\"application\/ld+json\" class=\"yoast-schema-graph\">{\"@context\":\"https:\\\/\\\/schema.org\",\"@graph\":[{\"@type\":\"WebPage\",\"@id\":\"https:\\\/\\\/www.smartystore.it\\\/fr\\\/prodotto\\\/support-publicitaire-double-face-trolley-70x100\\\/\",\"url\":\"https:\\\/\\\/www.smartystore.it\\\/fr\\\/prodotto\\\/support-publicitaire-double-face-trolley-70x100\\\/\",\"name\":\"Support publicitaire double face Trolley 70x100 - Achetez au Meilleur Prix\",\"isPartOf\":{\"@id\":\"https:\\\/\\\/www.smartystore.it\\\/fr\\\/#website\"},\"primaryImageOfPage\":{\"@id\":\"https:\\\/\\\/www.smartystore.it\\\/fr\\\/prodotto\\\/support-publicitaire-double-face-trolley-70x100\\\/#primaryimage\"},\"image\":{\"@id\":\"https:\\\/\\\/www.smartystore.it\\\/fr\\\/prodotto\\\/support-publicitaire-double-face-trolley-70x100\\\/#primaryimage\"},\"thumbnailUrl\":\"https:\\\/\\\/www.smartystore.it\\\/v25\\\/wp-content\\\/uploads\\\/2023\\\/10\\\/Cavalletto-pubblicitario-trolley-70x100-con-ruote-frenanti.jpg\",\"datePublished\":\"2023-10-05T13:59:35+00:00\",\"dateModified\":\"2026-02-12T10:12:58+00:00\",\"description\":\"Support publicitaire double face Trolley 70x100 avec structure en aluminium. Au choix, base trolley avec roues de freinage ou base carr\u00e9e ultraplate.\",\"breadcrumb\":{\"@id\":\"https:\\\/\\\/www.smartystore.it\\\/fr\\\/prodotto\\\/support-publicitaire-double-face-trolley-70x100\\\/#breadcrumb\"},\"inLanguage\":\"fr-FR\",\"potentialAction\":[{\"@type\":\"ReadAction\",\"target\":[\"https:\\\/\\\/www.smartystore.it\\\/fr\\\/prodotto\\\/support-publicitaire-double-face-trolley-70x100\\\/\"]}]},{\"@type\":\"ImageObject\",\"inLanguage\":\"fr-FR\",\"@id\":\"https:\\\/\\\/www.smartystore.it\\\/fr\\\/prodotto\\\/support-publicitaire-double-face-trolley-70x100\\\/#primaryimage\",\"url\":\"https:\\\/\\\/www.smartystore.it\\\/v25\\\/wp-content\\\/uploads\\\/2023\\\/10\\\/Cavalletto-pubblicitario-trolley-70x100-con-ruote-frenanti.jpg\",\"contentUrl\":\"https:\\\/\\\/www.smartystore.it\\\/v25\\\/wp-content\\\/uploads\\\/2023\\\/10\\\/Cavalletto-pubblicitario-trolley-70x100-con-ruote-frenanti.jpg\",\"width\":1000,\"height\":1000,\"caption\":\"Support publicitaire double face Trolley 70x100\"},{\"@type\":\"BreadcrumbList\",\"@id\":\"https:\\\/\\\/www.smartystore.it\\\/fr\\\/prodotto\\\/support-publicitaire-double-face-trolley-70x100\\\/#breadcrumb\",\"itemListElement\":[{\"@type\":\"ListItem\",\"position\":1,\"name\":\"Home\",\"item\":\"https:\\\/\\\/www.smartystore.it\\\/fr\\\/\"},{\"@type\":\"ListItem\",\"position\":2,\"name\":\"Boutique\",\"item\":\"https:\\\/\\\/www.smartystore.it\\\/fr\\\/boutique\\\/\"},{\"@type\":\"ListItem\",\"position\":3,\"name\":\"Support publicitaire double face Trolley 70&#215;100\"}]},{\"@type\":\"WebSite\",\"@id\":\"https:\\\/\\\/www.smartystore.it\\\/fr\\\/#website\",\"url\":\"https:\\\/\\\/www.smartystore.it\\\/fr\\\/\",\"name\":\"Smarty Store\",\"description\":\"Espositori Pubblicitari e Sistemi di Comunicazione Visiva\",\"potentialAction\":[{\"@type\":\"SearchAction\",\"target\":{\"@type\":\"EntryPoint\",\"urlTemplate\":\"https:\\\/\\\/www.smartystore.it\\\/fr\\\/?s={search_term_string}\"},\"query-input\":{\"@type\":\"PropertyValueSpecification\",\"valueRequired\":true,\"valueName\":\"search_term_string\"}}],\"inLanguage\":\"fr-FR\"}]}<\/script>\n<!-- \/ Yoast SEO plugin. -->","yoast_head_json":{"title":"Support publicitaire double face Trolley 70x100 - Achetez au Meilleur Prix","description":"Support publicitaire double face Trolley 70x100 avec structure en aluminium. Au choix, base trolley avec roues de freinage ou base carr\u00e9e ultraplate.","robots":{"index":"index","follow":"follow","max-snippet":"max-snippet:-1","max-image-preview":"max-image-preview:large","max-video-preview":"max-video-preview:-1"},"canonical":"https:\/\/www.smartystore.it\/fr\/prodotto\/support-publicitaire-double-face-trolley-70x100\/","og_locale":"fr_FR","og_type":"article","og_title":"Support publicitaire double face Trolley 70x100 - Achetez au Meilleur Prix","og_description":"Support publicitaire double face Trolley 70x100 avec structure en aluminium. Au choix, base trolley avec roues de freinage ou base carr\u00e9e ultraplate.","og_url":"https:\/\/www.smartystore.it\/fr\/prodotto\/support-publicitaire-double-face-trolley-70x100\/","og_site_name":"Smarty Store","article_modified_time":"2026-02-12T10:12:58+00:00","og_image":[{"width":1000,"height":1000,"url":"https:\/\/www.smartystore.it\/v25\/wp-content\/uploads\/2023\/10\/Cavalletto-pubblicitario-trolley-70x100-con-ruote-frenanti.jpg","type":"image\/jpeg"}],"twitter_card":"summary_large_image","twitter_misc":{"Dur\u00e9e de lecture estim\u00e9e":"3 minutes"},"schema":{"@context":"https:\/\/schema.org","@graph":[{"@type":"WebPage","@id":"https:\/\/www.smartystore.it\/fr\/prodotto\/support-publicitaire-double-face-trolley-70x100\/","url":"https:\/\/www.smartystore.it\/fr\/prodotto\/support-publicitaire-double-face-trolley-70x100\/","name":"Support publicitaire double face Trolley 70x100 - Achetez au Meilleur Prix","isPartOf":{"@id":"https:\/\/www.smartystore.it\/fr\/#website"},"primaryImageOfPage":{"@id":"https:\/\/www.smartystore.it\/fr\/prodotto\/support-publicitaire-double-face-trolley-70x100\/#primaryimage"},"image":{"@id":"https:\/\/www.smartystore.it\/fr\/prodotto\/support-publicitaire-double-face-trolley-70x100\/#primaryimage"},"thumbnailUrl":"https:\/\/www.smartystore.it\/v25\/wp-content\/uploads\/2023\/10\/Cavalletto-pubblicitario-trolley-70x100-con-ruote-frenanti.jpg","datePublished":"2023-10-05T13:59:35+00:00","dateModified":"2026-02-12T10:12:58+00:00","description":"Support publicitaire double face Trolley 70x100 avec structure en aluminium. Au choix, base trolley avec roues de freinage ou base carr\u00e9e ultraplate.","breadcrumb":{"@id":"https:\/\/www.smartystore.it\/fr\/prodotto\/support-publicitaire-double-face-trolley-70x100\/#breadcrumb"},"inLanguage":"fr-FR","potentialAction":[{"@type":"ReadAction","target":["https:\/\/www.smartystore.it\/fr\/prodotto\/support-publicitaire-double-face-trolley-70x100\/"]}]},{"@type":"ImageObject","inLanguage":"fr-FR","@id":"https:\/\/www.smartystore.it\/fr\/prodotto\/support-publicitaire-double-face-trolley-70x100\/#primaryimage","url":"https:\/\/www.smartystore.it\/v25\/wp-content\/uploads\/2023\/10\/Cavalletto-pubblicitario-trolley-70x100-con-ruote-frenanti.jpg","contentUrl":"https:\/\/www.smartystore.it\/v25\/wp-content\/uploads\/2023\/10\/Cavalletto-pubblicitario-trolley-70x100-con-ruote-frenanti.jpg","width":1000,"height":1000,"caption":"Support publicitaire double face Trolley 70x100"},{"@type":"BreadcrumbList","@id":"https:\/\/www.smartystore.it\/fr\/prodotto\/support-publicitaire-double-face-trolley-70x100\/#breadcrumb","itemListElement":[{"@type":"ListItem","position":1,"name":"Home","item":"https:\/\/www.smartystore.it\/fr\/"},{"@type":"ListItem","position":2,"name":"Boutique","item":"https:\/\/www.smartystore.it\/fr\/boutique\/"},{"@type":"ListItem","position":3,"name":"Support publicitaire double face Trolley 70&#215;100"}]},{"@type":"WebSite","@id":"https:\/\/www.smartystore.it\/fr\/#website","url":"https:\/\/www.smartystore.it\/fr\/","name":"Smarty Store","description":"Espositori Pubblicitari e Sistemi di Comunicazione Visiva","potentialAction":[{"@type":"SearchAction","target":{"@type":"EntryPoint","urlTemplate":"https:\/\/www.smartystore.it\/fr\/?s={search_term_string}"},"query-input":{"@type":"PropertyValueSpecification","valueRequired":true,"valueName":"search_term_string"}}],"inLanguage":"fr-FR"}]}},"brands":[],"_links":{"self":[{"href":"https:\/\/www.smartystore.it\/fr\/wp-json\/wp\/v2\/product\/93702","targetHints":{"allow":["GET"]}}],"collection":[{"href":"https:\/\/www.smartystore.it\/fr\/wp-json\/wp\/v2\/product"}],"about":[{"href":"https:\/\/www.smartystore.it\/fr\/wp-json\/wp\/v2\/types\/product"}],"replies":[{"embeddable":true,"href":"https:\/\/www.smartystore.it\/fr\/wp-json\/wp\/v2\/comments?post=93702"}],"wp:featuredmedia":[{"embeddable":true,"href":"https:\/\/www.smartystore.it\/fr\/wp-json\/wp\/v2\/media\/93703"}],"wp:attachment":[{"href":"https:\/\/www.smartystore.it\/fr\/wp-json\/wp\/v2\/media?parent=93702"}],"wp:term":[{"taxonomy":"pwb-brand","embeddable":true,"href":"https:\/\/www.smartystore.it\/fr\/wp-json\/wp\/v2\/pwb-brand?post=93702"},{"taxonomy":"product_brand","embeddable":true,"href":"https:\/\/www.smartystore.it\/fr\/wp-json\/wp\/v2\/product_brand?post=93702"},{"taxonomy":"product_cat","embeddable":true,"href":"https:\/\/www.smartystore.it\/fr\/wp-json\/wp\/v2\/product_cat?post=93702"},{"taxonomy":"product_tag","embeddable":true,"href":"https:\/\/www.smartystore.it\/fr\/wp-json\/wp\/v2\/product_tag?post=93702"}],"curies":[{"name":"wp","href":"https:\/\/api.w.org\/{rel}","templated":true}]}}