{"id":93418,"date":"2021-04-06T15:12:59","date_gmt":"2021-04-06T13:12:59","guid":{"rendered":"https:\/\/www.smartystore.it\/prodotto\/cadre-daffichage-a-clipser-4xa4\/"},"modified":"2026-03-14T18:36:08","modified_gmt":"2026-03-14T16:36:08","slug":"cadre-daffichage-a-clipser-4xa4","status":"publish","type":"product","link":"https:\/\/www.smartystore.it\/fr\/prodotto\/cadre-daffichage-a-clipser-4xa4\/","title":{"rendered":"Cadre d&rsquo;affichage \u00e0 clipser 4xA4"},"content":{"rendered":"<div class=\"wpb-content-wrapper\"><p>[vc_row][vc_column][vc_column_text css=\u00a0\u00bb\u00a0\u00bb css_params=\u00a0\u00bb\u00a0\u00bb]<\/p>\n<h1>Cadre d&rsquo;affichage \u00e0 clipser 4xA4<\/h1>\n<p>Le pr\u00e9sentoir 4xA4 est une structure au sol qui fait partie de la gamme QUADRA SERIES. Enti\u00e8rement r\u00e9alis\u00e9 en aluminium, il est compos\u00e9 d&rsquo;un cadre \u00e0 clipser pour impressions A4, d&rsquo;un montant \u00e0 section carr\u00e9e (d&rsquo;o\u00f9 la s\u00e9rie tire son nom) et d&rsquo;une base en m\u00e9tal thermolaqu\u00e9 argent\u00e9.<\/p>\n<p>Adapt\u00e9 \u00e0 l&rsquo;affichage de messages promotionnels ou m\u00eame simplement de messages pour indiquer la direction \u00e0 suivre pour atteindre les bureaux et les \u00e9tages souhait\u00e9s, le pr\u00e9sentoir autoportant avec cadre clic-clac peut \u00eatre utilis\u00e9 dans des endroits tels que les salles d&rsquo;exposition, les supermarch\u00e9s, les r\u00e9unions, les conventions, les entr\u00e9es d&rsquo;entreprise et dans tout endroit o\u00f9 vous avez besoin d&rsquo;afficher votre message.<\/p>\n<h2>Pr\u00e9sentoir \u00e0 cadre clipsable 4xA4 : D\u00e9cidez de la mani\u00e8re dont vous voulez le pr\u00e9senter<\/h2>\n<p>Ce pr\u00e9sentoir peut \u00eatre personnalis\u00e9 selon vos besoins en choisissant la finition du cadre (angles vifs ou arrondis) lors de l&rsquo;achat. Le cadre, quant \u00e0 lui, est d\u00e9j\u00e0 orient\u00e9, vous pouvez donc choisir de positionner les cadres verticalement ou horizontalement en fonction des notes d&rsquo;information \u00e0 afficher.<\/p>\n<p>Le montant de 30\u00d730 mm rend la structure plus <strong>robuste et stable<\/strong>.<\/p>\n<p>Une autre remarque suppl\u00e9mentaire est la possibilit\u00e9 de choisir lors de la commande si vous souhaitez l&rsquo;affichage en version simple face ou double face selon que vous devez le positionner sur un passage \u00e0 sens unique ou \u00e0 double sens.<\/p>\n<h3>CARACT\u00c9RISTIQUES:<\/h3>\n<ul>\n<li>Cadre : cadre 25 (largeur du profil : 25 mm.).<\/li>\n<li>Possibilit\u00e9 de choisir le type de cadre : coin pointu ou coin rond chrom\u00e9.<\/li>\n<li>Possibilit\u00e9 de changer d&rsquo;orientation : verticale ou horizontale.<\/li>\n<li>Montant en aluminium anodis\u00e9 \u00e0 section carr\u00e9e : H 185- L 3 cm.<\/li>\n<li>Base carr\u00e9e en m\u00e9tal thermolaqu\u00e9 argent : L 32 cm. &#8211; H 0,6 cm. &#8211; P 32 cm.  <\/li>\n<li><span style=\"text-decoration: underline;\"><strong>BASE ANTI-TR\u00c9CISSEMENT ULTRA PLATE : \u00e9paisseur 6 mm.<\/strong><\/span><\/li>\n<li>Application d&rsquo;un cadre clic-clac en aluminium argent\u00e9 avec protection PVC antireflet.<\/li>\n<li>Format imprim\u00e9 : A4.<\/li>\n<li>Zone visible : 19 x 27,7 cm<\/li>\n<li>Dimensions du cadre : 24,1 x 32,8 cm.<\/li>\n<li>Dimensions de l&rsquo;affichage : L 32 &#8211; H 185,6 &#8211; P 32<\/li>\n<li>Poids de l&rsquo;\u00e9cran : environ 7,5 kg pour la version simple face et environ 9,5 kg pour la version double face.<\/li>\n<\/ul>\n<p><span style=\"color: #000000;\"><strong>\u00c9GALEMENT DISPONIBLE EN VERSION DOUBLE VERTICALE &#8211; <a href=\"https:\/\/www.smartystore.it\/fr\/prodotto\/presentoir-vertical-4xa4-a-cadre-pression-avec-double-montant\/\" target=\"_blank\" rel=\"noopener\">LIEN<\/a><\/strong><\/span><\/p>\n<p>SmartyStore assiste pleinement ses clients, donc si vous avez besoin d&rsquo;affiches A4 \u00e0 ins\u00e9rer dans des cadres, vous pouvez trouver ce que vous cherchez sur le <a href=\"https:\/\/www.smartystore.it\/fr\/prodotto\/stampa-poster-monofacciale-su-carta\/\" target=\"_blank\" rel=\"noopener\"><strong>LIEN <\/strong><\/a>suivant<\/p>\n<p>&nbsp;<\/p>\n<p><a href=\"https:\/\/www.smartystore.it\/v25\/wp-content\/uploads\/2025\/06\/Scheda-tecnica-cornici-autoportanti-con-multi-cornici-A3-A4.pdf\" target=\"_blank\" rel=\"noopener\"><img loading=\"lazy\" decoding=\"async\" class=\"alignnone size-full wp-image-93510\" src=\"https:\/\/www.smartystore.it\/v25\/wp-content\/uploads\/2014\/10\/SchedaTecnica-300-e1750084266903.png\" alt=\"\" width=\"249\" height=\"63\"><\/a><\/p>\n<p>[\/vc_column_text][\/vc_column][\/vc_row]<\/p>\n<\/div>","protected":false},"excerpt":{"rendered":"<p>Structure autoportante simple ou double face avec montants en aluminium anodis\u00e9 \u00e0 section carr\u00e9e et cadres A4. Possibilit\u00e9 de choisir le type de finition des angles et l&rsquo;orientation du cadre. <\/p>\n","protected":false},"featured_media":93419,"comment_status":"open","ping_status":"closed","template":"","meta":{"_acf_changed":false},"pwb-brand":[],"product_brand":[3872],"product_cat":[2915,2912,2914,2913],"product_tag":[6641,4654,4653,4652,4649,4650,4651],"class_list":{"0":"post-93418","1":"product","2":"type-product","3":"status-publish","4":"has-post-thumbnail","6":"product_brand-smartystore","7":"product_cat-ecrans-avec-cadres-instantanes","8":"product_cat-cadres-instantanes","9":"product_cat-quadra-series-fr","10":"product_cat-structures-autoportantes-et-soutient","11":"product_tag-des-panneaux-daffichage-sur-pied-avec-des-cadres-a-encliqueter-a4","12":"product_tag-porte-message-a4-fr","13":"product_tag-porte-message-a4-recto-verso-a-cadre-clipsable","14":"product_tag-porte-message-a4-sur-pied-fr","15":"product_tag-presentoir-a4-a-cadre-encliquetable-fr","16":"product_tag-presentoir-autonome-avec-cadres-a-clipser-a4","17":"product_tag-presentoir-de-sol-avec-cadres-a4","18":"pa_c2c_angolo-rond","19":"pa_c2c_angolo-vif","20":"pa_c2c_base-base-carree","21":"pa_c2c_color-argent","22":"pa_c2c_dimensione-4-x-a4","23":"pa_c2c_mono_bifacciale-double-face","24":"pa_c2c_mono_bifacciale-simple-face","25":"pa_c2c_orientamento-horizontal","26":"pa_c2c_orientamento-verticale","27":"pa_c2c_trovraprezzi-oui","28":"pa_serie-quadra-series","30":"first","31":"instock","32":"taxable","33":"shipping-taxable","34":"purchasable","35":"product-type-variable"},"acf":[],"yoast_head":"<!-- This site is optimized with the Yoast SEO plugin v27.4 - https:\/\/yoast.com\/product\/yoast-seo-wordpress\/ -->\n<title>Cadre d&#039;affichage \u00e0 clipser 4xA4 - Smarty Store Au Meilleur Prix<\/title>\n<meta name=\"description\" content=\"Pr\u00e9sentoir \u00e0 cadre clipsable simple ou double face 4xA4 avec possibilit\u00e9 de choisir la finition, qu&#039;elle soit avec un coin pointu ou rond.\" \/>\n<meta name=\"robots\" content=\"index, follow, max-snippet:-1, max-image-preview:large, max-video-preview:-1\" \/>\n<link rel=\"canonical\" href=\"https:\/\/www.smartystore.it\/fr\/prodotto\/cadre-daffichage-a-clipser-4xa4\/\" \/>\n<meta property=\"og:locale\" content=\"fr_FR\" \/>\n<meta property=\"og:type\" content=\"article\" \/>\n<meta property=\"og:title\" content=\"Cadre d&#039;affichage \u00e0 clipser 4xA4 - Smarty Store Au Meilleur Prix\" \/>\n<meta property=\"og:description\" content=\"Pr\u00e9sentoir \u00e0 cadre clipsable simple ou double face 4xA4 avec possibilit\u00e9 de choisir la finition, qu&#039;elle soit avec un coin pointu ou rond.\" \/>\n<meta property=\"og:url\" content=\"https:\/\/www.smartystore.it\/fr\/prodotto\/cadre-daffichage-a-clipser-4xa4\/\" \/>\n<meta property=\"og:site_name\" content=\"Smarty Store\" \/>\n<meta property=\"article:modified_time\" content=\"2026-03-14T16:36:08+00:00\" \/>\n<meta property=\"og:image\" content=\"https:\/\/www.smartystore.it\/v25\/wp-content\/uploads\/2021\/04\/Cornice-a-scatto-autoportante-4xA4-monofacciale-bifacciale-verticale-orizzontale-angolo-vivo-tondo-profilo-30-6.jpg\" \/>\n\t<meta property=\"og:image:width\" content=\"1000\" \/>\n\t<meta property=\"og:image:height\" content=\"1000\" \/>\n\t<meta property=\"og:image:type\" content=\"image\/jpeg\" \/>\n<meta name=\"twitter:card\" content=\"summary_large_image\" \/>\n<meta name=\"twitter:label1\" content=\"Dur\u00e9e de lecture estim\u00e9e\" \/>\n\t<meta name=\"twitter:data1\" content=\"3 minutes\" \/>\n<script type=\"application\/ld+json\" class=\"yoast-schema-graph\">{\"@context\":\"https:\\\/\\\/schema.org\",\"@graph\":[{\"@type\":\"WebPage\",\"@id\":\"https:\\\/\\\/www.smartystore.it\\\/fr\\\/prodotto\\\/cadre-daffichage-a-clipser-4xa4\\\/\",\"url\":\"https:\\\/\\\/www.smartystore.it\\\/fr\\\/prodotto\\\/cadre-daffichage-a-clipser-4xa4\\\/\",\"name\":\"Cadre d'affichage \u00e0 clipser 4xA4 - Smarty Store Au Meilleur Prix\",\"isPartOf\":{\"@id\":\"https:\\\/\\\/www.smartystore.it\\\/fr\\\/#website\"},\"primaryImageOfPage\":{\"@id\":\"https:\\\/\\\/www.smartystore.it\\\/fr\\\/prodotto\\\/cadre-daffichage-a-clipser-4xa4\\\/#primaryimage\"},\"image\":{\"@id\":\"https:\\\/\\\/www.smartystore.it\\\/fr\\\/prodotto\\\/cadre-daffichage-a-clipser-4xa4\\\/#primaryimage\"},\"thumbnailUrl\":\"https:\\\/\\\/www.smartystore.it\\\/v25\\\/wp-content\\\/uploads\\\/2021\\\/04\\\/Cornice-a-scatto-autoportante-4xA4-monofacciale-bifacciale-verticale-orizzontale-angolo-vivo-tondo-profilo-30-6.jpg\",\"datePublished\":\"2021-04-06T13:12:59+00:00\",\"dateModified\":\"2026-03-14T16:36:08+00:00\",\"description\":\"Pr\u00e9sentoir \u00e0 cadre clipsable simple ou double face 4xA4 avec possibilit\u00e9 de choisir la finition, qu'elle soit avec un coin pointu ou rond.\",\"breadcrumb\":{\"@id\":\"https:\\\/\\\/www.smartystore.it\\\/fr\\\/prodotto\\\/cadre-daffichage-a-clipser-4xa4\\\/#breadcrumb\"},\"inLanguage\":\"fr-FR\",\"potentialAction\":[{\"@type\":\"ReadAction\",\"target\":[\"https:\\\/\\\/www.smartystore.it\\\/fr\\\/prodotto\\\/cadre-daffichage-a-clipser-4xa4\\\/\"]}]},{\"@type\":\"ImageObject\",\"inLanguage\":\"fr-FR\",\"@id\":\"https:\\\/\\\/www.smartystore.it\\\/fr\\\/prodotto\\\/cadre-daffichage-a-clipser-4xa4\\\/#primaryimage\",\"url\":\"https:\\\/\\\/www.smartystore.it\\\/v25\\\/wp-content\\\/uploads\\\/2021\\\/04\\\/Cornice-a-scatto-autoportante-4xA4-monofacciale-bifacciale-verticale-orizzontale-angolo-vivo-tondo-profilo-30-6.jpg\",\"contentUrl\":\"https:\\\/\\\/www.smartystore.it\\\/v25\\\/wp-content\\\/uploads\\\/2021\\\/04\\\/Cornice-a-scatto-autoportante-4xA4-monofacciale-bifacciale-verticale-orizzontale-angolo-vivo-tondo-profilo-30-6.jpg\",\"width\":1000,\"height\":1000,\"caption\":\"Cadre d'affichage \u00e0 clipser 4xA4\"},{\"@type\":\"BreadcrumbList\",\"@id\":\"https:\\\/\\\/www.smartystore.it\\\/fr\\\/prodotto\\\/cadre-daffichage-a-clipser-4xa4\\\/#breadcrumb\",\"itemListElement\":[{\"@type\":\"ListItem\",\"position\":1,\"name\":\"Home\",\"item\":\"https:\\\/\\\/www.smartystore.it\\\/fr\\\/\"},{\"@type\":\"ListItem\",\"position\":2,\"name\":\"Boutique\",\"item\":\"https:\\\/\\\/www.smartystore.it\\\/fr\\\/boutique\\\/\"},{\"@type\":\"ListItem\",\"position\":3,\"name\":\"Cadre d&#8217;affichage \u00e0 clipser 4xA4\"}]},{\"@type\":\"WebSite\",\"@id\":\"https:\\\/\\\/www.smartystore.it\\\/fr\\\/#website\",\"url\":\"https:\\\/\\\/www.smartystore.it\\\/fr\\\/\",\"name\":\"Smarty Store\",\"description\":\"Espositori Pubblicitari e Sistemi di Comunicazione Visiva\",\"potentialAction\":[{\"@type\":\"SearchAction\",\"target\":{\"@type\":\"EntryPoint\",\"urlTemplate\":\"https:\\\/\\\/www.smartystore.it\\\/fr\\\/?s={search_term_string}\"},\"query-input\":{\"@type\":\"PropertyValueSpecification\",\"valueRequired\":true,\"valueName\":\"search_term_string\"}}],\"inLanguage\":\"fr-FR\"}]}<\/script>\n<!-- \/ Yoast SEO plugin. -->","yoast_head_json":{"title":"Cadre d'affichage \u00e0 clipser 4xA4 - Smarty Store Au Meilleur Prix","description":"Pr\u00e9sentoir \u00e0 cadre clipsable simple ou double face 4xA4 avec possibilit\u00e9 de choisir la finition, qu'elle soit avec un coin pointu ou rond.","robots":{"index":"index","follow":"follow","max-snippet":"max-snippet:-1","max-image-preview":"max-image-preview:large","max-video-preview":"max-video-preview:-1"},"canonical":"https:\/\/www.smartystore.it\/fr\/prodotto\/cadre-daffichage-a-clipser-4xa4\/","og_locale":"fr_FR","og_type":"article","og_title":"Cadre d'affichage \u00e0 clipser 4xA4 - Smarty Store Au Meilleur Prix","og_description":"Pr\u00e9sentoir \u00e0 cadre clipsable simple ou double face 4xA4 avec possibilit\u00e9 de choisir la finition, qu'elle soit avec un coin pointu ou rond.","og_url":"https:\/\/www.smartystore.it\/fr\/prodotto\/cadre-daffichage-a-clipser-4xa4\/","og_site_name":"Smarty Store","article_modified_time":"2026-03-14T16:36:08+00:00","og_image":[{"width":1000,"height":1000,"url":"https:\/\/www.smartystore.it\/v25\/wp-content\/uploads\/2021\/04\/Cornice-a-scatto-autoportante-4xA4-monofacciale-bifacciale-verticale-orizzontale-angolo-vivo-tondo-profilo-30-6.jpg","type":"image\/jpeg"}],"twitter_card":"summary_large_image","twitter_misc":{"Dur\u00e9e de lecture estim\u00e9e":"3 minutes"},"schema":{"@context":"https:\/\/schema.org","@graph":[{"@type":"WebPage","@id":"https:\/\/www.smartystore.it\/fr\/prodotto\/cadre-daffichage-a-clipser-4xa4\/","url":"https:\/\/www.smartystore.it\/fr\/prodotto\/cadre-daffichage-a-clipser-4xa4\/","name":"Cadre d'affichage \u00e0 clipser 4xA4 - Smarty Store Au Meilleur Prix","isPartOf":{"@id":"https:\/\/www.smartystore.it\/fr\/#website"},"primaryImageOfPage":{"@id":"https:\/\/www.smartystore.it\/fr\/prodotto\/cadre-daffichage-a-clipser-4xa4\/#primaryimage"},"image":{"@id":"https:\/\/www.smartystore.it\/fr\/prodotto\/cadre-daffichage-a-clipser-4xa4\/#primaryimage"},"thumbnailUrl":"https:\/\/www.smartystore.it\/v25\/wp-content\/uploads\/2021\/04\/Cornice-a-scatto-autoportante-4xA4-monofacciale-bifacciale-verticale-orizzontale-angolo-vivo-tondo-profilo-30-6.jpg","datePublished":"2021-04-06T13:12:59+00:00","dateModified":"2026-03-14T16:36:08+00:00","description":"Pr\u00e9sentoir \u00e0 cadre clipsable simple ou double face 4xA4 avec possibilit\u00e9 de choisir la finition, qu'elle soit avec un coin pointu ou rond.","breadcrumb":{"@id":"https:\/\/www.smartystore.it\/fr\/prodotto\/cadre-daffichage-a-clipser-4xa4\/#breadcrumb"},"inLanguage":"fr-FR","potentialAction":[{"@type":"ReadAction","target":["https:\/\/www.smartystore.it\/fr\/prodotto\/cadre-daffichage-a-clipser-4xa4\/"]}]},{"@type":"ImageObject","inLanguage":"fr-FR","@id":"https:\/\/www.smartystore.it\/fr\/prodotto\/cadre-daffichage-a-clipser-4xa4\/#primaryimage","url":"https:\/\/www.smartystore.it\/v25\/wp-content\/uploads\/2021\/04\/Cornice-a-scatto-autoportante-4xA4-monofacciale-bifacciale-verticale-orizzontale-angolo-vivo-tondo-profilo-30-6.jpg","contentUrl":"https:\/\/www.smartystore.it\/v25\/wp-content\/uploads\/2021\/04\/Cornice-a-scatto-autoportante-4xA4-monofacciale-bifacciale-verticale-orizzontale-angolo-vivo-tondo-profilo-30-6.jpg","width":1000,"height":1000,"caption":"Cadre d'affichage \u00e0 clipser 4xA4"},{"@type":"BreadcrumbList","@id":"https:\/\/www.smartystore.it\/fr\/prodotto\/cadre-daffichage-a-clipser-4xa4\/#breadcrumb","itemListElement":[{"@type":"ListItem","position":1,"name":"Home","item":"https:\/\/www.smartystore.it\/fr\/"},{"@type":"ListItem","position":2,"name":"Boutique","item":"https:\/\/www.smartystore.it\/fr\/boutique\/"},{"@type":"ListItem","position":3,"name":"Cadre d&#8217;affichage \u00e0 clipser 4xA4"}]},{"@type":"WebSite","@id":"https:\/\/www.smartystore.it\/fr\/#website","url":"https:\/\/www.smartystore.it\/fr\/","name":"Smarty Store","description":"Espositori Pubblicitari e Sistemi di Comunicazione Visiva","potentialAction":[{"@type":"SearchAction","target":{"@type":"EntryPoint","urlTemplate":"https:\/\/www.smartystore.it\/fr\/?s={search_term_string}"},"query-input":{"@type":"PropertyValueSpecification","valueRequired":true,"valueName":"search_term_string"}}],"inLanguage":"fr-FR"}]}},"brands":[],"_links":{"self":[{"href":"https:\/\/www.smartystore.it\/fr\/wp-json\/wp\/v2\/product\/93418","targetHints":{"allow":["GET"]}}],"collection":[{"href":"https:\/\/www.smartystore.it\/fr\/wp-json\/wp\/v2\/product"}],"about":[{"href":"https:\/\/www.smartystore.it\/fr\/wp-json\/wp\/v2\/types\/product"}],"replies":[{"embeddable":true,"href":"https:\/\/www.smartystore.it\/fr\/wp-json\/wp\/v2\/comments?post=93418"}],"wp:featuredmedia":[{"embeddable":true,"href":"https:\/\/www.smartystore.it\/fr\/wp-json\/wp\/v2\/media\/93419"}],"wp:attachment":[{"href":"https:\/\/www.smartystore.it\/fr\/wp-json\/wp\/v2\/media?parent=93418"}],"wp:term":[{"taxonomy":"pwb-brand","embeddable":true,"href":"https:\/\/www.smartystore.it\/fr\/wp-json\/wp\/v2\/pwb-brand?post=93418"},{"taxonomy":"product_brand","embeddable":true,"href":"https:\/\/www.smartystore.it\/fr\/wp-json\/wp\/v2\/product_brand?post=93418"},{"taxonomy":"product_cat","embeddable":true,"href":"https:\/\/www.smartystore.it\/fr\/wp-json\/wp\/v2\/product_cat?post=93418"},{"taxonomy":"product_tag","embeddable":true,"href":"https:\/\/www.smartystore.it\/fr\/wp-json\/wp\/v2\/product_tag?post=93418"}],"curies":[{"name":"wp","href":"https:\/\/api.w.org\/{rel}","templated":true}]}}