{"id":93074,"date":"2020-06-22T15:33:59","date_gmt":"2020-06-22T13:33:59","guid":{"rendered":"https:\/\/www.smartystore.it\/prodotto\/support-de-distributeur\/"},"modified":"2025-04-11T18:03:40","modified_gmt":"2025-04-11T16:03:40","slug":"support-de-distributeur","status":"publish","type":"product","link":"https:\/\/www.smartystore.it\/fr\/prodotto\/support-de-distributeur\/","title":{"rendered":"Support de distributeur"},"content":{"rendered":"<h2>Colonnina porta dispenser<\/h2>\n<p>Smarty Store propose cette colonne distributrice de d\u00e9sinfectant pour les mains \u00e0 placer dans des points strat\u00e9giques tels que l&rsquo;entr\u00e9e des pharmacies, des entreprises, devant les comptoirs et les bureaux, pour donner aux gens la possibilit\u00e9 de se d\u00e9sinfecter les mains, r\u00e9duisant ainsi la possibilit\u00e9 de contagion et de propagation des virus. Utile \u00e0 toute p\u00e9riode mais surtout en ce moment pour tenter de surmonter l&rsquo;urgence sanitaire provoqu\u00e9e par le Corona Virus (Covid-19).<\/p>\n<p>Il s&rsquo;agit d&rsquo;un pr\u00e9sentoir \u00e0 structure autoportante qui fait partie de la gamme SERIE QUADRA. Fabriqu\u00e9 enti\u00e8rement en aluminium, il est compos\u00e9 d&rsquo;un support sur lequel poser le d\u00e9sinfectant pour les mains ou le savon (non inclus dans l&#8217;emballage, afin que chacun puisse placer le produit qu&rsquo;il consid\u00e8re le mieux adapt\u00e9 \u00e0 ses besoins et \u00e0 ses situations), d&rsquo;un montant \u00e0 section carr\u00e9e (d&rsquo;o\u00f9 d\u00e9rive le nom de la s\u00e9rie) et d&rsquo;une base en m\u00e9tal thermolaqu\u00e9 argent\u00e9.<\/p>\n<p>Il est possible d&rsquo;acheter la structure seule. Dans ce cas, le montant sera de 115 cm. Ou vous pouvez personnaliser l&rsquo;affichage avec l&rsquo;ajout d&rsquo;un cadre clic-clac neutre \u00e0 positionner sur le montant, ou compl\u00e9ter avec les normes d&rsquo;hygi\u00e8ne et de sant\u00e9 \u00e0 respecter. Dans ce cas, le montant sera de 150 cm.   <\/p>\n<p>\u00c0 noter \u00e9galement que le support du distributeur est r\u00e9glable en hauteur et que le cadre est con\u00e7u pour une orientation verticale et horizontale.<\/p>\n<h3>CARACT\u00c9RISTIQUES:<\/h3>\n<p>Pr\u00e9sentoir autoportant en aluminium anodis\u00e9 argent.<\/p>\n<p>Base carr\u00e9e en m\u00e9tal thermolaqu\u00e9 argent (cm.) : L 32 &#8211; P 32<\/p>\n<p>Protection en caoutchouc antid\u00e9rapante sous la base.<\/p>\n<p><span style=\"text-decoration: underline;\"><strong>BASE ANTI-TR\u00c9CISSEMENT ULTRA PLATE : \u00e9paisseur 6 mm.<\/strong><\/span><\/p>\n<p>Montant en aluminium \u00e0 section carr\u00e9e mm. 30<\/p>\n<p>Hauteur verticale pour la version simple : cm. 115<\/p>\n<p>Hauteur du montant pour la version avec ajout du cadre \u00e0 clipser : cm. 150<\/p>\n<p>Support de distributeur pour placer votre propre distributeur de d\u00e9sinfectant\/savon en aluminium ray\u00e9.<\/p>\n<p><strong>Bouteille de d\u00e9sinfectant\/savon non incluse.<\/strong><\/p>\n<p>Pr\u00e9sentoir \u00e9galement disponible dans la version avec cadre clic-clac pratique A4 et avec l&rsquo;impression de l&rsquo;affiche A4 avec les normes d&rsquo;hygi\u00e8ne et de sant\u00e9 \u00e0 adopter.<\/p>\n<p>SmartyStore assiste pleinement ses clients donc, si vous avez besoin d&rsquo;affiches A4 \u00e0 ins\u00e9rer dans le cadre, vous pouvez trouver ce que vous cherchez sur le <a href=\"https:\/\/www.smartystore.it\/prodotto\/stampa-poster-monofacciale-su-carta\/\" target=\"_blank\" rel=\"noopener\"><strong>LIEN <\/strong><\/a>suivant<\/p>\n<table style=\"height: 50px; background-color: #ffffff; ; width: 250px;\" border=\"0\">\n<tbody>\n<tr>\n<td style=\"text-align: center;\"><a href=\"https:\/\/www.smartystore.it\/wp-content\/uploads\/2020\/06\/Colonnina_Porta-dispenser_Scheda.pdf\" target=\"_blank\" rel=\"noopener noreferrer\"><img loading=\"lazy\" decoding=\"async\" class=\" size-full wp-image-31489\" style=\"vertical-align: middle;\" src=\"https:\/\/www.smartystore.it\/wp-content\/uploads\/2013\/05\/freccia-scarica.jpg\" alt=\"\" width=\"30\" height=\"30\"><\/a><\/td>\n<td><a href=\"https:\/\/www.smartystore.it\/wp-content\/uploads\/2020\/06\/Colonnina_Porta-dispenser_Scheda.pdf\" target=\"_blank\" rel=\"noopener noreferrer\"><strong>FICHE TECHNIQUE<\/strong><\/a><\/td>\n<\/tr>\n<\/tbody>\n<\/table>\n","protected":false},"excerpt":{"rendered":"<p>Pr\u00e9sentoir en aluminium avec \u00e9tag\u00e8re distributrice. Disponible \u00e9galement en version cadre photo A4 et avec une affiche imprim\u00e9e reprenant les r\u00e8gles d&rsquo;hygi\u00e8ne et de sant\u00e9 \u00e0 adopter.<\/p>\n","protected":false},"featured_media":93075,"comment_status":"open","ping_status":"closed","template":"","meta":{"_acf_changed":false},"pwb-brand":[],"product_brand":[],"product_cat":[2915,3660,3013,3018,2914],"product_tag":[],"class_list":{"0":"post-93074","1":"product","2":"type-product","3":"status-publish","4":"has-post-thumbnail","6":"product_cat-ecrans-avec-cadres-instantanes","7":"product_cat-hygiene-et-protection","8":"product_cat-porte-affiche-au-sol","9":"product_cat-presentoirs-publicitaires","10":"product_cat-quadra-series-fr","11":"pa_c2c_color-argent","12":"pa_c2c_configurazione-structure-cadre-a4","13":"pa_c2c_configurazione-structure-cadre-a4-avec-normes-sanitaires-et-hygieniques-imprimees","14":"pa_c2c_configurazione-structure-uniquement","15":"pa_c2c_mono_bifacciale-simple-face","16":"pa_c2c_trovraprezzi-oui","17":"pa_serie-quadra-series","19":"first","20":"instock","21":"taxable","22":"shipping-taxable","23":"purchasable","24":"product-type-variable"},"acf":[],"yoast_head":"<!-- This site is optimized with the Yoast SEO plugin v27.4 - https:\/\/yoast.com\/product\/yoast-seo-wordpress\/ -->\n<title>Support de distributeur - Smarty Store<\/title>\n<meta name=\"description\" content=\"Colonne en aluminium personnalisable pour distributeur de d\u00e9sinfectant pour les mains\/savon avec ajout d&#039;un cadre clic-clac et d&#039;une affiche.\" \/>\n<meta name=\"robots\" content=\"index, follow, max-snippet:-1, max-image-preview:large, max-video-preview:-1\" \/>\n<link rel=\"canonical\" href=\"https:\/\/www.smartystore.it\/fr\/prodotto\/support-de-distributeur\/\" \/>\n<meta property=\"og:locale\" content=\"fr_FR\" \/>\n<meta property=\"og:type\" content=\"article\" \/>\n<meta property=\"og:title\" content=\"Support de distributeur - Smarty Store\" \/>\n<meta property=\"og:description\" content=\"Colonne en aluminium personnalisable pour distributeur de d\u00e9sinfectant pour les mains\/savon avec ajout d&#039;un cadre clic-clac et d&#039;une affiche.\" \/>\n<meta property=\"og:url\" content=\"https:\/\/www.smartystore.it\/fr\/prodotto\/support-de-distributeur\/\" \/>\n<meta property=\"og:site_name\" content=\"Smarty Store\" \/>\n<meta property=\"article:modified_time\" content=\"2025-04-11T16:03:40+00:00\" \/>\n<meta property=\"og:image\" content=\"https:\/\/www.smartystore.it\/v25\/wp-content\/uploads\/2020\/06\/Espositore-autoportante-alluminio-colonnina-porta-dispenser-disinfettante-sapone-con-profilo-da-30-2.jpg\" \/>\n\t<meta property=\"og:image:width\" content=\"1000\" \/>\n\t<meta property=\"og:image:height\" content=\"1000\" \/>\n\t<meta property=\"og:image:type\" content=\"image\/jpeg\" \/>\n<meta name=\"twitter:card\" content=\"summary_large_image\" \/>\n<meta name=\"twitter:label1\" content=\"Dur\u00e9e de lecture estim\u00e9e\" \/>\n\t<meta name=\"twitter:data1\" content=\"2 minutes\" \/>\n<script type=\"application\/ld+json\" class=\"yoast-schema-graph\">{\"@context\":\"https:\\\/\\\/schema.org\",\"@graph\":[{\"@type\":\"WebPage\",\"@id\":\"https:\\\/\\\/www.smartystore.it\\\/fr\\\/prodotto\\\/support-de-distributeur\\\/\",\"url\":\"https:\\\/\\\/www.smartystore.it\\\/fr\\\/prodotto\\\/support-de-distributeur\\\/\",\"name\":\"Support de distributeur - Smarty Store\",\"isPartOf\":{\"@id\":\"https:\\\/\\\/www.smartystore.it\\\/fr\\\/#website\"},\"primaryImageOfPage\":{\"@id\":\"https:\\\/\\\/www.smartystore.it\\\/fr\\\/prodotto\\\/support-de-distributeur\\\/#primaryimage\"},\"image\":{\"@id\":\"https:\\\/\\\/www.smartystore.it\\\/fr\\\/prodotto\\\/support-de-distributeur\\\/#primaryimage\"},\"thumbnailUrl\":\"https:\\\/\\\/www.smartystore.it\\\/v25\\\/wp-content\\\/uploads\\\/2020\\\/06\\\/Espositore-autoportante-alluminio-colonnina-porta-dispenser-disinfettante-sapone-con-profilo-da-30-2.jpg\",\"datePublished\":\"2020-06-22T13:33:59+00:00\",\"dateModified\":\"2025-04-11T16:03:40+00:00\",\"description\":\"Colonne en aluminium personnalisable pour distributeur de d\u00e9sinfectant pour les mains\\\/savon avec ajout d'un cadre clic-clac et d'une affiche.\",\"breadcrumb\":{\"@id\":\"https:\\\/\\\/www.smartystore.it\\\/fr\\\/prodotto\\\/support-de-distributeur\\\/#breadcrumb\"},\"inLanguage\":\"fr-FR\",\"potentialAction\":[{\"@type\":\"ReadAction\",\"target\":[\"https:\\\/\\\/www.smartystore.it\\\/fr\\\/prodotto\\\/support-de-distributeur\\\/\"]}]},{\"@type\":\"ImageObject\",\"inLanguage\":\"fr-FR\",\"@id\":\"https:\\\/\\\/www.smartystore.it\\\/fr\\\/prodotto\\\/support-de-distributeur\\\/#primaryimage\",\"url\":\"https:\\\/\\\/www.smartystore.it\\\/v25\\\/wp-content\\\/uploads\\\/2020\\\/06\\\/Espositore-autoportante-alluminio-colonnina-porta-dispenser-disinfettante-sapone-con-profilo-da-30-2.jpg\",\"contentUrl\":\"https:\\\/\\\/www.smartystore.it\\\/v25\\\/wp-content\\\/uploads\\\/2020\\\/06\\\/Espositore-autoportante-alluminio-colonnina-porta-dispenser-disinfettante-sapone-con-profilo-da-30-2.jpg\",\"width\":1000,\"height\":1000,\"caption\":\"Espositore autoportante alluminio colonnina porta dispenser disinfettante sapone con profilo da 30 2\"},{\"@type\":\"BreadcrumbList\",\"@id\":\"https:\\\/\\\/www.smartystore.it\\\/fr\\\/prodotto\\\/support-de-distributeur\\\/#breadcrumb\",\"itemListElement\":[{\"@type\":\"ListItem\",\"position\":1,\"name\":\"Home\",\"item\":\"https:\\\/\\\/www.smartystore.it\\\/fr\\\/\"},{\"@type\":\"ListItem\",\"position\":2,\"name\":\"Boutique\",\"item\":\"https:\\\/\\\/www.smartystore.it\\\/fr\\\/boutique\\\/\"},{\"@type\":\"ListItem\",\"position\":3,\"name\":\"Support de distributeur\"}]},{\"@type\":\"WebSite\",\"@id\":\"https:\\\/\\\/www.smartystore.it\\\/fr\\\/#website\",\"url\":\"https:\\\/\\\/www.smartystore.it\\\/fr\\\/\",\"name\":\"Smarty Store\",\"description\":\"Espositori Pubblicitari e Sistemi di Comunicazione Visiva\",\"potentialAction\":[{\"@type\":\"SearchAction\",\"target\":{\"@type\":\"EntryPoint\",\"urlTemplate\":\"https:\\\/\\\/www.smartystore.it\\\/fr\\\/?s={search_term_string}\"},\"query-input\":{\"@type\":\"PropertyValueSpecification\",\"valueRequired\":true,\"valueName\":\"search_term_string\"}}],\"inLanguage\":\"fr-FR\"}]}<\/script>\n<!-- \/ Yoast SEO plugin. -->","yoast_head_json":{"title":"Support de distributeur - Smarty Store","description":"Colonne en aluminium personnalisable pour distributeur de d\u00e9sinfectant pour les mains\/savon avec ajout d'un cadre clic-clac et d'une affiche.","robots":{"index":"index","follow":"follow","max-snippet":"max-snippet:-1","max-image-preview":"max-image-preview:large","max-video-preview":"max-video-preview:-1"},"canonical":"https:\/\/www.smartystore.it\/fr\/prodotto\/support-de-distributeur\/","og_locale":"fr_FR","og_type":"article","og_title":"Support de distributeur - Smarty Store","og_description":"Colonne en aluminium personnalisable pour distributeur de d\u00e9sinfectant pour les mains\/savon avec ajout d'un cadre clic-clac et d'une affiche.","og_url":"https:\/\/www.smartystore.it\/fr\/prodotto\/support-de-distributeur\/","og_site_name":"Smarty Store","article_modified_time":"2025-04-11T16:03:40+00:00","og_image":[{"width":1000,"height":1000,"url":"https:\/\/www.smartystore.it\/v25\/wp-content\/uploads\/2020\/06\/Espositore-autoportante-alluminio-colonnina-porta-dispenser-disinfettante-sapone-con-profilo-da-30-2.jpg","type":"image\/jpeg"}],"twitter_card":"summary_large_image","twitter_misc":{"Dur\u00e9e de lecture estim\u00e9e":"2 minutes"},"schema":{"@context":"https:\/\/schema.org","@graph":[{"@type":"WebPage","@id":"https:\/\/www.smartystore.it\/fr\/prodotto\/support-de-distributeur\/","url":"https:\/\/www.smartystore.it\/fr\/prodotto\/support-de-distributeur\/","name":"Support de distributeur - Smarty Store","isPartOf":{"@id":"https:\/\/www.smartystore.it\/fr\/#website"},"primaryImageOfPage":{"@id":"https:\/\/www.smartystore.it\/fr\/prodotto\/support-de-distributeur\/#primaryimage"},"image":{"@id":"https:\/\/www.smartystore.it\/fr\/prodotto\/support-de-distributeur\/#primaryimage"},"thumbnailUrl":"https:\/\/www.smartystore.it\/v25\/wp-content\/uploads\/2020\/06\/Espositore-autoportante-alluminio-colonnina-porta-dispenser-disinfettante-sapone-con-profilo-da-30-2.jpg","datePublished":"2020-06-22T13:33:59+00:00","dateModified":"2025-04-11T16:03:40+00:00","description":"Colonne en aluminium personnalisable pour distributeur de d\u00e9sinfectant pour les mains\/savon avec ajout d'un cadre clic-clac et d'une affiche.","breadcrumb":{"@id":"https:\/\/www.smartystore.it\/fr\/prodotto\/support-de-distributeur\/#breadcrumb"},"inLanguage":"fr-FR","potentialAction":[{"@type":"ReadAction","target":["https:\/\/www.smartystore.it\/fr\/prodotto\/support-de-distributeur\/"]}]},{"@type":"ImageObject","inLanguage":"fr-FR","@id":"https:\/\/www.smartystore.it\/fr\/prodotto\/support-de-distributeur\/#primaryimage","url":"https:\/\/www.smartystore.it\/v25\/wp-content\/uploads\/2020\/06\/Espositore-autoportante-alluminio-colonnina-porta-dispenser-disinfettante-sapone-con-profilo-da-30-2.jpg","contentUrl":"https:\/\/www.smartystore.it\/v25\/wp-content\/uploads\/2020\/06\/Espositore-autoportante-alluminio-colonnina-porta-dispenser-disinfettante-sapone-con-profilo-da-30-2.jpg","width":1000,"height":1000,"caption":"Espositore autoportante alluminio colonnina porta dispenser disinfettante sapone con profilo da 30 2"},{"@type":"BreadcrumbList","@id":"https:\/\/www.smartystore.it\/fr\/prodotto\/support-de-distributeur\/#breadcrumb","itemListElement":[{"@type":"ListItem","position":1,"name":"Home","item":"https:\/\/www.smartystore.it\/fr\/"},{"@type":"ListItem","position":2,"name":"Boutique","item":"https:\/\/www.smartystore.it\/fr\/boutique\/"},{"@type":"ListItem","position":3,"name":"Support de distributeur"}]},{"@type":"WebSite","@id":"https:\/\/www.smartystore.it\/fr\/#website","url":"https:\/\/www.smartystore.it\/fr\/","name":"Smarty Store","description":"Espositori Pubblicitari e Sistemi di Comunicazione Visiva","potentialAction":[{"@type":"SearchAction","target":{"@type":"EntryPoint","urlTemplate":"https:\/\/www.smartystore.it\/fr\/?s={search_term_string}"},"query-input":{"@type":"PropertyValueSpecification","valueRequired":true,"valueName":"search_term_string"}}],"inLanguage":"fr-FR"}]}},"brands":[],"_links":{"self":[{"href":"https:\/\/www.smartystore.it\/fr\/wp-json\/wp\/v2\/product\/93074","targetHints":{"allow":["GET"]}}],"collection":[{"href":"https:\/\/www.smartystore.it\/fr\/wp-json\/wp\/v2\/product"}],"about":[{"href":"https:\/\/www.smartystore.it\/fr\/wp-json\/wp\/v2\/types\/product"}],"replies":[{"embeddable":true,"href":"https:\/\/www.smartystore.it\/fr\/wp-json\/wp\/v2\/comments?post=93074"}],"wp:featuredmedia":[{"embeddable":true,"href":"https:\/\/www.smartystore.it\/fr\/wp-json\/wp\/v2\/media\/93075"}],"wp:attachment":[{"href":"https:\/\/www.smartystore.it\/fr\/wp-json\/wp\/v2\/media?parent=93074"}],"wp:term":[{"taxonomy":"pwb-brand","embeddable":true,"href":"https:\/\/www.smartystore.it\/fr\/wp-json\/wp\/v2\/pwb-brand?post=93074"},{"taxonomy":"product_brand","embeddable":true,"href":"https:\/\/www.smartystore.it\/fr\/wp-json\/wp\/v2\/product_brand?post=93074"},{"taxonomy":"product_cat","embeddable":true,"href":"https:\/\/www.smartystore.it\/fr\/wp-json\/wp\/v2\/product_cat?post=93074"},{"taxonomy":"product_tag","embeddable":true,"href":"https:\/\/www.smartystore.it\/fr\/wp-json\/wp\/v2\/product_tag?post=93074"}],"curies":[{"name":"wp","href":"https:\/\/api.w.org\/{rel}","templated":true}]}}