{"id":93057,"date":"2020-09-29T16:08:25","date_gmt":"2020-09-29T14:08:25","guid":{"rendered":"https:\/\/www.smartystore.it\/prodotto\/presentoir-avec-cadre-clic-clac-70x100\/"},"modified":"2026-04-21T18:17:10","modified_gmt":"2026-04-21T16:17:10","slug":"presentoir-avec-cadre-clic-clac-70x100","status":"publish","type":"product","link":"https:\/\/www.smartystore.it\/fr\/prodotto\/presentoir-avec-cadre-clic-clac-70x100\/","title":{"rendered":"Pr\u00e9sentoir \u00e0 cadre amovible 70&#215;100"},"content":{"rendered":"<h2>Pr\u00e9sentoir \u00e0 cadre amovible 70&#215;100<\/h2>\n<p>Le pr\u00e9sentoir 70&#215;100 snap frame est une structure sur pied qui fait partie de la ligne QUADRA SERIES. Enti\u00e8rement r\u00e9alis\u00e9 en aluminium, il se compose d&rsquo;un cadre d&rsquo;accrochage 70&#215;100 pour les imprim\u00e9s, d&rsquo;un montant \u00e0 section carr\u00e9e (d&rsquo;o\u00f9 le nom de la s\u00e9rie) et d&rsquo;une base en m\u00e9tal poudr\u00e9 argent\u00e9. <\/p>\n<p>Adapt\u00e9 \u00e0 l&rsquo;affichage de messages promotionnels ou m\u00eame simplement de messages pour indiquer la direction \u00e0 suivre pour atteindre les bureaux et les \u00e9tages souhait\u00e9s, le pr\u00e9sentoir autoportant avec cadre clic-clac peut \u00eatre utilis\u00e9 dans des endroits tels que les salles d&rsquo;exposition, les supermarch\u00e9s, les r\u00e9unions, les conventions, les entr\u00e9es d&rsquo;entreprise et dans tout endroit o\u00f9 vous avez besoin d&rsquo;afficher votre message.<\/p>\n<p>Une autre caract\u00e9ristique est le choix de la finition du cadre (angles vifs ou arrondis).<\/p>\n<p>Cet affichage peut \u00eatre personnalis\u00e9 selon vos besoins en choisissant la configuration qui correspond le mieux \u00e0 vos besoins lors de la phase d&rsquo;achat :<\/p>\n<ul>\n<li>Structure autoportante uniquement;<\/li>\n<li>Structure avec panneau forex imprim\u00e9;<\/li>\n<li>Avec panneau forex imprim\u00e9 complet avec pochette porte-brochure A4. Si vous achetez un pr\u00e9sentoir double face, il y aura deux poches (une de chaque c\u00f4t\u00e9). <\/li>\n<\/ul>\n<p>Une autre remarque suppl\u00e9mentaire est la possibilit\u00e9 de choisir lors de la commande si vous souhaitez l&rsquo;affichage en version simple face ou double face selon que vous devez le positionner sur un passage \u00e0 sens unique ou \u00e0 double sens.<\/p>\n<h3>CARACT\u00c9RISTIQUES:<\/h3>\n<p>Cadre : cadre 25 (largeur du profil : 25 mm.).<\/p>\n<p>Possibilit\u00e9 de choisir le type de cadre : coin pointu ou coin rond chrom\u00e9.<\/p>\n<p>Montant en aluminium anodis\u00e9 de section carr\u00e9e : H 185- L 2 cm.<\/p>\n<p>Base carr\u00e9e en m\u00e9tal thermolaqu\u00e9 argent : L 42 cm. &#8211; H 0,6 cm. &#8211; D 42 cm.  <\/p>\n<p><span style=\"text-decoration: underline;\"><strong>BASE ANTI-TR\u00c9CISSEMENT ULTRA PLATE : \u00e9paisseur 6 mm.<\/strong><\/span><\/p>\n<p>Application d&rsquo;un cadre clic-clac en aluminium argent\u00e9 avec protection PVC antireflet.<\/p>\n<p>Format imprim\u00e9 : 70&#215;100 cm.<\/p>\n<p>Zone visible : 68 x 98 cm<\/p>\n<p>Dimensions du cadre : 73 x 103 cm.<\/p>\n<p>Dimensions de l&rsquo;affichage : L 73 &#8211; H 185,6 &#8211; P 42<\/p>\n<p>Poids de l&rsquo;\u00e9cran : 10,5 kg.<\/p>\n<p>SmartyStore assiste pleinement ses clients. Si vous avez besoin de posters 70&#215;100 pour votre cadre, vous pouvez trouver ce que vous cherchez \u00e0 l&rsquo;adresse suivante <a href=\"https:\/\/www.smartystore.it\/it\/prodotto\/stampa-poster-monofacciale-su-carta\/\" target=\"_blank\" rel=\"noopener\"><strong>LIEN<br \/>\n<\/strong><\/a><\/p>\n<p><span style=\"color: #000000;\"><strong>Cette pr\u00e9sentation est \u00e9galement disponible en version PRO : cliquez <a href=\"https:\/\/www.smartystore.it\/fr\/prodotto\/presentoir-avec-cadre-clipsable-70x100-pro\/\" target=\"_blank\" rel=\"noopener\">ICI <\/a> <\/strong><\/span><\/p>\n<p><span style=\"color: #000000;\"><strong>Et dans la version \u00e0 un seul pilier : cliquez <a href=\"https:\/\/www.smartystore.it\/fr\/prodotto\/presentoir-a-cadre-instantane-70x100-avec-montant-simple\/\" target=\"_blank\" rel=\"noopener\">ICI<\/a><\/strong><\/span><\/p>\n<p><a href=\"https:\/\/www.smartystore.it\/v25\/wp-content\/uploads\/2024\/03\/Scheda-tecnica-cornici-autoportanti-silver-con-cornici-50x70-70x100-1.pdf\" target=\"_blank\" rel=\"noopener\"><img loading=\"lazy\" decoding=\"async\" class=\"alignnone size-full wp-image-93510\" src=\"https:\/\/www.smartystore.it\/v25\/wp-content\/uploads\/2014\/10\/SchedaTecnica-300-e1750084266903.png\" alt=\"\" width=\"249\" height=\"63\"><\/a><\/p>\n<table style=\"height: 144px; width: 90.6261%; border-collapse: collapse; border-style: double; border-color: #000000;\" border=\"1\" cellspacing=\"1\" cellpadding=\"1\">\n<tbody>\n<tr style=\"height: 50px; border-style: groove; border-color: #000000;\">\n<td style=\"width: 45.3628%; height: 24px; border-style: double; border-color: #f7a500;\"><\/td>\n<td style=\"width: 22.1996%; height: 24px; border-style: double; border-color: #f7a500; text-align: center;\"><strong>PISTE D\u00c9COUP\u00c9E AVANTE<\/strong><\/td>\n<td style=\"width: 22.8071%; height: 24px; border-style: double; border-color: #f7a500; text-align: center;\"><strong>PISTE D\u00c9COUP\u00c9E AU DOS<\/strong><\/td>\n<\/tr>\n<tr style=\"height: 1px;\">\n<td style=\"width: 45.3628%; height: 30px; border-style: solid; border-color: #000000;\" scope=\"rowgroup\"><strong>\u00c9CRAN SIMPLE FACE AVEC PANNEAU<\/strong><\/td>\n<td style=\"width: 22.1996%; height: 30px; border-style: double; border-color: #f7a500;\"><a href=\"https:\/\/www.smartystore.it\/v25\/wp-content\/uploads\/2024\/04\/PMA-70100_TracciatoStampa-Fronte.pdf\" target=\"_blank\" rel=\"noopener\"><img loading=\"lazy\" decoding=\"async\" class=\"size-full wp-image-93609 aligncenter\" src=\"https:\/\/www.smartystore.it\/v25\/wp-content\/uploads\/2021\/02\/LogoDownload_green-1.jpg\" alt=\"\" width=\"50\" height=\"50\"><\/a><\/td>\n<td style=\"width: 22.8071%; height: 30px; border-style: double; border-color: #f7a500;\"><a href=\"https:\/\/www.smartystore.it\/v25\/wp-content\/uploads\/2024\/04\/PMA-70100_TracciatoStampa-Monof-Retro.pdf\" target=\"_blank\" rel=\"noopener\"><img loading=\"lazy\" decoding=\"async\" class=\"size-full wp-image-93609 aligncenter\" src=\"https:\/\/www.smartystore.it\/v25\/wp-content\/uploads\/2021\/02\/LogoDownload_green-1.jpg\" alt=\"\" width=\"50\" height=\"50\"><\/a><\/td>\n<\/tr>\n<tr style=\"height: 1px;\">\n<td style=\"width: 45.3628%; height: 30px; border-style: double; border-color: #f7a500;\"><strong>\u00c9CRAN DOUBLE FACE AVEC PANNEAU<\/strong><\/td>\n<td style=\"width: 22.1996%; height: 30px; border-style: double; border-color: #f7a500;\"><a href=\"https:\/\/www.smartystore.it\/v25\/wp-content\/uploads\/2024\/04\/PMA-70100_TracciatoStampa-Fronte.pdf\" target=\"_blank\" rel=\"noopener\"><img loading=\"lazy\" decoding=\"async\" class=\"size-full wp-image-93609 aligncenter\" src=\"https:\/\/www.smartystore.it\/v25\/wp-content\/uploads\/2021\/02\/LogoDownload_green-1.jpg\" alt=\"\" width=\"50\" height=\"50\"><\/a><\/td>\n<td style=\"width: 22.8071%; height: 30px; border-style: double; border-color: #f7a500;\"><a href=\"https:\/\/www.smartystore.it\/v25\/wp-content\/uploads\/2024\/04\/PMA-70100_TracciatoStampa-Fronte.pdf\" target=\"_blank\" rel=\"noopener\"><img loading=\"lazy\" decoding=\"async\" class=\"size-full wp-image-93609 aligncenter\" src=\"https:\/\/www.smartystore.it\/v25\/wp-content\/uploads\/2021\/02\/LogoDownload_green-1.jpg\" alt=\"\" width=\"50\" height=\"50\"><\/a><\/td>\n<\/tr>\n<tr style=\"height: 1px;\">\n<td style=\"width: 45.3628%; height: 30px; border-style: double; border-color: #f7a500;\"><strong>PR\u00c9SENTOIR SIMPLE FACE AVEC PANNEAU ET PORTE-BROCHURE<\/strong><\/td>\n<td style=\"width: 22.1996%; height: 30px; border-style: double; border-color: #f7a500;\"><a href=\"https:\/\/www.smartystore.it\/v25\/wp-content\/uploads\/2024\/04\/PMA-70100_TracciatoStampa-Fronte-con-Tasca.pdf\" target=\"_blank\" rel=\"noopener\"><img loading=\"lazy\" decoding=\"async\" class=\"size-full wp-image-93609 aligncenter\" src=\"https:\/\/www.smartystore.it\/v25\/wp-content\/uploads\/2021\/02\/LogoDownload_green-1.jpg\" alt=\"\" width=\"50\" height=\"50\"><\/a><\/td>\n<td style=\"width: 22.8071%; height: 30px; border-style: double; border-color: #f7a500;\"><a href=\"https:\/\/www.smartystore.it\/v25\/wp-content\/uploads\/2024\/04\/PMA-70100_TracciatoStampa-Monof-Retro.pdf\" target=\"_blank\" rel=\"noopener\"><img loading=\"lazy\" decoding=\"async\" class=\"size-full wp-image-93609 aligncenter\" src=\"https:\/\/www.smartystore.it\/v25\/wp-content\/uploads\/2021\/02\/LogoDownload_green-1.jpg\" alt=\"\" width=\"50\" height=\"50\"><\/a><\/td>\n<\/tr>\n<tr style=\"height: 1px;\">\n<td style=\"width: 45.3628%; height: 30px; border-style: double; border-color: #f7a500;\"><strong>PR\u00c9SENTOIR DOUBLE FACE AVEC PANNEAU ET PORTE-BROCHURES<\/strong><\/td>\n<td style=\"width: 22.1996%; height: 30px; border-style: double; border-color: #f7a500;\"><a href=\"https:\/\/www.smartystore.it\/v25\/wp-content\/uploads\/2024\/04\/PMA-70100_TracciatoStampa-Fronte-con-Tasca.pdf\" target=\"_blank\" rel=\"noopener\"><img loading=\"lazy\" decoding=\"async\" class=\"size-full wp-image-93609 aligncenter\" src=\"https:\/\/www.smartystore.it\/v25\/wp-content\/uploads\/2021\/02\/LogoDownload_green-1.jpg\" alt=\"\" width=\"50\" height=\"50\"><\/a><\/td>\n<td style=\"width: 22.8071%; height: 30px; border-style: double; border-color: #f7a500;\"><a href=\"https:\/\/www.smartystore.it\/v25\/wp-content\/uploads\/2024\/04\/PMA-70100_TracciatoStampa-Fronte-con-Tasca.pdf\" target=\"_blank\" rel=\"noopener\"><img loading=\"lazy\" decoding=\"async\" class=\"size-full wp-image-93609 aligncenter\" src=\"https:\/\/www.smartystore.it\/v25\/wp-content\/uploads\/2021\/02\/LogoDownload_green-1.jpg\" alt=\"\" width=\"50\" height=\"50\"><\/a><\/td>\n<\/tr>\n<\/tbody>\n<\/table>\n","protected":false},"excerpt":{"rendered":"<p>Structure autoportante simple ou double face avec double montant en aluminium anodis\u00e9 \u00e0 section carr\u00e9e et cadre 70&#215;100. Possibilit\u00e9 de choisir le type de finition de l&rsquo;angle du cadre. <\/p>\n","protected":false},"featured_media":87294,"comment_status":"open","ping_status":"closed","template":"","meta":{"_acf_changed":false},"pwb-brand":[],"product_brand":[3872],"product_cat":[2915,2912,2914,2913],"product_tag":[3930,3929,3928,3927,3462,7333,3463],"class_list":{"0":"post-93057","1":"product","2":"type-product","3":"status-publish","4":"has-post-thumbnail","6":"product_brand-smartystore","7":"product_cat-ecrans-avec-cadres-instantanes","8":"product_cat-cadres-instantanes","9":"product_cat-quadra-series-fr","10":"product_cat-structures-autoportantes-et-soutient","11":"product_tag-cadre-autoportant-a-clipser-70x100","12":"product_tag-porte-affiche-70x100","13":"product_tag-porte-message-70x100","14":"product_tag-presentoir-70x100","15":"product_tag-presentoir-avec-cadre-clipsable-70x100","16":"product_tag-presentoir-daffiches-sur-pied-70x100","17":"product_tag-presentoir-totem-avec-cadre-snap-70x100","18":"pa_c2c_angolo-rond","19":"pa_c2c_angolo-vif","20":"pa_c2c_base-base-carree","21":"pa_c2c_color-argent","22":"pa_c2c_configurazione-exposant","23":"pa_c2c_configurazione-presentoir-panneau-imprime","24":"pa_c2c_configurazione-presentoir-panneau-imprime-porte-brochure","25":"pa_c2c_dimensione-70x100","26":"pa_c2c_mono_bifacciale-double-face","27":"pa_c2c_mono_bifacciale-simple-face","28":"pa_c2c_trovraprezzi-oui","29":"pa_serie-quadra-series","31":"first","32":"instock","33":"sale","34":"taxable","35":"shipping-taxable","36":"purchasable","37":"product-type-variable"},"acf":[],"yoast_head":"<!-- This site is optimized with the Yoast SEO plugin v27.4 - https:\/\/yoast.com\/product\/yoast-seo-wordpress\/ -->\n<title>Pr\u00e9sentoir \u00e0 cadre amovible 70x100 - Smarty Store Acheter au Meilleur Prix<\/title>\n<meta name=\"description\" content=\"Pr\u00e9sentoir recto ou recto-verso 70x100 \u00e0 cadre clipsable avec choix de finition, ar\u00eates vives ou arrondies.\" \/>\n<meta name=\"robots\" content=\"index, follow, max-snippet:-1, max-image-preview:large, max-video-preview:-1\" \/>\n<link rel=\"canonical\" href=\"https:\/\/www.smartystore.it\/fr\/prodotto\/presentoir-avec-cadre-clic-clac-70x100\/\" \/>\n<meta property=\"og:locale\" content=\"fr_FR\" \/>\n<meta property=\"og:type\" content=\"article\" \/>\n<meta property=\"og:title\" content=\"Pr\u00e9sentoir \u00e0 cadre amovible 70x100 - Smarty Store Acheter au Meilleur Prix\" \/>\n<meta property=\"og:description\" content=\"Pr\u00e9sentoir recto ou recto-verso 70x100 \u00e0 cadre clipsable avec choix de finition, ar\u00eates vives ou arrondies.\" \/>\n<meta property=\"og:url\" content=\"https:\/\/www.smartystore.it\/fr\/prodotto\/presentoir-avec-cadre-clic-clac-70x100\/\" \/>\n<meta property=\"og:site_name\" content=\"Smarty Store\" \/>\n<meta property=\"article:modified_time\" content=\"2026-04-21T16:17:10+00:00\" \/>\n<meta property=\"og:image\" content=\"https:\/\/www.smartystore.it\/v25\/wp-content\/uploads\/2021\/07\/Cornice-a-scatto-autoportante-70x100-monofacciale-bifacciale-verticale-angolo-vivo-tondo-personalizzabile.jpg\" \/>\n\t<meta property=\"og:image:width\" content=\"1000\" \/>\n\t<meta property=\"og:image:height\" content=\"1000\" \/>\n\t<meta property=\"og:image:type\" content=\"image\/jpeg\" \/>\n<meta name=\"twitter:card\" content=\"summary_large_image\" \/>\n<meta name=\"twitter:label1\" content=\"Dur\u00e9e de lecture estim\u00e9e\" \/>\n\t<meta name=\"twitter:data1\" content=\"5 minutes\" \/>\n<script type=\"application\/ld+json\" class=\"yoast-schema-graph\">{\"@context\":\"https:\\\/\\\/schema.org\",\"@graph\":[{\"@type\":\"WebPage\",\"@id\":\"https:\\\/\\\/www.smartystore.it\\\/fr\\\/prodotto\\\/presentoir-avec-cadre-clic-clac-70x100\\\/\",\"url\":\"https:\\\/\\\/www.smartystore.it\\\/fr\\\/prodotto\\\/presentoir-avec-cadre-clic-clac-70x100\\\/\",\"name\":\"Pr\u00e9sentoir \u00e0 cadre amovible 70x100 - Smarty Store Acheter au Meilleur Prix\",\"isPartOf\":{\"@id\":\"https:\\\/\\\/www.smartystore.it\\\/fr\\\/#website\"},\"primaryImageOfPage\":{\"@id\":\"https:\\\/\\\/www.smartystore.it\\\/fr\\\/prodotto\\\/presentoir-avec-cadre-clic-clac-70x100\\\/#primaryimage\"},\"image\":{\"@id\":\"https:\\\/\\\/www.smartystore.it\\\/fr\\\/prodotto\\\/presentoir-avec-cadre-clic-clac-70x100\\\/#primaryimage\"},\"thumbnailUrl\":\"https:\\\/\\\/www.smartystore.it\\\/v25\\\/wp-content\\\/uploads\\\/2021\\\/07\\\/Cornice-a-scatto-autoportante-70x100-monofacciale-bifacciale-verticale-angolo-vivo-tondo-personalizzabile.jpg\",\"datePublished\":\"2020-09-29T14:08:25+00:00\",\"dateModified\":\"2026-04-21T16:17:10+00:00\",\"description\":\"Pr\u00e9sentoir recto ou recto-verso 70x100 \u00e0 cadre clipsable avec choix de finition, ar\u00eates vives ou arrondies.\",\"breadcrumb\":{\"@id\":\"https:\\\/\\\/www.smartystore.it\\\/fr\\\/prodotto\\\/presentoir-avec-cadre-clic-clac-70x100\\\/#breadcrumb\"},\"inLanguage\":\"fr-FR\",\"potentialAction\":[{\"@type\":\"ReadAction\",\"target\":[\"https:\\\/\\\/www.smartystore.it\\\/fr\\\/prodotto\\\/presentoir-avec-cadre-clic-clac-70x100\\\/\"]}]},{\"@type\":\"ImageObject\",\"inLanguage\":\"fr-FR\",\"@id\":\"https:\\\/\\\/www.smartystore.it\\\/fr\\\/prodotto\\\/presentoir-avec-cadre-clic-clac-70x100\\\/#primaryimage\",\"url\":\"https:\\\/\\\/www.smartystore.it\\\/v25\\\/wp-content\\\/uploads\\\/2021\\\/07\\\/Cornice-a-scatto-autoportante-70x100-monofacciale-bifacciale-verticale-angolo-vivo-tondo-personalizzabile.jpg\",\"contentUrl\":\"https:\\\/\\\/www.smartystore.it\\\/v25\\\/wp-content\\\/uploads\\\/2021\\\/07\\\/Cornice-a-scatto-autoportante-70x100-monofacciale-bifacciale-verticale-angolo-vivo-tondo-personalizzabile.jpg\",\"width\":1000,\"height\":1000,\"caption\":\"Pr\u00e9sentoir avec cadre clic-clac 70x100\"},{\"@type\":\"BreadcrumbList\",\"@id\":\"https:\\\/\\\/www.smartystore.it\\\/fr\\\/prodotto\\\/presentoir-avec-cadre-clic-clac-70x100\\\/#breadcrumb\",\"itemListElement\":[{\"@type\":\"ListItem\",\"position\":1,\"name\":\"Home\",\"item\":\"https:\\\/\\\/www.smartystore.it\\\/fr\\\/\"},{\"@type\":\"ListItem\",\"position\":2,\"name\":\"Boutique\",\"item\":\"https:\\\/\\\/www.smartystore.it\\\/fr\\\/boutique\\\/\"},{\"@type\":\"ListItem\",\"position\":3,\"name\":\"Pr\u00e9sentoir \u00e0 cadre amovible 70&#215;100\"}]},{\"@type\":\"WebSite\",\"@id\":\"https:\\\/\\\/www.smartystore.it\\\/fr\\\/#website\",\"url\":\"https:\\\/\\\/www.smartystore.it\\\/fr\\\/\",\"name\":\"Smarty Store\",\"description\":\"Espositori Pubblicitari e Sistemi di Comunicazione Visiva\",\"potentialAction\":[{\"@type\":\"SearchAction\",\"target\":{\"@type\":\"EntryPoint\",\"urlTemplate\":\"https:\\\/\\\/www.smartystore.it\\\/fr\\\/?s={search_term_string}\"},\"query-input\":{\"@type\":\"PropertyValueSpecification\",\"valueRequired\":true,\"valueName\":\"search_term_string\"}}],\"inLanguage\":\"fr-FR\"}]}<\/script>\n<!-- \/ Yoast SEO plugin. -->","yoast_head_json":{"title":"Pr\u00e9sentoir \u00e0 cadre amovible 70x100 - Smarty Store Acheter au Meilleur Prix","description":"Pr\u00e9sentoir recto ou recto-verso 70x100 \u00e0 cadre clipsable avec choix de finition, ar\u00eates vives ou arrondies.","robots":{"index":"index","follow":"follow","max-snippet":"max-snippet:-1","max-image-preview":"max-image-preview:large","max-video-preview":"max-video-preview:-1"},"canonical":"https:\/\/www.smartystore.it\/fr\/prodotto\/presentoir-avec-cadre-clic-clac-70x100\/","og_locale":"fr_FR","og_type":"article","og_title":"Pr\u00e9sentoir \u00e0 cadre amovible 70x100 - Smarty Store Acheter au Meilleur Prix","og_description":"Pr\u00e9sentoir recto ou recto-verso 70x100 \u00e0 cadre clipsable avec choix de finition, ar\u00eates vives ou arrondies.","og_url":"https:\/\/www.smartystore.it\/fr\/prodotto\/presentoir-avec-cadre-clic-clac-70x100\/","og_site_name":"Smarty Store","article_modified_time":"2026-04-21T16:17:10+00:00","og_image":[{"width":1000,"height":1000,"url":"https:\/\/www.smartystore.it\/v25\/wp-content\/uploads\/2021\/07\/Cornice-a-scatto-autoportante-70x100-monofacciale-bifacciale-verticale-angolo-vivo-tondo-personalizzabile.jpg","type":"image\/jpeg"}],"twitter_card":"summary_large_image","twitter_misc":{"Dur\u00e9e de lecture estim\u00e9e":"5 minutes"},"schema":{"@context":"https:\/\/schema.org","@graph":[{"@type":"WebPage","@id":"https:\/\/www.smartystore.it\/fr\/prodotto\/presentoir-avec-cadre-clic-clac-70x100\/","url":"https:\/\/www.smartystore.it\/fr\/prodotto\/presentoir-avec-cadre-clic-clac-70x100\/","name":"Pr\u00e9sentoir \u00e0 cadre amovible 70x100 - Smarty Store Acheter au Meilleur Prix","isPartOf":{"@id":"https:\/\/www.smartystore.it\/fr\/#website"},"primaryImageOfPage":{"@id":"https:\/\/www.smartystore.it\/fr\/prodotto\/presentoir-avec-cadre-clic-clac-70x100\/#primaryimage"},"image":{"@id":"https:\/\/www.smartystore.it\/fr\/prodotto\/presentoir-avec-cadre-clic-clac-70x100\/#primaryimage"},"thumbnailUrl":"https:\/\/www.smartystore.it\/v25\/wp-content\/uploads\/2021\/07\/Cornice-a-scatto-autoportante-70x100-monofacciale-bifacciale-verticale-angolo-vivo-tondo-personalizzabile.jpg","datePublished":"2020-09-29T14:08:25+00:00","dateModified":"2026-04-21T16:17:10+00:00","description":"Pr\u00e9sentoir recto ou recto-verso 70x100 \u00e0 cadre clipsable avec choix de finition, ar\u00eates vives ou arrondies.","breadcrumb":{"@id":"https:\/\/www.smartystore.it\/fr\/prodotto\/presentoir-avec-cadre-clic-clac-70x100\/#breadcrumb"},"inLanguage":"fr-FR","potentialAction":[{"@type":"ReadAction","target":["https:\/\/www.smartystore.it\/fr\/prodotto\/presentoir-avec-cadre-clic-clac-70x100\/"]}]},{"@type":"ImageObject","inLanguage":"fr-FR","@id":"https:\/\/www.smartystore.it\/fr\/prodotto\/presentoir-avec-cadre-clic-clac-70x100\/#primaryimage","url":"https:\/\/www.smartystore.it\/v25\/wp-content\/uploads\/2021\/07\/Cornice-a-scatto-autoportante-70x100-monofacciale-bifacciale-verticale-angolo-vivo-tondo-personalizzabile.jpg","contentUrl":"https:\/\/www.smartystore.it\/v25\/wp-content\/uploads\/2021\/07\/Cornice-a-scatto-autoportante-70x100-monofacciale-bifacciale-verticale-angolo-vivo-tondo-personalizzabile.jpg","width":1000,"height":1000,"caption":"Pr\u00e9sentoir avec cadre clic-clac 70x100"},{"@type":"BreadcrumbList","@id":"https:\/\/www.smartystore.it\/fr\/prodotto\/presentoir-avec-cadre-clic-clac-70x100\/#breadcrumb","itemListElement":[{"@type":"ListItem","position":1,"name":"Home","item":"https:\/\/www.smartystore.it\/fr\/"},{"@type":"ListItem","position":2,"name":"Boutique","item":"https:\/\/www.smartystore.it\/fr\/boutique\/"},{"@type":"ListItem","position":3,"name":"Pr\u00e9sentoir \u00e0 cadre amovible 70&#215;100"}]},{"@type":"WebSite","@id":"https:\/\/www.smartystore.it\/fr\/#website","url":"https:\/\/www.smartystore.it\/fr\/","name":"Smarty Store","description":"Espositori Pubblicitari e Sistemi di Comunicazione Visiva","potentialAction":[{"@type":"SearchAction","target":{"@type":"EntryPoint","urlTemplate":"https:\/\/www.smartystore.it\/fr\/?s={search_term_string}"},"query-input":{"@type":"PropertyValueSpecification","valueRequired":true,"valueName":"search_term_string"}}],"inLanguage":"fr-FR"}]}},"brands":[],"_links":{"self":[{"href":"https:\/\/www.smartystore.it\/fr\/wp-json\/wp\/v2\/product\/93057","targetHints":{"allow":["GET"]}}],"collection":[{"href":"https:\/\/www.smartystore.it\/fr\/wp-json\/wp\/v2\/product"}],"about":[{"href":"https:\/\/www.smartystore.it\/fr\/wp-json\/wp\/v2\/types\/product"}],"replies":[{"embeddable":true,"href":"https:\/\/www.smartystore.it\/fr\/wp-json\/wp\/v2\/comments?post=93057"}],"wp:featuredmedia":[{"embeddable":true,"href":"https:\/\/www.smartystore.it\/fr\/wp-json\/wp\/v2\/media\/87294"}],"wp:attachment":[{"href":"https:\/\/www.smartystore.it\/fr\/wp-json\/wp\/v2\/media?parent=93057"}],"wp:term":[{"taxonomy":"pwb-brand","embeddable":true,"href":"https:\/\/www.smartystore.it\/fr\/wp-json\/wp\/v2\/pwb-brand?post=93057"},{"taxonomy":"product_brand","embeddable":true,"href":"https:\/\/www.smartystore.it\/fr\/wp-json\/wp\/v2\/product_brand?post=93057"},{"taxonomy":"product_cat","embeddable":true,"href":"https:\/\/www.smartystore.it\/fr\/wp-json\/wp\/v2\/product_cat?post=93057"},{"taxonomy":"product_tag","embeddable":true,"href":"https:\/\/www.smartystore.it\/fr\/wp-json\/wp\/v2\/product_tag?post=93057"}],"curies":[{"name":"wp","href":"https:\/\/api.w.org\/{rel}","templated":true}]}}