{"id":93051,"date":"2024-11-20T12:16:23","date_gmt":"2025-04-11T14:38:22","guid":{"rendered":"https:\/\/www.smartystore.it\/prodotto\/totem-multimedia-daffichage-numerique-simple-face-avec-ecran-55-pour-lexterieur\/"},"modified":"2025-04-11T16:38:22","modified_gmt":"2025-04-11T14:38:22","slug":"totem-multimedia-daffichage-numerique-simple-face-avec-ecran-55-pour-lexterieur","status":"publish","type":"product","link":"https:\/\/www.smartystore.it\/fr\/prodotto\/totem-multimedia-daffichage-numerique-simple-face-avec-ecran-55-pour-lexterieur\/","title":{"rendered":"Totem multim\u00e9dia d&rsquo;affichage num\u00e9rique simple face avec \u00e9cran 55&Prime; pour l&rsquo;ext\u00e9rieur"},"content":{"rendered":"<h2>Affichage num\u00e9rique totem multim\u00e9dia simple face<\/h2>\n<p>Totem multim\u00e9dia simple face avec \u00e9cran ext\u00e9rieur Full HD 55 pouces : communiquer votre marque n&rsquo;a jamais \u00e9t\u00e9 aussi simple et accessible \u00e0 tous. Ce <strong>syst\u00e8me d&rsquo;affichage dynamique<\/strong> est imm\u00e9diatement op\u00e9rationnel : il suffit de brancher l&rsquo;alimentation et, via un lecteur num\u00e9rique ou une cl\u00e9 USB, vos messages promotionnels sont diffus\u00e9s en quelques secondes. <\/p>\n<p>Conception simple et innovante avec un encombrement tr\u00e8s r\u00e9duit. La structure l\u00e9g\u00e8re et autoportante du totem num\u00e9rique en aluminium rend ce syst\u00e8me d&rsquo;affichage num\u00e9rique facile \u00e0 transporter et \u00e0 connecter. <\/p>\n<p><strong>Le totem multim\u00e9dia d&rsquo;affichage dynamique simple face est enti\u00e8rement m\u00e9tallique<\/strong> et c\u00e2bl\u00e9 en interne avec un <strong>\u00e9cran professionnel <\/strong>Full HD de 55&Prime; certifi\u00e9 IP65. Gr\u00e2ce \u00e0 ces caract\u00e9ristiques, vous disposez d&rsquo;un produit fiable, r\u00e9sistant aux chocs, \u00e0 la poussi\u00e8re, \u00e0 l&rsquo;eau et \u00e0 l&rsquo;humidit\u00e9.. <\/p>\n<p>Montage vertical du moniteur<\/p>\n<p>Le totem est simple face et le moniteur est prot\u00e9g\u00e9 en fa\u00e7ade par un verre tremp\u00e9 incassable de 6 mm.<\/p>\n<p>D\u00e9lai de livraison : environ 50 jours<\/p>\n<h3>TOTEM<\/h3>\n<p><strong>Totem pour usage ext\u00e9rieur <\/strong>en acier thermolaqu\u00e9, base en fer et verre anti-vandalisme pour une solidit\u00e9 et une s\u00e9curit\u00e9 maximales.<\/p>\n<p>Couleur : Noir<\/p>\n<p>Dimensions du totem : cm. 89,5 x 226 x 13,7 (sans base)<\/p>\n<p>Base en m\u00e9tal : cm. 104,5 x 46,3<\/p>\n<p>Convient \u00e0 une utilisation en ext\u00e9rieur car il n&rsquo;est pas affect\u00e9 par les agents atmosph\u00e9riques.<\/p>\n<p>Poids: Kg. 115.00<\/p>\n<p><strong>MONITEUR<\/strong><\/p>\n<p>\u00c9cran LCD 55&Prime; avec technologie d&rsquo;\u00e9clairage LED direct<\/p>\n<p>R\u00e9solution graphique Full HD 1920 x 1080<\/p>\n<p>Luminosit\u00e9: 4000 cd\/m2<\/p>\n<p>Contraste: 5000:1<\/p>\n<p>\u00c9lectronique interne con\u00e7ue pour un fonctionnement 24h\/24 et 7j\/7.<\/p>\n<p>Verre tremp\u00e9 de 6 mm.<\/p>\n<p><strong>LECTEUR DE GESTION DE CONTENU (facultatif)<\/strong><\/p>\n<p>Le totem peut \u00eatre associ\u00e9 \u00e0 un lecteur de gestion d&rsquo;images et de vid\u00e9os ou \u00e0 un lecteur de visualisation de pages web.<\/p>\n<p>Cette fonctionnalit\u00e9 est particuli\u00e8rement utile pour les cha\u00eenes de magasins, les centres commerciaux, les banques, les restaurants, etc. pour mettre \u00e0 jour le contenu de plusieurs totems\/moniteurs positionn\u00e9s \u00e0 diff\u00e9rents endroits.<br \/>\nTout ce dont vous avez besoin est un ordinateur portable avec une connexion Internet et vous pouvez modifier les images\/vid\u00e9os directement depuis votre domicile ou votre bureau, qui peuvent \u00e9galement \u00eatre personnalis\u00e9es pour chaque moniteur individuel.<\/p>\n<p>Logiciel de composition de routines de contenu.<\/p>\n<p>Voir les images et\/ou les vid\u00e9os.<\/p>\n<p>M\u00e9moire : avec carte SD<\/p>\n<p>Pour la gestion de contenu \u00e0 distance, un serveur Web avec serveur Windows install\u00e9 est requis (service optionnel fourni sur demande)<\/p>\n<p>&nbsp;<\/p>\n<p><strong>SERVICES OPTIONNELS<\/strong><\/p>\n<p>Serveur Web avec serveur Windows<\/p>\n<p>Cr\u00e9ation d&rsquo;images et de vid\u00e9os \u00e0 reproduire<\/p>\n<p>Gestion de contenu audio\/vid\u00e9o<\/p>\n","protected":false},"excerpt":{"rendered":"<p><strong>Totem multim\u00e9dia d&rsquo;affichage num\u00e9rique simple face avec moniteur ext\u00e9rieur 55&Prime;<\/strong> compos\u00e9 d&rsquo;un totem filaire, d&rsquo;un <strong>moniteur publicitaire <\/strong>Full HD IP65 r\u00e9sistant \u00e0 l&rsquo;eau 55&Prime;.<\/p>\n","protected":false},"featured_media":89820,"comment_status":"open","ping_status":"closed","template":"","meta":{"_acf_changed":false},"pwb-brand":[],"product_brand":[],"product_cat":[3009,3683,3679],"product_tag":[3687,3688],"class_list":{"0":"post-93051","1":"product","2":"type-product","3":"status-publish","4":"has-post-thumbnail","6":"product_cat-systemes-de-communication-daffichage-numerique-avec-moniteurs-lcd","7":"product_cat-totem-et-monitor-digital-signage","8":"product_cat-totems-publicitaires-et-dinformation","9":"product_tag-digital-signage-fr","10":"product_tag-totems-numeriques","11":"pa_c2c_color-noir","12":"pa_c2c_configurazione-totem-fr","13":"pa_c2c_configurazione-totem-lecteur","14":"pa_c2c_dimensione-55-fr","15":"pa_c2c_mono_bifacciale-simple-face","16":"pa_c2c_orientamento-verticale","17":"pa_c2c_trovraprezzi-oui","19":"first","20":"instock","21":"taxable","22":"shipping-taxable","23":"purchasable","24":"product-type-variable"},"acf":[],"yoast_head":"<!-- This site is optimized with the Yoast SEO plugin v27.4 - https:\/\/yoast.com\/product\/yoast-seo-wordpress\/ -->\n<title>Affichage num\u00e9rique totem multim\u00e9dia simple face<\/title>\n<meta name=\"description\" content=\"Totem multim\u00e9dia simple face pour affichage dynamique avec \u00e9cran ext\u00e9rieur Full HD 55&quot;. Gestion de contenu sur site ou \u00e0 distance via connexion web.\" \/>\n<meta name=\"robots\" content=\"index, follow, max-snippet:-1, max-image-preview:large, max-video-preview:-1\" \/>\n<link rel=\"canonical\" href=\"https:\/\/www.smartystore.it\/fr\/prodotto\/totem-multimedia-daffichage-numerique-simple-face-avec-ecran-55-pour-lexterieur\/\" \/>\n<meta property=\"og:locale\" content=\"fr_FR\" \/>\n<meta property=\"og:type\" content=\"article\" \/>\n<meta property=\"og:title\" content=\"Affichage num\u00e9rique totem multim\u00e9dia simple face\" \/>\n<meta property=\"og:description\" content=\"Totem multim\u00e9dia simple face pour affichage dynamique avec \u00e9cran ext\u00e9rieur Full HD 55&quot;. Gestion de contenu sur site ou \u00e0 distance via connexion web.\" \/>\n<meta property=\"og:url\" content=\"https:\/\/www.smartystore.it\/fr\/prodotto\/totem-multimedia-daffichage-numerique-simple-face-avec-ecran-55-pour-lexterieur\/\" \/>\n<meta property=\"og:site_name\" content=\"Smarty Store\" \/>\n<meta property=\"og:image\" content=\"https:\/\/www.smartystore.it\/v25\/wp-content\/uploads\/2024\/11\/SVB-T55BLK-ext-f.jpg\" \/>\n\t<meta property=\"og:image:width\" content=\"1000\" \/>\n\t<meta property=\"og:image:height\" content=\"1000\" \/>\n\t<meta property=\"og:image:type\" content=\"image\/jpeg\" \/>\n<meta name=\"twitter:card\" content=\"summary_large_image\" \/>\n<meta name=\"twitter:label1\" content=\"Dur\u00e9e de lecture estim\u00e9e\" \/>\n\t<meta name=\"twitter:data1\" content=\"2 minutes\" \/>\n<script type=\"application\/ld+json\" class=\"yoast-schema-graph\">{\"@context\":\"https:\\\/\\\/schema.org\",\"@graph\":[{\"@type\":\"WebPage\",\"@id\":\"https:\\\/\\\/www.smartystore.it\\\/fr\\\/prodotto\\\/totem-multimedia-daffichage-numerique-simple-face-avec-ecran-55-pour-lexterieur\\\/\",\"url\":\"https:\\\/\\\/www.smartystore.it\\\/fr\\\/prodotto\\\/totem-multimedia-daffichage-numerique-simple-face-avec-ecran-55-pour-lexterieur\\\/\",\"name\":\"Affichage num\u00e9rique totem multim\u00e9dia simple face\",\"isPartOf\":{\"@id\":\"https:\\\/\\\/www.smartystore.it\\\/fr\\\/#website\"},\"primaryImageOfPage\":{\"@id\":\"https:\\\/\\\/www.smartystore.it\\\/fr\\\/prodotto\\\/totem-multimedia-daffichage-numerique-simple-face-avec-ecran-55-pour-lexterieur\\\/#primaryimage\"},\"image\":{\"@id\":\"https:\\\/\\\/www.smartystore.it\\\/fr\\\/prodotto\\\/totem-multimedia-daffichage-numerique-simple-face-avec-ecran-55-pour-lexterieur\\\/#primaryimage\"},\"thumbnailUrl\":\"https:\\\/\\\/www.smartystore.it\\\/v25\\\/wp-content\\\/uploads\\\/2024\\\/11\\\/SVB-T55BLK-ext-f.jpg\",\"datePublished\":\"2025-04-11T14:38:22+00:00\",\"description\":\"Totem multim\u00e9dia simple face pour affichage dynamique avec \u00e9cran ext\u00e9rieur Full HD 55\\\". Gestion de contenu sur site ou \u00e0 distance via connexion web.\",\"breadcrumb\":{\"@id\":\"https:\\\/\\\/www.smartystore.it\\\/fr\\\/prodotto\\\/totem-multimedia-daffichage-numerique-simple-face-avec-ecran-55-pour-lexterieur\\\/#breadcrumb\"},\"inLanguage\":\"fr-FR\",\"potentialAction\":[{\"@type\":\"ReadAction\",\"target\":[\"https:\\\/\\\/www.smartystore.it\\\/fr\\\/prodotto\\\/totem-multimedia-daffichage-numerique-simple-face-avec-ecran-55-pour-lexterieur\\\/\"]}]},{\"@type\":\"ImageObject\",\"inLanguage\":\"fr-FR\",\"@id\":\"https:\\\/\\\/www.smartystore.it\\\/fr\\\/prodotto\\\/totem-multimedia-daffichage-numerique-simple-face-avec-ecran-55-pour-lexterieur\\\/#primaryimage\",\"url\":\"https:\\\/\\\/www.smartystore.it\\\/v25\\\/wp-content\\\/uploads\\\/2024\\\/11\\\/SVB-T55BLK-ext-f.jpg\",\"contentUrl\":\"https:\\\/\\\/www.smartystore.it\\\/v25\\\/wp-content\\\/uploads\\\/2024\\\/11\\\/SVB-T55BLK-ext-f.jpg\",\"width\":1000,\"height\":1000,\"caption\":\"Totem Multimediale Digital Signage con monitor 55\u2033 per Esterno\"},{\"@type\":\"BreadcrumbList\",\"@id\":\"https:\\\/\\\/www.smartystore.it\\\/fr\\\/prodotto\\\/totem-multimedia-daffichage-numerique-simple-face-avec-ecran-55-pour-lexterieur\\\/#breadcrumb\",\"itemListElement\":[{\"@type\":\"ListItem\",\"position\":1,\"name\":\"Home\",\"item\":\"https:\\\/\\\/www.smartystore.it\\\/fr\\\/\"},{\"@type\":\"ListItem\",\"position\":2,\"name\":\"Boutique\",\"item\":\"https:\\\/\\\/www.smartystore.it\\\/fr\\\/boutique\\\/\"},{\"@type\":\"ListItem\",\"position\":3,\"name\":\"Totem multim\u00e9dia d&rsquo;affichage num\u00e9rique simple face avec \u00e9cran 55&Prime; pour l&rsquo;ext\u00e9rieur\"}]},{\"@type\":\"WebSite\",\"@id\":\"https:\\\/\\\/www.smartystore.it\\\/fr\\\/#website\",\"url\":\"https:\\\/\\\/www.smartystore.it\\\/fr\\\/\",\"name\":\"Smarty Store\",\"description\":\"Espositori Pubblicitari e Sistemi di Comunicazione Visiva\",\"potentialAction\":[{\"@type\":\"SearchAction\",\"target\":{\"@type\":\"EntryPoint\",\"urlTemplate\":\"https:\\\/\\\/www.smartystore.it\\\/fr\\\/?s={search_term_string}\"},\"query-input\":{\"@type\":\"PropertyValueSpecification\",\"valueRequired\":true,\"valueName\":\"search_term_string\"}}],\"inLanguage\":\"fr-FR\"}]}<\/script>\n<!-- \/ Yoast SEO plugin. -->","yoast_head_json":{"title":"Affichage num\u00e9rique totem multim\u00e9dia simple face","description":"Totem multim\u00e9dia simple face pour affichage dynamique avec \u00e9cran ext\u00e9rieur Full HD 55\". Gestion de contenu sur site ou \u00e0 distance via connexion web.","robots":{"index":"index","follow":"follow","max-snippet":"max-snippet:-1","max-image-preview":"max-image-preview:large","max-video-preview":"max-video-preview:-1"},"canonical":"https:\/\/www.smartystore.it\/fr\/prodotto\/totem-multimedia-daffichage-numerique-simple-face-avec-ecran-55-pour-lexterieur\/","og_locale":"fr_FR","og_type":"article","og_title":"Affichage num\u00e9rique totem multim\u00e9dia simple face","og_description":"Totem multim\u00e9dia simple face pour affichage dynamique avec \u00e9cran ext\u00e9rieur Full HD 55\". Gestion de contenu sur site ou \u00e0 distance via connexion web.","og_url":"https:\/\/www.smartystore.it\/fr\/prodotto\/totem-multimedia-daffichage-numerique-simple-face-avec-ecran-55-pour-lexterieur\/","og_site_name":"Smarty Store","og_image":[{"width":1000,"height":1000,"url":"https:\/\/www.smartystore.it\/v25\/wp-content\/uploads\/2024\/11\/SVB-T55BLK-ext-f.jpg","type":"image\/jpeg"}],"twitter_card":"summary_large_image","twitter_misc":{"Dur\u00e9e de lecture estim\u00e9e":"2 minutes"},"schema":{"@context":"https:\/\/schema.org","@graph":[{"@type":"WebPage","@id":"https:\/\/www.smartystore.it\/fr\/prodotto\/totem-multimedia-daffichage-numerique-simple-face-avec-ecran-55-pour-lexterieur\/","url":"https:\/\/www.smartystore.it\/fr\/prodotto\/totem-multimedia-daffichage-numerique-simple-face-avec-ecran-55-pour-lexterieur\/","name":"Affichage num\u00e9rique totem multim\u00e9dia simple face","isPartOf":{"@id":"https:\/\/www.smartystore.it\/fr\/#website"},"primaryImageOfPage":{"@id":"https:\/\/www.smartystore.it\/fr\/prodotto\/totem-multimedia-daffichage-numerique-simple-face-avec-ecran-55-pour-lexterieur\/#primaryimage"},"image":{"@id":"https:\/\/www.smartystore.it\/fr\/prodotto\/totem-multimedia-daffichage-numerique-simple-face-avec-ecran-55-pour-lexterieur\/#primaryimage"},"thumbnailUrl":"https:\/\/www.smartystore.it\/v25\/wp-content\/uploads\/2024\/11\/SVB-T55BLK-ext-f.jpg","datePublished":"2025-04-11T14:38:22+00:00","description":"Totem multim\u00e9dia simple face pour affichage dynamique avec \u00e9cran ext\u00e9rieur Full HD 55\". Gestion de contenu sur site ou \u00e0 distance via connexion web.","breadcrumb":{"@id":"https:\/\/www.smartystore.it\/fr\/prodotto\/totem-multimedia-daffichage-numerique-simple-face-avec-ecran-55-pour-lexterieur\/#breadcrumb"},"inLanguage":"fr-FR","potentialAction":[{"@type":"ReadAction","target":["https:\/\/www.smartystore.it\/fr\/prodotto\/totem-multimedia-daffichage-numerique-simple-face-avec-ecran-55-pour-lexterieur\/"]}]},{"@type":"ImageObject","inLanguage":"fr-FR","@id":"https:\/\/www.smartystore.it\/fr\/prodotto\/totem-multimedia-daffichage-numerique-simple-face-avec-ecran-55-pour-lexterieur\/#primaryimage","url":"https:\/\/www.smartystore.it\/v25\/wp-content\/uploads\/2024\/11\/SVB-T55BLK-ext-f.jpg","contentUrl":"https:\/\/www.smartystore.it\/v25\/wp-content\/uploads\/2024\/11\/SVB-T55BLK-ext-f.jpg","width":1000,"height":1000,"caption":"Totem Multimediale Digital Signage con monitor 55\u2033 per Esterno"},{"@type":"BreadcrumbList","@id":"https:\/\/www.smartystore.it\/fr\/prodotto\/totem-multimedia-daffichage-numerique-simple-face-avec-ecran-55-pour-lexterieur\/#breadcrumb","itemListElement":[{"@type":"ListItem","position":1,"name":"Home","item":"https:\/\/www.smartystore.it\/fr\/"},{"@type":"ListItem","position":2,"name":"Boutique","item":"https:\/\/www.smartystore.it\/fr\/boutique\/"},{"@type":"ListItem","position":3,"name":"Totem multim\u00e9dia d&rsquo;affichage num\u00e9rique simple face avec \u00e9cran 55&Prime; pour l&rsquo;ext\u00e9rieur"}]},{"@type":"WebSite","@id":"https:\/\/www.smartystore.it\/fr\/#website","url":"https:\/\/www.smartystore.it\/fr\/","name":"Smarty Store","description":"Espositori Pubblicitari e Sistemi di Comunicazione Visiva","potentialAction":[{"@type":"SearchAction","target":{"@type":"EntryPoint","urlTemplate":"https:\/\/www.smartystore.it\/fr\/?s={search_term_string}"},"query-input":{"@type":"PropertyValueSpecification","valueRequired":true,"valueName":"search_term_string"}}],"inLanguage":"fr-FR"}]}},"brands":[],"_links":{"self":[{"href":"https:\/\/www.smartystore.it\/fr\/wp-json\/wp\/v2\/product\/93051","targetHints":{"allow":["GET"]}}],"collection":[{"href":"https:\/\/www.smartystore.it\/fr\/wp-json\/wp\/v2\/product"}],"about":[{"href":"https:\/\/www.smartystore.it\/fr\/wp-json\/wp\/v2\/types\/product"}],"replies":[{"embeddable":true,"href":"https:\/\/www.smartystore.it\/fr\/wp-json\/wp\/v2\/comments?post=93051"}],"wp:featuredmedia":[{"embeddable":true,"href":"https:\/\/www.smartystore.it\/fr\/wp-json\/wp\/v2\/media\/89820"}],"wp:attachment":[{"href":"https:\/\/www.smartystore.it\/fr\/wp-json\/wp\/v2\/media?parent=93051"}],"wp:term":[{"taxonomy":"pwb-brand","embeddable":true,"href":"https:\/\/www.smartystore.it\/fr\/wp-json\/wp\/v2\/pwb-brand?post=93051"},{"taxonomy":"product_brand","embeddable":true,"href":"https:\/\/www.smartystore.it\/fr\/wp-json\/wp\/v2\/product_brand?post=93051"},{"taxonomy":"product_cat","embeddable":true,"href":"https:\/\/www.smartystore.it\/fr\/wp-json\/wp\/v2\/product_cat?post=93051"},{"taxonomy":"product_tag","embeddable":true,"href":"https:\/\/www.smartystore.it\/fr\/wp-json\/wp\/v2\/product_tag?post=93051"}],"curies":[{"name":"wp","href":"https:\/\/api.w.org\/{rel}","templated":true}]}}