{"id":93031,"date":"2016-07-07T13:49:27","date_gmt":"2016-07-07T11:49:27","guid":{"rendered":"https:\/\/www.smartystore.it\/prodotto\/lavagna-magnetica-200x100-in-acciaio-laccato\/"},"modified":"2025-04-10T17:26:56","modified_gmt":"2025-04-10T15:26:56","slug":"tableau-magnetique-200x100-en-acier-laque","status":"publish","type":"product","link":"https:\/\/www.smartystore.it\/fr\/prodotto\/tableau-magnetique-200x100-en-acier-laque\/","title":{"rendered":"Tableau magn\u00e9tique 200&#215;100 en acier laqu\u00e9"},"content":{"rendered":"<h2>Tableau magn\u00e9tique 200&#215;100 en acier laqu\u00e9<\/h2>\n<p>Le tableau blanc magn\u00e9tique 200&#215;100 en acier laqu\u00e9 repr\u00e9sente une solution polyvalente et fonctionnelle pour les environnements de travail, les \u00e9tudes ou les espaces \u00e9ducatifs. Ce mod\u00e8le est con\u00e7u avec un fond en acier laqu\u00e9, qui assure une surface inscriptible et facilement effa\u00e7able, id\u00e9ale pour les notes, les diagrammes et les pr\u00e9sentations. La propri\u00e9t\u00e9 magn\u00e9tique du tableau vous permet d&rsquo;utiliser des aimants pour attacher des documents ou des notes, ce qui en fait un \u00e9l\u00e9ment pratique pour toutes les situations.<\/p>\n<p>Le cadre en aluminium anodis\u00e9 argent\u00e9 conf\u00e8re \u00e0 la planche un aspect \u00e9l\u00e9gant et moderne, s&rsquo;int\u00e9grant parfaitement dans n&rsquo;importe quel d\u00e9cor. Sa robustesse assure une longue dur\u00e9e de vie, tandis que son design sobre et raffin\u00e9 lui permet d&rsquo;\u00eatre utilis\u00e9 aussi bien dans des contextes professionnels qu&rsquo;informels.<\/p>\n<p>Le syst\u00e8me de fixation murale facilite l&rsquo;installation, garantissant stabilit\u00e9 et s\u00e9curit\u00e9 d&rsquo;utilisation. De plus, la structure est \u00e9quip\u00e9e d&rsquo;un plateau d&rsquo;accessoires, utile pour ranger les marqueurs, les gommes et autres outils n\u00e9cessaires, gardant la zone de travail bien rang\u00e9e et organis\u00e9e.<\/p>\n<p>En bref, le tableau magn\u00e9tique 200&#215;100 en acier laqu\u00e9 est propos\u00e9 comme un outil valable de communication visuelle, alliant esth\u00e9tique et fonctionnalit\u00e9. Il est id\u00e9al pour ceux qui recherchent un produit de haute qualit\u00e9 pour faciliter leurs activit\u00e9s quotidiennes, tout en enrichissant l&rsquo;environnement de travail ou d&rsquo;\u00e9tudes. Choisir cette planche, c&rsquo;est opter pour une excellente exp\u00e9rience utilisateur, avec la certitude d&rsquo;avoir \u00e0 sa disposition un outil pratique et durable.<\/p>\n<p><strong>CARACT\u00c9RISTIQUES:<\/strong><\/p>\n<p>Tableau magn\u00e9tique de couleur blanche<\/p>\n<p>Surface en acier laqu\u00e9 inscriptible et effa\u00e7able avec des marqueurs effa\u00e7ables \u00e0 sec.<\/p>\n<p>Cadre en aluminium anodis\u00e9 argent<\/p>\n<p>Coins de protection en ABS<\/p>\n<p>Plateau d&rsquo;accessoires.<\/p>\n<p>Mat\u00e9riel de montage mural inclus.<\/p>\n<p>Peut \u00eatre positionn\u00e9 horizontalement et verticalement.<\/p>\n<p>Dimensions (LxH) : cm. 200x100x1,5<\/p>\n<p>Poids : 15,36 kg.<\/p>\n","protected":false},"excerpt":{"rendered":"<p>Tableau magn\u00e9tique avec surface en acier laqu\u00e9 sur lequel on peut \u00e9crire et effacer avec des marqueurs effa\u00e7ables \u00e0 sec.<\/p>\n","protected":false},"featured_media":93024,"comment_status":"open","ping_status":"closed","template":"","meta":{"_acf_changed":false},"pwb-brand":[],"product_brand":[],"product_cat":[3134],"product_tag":[],"class_list":{"0":"post-93031","1":"product","2":"type-product","3":"status-publish","4":"has-post-thumbnail","6":"product_cat-tableaux-magnetiques","7":"pa_c2c_color-argent","8":"pa_c2c_color-blanc","9":"pa_c2c_dimensione-cm-200x100-fr","10":"pa_c2c_mono_bifacciale-simple-face","11":"pa_c2c_seo_canonical_url-be-httpswwwsmartystoreititlav-fr","12":"pa_c2c_stampa-non","13":"pa_c2c_stampa-oui","14":"pa_c2c_trovraprezzi-oui","16":"first","17":"instock","18":"taxable","19":"shipping-taxable","20":"purchasable","21":"product-type-variable"},"acf":[],"yoast_head":"<!-- This site is optimized with the Yoast SEO plugin v27.4 - https:\/\/yoast.com\/product\/yoast-seo-wordpress\/ -->\n<title>Tableau magn\u00e9tique 200x100 en acier laqu\u00e9 - Smarty Store<\/title>\n<meta name=\"description\" content=\"Tableau magn\u00e9tique 200x100 avec fond magn\u00e9tique en acier laqu\u00e9 blanc, inscriptible et effa\u00e7able. Peut \u00eatre positionn\u00e9 verticalement et horizontalement.\" \/>\n<meta name=\"robots\" content=\"index, follow, max-snippet:-1, max-image-preview:large, max-video-preview:-1\" \/>\n<link rel=\"canonical\" href=\"https:\/\/www.smartystore.it\/fr\/prodotto\/tableau-magnetique-200x100-en-acier-laque\/\" \/>\n<meta property=\"og:locale\" content=\"fr_FR\" \/>\n<meta property=\"og:type\" content=\"article\" \/>\n<meta property=\"og:title\" content=\"Tableau magn\u00e9tique 200x100 en acier laqu\u00e9 - Smarty Store\" \/>\n<meta property=\"og:description\" content=\"Tableau magn\u00e9tique 200x100 avec fond magn\u00e9tique en acier laqu\u00e9 blanc, inscriptible et effa\u00e7able. Peut \u00eatre positionn\u00e9 verticalement et horizontalement.\" \/>\n<meta property=\"og:url\" content=\"https:\/\/www.smartystore.it\/fr\/prodotto\/tableau-magnetique-200x100-en-acier-laque\/\" \/>\n<meta property=\"og:site_name\" content=\"Smarty Store\" \/>\n<meta property=\"article:modified_time\" content=\"2025-04-10T15:26:56+00:00\" \/>\n<meta property=\"og:image\" content=\"https:\/\/www.smartystore.it\/v25\/wp-content\/uploads\/2016\/07\/Lavagna-Magnetica-200x100-in-acciaio-laccato.jpg\" \/>\n\t<meta property=\"og:image:width\" content=\"1000\" \/>\n\t<meta property=\"og:image:height\" content=\"1000\" \/>\n\t<meta property=\"og:image:type\" content=\"image\/jpeg\" \/>\n<meta name=\"twitter:card\" content=\"summary_large_image\" \/>\n<meta name=\"twitter:label1\" content=\"Dur\u00e9e de lecture estim\u00e9e\" \/>\n\t<meta name=\"twitter:data1\" content=\"2 minutes\" \/>\n<script type=\"application\/ld+json\" class=\"yoast-schema-graph\">{\"@context\":\"https:\\\/\\\/schema.org\",\"@graph\":[{\"@type\":\"WebPage\",\"@id\":\"https:\\\/\\\/www.smartystore.it\\\/fr\\\/prodotto\\\/tableau-magnetique-200x100-en-acier-laque\\\/\",\"url\":\"https:\\\/\\\/www.smartystore.it\\\/fr\\\/prodotto\\\/tableau-magnetique-200x100-en-acier-laque\\\/\",\"name\":\"Tableau magn\u00e9tique 200x100 en acier laqu\u00e9 - Smarty Store\",\"isPartOf\":{\"@id\":\"https:\\\/\\\/www.smartystore.it\\\/fr\\\/#website\"},\"primaryImageOfPage\":{\"@id\":\"https:\\\/\\\/www.smartystore.it\\\/fr\\\/prodotto\\\/tableau-magnetique-200x100-en-acier-laque\\\/#primaryimage\"},\"image\":{\"@id\":\"https:\\\/\\\/www.smartystore.it\\\/fr\\\/prodotto\\\/tableau-magnetique-200x100-en-acier-laque\\\/#primaryimage\"},\"thumbnailUrl\":\"https:\\\/\\\/www.smartystore.it\\\/v25\\\/wp-content\\\/uploads\\\/2016\\\/07\\\/Lavagna-Magnetica-200x100-in-acciaio-laccato.jpg\",\"datePublished\":\"2016-07-07T11:49:27+00:00\",\"dateModified\":\"2025-04-10T15:26:56+00:00\",\"description\":\"Tableau magn\u00e9tique 200x100 avec fond magn\u00e9tique en acier laqu\u00e9 blanc, inscriptible et effa\u00e7able. Peut \u00eatre positionn\u00e9 verticalement et horizontalement.\",\"breadcrumb\":{\"@id\":\"https:\\\/\\\/www.smartystore.it\\\/fr\\\/prodotto\\\/tableau-magnetique-200x100-en-acier-laque\\\/#breadcrumb\"},\"inLanguage\":\"fr-FR\",\"potentialAction\":[{\"@type\":\"ReadAction\",\"target\":[\"https:\\\/\\\/www.smartystore.it\\\/fr\\\/prodotto\\\/tableau-magnetique-200x100-en-acier-laque\\\/\"]}]},{\"@type\":\"ImageObject\",\"inLanguage\":\"fr-FR\",\"@id\":\"https:\\\/\\\/www.smartystore.it\\\/fr\\\/prodotto\\\/tableau-magnetique-200x100-en-acier-laque\\\/#primaryimage\",\"url\":\"https:\\\/\\\/www.smartystore.it\\\/v25\\\/wp-content\\\/uploads\\\/2016\\\/07\\\/Lavagna-Magnetica-200x100-in-acciaio-laccato.jpg\",\"contentUrl\":\"https:\\\/\\\/www.smartystore.it\\\/v25\\\/wp-content\\\/uploads\\\/2016\\\/07\\\/Lavagna-Magnetica-200x100-in-acciaio-laccato.jpg\",\"width\":1000,\"height\":1000,\"caption\":\"Tableau magn\u00e9tique 200x100 en acier laqu\u00e9\"},{\"@type\":\"BreadcrumbList\",\"@id\":\"https:\\\/\\\/www.smartystore.it\\\/fr\\\/prodotto\\\/tableau-magnetique-200x100-en-acier-laque\\\/#breadcrumb\",\"itemListElement\":[{\"@type\":\"ListItem\",\"position\":1,\"name\":\"Home\",\"item\":\"https:\\\/\\\/www.smartystore.it\\\/fr\\\/\"},{\"@type\":\"ListItem\",\"position\":2,\"name\":\"Boutique\",\"item\":\"https:\\\/\\\/www.smartystore.it\\\/fr\\\/boutique\\\/\"},{\"@type\":\"ListItem\",\"position\":3,\"name\":\"Tableau magn\u00e9tique 200&#215;100 en acier laqu\u00e9\"}]},{\"@type\":\"WebSite\",\"@id\":\"https:\\\/\\\/www.smartystore.it\\\/fr\\\/#website\",\"url\":\"https:\\\/\\\/www.smartystore.it\\\/fr\\\/\",\"name\":\"Smarty Store\",\"description\":\"Espositori Pubblicitari e Sistemi di Comunicazione Visiva\",\"potentialAction\":[{\"@type\":\"SearchAction\",\"target\":{\"@type\":\"EntryPoint\",\"urlTemplate\":\"https:\\\/\\\/www.smartystore.it\\\/fr\\\/?s={search_term_string}\"},\"query-input\":{\"@type\":\"PropertyValueSpecification\",\"valueRequired\":true,\"valueName\":\"search_term_string\"}}],\"inLanguage\":\"fr-FR\"}]}<\/script>\n<!-- \/ Yoast SEO plugin. -->","yoast_head_json":{"title":"Tableau magn\u00e9tique 200x100 en acier laqu\u00e9 - Smarty Store","description":"Tableau magn\u00e9tique 200x100 avec fond magn\u00e9tique en acier laqu\u00e9 blanc, inscriptible et effa\u00e7able. Peut \u00eatre positionn\u00e9 verticalement et horizontalement.","robots":{"index":"index","follow":"follow","max-snippet":"max-snippet:-1","max-image-preview":"max-image-preview:large","max-video-preview":"max-video-preview:-1"},"canonical":"https:\/\/www.smartystore.it\/fr\/prodotto\/tableau-magnetique-200x100-en-acier-laque\/","og_locale":"fr_FR","og_type":"article","og_title":"Tableau magn\u00e9tique 200x100 en acier laqu\u00e9 - Smarty Store","og_description":"Tableau magn\u00e9tique 200x100 avec fond magn\u00e9tique en acier laqu\u00e9 blanc, inscriptible et effa\u00e7able. Peut \u00eatre positionn\u00e9 verticalement et horizontalement.","og_url":"https:\/\/www.smartystore.it\/fr\/prodotto\/tableau-magnetique-200x100-en-acier-laque\/","og_site_name":"Smarty Store","article_modified_time":"2025-04-10T15:26:56+00:00","og_image":[{"width":1000,"height":1000,"url":"https:\/\/www.smartystore.it\/v25\/wp-content\/uploads\/2016\/07\/Lavagna-Magnetica-200x100-in-acciaio-laccato.jpg","type":"image\/jpeg"}],"twitter_card":"summary_large_image","twitter_misc":{"Dur\u00e9e de lecture estim\u00e9e":"2 minutes"},"schema":{"@context":"https:\/\/schema.org","@graph":[{"@type":"WebPage","@id":"https:\/\/www.smartystore.it\/fr\/prodotto\/tableau-magnetique-200x100-en-acier-laque\/","url":"https:\/\/www.smartystore.it\/fr\/prodotto\/tableau-magnetique-200x100-en-acier-laque\/","name":"Tableau magn\u00e9tique 200x100 en acier laqu\u00e9 - Smarty Store","isPartOf":{"@id":"https:\/\/www.smartystore.it\/fr\/#website"},"primaryImageOfPage":{"@id":"https:\/\/www.smartystore.it\/fr\/prodotto\/tableau-magnetique-200x100-en-acier-laque\/#primaryimage"},"image":{"@id":"https:\/\/www.smartystore.it\/fr\/prodotto\/tableau-magnetique-200x100-en-acier-laque\/#primaryimage"},"thumbnailUrl":"https:\/\/www.smartystore.it\/v25\/wp-content\/uploads\/2016\/07\/Lavagna-Magnetica-200x100-in-acciaio-laccato.jpg","datePublished":"2016-07-07T11:49:27+00:00","dateModified":"2025-04-10T15:26:56+00:00","description":"Tableau magn\u00e9tique 200x100 avec fond magn\u00e9tique en acier laqu\u00e9 blanc, inscriptible et effa\u00e7able. Peut \u00eatre positionn\u00e9 verticalement et horizontalement.","breadcrumb":{"@id":"https:\/\/www.smartystore.it\/fr\/prodotto\/tableau-magnetique-200x100-en-acier-laque\/#breadcrumb"},"inLanguage":"fr-FR","potentialAction":[{"@type":"ReadAction","target":["https:\/\/www.smartystore.it\/fr\/prodotto\/tableau-magnetique-200x100-en-acier-laque\/"]}]},{"@type":"ImageObject","inLanguage":"fr-FR","@id":"https:\/\/www.smartystore.it\/fr\/prodotto\/tableau-magnetique-200x100-en-acier-laque\/#primaryimage","url":"https:\/\/www.smartystore.it\/v25\/wp-content\/uploads\/2016\/07\/Lavagna-Magnetica-200x100-in-acciaio-laccato.jpg","contentUrl":"https:\/\/www.smartystore.it\/v25\/wp-content\/uploads\/2016\/07\/Lavagna-Magnetica-200x100-in-acciaio-laccato.jpg","width":1000,"height":1000,"caption":"Tableau magn\u00e9tique 200x100 en acier laqu\u00e9"},{"@type":"BreadcrumbList","@id":"https:\/\/www.smartystore.it\/fr\/prodotto\/tableau-magnetique-200x100-en-acier-laque\/#breadcrumb","itemListElement":[{"@type":"ListItem","position":1,"name":"Home","item":"https:\/\/www.smartystore.it\/fr\/"},{"@type":"ListItem","position":2,"name":"Boutique","item":"https:\/\/www.smartystore.it\/fr\/boutique\/"},{"@type":"ListItem","position":3,"name":"Tableau magn\u00e9tique 200&#215;100 en acier laqu\u00e9"}]},{"@type":"WebSite","@id":"https:\/\/www.smartystore.it\/fr\/#website","url":"https:\/\/www.smartystore.it\/fr\/","name":"Smarty Store","description":"Espositori Pubblicitari e Sistemi di Comunicazione Visiva","potentialAction":[{"@type":"SearchAction","target":{"@type":"EntryPoint","urlTemplate":"https:\/\/www.smartystore.it\/fr\/?s={search_term_string}"},"query-input":{"@type":"PropertyValueSpecification","valueRequired":true,"valueName":"search_term_string"}}],"inLanguage":"fr-FR"}]}},"brands":[],"_links":{"self":[{"href":"https:\/\/www.smartystore.it\/fr\/wp-json\/wp\/v2\/product\/93031","targetHints":{"allow":["GET"]}}],"collection":[{"href":"https:\/\/www.smartystore.it\/fr\/wp-json\/wp\/v2\/product"}],"about":[{"href":"https:\/\/www.smartystore.it\/fr\/wp-json\/wp\/v2\/types\/product"}],"replies":[{"embeddable":true,"href":"https:\/\/www.smartystore.it\/fr\/wp-json\/wp\/v2\/comments?post=93031"}],"wp:featuredmedia":[{"embeddable":true,"href":"https:\/\/www.smartystore.it\/fr\/wp-json\/wp\/v2\/media\/93024"}],"wp:attachment":[{"href":"https:\/\/www.smartystore.it\/fr\/wp-json\/wp\/v2\/media?parent=93031"}],"wp:term":[{"taxonomy":"pwb-brand","embeddable":true,"href":"https:\/\/www.smartystore.it\/fr\/wp-json\/wp\/v2\/pwb-brand?post=93031"},{"taxonomy":"product_brand","embeddable":true,"href":"https:\/\/www.smartystore.it\/fr\/wp-json\/wp\/v2\/product_brand?post=93031"},{"taxonomy":"product_cat","embeddable":true,"href":"https:\/\/www.smartystore.it\/fr\/wp-json\/wp\/v2\/product_cat?post=93031"},{"taxonomy":"product_tag","embeddable":true,"href":"https:\/\/www.smartystore.it\/fr\/wp-json\/wp\/v2\/product_tag?post=93031"}],"curies":[{"name":"wp","href":"https:\/\/api.w.org\/{rel}","templated":true}]}}