{"id":90862,"date":"2021-11-08T18:50:05","date_gmt":"2021-11-08T16:50:05","guid":{"rendered":"https:\/\/www.smartystore.it\/prodotto\/presentoir-avec-cadre-clipsable-70x100-pro\/"},"modified":"2025-09-18T15:29:25","modified_gmt":"2025-09-18T13:29:25","slug":"presentoir-avec-cadre-clipsable-70x100-pro","status":"publish","type":"product","link":"https:\/\/www.smartystore.it\/fr\/prodotto\/presentoir-avec-cadre-clipsable-70x100-pro\/","title":{"rendered":"Pr\u00e9sentoir \u00e0 cadre amovible 70&#215;100 PRO"},"content":{"rendered":"<div class=\"wpb-content-wrapper\"><p>[vc_row][vc_column][vc_column_text css=\u00a0\u00bb\u00a0\u00bb css_params=\u00a0\u00bb\u00a0\u00bb]<\/p>\n<h1>Pr\u00e9sentoir \u00e0 cadre amovible 70&#215;100 PRO<\/h1>\n<p>Le pr\u00e9sentoir 70&#215;100 PRO snap frame est une structure sur pied qui fait partie de la ligne QUADRA SERIES. Enti\u00e8rement r\u00e9alis\u00e9 en aluminium, il se compose d&rsquo;un cadre encliquetable 70&#215;100 pour les imprim\u00e9s, de doubles montants \u00e0 section carr\u00e9e (d&rsquo;o\u00f9 le nom de la s\u00e9rie) et d&rsquo;une base en m\u00e9tal thermolaqu\u00e9 argent.<\/p>\n<p>La ligne PRO de la QUADRA SERIES est particuli\u00e8rement adapt\u00e9e \u00e0 un usage plus intensif et aux locaux commerciaux \u00e0 fort trafic. En effet, ce nouveau mod\u00e8le dispose de <strong>deux montants de 30&#215;30 mm<\/strong> et de <strong>cadres avec des bords de 32 mm.<\/strong> (avec coins arrondis) au lieu de 25 mm, ce qui le rend <strong>plus robuste et plus stable<\/strong>.<\/p>\n<p>Adapt\u00e9 \u00e0 l&rsquo;affichage de messages promotionnels ou m\u00eame simplement de messages pour indiquer la direction \u00e0 suivre pour atteindre les bureaux et les \u00e9tages souhait\u00e9s, le pr\u00e9sentoir autoportant avec cadre clic-clac peut \u00eatre utilis\u00e9 dans des endroits tels que les salles d&rsquo;exposition, les supermarch\u00e9s, les r\u00e9unions, les conventions, les entr\u00e9es d&rsquo;entreprise et dans tout endroit o\u00f9 vous avez besoin d&rsquo;afficher votre message.<\/p>\n<p>Cet affichage peut \u00eatre personnalis\u00e9 selon vos besoins en choisissant la configuration qui correspond le mieux \u00e0 vos besoins lors de la phase d&rsquo;achat :<\/p>\n<ul>\n<li>Structure autoportante uniquement;<\/li>\n<li>Structure avec panneau forex imprim\u00e9;<\/li>\n<li>Avec panneau frontal imprim\u00e9 et pochette pour brochure A4. Dans le cas d&rsquo;une pr\u00e9sentation recto-verso, il y aura deux pochettes (une de chaque c\u00f4t\u00e9) ;<\/li>\n<\/ul>\n<p>Une autre remarque suppl\u00e9mentaire est la possibilit\u00e9 de choisir lors de la commande si vous souhaitez l&rsquo;affichage en version simple face ou double face selon que vous devez le positionner sur un passage \u00e0 sens unique ou \u00e0 double sens.<\/p>\n<h3>CARACT\u00c9RISTIQUES:<\/h3>\n<p>Cadre : cadre 32 (largeur du profil : 32 mm).<\/p>\n<p>Type de cadre : coin rond chrom\u00e9.<\/p>\n<p>Cadre en aluminium argent\u00e9 avec protection en PVC antireflet.<\/p>\n<p>Montants en aluminium anodis\u00e9 de section carr\u00e9e : H 185 &#8211; L 3 cm.<\/p>\n<p>Base carr\u00e9e en m\u00e9tal thermolaqu\u00e9 argent : L 42 cm. &#8211; H 0,6 cm. &#8211; D 42 cm.<\/p>\n<p><span style=\"text-decoration: underline;\"><strong>BASE ANTI-TR\u00c9CISSEMENT ULTRA PLATE : \u00e9paisseur 6 mm.<\/strong><\/span><\/p>\n<p>Format imprim\u00e9 : 70&#215;100 cm.<\/p>\n<p>Zone visible : 68 x 98 cm<\/p>\n<p>Dimensions du cadre : 73 x 103 cm.<\/p>\n<p>Dimensions de l&rsquo;affichage : L 73 &#8211; H 185,6 &#8211; P 42<\/p>\n<p>Poids de l&rsquo;\u00e9cran : environ 14,1 kg pour la version simple face et environ 16,80 kg pour la version double face.<\/p>\n<p>SmartyStore assiste pleinement ses clients. Si vous avez besoin de posters 70&#215;100 pour votre cadre, vous pouvez trouver ce que vous cherchez \u00e0 l&rsquo;adresse suivante <a href=\"https:\/\/www.smartystore.it\/fr\/prodotto\/presentoir-a-cadre-instantane-50x70-avec-montant-simple\/\" target=\"_blank\" rel=\"noopener\"><strong>LIEN<\/strong><\/a><\/p>\n<p><span style=\"color: #000000;\"><strong>Ce pr\u00e9sentoir est \u00e9galement disponible en version STANDARD : cliquez <a href=\"https:\/\/www.smartystore.it\/prodotto\/espositore-autoportante-cornice-a-scatto-70x100-serie-quadra\/\" target=\"_blank\" rel=\"noopener\">ICI<\/a><\/strong><\/span><\/p>\n<p><span style=\"color: #000000;\"><strong>Et en version simple verticale : cliquez <a href=\"https:\/\/www.smartystore.it\/fr\/prodotto\/presentoir-a-cadre-instantane-70x100-avec-montant-simple\/\" target=\"_blank\" rel=\"noopener\">ICI<\/a><\/strong><\/span><\/p>\n<p><a href=\"https:\/\/www.smartystore.it\/v25\/wp-content\/uploads\/2024\/03\/Scheda-tecnica-cornici-autoportanti-PRO-50x70-70x100-A0-100x140-1.pdf\" target=\"_blank\" rel=\"noopener\"><img loading=\"lazy\" decoding=\"async\" class=\"alignnone size-full wp-image-93510\" src=\"https:\/\/www.smartystore.it\/v25\/wp-content\/uploads\/2014\/10\/SchedaTecnica-300-e1750084266903.png\" alt=\"\" width=\"249\" height=\"63\" \/><\/a><\/p>\n<p><span style=\"color: #993300;\"><strong>POUR LE FICHIER GRAPHIQUE : cr\u00e9ez le fichier aux dimensions indiqu\u00e9es \u00e0 l&rsquo;int\u00e9rieur du trac\u00e9 de la fistule (\u00e9chelle 1:1) avec les textes convertis en trac\u00e9, apr\u00e8s avoir sauvegard\u00e9 le fichier en format PDF (r\u00e9solution minimale de 200 dpi), envoyez le document \u00e0 l&rsquo;adresse \u00e9lectronique suivante<\/strong><\/span><strong> <a href=\"mailto:grafica@smartystore.it\">grafica@smartystore.it<\/a> <\/strong><span style=\"color: #993300;\"><strong>en mentionnant le num\u00e9ro de commande.<\/strong><\/span><\/p>\n<table style=\"height: 144px; width: 90.6261%; border-collapse: collapse; border-style: double; border-color: #000000;\" border=\"1\" cellspacing=\"1\" cellpadding=\"1\">\n<tbody>\n<tr style=\"height: 50px; border-style: groove; border-color: #000000;\">\n<td style=\"width: 45.3628%; height: 24px; border-style: double; border-color: #f7a500;\"><\/td>\n<td style=\"width: 22.1996%; height: 24px; border-style: double; border-color: #f7a500; text-align: center;\"><strong>PISTE D\u00c9COUP\u00c9E AVANTE<\/strong><\/td>\n<td style=\"width: 22.8071%; height: 24px; border-style: double; border-color: #f7a500; text-align: center;\"><strong>PISTE D\u00c9COUP\u00c9E AU DOS<\/strong><\/td>\n<\/tr>\n<tr style=\"height: 1px;\">\n<td style=\"width: 45.3628%; height: 30px; border-style: solid; border-color: #000000;\" scope=\"rowgroup\"><strong>\u00c9CRAN SIMPLE FACE AVEC PANNEAU<\/strong><\/td>\n<td style=\"width: 22.1996%; height: 30px; border-style: double; border-color: #f7a500;\"><a href=\"https:\/\/www.smartystore.it\/v25\/wp-content\/uploads\/2024\/03\/PMA-70100PRO_TracciatoStampa-Fronte-1.pdf\" target=\"_blank\" rel=\"noopener\"><img loading=\"lazy\" decoding=\"async\" class=\"size-full wp-image-93609 aligncenter\" src=\"https:\/\/www.smartystore.it\/v25\/wp-content\/uploads\/2021\/02\/LogoDownload_green-1.jpg\" alt=\"\" width=\"50\" height=\"50\" \/><\/a><\/td>\n<td style=\"width: 22.8071%; height: 30px; border-style: double; border-color: #f7a500;\"><a href=\"https:\/\/www.smartystore.it\/v25\/wp-content\/uploads\/2024\/03\/PMA-70100PRO_TracciatoStampa-Monof-Retro.pdf\" target=\"_blank\" rel=\"noopener\"><img loading=\"lazy\" decoding=\"async\" class=\"size-full wp-image-93609 aligncenter\" src=\"https:\/\/www.smartystore.it\/v25\/wp-content\/uploads\/2021\/02\/LogoDownload_green-1.jpg\" alt=\"\" width=\"50\" height=\"50\" \/><\/a><\/td>\n<\/tr>\n<tr style=\"height: 1px;\">\n<td style=\"width: 45.3628%; height: 30px; border-style: double; border-color: #f7a500;\"><strong>\u00c9CRAN DOUBLE FACE AVEC PANNEAU<\/strong><\/td>\n<td style=\"width: 22.1996%; height: 30px; border-style: double; border-color: #f7a500;\"><a href=\"https:\/\/www.smartystore.it\/v25\/wp-content\/uploads\/2024\/03\/PMA-70100PRO_TracciatoStampa-Fronte-1.pdf\" target=\"_blank\" rel=\"noopener\"><img loading=\"lazy\" decoding=\"async\" class=\"size-full wp-image-93609 aligncenter\" src=\"https:\/\/www.smartystore.it\/v25\/wp-content\/uploads\/2021\/02\/LogoDownload_green-1.jpg\" alt=\"\" width=\"50\" height=\"50\" \/><\/a><\/td>\n<td style=\"width: 22.8071%; height: 30px; border-style: double; border-color: #f7a500;\"><a href=\"https:\/\/www.smartystore.it\/v25\/wp-content\/uploads\/2024\/03\/PMA-70100PRO_TracciatoStampa-Fronte-1.pdf\" target=\"_blank\" rel=\"noopener\"><img loading=\"lazy\" decoding=\"async\" class=\"size-full wp-image-93609 aligncenter\" src=\"https:\/\/www.smartystore.it\/v25\/wp-content\/uploads\/2021\/02\/LogoDownload_green-1.jpg\" alt=\"\" width=\"50\" height=\"50\" \/><\/a><\/td>\n<\/tr>\n<tr style=\"height: 1px;\">\n<td style=\"width: 45.3628%; height: 30px; border-style: double; border-color: #f7a500;\"><strong>PR\u00c9SENTOIR SIMPLE FACE AVEC PANNEAU ET PORTE-BROCHURE<\/strong><\/td>\n<td style=\"width: 22.1996%; height: 30px; border-style: double; border-color: #f7a500;\"><a href=\"https:\/\/www.smartystore.it\/v25\/wp-content\/uploads\/2024\/03\/PMA-70100PRO_TracciatoStampa-Fronte-con-Tasca-1.pdf\" target=\"_blank\" rel=\"noopener\"><img loading=\"lazy\" decoding=\"async\" class=\"size-full wp-image-93609 aligncenter\" src=\"https:\/\/www.smartystore.it\/v25\/wp-content\/uploads\/2021\/02\/LogoDownload_green-1.jpg\" alt=\"\" width=\"50\" height=\"50\" \/><\/a><\/td>\n<td style=\"width: 22.8071%; height: 30px; border-style: double; border-color: #f7a500;\"><a href=\"https:\/\/www.smartystore.it\/v25\/wp-content\/uploads\/2024\/03\/PMA-70100PRO_TracciatoStampa-Monof-Retro.pdf\" target=\"_blank\" rel=\"noopener\"><img loading=\"lazy\" decoding=\"async\" class=\"size-full wp-image-93609 aligncenter\" src=\"https:\/\/www.smartystore.it\/v25\/wp-content\/uploads\/2021\/02\/LogoDownload_green-1.jpg\" alt=\"\" width=\"50\" height=\"50\" \/><\/a><\/td>\n<\/tr>\n<tr style=\"height: 1px;\">\n<td style=\"width: 45.3628%; height: 30px; border-style: double; border-color: #f7a500;\"><strong>PR\u00c9SENTOIR DOUBLE FACE AVEC PANNEAU ET PORTE-BROCHURES<\/strong><\/td>\n<td style=\"width: 22.1996%; height: 30px; border-style: double; border-color: #f7a500;\"><a href=\"https:\/\/www.smartystore.it\/v25\/wp-content\/uploads\/2024\/03\/PMA-70100PRO_TracciatoStampa-Fronte-con-Tasca-1.pdf\" target=\"_blank\" rel=\"noopener\"><img loading=\"lazy\" decoding=\"async\" class=\"size-full wp-image-93609 aligncenter\" src=\"https:\/\/www.smartystore.it\/v25\/wp-content\/uploads\/2021\/02\/LogoDownload_green-1.jpg\" alt=\"\" width=\"50\" height=\"50\" \/><\/a><\/td>\n<td style=\"width: 22.8071%; height: 30px; border-style: double; border-color: #f7a500;\"><a href=\"https:\/\/www.smartystore.it\/v25\/wp-content\/uploads\/2024\/03\/PMA-70100PRO_TracciatoStampa-Fronte-con-Tasca-1.pdf\" target=\"_blank\" rel=\"noopener\"><img loading=\"lazy\" decoding=\"async\" class=\"size-full wp-image-93609 aligncenter\" src=\"https:\/\/www.smartystore.it\/v25\/wp-content\/uploads\/2021\/02\/LogoDownload_green-1.jpg\" alt=\"\" width=\"50\" height=\"50\" \/><\/a><\/td>\n<\/tr>\n<\/tbody>\n<\/table>\n<p>[\/vc_column_text][\/vc_column][\/vc_row]<\/p>\n<\/div>","protected":false},"excerpt":{"rendered":"<p>Structure autoportante simple ou double face avec doubles montants en aluminium anodis\u00e9 de section carr\u00e9e et cadre 70&#215;100. Possibilit\u00e9 de choisir le type de personnalisation de l&rsquo;affichage.<\/p>\n","protected":false},"featured_media":87186,"comment_status":"open","ping_status":"closed","template":"","meta":{"_acf_changed":false},"pwb-brand":[],"product_brand":[],"product_cat":[2915,2912,2914,2913],"product_tag":[3633,3467,3464,3468,3462,3466,3469,3463,3634,3465],"class_list":{"0":"post-90862","1":"product","2":"type-product","3":"status-publish","4":"has-post-thumbnail","6":"product_cat-ecrans-avec-cadres-instantanes","7":"product_cat-cadres-instantanes","8":"product_cat-quadra-series-fr","9":"product_cat-structures-autoportantes-et-soutient","10":"product_tag-porte-affiche-au-sol-70x100","11":"product_tag-porte-message-autoportant-avec-cadre-a-pression-70x100","12":"product_tag-presentoir-a-messages-70x100","13":"product_tag-presentoir-autoportant-avec-cadre-snap-70x100","14":"product_tag-presentoir-avec-cadre-clipsable-70x100","15":"product_tag-presentoir-avec-cadre-snap-double-face-70x100","16":"product_tag-presentoir-de-sol-avec-cadre-clipsable-70x100","17":"product_tag-presentoir-totem-avec-cadre-snap-70x100","18":"product_tag-tableau-daffichage-sur-pied-avec-cadre-70x100","19":"product_tag-vitrine-avec-cadre-70x100","20":"pa_c2c_angolo-rond","21":"pa_c2c_color-argent","22":"pa_c2c_configurazione-exposant","23":"pa_c2c_configurazione-presentoir-panneau-imprime","24":"pa_c2c_configurazione-presentoir-panneau-imprime-porte-brochure","25":"pa_c2c_configurazione-presentoir-porte-brochures","26":"pa_c2c_dimensione-70x100","27":"pa_c2c_mono_bifacciale-double-face","28":"pa_c2c_mono_bifacciale-simple-face","29":"pa_c2c_trovraprezzi-oui","30":"pa_serie-quadra-series","32":"first","33":"instock","34":"taxable","35":"shipping-taxable","36":"purchasable","37":"product-type-variable"},"acf":[],"yoast_head":"<!-- This site is optimized with the Yoast SEO plugin v27.4 - https:\/\/yoast.com\/product\/yoast-seo-wordpress\/ -->\n<title>Pr\u00e9sentoir \u00e0 cadre amovible 70x100 PRO - Achetez au Meilleur Prix<\/title>\n<meta name=\"description\" content=\"Pr\u00e9sentoir \u00e0 cadre clipsable 70x100 PRO, une ou deux faces, avec possibilit\u00e9 de personnalisation avec panneau et porte-brochures.\" \/>\n<meta name=\"robots\" content=\"index, follow, max-snippet:-1, max-image-preview:large, max-video-preview:-1\" \/>\n<link rel=\"canonical\" href=\"https:\/\/www.smartystore.it\/fr\/prodotto\/presentoir-avec-cadre-clipsable-70x100-pro\/\" \/>\n<meta property=\"og:locale\" content=\"fr_FR\" \/>\n<meta property=\"og:type\" content=\"article\" \/>\n<meta property=\"og:title\" content=\"Pr\u00e9sentoir \u00e0 cadre amovible 70x100 PRO - Achetez au Meilleur Prix\" \/>\n<meta property=\"og:description\" content=\"Pr\u00e9sentoir \u00e0 cadre clipsable 70x100 PRO, une ou deux faces, avec possibilit\u00e9 de personnalisation avec panneau et porte-brochures.\" \/>\n<meta property=\"og:url\" content=\"https:\/\/www.smartystore.it\/fr\/prodotto\/presentoir-avec-cadre-clipsable-70x100-pro\/\" \/>\n<meta property=\"og:site_name\" content=\"Smarty Store\" \/>\n<meta property=\"article:modified_time\" content=\"2025-09-18T13:29:25+00:00\" \/>\n<meta property=\"og:image\" content=\"https:\/\/www.smartystore.it\/v25\/wp-content\/uploads\/2021\/11\/Cornice-a-scatto-autoportante-70x100-monofacciale-bifacciale-verticale-angolo-tondo-frame-32-4.jpg\" \/>\n\t<meta property=\"og:image:width\" content=\"1000\" \/>\n\t<meta property=\"og:image:height\" content=\"1000\" \/>\n\t<meta property=\"og:image:type\" content=\"image\/jpeg\" \/>\n<meta name=\"twitter:card\" content=\"summary_large_image\" \/>\n<meta name=\"twitter:label1\" content=\"Dur\u00e9e de lecture estim\u00e9e\" \/>\n\t<meta name=\"twitter:data1\" content=\"5 minutes\" \/>\n<script type=\"application\/ld+json\" class=\"yoast-schema-graph\">{\"@context\":\"https:\\\/\\\/schema.org\",\"@graph\":[{\"@type\":\"WebPage\",\"@id\":\"https:\\\/\\\/www.smartystore.it\\\/fr\\\/prodotto\\\/presentoir-avec-cadre-clipsable-70x100-pro\\\/\",\"url\":\"https:\\\/\\\/www.smartystore.it\\\/fr\\\/prodotto\\\/presentoir-avec-cadre-clipsable-70x100-pro\\\/\",\"name\":\"Pr\u00e9sentoir \u00e0 cadre amovible 70x100 PRO - Achetez au Meilleur Prix\",\"isPartOf\":{\"@id\":\"https:\\\/\\\/www.smartystore.it\\\/fr\\\/#website\"},\"primaryImageOfPage\":{\"@id\":\"https:\\\/\\\/www.smartystore.it\\\/fr\\\/prodotto\\\/presentoir-avec-cadre-clipsable-70x100-pro\\\/#primaryimage\"},\"image\":{\"@id\":\"https:\\\/\\\/www.smartystore.it\\\/fr\\\/prodotto\\\/presentoir-avec-cadre-clipsable-70x100-pro\\\/#primaryimage\"},\"thumbnailUrl\":\"https:\\\/\\\/www.smartystore.it\\\/v25\\\/wp-content\\\/uploads\\\/2021\\\/11\\\/Cornice-a-scatto-autoportante-70x100-monofacciale-bifacciale-verticale-angolo-tondo-frame-32-4.jpg\",\"datePublished\":\"2021-11-08T16:50:05+00:00\",\"dateModified\":\"2025-09-18T13:29:25+00:00\",\"description\":\"Pr\u00e9sentoir \u00e0 cadre clipsable 70x100 PRO, une ou deux faces, avec possibilit\u00e9 de personnalisation avec panneau et porte-brochures.\",\"breadcrumb\":{\"@id\":\"https:\\\/\\\/www.smartystore.it\\\/fr\\\/prodotto\\\/presentoir-avec-cadre-clipsable-70x100-pro\\\/#breadcrumb\"},\"inLanguage\":\"fr-FR\",\"potentialAction\":[{\"@type\":\"ReadAction\",\"target\":[\"https:\\\/\\\/www.smartystore.it\\\/fr\\\/prodotto\\\/presentoir-avec-cadre-clipsable-70x100-pro\\\/\"]}]},{\"@type\":\"ImageObject\",\"inLanguage\":\"fr-FR\",\"@id\":\"https:\\\/\\\/www.smartystore.it\\\/fr\\\/prodotto\\\/presentoir-avec-cadre-clipsable-70x100-pro\\\/#primaryimage\",\"url\":\"https:\\\/\\\/www.smartystore.it\\\/v25\\\/wp-content\\\/uploads\\\/2021\\\/11\\\/Cornice-a-scatto-autoportante-70x100-monofacciale-bifacciale-verticale-angolo-tondo-frame-32-4.jpg\",\"contentUrl\":\"https:\\\/\\\/www.smartystore.it\\\/v25\\\/wp-content\\\/uploads\\\/2021\\\/11\\\/Cornice-a-scatto-autoportante-70x100-monofacciale-bifacciale-verticale-angolo-tondo-frame-32-4.jpg\",\"width\":1000,\"height\":1000,\"caption\":\"Cadre autoportant \u00e0 clipser 70x100 simple face double face vertical angle arrondi\"},{\"@type\":\"BreadcrumbList\",\"@id\":\"https:\\\/\\\/www.smartystore.it\\\/fr\\\/prodotto\\\/presentoir-avec-cadre-clipsable-70x100-pro\\\/#breadcrumb\",\"itemListElement\":[{\"@type\":\"ListItem\",\"position\":1,\"name\":\"Home\",\"item\":\"https:\\\/\\\/www.smartystore.it\\\/fr\\\/\"},{\"@type\":\"ListItem\",\"position\":2,\"name\":\"Boutique\",\"item\":\"https:\\\/\\\/www.smartystore.it\\\/fr\\\/boutique\\\/\"},{\"@type\":\"ListItem\",\"position\":3,\"name\":\"Pr\u00e9sentoir \u00e0 cadre amovible 70&#215;100 PRO\"}]},{\"@type\":\"WebSite\",\"@id\":\"https:\\\/\\\/www.smartystore.it\\\/fr\\\/#website\",\"url\":\"https:\\\/\\\/www.smartystore.it\\\/fr\\\/\",\"name\":\"Smarty Store\",\"description\":\"Espositori Pubblicitari e Sistemi di Comunicazione Visiva\",\"potentialAction\":[{\"@type\":\"SearchAction\",\"target\":{\"@type\":\"EntryPoint\",\"urlTemplate\":\"https:\\\/\\\/www.smartystore.it\\\/fr\\\/?s={search_term_string}\"},\"query-input\":{\"@type\":\"PropertyValueSpecification\",\"valueRequired\":true,\"valueName\":\"search_term_string\"}}],\"inLanguage\":\"fr-FR\"}]}<\/script>\n<!-- \/ Yoast SEO plugin. -->","yoast_head_json":{"title":"Pr\u00e9sentoir \u00e0 cadre amovible 70x100 PRO - Achetez au Meilleur Prix","description":"Pr\u00e9sentoir \u00e0 cadre clipsable 70x100 PRO, une ou deux faces, avec possibilit\u00e9 de personnalisation avec panneau et porte-brochures.","robots":{"index":"index","follow":"follow","max-snippet":"max-snippet:-1","max-image-preview":"max-image-preview:large","max-video-preview":"max-video-preview:-1"},"canonical":"https:\/\/www.smartystore.it\/fr\/prodotto\/presentoir-avec-cadre-clipsable-70x100-pro\/","og_locale":"fr_FR","og_type":"article","og_title":"Pr\u00e9sentoir \u00e0 cadre amovible 70x100 PRO - Achetez au Meilleur Prix","og_description":"Pr\u00e9sentoir \u00e0 cadre clipsable 70x100 PRO, une ou deux faces, avec possibilit\u00e9 de personnalisation avec panneau et porte-brochures.","og_url":"https:\/\/www.smartystore.it\/fr\/prodotto\/presentoir-avec-cadre-clipsable-70x100-pro\/","og_site_name":"Smarty Store","article_modified_time":"2025-09-18T13:29:25+00:00","og_image":[{"width":1000,"height":1000,"url":"https:\/\/www.smartystore.it\/v25\/wp-content\/uploads\/2021\/11\/Cornice-a-scatto-autoportante-70x100-monofacciale-bifacciale-verticale-angolo-tondo-frame-32-4.jpg","type":"image\/jpeg"}],"twitter_card":"summary_large_image","twitter_misc":{"Dur\u00e9e de lecture estim\u00e9e":"5 minutes"},"schema":{"@context":"https:\/\/schema.org","@graph":[{"@type":"WebPage","@id":"https:\/\/www.smartystore.it\/fr\/prodotto\/presentoir-avec-cadre-clipsable-70x100-pro\/","url":"https:\/\/www.smartystore.it\/fr\/prodotto\/presentoir-avec-cadre-clipsable-70x100-pro\/","name":"Pr\u00e9sentoir \u00e0 cadre amovible 70x100 PRO - Achetez au Meilleur Prix","isPartOf":{"@id":"https:\/\/www.smartystore.it\/fr\/#website"},"primaryImageOfPage":{"@id":"https:\/\/www.smartystore.it\/fr\/prodotto\/presentoir-avec-cadre-clipsable-70x100-pro\/#primaryimage"},"image":{"@id":"https:\/\/www.smartystore.it\/fr\/prodotto\/presentoir-avec-cadre-clipsable-70x100-pro\/#primaryimage"},"thumbnailUrl":"https:\/\/www.smartystore.it\/v25\/wp-content\/uploads\/2021\/11\/Cornice-a-scatto-autoportante-70x100-monofacciale-bifacciale-verticale-angolo-tondo-frame-32-4.jpg","datePublished":"2021-11-08T16:50:05+00:00","dateModified":"2025-09-18T13:29:25+00:00","description":"Pr\u00e9sentoir \u00e0 cadre clipsable 70x100 PRO, une ou deux faces, avec possibilit\u00e9 de personnalisation avec panneau et porte-brochures.","breadcrumb":{"@id":"https:\/\/www.smartystore.it\/fr\/prodotto\/presentoir-avec-cadre-clipsable-70x100-pro\/#breadcrumb"},"inLanguage":"fr-FR","potentialAction":[{"@type":"ReadAction","target":["https:\/\/www.smartystore.it\/fr\/prodotto\/presentoir-avec-cadre-clipsable-70x100-pro\/"]}]},{"@type":"ImageObject","inLanguage":"fr-FR","@id":"https:\/\/www.smartystore.it\/fr\/prodotto\/presentoir-avec-cadre-clipsable-70x100-pro\/#primaryimage","url":"https:\/\/www.smartystore.it\/v25\/wp-content\/uploads\/2021\/11\/Cornice-a-scatto-autoportante-70x100-monofacciale-bifacciale-verticale-angolo-tondo-frame-32-4.jpg","contentUrl":"https:\/\/www.smartystore.it\/v25\/wp-content\/uploads\/2021\/11\/Cornice-a-scatto-autoportante-70x100-monofacciale-bifacciale-verticale-angolo-tondo-frame-32-4.jpg","width":1000,"height":1000,"caption":"Cadre autoportant \u00e0 clipser 70x100 simple face double face vertical angle arrondi"},{"@type":"BreadcrumbList","@id":"https:\/\/www.smartystore.it\/fr\/prodotto\/presentoir-avec-cadre-clipsable-70x100-pro\/#breadcrumb","itemListElement":[{"@type":"ListItem","position":1,"name":"Home","item":"https:\/\/www.smartystore.it\/fr\/"},{"@type":"ListItem","position":2,"name":"Boutique","item":"https:\/\/www.smartystore.it\/fr\/boutique\/"},{"@type":"ListItem","position":3,"name":"Pr\u00e9sentoir \u00e0 cadre amovible 70&#215;100 PRO"}]},{"@type":"WebSite","@id":"https:\/\/www.smartystore.it\/fr\/#website","url":"https:\/\/www.smartystore.it\/fr\/","name":"Smarty Store","description":"Espositori Pubblicitari e Sistemi di Comunicazione Visiva","potentialAction":[{"@type":"SearchAction","target":{"@type":"EntryPoint","urlTemplate":"https:\/\/www.smartystore.it\/fr\/?s={search_term_string}"},"query-input":{"@type":"PropertyValueSpecification","valueRequired":true,"valueName":"search_term_string"}}],"inLanguage":"fr-FR"}]}},"brands":[],"_links":{"self":[{"href":"https:\/\/www.smartystore.it\/fr\/wp-json\/wp\/v2\/product\/90862","targetHints":{"allow":["GET"]}}],"collection":[{"href":"https:\/\/www.smartystore.it\/fr\/wp-json\/wp\/v2\/product"}],"about":[{"href":"https:\/\/www.smartystore.it\/fr\/wp-json\/wp\/v2\/types\/product"}],"replies":[{"embeddable":true,"href":"https:\/\/www.smartystore.it\/fr\/wp-json\/wp\/v2\/comments?post=90862"}],"wp:featuredmedia":[{"embeddable":true,"href":"https:\/\/www.smartystore.it\/fr\/wp-json\/wp\/v2\/media\/87186"}],"wp:attachment":[{"href":"https:\/\/www.smartystore.it\/fr\/wp-json\/wp\/v2\/media?parent=90862"}],"wp:term":[{"taxonomy":"pwb-brand","embeddable":true,"href":"https:\/\/www.smartystore.it\/fr\/wp-json\/wp\/v2\/pwb-brand?post=90862"},{"taxonomy":"product_brand","embeddable":true,"href":"https:\/\/www.smartystore.it\/fr\/wp-json\/wp\/v2\/product_brand?post=90862"},{"taxonomy":"product_cat","embeddable":true,"href":"https:\/\/www.smartystore.it\/fr\/wp-json\/wp\/v2\/product_cat?post=90862"},{"taxonomy":"product_tag","embeddable":true,"href":"https:\/\/www.smartystore.it\/fr\/wp-json\/wp\/v2\/product_tag?post=90862"}],"curies":[{"name":"wp","href":"https:\/\/api.w.org\/{rel}","templated":true}]}}