{"id":90846,"date":"2025-02-08T12:29:07","date_gmt":"2025-02-08T10:29:07","guid":{"rendered":"https:\/\/www.smartystore.it\/prodotto\/vestiaire-metallique-3-portes\/"},"modified":"2025-08-20T17:47:40","modified_gmt":"2025-08-20T15:47:40","slug":"vestiaire-metallique-3-portes","status":"publish","type":"product","link":"https:\/\/www.smartystore.it\/fr\/prodotto\/vestiaire-metallique-3-portes\/","title":{"rendered":"Vestiaire m\u00e8tallique 3 portes"},"content":{"rendered":"<div class=\"wpb-content-wrapper\"><p>[vc_row][vc_column][vc_column_text css=\u00a0\u00bb\u00a0\u00bb css_params=\u00a0\u00bb\u00a0\u00bb]<\/p>\n<h1>Vestiaire m\u00e8tallique 3 portes<\/h1>\n<p>Vestiaire m\u00e8tallique 3 portes est une solution pratique et fonctionnelle pour les espaces communs tels que les salles de sport, les piscines, les h\u00f4pitaux, les cliniques et les vestiaires. Fabriqu\u00e9e avec une structure en m\u00e9tal peint, cette armoire garantit solidit\u00e9 et r\u00e9sistance dans le temps, r\u00e9pondant aux besoins d&rsquo;un usage intensif.<\/p>\n<p>Ce casier se distingue par la pr\u00e9sence d&rsquo;une plaque nominative, qui permet de personnaliser l&rsquo;espace et de le rendre facilement identifiable. Ceci est particuli\u00e8rement utile dans les contextes partag\u00e9s, o\u00f9 plusieurs utilisateurs peuvent b\u00e9n\u00e9ficier d&rsquo;une distinction claire entre leurs effets personnels.<\/p>\n<p>La s\u00e9curit\u00e9 est une autre caract\u00e9ristique cl\u00e9 de ce mod\u00e8le, qui dispose d&rsquo;une serrure avec deux cl\u00e9s incluses. Ce dispositif prot\u00e8ge les effets personnels des utilisateurs et leur donne la tranquillit\u00e9 d&rsquo;esprit dont ils ont besoin pour vaquer \u00e0 leurs occupations. A l&rsquo;int\u00e9rieur, l&rsquo;armoire est \u00e9galement \u00e9quip\u00e9e d&rsquo;une tringle \u00e0 v\u00eatements, qui facilite l&rsquo;organisation des v\u00eatements et des accessoires.<\/p>\n<p>Un \u00e9l\u00e9ment innovant est le miroir int\u00e9rieur amovible int\u00e9gr\u00e9, qui permet de faire de petites retouches avant de sortir. En outre, une \u00e9tag\u00e8re int\u00e9rieure permet de ranger les objets personnels et de ranger les chaussures en bas, ce qui permet de garder la pi\u00e8ce bien rang\u00e9e et fonctionnelle.<\/p>\n<p>En ce qui concerne les finitions des portes, plusieurs couleurs sont disponibles, notamment l&rsquo;orange, le gris, le bleu, le vert et le jaune. Cette vari\u00e9t\u00e9 permet d&rsquo;adapter l&rsquo;armoire \u00e0 l&rsquo;esth\u00e9tique de l&rsquo;espace, contribuant ainsi \u00e0 un environnement accueillant et dynamique.<\/p>\n<p>Les fentes d&rsquo;a\u00e9ration assurent un \u00e9change d&rsquo;air \u00e0 l&rsquo;int\u00e9rieur du casier, ce qui permet de garder les v\u00eatements rang\u00e9s au frais et au sec.<\/p>\n<p>En r\u00e9sum\u00e9, l&rsquo;armoire \u00e0 langer 3 portes se positionne comme un choix id\u00e9al pour ceux qui cherchent \u00e0 combiner praticit\u00e9, s\u00e9curit\u00e9 et design dans l&rsquo;am\u00e9nagement des espaces communs.<\/p>\n<h3><strong>CARACT\u00c9RISTIQUES:<\/strong><\/h3>\n<ul>\n<li>Armoire m\u00e9tallique \u00e0 trois portes.<\/li>\n<li>Structure en m\u00e9tal peint en gris.<\/li>\n<li>Portes disponibles en cinq couleurs : orange &#8211; bleu &#8211; gris &#8211; jaune &#8211; vert.<\/li>\n<li>Serrure \u00e0 double cl\u00e9 incluse.<\/li>\n<li>Tringle \u00e0 v\u00eatements interne amovible.<\/li>\n<li>Miroir int\u00e9rieur int\u00e9gr\u00e9: amovible.<\/li>\n<li>Tablette de rangement interne.<\/li>\n<li>Fentes d&rsquo;a\u00e9ration.<\/li>\n<li>Dimensions de l&rsquo;armoire : L 850 &#8211; H 1800 &#8211; P 420 mm.<\/li>\n<li>Poids de l&rsquo;armoire : 42,2 kg.<\/li>\n<\/ul>\n<p><a href=\"https:\/\/www.smartystore.it\/v25\/wp-content\/uploads\/2025\/02\/STR-AMS1X1-2X1-3X1.pdf\" target=\"_blank\" rel=\"noopener\"><img loading=\"lazy\" decoding=\"async\" class=\"alignnone size-full wp-image-93510\" src=\"https:\/\/www.smartystore.it\/v25\/wp-content\/uploads\/2014\/10\/SchedaTecnica-300-e1750084266903.png\" alt=\"\" width=\"249\" height=\"63\"><\/a><\/p>\n<p><a href=\"https:\/\/www.smartystore.it\/v25\/wp-content\/uploads\/2025\/02\/STR-AMS3X1_Istruzioni-montaggio.pdf\" target=\"_blank\" rel=\"noopener\"><img loading=\"lazy\" decoding=\"async\" class=\"alignnone size-full wp-image-93655\" src=\"https:\/\/www.smartystore.it\/v25\/wp-content\/uploads\/2020\/05\/LogoDownload_istruzioni-montaggio.jpg\" alt=\"\" width=\"250\" height=\"63\"><\/a>[\/vc_column_text][\/vc_column][\/vc_row]<\/p>\n<\/div>","protected":false},"excerpt":{"rendered":"<p>Casier pour vestiaire avec structure m\u00e9tallique et triple porte disponible en 5 couleurs. Complet avec tringle \u00e0 v\u00eatements, \u00e9tag\u00e8re inf\u00e9rieure pour objets et miroir amovible.<\/p>\n","protected":false},"featured_media":90809,"comment_status":"open","ping_status":"closed","template":"","meta":{"_acf_changed":false},"pwb-brand":[],"product_brand":[],"product_cat":[3257,3256],"product_tag":[3569,3570,3575,3574,3572,3573,3625],"class_list":{"0":"post-90846","1":"product","2":"type-product","3":"status-publish","4":"has-post-thumbnail","6":"product_cat-armoires-pour-vestiaires","7":"product_cat-meubles-dinterieur","8":"product_tag-casier-de-vestiaire","9":"product_tag-casier-metallique","10":"product_tag-casier-metallique-avec-etagere-interieure-pour-objets","11":"product_tag-casier-metallique-avec-barre-de-cintre-interne","12":"product_tag-casier-metallique-avec-miroir-interieur","13":"product_tag-casier-metallique-avec-predisposition-pour-plaque-signaletique","14":"product_tag-vestiaire-metallique-3-portes","15":"pa_c2c_color-bleu","16":"pa_c2c_color-gris","17":"pa_c2c_color-jaune","18":"pa_c2c_color-orange","19":"pa_c2c_color-vert","20":"pa_c2c_dimensione-3-portes","21":"pa_c2c_trovraprezzi-oui","23":"first","24":"instock","25":"taxable","26":"shipping-taxable","27":"purchasable","28":"product-type-variable"},"acf":[],"yoast_head":"<!-- This site is optimized with the Yoast SEO plugin v27.4 - https:\/\/yoast.com\/product\/yoast-seo-wordpress\/ -->\n<title>Vestiaire m\u00e8tallique 3 portes - Smarty Store<\/title>\n<meta name=\"description\" content=\"Vestiaire m\u00e8tallique 3 portes disponible en 5 couleurs. Avec tringle \u00e0 v\u00eatements, \u00e9tag\u00e8re inf\u00e9rieure et miroir amovible.\" \/>\n<meta name=\"robots\" content=\"index, follow, max-snippet:-1, max-image-preview:large, max-video-preview:-1\" \/>\n<link rel=\"canonical\" href=\"https:\/\/www.smartystore.it\/fr\/prodotto\/vestiaire-metallique-3-portes\/\" \/>\n<meta property=\"og:locale\" content=\"fr_FR\" \/>\n<meta property=\"og:type\" content=\"article\" \/>\n<meta property=\"og:title\" content=\"Vestiaire m\u00e8tallique 3 portes - Smarty Store\" \/>\n<meta property=\"og:description\" content=\"Vestiaire m\u00e8tallique 3 portes disponible en 5 couleurs. Avec tringle \u00e0 v\u00eatements, \u00e9tag\u00e8re inf\u00e9rieure et miroir amovible.\" \/>\n<meta property=\"og:url\" content=\"https:\/\/www.smartystore.it\/fr\/prodotto\/vestiaire-metallique-3-portes\/\" \/>\n<meta property=\"og:site_name\" content=\"Smarty Store\" \/>\n<meta property=\"article:modified_time\" content=\"2025-08-20T15:47:40+00:00\" \/>\n<meta property=\"og:image\" content=\"https:\/\/www.smartystore.it\/v25\/wp-content\/uploads\/2025\/02\/Armadietto-spogliatoio-a-3-ante-con-serratura-e-accessori-interni_disponibile-in-5-colori.jpg\" \/>\n\t<meta property=\"og:image:width\" content=\"1000\" \/>\n\t<meta property=\"og:image:height\" content=\"1000\" \/>\n\t<meta property=\"og:image:type\" content=\"image\/jpeg\" \/>\n<meta name=\"twitter:card\" content=\"summary_large_image\" \/>\n<meta name=\"twitter:label1\" content=\"Dur\u00e9e de lecture estim\u00e9e\" \/>\n\t<meta name=\"twitter:data1\" content=\"3 minutes\" \/>\n<script type=\"application\/ld+json\" class=\"yoast-schema-graph\">{\"@context\":\"https:\\\/\\\/schema.org\",\"@graph\":[{\"@type\":\"WebPage\",\"@id\":\"https:\\\/\\\/www.smartystore.it\\\/fr\\\/prodotto\\\/vestiaire-metallique-3-portes\\\/\",\"url\":\"https:\\\/\\\/www.smartystore.it\\\/fr\\\/prodotto\\\/vestiaire-metallique-3-portes\\\/\",\"name\":\"Vestiaire m\u00e8tallique 3 portes - Smarty Store\",\"isPartOf\":{\"@id\":\"https:\\\/\\\/www.smartystore.it\\\/fr\\\/#website\"},\"primaryImageOfPage\":{\"@id\":\"https:\\\/\\\/www.smartystore.it\\\/fr\\\/prodotto\\\/vestiaire-metallique-3-portes\\\/#primaryimage\"},\"image\":{\"@id\":\"https:\\\/\\\/www.smartystore.it\\\/fr\\\/prodotto\\\/vestiaire-metallique-3-portes\\\/#primaryimage\"},\"thumbnailUrl\":\"https:\\\/\\\/www.smartystore.it\\\/v25\\\/wp-content\\\/uploads\\\/2025\\\/02\\\/Armadietto-spogliatoio-a-3-ante-con-serratura-e-accessori-interni_disponibile-in-5-colori.jpg\",\"datePublished\":\"2025-02-08T10:29:07+00:00\",\"dateModified\":\"2025-08-20T15:47:40+00:00\",\"description\":\"Vestiaire m\u00e8tallique 3 portes disponible en 5 couleurs. Avec tringle \u00e0 v\u00eatements, \u00e9tag\u00e8re inf\u00e9rieure et miroir amovible.\",\"breadcrumb\":{\"@id\":\"https:\\\/\\\/www.smartystore.it\\\/fr\\\/prodotto\\\/vestiaire-metallique-3-portes\\\/#breadcrumb\"},\"inLanguage\":\"fr-FR\",\"potentialAction\":[{\"@type\":\"ReadAction\",\"target\":[\"https:\\\/\\\/www.smartystore.it\\\/fr\\\/prodotto\\\/vestiaire-metallique-3-portes\\\/\"]}]},{\"@type\":\"ImageObject\",\"inLanguage\":\"fr-FR\",\"@id\":\"https:\\\/\\\/www.smartystore.it\\\/fr\\\/prodotto\\\/vestiaire-metallique-3-portes\\\/#primaryimage\",\"url\":\"https:\\\/\\\/www.smartystore.it\\\/v25\\\/wp-content\\\/uploads\\\/2025\\\/02\\\/Armadietto-spogliatoio-a-3-ante-con-serratura-e-accessori-interni_disponibile-in-5-colori.jpg\",\"contentUrl\":\"https:\\\/\\\/www.smartystore.it\\\/v25\\\/wp-content\\\/uploads\\\/2025\\\/02\\\/Armadietto-spogliatoio-a-3-ante-con-serratura-e-accessori-interni_disponibile-in-5-colori.jpg\",\"width\":1000,\"height\":1000,\"caption\":\"Vestiaire m\u00e8tallique 3 portes avec serrure et accessoires internes disponibles en 5 couleurs\"},{\"@type\":\"BreadcrumbList\",\"@id\":\"https:\\\/\\\/www.smartystore.it\\\/fr\\\/prodotto\\\/vestiaire-metallique-3-portes\\\/#breadcrumb\",\"itemListElement\":[{\"@type\":\"ListItem\",\"position\":1,\"name\":\"Home\",\"item\":\"https:\\\/\\\/www.smartystore.it\\\/fr\\\/\"},{\"@type\":\"ListItem\",\"position\":2,\"name\":\"Boutique\",\"item\":\"https:\\\/\\\/www.smartystore.it\\\/fr\\\/boutique\\\/\"},{\"@type\":\"ListItem\",\"position\":3,\"name\":\"Vestiaire m\u00e8tallique 3 portes\"}]},{\"@type\":\"WebSite\",\"@id\":\"https:\\\/\\\/www.smartystore.it\\\/fr\\\/#website\",\"url\":\"https:\\\/\\\/www.smartystore.it\\\/fr\\\/\",\"name\":\"Smarty Store\",\"description\":\"Espositori Pubblicitari e Sistemi di Comunicazione Visiva\",\"potentialAction\":[{\"@type\":\"SearchAction\",\"target\":{\"@type\":\"EntryPoint\",\"urlTemplate\":\"https:\\\/\\\/www.smartystore.it\\\/fr\\\/?s={search_term_string}\"},\"query-input\":{\"@type\":\"PropertyValueSpecification\",\"valueRequired\":true,\"valueName\":\"search_term_string\"}}],\"inLanguage\":\"fr-FR\"}]}<\/script>\n<!-- \/ Yoast SEO plugin. -->","yoast_head_json":{"title":"Vestiaire m\u00e8tallique 3 portes - Smarty Store","description":"Vestiaire m\u00e8tallique 3 portes disponible en 5 couleurs. Avec tringle \u00e0 v\u00eatements, \u00e9tag\u00e8re inf\u00e9rieure et miroir amovible.","robots":{"index":"index","follow":"follow","max-snippet":"max-snippet:-1","max-image-preview":"max-image-preview:large","max-video-preview":"max-video-preview:-1"},"canonical":"https:\/\/www.smartystore.it\/fr\/prodotto\/vestiaire-metallique-3-portes\/","og_locale":"fr_FR","og_type":"article","og_title":"Vestiaire m\u00e8tallique 3 portes - Smarty Store","og_description":"Vestiaire m\u00e8tallique 3 portes disponible en 5 couleurs. Avec tringle \u00e0 v\u00eatements, \u00e9tag\u00e8re inf\u00e9rieure et miroir amovible.","og_url":"https:\/\/www.smartystore.it\/fr\/prodotto\/vestiaire-metallique-3-portes\/","og_site_name":"Smarty Store","article_modified_time":"2025-08-20T15:47:40+00:00","og_image":[{"width":1000,"height":1000,"url":"https:\/\/www.smartystore.it\/v25\/wp-content\/uploads\/2025\/02\/Armadietto-spogliatoio-a-3-ante-con-serratura-e-accessori-interni_disponibile-in-5-colori.jpg","type":"image\/jpeg"}],"twitter_card":"summary_large_image","twitter_misc":{"Dur\u00e9e de lecture estim\u00e9e":"3 minutes"},"schema":{"@context":"https:\/\/schema.org","@graph":[{"@type":"WebPage","@id":"https:\/\/www.smartystore.it\/fr\/prodotto\/vestiaire-metallique-3-portes\/","url":"https:\/\/www.smartystore.it\/fr\/prodotto\/vestiaire-metallique-3-portes\/","name":"Vestiaire m\u00e8tallique 3 portes - Smarty Store","isPartOf":{"@id":"https:\/\/www.smartystore.it\/fr\/#website"},"primaryImageOfPage":{"@id":"https:\/\/www.smartystore.it\/fr\/prodotto\/vestiaire-metallique-3-portes\/#primaryimage"},"image":{"@id":"https:\/\/www.smartystore.it\/fr\/prodotto\/vestiaire-metallique-3-portes\/#primaryimage"},"thumbnailUrl":"https:\/\/www.smartystore.it\/v25\/wp-content\/uploads\/2025\/02\/Armadietto-spogliatoio-a-3-ante-con-serratura-e-accessori-interni_disponibile-in-5-colori.jpg","datePublished":"2025-02-08T10:29:07+00:00","dateModified":"2025-08-20T15:47:40+00:00","description":"Vestiaire m\u00e8tallique 3 portes disponible en 5 couleurs. Avec tringle \u00e0 v\u00eatements, \u00e9tag\u00e8re inf\u00e9rieure et miroir amovible.","breadcrumb":{"@id":"https:\/\/www.smartystore.it\/fr\/prodotto\/vestiaire-metallique-3-portes\/#breadcrumb"},"inLanguage":"fr-FR","potentialAction":[{"@type":"ReadAction","target":["https:\/\/www.smartystore.it\/fr\/prodotto\/vestiaire-metallique-3-portes\/"]}]},{"@type":"ImageObject","inLanguage":"fr-FR","@id":"https:\/\/www.smartystore.it\/fr\/prodotto\/vestiaire-metallique-3-portes\/#primaryimage","url":"https:\/\/www.smartystore.it\/v25\/wp-content\/uploads\/2025\/02\/Armadietto-spogliatoio-a-3-ante-con-serratura-e-accessori-interni_disponibile-in-5-colori.jpg","contentUrl":"https:\/\/www.smartystore.it\/v25\/wp-content\/uploads\/2025\/02\/Armadietto-spogliatoio-a-3-ante-con-serratura-e-accessori-interni_disponibile-in-5-colori.jpg","width":1000,"height":1000,"caption":"Vestiaire m\u00e8tallique 3 portes avec serrure et accessoires internes disponibles en 5 couleurs"},{"@type":"BreadcrumbList","@id":"https:\/\/www.smartystore.it\/fr\/prodotto\/vestiaire-metallique-3-portes\/#breadcrumb","itemListElement":[{"@type":"ListItem","position":1,"name":"Home","item":"https:\/\/www.smartystore.it\/fr\/"},{"@type":"ListItem","position":2,"name":"Boutique","item":"https:\/\/www.smartystore.it\/fr\/boutique\/"},{"@type":"ListItem","position":3,"name":"Vestiaire m\u00e8tallique 3 portes"}]},{"@type":"WebSite","@id":"https:\/\/www.smartystore.it\/fr\/#website","url":"https:\/\/www.smartystore.it\/fr\/","name":"Smarty Store","description":"Espositori Pubblicitari e Sistemi di Comunicazione Visiva","potentialAction":[{"@type":"SearchAction","target":{"@type":"EntryPoint","urlTemplate":"https:\/\/www.smartystore.it\/fr\/?s={search_term_string}"},"query-input":{"@type":"PropertyValueSpecification","valueRequired":true,"valueName":"search_term_string"}}],"inLanguage":"fr-FR"}]}},"brands":[],"_links":{"self":[{"href":"https:\/\/www.smartystore.it\/fr\/wp-json\/wp\/v2\/product\/90846","targetHints":{"allow":["GET"]}}],"collection":[{"href":"https:\/\/www.smartystore.it\/fr\/wp-json\/wp\/v2\/product"}],"about":[{"href":"https:\/\/www.smartystore.it\/fr\/wp-json\/wp\/v2\/types\/product"}],"replies":[{"embeddable":true,"href":"https:\/\/www.smartystore.it\/fr\/wp-json\/wp\/v2\/comments?post=90846"}],"wp:featuredmedia":[{"embeddable":true,"href":"https:\/\/www.smartystore.it\/fr\/wp-json\/wp\/v2\/media\/90809"}],"wp:attachment":[{"href":"https:\/\/www.smartystore.it\/fr\/wp-json\/wp\/v2\/media?parent=90846"}],"wp:term":[{"taxonomy":"pwb-brand","embeddable":true,"href":"https:\/\/www.smartystore.it\/fr\/wp-json\/wp\/v2\/pwb-brand?post=90846"},{"taxonomy":"product_brand","embeddable":true,"href":"https:\/\/www.smartystore.it\/fr\/wp-json\/wp\/v2\/product_brand?post=90846"},{"taxonomy":"product_cat","embeddable":true,"href":"https:\/\/www.smartystore.it\/fr\/wp-json\/wp\/v2\/product_cat?post=90846"},{"taxonomy":"product_tag","embeddable":true,"href":"https:\/\/www.smartystore.it\/fr\/wp-json\/wp\/v2\/product_tag?post=90846"}],"curies":[{"name":"wp","href":"https:\/\/api.w.org\/{rel}","templated":true}]}}