{"id":90743,"date":"2021-11-16T18:43:03","date_gmt":"2021-11-16T16:43:03","guid":{"rendered":"https:\/\/www.smartystore.it\/prodotto\/cadre-daffichage-snap-100x140-pro\/"},"modified":"2026-02-20T19:00:19","modified_gmt":"2026-02-20T17:00:19","slug":"cadre-daffichage-snap-100x140-pro","status":"publish","type":"product","link":"https:\/\/www.smartystore.it\/fr\/prodotto\/cadre-daffichage-snap-100x140-pro\/","title":{"rendered":"Cadre d&rsquo;affichage 100&#215;140 PRO"},"content":{"rendered":"<div class=\"wpb-content-wrapper\"><p>[vc_row][vc_column][vc_column_text css=\u00a0\u00bb\u00a0\u00bb css_params=\u00a0\u00bb\u00a0\u00bb]<\/p>\n<h1>Cadre d&rsquo;affichage 100&#215;140 PRO<\/h1>\n<p>Le pr\u00e9sentoir PRO snap frame 100&#215;140 est une structure sur pied qui fait partie de la ligne QUADRA SERIES. Enti\u00e8rement r\u00e9alis\u00e9e en aluminium, elle se compose d&rsquo;un cadre encliquetable pour les tirages 100&#215;140, de doubles montants \u00e0 section carr\u00e9e (d&rsquo;o\u00f9 le nom de la s\u00e9rie) et d&rsquo;une base en m\u00e9tal poudr\u00e9 argent\u00e9. <\/p>\n<p>La ligne PRO de la QUADRA SERIES est particuli\u00e8rement adapt\u00e9e \u00e0 un usage plus intensif et aux locaux commerciaux \u00e0 fort trafic. En effet, ce nouveau mod\u00e8le a des montants de 30&#215;30 mm et des cadres avec des bords de 32 mm. (uniquement avec des coins arrondis) au lieu de 25 mm, ce qui le rend <strong>plus robuste et plus stable<\/strong>. <\/p>\n<h2>Cadre d&rsquo;affichage 100&#215;140 PRO : impact visuel \u00e9lev\u00e9<\/h2>\n<p>Adapt\u00e9 \u00e0 l&rsquo;affichage de messages promotionnels ou m\u00eame simplement de messages pour indiquer la direction \u00e0 suivre pour atteindre les bureaux et les \u00e9tages souhait\u00e9s, le pr\u00e9sentoir autoportant avec cadre clic-clac peut \u00eatre utilis\u00e9 dans des endroits tels que les salles d&rsquo;exposition, les supermarch\u00e9s, les r\u00e9unions, les conventions, les entr\u00e9es d&rsquo;entreprise et dans tout endroit o\u00f9 vous avez besoin d&rsquo;afficher votre message.<\/p>\n<p>Une autre remarque suppl\u00e9mentaire est la possibilit\u00e9 de choisir lors de la commande si vous souhaitez l&rsquo;affichage en version simple face ou double face selon que vous devez le positionner sur un passage \u00e0 sens unique ou \u00e0 double sens.<\/p>\n<h3>CARACT\u00c9RISTIQUES:<\/h3>\n<ul>\n<li>Cadre : cadre 32 (largeur du profil : 32 mm).<\/li>\n<li>Type de cadre : coin rond chrom\u00e9.<\/li>\n<li>Cadre en aluminium argent\u00e9 avec protection en PVC antireflet.<\/li>\n<li>Montants en aluminium anodis\u00e9 de section carr\u00e9e : H 185 &#8211; L 3 cm.<\/li>\n<li>Base carr\u00e9e en m\u00e9tal thermolaqu\u00e9 argent : L 42 cm. &#8211; H 0,6 cm. &#8211; D 42 cm.  <\/li>\n<li><span style=\"text-decoration: underline;\"><strong>BASE ANTI-TR\u00c9CISSEMENT ULTRA PLATE : \u00e9paisseur 6 mm.<\/strong><\/span><\/li>\n<li>Format imprim\u00e9 : 100&#215;140.<\/li>\n<li>Surface visible : 98 x 138 cm<\/li>\n<li>Dimensions du cadre : 104,5 x 144,5 cm.<\/li>\n<li>Dimensions du pr\u00e9sentoir : L 104,5 &#8211; H 185,6 &#8211; P 42<\/li>\n<li>Poids de l&rsquo;\u00e9cran : environ 16,20 kg pour la version simple face et environ 21 kg pour la version double face.<\/li>\n<\/ul>\n<p>&nbsp;<\/p>\n<p>SmartyStore assiste pleinement ses clients. Si vous avez besoin de posters 70&#215;100 pour votre cadre, vous pouvez trouver ce que vous cherchez \u00e0 l&rsquo;adresse suivante <a href=\"https:\/\/www.smartystore.it\/fr\/prodotto\/presentoir-a-cadre-instantane-50x70-avec-montant-simple\/\" target=\"_blank\" rel=\"noopener\"><strong>LIEN<\/strong><\/a><\/p>\n<p>&nbsp;<\/p>\n<p><a href=\"https:\/\/www.smartystore.it\/v25\/wp-content\/uploads\/2024\/03\/Scheda-tecnica-cornici-autoportanti-PRO-50x70-70x100-A0-100x140-1.pdf\" target=\"_blank\" rel=\"noopener\"><img loading=\"lazy\" decoding=\"async\" class=\"alignnone size-full wp-image-93510\" src=\"https:\/\/www.smartystore.it\/v25\/wp-content\/uploads\/2014\/10\/SchedaTecnica-300-e1750084266903.png\" alt=\"\" width=\"249\" height=\"63\"><\/a><\/p>\n<p>[\/vc_column_text][\/vc_column][\/vc_row]<\/p>\n<\/div>","protected":false},"excerpt":{"rendered":"<p>Structure autoportante simple ou double face avec doubles montants en aluminium anodis\u00e9 de section carr\u00e9e et cadre 100&#215;140.<\/p>\n","protected":false},"featured_media":87180,"comment_status":"open","ping_status":"closed","template":"","meta":{"_acf_changed":false},"pwb-brand":[],"product_brand":[3872],"product_cat":[2915,2912,2914,2913],"product_tag":[3605,3610,3606,3608,3607,3601,3603,3602,3609,3604],"class_list":{"0":"post-90743","1":"product","2":"type-product","3":"status-publish","4":"has-post-thumbnail","6":"product_brand-smartystore","7":"product_cat-ecrans-avec-cadres-instantanes","8":"product_cat-cadres-instantanes","9":"product_cat-quadra-series-fr","10":"product_cat-structures-autoportantes-et-soutient","11":"product_tag-cadre-daffichage-double-face-a-clipser-100x140","12":"product_tag-porte-affiche-au-sol-100x140","13":"product_tag-porte-message-autoportant-avec-cadre-a-clipser-100x140","14":"product_tag-presentoir-au-sol-avec-cadre-clipsable-100x140","15":"product_tag-presentoir-autoportant-avec-cadre-clipsable-100x140","16":"product_tag-presentoir-avec-cadre-clipsable-100x140","17":"product_tag-presentoir-porte-message-100x140","18":"product_tag-presentoir-totem-avec-cadre-clipsable-100x140","19":"product_tag-tableau-daffichage-sur-pied-avec-cadre-100x140","20":"product_tag-vitrine-avec-cadre-100x140","21":"pa_c2c_angolo-rond","22":"pa_c2c_color-argent","23":"pa_c2c_dimensione-100x140","24":"pa_c2c_mono_bifacciale-double-face","25":"pa_c2c_mono_bifacciale-simple-face","26":"pa_c2c_trovraprezzi-oui","27":"pa_serie-quadra-series","29":"first","30":"instock","31":"taxable","32":"shipping-taxable","33":"purchasable","34":"product-type-variable"},"acf":[],"yoast_head":"<!-- This site is optimized with the Yoast SEO plugin v27.4 - https:\/\/yoast.com\/product\/yoast-seo-wordpress\/ -->\n<title>Cadre d&#039;affichage 100x140 PRO - Au Meilleur Prix<\/title>\n<meta name=\"description\" content=\"Pr\u00e9sentoir autoportant PRO avec cadre \u00e0 clipser 100x140 simple ou double face avec coins ronds chrom\u00e9s et profil\u00e9 de 32 mm.\" \/>\n<meta name=\"robots\" content=\"index, follow, max-snippet:-1, max-image-preview:large, max-video-preview:-1\" \/>\n<link rel=\"canonical\" href=\"https:\/\/www.smartystore.it\/fr\/prodotto\/cadre-daffichage-snap-100x140-pro\/\" \/>\n<meta property=\"og:locale\" content=\"fr_FR\" \/>\n<meta property=\"og:type\" content=\"article\" \/>\n<meta property=\"og:title\" content=\"Cadre d&#039;affichage 100x140 PRO - Au Meilleur Prix\" \/>\n<meta property=\"og:description\" content=\"Pr\u00e9sentoir autoportant PRO avec cadre \u00e0 clipser 100x140 simple ou double face avec coins ronds chrom\u00e9s et profil\u00e9 de 32 mm.\" \/>\n<meta property=\"og:url\" content=\"https:\/\/www.smartystore.it\/fr\/prodotto\/cadre-daffichage-snap-100x140-pro\/\" \/>\n<meta property=\"og:site_name\" content=\"Smarty Store\" \/>\n<meta property=\"article:modified_time\" content=\"2026-02-20T17:00:19+00:00\" \/>\n<meta property=\"og:image\" content=\"https:\/\/www.smartystore.it\/v25\/wp-content\/uploads\/2021\/11\/Cornice-a-scatto-autoportante-100x140-monofacciale-bifacciale-verticale-angolo-tondo-frame-32-5.jpg\" \/>\n\t<meta property=\"og:image:width\" content=\"1000\" \/>\n\t<meta property=\"og:image:height\" content=\"1000\" \/>\n\t<meta property=\"og:image:type\" content=\"image\/jpeg\" \/>\n<meta name=\"twitter:card\" content=\"summary_large_image\" \/>\n<meta name=\"twitter:label1\" content=\"Dur\u00e9e de lecture estim\u00e9e\" \/>\n\t<meta name=\"twitter:data1\" content=\"3 minutes\" \/>\n<script type=\"application\/ld+json\" class=\"yoast-schema-graph\">{\"@context\":\"https:\\\/\\\/schema.org\",\"@graph\":[{\"@type\":\"WebPage\",\"@id\":\"https:\\\/\\\/www.smartystore.it\\\/fr\\\/prodotto\\\/cadre-daffichage-snap-100x140-pro\\\/\",\"url\":\"https:\\\/\\\/www.smartystore.it\\\/fr\\\/prodotto\\\/cadre-daffichage-snap-100x140-pro\\\/\",\"name\":\"Cadre d'affichage 100x140 PRO - Au Meilleur Prix\",\"isPartOf\":{\"@id\":\"https:\\\/\\\/www.smartystore.it\\\/fr\\\/#website\"},\"primaryImageOfPage\":{\"@id\":\"https:\\\/\\\/www.smartystore.it\\\/fr\\\/prodotto\\\/cadre-daffichage-snap-100x140-pro\\\/#primaryimage\"},\"image\":{\"@id\":\"https:\\\/\\\/www.smartystore.it\\\/fr\\\/prodotto\\\/cadre-daffichage-snap-100x140-pro\\\/#primaryimage\"},\"thumbnailUrl\":\"https:\\\/\\\/www.smartystore.it\\\/v25\\\/wp-content\\\/uploads\\\/2021\\\/11\\\/Cornice-a-scatto-autoportante-100x140-monofacciale-bifacciale-verticale-angolo-tondo-frame-32-5.jpg\",\"datePublished\":\"2021-11-16T16:43:03+00:00\",\"dateModified\":\"2026-02-20T17:00:19+00:00\",\"description\":\"Pr\u00e9sentoir autoportant PRO avec cadre \u00e0 clipser 100x140 simple ou double face avec coins ronds chrom\u00e9s et profil\u00e9 de 32 mm.\",\"breadcrumb\":{\"@id\":\"https:\\\/\\\/www.smartystore.it\\\/fr\\\/prodotto\\\/cadre-daffichage-snap-100x140-pro\\\/#breadcrumb\"},\"inLanguage\":\"fr-FR\",\"potentialAction\":[{\"@type\":\"ReadAction\",\"target\":[\"https:\\\/\\\/www.smartystore.it\\\/fr\\\/prodotto\\\/cadre-daffichage-snap-100x140-pro\\\/\"]}]},{\"@type\":\"ImageObject\",\"inLanguage\":\"fr-FR\",\"@id\":\"https:\\\/\\\/www.smartystore.it\\\/fr\\\/prodotto\\\/cadre-daffichage-snap-100x140-pro\\\/#primaryimage\",\"url\":\"https:\\\/\\\/www.smartystore.it\\\/v25\\\/wp-content\\\/uploads\\\/2021\\\/11\\\/Cornice-a-scatto-autoportante-100x140-monofacciale-bifacciale-verticale-angolo-tondo-frame-32-5.jpg\",\"contentUrl\":\"https:\\\/\\\/www.smartystore.it\\\/v25\\\/wp-content\\\/uploads\\\/2021\\\/11\\\/Cornice-a-scatto-autoportante-100x140-monofacciale-bifacciale-verticale-angolo-tondo-frame-32-5.jpg\",\"width\":1000,\"height\":1000,\"caption\":\"Cadre autoportant \u00e0 clipser 100x140 simple face double face vertical angle arrondi\"},{\"@type\":\"BreadcrumbList\",\"@id\":\"https:\\\/\\\/www.smartystore.it\\\/fr\\\/prodotto\\\/cadre-daffichage-snap-100x140-pro\\\/#breadcrumb\",\"itemListElement\":[{\"@type\":\"ListItem\",\"position\":1,\"name\":\"Home\",\"item\":\"https:\\\/\\\/www.smartystore.it\\\/fr\\\/\"},{\"@type\":\"ListItem\",\"position\":2,\"name\":\"Boutique\",\"item\":\"https:\\\/\\\/www.smartystore.it\\\/fr\\\/boutique\\\/\"},{\"@type\":\"ListItem\",\"position\":3,\"name\":\"Cadre d&rsquo;affichage 100&#215;140 PRO\"}]},{\"@type\":\"WebSite\",\"@id\":\"https:\\\/\\\/www.smartystore.it\\\/fr\\\/#website\",\"url\":\"https:\\\/\\\/www.smartystore.it\\\/fr\\\/\",\"name\":\"Smarty Store\",\"description\":\"Espositori Pubblicitari e Sistemi di Comunicazione Visiva\",\"potentialAction\":[{\"@type\":\"SearchAction\",\"target\":{\"@type\":\"EntryPoint\",\"urlTemplate\":\"https:\\\/\\\/www.smartystore.it\\\/fr\\\/?s={search_term_string}\"},\"query-input\":{\"@type\":\"PropertyValueSpecification\",\"valueRequired\":true,\"valueName\":\"search_term_string\"}}],\"inLanguage\":\"fr-FR\"}]}<\/script>\n<!-- \/ Yoast SEO plugin. -->","yoast_head_json":{"title":"Cadre d'affichage 100x140 PRO - Au Meilleur Prix","description":"Pr\u00e9sentoir autoportant PRO avec cadre \u00e0 clipser 100x140 simple ou double face avec coins ronds chrom\u00e9s et profil\u00e9 de 32 mm.","robots":{"index":"index","follow":"follow","max-snippet":"max-snippet:-1","max-image-preview":"max-image-preview:large","max-video-preview":"max-video-preview:-1"},"canonical":"https:\/\/www.smartystore.it\/fr\/prodotto\/cadre-daffichage-snap-100x140-pro\/","og_locale":"fr_FR","og_type":"article","og_title":"Cadre d'affichage 100x140 PRO - Au Meilleur Prix","og_description":"Pr\u00e9sentoir autoportant PRO avec cadre \u00e0 clipser 100x140 simple ou double face avec coins ronds chrom\u00e9s et profil\u00e9 de 32 mm.","og_url":"https:\/\/www.smartystore.it\/fr\/prodotto\/cadre-daffichage-snap-100x140-pro\/","og_site_name":"Smarty Store","article_modified_time":"2026-02-20T17:00:19+00:00","og_image":[{"width":1000,"height":1000,"url":"https:\/\/www.smartystore.it\/v25\/wp-content\/uploads\/2021\/11\/Cornice-a-scatto-autoportante-100x140-monofacciale-bifacciale-verticale-angolo-tondo-frame-32-5.jpg","type":"image\/jpeg"}],"twitter_card":"summary_large_image","twitter_misc":{"Dur\u00e9e de lecture estim\u00e9e":"3 minutes"},"schema":{"@context":"https:\/\/schema.org","@graph":[{"@type":"WebPage","@id":"https:\/\/www.smartystore.it\/fr\/prodotto\/cadre-daffichage-snap-100x140-pro\/","url":"https:\/\/www.smartystore.it\/fr\/prodotto\/cadre-daffichage-snap-100x140-pro\/","name":"Cadre d'affichage 100x140 PRO - Au Meilleur Prix","isPartOf":{"@id":"https:\/\/www.smartystore.it\/fr\/#website"},"primaryImageOfPage":{"@id":"https:\/\/www.smartystore.it\/fr\/prodotto\/cadre-daffichage-snap-100x140-pro\/#primaryimage"},"image":{"@id":"https:\/\/www.smartystore.it\/fr\/prodotto\/cadre-daffichage-snap-100x140-pro\/#primaryimage"},"thumbnailUrl":"https:\/\/www.smartystore.it\/v25\/wp-content\/uploads\/2021\/11\/Cornice-a-scatto-autoportante-100x140-monofacciale-bifacciale-verticale-angolo-tondo-frame-32-5.jpg","datePublished":"2021-11-16T16:43:03+00:00","dateModified":"2026-02-20T17:00:19+00:00","description":"Pr\u00e9sentoir autoportant PRO avec cadre \u00e0 clipser 100x140 simple ou double face avec coins ronds chrom\u00e9s et profil\u00e9 de 32 mm.","breadcrumb":{"@id":"https:\/\/www.smartystore.it\/fr\/prodotto\/cadre-daffichage-snap-100x140-pro\/#breadcrumb"},"inLanguage":"fr-FR","potentialAction":[{"@type":"ReadAction","target":["https:\/\/www.smartystore.it\/fr\/prodotto\/cadre-daffichage-snap-100x140-pro\/"]}]},{"@type":"ImageObject","inLanguage":"fr-FR","@id":"https:\/\/www.smartystore.it\/fr\/prodotto\/cadre-daffichage-snap-100x140-pro\/#primaryimage","url":"https:\/\/www.smartystore.it\/v25\/wp-content\/uploads\/2021\/11\/Cornice-a-scatto-autoportante-100x140-monofacciale-bifacciale-verticale-angolo-tondo-frame-32-5.jpg","contentUrl":"https:\/\/www.smartystore.it\/v25\/wp-content\/uploads\/2021\/11\/Cornice-a-scatto-autoportante-100x140-monofacciale-bifacciale-verticale-angolo-tondo-frame-32-5.jpg","width":1000,"height":1000,"caption":"Cadre autoportant \u00e0 clipser 100x140 simple face double face vertical angle arrondi"},{"@type":"BreadcrumbList","@id":"https:\/\/www.smartystore.it\/fr\/prodotto\/cadre-daffichage-snap-100x140-pro\/#breadcrumb","itemListElement":[{"@type":"ListItem","position":1,"name":"Home","item":"https:\/\/www.smartystore.it\/fr\/"},{"@type":"ListItem","position":2,"name":"Boutique","item":"https:\/\/www.smartystore.it\/fr\/boutique\/"},{"@type":"ListItem","position":3,"name":"Cadre d&rsquo;affichage 100&#215;140 PRO"}]},{"@type":"WebSite","@id":"https:\/\/www.smartystore.it\/fr\/#website","url":"https:\/\/www.smartystore.it\/fr\/","name":"Smarty Store","description":"Espositori Pubblicitari e Sistemi di Comunicazione Visiva","potentialAction":[{"@type":"SearchAction","target":{"@type":"EntryPoint","urlTemplate":"https:\/\/www.smartystore.it\/fr\/?s={search_term_string}"},"query-input":{"@type":"PropertyValueSpecification","valueRequired":true,"valueName":"search_term_string"}}],"inLanguage":"fr-FR"}]}},"brands":[],"_links":{"self":[{"href":"https:\/\/www.smartystore.it\/fr\/wp-json\/wp\/v2\/product\/90743","targetHints":{"allow":["GET"]}}],"collection":[{"href":"https:\/\/www.smartystore.it\/fr\/wp-json\/wp\/v2\/product"}],"about":[{"href":"https:\/\/www.smartystore.it\/fr\/wp-json\/wp\/v2\/types\/product"}],"replies":[{"embeddable":true,"href":"https:\/\/www.smartystore.it\/fr\/wp-json\/wp\/v2\/comments?post=90743"}],"wp:featuredmedia":[{"embeddable":true,"href":"https:\/\/www.smartystore.it\/fr\/wp-json\/wp\/v2\/media\/87180"}],"wp:attachment":[{"href":"https:\/\/www.smartystore.it\/fr\/wp-json\/wp\/v2\/media?parent=90743"}],"wp:term":[{"taxonomy":"pwb-brand","embeddable":true,"href":"https:\/\/www.smartystore.it\/fr\/wp-json\/wp\/v2\/pwb-brand?post=90743"},{"taxonomy":"product_brand","embeddable":true,"href":"https:\/\/www.smartystore.it\/fr\/wp-json\/wp\/v2\/product_brand?post=90743"},{"taxonomy":"product_cat","embeddable":true,"href":"https:\/\/www.smartystore.it\/fr\/wp-json\/wp\/v2\/product_cat?post=90743"},{"taxonomy":"product_tag","embeddable":true,"href":"https:\/\/www.smartystore.it\/fr\/wp-json\/wp\/v2\/product_tag?post=90743"}],"curies":[{"name":"wp","href":"https:\/\/api.w.org\/{rel}","templated":true}]}}