{"id":90634,"date":"2022-03-04T13:30:58","date_gmt":"2022-03-04T11:30:58","guid":{"rendered":"https:\/\/www.smartystore.it\/prodotto\/presentoir-a-cadre-instantane-50x70-avec-montant-simple\/"},"modified":"2026-02-20T17:02:13","modified_gmt":"2026-02-20T15:02:13","slug":"presentoir-de-sol-avec-cadre-encliquetable-50x70","status":"publish","type":"product","link":"https:\/\/www.smartystore.it\/fr\/prodotto\/presentoir-de-sol-avec-cadre-encliquetable-50x70\/","title":{"rendered":"Pr\u00e9sentoir de sol avec cadre encliquetable 50&#215;70"},"content":{"rendered":"<div class=\"wpb-content-wrapper\"><p>[vc_row][vc_column][vc_column_text css=\u00a0\u00bb\u00a0\u00bb css_params=\u00a0\u00bb\u00a0\u00bb]<\/p>\n<h1>Pr\u00e9sentoir au sol 50&#215;70 avec cadre d&rsquo;encliquetage et un seul pilier<\/h1>\n<p>Le pr\u00e9sentoir de sol 50&#215;70 avec cadre encliquetable et montant simple est une structure sur pied qui fait partie de la ligne QUADRA SERIES. Enti\u00e8rement r\u00e9alis\u00e9e en aluminium, elle se compose d&rsquo;un cadre encliquetable 50&#215;70 pour les imprim\u00e9s, d&rsquo;un montant \u00e0 section carr\u00e9e (d&rsquo;o\u00f9 le nom de la s\u00e9rie) et d&rsquo;une base en m\u00e9tal thermolaqu\u00e9 argent.<\/p>\n<p>Adapt\u00e9 \u00e0 l&rsquo;affichage de messages promotionnels ou m\u00eame simplement de messages indiquant la direction \u00e0 prendre pour atteindre les bureaux et \u00e9tages souhait\u00e9s, le pr\u00e9sentoir autoportant avec cadre clipsable peut \u00eatre utilis\u00e9 dans des locaux tels que showrooms, supermarch\u00e9s, r\u00e9unions, conventions, entr\u00e9es d&rsquo;entreprises et partout o\u00f9 vous avez besoin d&rsquo;afficher votre message, pour une utilisation standard.<\/p>\n<h2>Pr\u00e9sentoir au sol 50&#215;70 avec un seul pilier : d\u00e9finir les d\u00e9tails<\/h2>\n<p>Ce pr\u00e9sentoir peut \u00eatre personnalis\u00e9 selon vos besoins en choisissant la finition du cadre (angles vifs ou arrondis) lors de l&rsquo;achat.<\/p>\n<p>Une autre remarque suppl\u00e9mentaire est la possibilit\u00e9 de choisir lors de la commande si vous souhaitez l&rsquo;affichage en version simple face ou double face selon que vous devez le positionner sur un passage \u00e0 sens unique ou \u00e0 double sens.<\/p>\n<h3>CARACT\u00c9RISTIQUES:<\/h3>\n<ul>\n<li>Cadre : cadre 25 (largeur du profil : 25 mm.).<\/li>\n<li>Possibilit\u00e9 de choisir le type de cadre : coin pointu ou coin rond chrom\u00e9.<\/li>\n<li>Montant en aluminium anodis\u00e9 \u00e0 section carr\u00e9e : H 185- L 3 cm.<\/li>\n<li>Base carr\u00e9e en m\u00e9tal thermolaqu\u00e9 argent : L 32,5 cm. &#8211; H 0,6 cm. &#8211; D 32,5 cm.<\/li>\n<li><span style=\"text-decoration: underline;\"><strong>BASE ANTI-TR\u00c9CISSEMENT ULTRA PLATE : \u00e9paisseur 6 mm.<\/strong><\/span><\/li>\n<li>Application d&rsquo;un cadre clic-clac en aluminium argent\u00e9 avec protection PVC antireflet.<\/li>\n<li>Format imprim\u00e9 : 50&#215;70.<\/li>\n<li>Surface visible : 48 x 68 cm<\/li>\n<li>Dimensions du cadre : 53 x 73 cm.<\/li>\n<li>Dimensions du pr\u00e9sentoir : L 53 &#8211; H 185,6 &#8211; P 32,5<\/li>\n<li>Poids de l&rsquo;\u00e9cran : 7,90 kg pour la version simple face et 9,50 kg pour la version double face<\/li>\n<\/ul>\n<p>SmartyStore assiste pleinement ses clients, donc si vous avez besoin de posters 50&#215;70 pour mettre dans votre cadre, vous pouvez trouver ce que vous cherchez \u00e0 l&rsquo;adresse suivante <a href=\"https:\/\/www.smartystore.it\/fr\/prodotto\/presentoir-a-cadre-instantane-50x70-avec-montant-simple\/\" target=\"_blank\" rel=\"noopener\"><strong>LIEN<\/strong><\/a><\/p>\n<p><span style=\"color: #000000;\"><strong>Ce pr\u00e9sentoir est \u00e9galement disponible avec des montants doubles : cliquez <a href=\"https:\/\/www.smartystore.it\/fr\/prodotto\/presentoir-avec-cadre-clic-clac-70x100\/\" target=\"_blank\" rel=\"noopener\">ICI<\/a> pour la version STANDARD et <a href=\"https:\/\/www.smartystore.it\/fr\/prodotto\/presentoir-avec-cadre-clipsable-70x100-pro\/\" target=\"_blank\" rel=\"noopener\">ICI<\/a> pour la version PRO.<\/strong><\/span><\/p>\n<p>&nbsp;<\/p>\n<p><a href=\"https:\/\/www.smartystore.it\/v25\/wp-content\/uploads\/2022\/03\/SST-PMAS5070-PMAS70100_SchedaInfo-1.pdf\" target=\"_blank\" rel=\"noopener\"><img loading=\"lazy\" decoding=\"async\" class=\"alignnone size-full wp-image-93510\" src=\"https:\/\/www.smartystore.it\/v25\/wp-content\/uploads\/2014\/10\/SchedaTecnica-300-e1750084266903.png\" alt=\"\" width=\"249\" height=\"63\" \/><\/a><\/p>\n<p>[\/vc_column_text][\/vc_column][\/vc_row]<\/p>\n<\/div>","protected":false},"excerpt":{"rendered":"<p>Structure autoportante simple ou double face avec un seul montant en aluminium anodis\u00e9 de section carr\u00e9e et un cadre 50&#215;70. Possibilit\u00e9 de choisir le type de finition de l&rsquo;angle du cadre.<\/p>\n","protected":false},"featured_media":90635,"comment_status":"open","ping_status":"closed","template":"","meta":{"_acf_changed":false},"pwb-brand":[],"product_brand":[3872],"product_cat":[2915,2912,2914,2913],"product_tag":[3427,3626,3365,3362,3444,3443,3440,6502,3445,3441,3442],"class_list":{"0":"post-90634","1":"product","2":"type-product","3":"status-publish","4":"has-post-thumbnail","6":"product_brand-smartystore","7":"product_cat-ecrans-avec-cadres-instantanes","8":"product_cat-cadres-instantanes","9":"product_cat-quadra-series-fr","10":"product_cat-structures-autoportantes-et-soutient","11":"product_tag-porte-affichage-au-sol-noir-avec-cadre-50x70","12":"product_tag-porte-affiche-au-sol-50x70","13":"product_tag-porte-message-autoportant-avec-cadre-a-pression-50x70","14":"product_tag-presentoir-a-messages-50x70","15":"product_tag-presentoir-autoportant-avec-cadre-snap-50x70","16":"product_tag-presentoir-avec-cadre-a-pression-double-face-50x70","17":"product_tag-presentoir-avec-cadre-pression-50x70","18":"product_tag-presentoir-de-sol-avec-cadre-a-encliqueter-50x70","19":"product_tag-presentoir-de-sol-avec-cadre-clipsable-50x70","20":"product_tag-presentoir-totem-avec-cadre-pression-50x70","21":"product_tag-vitrine-avec-cadre-50x70","22":"pa_c2c_angolo-rond","23":"pa_c2c_angolo-vif","24":"pa_c2c_base-base-carree","25":"pa_c2c_color-argent","26":"pa_c2c_dimensione-50x70","27":"pa_c2c_mono_bifacciale-double-face","28":"pa_c2c_mono_bifacciale-simple-face","29":"pa_c2c_trovraprezzi-oui","30":"pa_serie-quadra-series","32":"first","33":"instock","34":"taxable","35":"shipping-taxable","36":"purchasable","37":"product-type-variable"},"acf":[],"yoast_head":"<!-- This site is optimized with the Yoast SEO plugin v27.4 - https:\/\/yoast.com\/product\/yoast-seo-wordpress\/ -->\n<title>Pr\u00e9sentoir de sol avec cadre encliquetable 50x70 - Au Meilleur Prix<\/title>\n<meta name=\"description\" content=\"Pr\u00e9sentoir au sol 50x70 avec cadre d&#039;encliquetage, montant simple ou double face, avec choix de l&#039;angle : direct ou rond.\" \/>\n<meta name=\"robots\" content=\"index, follow, max-snippet:-1, max-image-preview:large, max-video-preview:-1\" \/>\n<link rel=\"canonical\" href=\"https:\/\/www.smartystore.it\/fr\/prodotto\/presentoir-de-sol-avec-cadre-encliquetable-50x70\/\" \/>\n<meta property=\"og:locale\" content=\"fr_FR\" \/>\n<meta property=\"og:type\" content=\"article\" \/>\n<meta property=\"og:title\" content=\"Pr\u00e9sentoir de sol avec cadre encliquetable 50x70 - Au Meilleur Prix\" \/>\n<meta property=\"og:description\" content=\"Pr\u00e9sentoir au sol 50x70 avec cadre d&#039;encliquetage, montant simple ou double face, avec choix de l&#039;angle : direct ou rond.\" \/>\n<meta property=\"og:url\" content=\"https:\/\/www.smartystore.it\/fr\/prodotto\/presentoir-de-sol-avec-cadre-encliquetable-50x70\/\" \/>\n<meta property=\"og:site_name\" content=\"Smarty Store\" \/>\n<meta property=\"article:modified_time\" content=\"2026-02-20T15:02:13+00:00\" \/>\n<meta property=\"og:image\" content=\"https:\/\/www.smartystore.it\/v25\/wp-content\/uploads\/2022\/03\/Cornice-a-scatto-autoportante-50x70-monofacciale-bifacciale-verticale-angolo-vivo-tondo-con-un-montante.jpg\" \/>\n\t<meta property=\"og:image:width\" content=\"1000\" \/>\n\t<meta property=\"og:image:height\" content=\"1000\" \/>\n\t<meta property=\"og:image:type\" content=\"image\/jpeg\" \/>\n<meta name=\"twitter:card\" content=\"summary_large_image\" \/>\n<meta name=\"twitter:label1\" content=\"Dur\u00e9e de lecture estim\u00e9e\" \/>\n\t<meta name=\"twitter:data1\" content=\"3 minutes\" \/>\n<script type=\"application\/ld+json\" class=\"yoast-schema-graph\">{\"@context\":\"https:\\\/\\\/schema.org\",\"@graph\":[{\"@type\":\"WebPage\",\"@id\":\"https:\\\/\\\/www.smartystore.it\\\/fr\\\/prodotto\\\/presentoir-de-sol-avec-cadre-encliquetable-50x70\\\/\",\"url\":\"https:\\\/\\\/www.smartystore.it\\\/fr\\\/prodotto\\\/presentoir-de-sol-avec-cadre-encliquetable-50x70\\\/\",\"name\":\"Pr\u00e9sentoir de sol avec cadre encliquetable 50x70 - Au Meilleur Prix\",\"isPartOf\":{\"@id\":\"https:\\\/\\\/www.smartystore.it\\\/fr\\\/#website\"},\"primaryImageOfPage\":{\"@id\":\"https:\\\/\\\/www.smartystore.it\\\/fr\\\/prodotto\\\/presentoir-de-sol-avec-cadre-encliquetable-50x70\\\/#primaryimage\"},\"image\":{\"@id\":\"https:\\\/\\\/www.smartystore.it\\\/fr\\\/prodotto\\\/presentoir-de-sol-avec-cadre-encliquetable-50x70\\\/#primaryimage\"},\"thumbnailUrl\":\"https:\\\/\\\/www.smartystore.it\\\/v25\\\/wp-content\\\/uploads\\\/2022\\\/03\\\/Cornice-a-scatto-autoportante-50x70-monofacciale-bifacciale-verticale-angolo-vivo-tondo-con-un-montante.jpg\",\"datePublished\":\"2022-03-04T11:30:58+00:00\",\"dateModified\":\"2026-02-20T15:02:13+00:00\",\"description\":\"Pr\u00e9sentoir au sol 50x70 avec cadre d'encliquetage, montant simple ou double face, avec choix de l'angle : direct ou rond.\",\"breadcrumb\":{\"@id\":\"https:\\\/\\\/www.smartystore.it\\\/fr\\\/prodotto\\\/presentoir-de-sol-avec-cadre-encliquetable-50x70\\\/#breadcrumb\"},\"inLanguage\":\"fr-FR\",\"potentialAction\":[{\"@type\":\"ReadAction\",\"target\":[\"https:\\\/\\\/www.smartystore.it\\\/fr\\\/prodotto\\\/presentoir-de-sol-avec-cadre-encliquetable-50x70\\\/\"]}]},{\"@type\":\"ImageObject\",\"inLanguage\":\"fr-FR\",\"@id\":\"https:\\\/\\\/www.smartystore.it\\\/fr\\\/prodotto\\\/presentoir-de-sol-avec-cadre-encliquetable-50x70\\\/#primaryimage\",\"url\":\"https:\\\/\\\/www.smartystore.it\\\/v25\\\/wp-content\\\/uploads\\\/2022\\\/03\\\/Cornice-a-scatto-autoportante-50x70-monofacciale-bifacciale-verticale-angolo-vivo-tondo-con-un-montante.jpg\",\"contentUrl\":\"https:\\\/\\\/www.smartystore.it\\\/v25\\\/wp-content\\\/uploads\\\/2022\\\/03\\\/Cornice-a-scatto-autoportante-50x70-monofacciale-bifacciale-verticale-angolo-vivo-tondo-con-un-montante.jpg\",\"width\":1000,\"height\":1000,\"caption\":\"Cadre \u00e0 clipser autoportant 50x70 simple face double face vertical coin rond avec un montant\"},{\"@type\":\"BreadcrumbList\",\"@id\":\"https:\\\/\\\/www.smartystore.it\\\/fr\\\/prodotto\\\/presentoir-de-sol-avec-cadre-encliquetable-50x70\\\/#breadcrumb\",\"itemListElement\":[{\"@type\":\"ListItem\",\"position\":1,\"name\":\"Home\",\"item\":\"https:\\\/\\\/www.smartystore.it\\\/fr\\\/\"},{\"@type\":\"ListItem\",\"position\":2,\"name\":\"Boutique\",\"item\":\"https:\\\/\\\/www.smartystore.it\\\/fr\\\/boutique\\\/\"},{\"@type\":\"ListItem\",\"position\":3,\"name\":\"Pr\u00e9sentoir de sol avec cadre encliquetable 50&#215;70\"}]},{\"@type\":\"WebSite\",\"@id\":\"https:\\\/\\\/www.smartystore.it\\\/fr\\\/#website\",\"url\":\"https:\\\/\\\/www.smartystore.it\\\/fr\\\/\",\"name\":\"Smarty Store\",\"description\":\"Espositori Pubblicitari e Sistemi di Comunicazione Visiva\",\"potentialAction\":[{\"@type\":\"SearchAction\",\"target\":{\"@type\":\"EntryPoint\",\"urlTemplate\":\"https:\\\/\\\/www.smartystore.it\\\/fr\\\/?s={search_term_string}\"},\"query-input\":{\"@type\":\"PropertyValueSpecification\",\"valueRequired\":true,\"valueName\":\"search_term_string\"}}],\"inLanguage\":\"fr-FR\"}]}<\/script>\n<!-- \/ Yoast SEO plugin. -->","yoast_head_json":{"title":"Pr\u00e9sentoir de sol avec cadre encliquetable 50x70 - Au Meilleur Prix","description":"Pr\u00e9sentoir au sol 50x70 avec cadre d'encliquetage, montant simple ou double face, avec choix de l'angle : direct ou rond.","robots":{"index":"index","follow":"follow","max-snippet":"max-snippet:-1","max-image-preview":"max-image-preview:large","max-video-preview":"max-video-preview:-1"},"canonical":"https:\/\/www.smartystore.it\/fr\/prodotto\/presentoir-de-sol-avec-cadre-encliquetable-50x70\/","og_locale":"fr_FR","og_type":"article","og_title":"Pr\u00e9sentoir de sol avec cadre encliquetable 50x70 - Au Meilleur Prix","og_description":"Pr\u00e9sentoir au sol 50x70 avec cadre d'encliquetage, montant simple ou double face, avec choix de l'angle : direct ou rond.","og_url":"https:\/\/www.smartystore.it\/fr\/prodotto\/presentoir-de-sol-avec-cadre-encliquetable-50x70\/","og_site_name":"Smarty Store","article_modified_time":"2026-02-20T15:02:13+00:00","og_image":[{"width":1000,"height":1000,"url":"https:\/\/www.smartystore.it\/v25\/wp-content\/uploads\/2022\/03\/Cornice-a-scatto-autoportante-50x70-monofacciale-bifacciale-verticale-angolo-vivo-tondo-con-un-montante.jpg","type":"image\/jpeg"}],"twitter_card":"summary_large_image","twitter_misc":{"Dur\u00e9e de lecture estim\u00e9e":"3 minutes"},"schema":{"@context":"https:\/\/schema.org","@graph":[{"@type":"WebPage","@id":"https:\/\/www.smartystore.it\/fr\/prodotto\/presentoir-de-sol-avec-cadre-encliquetable-50x70\/","url":"https:\/\/www.smartystore.it\/fr\/prodotto\/presentoir-de-sol-avec-cadre-encliquetable-50x70\/","name":"Pr\u00e9sentoir de sol avec cadre encliquetable 50x70 - Au Meilleur Prix","isPartOf":{"@id":"https:\/\/www.smartystore.it\/fr\/#website"},"primaryImageOfPage":{"@id":"https:\/\/www.smartystore.it\/fr\/prodotto\/presentoir-de-sol-avec-cadre-encliquetable-50x70\/#primaryimage"},"image":{"@id":"https:\/\/www.smartystore.it\/fr\/prodotto\/presentoir-de-sol-avec-cadre-encliquetable-50x70\/#primaryimage"},"thumbnailUrl":"https:\/\/www.smartystore.it\/v25\/wp-content\/uploads\/2022\/03\/Cornice-a-scatto-autoportante-50x70-monofacciale-bifacciale-verticale-angolo-vivo-tondo-con-un-montante.jpg","datePublished":"2022-03-04T11:30:58+00:00","dateModified":"2026-02-20T15:02:13+00:00","description":"Pr\u00e9sentoir au sol 50x70 avec cadre d'encliquetage, montant simple ou double face, avec choix de l'angle : direct ou rond.","breadcrumb":{"@id":"https:\/\/www.smartystore.it\/fr\/prodotto\/presentoir-de-sol-avec-cadre-encliquetable-50x70\/#breadcrumb"},"inLanguage":"fr-FR","potentialAction":[{"@type":"ReadAction","target":["https:\/\/www.smartystore.it\/fr\/prodotto\/presentoir-de-sol-avec-cadre-encliquetable-50x70\/"]}]},{"@type":"ImageObject","inLanguage":"fr-FR","@id":"https:\/\/www.smartystore.it\/fr\/prodotto\/presentoir-de-sol-avec-cadre-encliquetable-50x70\/#primaryimage","url":"https:\/\/www.smartystore.it\/v25\/wp-content\/uploads\/2022\/03\/Cornice-a-scatto-autoportante-50x70-monofacciale-bifacciale-verticale-angolo-vivo-tondo-con-un-montante.jpg","contentUrl":"https:\/\/www.smartystore.it\/v25\/wp-content\/uploads\/2022\/03\/Cornice-a-scatto-autoportante-50x70-monofacciale-bifacciale-verticale-angolo-vivo-tondo-con-un-montante.jpg","width":1000,"height":1000,"caption":"Cadre \u00e0 clipser autoportant 50x70 simple face double face vertical coin rond avec un montant"},{"@type":"BreadcrumbList","@id":"https:\/\/www.smartystore.it\/fr\/prodotto\/presentoir-de-sol-avec-cadre-encliquetable-50x70\/#breadcrumb","itemListElement":[{"@type":"ListItem","position":1,"name":"Home","item":"https:\/\/www.smartystore.it\/fr\/"},{"@type":"ListItem","position":2,"name":"Boutique","item":"https:\/\/www.smartystore.it\/fr\/boutique\/"},{"@type":"ListItem","position":3,"name":"Pr\u00e9sentoir de sol avec cadre encliquetable 50&#215;70"}]},{"@type":"WebSite","@id":"https:\/\/www.smartystore.it\/fr\/#website","url":"https:\/\/www.smartystore.it\/fr\/","name":"Smarty Store","description":"Espositori Pubblicitari e Sistemi di Comunicazione Visiva","potentialAction":[{"@type":"SearchAction","target":{"@type":"EntryPoint","urlTemplate":"https:\/\/www.smartystore.it\/fr\/?s={search_term_string}"},"query-input":{"@type":"PropertyValueSpecification","valueRequired":true,"valueName":"search_term_string"}}],"inLanguage":"fr-FR"}]}},"brands":[],"_links":{"self":[{"href":"https:\/\/www.smartystore.it\/fr\/wp-json\/wp\/v2\/product\/90634","targetHints":{"allow":["GET"]}}],"collection":[{"href":"https:\/\/www.smartystore.it\/fr\/wp-json\/wp\/v2\/product"}],"about":[{"href":"https:\/\/www.smartystore.it\/fr\/wp-json\/wp\/v2\/types\/product"}],"replies":[{"embeddable":true,"href":"https:\/\/www.smartystore.it\/fr\/wp-json\/wp\/v2\/comments?post=90634"}],"wp:featuredmedia":[{"embeddable":true,"href":"https:\/\/www.smartystore.it\/fr\/wp-json\/wp\/v2\/media\/90635"}],"wp:attachment":[{"href":"https:\/\/www.smartystore.it\/fr\/wp-json\/wp\/v2\/media?parent=90634"}],"wp:term":[{"taxonomy":"pwb-brand","embeddable":true,"href":"https:\/\/www.smartystore.it\/fr\/wp-json\/wp\/v2\/pwb-brand?post=90634"},{"taxonomy":"product_brand","embeddable":true,"href":"https:\/\/www.smartystore.it\/fr\/wp-json\/wp\/v2\/product_brand?post=90634"},{"taxonomy":"product_cat","embeddable":true,"href":"https:\/\/www.smartystore.it\/fr\/wp-json\/wp\/v2\/product_cat?post=90634"},{"taxonomy":"product_tag","embeddable":true,"href":"https:\/\/www.smartystore.it\/fr\/wp-json\/wp\/v2\/product_tag?post=90634"}],"curies":[{"name":"wp","href":"https:\/\/api.w.org\/{rel}","templated":true}]}}