{"id":90621,"date":"2022-03-08T16:46:29","date_gmt":"2022-03-08T14:46:29","guid":{"rendered":"https:\/\/www.smartystore.it\/prodotto\/presentoir-noir-avec-cadre-snap-50x70\/"},"modified":"2026-02-20T17:02:16","modified_gmt":"2026-02-20T15:02:16","slug":"presentoir-noir-avec-cadre-snap-50x70","status":"publish","type":"product","link":"https:\/\/www.smartystore.it\/fr\/prodotto\/presentoir-noir-avec-cadre-snap-50x70\/","title":{"rendered":"Pr\u00e9sentoir noir avec cadre \u00e0 pression 50&#215;70"},"content":{"rendered":"<div class=\"wpb-content-wrapper\"><p>[vc_row][vc_column][vc_column_text css=\u00a0\u00bb\u00a0\u00bb css_params=\u00a0\u00bb\u00a0\u00bb]<\/p>\n<h1>Pr\u00e9sentoir noir avec cadre \u00e0 pression 50&#215;70<\/h1>\n<p>Le pr\u00e9sentoir 50&#215;70 snap frame noir est une structure sur pied qui fait partie de la ligne QUADRA SERIES. Enti\u00e8rement fabriqu\u00e9 en aluminium, il se compose d&rsquo;un cadre encliquetable 50&#215;70, de deux montants de section carr\u00e9e (d&rsquo;o\u00f9 le nom de la s\u00e9rie) et d&rsquo;une base en m\u00e9tal peint par poudrage noir. <\/p>\n<p>Adapt\u00e9 \u00e0 l&rsquo;affichage de messages promotionnels ou m\u00eame simplement de messages pour indiquer la direction \u00e0 suivre pour atteindre les bureaux et les \u00e9tages souhait\u00e9s, le pr\u00e9sentoir autoportant avec cadre clic-clac peut \u00eatre utilis\u00e9 dans des endroits tels que les salles d&rsquo;exposition, les supermarch\u00e9s, les r\u00e9unions, les conventions, les entr\u00e9es d&rsquo;entreprise et dans tout endroit o\u00f9 vous avez besoin d&rsquo;afficher votre message.<\/p>\n<h2>Pr\u00e9sentoir noir avec cadre \u00e0 clipser 50&#215;70 : choisissez votre configuration<\/h2>\n<p>Cet affichage peut \u00eatre personnalis\u00e9 selon vos besoins en choisissant la configuration qui correspond le mieux \u00e0 vos besoins lors de la phase d&rsquo;achat :<\/p>\n<ul>\n<li>Structure autoportante uniquement;<\/li>\n<li>Structure avec panneau forex imprim\u00e9;<\/li>\n<li>Avec panneau forex imprim\u00e9 complet avec pochette porte-brochure A4. Si vous achetez un pr\u00e9sentoir double face, il y aura deux poches (une de chaque c\u00f4t\u00e9). <\/li>\n<\/ul>\n<p>Une autre remarque suppl\u00e9mentaire est la possibilit\u00e9 de choisir lors de la commande si vous souhaitez l&rsquo;affichage en version simple face ou double face selon que vous devez le positionner sur un passage \u00e0 sens unique ou \u00e0 double sens.<\/p>\n<h3>CARACT\u00c9RISTIQUES:<\/h3>\n<p>Cadre noir : cadre 25 (largeur du profil : 25 mm).<\/p>\n<p>Montants en aluminium noir \u00e0 section carr\u00e9e : H 185- L 2 cm.<\/p>\n<p>Base carr\u00e9e en m\u00e9tal peint par poudrage noir : L 42 cm. &#8211; H 0,6 cm. &#8211; P 42 cm.  <\/p>\n<p><span style=\"text-decoration: underline;\"><strong>BASE ANTI-TR\u00c9CISSEMENT ULTRA PLATE : \u00e9paisseur 6 mm.<\/strong><\/span><\/p>\n<p>Application d&rsquo;un cadre en aluminium noir avec protection en PVC anti-reflet.<\/p>\n<p>Format imprim\u00e9 : 50&#215;70.<\/p>\n<p>Surface visible : 48,2 x 68,2 cm<\/p>\n<p>Dimensions du cadre : 54,5 x 74,5 cm.<\/p>\n<p>Dimensions du pr\u00e9sentoir : L 54,5 &#8211; H 185,6 &#8211; P 42<\/p>\n<p>Poids de l&rsquo;\u00e9cran : environ 11,30 kg pour la version simple face et environ 12,60 kg pour la version double face.<\/p>\n<p>SmartyStore assiste pleinement ses clients, donc si vous avez besoin de posters 50&#215;70 pour mettre dans votre cadre, vous pouvez trouver ce que vous cherchez \u00e0 l&rsquo;adresse suivante <a href=\"https:\/\/www.smartystore.it\/fr\/prodotto\/presentoir-de-sol-avec-cadre-encliquetable-50x70\/\" target=\"_blank\" rel=\"noopener\"><strong>LIEN<\/strong><\/a><\/p>\n<p><span style=\"color: #000000;\"><strong>Ce pr\u00e9sentoir est \u00e9galement disponible en version STANDARD argent\u00e9e : cliquez <a href=\"https:\/\/www.smartystore.it\/fr\/prodotto\/cadre-daffichage-50x70\/\" target=\"_blank\" rel=\"noopener\">ICI <\/a> <\/strong><\/span><\/p>\n<p><span style=\"color: #000000;\"><strong>Les deux dans la version argent\u00e9e PRO : cliquez <a href=\"https:\/\/www.smartystore.it\/fr\/prodotto\/presentoir-avec-cadre-clipsable-50x70-pro\/\" target=\"_blank\" rel=\"noopener\">ICI<\/a><\/strong><\/span><\/p>\n<p><span style=\"color: #000000;\"><strong>Et dans la version argent\u00e9e avec un seul pilier : cliquez <a href=\"https:\/\/www.smartystore.it\/fr\/prodotto\/presentoir-de-sol-avec-cadre-encliquetable-50x70\/\" target=\"_blank\" rel=\"noopener\">ICI<\/a><\/strong><\/span><\/p>\n<p>&nbsp;<\/p>\n<p><a href=\"https:\/\/www.smartystore.it\/v25\/wp-content\/uploads\/2024\/03\/Scheda-tecnica-cornici-autoportanti-nere-con-cornici-50x70-70x100-1.pdf\" target=\"_blank\" rel=\"noopener\"><img loading=\"lazy\" decoding=\"async\" class=\"alignnone size-full wp-image-93510\" src=\"https:\/\/www.smartystore.it\/v25\/wp-content\/uploads\/2014\/10\/SchedaTecnica-300-e1750084266903.png\" alt=\"\" width=\"249\" height=\"63\"><\/a><\/p>\n<p>[\/vc_column_text][\/vc_column][\/vc_row]<\/p>\n<\/div>","protected":false},"excerpt":{"rendered":"<p>Structure autoportante simple ou double face avec doubles montants \u00e0 section carr\u00e9e et cadre 50&#215;70 enti\u00e8rement noir. Choix de la version simple ou double face et possibilit\u00e9 de personnalisation avec un panneau frontal imprim\u00e9.<\/p>\n","protected":false},"featured_media":87254,"comment_status":"open","ping_status":"closed","template":"","meta":{"_acf_changed":false},"pwb-brand":[],"product_brand":[3872],"product_cat":[2915,2912,2914,2913],"product_tag":[3427,4609,3424,3421,3426,3425,3423,3419,3420,3422],"class_list":{"0":"post-90621","1":"product","2":"type-product","3":"status-publish","4":"has-post-thumbnail","6":"product_brand-smartystore","7":"product_cat-ecrans-avec-cadres-instantanes","8":"product_cat-cadres-instantanes","9":"product_cat-quadra-series-fr","10":"product_cat-structures-autoportantes-et-soutient","11":"product_tag-porte-affichage-au-sol-noir-avec-cadre-50x70","12":"product_tag-porte-affiche-noir-50x70","13":"product_tag-porte-message-autoportant-noir-avec-cadre-pression-50x70","14":"product_tag-presentoir-a-message-noir-50x70","15":"product_tag-presentoir-de-sol-noir-avec-cadre-clipsable-50x70","16":"product_tag-presentoir-noir-autoportant-avec-cadre-snap-50x70","17":"product_tag-presentoir-noir-avec-cadre-pression-double-face-50x70","18":"product_tag-presentoir-noir-avec-cadre-snap-50x70","19":"product_tag-totem-presentoir-noir-avec-cadre-snap-50x70","20":"product_tag-vitrine-noire-avec-cadre-50x70","21":"pa_c2c_angolo-vif","22":"pa_c2c_base-base-carree","23":"pa_c2c_color-noir","24":"pa_c2c_configurazione-exposant","25":"pa_c2c_configurazione-presentoir-panneau-imprime","26":"pa_c2c_configurazione-presentoir-panneau-imprime-porte-brochure","27":"pa_c2c_dimensione-50x70","28":"pa_c2c_mono_bifacciale-double-face","29":"pa_c2c_mono_bifacciale-simple-face","30":"pa_c2c_orientamento-verticale","31":"pa_c2c_trovraprezzi-oui","32":"pa_serie-quadra-series","34":"first","35":"instock","36":"taxable","37":"shipping-taxable","38":"purchasable","39":"product-type-variable"},"acf":[],"yoast_head":"<!-- This site is optimized with the Yoast SEO plugin v27.4 - https:\/\/yoast.com\/product\/yoast-seo-wordpress\/ -->\n<title>Pr\u00e9sentoir noir avec cadre \u00e0 pression 50x70 - Au Meilleur Prix<\/title>\n<meta name=\"description\" content=\"Pr\u00e9sentoir noir avec cadre \u00e0 pression 50x70. Choix entre simple ou double face et avec ou sans panneau frontal personnalis\u00e9.\" \/>\n<meta name=\"robots\" content=\"index, follow, max-snippet:-1, max-image-preview:large, max-video-preview:-1\" \/>\n<link rel=\"canonical\" href=\"https:\/\/www.smartystore.it\/fr\/prodotto\/presentoir-noir-avec-cadre-snap-50x70\/\" \/>\n<meta property=\"og:locale\" content=\"fr_FR\" \/>\n<meta property=\"og:type\" content=\"article\" \/>\n<meta property=\"og:title\" content=\"Pr\u00e9sentoir noir avec cadre \u00e0 pression 50x70 - Au Meilleur Prix\" \/>\n<meta property=\"og:description\" content=\"Pr\u00e9sentoir noir avec cadre \u00e0 pression 50x70. Choix entre simple ou double face et avec ou sans panneau frontal personnalis\u00e9.\" \/>\n<meta property=\"og:url\" content=\"https:\/\/www.smartystore.it\/fr\/prodotto\/presentoir-noir-avec-cadre-snap-50x70\/\" \/>\n<meta property=\"og:site_name\" content=\"Smarty Store\" \/>\n<meta property=\"article:modified_time\" content=\"2026-02-20T15:02:16+00:00\" \/>\n<meta property=\"og:image\" content=\"https:\/\/www.smartystore.it\/v25\/wp-content\/uploads\/2022\/03\/Cornice-a-scatto-autoportante-50x70-interamente-nera-monofacciale-bifacciale-angolo-vivo-con-pannello-personalizzabile.jpg\" \/>\n\t<meta property=\"og:image:width\" content=\"1000\" \/>\n\t<meta property=\"og:image:height\" content=\"1000\" \/>\n\t<meta property=\"og:image:type\" content=\"image\/jpeg\" \/>\n<meta name=\"twitter:card\" content=\"summary_large_image\" \/>\n<meta name=\"twitter:label1\" content=\"Dur\u00e9e de lecture estim\u00e9e\" \/>\n\t<meta name=\"twitter:data1\" content=\"3 minutes\" \/>\n<script type=\"application\/ld+json\" class=\"yoast-schema-graph\">{\"@context\":\"https:\\\/\\\/schema.org\",\"@graph\":[{\"@type\":\"WebPage\",\"@id\":\"https:\\\/\\\/www.smartystore.it\\\/fr\\\/prodotto\\\/presentoir-noir-avec-cadre-snap-50x70\\\/\",\"url\":\"https:\\\/\\\/www.smartystore.it\\\/fr\\\/prodotto\\\/presentoir-noir-avec-cadre-snap-50x70\\\/\",\"name\":\"Pr\u00e9sentoir noir avec cadre \u00e0 pression 50x70 - Au Meilleur Prix\",\"isPartOf\":{\"@id\":\"https:\\\/\\\/www.smartystore.it\\\/fr\\\/#website\"},\"primaryImageOfPage\":{\"@id\":\"https:\\\/\\\/www.smartystore.it\\\/fr\\\/prodotto\\\/presentoir-noir-avec-cadre-snap-50x70\\\/#primaryimage\"},\"image\":{\"@id\":\"https:\\\/\\\/www.smartystore.it\\\/fr\\\/prodotto\\\/presentoir-noir-avec-cadre-snap-50x70\\\/#primaryimage\"},\"thumbnailUrl\":\"https:\\\/\\\/www.smartystore.it\\\/v25\\\/wp-content\\\/uploads\\\/2022\\\/03\\\/Cornice-a-scatto-autoportante-50x70-interamente-nera-monofacciale-bifacciale-angolo-vivo-con-pannello-personalizzabile.jpg\",\"datePublished\":\"2022-03-08T14:46:29+00:00\",\"dateModified\":\"2026-02-20T15:02:16+00:00\",\"description\":\"Pr\u00e9sentoir noir avec cadre \u00e0 pression 50x70. Choix entre simple ou double face et avec ou sans panneau frontal personnalis\u00e9.\",\"breadcrumb\":{\"@id\":\"https:\\\/\\\/www.smartystore.it\\\/fr\\\/prodotto\\\/presentoir-noir-avec-cadre-snap-50x70\\\/#breadcrumb\"},\"inLanguage\":\"fr-FR\",\"potentialAction\":[{\"@type\":\"ReadAction\",\"target\":[\"https:\\\/\\\/www.smartystore.it\\\/fr\\\/prodotto\\\/presentoir-noir-avec-cadre-snap-50x70\\\/\"]}]},{\"@type\":\"ImageObject\",\"inLanguage\":\"fr-FR\",\"@id\":\"https:\\\/\\\/www.smartystore.it\\\/fr\\\/prodotto\\\/presentoir-noir-avec-cadre-snap-50x70\\\/#primaryimage\",\"url\":\"https:\\\/\\\/www.smartystore.it\\\/v25\\\/wp-content\\\/uploads\\\/2022\\\/03\\\/Cornice-a-scatto-autoportante-50x70-interamente-nera-monofacciale-bifacciale-angolo-vivo-con-pannello-personalizzabile.jpg\",\"contentUrl\":\"https:\\\/\\\/www.smartystore.it\\\/v25\\\/wp-content\\\/uploads\\\/2022\\\/03\\\/Cornice-a-scatto-autoportante-50x70-interamente-nera-monofacciale-bifacciale-angolo-vivo-con-pannello-personalizzabile.jpg\",\"width\":1000,\"height\":1000,\"caption\":\"Cadre-\u00e0-pression-autoportant-50x70-enti\u00e8rement-noir-simple-face-double-face-angle-pointu-avec-panneau-personnalisable\"},{\"@type\":\"BreadcrumbList\",\"@id\":\"https:\\\/\\\/www.smartystore.it\\\/fr\\\/prodotto\\\/presentoir-noir-avec-cadre-snap-50x70\\\/#breadcrumb\",\"itemListElement\":[{\"@type\":\"ListItem\",\"position\":1,\"name\":\"Home\",\"item\":\"https:\\\/\\\/www.smartystore.it\\\/fr\\\/\"},{\"@type\":\"ListItem\",\"position\":2,\"name\":\"Boutique\",\"item\":\"https:\\\/\\\/www.smartystore.it\\\/fr\\\/boutique\\\/\"},{\"@type\":\"ListItem\",\"position\":3,\"name\":\"Pr\u00e9sentoir noir avec cadre \u00e0 pression 50&#215;70\"}]},{\"@type\":\"WebSite\",\"@id\":\"https:\\\/\\\/www.smartystore.it\\\/fr\\\/#website\",\"url\":\"https:\\\/\\\/www.smartystore.it\\\/fr\\\/\",\"name\":\"Smarty Store\",\"description\":\"Espositori Pubblicitari e Sistemi di Comunicazione Visiva\",\"potentialAction\":[{\"@type\":\"SearchAction\",\"target\":{\"@type\":\"EntryPoint\",\"urlTemplate\":\"https:\\\/\\\/www.smartystore.it\\\/fr\\\/?s={search_term_string}\"},\"query-input\":{\"@type\":\"PropertyValueSpecification\",\"valueRequired\":true,\"valueName\":\"search_term_string\"}}],\"inLanguage\":\"fr-FR\"}]}<\/script>\n<!-- \/ Yoast SEO plugin. -->","yoast_head_json":{"title":"Pr\u00e9sentoir noir avec cadre \u00e0 pression 50x70 - Au Meilleur Prix","description":"Pr\u00e9sentoir noir avec cadre \u00e0 pression 50x70. Choix entre simple ou double face et avec ou sans panneau frontal personnalis\u00e9.","robots":{"index":"index","follow":"follow","max-snippet":"max-snippet:-1","max-image-preview":"max-image-preview:large","max-video-preview":"max-video-preview:-1"},"canonical":"https:\/\/www.smartystore.it\/fr\/prodotto\/presentoir-noir-avec-cadre-snap-50x70\/","og_locale":"fr_FR","og_type":"article","og_title":"Pr\u00e9sentoir noir avec cadre \u00e0 pression 50x70 - Au Meilleur Prix","og_description":"Pr\u00e9sentoir noir avec cadre \u00e0 pression 50x70. Choix entre simple ou double face et avec ou sans panneau frontal personnalis\u00e9.","og_url":"https:\/\/www.smartystore.it\/fr\/prodotto\/presentoir-noir-avec-cadre-snap-50x70\/","og_site_name":"Smarty Store","article_modified_time":"2026-02-20T15:02:16+00:00","og_image":[{"width":1000,"height":1000,"url":"https:\/\/www.smartystore.it\/v25\/wp-content\/uploads\/2022\/03\/Cornice-a-scatto-autoportante-50x70-interamente-nera-monofacciale-bifacciale-angolo-vivo-con-pannello-personalizzabile.jpg","type":"image\/jpeg"}],"twitter_card":"summary_large_image","twitter_misc":{"Dur\u00e9e de lecture estim\u00e9e":"3 minutes"},"schema":{"@context":"https:\/\/schema.org","@graph":[{"@type":"WebPage","@id":"https:\/\/www.smartystore.it\/fr\/prodotto\/presentoir-noir-avec-cadre-snap-50x70\/","url":"https:\/\/www.smartystore.it\/fr\/prodotto\/presentoir-noir-avec-cadre-snap-50x70\/","name":"Pr\u00e9sentoir noir avec cadre \u00e0 pression 50x70 - Au Meilleur Prix","isPartOf":{"@id":"https:\/\/www.smartystore.it\/fr\/#website"},"primaryImageOfPage":{"@id":"https:\/\/www.smartystore.it\/fr\/prodotto\/presentoir-noir-avec-cadre-snap-50x70\/#primaryimage"},"image":{"@id":"https:\/\/www.smartystore.it\/fr\/prodotto\/presentoir-noir-avec-cadre-snap-50x70\/#primaryimage"},"thumbnailUrl":"https:\/\/www.smartystore.it\/v25\/wp-content\/uploads\/2022\/03\/Cornice-a-scatto-autoportante-50x70-interamente-nera-monofacciale-bifacciale-angolo-vivo-con-pannello-personalizzabile.jpg","datePublished":"2022-03-08T14:46:29+00:00","dateModified":"2026-02-20T15:02:16+00:00","description":"Pr\u00e9sentoir noir avec cadre \u00e0 pression 50x70. Choix entre simple ou double face et avec ou sans panneau frontal personnalis\u00e9.","breadcrumb":{"@id":"https:\/\/www.smartystore.it\/fr\/prodotto\/presentoir-noir-avec-cadre-snap-50x70\/#breadcrumb"},"inLanguage":"fr-FR","potentialAction":[{"@type":"ReadAction","target":["https:\/\/www.smartystore.it\/fr\/prodotto\/presentoir-noir-avec-cadre-snap-50x70\/"]}]},{"@type":"ImageObject","inLanguage":"fr-FR","@id":"https:\/\/www.smartystore.it\/fr\/prodotto\/presentoir-noir-avec-cadre-snap-50x70\/#primaryimage","url":"https:\/\/www.smartystore.it\/v25\/wp-content\/uploads\/2022\/03\/Cornice-a-scatto-autoportante-50x70-interamente-nera-monofacciale-bifacciale-angolo-vivo-con-pannello-personalizzabile.jpg","contentUrl":"https:\/\/www.smartystore.it\/v25\/wp-content\/uploads\/2022\/03\/Cornice-a-scatto-autoportante-50x70-interamente-nera-monofacciale-bifacciale-angolo-vivo-con-pannello-personalizzabile.jpg","width":1000,"height":1000,"caption":"Cadre-\u00e0-pression-autoportant-50x70-enti\u00e8rement-noir-simple-face-double-face-angle-pointu-avec-panneau-personnalisable"},{"@type":"BreadcrumbList","@id":"https:\/\/www.smartystore.it\/fr\/prodotto\/presentoir-noir-avec-cadre-snap-50x70\/#breadcrumb","itemListElement":[{"@type":"ListItem","position":1,"name":"Home","item":"https:\/\/www.smartystore.it\/fr\/"},{"@type":"ListItem","position":2,"name":"Boutique","item":"https:\/\/www.smartystore.it\/fr\/boutique\/"},{"@type":"ListItem","position":3,"name":"Pr\u00e9sentoir noir avec cadre \u00e0 pression 50&#215;70"}]},{"@type":"WebSite","@id":"https:\/\/www.smartystore.it\/fr\/#website","url":"https:\/\/www.smartystore.it\/fr\/","name":"Smarty Store","description":"Espositori Pubblicitari e Sistemi di Comunicazione Visiva","potentialAction":[{"@type":"SearchAction","target":{"@type":"EntryPoint","urlTemplate":"https:\/\/www.smartystore.it\/fr\/?s={search_term_string}"},"query-input":{"@type":"PropertyValueSpecification","valueRequired":true,"valueName":"search_term_string"}}],"inLanguage":"fr-FR"}]}},"brands":[],"_links":{"self":[{"href":"https:\/\/www.smartystore.it\/fr\/wp-json\/wp\/v2\/product\/90621","targetHints":{"allow":["GET"]}}],"collection":[{"href":"https:\/\/www.smartystore.it\/fr\/wp-json\/wp\/v2\/product"}],"about":[{"href":"https:\/\/www.smartystore.it\/fr\/wp-json\/wp\/v2\/types\/product"}],"replies":[{"embeddable":true,"href":"https:\/\/www.smartystore.it\/fr\/wp-json\/wp\/v2\/comments?post=90621"}],"wp:featuredmedia":[{"embeddable":true,"href":"https:\/\/www.smartystore.it\/fr\/wp-json\/wp\/v2\/media\/87254"}],"wp:attachment":[{"href":"https:\/\/www.smartystore.it\/fr\/wp-json\/wp\/v2\/media?parent=90621"}],"wp:term":[{"taxonomy":"pwb-brand","embeddable":true,"href":"https:\/\/www.smartystore.it\/fr\/wp-json\/wp\/v2\/pwb-brand?post=90621"},{"taxonomy":"product_brand","embeddable":true,"href":"https:\/\/www.smartystore.it\/fr\/wp-json\/wp\/v2\/product_brand?post=90621"},{"taxonomy":"product_cat","embeddable":true,"href":"https:\/\/www.smartystore.it\/fr\/wp-json\/wp\/v2\/product_cat?post=90621"},{"taxonomy":"product_tag","embeddable":true,"href":"https:\/\/www.smartystore.it\/fr\/wp-json\/wp\/v2\/product_tag?post=90621"}],"curies":[{"name":"wp","href":"https:\/\/api.w.org\/{rel}","templated":true}]}}