{"id":90558,"date":"2023-07-24T16:34:54","date_gmt":"2023-07-24T14:34:54","guid":{"rendered":"https:\/\/www.smartystore.it\/prodotto\/cadre-noir-magnetique-ultra-plat\/"},"modified":"2023-07-24T16:34:54","modified_gmt":"2023-07-24T14:34:54","slug":"cadre-noir-magnetique-ultra-plat","status":"publish","type":"product","link":"https:\/\/www.smartystore.it\/fr\/prodotto\/cadre-noir-magnetique-ultra-plat\/","title":{"rendered":"Cadre noir magn\u00e9tique ultra plat"},"content":{"rendered":"<h2>Cadre noir magn\u00e9tique ultra plat<\/h2>\n<p>Cadre noir magn\u00e9tique ultra-plat pratique avec un profil ultra-fin.<\/p>\n<p>Fond en m\u00e9tal peint en noir.<\/p>\n<p>Coins arrondis.<\/p>\n<p>Protection frontale magn\u00e9tique anti-\u00e9blouissante.<\/p>\n<p>Interchangeabilit\u00e9 facile de la communication gr\u00e2ce \u00e0 la ventouse sp\u00e9ciale incluse dans l&#8217;emballage.<\/p>\n<p>Pour usage interne.<\/p>\n<p>Pr\u00e9par\u00e9 pour la fixation murale \u00e0 l&rsquo;aide de chevilles (non incluses dans l&#8217;emballage).<\/p>\n<p>Format affiche : A1 &#8211; A2 &#8211; A3 &#8211; A4<\/p>\n<p>Il peut \u00eatre positionn\u00e9 aussi bien verticalement qu&rsquo;horizontalement.<\/p>\n<table style=\"width: 69.9619%; border-collapse: collapse; border-style: solid; border-color: #000000; height: 120px;\" border=\"1\">\n<tbody>\n<tr style=\"height: 24px;\">\n<td style=\"width: 10.1845%; text-align: center; height: 24px;\"><strong>CODE<\/strong><\/td>\n<td style=\"width: 10.7011%; text-align: center; height: 24px;\"><strong>FORMAT AFFICHE<\/strong><\/td>\n<td style=\"width: 14.834%; text-align: center; height: 24px;\"><strong>FORMAT VISIBLE<\/strong><\/td>\n<td style=\"width: 14.2435%; text-align: center; height: 24px;\"><strong>TAILLE DU CADRE<\/strong><\/td>\n<\/tr>\n<tr style=\"height: 24px;\">\n<td style=\"width: 10.1845%; height: 24px;\"><strong>STR-CRPMA1<\/strong><\/td>\n<td style=\"width: 10.7011%; height: 24px; text-align: center;\">A1<\/td>\n<td style=\"width: 14.834%; height: 24px; text-align: center;\">592&#215;839 mm.<\/td>\n<td style=\"width: 14.2435%; height: 24px; text-align: center;\">L 617 x H 865 x P 6 mm.<\/td>\n<\/tr>\n<tr style=\"height: 24px;\">\n<td style=\"width: 10.1845%; height: 24px;\"><strong>STR-CRPMA2<\/strong><\/td>\n<td style=\"width: 10.7011%; height: 24px; text-align: center;\">A2<\/td>\n<td style=\"width: 14.834%; height: 24px; text-align: center;\">418&#215;592 mm.<\/td>\n<td style=\"width: 14.2435%; height: 24px; text-align: center;\">L 445 x H 617 x P 6 mm.<\/td>\n<\/tr>\n<tr style=\"height: 24px;\">\n<td style=\"width: 10.1845%; height: 24px;\"><strong>STR-CRPMA3<\/strong><\/td>\n<td style=\"width: 10.7011%; height: 24px; text-align: center;\">A3<\/td>\n<td style=\"width: 14.834%; height: 24px; text-align: center;\">295&#215;418 mm.<\/td>\n<td style=\"width: 14.2435%; height: 24px; text-align: center;\">L 322 x H 445 x P 6 mm.<\/td>\n<\/tr>\n<tr style=\"height: 24px;\">\n<td style=\"width: 10.1845%; height: 24px;\"><strong>STR-CRPMA4<\/strong><\/td>\n<td style=\"width: 10.7011%; height: 24px; text-align: center;\">A4<\/td>\n<td style=\"width: 14.834%; height: 24px; text-align: center;\">208&#215;295 mm.<\/td>\n<td style=\"width: 14.2435%; height: 24px; text-align: center;\">L 235 x H 322 x P 6 mm.<\/td>\n<\/tr>\n<\/tbody>\n<\/table>\n<p>&nbsp;<\/p>\n<table style=\"width: 34.1698%; border-collapse: collapse; border-style: double; border-color: #f7a500;\">\n<tbody>\n<tr>\n<td style=\"width: 2.25225%; border-style: double; border-color: #f7a500;\"><a href=\"https:\/\/www.smartystore.it\/wp-content\/uploads\/2023\/07\/STR-CRPMA1-A2-A3-A4.pdf\" target=\"_blank\" rel=\"noopener\"><span style=\"color: #333333;\"><img loading=\"lazy\" decoding=\"async\" class=\"aligncenter wp-image-31489\" style=\"vertical-align: middle;\" src=\"https:\/\/www.smartystore.it\/wp-content\/uploads\/2013\/05\/freccia-scarica.jpg\" alt=\"\" width=\"30\" height=\"30\" \/><\/span><\/a><\/td>\n<td style=\"width: 5.41755%; border-style: double; border-color: #f7a500;\"><a href=\"https:\/\/www.smartystore.it\/wp-content\/uploads\/2023\/07\/STR-CRPMA1-A2-A3-A4.pdf\" target=\"_blank\" rel=\"noopener\"><span style=\"color: #333333;\">FICHE TECHNIQUE<\/span><\/a><\/td>\n<\/tr>\n<\/tbody>\n<\/table>\n","protected":false},"excerpt":{"rendered":"<p>Cadre pour affiche avec ouverture\/fermeture magn\u00e9tique. Disponible en 4 tailles.<\/p>\n","protected":false},"featured_media":90559,"comment_status":"open","ping_status":"closed","template":"","meta":{"_acf_changed":false},"pwb-brand":[],"product_brand":[],"product_cat":[3008,2912,3012],"product_tag":[3340,3342,3343,3344,3345,3341],"class_list":{"0":"post-90558","1":"product","2":"type-product","3":"status-publish","4":"has-post-thumbnail","6":"product_cat-cadres-clic-clac","7":"product_cat-cadres-instantanes","8":"product_cat-porte-affiche-mural","9":"product_tag-cadre-magnetique-noir","10":"product_tag-cadre-magnetique-noir-a1","11":"product_tag-cadre-magnetique-noir-a2","12":"product_tag-cadre-magnetique-noir-a3","13":"product_tag-cadre-magnetique-noir-a4","14":"product_tag-cadre-magnetique-ultra-plat","15":"pa_c2c_angolo-rond","16":"pa_c2c_color-noir","17":"pa_c2c_dimensione-a1-60x84","18":"pa_c2c_dimensione-a2-42x60","19":"pa_c2c_dimensione-a3-fr","20":"pa_c2c_dimensione-a4-fr","21":"pa_c2c_mono_bifacciale-simple-face","22":"pa_c2c_orientamento-horizontal","23":"pa_c2c_orientamento-verticale","24":"pa_c2c_trovraprezzi-oui","26":"first","27":"outofstock","28":"taxable","29":"shipping-taxable","30":"purchasable","31":"product-type-variable"},"acf":[],"yoast_head":"<!-- This site is optimized with the Yoast SEO plugin v27.4 - https:\/\/yoast.com\/product\/yoast-seo-wordpress\/ -->\n<title>Cadre noir magn\u00e9tique ultra plat - Smarty Store<\/title>\n<meta name=\"description\" content=\"Cadre noir magn\u00e9tique ultra plat au profil ultra fin et base en m\u00e9tal peint noir, disponible aux formats A1, A2, A3 et A4\" \/>\n<meta name=\"robots\" content=\"index, follow, max-snippet:-1, max-image-preview:large, max-video-preview:-1\" \/>\n<link rel=\"canonical\" href=\"https:\/\/www.smartystore.it\/fr\/prodotto\/cadre-noir-magnetique-ultra-plat\/\" \/>\n<meta property=\"og:locale\" content=\"fr_FR\" \/>\n<meta property=\"og:type\" content=\"article\" \/>\n<meta property=\"og:title\" content=\"Cadre noir magn\u00e9tique ultra plat - Smarty Store\" \/>\n<meta property=\"og:description\" content=\"Cadre noir magn\u00e9tique ultra plat au profil ultra fin et base en m\u00e9tal peint noir, disponible aux formats A1, A2, A3 et A4\" \/>\n<meta property=\"og:url\" content=\"https:\/\/www.smartystore.it\/fr\/prodotto\/cadre-noir-magnetique-ultra-plat\/\" \/>\n<meta property=\"og:site_name\" content=\"Smarty Store\" \/>\n<meta property=\"og:image\" content=\"https:\/\/www.smartystore.it\/v25\/wp-content\/uploads\/2023\/07\/Cornice-nera-ultra-piatta-magnetica-porta-poster-a1-a2-a3-a4.jpg\" \/>\n\t<meta property=\"og:image:width\" content=\"1000\" \/>\n\t<meta property=\"og:image:height\" content=\"1000\" \/>\n\t<meta property=\"og:image:type\" content=\"image\/jpeg\" \/>\n<meta name=\"twitter:card\" content=\"summary_large_image\" \/>\n<meta name=\"twitter:label1\" content=\"Dur\u00e9e de lecture estim\u00e9e\" \/>\n\t<meta name=\"twitter:data1\" content=\"1 minute\" \/>\n<script type=\"application\/ld+json\" class=\"yoast-schema-graph\">{\"@context\":\"https:\\\/\\\/schema.org\",\"@graph\":[{\"@type\":\"WebPage\",\"@id\":\"https:\\\/\\\/www.smartystore.it\\\/fr\\\/prodotto\\\/cadre-noir-magnetique-ultra-plat\\\/\",\"url\":\"https:\\\/\\\/www.smartystore.it\\\/fr\\\/prodotto\\\/cadre-noir-magnetique-ultra-plat\\\/\",\"name\":\"Cadre noir magn\u00e9tique ultra plat - Smarty Store\",\"isPartOf\":{\"@id\":\"https:\\\/\\\/www.smartystore.it\\\/fr\\\/#website\"},\"primaryImageOfPage\":{\"@id\":\"https:\\\/\\\/www.smartystore.it\\\/fr\\\/prodotto\\\/cadre-noir-magnetique-ultra-plat\\\/#primaryimage\"},\"image\":{\"@id\":\"https:\\\/\\\/www.smartystore.it\\\/fr\\\/prodotto\\\/cadre-noir-magnetique-ultra-plat\\\/#primaryimage\"},\"thumbnailUrl\":\"https:\\\/\\\/www.smartystore.it\\\/v25\\\/wp-content\\\/uploads\\\/2023\\\/07\\\/Cornice-nera-ultra-piatta-magnetica-porta-poster-a1-a2-a3-a4.jpg\",\"datePublished\":\"2023-07-24T14:34:54+00:00\",\"description\":\"Cadre noir magn\u00e9tique ultra plat au profil ultra fin et base en m\u00e9tal peint noir, disponible aux formats A1, A2, A3 et A4\",\"breadcrumb\":{\"@id\":\"https:\\\/\\\/www.smartystore.it\\\/fr\\\/prodotto\\\/cadre-noir-magnetique-ultra-plat\\\/#breadcrumb\"},\"inLanguage\":\"fr-FR\",\"potentialAction\":[{\"@type\":\"ReadAction\",\"target\":[\"https:\\\/\\\/www.smartystore.it\\\/fr\\\/prodotto\\\/cadre-noir-magnetique-ultra-plat\\\/\"]}]},{\"@type\":\"ImageObject\",\"inLanguage\":\"fr-FR\",\"@id\":\"https:\\\/\\\/www.smartystore.it\\\/fr\\\/prodotto\\\/cadre-noir-magnetique-ultra-plat\\\/#primaryimage\",\"url\":\"https:\\\/\\\/www.smartystore.it\\\/v25\\\/wp-content\\\/uploads\\\/2023\\\/07\\\/Cornice-nera-ultra-piatta-magnetica-porta-poster-a1-a2-a3-a4.jpg\",\"contentUrl\":\"https:\\\/\\\/www.smartystore.it\\\/v25\\\/wp-content\\\/uploads\\\/2023\\\/07\\\/Cornice-nera-ultra-piatta-magnetica-porta-poster-a1-a2-a3-a4.jpg\",\"width\":1000,\"height\":1000,\"caption\":\"Cadre noir magn\u00e9tique ultra plat pour porte affiche a1 a2 a3 a4\"},{\"@type\":\"BreadcrumbList\",\"@id\":\"https:\\\/\\\/www.smartystore.it\\\/fr\\\/prodotto\\\/cadre-noir-magnetique-ultra-plat\\\/#breadcrumb\",\"itemListElement\":[{\"@type\":\"ListItem\",\"position\":1,\"name\":\"Home\",\"item\":\"https:\\\/\\\/www.smartystore.it\\\/fr\\\/\"},{\"@type\":\"ListItem\",\"position\":2,\"name\":\"Boutique\",\"item\":\"https:\\\/\\\/www.smartystore.it\\\/fr\\\/boutique\\\/\"},{\"@type\":\"ListItem\",\"position\":3,\"name\":\"Cadre noir magn\u00e9tique ultra plat\"}]},{\"@type\":\"WebSite\",\"@id\":\"https:\\\/\\\/www.smartystore.it\\\/fr\\\/#website\",\"url\":\"https:\\\/\\\/www.smartystore.it\\\/fr\\\/\",\"name\":\"Smarty Store\",\"description\":\"Espositori Pubblicitari e Sistemi di Comunicazione Visiva\",\"potentialAction\":[{\"@type\":\"SearchAction\",\"target\":{\"@type\":\"EntryPoint\",\"urlTemplate\":\"https:\\\/\\\/www.smartystore.it\\\/fr\\\/?s={search_term_string}\"},\"query-input\":{\"@type\":\"PropertyValueSpecification\",\"valueRequired\":true,\"valueName\":\"search_term_string\"}}],\"inLanguage\":\"fr-FR\"}]}<\/script>\n<!-- \/ Yoast SEO plugin. -->","yoast_head_json":{"title":"Cadre noir magn\u00e9tique ultra plat - Smarty Store","description":"Cadre noir magn\u00e9tique ultra plat au profil ultra fin et base en m\u00e9tal peint noir, disponible aux formats A1, A2, A3 et A4","robots":{"index":"index","follow":"follow","max-snippet":"max-snippet:-1","max-image-preview":"max-image-preview:large","max-video-preview":"max-video-preview:-1"},"canonical":"https:\/\/www.smartystore.it\/fr\/prodotto\/cadre-noir-magnetique-ultra-plat\/","og_locale":"fr_FR","og_type":"article","og_title":"Cadre noir magn\u00e9tique ultra plat - Smarty Store","og_description":"Cadre noir magn\u00e9tique ultra plat au profil ultra fin et base en m\u00e9tal peint noir, disponible aux formats A1, A2, A3 et A4","og_url":"https:\/\/www.smartystore.it\/fr\/prodotto\/cadre-noir-magnetique-ultra-plat\/","og_site_name":"Smarty Store","og_image":[{"width":1000,"height":1000,"url":"https:\/\/www.smartystore.it\/v25\/wp-content\/uploads\/2023\/07\/Cornice-nera-ultra-piatta-magnetica-porta-poster-a1-a2-a3-a4.jpg","type":"image\/jpeg"}],"twitter_card":"summary_large_image","twitter_misc":{"Dur\u00e9e de lecture estim\u00e9e":"1 minute"},"schema":{"@context":"https:\/\/schema.org","@graph":[{"@type":"WebPage","@id":"https:\/\/www.smartystore.it\/fr\/prodotto\/cadre-noir-magnetique-ultra-plat\/","url":"https:\/\/www.smartystore.it\/fr\/prodotto\/cadre-noir-magnetique-ultra-plat\/","name":"Cadre noir magn\u00e9tique ultra plat - Smarty Store","isPartOf":{"@id":"https:\/\/www.smartystore.it\/fr\/#website"},"primaryImageOfPage":{"@id":"https:\/\/www.smartystore.it\/fr\/prodotto\/cadre-noir-magnetique-ultra-plat\/#primaryimage"},"image":{"@id":"https:\/\/www.smartystore.it\/fr\/prodotto\/cadre-noir-magnetique-ultra-plat\/#primaryimage"},"thumbnailUrl":"https:\/\/www.smartystore.it\/v25\/wp-content\/uploads\/2023\/07\/Cornice-nera-ultra-piatta-magnetica-porta-poster-a1-a2-a3-a4.jpg","datePublished":"2023-07-24T14:34:54+00:00","description":"Cadre noir magn\u00e9tique ultra plat au profil ultra fin et base en m\u00e9tal peint noir, disponible aux formats A1, A2, A3 et A4","breadcrumb":{"@id":"https:\/\/www.smartystore.it\/fr\/prodotto\/cadre-noir-magnetique-ultra-plat\/#breadcrumb"},"inLanguage":"fr-FR","potentialAction":[{"@type":"ReadAction","target":["https:\/\/www.smartystore.it\/fr\/prodotto\/cadre-noir-magnetique-ultra-plat\/"]}]},{"@type":"ImageObject","inLanguage":"fr-FR","@id":"https:\/\/www.smartystore.it\/fr\/prodotto\/cadre-noir-magnetique-ultra-plat\/#primaryimage","url":"https:\/\/www.smartystore.it\/v25\/wp-content\/uploads\/2023\/07\/Cornice-nera-ultra-piatta-magnetica-porta-poster-a1-a2-a3-a4.jpg","contentUrl":"https:\/\/www.smartystore.it\/v25\/wp-content\/uploads\/2023\/07\/Cornice-nera-ultra-piatta-magnetica-porta-poster-a1-a2-a3-a4.jpg","width":1000,"height":1000,"caption":"Cadre noir magn\u00e9tique ultra plat pour porte affiche a1 a2 a3 a4"},{"@type":"BreadcrumbList","@id":"https:\/\/www.smartystore.it\/fr\/prodotto\/cadre-noir-magnetique-ultra-plat\/#breadcrumb","itemListElement":[{"@type":"ListItem","position":1,"name":"Home","item":"https:\/\/www.smartystore.it\/fr\/"},{"@type":"ListItem","position":2,"name":"Boutique","item":"https:\/\/www.smartystore.it\/fr\/boutique\/"},{"@type":"ListItem","position":3,"name":"Cadre noir magn\u00e9tique ultra plat"}]},{"@type":"WebSite","@id":"https:\/\/www.smartystore.it\/fr\/#website","url":"https:\/\/www.smartystore.it\/fr\/","name":"Smarty Store","description":"Espositori Pubblicitari e Sistemi di Comunicazione Visiva","potentialAction":[{"@type":"SearchAction","target":{"@type":"EntryPoint","urlTemplate":"https:\/\/www.smartystore.it\/fr\/?s={search_term_string}"},"query-input":{"@type":"PropertyValueSpecification","valueRequired":true,"valueName":"search_term_string"}}],"inLanguage":"fr-FR"}]}},"brands":[],"_links":{"self":[{"href":"https:\/\/www.smartystore.it\/fr\/wp-json\/wp\/v2\/product\/90558","targetHints":{"allow":["GET"]}}],"collection":[{"href":"https:\/\/www.smartystore.it\/fr\/wp-json\/wp\/v2\/product"}],"about":[{"href":"https:\/\/www.smartystore.it\/fr\/wp-json\/wp\/v2\/types\/product"}],"replies":[{"embeddable":true,"href":"https:\/\/www.smartystore.it\/fr\/wp-json\/wp\/v2\/comments?post=90558"}],"wp:featuredmedia":[{"embeddable":true,"href":"https:\/\/www.smartystore.it\/fr\/wp-json\/wp\/v2\/media\/90559"}],"wp:attachment":[{"href":"https:\/\/www.smartystore.it\/fr\/wp-json\/wp\/v2\/media?parent=90558"}],"wp:term":[{"taxonomy":"pwb-brand","embeddable":true,"href":"https:\/\/www.smartystore.it\/fr\/wp-json\/wp\/v2\/pwb-brand?post=90558"},{"taxonomy":"product_brand","embeddable":true,"href":"https:\/\/www.smartystore.it\/fr\/wp-json\/wp\/v2\/product_brand?post=90558"},{"taxonomy":"product_cat","embeddable":true,"href":"https:\/\/www.smartystore.it\/fr\/wp-json\/wp\/v2\/product_cat?post=90558"},{"taxonomy":"product_tag","embeddable":true,"href":"https:\/\/www.smartystore.it\/fr\/wp-json\/wp\/v2\/product_tag?post=90558"}],"curies":[{"name":"wp","href":"https:\/\/api.w.org\/{rel}","templated":true}]}}