{"id":90516,"date":"2017-04-13T10:52:49","date_gmt":"2017-04-13T08:52:49","guid":{"rendered":"https:\/\/www.smartystore.it\/prodotto\/porte-brochures-debout-avec-2-pochettes-a5\/"},"modified":"2017-04-13T10:52:49","modified_gmt":"2017-04-13T08:52:49","slug":"porte-brochures-debout-avec-2-pochettes-a5","status":"publish","type":"product","link":"https:\/\/www.smartystore.it\/fr\/prodotto\/porte-brochures-debout-avec-2-pochettes-a5\/","title":{"rendered":"Porte-brochures debout avec 2 pochettes A5"},"content":{"rendered":"<h2>Porte-brochures debout avec 2 pochettes A5<\/h2>\n<p>Le pr\u00e9sentoir \u00e0 brochures sur pied avec 2 pochettes A5 repr\u00e9sente une solution \u00e9l\u00e9gante et efficace pour la pr\u00e9sentation de supports d&rsquo;information et publicitaires. Dot\u00e9 d&rsquo;un design fonctionnel et moderne, ce pr\u00e9sentoir est \u00e9quip\u00e9 de deux pochettes A5, parfaites pour accueillir brochures, d\u00e9pliants et documents promotionnels.<\/p>\n<p>La structure du pr\u00e9sentoir est r\u00e9alis\u00e9e avec un montant en aluminium, lui conf\u00e9rant \u00e0 la fois solidit\u00e9 et l\u00e9g\u00e8ret\u00e9. Ce mat\u00e9riau garantit non seulement la durabilit\u00e9, mais facilite \u00e9galement le transport et la maniabilit\u00e9 du pr\u00e9sentoir, le rendant adapt\u00e9 \u00e0 diff\u00e9rentes situations, telles que les foires, les \u00e9v\u00e9nements ou les points de vente.<\/p>\n<p>La base m\u00e9tallique assure stabilit\u00e9 et s\u00e9curit\u00e9, permettant \u00e0 l&rsquo;\u00e9cran de maintenir une position verticale m\u00eame dans des environnements tr\u00e8s fr\u00e9quent\u00e9s. Cette fonctionnalit\u00e9 est essentielle pour \u00e9viter les chutes accidentelles et garantir une utilisation continue sans interruption.<\/p>\n<p>Les pochettes transparentes pour brochures facilitent la visibilit\u00e9 des documents expos\u00e9s, permettant aux clients potentiels d&rsquo;acc\u00e9der facilement aux informations souhait\u00e9es. Gr\u00e2ce \u00e0 son design clair et lin\u00e9aire, le pr\u00e9sentoir s&rsquo;int\u00e8gre parfaitement dans n&rsquo;importe quel contexte, du plus formel au plus informel, sans compromettre l&rsquo;esth\u00e9tique des espaces.<\/p>\n<p>Ce pr\u00e9sentoir est particuli\u00e8rement adapt\u00e9 aux activit\u00e9s commerciales, aux offices publics et aux \u00e9v\u00e9nements marketing. Sa capacit\u00e9 \u00e0 afficher des imprim\u00e9s A4 de mani\u00e8re ordonn\u00e9e et accessible en fait un alli\u00e9 pr\u00e9cieux pour ceux qui souhaitent promouvoir leurs produits ou services de mani\u00e8re professionnelle et visible.<\/p>\n<p>En r\u00e9sum\u00e9, le pr\u00e9sentoir brochures sur pied avec pochette A5 est un choix id\u00e9al pour ceux qui recherchent un produit pratique, \u00e9l\u00e9gant et fonctionnel pour leur communication visuelle.<\/p>\n<p>L&rsquo;\u00e9cran est disponible en deux versions :<\/p>\n<p><strong>S\u00e9rie Tonda:<\/strong> avec montant et base circulaires<br \/>\n<strong>S\u00e9rie Quadra:<\/strong> avec montant de section carr\u00e9e et base carr\u00e9e<\/p>\n<p><strong>CARACT\u00c9RISTIQUES:<\/strong><\/p>\n<p>Pr\u00e9sentoir \u00e0 brochures au sol compos\u00e9 de\u00a0:<\/p>\n<p>2 pochettes porte-brochures en styr\u00e8ne transparent pour format A5 vertical &#8211; 15&#215;21.<\/p>\n<table style=\"border-collapse: collapse; width: 67.823%; height: 120px;\">\n<tbody>\n<tr style=\"height: 24px;\">\n<td style=\"width: 12.6144%; height: 24px;\"><strong>Serie Tonda:<\/strong><\/td>\n<td style=\"width: 70.0172%; height: 24px;\">Base circulaire peinte avec des poudres argent\u00e9es, cm. 35 de diam\u00e8tre<\/td>\n<\/tr>\n<tr style=\"height: 24px;\">\n<td style=\"width: 12.6144%; height: 24px;\"><\/td>\n<td style=\"width: 70.0172%; height: 24px;\">Montant en aluminium anodis\u00e9 argent : H 95 cm. &#8211; \u00d8 3 cm.<\/td>\n<\/tr>\n<tr style=\"height: 24px;\">\n<td style=\"width: 12.6144%; height: 24px;\"><\/td>\n<td style=\"width: 70.0172%; height: 24px;\">Montant en aluminium anodis\u00e9 argent : H 95 cm. &#8211; \u00d8 3 cm.<\/td>\n<\/tr>\n<tr style=\"height: 24px;\">\n<td style=\"width: 12.6144%; height: 24px;\"><\/td>\n<td style=\"width: 70.0172%; height: 24px;\">Dimensions int\u00e9rieures de la poche (en cm.) : L 16 &#8211; P 3,2<\/td>\n<\/tr>\n<tr style=\"height: 24px;\">\n<td style=\"width: 12.6144%; height: 24px;\"><\/td>\n<td style=\"width: 70.0172%; height: 24px;\">Hauteur totale du pr\u00e9sentoir : 120 cm.<\/td>\n<\/tr>\n<tr>\n<td style=\"width: 12.6144%;\"><strong>Serie Quadra:<\/strong><\/td>\n<td style=\"width: 70.0172%;\">Base carr\u00e9e en m\u00e9tal thermolaqu\u00e9 argent : L 32,5 cm. \u2013 H 0,6 cm. \u2013 P 32,5 cm.<\/td>\n<\/tr>\n<tr>\n<td style=\"width: 12.6144%;\"><strong>\u00a0<\/strong><\/td>\n<td style=\"width: 70.0172%;\">Montant aluminium argent\u00e9 de section carr\u00e9e : H 100 &#8211; L 3 cm.<\/td>\n<\/tr>\n<tr>\n<td style=\"width: 12.6144%;\"><strong>\u00a0<\/strong><\/td>\n<td style=\"width: 70.0172%;\">Dimensions ext\u00e9rieures de la poche (en cm.) : L 16,5 &#8211; H 24,0 &#8211; P 12,0 cm.<\/td>\n<\/tr>\n<tr>\n<td style=\"width: 12.6144%;\"><strong>\u00a0<\/strong><\/td>\n<td style=\"width: 70.0172%;\">Dimensions int\u00e9rieures de la poche (en cm.) : L 15,5 &#8211; P 3,5 cm.<\/td>\n<\/tr>\n<tr>\n<td style=\"width: 12.6144%;\"><strong>\u00a0<\/strong><\/td>\n<td style=\"width: 70.0172%;\">Hauteur totale du pr\u00e9sentoir : 121 cm.<\/td>\n<\/tr>\n<\/tbody>\n<\/table>\n<p>&nbsp;<\/p>\n<p>&nbsp;<\/p>\n","protected":false},"excerpt":{"rendered":"<p>Pr\u00e9sentoir \u00e0 brochures au sol avec deux pochettes transparentes pour catalogues A5. Disponible en deux versions<\/p>\n","protected":false},"featured_media":93207,"comment_status":"open","ping_status":"closed","template":"","meta":{"_acf_changed":false},"pwb-brand":[],"product_brand":[],"product_cat":[2969,2968],"product_tag":[],"class_list":{"0":"post-90516","1":"product","2":"type-product","3":"status-publish","4":"has-post-thumbnail","6":"product_cat-porte-brochure-debout","7":"product_cat-porte-brochures-catalogues","8":"pa_c2c_color-argent","9":"pa_c2c_color-transparent","10":"pa_c2c_dimensione-2-x-a5-fr","11":"pa_c2c_mono_bifacciale-simple-face","12":"pa_c2c_trovraprezzi-oui","13":"pa_serie-quadra-series","14":"pa_serie-serie-ronde","16":"first","17":"instock","18":"taxable","19":"shipping-taxable","20":"purchasable","21":"product-type-variable"},"acf":[],"yoast_head":"<!-- This site is optimized with the Yoast SEO plugin v27.0 - https:\/\/yoast.com\/product\/yoast-seo-wordpress\/ -->\n<title>Porte-brochures debout avec 2 pochettes A5 - Smarty Store<\/title>\n<meta name=\"description\" content=\"Pr\u00e9sentoir \u00e0 brochures sur pied avec 2 pochettes A5. Disponible dans les versions Round Series et Square Series. Utilisation d&#039;un seul c\u00f4t\u00e9.\" \/>\n<meta name=\"robots\" content=\"index, follow, max-snippet:-1, max-image-preview:large, max-video-preview:-1\" \/>\n<link rel=\"canonical\" href=\"https:\/\/www.smartystore.it\/fr\/prodotto\/porte-brochures-debout-avec-2-pochettes-a5\/\" \/>\n<meta property=\"og:locale\" content=\"fr_FR\" \/>\n<meta property=\"og:type\" content=\"article\" \/>\n<meta property=\"og:title\" content=\"Porte-brochures debout avec 2 pochettes A5 - Smarty Store\" \/>\n<meta property=\"og:description\" content=\"Pr\u00e9sentoir \u00e0 brochures sur pied avec 2 pochettes A5. Disponible dans les versions Round Series et Square Series. Utilisation d&#039;un seul c\u00f4t\u00e9.\" \/>\n<meta property=\"og:url\" content=\"https:\/\/www.smartystore.it\/fr\/prodotto\/porte-brochures-debout-avec-2-pochettes-a5\/\" \/>\n<meta property=\"og:site_name\" content=\"Smarty Store\" \/>\n<meta property=\"article:publisher\" content=\"https:\/\/www.facebook.com\/smartystore.it\/\" \/>\n<meta property=\"og:image\" content=\"https:\/\/www.smartystore.it\/v25\/wp-content\/uploads\/2017\/04\/Espositore-portadepliant-piantana-2-tasche-a5-verticale.jpg\" \/>\n\t<meta property=\"og:image:width\" content=\"1000\" \/>\n\t<meta property=\"og:image:height\" content=\"1000\" \/>\n\t<meta property=\"og:image:type\" content=\"image\/jpeg\" \/>\n<meta name=\"twitter:card\" content=\"summary_large_image\" \/>\n<meta name=\"twitter:site\" content=\"@smartystore\" \/>\n<meta name=\"twitter:label1\" content=\"Dur\u00e9e de lecture estim\u00e9e\" \/>\n\t<meta name=\"twitter:data1\" content=\"2 minutes\" \/>\n<script type=\"application\/ld+json\" class=\"yoast-schema-graph\">{\"@context\":\"https:\/\/schema.org\",\"@graph\":[{\"@type\":\"WebPage\",\"@id\":\"https:\/\/www.smartystore.it\/fr\/prodotto\/porte-brochures-debout-avec-2-pochettes-a5\/\",\"url\":\"https:\/\/www.smartystore.it\/fr\/prodotto\/porte-brochures-debout-avec-2-pochettes-a5\/\",\"name\":\"Porte-brochures debout avec 2 pochettes A5 - Smarty Store\",\"isPartOf\":{\"@id\":\"https:\/\/www.smartystore.it\/fr\/#website\"},\"primaryImageOfPage\":{\"@id\":\"https:\/\/www.smartystore.it\/fr\/prodotto\/porte-brochures-debout-avec-2-pochettes-a5\/#primaryimage\"},\"image\":{\"@id\":\"https:\/\/www.smartystore.it\/fr\/prodotto\/porte-brochures-debout-avec-2-pochettes-a5\/#primaryimage\"},\"thumbnailUrl\":\"https:\/\/www.smartystore.it\/v25\/wp-content\/uploads\/2017\/04\/Espositore-portadepliant-piantana-2-tasche-a5-verticale.jpg\",\"datePublished\":\"2017-04-13T08:52:49+00:00\",\"description\":\"Pr\u00e9sentoir \u00e0 brochures sur pied avec 2 pochettes A5. Disponible dans les versions Round Series et Square Series. Utilisation d'un seul c\u00f4t\u00e9.\",\"breadcrumb\":{\"@id\":\"https:\/\/www.smartystore.it\/fr\/prodotto\/porte-brochures-debout-avec-2-pochettes-a5\/#breadcrumb\"},\"inLanguage\":\"fr-FR\",\"potentialAction\":[{\"@type\":\"ReadAction\",\"target\":[\"https:\/\/www.smartystore.it\/fr\/prodotto\/porte-brochures-debout-avec-2-pochettes-a5\/\"]}]},{\"@type\":\"ImageObject\",\"inLanguage\":\"fr-FR\",\"@id\":\"https:\/\/www.smartystore.it\/fr\/prodotto\/porte-brochures-debout-avec-2-pochettes-a5\/#primaryimage\",\"url\":\"https:\/\/www.smartystore.it\/v25\/wp-content\/uploads\/2017\/04\/Espositore-portadepliant-piantana-2-tasche-a5-verticale.jpg\",\"contentUrl\":\"https:\/\/www.smartystore.it\/v25\/wp-content\/uploads\/2017\/04\/Espositore-portadepliant-piantana-2-tasche-a5-verticale.jpg\",\"width\":1000,\"height\":1000},{\"@type\":\"BreadcrumbList\",\"@id\":\"https:\/\/www.smartystore.it\/fr\/prodotto\/porte-brochures-debout-avec-2-pochettes-a5\/#breadcrumb\",\"itemListElement\":[{\"@type\":\"ListItem\",\"position\":1,\"name\":\"Accueil\",\"item\":\"https:\/\/www.smartystore.it\/fr\/\"},{\"@type\":\"ListItem\",\"position\":2,\"name\":\"Boutique\",\"item\":\"https:\/\/www.smartystore.it\/fr\/boutique\/\"},{\"@type\":\"ListItem\",\"position\":3,\"name\":\"Porte-brochures debout avec 2 pochettes A5\"}]},{\"@type\":\"WebSite\",\"@id\":\"https:\/\/www.smartystore.it\/fr\/#website\",\"url\":\"https:\/\/www.smartystore.it\/fr\/\",\"name\":\"Smarty Store\",\"description\":\"Espositori Pubblicitari e Sistemi di Comunicazione Visiva\",\"potentialAction\":[{\"@type\":\"SearchAction\",\"target\":{\"@type\":\"EntryPoint\",\"urlTemplate\":\"https:\/\/www.smartystore.it\/fr\/?s={search_term_string}\"},\"query-input\":{\"@type\":\"PropertyValueSpecification\",\"valueRequired\":true,\"valueName\":\"search_term_string\"}}],\"inLanguage\":\"fr-FR\"}]}<\/script>\n<!-- \/ Yoast SEO plugin. -->","yoast_head_json":{"title":"Porte-brochures debout avec 2 pochettes A5 - Smarty Store","description":"Pr\u00e9sentoir \u00e0 brochures sur pied avec 2 pochettes A5. Disponible dans les versions Round Series et Square Series. Utilisation d'un seul c\u00f4t\u00e9.","robots":{"index":"index","follow":"follow","max-snippet":"max-snippet:-1","max-image-preview":"max-image-preview:large","max-video-preview":"max-video-preview:-1"},"canonical":"https:\/\/www.smartystore.it\/fr\/prodotto\/porte-brochures-debout-avec-2-pochettes-a5\/","og_locale":"fr_FR","og_type":"article","og_title":"Porte-brochures debout avec 2 pochettes A5 - Smarty Store","og_description":"Pr\u00e9sentoir \u00e0 brochures sur pied avec 2 pochettes A5. Disponible dans les versions Round Series et Square Series. Utilisation d'un seul c\u00f4t\u00e9.","og_url":"https:\/\/www.smartystore.it\/fr\/prodotto\/porte-brochures-debout-avec-2-pochettes-a5\/","og_site_name":"Smarty Store","article_publisher":"https:\/\/www.facebook.com\/smartystore.it\/","og_image":[{"width":1000,"height":1000,"url":"https:\/\/www.smartystore.it\/v25\/wp-content\/uploads\/2017\/04\/Espositore-portadepliant-piantana-2-tasche-a5-verticale.jpg","type":"image\/jpeg"}],"twitter_card":"summary_large_image","twitter_site":"@smartystore","twitter_misc":{"Dur\u00e9e de lecture estim\u00e9e":"2 minutes"},"schema":{"@context":"https:\/\/schema.org","@graph":[{"@type":"WebPage","@id":"https:\/\/www.smartystore.it\/fr\/prodotto\/porte-brochures-debout-avec-2-pochettes-a5\/","url":"https:\/\/www.smartystore.it\/fr\/prodotto\/porte-brochures-debout-avec-2-pochettes-a5\/","name":"Porte-brochures debout avec 2 pochettes A5 - Smarty Store","isPartOf":{"@id":"https:\/\/www.smartystore.it\/fr\/#website"},"primaryImageOfPage":{"@id":"https:\/\/www.smartystore.it\/fr\/prodotto\/porte-brochures-debout-avec-2-pochettes-a5\/#primaryimage"},"image":{"@id":"https:\/\/www.smartystore.it\/fr\/prodotto\/porte-brochures-debout-avec-2-pochettes-a5\/#primaryimage"},"thumbnailUrl":"https:\/\/www.smartystore.it\/v25\/wp-content\/uploads\/2017\/04\/Espositore-portadepliant-piantana-2-tasche-a5-verticale.jpg","datePublished":"2017-04-13T08:52:49+00:00","description":"Pr\u00e9sentoir \u00e0 brochures sur pied avec 2 pochettes A5. Disponible dans les versions Round Series et Square Series. Utilisation d'un seul c\u00f4t\u00e9.","breadcrumb":{"@id":"https:\/\/www.smartystore.it\/fr\/prodotto\/porte-brochures-debout-avec-2-pochettes-a5\/#breadcrumb"},"inLanguage":"fr-FR","potentialAction":[{"@type":"ReadAction","target":["https:\/\/www.smartystore.it\/fr\/prodotto\/porte-brochures-debout-avec-2-pochettes-a5\/"]}]},{"@type":"ImageObject","inLanguage":"fr-FR","@id":"https:\/\/www.smartystore.it\/fr\/prodotto\/porte-brochures-debout-avec-2-pochettes-a5\/#primaryimage","url":"https:\/\/www.smartystore.it\/v25\/wp-content\/uploads\/2017\/04\/Espositore-portadepliant-piantana-2-tasche-a5-verticale.jpg","contentUrl":"https:\/\/www.smartystore.it\/v25\/wp-content\/uploads\/2017\/04\/Espositore-portadepliant-piantana-2-tasche-a5-verticale.jpg","width":1000,"height":1000},{"@type":"BreadcrumbList","@id":"https:\/\/www.smartystore.it\/fr\/prodotto\/porte-brochures-debout-avec-2-pochettes-a5\/#breadcrumb","itemListElement":[{"@type":"ListItem","position":1,"name":"Accueil","item":"https:\/\/www.smartystore.it\/fr\/"},{"@type":"ListItem","position":2,"name":"Boutique","item":"https:\/\/www.smartystore.it\/fr\/boutique\/"},{"@type":"ListItem","position":3,"name":"Porte-brochures debout avec 2 pochettes A5"}]},{"@type":"WebSite","@id":"https:\/\/www.smartystore.it\/fr\/#website","url":"https:\/\/www.smartystore.it\/fr\/","name":"Smarty Store","description":"Espositori Pubblicitari e Sistemi di Comunicazione Visiva","potentialAction":[{"@type":"SearchAction","target":{"@type":"EntryPoint","urlTemplate":"https:\/\/www.smartystore.it\/fr\/?s={search_term_string}"},"query-input":{"@type":"PropertyValueSpecification","valueRequired":true,"valueName":"search_term_string"}}],"inLanguage":"fr-FR"}]}},"brands":[],"_links":{"self":[{"href":"https:\/\/www.smartystore.it\/fr\/wp-json\/wp\/v2\/product\/90516","targetHints":{"allow":["GET"]}}],"collection":[{"href":"https:\/\/www.smartystore.it\/fr\/wp-json\/wp\/v2\/product"}],"about":[{"href":"https:\/\/www.smartystore.it\/fr\/wp-json\/wp\/v2\/types\/product"}],"replies":[{"embeddable":true,"href":"https:\/\/www.smartystore.it\/fr\/wp-json\/wp\/v2\/comments?post=90516"}],"wp:featuredmedia":[{"embeddable":true,"href":"https:\/\/www.smartystore.it\/fr\/wp-json\/wp\/v2\/media\/93207"}],"wp:attachment":[{"href":"https:\/\/www.smartystore.it\/fr\/wp-json\/wp\/v2\/media?parent=90516"}],"wp:term":[{"taxonomy":"pwb-brand","embeddable":true,"href":"https:\/\/www.smartystore.it\/fr\/wp-json\/wp\/v2\/pwb-brand?post=90516"},{"taxonomy":"product_brand","embeddable":true,"href":"https:\/\/www.smartystore.it\/fr\/wp-json\/wp\/v2\/product_brand?post=90516"},{"taxonomy":"product_cat","embeddable":true,"href":"https:\/\/www.smartystore.it\/fr\/wp-json\/wp\/v2\/product_cat?post=90516"},{"taxonomy":"product_tag","embeddable":true,"href":"https:\/\/www.smartystore.it\/fr\/wp-json\/wp\/v2\/product_tag?post=90516"}],"curies":[{"name":"wp","href":"https:\/\/api.w.org\/{rel}","templated":true}]}}