{"id":90327,"date":"2025-01-25T13:28:32","date_gmt":"2025-01-25T11:28:32","guid":{"rendered":"https:\/\/www.smartystore.it\/?post_type=product&#038;p=90327"},"modified":"2026-02-18T12:42:36","modified_gmt":"2026-02-18T10:42:36","slug":"classeur-a-documents-avec-deux-tiroirs","status":"publish","type":"product","link":"https:\/\/www.smartystore.it\/fr\/prodotto\/classeur-a-documents-avec-deux-tiroirs\/","title":{"rendered":"Classeur \u00e0 documents avec 2 tiroirs"},"content":{"rendered":"<h1>Classeur de documents \u00e0 2 tiroirs : praticit\u00e9, robustesse et \u00e9l\u00e9gance<\/h1>\n<p>Le classeur \u00e0 documents avec 2 tiroirs est une solution pratique et \u00e9l\u00e9gante pour la gestion des documents professionnels. Dot\u00e9 d&rsquo;une structure en m\u00e9tal peint, cet article est con\u00e7u pour garantir non seulement la robustesse et la durabilit\u00e9, mais aussi un aspect esth\u00e9tique qui s&rsquo;int\u00e8gre parfaitement dans tout environnement de travail.<\/p>\n<p>Les tiroirs, disponibles en orange vif, bleu et gris, offrent la possibilit\u00e9 d&rsquo;\u00eatre personnalis\u00e9s en fonction des pr\u00e9f\u00e9rences du client et du style du bureau. Le choix de ces couleurs ne rend pas seulement le classeur attrayant, il facilite \u00e9galement l&rsquo;identification des documents, am\u00e9liorant ainsi l&rsquo;efficacit\u00e9 et l&rsquo;organisation de l&rsquo;espace.<\/p>\n<p>En outre, le classeur est \u00e9quip\u00e9 de pieds antid\u00e9rapants qui garantissent une stabilit\u00e9 optimale sur diff\u00e9rentes surfaces, \u00e9vitant ainsi les mouvements accidentels lors de l&rsquo;ouverture et de la fermeture des tiroirs. Cette caract\u00e9ristique est particuli\u00e8rement utile dans les environnements dynamiques, o\u00f9 la s\u00e9curit\u00e9 du contenu et la facilit\u00e9 d&rsquo;utilisation sont essentielles.<\/p>\n<h2>Classeur \u00e0 documents avec 2 tiroirs : serrure centrale de s\u00e9curit\u00e9<\/h2>\n<p>Une autre caract\u00e9ristique de ce classeur est la serrure Yale centralis\u00e9e, qui assure la protection des documents sensibles. Gr\u00e2ce \u00e0 ce syst\u00e8me de verrouillage, les utilisateurs peuvent \u00eatre s\u00fbrs que leurs documents sont en s\u00e9curit\u00e9, ce qui permet un traitement plus silencieux et plus ordonn\u00e9 des informations de l&rsquo;entreprise.<\/p>\n<p>En r\u00e9sum\u00e9, le classeur de bureau \u00e0 deux tiroirs est un choix id\u00e9al pour ceux qui recherchent un produit pratique, fonctionnel et au design attrayant, r\u00e9pondant aux besoins d&rsquo;organisation et de s\u00e9curit\u00e9 de l&rsquo;environnement de travail d&rsquo;aujourd&rsquo;hui.<\/p>\n<h3><strong>CARACT\u00c9RISTIQUES:<\/strong><\/h3>\n<ul>\n<li>Meuble \u00e0 tiroirs de bureau pour la gestion des documents avec deux tiroirs.<\/li>\n<li>Structure en m\u00e9tal peint en gris.<\/li>\n<li>Tiroirs disponibles en trois couleurs : orange &#8211; bleu &#8211; gris.<\/li>\n<li>Verrouillage central des tiroirs par serrure Yale.<\/li>\n<li>Deux cl\u00e9s incluses.<\/li>\n<li>Pieds antid\u00e9rapants.<\/li>\n<li>Ouverture s\u00e9quentielle des tiroirs pour \u00e9viter le basculement de l&rsquo;ensemble du bloc-tiroirs.<\/li>\n<li>Dimensions du classificateur : L 460 &#8211; H 720 &#8211; P 620 mm.<\/li>\n<li>Poids du classificateur : 19,8 kg.<\/li>\n<\/ul>\n<h3 style=\"text-align: center;\">Voir d&rsquo;autres mod\u00e8les sur ce <a href=\"https:\/\/www.smartystore.it\/fr\/categoria-prodotto\/meubles-design-lumineux\/meubles-dinterieur\/armoires-pour-vestiaires\/\">LIEN<\/a><\/h3>\n<p><a href=\"https:\/\/www.smartystore.it\/v25\/wp-content\/uploads\/2025\/01\/STR-CPD1X2-1X3-1X4.pdf\" target=\"_blank\" rel=\"noopener\"><img loading=\"lazy\" decoding=\"async\" class=\"alignnone size-full wp-image-93510\" src=\"https:\/\/www.smartystore.it\/v25\/wp-content\/uploads\/2014\/10\/SchedaTecnica-300-e1750084266903.png\" alt=\"\" width=\"249\" height=\"63\" \/><\/a><\/p>\n<p><a href=\"https:\/\/www.smartystore.it\/v25\/wp-content\/uploads\/2025\/02\/Istruzioni-montaggio_STR-CPD1X2-1X3-1X4.pdf\" target=\"_blank\" rel=\"noopener\"><img loading=\"lazy\" decoding=\"async\" class=\"alignnone size-full wp-image-93655\" src=\"https:\/\/www.smartystore.it\/v25\/wp-content\/uploads\/2020\/05\/LogoDownload_istruzioni-montaggio.jpg\" alt=\"\" width=\"250\" height=\"63\" \/><\/a><\/p>\n<p>&nbsp;<\/p>\n","protected":false},"excerpt":{"rendered":"<p>Classeur \u00e0 documents de bureau en m\u00e9tal avec deux tiroirs, disponible en trois couleurs : Fermeture par serrure Yale.<\/p>\n","protected":false},"featured_media":90326,"comment_status":"open","ping_status":"closed","template":"","meta":{"_acf_changed":false},"pwb-brand":[],"product_brand":[],"product_cat":[3257,3256],"product_tag":[3260,3261,3258,6420,6417,3259],"class_list":{"0":"post-90327","1":"product","2":"type-product","3":"status-publish","4":"has-post-thumbnail","6":"product_cat-armoires-pour-vestiaires","7":"product_cat-meubles-dinterieur","8":"product_tag-caisson-a-tiroirs-de-bureau","9":"product_tag-classeur-de-bureau","10":"product_tag-classificateur-de-documents","11":"product_tag-classificateur-de-metaux","12":"product_tag-commode-en-metal","13":"product_tag-tiroir-a-documents","14":"pa_c2c_color-bleu","15":"pa_c2c_color-gris","16":"pa_c2c_color-orange","17":"pa_c2c_dimensione-2-tiroirs","18":"pa_c2c_trovraprezzi-oui","20":"first","21":"instock","22":"taxable","23":"shipping-taxable","24":"purchasable","25":"product-type-variable"},"acf":[],"yoast_head":"<!-- This site is optimized with the Yoast SEO plugin v27.4 - https:\/\/yoast.com\/product\/yoast-seo-wordpress\/ -->\n<title>Classeur \u00e0 documents avec 2 tiroirs - Achetez au Meilleur Prix<\/title>\n<meta name=\"description\" content=\"Classeur \u00e0 documents de bureau \u00e0 2 tiroirs disponible en trois couleurs : orange, bleu et gris. Verrouillage central avec serrure Yale.\" \/>\n<meta name=\"robots\" content=\"index, follow, max-snippet:-1, max-image-preview:large, max-video-preview:-1\" \/>\n<link rel=\"canonical\" href=\"https:\/\/www.smartystore.it\/fr\/prodotto\/classeur-a-documents-avec-deux-tiroirs\/\" \/>\n<meta property=\"og:locale\" content=\"fr_FR\" \/>\n<meta property=\"og:type\" content=\"article\" \/>\n<meta property=\"og:title\" content=\"Classeur \u00e0 documents avec 2 tiroirs - Achetez au Meilleur Prix\" \/>\n<meta property=\"og:description\" content=\"Classeur \u00e0 documents de bureau \u00e0 2 tiroirs disponible en trois couleurs : orange, bleu et gris. Verrouillage central avec serrure Yale.\" \/>\n<meta property=\"og:url\" content=\"https:\/\/www.smartystore.it\/fr\/prodotto\/classeur-a-documents-avec-deux-tiroirs\/\" \/>\n<meta property=\"og:site_name\" content=\"Smarty Store\" \/>\n<meta property=\"article:modified_time\" content=\"2026-02-18T10:42:36+00:00\" \/>\n<meta property=\"og:image\" content=\"https:\/\/www.smartystore.it\/v25\/wp-content\/uploads\/2025\/01\/Classificatore-documenti-con-due-cassetti-colorati-e-chiusura-con-serratura-yale.jpg\" \/>\n\t<meta property=\"og:image:width\" content=\"1000\" \/>\n\t<meta property=\"og:image:height\" content=\"1000\" \/>\n\t<meta property=\"og:image:type\" content=\"image\/jpeg\" \/>\n<meta name=\"twitter:card\" content=\"summary_large_image\" \/>\n<meta name=\"twitter:label1\" content=\"Dur\u00e9e de lecture estim\u00e9e\" \/>\n\t<meta name=\"twitter:data1\" content=\"3 minutes\" \/>\n<script type=\"application\/ld+json\" class=\"yoast-schema-graph\">{\"@context\":\"https:\\\/\\\/schema.org\",\"@graph\":[{\"@type\":\"WebPage\",\"@id\":\"https:\\\/\\\/www.smartystore.it\\\/fr\\\/prodotto\\\/classeur-a-documents-avec-deux-tiroirs\\\/\",\"url\":\"https:\\\/\\\/www.smartystore.it\\\/fr\\\/prodotto\\\/classeur-a-documents-avec-deux-tiroirs\\\/\",\"name\":\"Classeur \u00e0 documents avec 2 tiroirs - Achetez au Meilleur Prix\",\"isPartOf\":{\"@id\":\"https:\\\/\\\/www.smartystore.it\\\/fr\\\/#website\"},\"primaryImageOfPage\":{\"@id\":\"https:\\\/\\\/www.smartystore.it\\\/fr\\\/prodotto\\\/classeur-a-documents-avec-deux-tiroirs\\\/#primaryimage\"},\"image\":{\"@id\":\"https:\\\/\\\/www.smartystore.it\\\/fr\\\/prodotto\\\/classeur-a-documents-avec-deux-tiroirs\\\/#primaryimage\"},\"thumbnailUrl\":\"https:\\\/\\\/www.smartystore.it\\\/v25\\\/wp-content\\\/uploads\\\/2025\\\/01\\\/Classificatore-documenti-con-due-cassetti-colorati-e-chiusura-con-serratura-yale.jpg\",\"datePublished\":\"2025-01-25T11:28:32+00:00\",\"dateModified\":\"2026-02-18T10:42:36+00:00\",\"description\":\"Classeur \u00e0 documents de bureau \u00e0 2 tiroirs disponible en trois couleurs : orange, bleu et gris. Verrouillage central avec serrure Yale.\",\"breadcrumb\":{\"@id\":\"https:\\\/\\\/www.smartystore.it\\\/fr\\\/prodotto\\\/classeur-a-documents-avec-deux-tiroirs\\\/#breadcrumb\"},\"inLanguage\":\"fr-FR\",\"potentialAction\":[{\"@type\":\"ReadAction\",\"target\":[\"https:\\\/\\\/www.smartystore.it\\\/fr\\\/prodotto\\\/classeur-a-documents-avec-deux-tiroirs\\\/\"]}]},{\"@type\":\"ImageObject\",\"inLanguage\":\"fr-FR\",\"@id\":\"https:\\\/\\\/www.smartystore.it\\\/fr\\\/prodotto\\\/classeur-a-documents-avec-deux-tiroirs\\\/#primaryimage\",\"url\":\"https:\\\/\\\/www.smartystore.it\\\/v25\\\/wp-content\\\/uploads\\\/2025\\\/01\\\/Classificatore-documenti-con-due-cassetti-colorati-e-chiusura-con-serratura-yale.jpg\",\"contentUrl\":\"https:\\\/\\\/www.smartystore.it\\\/v25\\\/wp-content\\\/uploads\\\/2025\\\/01\\\/Classificatore-documenti-con-due-cassetti-colorati-e-chiusura-con-serratura-yale.jpg\",\"width\":1000,\"height\":1000,\"caption\":\"Classeur \u00e0 documents avec deux tiroirs color\u00e9s et fermeture \u00e0 serrure Yale\"},{\"@type\":\"BreadcrumbList\",\"@id\":\"https:\\\/\\\/www.smartystore.it\\\/fr\\\/prodotto\\\/classeur-a-documents-avec-deux-tiroirs\\\/#breadcrumb\",\"itemListElement\":[{\"@type\":\"ListItem\",\"position\":1,\"name\":\"Home\",\"item\":\"https:\\\/\\\/www.smartystore.it\\\/fr\\\/\"},{\"@type\":\"ListItem\",\"position\":2,\"name\":\"Boutique\",\"item\":\"https:\\\/\\\/www.smartystore.it\\\/fr\\\/boutique\\\/\"},{\"@type\":\"ListItem\",\"position\":3,\"name\":\"Classeur \u00e0 documents avec 2 tiroirs\"}]},{\"@type\":\"WebSite\",\"@id\":\"https:\\\/\\\/www.smartystore.it\\\/fr\\\/#website\",\"url\":\"https:\\\/\\\/www.smartystore.it\\\/fr\\\/\",\"name\":\"Smarty Store\",\"description\":\"Espositori Pubblicitari e Sistemi di Comunicazione Visiva\",\"potentialAction\":[{\"@type\":\"SearchAction\",\"target\":{\"@type\":\"EntryPoint\",\"urlTemplate\":\"https:\\\/\\\/www.smartystore.it\\\/fr\\\/?s={search_term_string}\"},\"query-input\":{\"@type\":\"PropertyValueSpecification\",\"valueRequired\":true,\"valueName\":\"search_term_string\"}}],\"inLanguage\":\"fr-FR\"}]}<\/script>\n<!-- \/ Yoast SEO plugin. -->","yoast_head_json":{"title":"Classeur \u00e0 documents avec 2 tiroirs - Achetez au Meilleur Prix","description":"Classeur \u00e0 documents de bureau \u00e0 2 tiroirs disponible en trois couleurs : orange, bleu et gris. Verrouillage central avec serrure Yale.","robots":{"index":"index","follow":"follow","max-snippet":"max-snippet:-1","max-image-preview":"max-image-preview:large","max-video-preview":"max-video-preview:-1"},"canonical":"https:\/\/www.smartystore.it\/fr\/prodotto\/classeur-a-documents-avec-deux-tiroirs\/","og_locale":"fr_FR","og_type":"article","og_title":"Classeur \u00e0 documents avec 2 tiroirs - Achetez au Meilleur Prix","og_description":"Classeur \u00e0 documents de bureau \u00e0 2 tiroirs disponible en trois couleurs : orange, bleu et gris. Verrouillage central avec serrure Yale.","og_url":"https:\/\/www.smartystore.it\/fr\/prodotto\/classeur-a-documents-avec-deux-tiroirs\/","og_site_name":"Smarty Store","article_modified_time":"2026-02-18T10:42:36+00:00","og_image":[{"width":1000,"height":1000,"url":"https:\/\/www.smartystore.it\/v25\/wp-content\/uploads\/2025\/01\/Classificatore-documenti-con-due-cassetti-colorati-e-chiusura-con-serratura-yale.jpg","type":"image\/jpeg"}],"twitter_card":"summary_large_image","twitter_misc":{"Dur\u00e9e de lecture estim\u00e9e":"3 minutes"},"schema":{"@context":"https:\/\/schema.org","@graph":[{"@type":"WebPage","@id":"https:\/\/www.smartystore.it\/fr\/prodotto\/classeur-a-documents-avec-deux-tiroirs\/","url":"https:\/\/www.smartystore.it\/fr\/prodotto\/classeur-a-documents-avec-deux-tiroirs\/","name":"Classeur \u00e0 documents avec 2 tiroirs - Achetez au Meilleur Prix","isPartOf":{"@id":"https:\/\/www.smartystore.it\/fr\/#website"},"primaryImageOfPage":{"@id":"https:\/\/www.smartystore.it\/fr\/prodotto\/classeur-a-documents-avec-deux-tiroirs\/#primaryimage"},"image":{"@id":"https:\/\/www.smartystore.it\/fr\/prodotto\/classeur-a-documents-avec-deux-tiroirs\/#primaryimage"},"thumbnailUrl":"https:\/\/www.smartystore.it\/v25\/wp-content\/uploads\/2025\/01\/Classificatore-documenti-con-due-cassetti-colorati-e-chiusura-con-serratura-yale.jpg","datePublished":"2025-01-25T11:28:32+00:00","dateModified":"2026-02-18T10:42:36+00:00","description":"Classeur \u00e0 documents de bureau \u00e0 2 tiroirs disponible en trois couleurs : orange, bleu et gris. Verrouillage central avec serrure Yale.","breadcrumb":{"@id":"https:\/\/www.smartystore.it\/fr\/prodotto\/classeur-a-documents-avec-deux-tiroirs\/#breadcrumb"},"inLanguage":"fr-FR","potentialAction":[{"@type":"ReadAction","target":["https:\/\/www.smartystore.it\/fr\/prodotto\/classeur-a-documents-avec-deux-tiroirs\/"]}]},{"@type":"ImageObject","inLanguage":"fr-FR","@id":"https:\/\/www.smartystore.it\/fr\/prodotto\/classeur-a-documents-avec-deux-tiroirs\/#primaryimage","url":"https:\/\/www.smartystore.it\/v25\/wp-content\/uploads\/2025\/01\/Classificatore-documenti-con-due-cassetti-colorati-e-chiusura-con-serratura-yale.jpg","contentUrl":"https:\/\/www.smartystore.it\/v25\/wp-content\/uploads\/2025\/01\/Classificatore-documenti-con-due-cassetti-colorati-e-chiusura-con-serratura-yale.jpg","width":1000,"height":1000,"caption":"Classeur \u00e0 documents avec deux tiroirs color\u00e9s et fermeture \u00e0 serrure Yale"},{"@type":"BreadcrumbList","@id":"https:\/\/www.smartystore.it\/fr\/prodotto\/classeur-a-documents-avec-deux-tiroirs\/#breadcrumb","itemListElement":[{"@type":"ListItem","position":1,"name":"Home","item":"https:\/\/www.smartystore.it\/fr\/"},{"@type":"ListItem","position":2,"name":"Boutique","item":"https:\/\/www.smartystore.it\/fr\/boutique\/"},{"@type":"ListItem","position":3,"name":"Classeur \u00e0 documents avec 2 tiroirs"}]},{"@type":"WebSite","@id":"https:\/\/www.smartystore.it\/fr\/#website","url":"https:\/\/www.smartystore.it\/fr\/","name":"Smarty Store","description":"Espositori Pubblicitari e Sistemi di Comunicazione Visiva","potentialAction":[{"@type":"SearchAction","target":{"@type":"EntryPoint","urlTemplate":"https:\/\/www.smartystore.it\/fr\/?s={search_term_string}"},"query-input":{"@type":"PropertyValueSpecification","valueRequired":true,"valueName":"search_term_string"}}],"inLanguage":"fr-FR"}]}},"brands":[],"_links":{"self":[{"href":"https:\/\/www.smartystore.it\/fr\/wp-json\/wp\/v2\/product\/90327","targetHints":{"allow":["GET"]}}],"collection":[{"href":"https:\/\/www.smartystore.it\/fr\/wp-json\/wp\/v2\/product"}],"about":[{"href":"https:\/\/www.smartystore.it\/fr\/wp-json\/wp\/v2\/types\/product"}],"replies":[{"embeddable":true,"href":"https:\/\/www.smartystore.it\/fr\/wp-json\/wp\/v2\/comments?post=90327"}],"wp:featuredmedia":[{"embeddable":true,"href":"https:\/\/www.smartystore.it\/fr\/wp-json\/wp\/v2\/media\/90326"}],"wp:attachment":[{"href":"https:\/\/www.smartystore.it\/fr\/wp-json\/wp\/v2\/media?parent=90327"}],"wp:term":[{"taxonomy":"pwb-brand","embeddable":true,"href":"https:\/\/www.smartystore.it\/fr\/wp-json\/wp\/v2\/pwb-brand?post=90327"},{"taxonomy":"product_brand","embeddable":true,"href":"https:\/\/www.smartystore.it\/fr\/wp-json\/wp\/v2\/product_brand?post=90327"},{"taxonomy":"product_cat","embeddable":true,"href":"https:\/\/www.smartystore.it\/fr\/wp-json\/wp\/v2\/product_cat?post=90327"},{"taxonomy":"product_tag","embeddable":true,"href":"https:\/\/www.smartystore.it\/fr\/wp-json\/wp\/v2\/product_tag?post=90327"}],"curies":[{"name":"wp","href":"https:\/\/api.w.org\/{rel}","templated":true}]}}