{"id":90239,"date":"2025-01-16T18:33:54","date_gmt":"2025-01-16T16:33:54","guid":{"rendered":"https:\/\/www.smartystore.it\/prodotto\/tableau-blanc-magnetique-inscriptible-en-verre-trempe\/"},"modified":"2026-03-10T16:53:59","modified_gmt":"2026-03-10T14:53:59","slug":"tableau-blanc-magnetique-inscriptible-en-verre-trempe","status":"publish","type":"product","link":"https:\/\/www.smartystore.it\/fr\/prodotto\/tableau-blanc-magnetique-inscriptible-en-verre-trempe\/","title":{"rendered":"Tableau magn\u00e9tique inscriptible en verre tremp\u00e9"},"content":{"rendered":"<div class=\"wpb-content-wrapper\"><p>[vc_row][vc_column][vc_column_text css=\u00a0\u00bb\u00a0\u00bb css_params=\u00a0\u00bb\u00a0\u00bb]<\/p>\n<h1>Tableau magn\u00e9tique inscriptible en verre tremp\u00e9<\/h1>\n<p>Le tableau magn\u00e9tique inscriptible en verre tremp\u00e9 blanc est une solution \u00e9l\u00e9gante et fonctionnelle pour les espaces de travail, les salles de classe et les environnements domestiques. Cet outil de communication innovant se caract\u00e9rise par son design moderne et ses performances \u00e9lev\u00e9es. Fabriqu\u00e9 en verre tremp\u00e9, ce tableau offre une surface robuste et durable qui r\u00e9siste aux rayures et aux taches, garantissant ainsi une utilisation \u00e0 long terme.  <\/p>\n<p>Un autre avantage de ce tableau est sa facilit\u00e9 de nettoyage. Gr\u00e2ce \u00e0 la finition lisse du verre, les traces de marqueurs et les \u00e9ventuelles aur\u00e9oles peuvent \u00eatre facilement \u00e9limin\u00e9es, tout en conservant un aspect impeccable. Il est donc particuli\u00e8rement adapt\u00e9 aux environnements qui exigent une bonne esth\u00e9tique sans compromettre l&rsquo;aspect pratique.  <\/p>\n<p>Le dos en acier galvanis\u00e9 assure non seulement la stabilit\u00e9 de la structure, mais permet \u00e9galement l&rsquo;utilisation d&rsquo;aimants, ce qui accro\u00eet la polyvalence du panneau. Il est con\u00e7u avec un syst\u00e8me de montage dissimul\u00e9, ce qui facilite l&rsquo;installation et contribue \u00e0 maintenir un aspect ordonn\u00e9 et minimaliste. <\/p>\n<h2>Tableau magn\u00e9tique en verre tremp\u00e9 : choisissez la bonne taille<\/h2>\n<p>Disponible en cinq tailles diff\u00e9rentes, le tableau magn\u00e9tique inscriptible en verre tremp\u00e9 s&rsquo;adapte \u00e0 tous les espaces, qu&rsquo;il s&rsquo;agisse d&rsquo;une petite zone de travail ou d&rsquo;une grande salle de conf\u00e9rence. Cette vari\u00e9t\u00e9 d&rsquo;options vous permet de choisir la solution la plus adapt\u00e9e \u00e0 vos besoins, sans compromettre la qualit\u00e9 et l&rsquo;esth\u00e9tique du produit. <\/p>\n<p>Il est possible d&rsquo;orienter la carte horizontalement et verticalement.<\/p>\n<p>En conclusion, le tableau magn\u00e9tique inscriptible en verre tremp\u00e9 est un excellent investissement pour ceux qui recherchent un produit de haute qualit\u00e9, pratique et au design attrayant.<\/p>\n<h3>CARACT\u00c9RISTIQUES:<\/h3>\n<ul>\n<li>Tableau magn\u00e9tique avec surface en verre tremp\u00e9.<\/li>\n<li>Dos en acier galvanis\u00e9.<\/li>\n<li>Surface magn\u00e9tique.<\/li>\n<li>Couleur : blanc.<\/li>\n<li>Syst\u00e8me de fermeture dissimul\u00e9.<\/li>\n<li>R\u00e9sistant aux taches et aux rayures.<\/li>\n<li>Facile \u00e0 nettoyer, pas d&rsquo;aur\u00e9oles.<\/li>\n<\/ul>\n<table style=\"width: 100%; border-collapse: collapse; border-color: #000000; height: 144px;\" border=\"1\">\n<tbody>\n<tr style=\"height: 24px;\">\n<td style=\"width: 20%; text-align: center; height: 24px;\"><strong>CODE<\/strong><\/td>\n<td style=\"width: 20%; text-align: center; height: 24px;\"><strong><span style=\"vertical-align: inherit;\">ZONE VISIBLE<\/span><\/strong><\/td>\n<td style=\"width: 20%; text-align: center; height: 24px;\"><strong>DIMENSIONS DE LA STRUCTURE<\/strong><\/td>\n<td style=\"width: 20%; text-align: center; height: 24px;\"><strong><span style=\"vertical-align: inherit;\">POIDS<\/span><\/strong><\/td>\n<\/tr>\n<tr style=\"height: 25px;\">\n<td style=\"width: 20%; height: 25px;\"><strong><span style=\"vertical-align: inherit;\">STR-GBOARD45X60<\/span><\/strong><\/td>\n<td style=\"width: 20%; text-align: center; height: 25px;\"><span style=\"vertical-align: inherit;\">600&#215;450 mm.<\/span><\/td>\n<td style=\"width: 20%; text-align: center; height: 25px;\"><span style=\"vertical-align: inherit;\">L 600 x H 450 x P 4,3 mm.<\/span><\/td>\n<td style=\"width: 20%; text-align: center; height: 25px;\"><span style=\"vertical-align: inherit;\">3,2 Kg<\/span><\/td>\n<\/tr>\n<tr style=\"height: 25px;\">\n<td style=\"width: 20%; height: 20px;\"><strong><span style=\"vertical-align: inherit;\">STR-GBOARD60X90<\/span><\/strong><\/td>\n<td style=\"width: 20%; text-align: center; height: 20px;\"><span style=\"vertical-align: inherit;\">900&#215;600 mm.<\/span><\/td>\n<td style=\"width: 20%; text-align: center; height: 20px;\"><span style=\"vertical-align: inherit;\">L 900 x H 600 x P 4,3 mm.<\/span><\/td>\n<td style=\"width: 20%; text-align: center; height: 20px;\"><span style=\"vertical-align: inherit;\">6 Kg<\/span><\/td>\n<\/tr>\n<tr style=\"height: 25px;\">\n<td style=\"width: 20%; height: 25px;\"><strong><span style=\"vertical-align: inherit;\">STR-GBOARD90X120<\/span><\/strong><\/td>\n<td style=\"width: 20%; text-align: center; height: 25px;\"><span style=\"vertical-align: inherit;\">1200&#215;900 mm.<\/span><\/td>\n<td style=\"width: 20%; text-align: center; height: 25px;\"><span style=\"vertical-align: inherit;\">L 1200 x H 900 x P 4,3 mm.<\/span><\/td>\n<td style=\"width: 20%; text-align: center; height: 25px;\"><span style=\"vertical-align: inherit;\">9 Kg<\/span><\/td>\n<\/tr>\n<tr style=\"height: 25px;\">\n<td style=\"width: 20%; height: 25px;\"><strong><span style=\"vertical-align: inherit;\">STR-GBOARD150X100<\/span><\/strong><\/td>\n<td style=\"width: 20%; text-align: center; height: 25px;\"><span style=\"vertical-align: inherit;\">1500&#215;1000 mm.<\/span><\/td>\n<td style=\"width: 20%; text-align: center; height: 25px;\"><span style=\"vertical-align: inherit;\">L 1500 x H 1000 x P 4,3 mm.<\/span><\/td>\n<td style=\"width: 20%; text-align: center; height: 25px;\"><span style=\"vertical-align: inherit;\">13 Kg<\/span><\/td>\n<\/tr>\n<tr style=\"height: 25px;\">\n<td style=\"width: 20%; height: 25px;\"><strong><span style=\"vertical-align: inherit;\">STR-GBOARD200X100<\/span><\/strong><\/td>\n<td style=\"width: 20%; text-align: center; height: 25px;\"><span style=\"vertical-align: inherit;\">2000&#215;1000 mm.<\/span><\/td>\n<td style=\"width: 20%; text-align: center; height: 25px;\"><span style=\"vertical-align: inherit;\">L 2000 x H 1000 x P 4,3 mm.<\/span><\/td>\n<td style=\"width: 20%; text-align: center; height: 25px;\"><span style=\"vertical-align: inherit;\">15 Kg<\/span><\/td>\n<\/tr>\n<\/tbody>\n<\/table>\n<h4 style=\"text-align: center;\">Voyez toutes les planches disponibles \u00e0 ce <span style=\"color: #ff0000;\"><strong><a style=\"color: #ff0000;\" href=\"https:\/\/www.smartystore.it\/fr\/categoria-prodotto\/tableaux-magnetiques\/?count=25&#038;paged=\">LIEN<\/a><\/strong><\/span><\/h4>\n<p>&nbsp;<\/p>\n<p><a href=\"https:\/\/www.smartystore.it\/v25\/wp-content\/uploads\/2025\/01\/STR-GBOARD.pdf\"><img loading=\"lazy\" decoding=\"async\" class=\"alignnone size-full wp-image-93510\" src=\"https:\/\/www.smartystore.it\/v25\/wp-content\/uploads\/2014\/10\/SchedaTecnica-300-e1750084266903.png\" alt=\"\" width=\"249\" height=\"63\"><\/a><\/p>\n<p>&nbsp;<\/p>\n<p>[\/vc_column_text][\/vc_column][\/vc_row]<\/p>\n<\/div>","protected":false},"excerpt":{"rendered":"<p>Tableau en verre avec surface magn\u00e9tique inscriptible, dos en acier galvanis\u00e9 et fixation invisible. Facile \u00e0 nettoyer, r\u00e9sistant aux taches, parfait pour \u00e9crire des notes et fixer des documents. Disponible en cinq tailles.<\/p>\n","protected":false},"featured_media":90175,"comment_status":"open","ping_status":"closed","template":"","meta":{"_acf_changed":false},"pwb-brand":[],"product_brand":[],"product_cat":[3134],"product_tag":[5735,5742,5738,5737,5736,5740,5741,5739,5744,5743],"class_list":{"0":"post-90239","1":"product","2":"type-product","3":"status-publish","4":"has-post-thumbnail","6":"product_cat-tableaux-magnetiques","7":"product_tag-panneau-de-verre","8":"product_tag-panneau-de-verre-200x100-au-meilleur-prix","9":"product_tag-tableau-en-verre-60x45","10":"product_tag-tableau-en-verre-inscriptible","11":"product_tag-tableau-magnetique-en-verre","12":"product_tag-tableau-magnetique-en-verre-120x90","13":"product_tag-tableau-magnetique-en-verre-150x100","14":"product_tag-tableau-magnetique-en-verre-90x60","15":"product_tag-tableaux-magnetiques-en-verre-a-bas-prix","16":"product_tag-tableaux-noirs-en-verre-aux-meilleurs-prix","17":"pa_c2c_angolo-rond","18":"pa_c2c_color-blanc","19":"pa_c2c_dimensione-cm-120x90","20":"pa_c2c_dimensione-cm-150x100","21":"pa_c2c_dimensione-cm-200x100-fr","22":"pa_c2c_dimensione-cm-60x45","23":"pa_c2c_dimensione-cm-90x60","24":"pa_c2c_mono_bifacciale-simple-face","25":"pa_c2c_orientamento-horizontal","26":"pa_c2c_orientamento-verticale","27":"pa_c2c_trovraprezzi-oui","29":"first","30":"instock","31":"taxable","32":"shipping-taxable","33":"purchasable","34":"product-type-variable"},"acf":[],"yoast_head":"<!-- This site is optimized with the Yoast SEO plugin v27.4 - https:\/\/yoast.com\/product\/yoast-seo-wordpress\/ -->\n<title>Tableau magn\u00e9tique inscriptible en verre tremp\u00e9 - Smarty Store Au Meilleur Prix<\/title>\n<meta name=\"description\" content=\"Tableau noir avec surface magn\u00e9tique inscriptible en verre tremp\u00e9, facile \u00e0 nettoyer, r\u00e9sistant aux taches. Disponible en cinq tailles.\" \/>\n<meta name=\"robots\" content=\"index, follow, max-snippet:-1, max-image-preview:large, max-video-preview:-1\" \/>\n<link rel=\"canonical\" href=\"https:\/\/www.smartystore.it\/fr\/prodotto\/tableau-blanc-magnetique-inscriptible-en-verre-trempe\/\" \/>\n<meta property=\"og:locale\" content=\"fr_FR\" \/>\n<meta property=\"og:type\" content=\"article\" \/>\n<meta property=\"og:title\" content=\"Tableau magn\u00e9tique inscriptible en verre tremp\u00e9 - Smarty Store Au Meilleur Prix\" \/>\n<meta property=\"og:description\" content=\"Tableau noir avec surface magn\u00e9tique inscriptible en verre tremp\u00e9, facile \u00e0 nettoyer, r\u00e9sistant aux taches. Disponible en cinq tailles.\" \/>\n<meta property=\"og:url\" content=\"https:\/\/www.smartystore.it\/fr\/prodotto\/tableau-blanc-magnetique-inscriptible-en-verre-trempe\/\" \/>\n<meta property=\"og:site_name\" content=\"Smarty Store\" \/>\n<meta property=\"article:modified_time\" content=\"2026-03-10T14:53:59+00:00\" \/>\n<meta property=\"og:image\" content=\"https:\/\/www.smartystore.it\/v25\/wp-content\/uploads\/2025\/01\/Lavagna-magnetica-scrivibile-in-vetro-temperato-disponibile-in-vari-formati.jpg\" \/>\n\t<meta property=\"og:image:width\" content=\"1000\" \/>\n\t<meta property=\"og:image:height\" content=\"1000\" \/>\n\t<meta property=\"og:image:type\" content=\"image\/jpeg\" \/>\n<meta name=\"twitter:card\" content=\"summary_large_image\" \/>\n<meta name=\"twitter:label1\" content=\"Dur\u00e9e de lecture estim\u00e9e\" \/>\n\t<meta name=\"twitter:data1\" content=\"3 minutes\" \/>\n<script type=\"application\/ld+json\" class=\"yoast-schema-graph\">{\"@context\":\"https:\\\/\\\/schema.org\",\"@graph\":[{\"@type\":\"WebPage\",\"@id\":\"https:\\\/\\\/www.smartystore.it\\\/fr\\\/prodotto\\\/tableau-blanc-magnetique-inscriptible-en-verre-trempe\\\/\",\"url\":\"https:\\\/\\\/www.smartystore.it\\\/fr\\\/prodotto\\\/tableau-blanc-magnetique-inscriptible-en-verre-trempe\\\/\",\"name\":\"Tableau magn\u00e9tique inscriptible en verre tremp\u00e9 - Smarty Store Au Meilleur Prix\",\"isPartOf\":{\"@id\":\"https:\\\/\\\/www.smartystore.it\\\/fr\\\/#website\"},\"primaryImageOfPage\":{\"@id\":\"https:\\\/\\\/www.smartystore.it\\\/fr\\\/prodotto\\\/tableau-blanc-magnetique-inscriptible-en-verre-trempe\\\/#primaryimage\"},\"image\":{\"@id\":\"https:\\\/\\\/www.smartystore.it\\\/fr\\\/prodotto\\\/tableau-blanc-magnetique-inscriptible-en-verre-trempe\\\/#primaryimage\"},\"thumbnailUrl\":\"https:\\\/\\\/www.smartystore.it\\\/v25\\\/wp-content\\\/uploads\\\/2025\\\/01\\\/Lavagna-magnetica-scrivibile-in-vetro-temperato-disponibile-in-vari-formati.jpg\",\"datePublished\":\"2025-01-16T16:33:54+00:00\",\"dateModified\":\"2026-03-10T14:53:59+00:00\",\"description\":\"Tableau noir avec surface magn\u00e9tique inscriptible en verre tremp\u00e9, facile \u00e0 nettoyer, r\u00e9sistant aux taches. Disponible en cinq tailles.\",\"breadcrumb\":{\"@id\":\"https:\\\/\\\/www.smartystore.it\\\/fr\\\/prodotto\\\/tableau-blanc-magnetique-inscriptible-en-verre-trempe\\\/#breadcrumb\"},\"inLanguage\":\"fr-FR\",\"potentialAction\":[{\"@type\":\"ReadAction\",\"target\":[\"https:\\\/\\\/www.smartystore.it\\\/fr\\\/prodotto\\\/tableau-blanc-magnetique-inscriptible-en-verre-trempe\\\/\"]}]},{\"@type\":\"ImageObject\",\"inLanguage\":\"fr-FR\",\"@id\":\"https:\\\/\\\/www.smartystore.it\\\/fr\\\/prodotto\\\/tableau-blanc-magnetique-inscriptible-en-verre-trempe\\\/#primaryimage\",\"url\":\"https:\\\/\\\/www.smartystore.it\\\/v25\\\/wp-content\\\/uploads\\\/2025\\\/01\\\/Lavagna-magnetica-scrivibile-in-vetro-temperato-disponibile-in-vari-formati.jpg\",\"contentUrl\":\"https:\\\/\\\/www.smartystore.it\\\/v25\\\/wp-content\\\/uploads\\\/2025\\\/01\\\/Lavagna-magnetica-scrivibile-in-vetro-temperato-disponibile-in-vari-formati.jpg\",\"width\":1000,\"height\":1000,\"caption\":\"Tableau magn\u00e9tique inscriptible en verre tremp\u00e9\"},{\"@type\":\"BreadcrumbList\",\"@id\":\"https:\\\/\\\/www.smartystore.it\\\/fr\\\/prodotto\\\/tableau-blanc-magnetique-inscriptible-en-verre-trempe\\\/#breadcrumb\",\"itemListElement\":[{\"@type\":\"ListItem\",\"position\":1,\"name\":\"Home\",\"item\":\"https:\\\/\\\/www.smartystore.it\\\/fr\\\/\"},{\"@type\":\"ListItem\",\"position\":2,\"name\":\"Boutique\",\"item\":\"https:\\\/\\\/www.smartystore.it\\\/fr\\\/boutique\\\/\"},{\"@type\":\"ListItem\",\"position\":3,\"name\":\"Tableau magn\u00e9tique inscriptible en verre tremp\u00e9\"}]},{\"@type\":\"WebSite\",\"@id\":\"https:\\\/\\\/www.smartystore.it\\\/fr\\\/#website\",\"url\":\"https:\\\/\\\/www.smartystore.it\\\/fr\\\/\",\"name\":\"Smarty Store\",\"description\":\"Espositori Pubblicitari e Sistemi di Comunicazione Visiva\",\"potentialAction\":[{\"@type\":\"SearchAction\",\"target\":{\"@type\":\"EntryPoint\",\"urlTemplate\":\"https:\\\/\\\/www.smartystore.it\\\/fr\\\/?s={search_term_string}\"},\"query-input\":{\"@type\":\"PropertyValueSpecification\",\"valueRequired\":true,\"valueName\":\"search_term_string\"}}],\"inLanguage\":\"fr-FR\"}]}<\/script>\n<!-- \/ Yoast SEO plugin. -->","yoast_head_json":{"title":"Tableau magn\u00e9tique inscriptible en verre tremp\u00e9 - Smarty Store Au Meilleur Prix","description":"Tableau noir avec surface magn\u00e9tique inscriptible en verre tremp\u00e9, facile \u00e0 nettoyer, r\u00e9sistant aux taches. Disponible en cinq tailles.","robots":{"index":"index","follow":"follow","max-snippet":"max-snippet:-1","max-image-preview":"max-image-preview:large","max-video-preview":"max-video-preview:-1"},"canonical":"https:\/\/www.smartystore.it\/fr\/prodotto\/tableau-blanc-magnetique-inscriptible-en-verre-trempe\/","og_locale":"fr_FR","og_type":"article","og_title":"Tableau magn\u00e9tique inscriptible en verre tremp\u00e9 - Smarty Store Au Meilleur Prix","og_description":"Tableau noir avec surface magn\u00e9tique inscriptible en verre tremp\u00e9, facile \u00e0 nettoyer, r\u00e9sistant aux taches. Disponible en cinq tailles.","og_url":"https:\/\/www.smartystore.it\/fr\/prodotto\/tableau-blanc-magnetique-inscriptible-en-verre-trempe\/","og_site_name":"Smarty Store","article_modified_time":"2026-03-10T14:53:59+00:00","og_image":[{"width":1000,"height":1000,"url":"https:\/\/www.smartystore.it\/v25\/wp-content\/uploads\/2025\/01\/Lavagna-magnetica-scrivibile-in-vetro-temperato-disponibile-in-vari-formati.jpg","type":"image\/jpeg"}],"twitter_card":"summary_large_image","twitter_misc":{"Dur\u00e9e de lecture estim\u00e9e":"3 minutes"},"schema":{"@context":"https:\/\/schema.org","@graph":[{"@type":"WebPage","@id":"https:\/\/www.smartystore.it\/fr\/prodotto\/tableau-blanc-magnetique-inscriptible-en-verre-trempe\/","url":"https:\/\/www.smartystore.it\/fr\/prodotto\/tableau-blanc-magnetique-inscriptible-en-verre-trempe\/","name":"Tableau magn\u00e9tique inscriptible en verre tremp\u00e9 - Smarty Store Au Meilleur Prix","isPartOf":{"@id":"https:\/\/www.smartystore.it\/fr\/#website"},"primaryImageOfPage":{"@id":"https:\/\/www.smartystore.it\/fr\/prodotto\/tableau-blanc-magnetique-inscriptible-en-verre-trempe\/#primaryimage"},"image":{"@id":"https:\/\/www.smartystore.it\/fr\/prodotto\/tableau-blanc-magnetique-inscriptible-en-verre-trempe\/#primaryimage"},"thumbnailUrl":"https:\/\/www.smartystore.it\/v25\/wp-content\/uploads\/2025\/01\/Lavagna-magnetica-scrivibile-in-vetro-temperato-disponibile-in-vari-formati.jpg","datePublished":"2025-01-16T16:33:54+00:00","dateModified":"2026-03-10T14:53:59+00:00","description":"Tableau noir avec surface magn\u00e9tique inscriptible en verre tremp\u00e9, facile \u00e0 nettoyer, r\u00e9sistant aux taches. Disponible en cinq tailles.","breadcrumb":{"@id":"https:\/\/www.smartystore.it\/fr\/prodotto\/tableau-blanc-magnetique-inscriptible-en-verre-trempe\/#breadcrumb"},"inLanguage":"fr-FR","potentialAction":[{"@type":"ReadAction","target":["https:\/\/www.smartystore.it\/fr\/prodotto\/tableau-blanc-magnetique-inscriptible-en-verre-trempe\/"]}]},{"@type":"ImageObject","inLanguage":"fr-FR","@id":"https:\/\/www.smartystore.it\/fr\/prodotto\/tableau-blanc-magnetique-inscriptible-en-verre-trempe\/#primaryimage","url":"https:\/\/www.smartystore.it\/v25\/wp-content\/uploads\/2025\/01\/Lavagna-magnetica-scrivibile-in-vetro-temperato-disponibile-in-vari-formati.jpg","contentUrl":"https:\/\/www.smartystore.it\/v25\/wp-content\/uploads\/2025\/01\/Lavagna-magnetica-scrivibile-in-vetro-temperato-disponibile-in-vari-formati.jpg","width":1000,"height":1000,"caption":"Tableau magn\u00e9tique inscriptible en verre tremp\u00e9"},{"@type":"BreadcrumbList","@id":"https:\/\/www.smartystore.it\/fr\/prodotto\/tableau-blanc-magnetique-inscriptible-en-verre-trempe\/#breadcrumb","itemListElement":[{"@type":"ListItem","position":1,"name":"Home","item":"https:\/\/www.smartystore.it\/fr\/"},{"@type":"ListItem","position":2,"name":"Boutique","item":"https:\/\/www.smartystore.it\/fr\/boutique\/"},{"@type":"ListItem","position":3,"name":"Tableau magn\u00e9tique inscriptible en verre tremp\u00e9"}]},{"@type":"WebSite","@id":"https:\/\/www.smartystore.it\/fr\/#website","url":"https:\/\/www.smartystore.it\/fr\/","name":"Smarty Store","description":"Espositori Pubblicitari e Sistemi di Comunicazione Visiva","potentialAction":[{"@type":"SearchAction","target":{"@type":"EntryPoint","urlTemplate":"https:\/\/www.smartystore.it\/fr\/?s={search_term_string}"},"query-input":{"@type":"PropertyValueSpecification","valueRequired":true,"valueName":"search_term_string"}}],"inLanguage":"fr-FR"}]}},"brands":[],"_links":{"self":[{"href":"https:\/\/www.smartystore.it\/fr\/wp-json\/wp\/v2\/product\/90239","targetHints":{"allow":["GET"]}}],"collection":[{"href":"https:\/\/www.smartystore.it\/fr\/wp-json\/wp\/v2\/product"}],"about":[{"href":"https:\/\/www.smartystore.it\/fr\/wp-json\/wp\/v2\/types\/product"}],"replies":[{"embeddable":true,"href":"https:\/\/www.smartystore.it\/fr\/wp-json\/wp\/v2\/comments?post=90239"}],"wp:featuredmedia":[{"embeddable":true,"href":"https:\/\/www.smartystore.it\/fr\/wp-json\/wp\/v2\/media\/90175"}],"wp:attachment":[{"href":"https:\/\/www.smartystore.it\/fr\/wp-json\/wp\/v2\/media?parent=90239"}],"wp:term":[{"taxonomy":"pwb-brand","embeddable":true,"href":"https:\/\/www.smartystore.it\/fr\/wp-json\/wp\/v2\/pwb-brand?post=90239"},{"taxonomy":"product_brand","embeddable":true,"href":"https:\/\/www.smartystore.it\/fr\/wp-json\/wp\/v2\/product_brand?post=90239"},{"taxonomy":"product_cat","embeddable":true,"href":"https:\/\/www.smartystore.it\/fr\/wp-json\/wp\/v2\/product_cat?post=90239"},{"taxonomy":"product_tag","embeddable":true,"href":"https:\/\/www.smartystore.it\/fr\/wp-json\/wp\/v2\/product_tag?post=90239"}],"curies":[{"name":"wp","href":"https:\/\/api.w.org\/{rel}","templated":true}]}}