{"id":89900,"date":"2024-11-28T14:00:36","date_gmt":"2024-11-28T12:00:36","guid":{"rendered":"https:\/\/www.smartystore.it\/prodotto\/pupitre-avec-cadre-reglable-a3-et-a4\/"},"modified":"2024-11-28T14:00:36","modified_gmt":"2024-11-28T12:00:36","slug":"pupitre-avec-cadre-reglable-a3-et-a4","status":"publish","type":"product","link":"https:\/\/www.smartystore.it\/fr\/prodotto\/pupitre-avec-cadre-reglable-a3-et-a4\/","title":{"rendered":"Pupitre avec cadre r\u00e9glable A3 et A4"},"content":{"rendered":"<h2>Pupitre avec cadre r\u00e9glable A3 et A4 avec angles vifs et base carr\u00e9e<\/h2>\n<p>Le pupitre avec cadre r\u00e9glable aux angles vifs et base carr\u00e9e est un pr\u00e9sentoir d&rsquo;affichage sur pied, disponible dans la version pour imprim\u00e9s A4 et A3. R\u00e9alis\u00e9 int\u00e9rieurement en m\u00e9tal argent\u00e9, il est compos\u00e9 d&rsquo;un cadre clipsable aux angles vifs \u00e9quip\u00e9 d&rsquo;une feuille PVC transparente antireflet, d&rsquo;un montant ovale et d&rsquo;une base carr\u00e9e.<\/p>\n<p>Parfait pour les bureaux, les magasins, les r\u00e9ceptions et les zones d&rsquo;accueil, le pupitre Snap Frame offre une solution pratique pour afficher des avis, des informations ou des promotions de mani\u00e8re \u00e9l\u00e9gante et professionnelle.<\/p>\n<p>Le pupitre est disponible pour les impressions au format A4 et A3 et peut \u00eatre r\u00e9gl\u00e9 verticalement et horizontalement. Cette fonctionnalit\u00e9 permet au pupitre d&rsquo;\u00eatre un affichage vraiment utile pour changer de communication, sans avoir \u00e0 en acheter un autre.<\/p>\n<p>Le montant en aluminium anodis\u00e9 assure un support stable et durable, tandis que la structure autoportante offre une pr\u00e9sentation s\u00fbre et professionnelle dans n&rsquo;importe quel environnement.<\/p>\n<p>Pr\u00e9sentoir autoportant avec base carr\u00e9e en m\u00e9tal thermolaqu\u00e9, le pr\u00e9sentoir est con\u00e7u pour garantir une stabilit\u00e9 maximale. La feuille de protection en PVC transparent prot\u00e8ge le contenu de la poussi\u00e8re et des dommages ext\u00e9rieurs.<\/p>\n<p>Pour usage interne.<\/p>\n<p><strong>CARACT\u00c9RISTIQUES:<\/strong><br \/>\nSupport au sol.<\/p>\n<p>Cadre r\u00e9glable verticalement et horizontalement.<\/p>\n<p>Coins pointus.<\/p>\n<p>Profil du cadre : cadre de 25 mm.<\/p>\n<p>Pupitre disponible pour les impressions A3 et A4 (\u00e0 choisir lors de la commande).<\/p>\n<p>Couleur du pupitre : argent<\/p>\n<table style=\"width: 100%; border-collapse: collapse; border-color: #000000; height: 74px;\" border=\"1\">\n<tbody>\n<tr style=\"height: 24px;\">\n<td style=\"width: 20%; text-align: center; height: 24px;\"><strong>CODE<\/strong><\/td>\n<td style=\"width: 20%; text-align: center; height: 24px;\"><strong>DIMENSIONS ARRI\u00c8RE<\/strong><\/td>\n<td style=\"width: 20%; text-align: center; height: 24px;\"><strong>ZONE VISIBLE<\/strong><\/td>\n<td style=\"width: 20%; text-align: center; height: 24px;\"><strong>DIMENSIONS DE LA STRUCTURE<\/strong><\/td>\n<td style=\"width: 20%; text-align: center; height: 24px;\"><strong>POIDS<\/strong><\/td>\n<\/tr>\n<tr style=\"height: 25px;\">\n<td style=\"width: 20%; height: 25px;\"><strong><span style=\"vertical-align: inherit;\">STR-CRLG21<\/span><\/strong><\/td>\n<td style=\"width: 20%; text-align: center; height: 25px;\"><span style=\"vertical-align: inherit;\">A4<\/span><\/td>\n<td style=\"width: 20%; text-align: center; height: 25px;\"><span style=\"vertical-align: inherit;\">Dimensioni: 190&#215;277 mm.<\/span><\/td>\n<td style=\"width: 20%; text-align: center; height: 25px;\"><span style=\"vertical-align: inherit;\">L 330 x A 1080 x P 330 mm.<\/span><\/td>\n<td style=\"width: 20%; text-align: center; height: 25px;\"><span style=\"vertical-align: inherit;\">2,77 Kg<\/span><\/td>\n<\/tr>\n<tr style=\"height: 25px;\">\n<td style=\"width: 20%; height: 25px;\"><strong><span style=\"vertical-align: inherit;\">STR-CRLG22<\/span><\/strong><\/td>\n<td style=\"width: 20%; text-align: center; height: 25px;\"><span style=\"vertical-align: inherit;\">A3<\/span><\/td>\n<td style=\"width: 20%; text-align: center; height: 25px;\"><span style=\"vertical-align: inherit;\">Dimensioni: 277&#215;400 mm.<\/span><\/td>\n<td style=\"width: 20%; text-align: center; height: 25px;\"><span style=\"vertical-align: inherit;\">L 330 x A 1100 x P 391 mm.<\/span><\/td>\n<td style=\"width: 20%; text-align: center; height: 25px;\"><span style=\"vertical-align: inherit;\">5,49 Kg<\/span><\/td>\n<\/tr>\n<\/tbody>\n<\/table>\n","protected":false},"excerpt":{"rendered":"<p>Pupitre publicitaire avec cadre \u00e0 pression, orientation r\u00e9glable et angles vifs. Disponible pour les impressions A3 et A4.<\/p>\n","protected":false},"featured_media":89854,"comment_status":"open","ping_status":"closed","template":"","meta":{"_acf_changed":false},"pwb-brand":[],"product_brand":[],"product_cat":[3024,2913],"product_tag":[],"class_list":{"0":"post-89900","1":"product","2":"type-product","3":"status-publish","4":"has-post-thumbnail","6":"product_cat-pupitres-et-tables","7":"product_cat-structures-autoportantes-et-soutient","8":"pa_c2c_angolo-vif","9":"pa_c2c_base-base-carree","10":"pa_c2c_color-argent","11":"pa_c2c_dimensione-a3-fr","12":"pa_c2c_dimensione-a4-fr","13":"pa_c2c_mono_bifacciale-simple-face","14":"pa_c2c_orientamento-horizontal","15":"pa_c2c_orientamento-verticale","16":"pa_c2c_trovraprezzi-oui","18":"first","19":"outofstock","20":"taxable","21":"shipping-taxable","22":"purchasable","23":"product-type-variable"},"acf":[],"yoast_head":"<!-- This site is optimized with the Yoast SEO plugin v27.0 - https:\/\/yoast.com\/product\/yoast-seo-wordpress\/ -->\n<title>Pupitre avec cadre r\u00e9glable A3 et A4 - Smarty Store<\/title>\n<meta name=\"description\" content=\"Pr\u00e9sentoir publicitaire au sol avec cadre \u00e0 pression r\u00e9glable pour imprim\u00e9s A3 ou A4 avec angles vifs et base carr\u00e9e.\" \/>\n<meta name=\"robots\" content=\"index, follow, max-snippet:-1, max-image-preview:large, max-video-preview:-1\" \/>\n<link rel=\"canonical\" href=\"https:\/\/www.smartystore.it\/fr\/prodotto\/pupitre-avec-cadre-reglable-a3-et-a4\/\" \/>\n<meta property=\"og:locale\" content=\"fr_FR\" \/>\n<meta property=\"og:type\" content=\"article\" \/>\n<meta property=\"og:title\" content=\"Pupitre avec cadre r\u00e9glable A3 et A4 - Smarty Store\" \/>\n<meta property=\"og:description\" content=\"Pr\u00e9sentoir publicitaire au sol avec cadre \u00e0 pression r\u00e9glable pour imprim\u00e9s A3 ou A4 avec angles vifs et base carr\u00e9e.\" \/>\n<meta property=\"og:url\" content=\"https:\/\/www.smartystore.it\/fr\/prodotto\/pupitre-avec-cadre-reglable-a3-et-a4\/\" \/>\n<meta property=\"og:site_name\" content=\"Smarty Store\" \/>\n<meta property=\"og:image\" content=\"https:\/\/www.smartystore.it\/v25\/wp-content\/uploads\/2024\/11\/Leggio-con-cornice-A3-e-A4-orientabile-con-angoli-vivi-e-base-quadrata_STR-CRLG21-22.jpg\" \/>\n\t<meta property=\"og:image:width\" content=\"1024\" \/>\n\t<meta property=\"og:image:height\" content=\"1024\" \/>\n\t<meta property=\"og:image:type\" content=\"image\/jpeg\" \/>\n<meta name=\"twitter:card\" content=\"summary_large_image\" \/>\n<meta name=\"twitter:label1\" content=\"Dur\u00e9e de lecture estim\u00e9e\" \/>\n\t<meta name=\"twitter:data1\" content=\"1 minute\" \/>\n<script type=\"application\/ld+json\" class=\"yoast-schema-graph\">{\"@context\":\"https:\/\/schema.org\",\"@graph\":[{\"@type\":\"WebPage\",\"@id\":\"https:\/\/www.smartystore.it\/fr\/prodotto\/pupitre-avec-cadre-reglable-a3-et-a4\/\",\"url\":\"https:\/\/www.smartystore.it\/fr\/prodotto\/pupitre-avec-cadre-reglable-a3-et-a4\/\",\"name\":\"Pupitre avec cadre r\u00e9glable A3 et A4 - Smarty Store\",\"isPartOf\":{\"@id\":\"https:\/\/www.smartystore.it\/fr\/#website\"},\"primaryImageOfPage\":{\"@id\":\"https:\/\/www.smartystore.it\/fr\/prodotto\/pupitre-avec-cadre-reglable-a3-et-a4\/#primaryimage\"},\"image\":{\"@id\":\"https:\/\/www.smartystore.it\/fr\/prodotto\/pupitre-avec-cadre-reglable-a3-et-a4\/#primaryimage\"},\"thumbnailUrl\":\"https:\/\/www.smartystore.it\/v25\/wp-content\/uploads\/2024\/11\/Leggio-con-cornice-A3-e-A4-orientabile-con-angoli-vivi-e-base-quadrata_STR-CRLG21-22.jpg\",\"datePublished\":\"2024-11-28T12:00:36+00:00\",\"description\":\"Pr\u00e9sentoir publicitaire au sol avec cadre \u00e0 pression r\u00e9glable pour imprim\u00e9s A3 ou A4 avec angles vifs et base carr\u00e9e.\",\"breadcrumb\":{\"@id\":\"https:\/\/www.smartystore.it\/fr\/prodotto\/pupitre-avec-cadre-reglable-a3-et-a4\/#breadcrumb\"},\"inLanguage\":\"fr-FR\",\"potentialAction\":[{\"@type\":\"ReadAction\",\"target\":[\"https:\/\/www.smartystore.it\/fr\/prodotto\/pupitre-avec-cadre-reglable-a3-et-a4\/\"]}]},{\"@type\":\"ImageObject\",\"inLanguage\":\"fr-FR\",\"@id\":\"https:\/\/www.smartystore.it\/fr\/prodotto\/pupitre-avec-cadre-reglable-a3-et-a4\/#primaryimage\",\"url\":\"https:\/\/www.smartystore.it\/v25\/wp-content\/uploads\/2024\/11\/Leggio-con-cornice-A3-e-A4-orientabile-con-angoli-vivi-e-base-quadrata_STR-CRLG21-22.jpg\",\"contentUrl\":\"https:\/\/www.smartystore.it\/v25\/wp-content\/uploads\/2024\/11\/Leggio-con-cornice-A3-e-A4-orientabile-con-angoli-vivi-e-base-quadrata_STR-CRLG21-22.jpg\",\"width\":1024,\"height\":1024,\"caption\":\"Pupitre avec cadre r\u00e9glable A3 et A4 avec angles vifs et base carr\u00e9e\"},{\"@type\":\"BreadcrumbList\",\"@id\":\"https:\/\/www.smartystore.it\/fr\/prodotto\/pupitre-avec-cadre-reglable-a3-et-a4\/#breadcrumb\",\"itemListElement\":[{\"@type\":\"ListItem\",\"position\":1,\"name\":\"Home\",\"item\":\"https:\/\/www.smartystore.it\/fr\/\"},{\"@type\":\"ListItem\",\"position\":2,\"name\":\"Boutique\",\"item\":\"https:\/\/www.smartystore.it\/fr\/boutique\/\"},{\"@type\":\"ListItem\",\"position\":3,\"name\":\"Pupitre avec cadre r\u00e9glable A3 et A4\"}]},{\"@type\":\"WebSite\",\"@id\":\"https:\/\/www.smartystore.it\/fr\/#website\",\"url\":\"https:\/\/www.smartystore.it\/fr\/\",\"name\":\"Smarty Store\",\"description\":\"Espositori Pubblicitari e Sistemi di Comunicazione Visiva\",\"potentialAction\":[{\"@type\":\"SearchAction\",\"target\":{\"@type\":\"EntryPoint\",\"urlTemplate\":\"https:\/\/www.smartystore.it\/fr\/?s={search_term_string}\"},\"query-input\":{\"@type\":\"PropertyValueSpecification\",\"valueRequired\":true,\"valueName\":\"search_term_string\"}}],\"inLanguage\":\"fr-FR\"}]}<\/script>\n<!-- \/ Yoast SEO plugin. -->","yoast_head_json":{"title":"Pupitre avec cadre r\u00e9glable A3 et A4 - Smarty Store","description":"Pr\u00e9sentoir publicitaire au sol avec cadre \u00e0 pression r\u00e9glable pour imprim\u00e9s A3 ou A4 avec angles vifs et base carr\u00e9e.","robots":{"index":"index","follow":"follow","max-snippet":"max-snippet:-1","max-image-preview":"max-image-preview:large","max-video-preview":"max-video-preview:-1"},"canonical":"https:\/\/www.smartystore.it\/fr\/prodotto\/pupitre-avec-cadre-reglable-a3-et-a4\/","og_locale":"fr_FR","og_type":"article","og_title":"Pupitre avec cadre r\u00e9glable A3 et A4 - Smarty Store","og_description":"Pr\u00e9sentoir publicitaire au sol avec cadre \u00e0 pression r\u00e9glable pour imprim\u00e9s A3 ou A4 avec angles vifs et base carr\u00e9e.","og_url":"https:\/\/www.smartystore.it\/fr\/prodotto\/pupitre-avec-cadre-reglable-a3-et-a4\/","og_site_name":"Smarty Store","og_image":[{"width":1024,"height":1024,"url":"https:\/\/www.smartystore.it\/v25\/wp-content\/uploads\/2024\/11\/Leggio-con-cornice-A3-e-A4-orientabile-con-angoli-vivi-e-base-quadrata_STR-CRLG21-22.jpg","type":"image\/jpeg"}],"twitter_card":"summary_large_image","twitter_misc":{"Dur\u00e9e de lecture estim\u00e9e":"1 minute"},"schema":{"@context":"https:\/\/schema.org","@graph":[{"@type":"WebPage","@id":"https:\/\/www.smartystore.it\/fr\/prodotto\/pupitre-avec-cadre-reglable-a3-et-a4\/","url":"https:\/\/www.smartystore.it\/fr\/prodotto\/pupitre-avec-cadre-reglable-a3-et-a4\/","name":"Pupitre avec cadre r\u00e9glable A3 et A4 - Smarty Store","isPartOf":{"@id":"https:\/\/www.smartystore.it\/fr\/#website"},"primaryImageOfPage":{"@id":"https:\/\/www.smartystore.it\/fr\/prodotto\/pupitre-avec-cadre-reglable-a3-et-a4\/#primaryimage"},"image":{"@id":"https:\/\/www.smartystore.it\/fr\/prodotto\/pupitre-avec-cadre-reglable-a3-et-a4\/#primaryimage"},"thumbnailUrl":"https:\/\/www.smartystore.it\/v25\/wp-content\/uploads\/2024\/11\/Leggio-con-cornice-A3-e-A4-orientabile-con-angoli-vivi-e-base-quadrata_STR-CRLG21-22.jpg","datePublished":"2024-11-28T12:00:36+00:00","description":"Pr\u00e9sentoir publicitaire au sol avec cadre \u00e0 pression r\u00e9glable pour imprim\u00e9s A3 ou A4 avec angles vifs et base carr\u00e9e.","breadcrumb":{"@id":"https:\/\/www.smartystore.it\/fr\/prodotto\/pupitre-avec-cadre-reglable-a3-et-a4\/#breadcrumb"},"inLanguage":"fr-FR","potentialAction":[{"@type":"ReadAction","target":["https:\/\/www.smartystore.it\/fr\/prodotto\/pupitre-avec-cadre-reglable-a3-et-a4\/"]}]},{"@type":"ImageObject","inLanguage":"fr-FR","@id":"https:\/\/www.smartystore.it\/fr\/prodotto\/pupitre-avec-cadre-reglable-a3-et-a4\/#primaryimage","url":"https:\/\/www.smartystore.it\/v25\/wp-content\/uploads\/2024\/11\/Leggio-con-cornice-A3-e-A4-orientabile-con-angoli-vivi-e-base-quadrata_STR-CRLG21-22.jpg","contentUrl":"https:\/\/www.smartystore.it\/v25\/wp-content\/uploads\/2024\/11\/Leggio-con-cornice-A3-e-A4-orientabile-con-angoli-vivi-e-base-quadrata_STR-CRLG21-22.jpg","width":1024,"height":1024,"caption":"Pupitre avec cadre r\u00e9glable A3 et A4 avec angles vifs et base carr\u00e9e"},{"@type":"BreadcrumbList","@id":"https:\/\/www.smartystore.it\/fr\/prodotto\/pupitre-avec-cadre-reglable-a3-et-a4\/#breadcrumb","itemListElement":[{"@type":"ListItem","position":1,"name":"Home","item":"https:\/\/www.smartystore.it\/fr\/"},{"@type":"ListItem","position":2,"name":"Boutique","item":"https:\/\/www.smartystore.it\/fr\/boutique\/"},{"@type":"ListItem","position":3,"name":"Pupitre avec cadre r\u00e9glable A3 et A4"}]},{"@type":"WebSite","@id":"https:\/\/www.smartystore.it\/fr\/#website","url":"https:\/\/www.smartystore.it\/fr\/","name":"Smarty Store","description":"Espositori Pubblicitari e Sistemi di Comunicazione Visiva","potentialAction":[{"@type":"SearchAction","target":{"@type":"EntryPoint","urlTemplate":"https:\/\/www.smartystore.it\/fr\/?s={search_term_string}"},"query-input":{"@type":"PropertyValueSpecification","valueRequired":true,"valueName":"search_term_string"}}],"inLanguage":"fr-FR"}]}},"brands":[],"_links":{"self":[{"href":"https:\/\/www.smartystore.it\/fr\/wp-json\/wp\/v2\/product\/89900","targetHints":{"allow":["GET"]}}],"collection":[{"href":"https:\/\/www.smartystore.it\/fr\/wp-json\/wp\/v2\/product"}],"about":[{"href":"https:\/\/www.smartystore.it\/fr\/wp-json\/wp\/v2\/types\/product"}],"replies":[{"embeddable":true,"href":"https:\/\/www.smartystore.it\/fr\/wp-json\/wp\/v2\/comments?post=89900"}],"wp:featuredmedia":[{"embeddable":true,"href":"https:\/\/www.smartystore.it\/fr\/wp-json\/wp\/v2\/media\/89854"}],"wp:attachment":[{"href":"https:\/\/www.smartystore.it\/fr\/wp-json\/wp\/v2\/media?parent=89900"}],"wp:term":[{"taxonomy":"pwb-brand","embeddable":true,"href":"https:\/\/www.smartystore.it\/fr\/wp-json\/wp\/v2\/pwb-brand?post=89900"},{"taxonomy":"product_brand","embeddable":true,"href":"https:\/\/www.smartystore.it\/fr\/wp-json\/wp\/v2\/product_brand?post=89900"},{"taxonomy":"product_cat","embeddable":true,"href":"https:\/\/www.smartystore.it\/fr\/wp-json\/wp\/v2\/product_cat?post=89900"},{"taxonomy":"product_tag","embeddable":true,"href":"https:\/\/www.smartystore.it\/fr\/wp-json\/wp\/v2\/product_tag?post=89900"}],"curies":[{"name":"wp","href":"https:\/\/api.w.org\/{rel}","templated":true}]}}