{"id":89408,"date":"2024-09-16T15:39:11","date_gmt":"2024-09-16T13:39:11","guid":{"rendered":"https:\/\/www.smartystore.it\/prodotto\/presentoir-publicitaire-autoportant-avec-cadre-clipsable-lumineux-led-double-face-70x100\/"},"modified":"2024-09-16T15:39:11","modified_gmt":"2024-09-16T13:39:11","slug":"presentoir-publicitaire-autoportant-avec-cadre-clipsable-lumineux-led-double-face-70x100","status":"publish","type":"product","link":"https:\/\/www.smartystore.it\/fr\/prodotto\/presentoir-publicitaire-autoportant-avec-cadre-clipsable-lumineux-led-double-face-70x100\/","title":{"rendered":"Pr\u00e9sentoir publicitaire autoportant avec cadre clipsable lumineux LED double face 70&#215;100"},"content":{"rendered":"<h2>Pr\u00e9sentoir publicitaire autoportant avec cadre clipsable lumineux LED double face 70&#215;100<\/h2>\n<p>Le pr\u00e9sentoir lumineux LED double face 70&#215;100 \u00e0 cadre clipsable est une structure sur pied qui fait partie de la gamme QUADRA SERIES. Enti\u00e8rement r\u00e9alis\u00e9 en aluminium, il est compos\u00e9 d&rsquo;un cadre \u00e0 pression double face pour imprim\u00e9s 70&#215;100 avec r\u00e9tro\u00e9clairage LED, d&rsquo;un double montant de section carr\u00e9e (d&rsquo;o\u00f9 d\u00e9rive le nom de la s\u00e9rie) et d&rsquo;une base au choix entre celle \u00e0 roulettes, celui avec pieds fixes, l\u00e9ger et double base carr\u00e9e en m\u00e9tal thermolaqu\u00e9 argent.<\/p>\n<p>Le pr\u00e9sentoir publicitaire est exp\u00e9di\u00e9 pr\u00e9-assembl\u00e9. Le seul \u00e9l\u00e9ment \u00e0 assembler est le socle.<\/p>\n<p>Le cadre \u00e0 pression autoportant a une structure robuste et l&rsquo;\u00e9clairage LED met tout type de message publicitaire sous le bon \u00e9clairage.<\/p>\n<p>Nous vous recommandons d&rsquo;imprimer sur r\u00e9tro\u00e9clairage pour mettre en \u00e9vidence le message affich\u00e9.<\/p>\n<p>Le cadre a un profil de 30 mm avec des angles vifs en aluminium anodis\u00e9 argent. Base en m\u00e9thacrylate opale avec grille interne pour une diffusion uniforme de la lumi\u00e8re LED neutre 6500K. L&rsquo;\u00e9cran est \u00e9quip\u00e9 d&rsquo;un bloc d&rsquo;alimentation et d&rsquo;un c\u00e2ble d&rsquo;alimentation de 185 cm.<\/p>\n<p>Pour usage interne uniquement.<\/p>\n<p><strong>CARACT\u00c9RISTIQUES:<\/strong><br \/>\nCadre double face : cadre 30 (largeur du profil : 30 mm.).<\/p>\n<p>Type de cadre : coins vifs.<\/p>\n<p>Cadre lumineux LED<\/p>\n<p>Cadre clipsable en aluminium argent\u00e9 avec protection PVC antireflet.<\/p>\n<p>Montants en aluminium anodis\u00e9 de section carr\u00e9e : H 185 &#8211; L 3 cm.<\/p>\n<p>Choix du socle :<\/p>\n<p>Base roulante avec roues freinantes\u00a0;<br \/>\nBase avec pieds fixes ;<br \/>\nLumi\u00e8re de base\u00a0;<br \/>\nDouble socle carr\u00e9 325&#215;325 mm. avec une \u00e9paisseur de seulement 6 mm. (antid\u00e9rapant ultra plat).<br \/>\nFormat imprim\u00e9 : 70&#215;100.<\/p>\n<p>Surface visible : 68 x 98 cm<\/p>\n<p>Dimensions du cadre : 73,5 x 103 cm.<\/p>\n<p>Lumi\u00e8re\u00a0: 6\u00a0500\u00a0K (neutre)<\/p>\n<p>Alimentation et c\u00e2ble d&rsquo;alimentation de 185 cm. compris.<\/p>\n<p>Alimentation : 36W<\/p>\n<table style=\"width: 100%; border-collapse: collapse; border-color: #000000;\" border=\"1\">\n<tbody>\n<tr>\n<td style=\"width: 20%; text-align: center;\"><strong>CODE<\/strong><\/td>\n<td style=\"width: 20%; text-align: center;\"><strong>BASIQUE<\/strong><\/td>\n<td style=\"width: 20%; text-align: center;\"><strong>ALIMENTATION<\/strong><\/td>\n<td style=\"width: 20%; text-align: center;\"><strong>DIMENSIONS DE LA STRUCTURE<\/strong><\/td>\n<td style=\"width: 20%; text-align: center;\"><strong>POIDS<\/strong><\/td>\n<\/tr>\n<tr>\n<td style=\"width: 20%;\"><strong>SST-PMALED70100B_RF<\/strong><\/td>\n<td style=\"width: 20%; text-align: center;\">Roues de freinage<\/td>\n<td style=\"width: 20%; text-align: center;\">36W<\/td>\n<td style=\"width: 20%; text-align: center;\">L 810 x H 1915 x P 380 mm.<\/td>\n<td style=\"width: 20%; text-align: center;\">13,10 Kg<\/td>\n<\/tr>\n<tr>\n<td style=\"width: 20%;\"><strong>SST-PMALED70100B_PF<\/strong><\/td>\n<td style=\"width: 20%; text-align: center;\">Pieds fixes<\/td>\n<td style=\"width: 20%; text-align: center;\">36W<\/td>\n<td style=\"width: 20%; text-align: center;\">L 810 x H 1912 x P 380 mm.<\/td>\n<td style=\"width: 20%; text-align: center;\">12,40 Kg<\/td>\n<\/tr>\n<tr>\n<td style=\"width: 20%;\"><strong>SST-PMALED70100_BL<\/strong><\/td>\n<td style=\"width: 20%; text-align: center;\">Light<\/td>\n<td style=\"width: 20%; text-align: center;\">36W<\/td>\n<td style=\"width: 20%; text-align: center;\">L 810 x H 1880 x P 500 mm.<\/td>\n<td style=\"width: 20%; text-align: center;\">13,10 Kg<\/td>\n<\/tr>\n<tr>\n<td style=\"width: 20%;\"><strong>SST-PMALED70100_BQ<\/strong><\/td>\n<td style=\"width: 20%; text-align: center;\">Socle double carr\u00e9<\/td>\n<td style=\"width: 20%; text-align: center;\">36W<\/td>\n<td style=\"width: 20%; text-align: center;\">L 1135 x H 1856 x P 325 mm.<\/td>\n<td style=\"width: 20%; text-align: center;\">21,80 Kg<\/td>\n<\/tr>\n<\/tbody>\n<\/table>\n","protected":false},"excerpt":{"rendered":"<p>Structure autoportante double face avec cadre \u00e0 pression avec \u00e9clairage LED. Possibilit\u00e9 de choisir le type de base entre celles \u00e0 pieds fixes, avec roues freinantes, base light et double base carr\u00e9e.<\/p>\n","protected":false},"featured_media":89316,"comment_status":"open","ping_status":"closed","template":"","meta":{"_acf_changed":false},"pwb-brand":[],"product_brand":[],"product_cat":[2915,3026,2912,3006,2914,2913],"product_tag":[],"class_list":{"0":"post-89408","1":"product","2":"type-product","3":"status-publish","4":"has-post-thumbnail","6":"product_cat-ecrans-avec-cadres-instantanes","7":"product_cat-afficheurs-porte-messages","8":"product_cat-cadres-instantanes","9":"product_cat-cadres-lumineux","10":"product_cat-quadra-series-fr","11":"product_cat-structures-autoportantes-et-soutient","12":"pa_c2c_base-light-base-fr","13":"pa_c2c_base-pieds-a-roulettes","14":"pa_c2c_base-pieds-fixes","15":"pa_c2c_base-socle-double-carre","16":"pa_c2c_color-argent","17":"pa_c2c_dimensione-70x100","18":"pa_c2c_illuminazione-avec-eclairage","19":"pa_c2c_mono_bifacciale-double-face","20":"pa_c2c_trovraprezzi-oui","22":"first","23":"instock","24":"taxable","25":"shipping-taxable","26":"purchasable","27":"product-type-variable"},"acf":[],"yoast_head":"<!-- This site is optimized with the Yoast SEO plugin v27.4 - https:\/\/yoast.com\/product\/yoast-seo-wordpress\/ -->\n<title>Pr\u00e9sentoir publicitaire autoportant avec cadre clipsable lumineux LED double face 70x100 - Smarty Store<\/title>\n<meta name=\"description\" content=\"Pr\u00e9sentoir publicitaire autoportant avec cadre clipsable lumineux LED double face 70x100. Possibilit\u00e9 de choisir la base entre pieds fixes, avec roulettes, light et double base carr\u00e9e.\" \/>\n<meta name=\"robots\" content=\"index, follow, max-snippet:-1, max-image-preview:large, max-video-preview:-1\" \/>\n<link rel=\"canonical\" href=\"https:\/\/www.smartystore.it\/fr\/prodotto\/presentoir-publicitaire-autoportant-avec-cadre-clipsable-lumineux-led-double-face-70x100\/\" \/>\n<meta property=\"og:locale\" content=\"fr_FR\" \/>\n<meta property=\"og:type\" content=\"article\" \/>\n<meta property=\"og:title\" content=\"Pr\u00e9sentoir publicitaire autoportant avec cadre clipsable lumineux LED double face 70x100 - Smarty Store\" \/>\n<meta property=\"og:description\" content=\"Pr\u00e9sentoir publicitaire autoportant avec cadre clipsable lumineux LED double face 70x100. Possibilit\u00e9 de choisir la base entre pieds fixes, avec roulettes, light et double base carr\u00e9e.\" \/>\n<meta property=\"og:url\" content=\"https:\/\/www.smartystore.it\/fr\/prodotto\/presentoir-publicitaire-autoportant-avec-cadre-clipsable-lumineux-led-double-face-70x100\/\" \/>\n<meta property=\"og:site_name\" content=\"Smarty Store\" \/>\n<meta property=\"og:image\" content=\"https:\/\/www.smartystore.it\/v25\/wp-content\/uploads\/2024\/09\/Espositore-con-cornice-a-scatto-70x100-bifacciale-luminosa.jpg\" \/>\n\t<meta property=\"og:image:width\" content=\"1000\" \/>\n\t<meta property=\"og:image:height\" content=\"1000\" \/>\n\t<meta property=\"og:image:type\" content=\"image\/jpeg\" \/>\n<meta name=\"twitter:card\" content=\"summary_large_image\" \/>\n<meta name=\"twitter:label1\" content=\"Dur\u00e9e de lecture estim\u00e9e\" \/>\n\t<meta name=\"twitter:data1\" content=\"2 minutes\" \/>\n<script type=\"application\/ld+json\" class=\"yoast-schema-graph\">{\"@context\":\"https:\\\/\\\/schema.org\",\"@graph\":[{\"@type\":\"WebPage\",\"@id\":\"https:\\\/\\\/www.smartystore.it\\\/fr\\\/prodotto\\\/presentoir-publicitaire-autoportant-avec-cadre-clipsable-lumineux-led-double-face-70x100\\\/\",\"url\":\"https:\\\/\\\/www.smartystore.it\\\/fr\\\/prodotto\\\/presentoir-publicitaire-autoportant-avec-cadre-clipsable-lumineux-led-double-face-70x100\\\/\",\"name\":\"Pr\u00e9sentoir publicitaire autoportant avec cadre clipsable lumineux LED double face 70x100 - Smarty Store\",\"isPartOf\":{\"@id\":\"https:\\\/\\\/www.smartystore.it\\\/fr\\\/#website\"},\"primaryImageOfPage\":{\"@id\":\"https:\\\/\\\/www.smartystore.it\\\/fr\\\/prodotto\\\/presentoir-publicitaire-autoportant-avec-cadre-clipsable-lumineux-led-double-face-70x100\\\/#primaryimage\"},\"image\":{\"@id\":\"https:\\\/\\\/www.smartystore.it\\\/fr\\\/prodotto\\\/presentoir-publicitaire-autoportant-avec-cadre-clipsable-lumineux-led-double-face-70x100\\\/#primaryimage\"},\"thumbnailUrl\":\"https:\\\/\\\/www.smartystore.it\\\/v25\\\/wp-content\\\/uploads\\\/2024\\\/09\\\/Espositore-con-cornice-a-scatto-70x100-bifacciale-luminosa.jpg\",\"datePublished\":\"2024-09-16T13:39:11+00:00\",\"description\":\"Pr\u00e9sentoir publicitaire autoportant avec cadre clipsable lumineux LED double face 70x100. Possibilit\u00e9 de choisir la base entre pieds fixes, avec roulettes, light et double base carr\u00e9e.\",\"breadcrumb\":{\"@id\":\"https:\\\/\\\/www.smartystore.it\\\/fr\\\/prodotto\\\/presentoir-publicitaire-autoportant-avec-cadre-clipsable-lumineux-led-double-face-70x100\\\/#breadcrumb\"},\"inLanguage\":\"fr-FR\",\"potentialAction\":[{\"@type\":\"ReadAction\",\"target\":[\"https:\\\/\\\/www.smartystore.it\\\/fr\\\/prodotto\\\/presentoir-publicitaire-autoportant-avec-cadre-clipsable-lumineux-led-double-face-70x100\\\/\"]}]},{\"@type\":\"ImageObject\",\"inLanguage\":\"fr-FR\",\"@id\":\"https:\\\/\\\/www.smartystore.it\\\/fr\\\/prodotto\\\/presentoir-publicitaire-autoportant-avec-cadre-clipsable-lumineux-led-double-face-70x100\\\/#primaryimage\",\"url\":\"https:\\\/\\\/www.smartystore.it\\\/v25\\\/wp-content\\\/uploads\\\/2024\\\/09\\\/Espositore-con-cornice-a-scatto-70x100-bifacciale-luminosa.jpg\",\"contentUrl\":\"https:\\\/\\\/www.smartystore.it\\\/v25\\\/wp-content\\\/uploads\\\/2024\\\/09\\\/Espositore-con-cornice-a-scatto-70x100-bifacciale-luminosa.jpg\",\"width\":1000,\"height\":1000,\"caption\":\"Pr\u00e9sentoir publicitaire autoportant avec cadre clipsable lumineux LED double face 70x100\"},{\"@type\":\"BreadcrumbList\",\"@id\":\"https:\\\/\\\/www.smartystore.it\\\/fr\\\/prodotto\\\/presentoir-publicitaire-autoportant-avec-cadre-clipsable-lumineux-led-double-face-70x100\\\/#breadcrumb\",\"itemListElement\":[{\"@type\":\"ListItem\",\"position\":1,\"name\":\"Home\",\"item\":\"https:\\\/\\\/www.smartystore.it\\\/fr\\\/\"},{\"@type\":\"ListItem\",\"position\":2,\"name\":\"Boutique\",\"item\":\"https:\\\/\\\/www.smartystore.it\\\/fr\\\/boutique\\\/\"},{\"@type\":\"ListItem\",\"position\":3,\"name\":\"Pr\u00e9sentoir publicitaire autoportant avec cadre clipsable lumineux LED double face 70&#215;100\"}]},{\"@type\":\"WebSite\",\"@id\":\"https:\\\/\\\/www.smartystore.it\\\/fr\\\/#website\",\"url\":\"https:\\\/\\\/www.smartystore.it\\\/fr\\\/\",\"name\":\"Smarty Store\",\"description\":\"Espositori Pubblicitari e Sistemi di Comunicazione Visiva\",\"potentialAction\":[{\"@type\":\"SearchAction\",\"target\":{\"@type\":\"EntryPoint\",\"urlTemplate\":\"https:\\\/\\\/www.smartystore.it\\\/fr\\\/?s={search_term_string}\"},\"query-input\":{\"@type\":\"PropertyValueSpecification\",\"valueRequired\":true,\"valueName\":\"search_term_string\"}}],\"inLanguage\":\"fr-FR\"}]}<\/script>\n<!-- \/ Yoast SEO plugin. -->","yoast_head_json":{"title":"Pr\u00e9sentoir publicitaire autoportant avec cadre clipsable lumineux LED double face 70x100 - Smarty Store","description":"Pr\u00e9sentoir publicitaire autoportant avec cadre clipsable lumineux LED double face 70x100. Possibilit\u00e9 de choisir la base entre pieds fixes, avec roulettes, light et double base carr\u00e9e.","robots":{"index":"index","follow":"follow","max-snippet":"max-snippet:-1","max-image-preview":"max-image-preview:large","max-video-preview":"max-video-preview:-1"},"canonical":"https:\/\/www.smartystore.it\/fr\/prodotto\/presentoir-publicitaire-autoportant-avec-cadre-clipsable-lumineux-led-double-face-70x100\/","og_locale":"fr_FR","og_type":"article","og_title":"Pr\u00e9sentoir publicitaire autoportant avec cadre clipsable lumineux LED double face 70x100 - Smarty Store","og_description":"Pr\u00e9sentoir publicitaire autoportant avec cadre clipsable lumineux LED double face 70x100. Possibilit\u00e9 de choisir la base entre pieds fixes, avec roulettes, light et double base carr\u00e9e.","og_url":"https:\/\/www.smartystore.it\/fr\/prodotto\/presentoir-publicitaire-autoportant-avec-cadre-clipsable-lumineux-led-double-face-70x100\/","og_site_name":"Smarty Store","og_image":[{"width":1000,"height":1000,"url":"https:\/\/www.smartystore.it\/v25\/wp-content\/uploads\/2024\/09\/Espositore-con-cornice-a-scatto-70x100-bifacciale-luminosa.jpg","type":"image\/jpeg"}],"twitter_card":"summary_large_image","twitter_misc":{"Dur\u00e9e de lecture estim\u00e9e":"2 minutes"},"schema":{"@context":"https:\/\/schema.org","@graph":[{"@type":"WebPage","@id":"https:\/\/www.smartystore.it\/fr\/prodotto\/presentoir-publicitaire-autoportant-avec-cadre-clipsable-lumineux-led-double-face-70x100\/","url":"https:\/\/www.smartystore.it\/fr\/prodotto\/presentoir-publicitaire-autoportant-avec-cadre-clipsable-lumineux-led-double-face-70x100\/","name":"Pr\u00e9sentoir publicitaire autoportant avec cadre clipsable lumineux LED double face 70x100 - Smarty Store","isPartOf":{"@id":"https:\/\/www.smartystore.it\/fr\/#website"},"primaryImageOfPage":{"@id":"https:\/\/www.smartystore.it\/fr\/prodotto\/presentoir-publicitaire-autoportant-avec-cadre-clipsable-lumineux-led-double-face-70x100\/#primaryimage"},"image":{"@id":"https:\/\/www.smartystore.it\/fr\/prodotto\/presentoir-publicitaire-autoportant-avec-cadre-clipsable-lumineux-led-double-face-70x100\/#primaryimage"},"thumbnailUrl":"https:\/\/www.smartystore.it\/v25\/wp-content\/uploads\/2024\/09\/Espositore-con-cornice-a-scatto-70x100-bifacciale-luminosa.jpg","datePublished":"2024-09-16T13:39:11+00:00","description":"Pr\u00e9sentoir publicitaire autoportant avec cadre clipsable lumineux LED double face 70x100. Possibilit\u00e9 de choisir la base entre pieds fixes, avec roulettes, light et double base carr\u00e9e.","breadcrumb":{"@id":"https:\/\/www.smartystore.it\/fr\/prodotto\/presentoir-publicitaire-autoportant-avec-cadre-clipsable-lumineux-led-double-face-70x100\/#breadcrumb"},"inLanguage":"fr-FR","potentialAction":[{"@type":"ReadAction","target":["https:\/\/www.smartystore.it\/fr\/prodotto\/presentoir-publicitaire-autoportant-avec-cadre-clipsable-lumineux-led-double-face-70x100\/"]}]},{"@type":"ImageObject","inLanguage":"fr-FR","@id":"https:\/\/www.smartystore.it\/fr\/prodotto\/presentoir-publicitaire-autoportant-avec-cadre-clipsable-lumineux-led-double-face-70x100\/#primaryimage","url":"https:\/\/www.smartystore.it\/v25\/wp-content\/uploads\/2024\/09\/Espositore-con-cornice-a-scatto-70x100-bifacciale-luminosa.jpg","contentUrl":"https:\/\/www.smartystore.it\/v25\/wp-content\/uploads\/2024\/09\/Espositore-con-cornice-a-scatto-70x100-bifacciale-luminosa.jpg","width":1000,"height":1000,"caption":"Pr\u00e9sentoir publicitaire autoportant avec cadre clipsable lumineux LED double face 70x100"},{"@type":"BreadcrumbList","@id":"https:\/\/www.smartystore.it\/fr\/prodotto\/presentoir-publicitaire-autoportant-avec-cadre-clipsable-lumineux-led-double-face-70x100\/#breadcrumb","itemListElement":[{"@type":"ListItem","position":1,"name":"Home","item":"https:\/\/www.smartystore.it\/fr\/"},{"@type":"ListItem","position":2,"name":"Boutique","item":"https:\/\/www.smartystore.it\/fr\/boutique\/"},{"@type":"ListItem","position":3,"name":"Pr\u00e9sentoir publicitaire autoportant avec cadre clipsable lumineux LED double face 70&#215;100"}]},{"@type":"WebSite","@id":"https:\/\/www.smartystore.it\/fr\/#website","url":"https:\/\/www.smartystore.it\/fr\/","name":"Smarty Store","description":"Espositori Pubblicitari e Sistemi di Comunicazione Visiva","potentialAction":[{"@type":"SearchAction","target":{"@type":"EntryPoint","urlTemplate":"https:\/\/www.smartystore.it\/fr\/?s={search_term_string}"},"query-input":{"@type":"PropertyValueSpecification","valueRequired":true,"valueName":"search_term_string"}}],"inLanguage":"fr-FR"}]}},"brands":[],"_links":{"self":[{"href":"https:\/\/www.smartystore.it\/fr\/wp-json\/wp\/v2\/product\/89408","targetHints":{"allow":["GET"]}}],"collection":[{"href":"https:\/\/www.smartystore.it\/fr\/wp-json\/wp\/v2\/product"}],"about":[{"href":"https:\/\/www.smartystore.it\/fr\/wp-json\/wp\/v2\/types\/product"}],"replies":[{"embeddable":true,"href":"https:\/\/www.smartystore.it\/fr\/wp-json\/wp\/v2\/comments?post=89408"}],"wp:featuredmedia":[{"embeddable":true,"href":"https:\/\/www.smartystore.it\/fr\/wp-json\/wp\/v2\/media\/89316"}],"wp:attachment":[{"href":"https:\/\/www.smartystore.it\/fr\/wp-json\/wp\/v2\/media?parent=89408"}],"wp:term":[{"taxonomy":"pwb-brand","embeddable":true,"href":"https:\/\/www.smartystore.it\/fr\/wp-json\/wp\/v2\/pwb-brand?post=89408"},{"taxonomy":"product_brand","embeddable":true,"href":"https:\/\/www.smartystore.it\/fr\/wp-json\/wp\/v2\/product_brand?post=89408"},{"taxonomy":"product_cat","embeddable":true,"href":"https:\/\/www.smartystore.it\/fr\/wp-json\/wp\/v2\/product_cat?post=89408"},{"taxonomy":"product_tag","embeddable":true,"href":"https:\/\/www.smartystore.it\/fr\/wp-json\/wp\/v2\/product_tag?post=89408"}],"curies":[{"name":"wp","href":"https:\/\/api.w.org\/{rel}","templated":true}]}}