{"id":89296,"date":"2024-08-30T14:37:32","date_gmt":"2024-08-30T12:37:32","guid":{"rendered":"https:\/\/www.smartystore.it\/prodotto\/totem-lumineux-led-100x250-cm-complet-avec-impression-recto-verso-sur-tissu\/"},"modified":"2025-09-04T16:21:08","modified_gmt":"2025-09-04T14:21:08","slug":"totem-lumineux-led-100x250-cm-complet-avec-impression-recto-verso-sur-tissu","status":"publish","type":"product","link":"https:\/\/www.smartystore.it\/fr\/prodotto\/totem-lumineux-led-100x250-cm-complet-avec-impression-recto-verso-sur-tissu\/","title":{"rendered":"Totem lumineux \u00e0 LED 100&#215;250 cm avec impression recto-verso sur tissu"},"content":{"rendered":"<div class=\"wpb-content-wrapper\"><p>[vc_row][vc_column][vc_column_text css=\u00a0\u00bb\u00a0\u00bb css_params=\u00a0\u00bb\u00a0\u00bb]<\/p>\n<h1>Totem lumineux \u00e0 LED 100&#215;250 cm avec impression recto-verso sur tissu<\/h1>\n<p>Le totem lumineux LED 100&#215;250 cm avec impression recto-verso sur tissu est un v\u00e9ritable stand portable pour les foires, les congr\u00e8s, les \u00e9v\u00e9nements et tous les endroits o\u00f9 vous devez attirer l&rsquo;attention.<\/p>\n<p>Facilement transportable gr\u00e2ce \u00e0 la mallette pratique (fournie dans l&#8217;emballage), le totem lumineux \u00e0 LED se compose d&rsquo;une structure avec des profils plats en aluminium anodis\u00e9 argent\u00e9 et des pieds plats. Les graphiques sont imprim\u00e9s sur du tissu avec une bordure p\u00e9riph\u00e9rique en silicone qui permet une bonne tension de l&rsquo;impression et un remplacement facile.<\/p>\n<h2>Assemblage facile du Totem de lumi\u00e8re LED 100&#215;250 cm avec impression double face sur tissu<\/h2>\n<p>Le totem lumineux \u00e0 LED est tr\u00e8s facile \u00e0 monter, en quelques minutes et sans outils, gr\u00e2ce au syst\u00e8me d&#8217;embo\u00eetement des profil\u00e9s. En un rien de temps, vous montez donc un pr\u00e9sentoir <strong>visuellement frappant<\/strong> avec une ligne \u00e9l\u00e9gante gr\u00e2ce \u00e0 son design plat et \u00e0 ses propres graphiques illumin\u00e9s par des LED p\u00e9rim\u00e9triques.<\/p>\n<p><strong>Un v\u00e9ritable stand professionnel pour pr\u00e9senter votre entreprise au public, am\u00e9nag\u00e9 avec une grande simplicit\u00e9.<\/strong><\/p>\n<p>Impression recto-verso.<\/p>\n<p><strong>CARACT\u00c9RISTIQUES:<\/strong><\/p>\n<ol>\n<li>Totem publicitaire avec \u00e9clairage LED.<\/li>\n<li>Profil\u00e9s plats en aluminium anodis\u00e9 argent.<\/li>\n<li>Montage avec syst\u00e8me d&#8217;embo\u00eetement sans outil.<\/li>\n<li>Pieds plats en aluminium argent\u00e9.<\/li>\n<li>Graphiques imprim\u00e9s sur tissu avec bordure p\u00e9riph\u00e9rique en silicone.<\/li>\n<li>88 LED de p\u00e9rim\u00e8tre avec c\u00e2blage interne.<\/li>\n<li>Consommation \u00e9lectrique : 105,6 watts<\/li>\n<li>Temp\u00e9rature : 6500 Kelvin<\/li>\n<li>Luminosit\u00e9 : 1100 &#8211; 1500 Lumen<\/li>\n<li>Transformateur : 2X75 Watt<\/li>\n<li>Sac de transport inclus.<\/li>\n<li>Impression sur tissu des deux c\u00f4t\u00e9s du totem.<\/li>\n<li>Surface visible (en cm) : L 100 x H 250<\/li>\n<li>Dimensions de la structure (en cm) : L 100 x H 251,5 x P 40<\/li>\n<li>Poids du totem : 8,50 kg<\/li>\n<\/ol>\n<p>\u00c9galement disponible en format 100&#215;200 cm (STR-TQ100x200LED <a href=\"https:\/\/www.smartystore.it\/fr\/prodotto\/totem-lumineux-led-100x200-cm-complet-avec-impression-recto-verso-sur-tissu\/\" target=\"_blank\" rel=\"noopener\">LINK<\/a>)<\/p>\n<p><a href=\"https:\/\/www.smartystore.it\/v25\/wp-content\/uploads\/2024\/08\/STR-TQ100200-TQ100250-TQ300240.pdf\" target=\"_blank\" rel=\"noopener\"><img loading=\"lazy\" decoding=\"async\" class=\"alignnone size-full wp-image-93672\" src=\"https:\/\/www.smartystore.it\/v25\/wp-content\/uploads\/2023\/11\/LogoDownload_yellow.jpg\" alt=\"\" width=\"50\" height=\"50\" \/> <\/a><a href=\"https:\/\/www.smartystore.it\/v25\/wp-content\/uploads\/2024\/08\/STR-TQ100200-TQ100250-TQ300240.pdf\" target=\"_blank\" rel=\"noopener noreferrer\"><strong>SCHEDA TECNICA &#8211; DATA SHEET &#8211; FICHE TECHNIQUE<\/strong><\/a><\/p>\n<p><span style=\"color: #993300;\"><strong>POUR LE FICHIER GRAPHIQUE : cr\u00e9ez le fichier aux dimensions 100&#215;250 cm (\u00e9chelle 1:1) avec les textes convertis en trac\u00e9s, apr\u00e8s avoir sauvegard\u00e9 le fichier en format PDF (r\u00e9solution minimale 200 dpi), envoyez le document \u00e0 l&rsquo;adresse \u00e9lectronique suivante<\/strong><\/span><strong> <a href=\"mailto:grafica@smartystore.it\">grafica@smartystore.it<\/a> <\/strong><span style=\"color: #993300;\"><strong>en mentionnant le num\u00e9ro de commande.<\/strong><\/span>[\/vc_column_text][\/vc_column][\/vc_row]<\/p>\n<\/div>","protected":false},"excerpt":{"rendered":"<p>Stand professionnel \u00e0 fort impact visuel cm 100&#215;250. Impression recto-verso sur tissu r\u00e9tro-\u00e9clair\u00e9 avec bordures en silicone. Sac de transport inclus.<\/p>\n","protected":false},"featured_media":96926,"comment_status":"open","ping_status":"closed","template":"","meta":{"_acf_changed":false},"pwb-brand":[],"product_brand":[],"product_cat":[6100,3103,3679],"product_tag":[4764,4739,4768,4765,4767,4763,4766],"class_list":{"0":"post-89296","1":"product","2":"type-product","3":"status-publish","4":"has-post-thumbnail","6":"product_cat-presentoirs-en-tissu-caisson-lumineux","7":"product_cat-totem-dinterieur","8":"product_cat-totems-publicitaires-et-dinformation","9":"product_tag-cloison-interieure-lumineuse-100x250","10":"product_tag-mur-double-face-avec-impression-retro-eclairee","11":"product_tag-mur-retro-eclaire-100x250","12":"product_tag-panneau-lumineux-led-100x250","13":"product_tag-totem-led-unilateral-100x250","14":"product_tag-totem-lumineux-dinterieur-100x250","15":"product_tag-totem-lumineux-double-face-100x250","16":"pa_c2c_color-argent","17":"pa_c2c_dimensione-cm-100x250-fr","18":"pa_c2c_illuminazione-avec-eclairage","19":"pa_c2c_mono_bifacciale-double-face","20":"pa_c2c_trovraprezzi-oui","22":"first","23":"instock","24":"taxable","25":"shipping-taxable","26":"purchasable","27":"product-type-simple"},"acf":[],"yoast_head":"<!-- This site is optimized with the Yoast SEO plugin v27.4 - https:\/\/yoast.com\/product\/yoast-seo-wordpress\/ -->\n<title>Totem lumineux \u00e0 LED 100x250 cm avec impression recto-verso sur tissu - Smarty Store<\/title>\n<meta name=\"description\" content=\"Totem lumineux \u00e0 LED 100x250 cm avec impression recto-verso sur tissu et sac de transport. Stand professionnel \u00e0 fort impact visuel.\" \/>\n<meta name=\"robots\" content=\"index, follow, max-snippet:-1, max-image-preview:large, max-video-preview:-1\" \/>\n<link rel=\"canonical\" href=\"https:\/\/www.smartystore.it\/fr\/prodotto\/totem-lumineux-led-100x250-cm-complet-avec-impression-recto-verso-sur-tissu\/\" \/>\n<meta property=\"og:locale\" content=\"fr_FR\" \/>\n<meta property=\"og:type\" content=\"article\" \/>\n<meta property=\"og:title\" content=\"Totem lumineux \u00e0 LED 100x250 cm avec impression recto-verso sur tissu - Smarty Store\" \/>\n<meta property=\"og:description\" content=\"Totem lumineux \u00e0 LED 100x250 cm avec impression recto-verso sur tissu et sac de transport. Stand professionnel \u00e0 fort impact visuel.\" \/>\n<meta property=\"og:url\" content=\"https:\/\/www.smartystore.it\/fr\/prodotto\/totem-lumineux-led-100x250-cm-complet-avec-impression-recto-verso-sur-tissu\/\" \/>\n<meta property=\"og:site_name\" content=\"Smarty Store\" \/>\n<meta property=\"article:modified_time\" content=\"2025-09-04T14:21:08+00:00\" \/>\n<meta property=\"og:image\" content=\"https:\/\/www.smartystore.it\/v25\/wp-content\/uploads\/2024\/08\/Totem-luminoso-a-LED-100-x-250-completo-di-stampa-bifacciale-su-tessuto-1.jpg\" \/>\n\t<meta property=\"og:image:width\" content=\"1000\" \/>\n\t<meta property=\"og:image:height\" content=\"1000\" \/>\n\t<meta property=\"og:image:type\" content=\"image\/jpeg\" \/>\n<meta name=\"twitter:card\" content=\"summary_large_image\" \/>\n<meta name=\"twitter:label1\" content=\"Dur\u00e9e de lecture estim\u00e9e\" \/>\n\t<meta name=\"twitter:data1\" content=\"3 minutes\" \/>\n<script type=\"application\/ld+json\" class=\"yoast-schema-graph\">{\"@context\":\"https:\\\/\\\/schema.org\",\"@graph\":[{\"@type\":\"WebPage\",\"@id\":\"https:\\\/\\\/www.smartystore.it\\\/fr\\\/prodotto\\\/totem-lumineux-led-100x250-cm-complet-avec-impression-recto-verso-sur-tissu\\\/\",\"url\":\"https:\\\/\\\/www.smartystore.it\\\/fr\\\/prodotto\\\/totem-lumineux-led-100x250-cm-complet-avec-impression-recto-verso-sur-tissu\\\/\",\"name\":\"Totem lumineux \u00e0 LED 100x250 cm avec impression recto-verso sur tissu - Smarty Store\",\"isPartOf\":{\"@id\":\"https:\\\/\\\/www.smartystore.it\\\/fr\\\/#website\"},\"primaryImageOfPage\":{\"@id\":\"https:\\\/\\\/www.smartystore.it\\\/fr\\\/prodotto\\\/totem-lumineux-led-100x250-cm-complet-avec-impression-recto-verso-sur-tissu\\\/#primaryimage\"},\"image\":{\"@id\":\"https:\\\/\\\/www.smartystore.it\\\/fr\\\/prodotto\\\/totem-lumineux-led-100x250-cm-complet-avec-impression-recto-verso-sur-tissu\\\/#primaryimage\"},\"thumbnailUrl\":\"https:\\\/\\\/www.smartystore.it\\\/v25\\\/wp-content\\\/uploads\\\/2024\\\/08\\\/Totem-luminoso-a-LED-100-x-250-completo-di-stampa-bifacciale-su-tessuto-1.jpg\",\"datePublished\":\"2024-08-30T12:37:32+00:00\",\"dateModified\":\"2025-09-04T14:21:08+00:00\",\"description\":\"Totem lumineux \u00e0 LED 100x250 cm avec impression recto-verso sur tissu et sac de transport. Stand professionnel \u00e0 fort impact visuel.\",\"breadcrumb\":{\"@id\":\"https:\\\/\\\/www.smartystore.it\\\/fr\\\/prodotto\\\/totem-lumineux-led-100x250-cm-complet-avec-impression-recto-verso-sur-tissu\\\/#breadcrumb\"},\"inLanguage\":\"fr-FR\",\"potentialAction\":[{\"@type\":\"ReadAction\",\"target\":[\"https:\\\/\\\/www.smartystore.it\\\/fr\\\/prodotto\\\/totem-lumineux-led-100x250-cm-complet-avec-impression-recto-verso-sur-tissu\\\/\"]}]},{\"@type\":\"ImageObject\",\"inLanguage\":\"fr-FR\",\"@id\":\"https:\\\/\\\/www.smartystore.it\\\/fr\\\/prodotto\\\/totem-lumineux-led-100x250-cm-complet-avec-impression-recto-verso-sur-tissu\\\/#primaryimage\",\"url\":\"https:\\\/\\\/www.smartystore.it\\\/v25\\\/wp-content\\\/uploads\\\/2024\\\/08\\\/Totem-luminoso-a-LED-100-x-250-completo-di-stampa-bifacciale-su-tessuto-1.jpg\",\"contentUrl\":\"https:\\\/\\\/www.smartystore.it\\\/v25\\\/wp-content\\\/uploads\\\/2024\\\/08\\\/Totem-luminoso-a-LED-100-x-250-completo-di-stampa-bifacciale-su-tessuto-1.jpg\",\"width\":1000,\"height\":1000,\"caption\":\"totem-luminoso-a-LED-100-x-250-completo-di-stampa-bifacciale-su-tessuto\"},{\"@type\":\"BreadcrumbList\",\"@id\":\"https:\\\/\\\/www.smartystore.it\\\/fr\\\/prodotto\\\/totem-lumineux-led-100x250-cm-complet-avec-impression-recto-verso-sur-tissu\\\/#breadcrumb\",\"itemListElement\":[{\"@type\":\"ListItem\",\"position\":1,\"name\":\"Home\",\"item\":\"https:\\\/\\\/www.smartystore.it\\\/fr\\\/\"},{\"@type\":\"ListItem\",\"position\":2,\"name\":\"Boutique\",\"item\":\"https:\\\/\\\/www.smartystore.it\\\/fr\\\/boutique\\\/\"},{\"@type\":\"ListItem\",\"position\":3,\"name\":\"Totem lumineux \u00e0 LED 100&#215;250 cm avec impression recto-verso sur tissu\"}]},{\"@type\":\"WebSite\",\"@id\":\"https:\\\/\\\/www.smartystore.it\\\/fr\\\/#website\",\"url\":\"https:\\\/\\\/www.smartystore.it\\\/fr\\\/\",\"name\":\"Smarty Store\",\"description\":\"Espositori Pubblicitari e Sistemi di Comunicazione Visiva\",\"potentialAction\":[{\"@type\":\"SearchAction\",\"target\":{\"@type\":\"EntryPoint\",\"urlTemplate\":\"https:\\\/\\\/www.smartystore.it\\\/fr\\\/?s={search_term_string}\"},\"query-input\":{\"@type\":\"PropertyValueSpecification\",\"valueRequired\":true,\"valueName\":\"search_term_string\"}}],\"inLanguage\":\"fr-FR\"}]}<\/script>\n<!-- \/ Yoast SEO plugin. -->","yoast_head_json":{"title":"Totem lumineux \u00e0 LED 100x250 cm avec impression recto-verso sur tissu - Smarty Store","description":"Totem lumineux \u00e0 LED 100x250 cm avec impression recto-verso sur tissu et sac de transport. Stand professionnel \u00e0 fort impact visuel.","robots":{"index":"index","follow":"follow","max-snippet":"max-snippet:-1","max-image-preview":"max-image-preview:large","max-video-preview":"max-video-preview:-1"},"canonical":"https:\/\/www.smartystore.it\/fr\/prodotto\/totem-lumineux-led-100x250-cm-complet-avec-impression-recto-verso-sur-tissu\/","og_locale":"fr_FR","og_type":"article","og_title":"Totem lumineux \u00e0 LED 100x250 cm avec impression recto-verso sur tissu - Smarty Store","og_description":"Totem lumineux \u00e0 LED 100x250 cm avec impression recto-verso sur tissu et sac de transport. Stand professionnel \u00e0 fort impact visuel.","og_url":"https:\/\/www.smartystore.it\/fr\/prodotto\/totem-lumineux-led-100x250-cm-complet-avec-impression-recto-verso-sur-tissu\/","og_site_name":"Smarty Store","article_modified_time":"2025-09-04T14:21:08+00:00","og_image":[{"width":1000,"height":1000,"url":"https:\/\/www.smartystore.it\/v25\/wp-content\/uploads\/2024\/08\/Totem-luminoso-a-LED-100-x-250-completo-di-stampa-bifacciale-su-tessuto-1.jpg","type":"image\/jpeg"}],"twitter_card":"summary_large_image","twitter_misc":{"Dur\u00e9e de lecture estim\u00e9e":"3 minutes"},"schema":{"@context":"https:\/\/schema.org","@graph":[{"@type":"WebPage","@id":"https:\/\/www.smartystore.it\/fr\/prodotto\/totem-lumineux-led-100x250-cm-complet-avec-impression-recto-verso-sur-tissu\/","url":"https:\/\/www.smartystore.it\/fr\/prodotto\/totem-lumineux-led-100x250-cm-complet-avec-impression-recto-verso-sur-tissu\/","name":"Totem lumineux \u00e0 LED 100x250 cm avec impression recto-verso sur tissu - Smarty Store","isPartOf":{"@id":"https:\/\/www.smartystore.it\/fr\/#website"},"primaryImageOfPage":{"@id":"https:\/\/www.smartystore.it\/fr\/prodotto\/totem-lumineux-led-100x250-cm-complet-avec-impression-recto-verso-sur-tissu\/#primaryimage"},"image":{"@id":"https:\/\/www.smartystore.it\/fr\/prodotto\/totem-lumineux-led-100x250-cm-complet-avec-impression-recto-verso-sur-tissu\/#primaryimage"},"thumbnailUrl":"https:\/\/www.smartystore.it\/v25\/wp-content\/uploads\/2024\/08\/Totem-luminoso-a-LED-100-x-250-completo-di-stampa-bifacciale-su-tessuto-1.jpg","datePublished":"2024-08-30T12:37:32+00:00","dateModified":"2025-09-04T14:21:08+00:00","description":"Totem lumineux \u00e0 LED 100x250 cm avec impression recto-verso sur tissu et sac de transport. Stand professionnel \u00e0 fort impact visuel.","breadcrumb":{"@id":"https:\/\/www.smartystore.it\/fr\/prodotto\/totem-lumineux-led-100x250-cm-complet-avec-impression-recto-verso-sur-tissu\/#breadcrumb"},"inLanguage":"fr-FR","potentialAction":[{"@type":"ReadAction","target":["https:\/\/www.smartystore.it\/fr\/prodotto\/totem-lumineux-led-100x250-cm-complet-avec-impression-recto-verso-sur-tissu\/"]}]},{"@type":"ImageObject","inLanguage":"fr-FR","@id":"https:\/\/www.smartystore.it\/fr\/prodotto\/totem-lumineux-led-100x250-cm-complet-avec-impression-recto-verso-sur-tissu\/#primaryimage","url":"https:\/\/www.smartystore.it\/v25\/wp-content\/uploads\/2024\/08\/Totem-luminoso-a-LED-100-x-250-completo-di-stampa-bifacciale-su-tessuto-1.jpg","contentUrl":"https:\/\/www.smartystore.it\/v25\/wp-content\/uploads\/2024\/08\/Totem-luminoso-a-LED-100-x-250-completo-di-stampa-bifacciale-su-tessuto-1.jpg","width":1000,"height":1000,"caption":"totem-luminoso-a-LED-100-x-250-completo-di-stampa-bifacciale-su-tessuto"},{"@type":"BreadcrumbList","@id":"https:\/\/www.smartystore.it\/fr\/prodotto\/totem-lumineux-led-100x250-cm-complet-avec-impression-recto-verso-sur-tissu\/#breadcrumb","itemListElement":[{"@type":"ListItem","position":1,"name":"Home","item":"https:\/\/www.smartystore.it\/fr\/"},{"@type":"ListItem","position":2,"name":"Boutique","item":"https:\/\/www.smartystore.it\/fr\/boutique\/"},{"@type":"ListItem","position":3,"name":"Totem lumineux \u00e0 LED 100&#215;250 cm avec impression recto-verso sur tissu"}]},{"@type":"WebSite","@id":"https:\/\/www.smartystore.it\/fr\/#website","url":"https:\/\/www.smartystore.it\/fr\/","name":"Smarty Store","description":"Espositori Pubblicitari e Sistemi di Comunicazione Visiva","potentialAction":[{"@type":"SearchAction","target":{"@type":"EntryPoint","urlTemplate":"https:\/\/www.smartystore.it\/fr\/?s={search_term_string}"},"query-input":{"@type":"PropertyValueSpecification","valueRequired":true,"valueName":"search_term_string"}}],"inLanguage":"fr-FR"}]}},"brands":[],"_links":{"self":[{"href":"https:\/\/www.smartystore.it\/fr\/wp-json\/wp\/v2\/product\/89296","targetHints":{"allow":["GET"]}}],"collection":[{"href":"https:\/\/www.smartystore.it\/fr\/wp-json\/wp\/v2\/product"}],"about":[{"href":"https:\/\/www.smartystore.it\/fr\/wp-json\/wp\/v2\/types\/product"}],"replies":[{"embeddable":true,"href":"https:\/\/www.smartystore.it\/fr\/wp-json\/wp\/v2\/comments?post=89296"}],"wp:featuredmedia":[{"embeddable":true,"href":"https:\/\/www.smartystore.it\/fr\/wp-json\/wp\/v2\/media\/96926"}],"wp:attachment":[{"href":"https:\/\/www.smartystore.it\/fr\/wp-json\/wp\/v2\/media?parent=89296"}],"wp:term":[{"taxonomy":"pwb-brand","embeddable":true,"href":"https:\/\/www.smartystore.it\/fr\/wp-json\/wp\/v2\/pwb-brand?post=89296"},{"taxonomy":"product_brand","embeddable":true,"href":"https:\/\/www.smartystore.it\/fr\/wp-json\/wp\/v2\/product_brand?post=89296"},{"taxonomy":"product_cat","embeddable":true,"href":"https:\/\/www.smartystore.it\/fr\/wp-json\/wp\/v2\/product_cat?post=89296"},{"taxonomy":"product_tag","embeddable":true,"href":"https:\/\/www.smartystore.it\/fr\/wp-json\/wp\/v2\/product_tag?post=89296"}],"curies":[{"name":"wp","href":"https:\/\/api.w.org\/{rel}","templated":true}]}}