{"id":88822,"date":"2024-07-30T12:55:14","date_gmt":"2024-08-09T08:09:48","guid":{"rendered":"https:\/\/www.smartystore.it\/?post_type=product&#038;p=88822"},"modified":"2025-07-15T13:08:19","modified_gmt":"2025-07-15T11:08:19","slug":"porte-brochures-sur-pied-avec-2-pochettes-1-3-a4-serie-quadra","status":"publish","type":"product","link":"https:\/\/www.smartystore.it\/fr\/prodotto\/porte-brochures-sur-pied-avec-2-pochettes-1-3-a4-serie-quadra\/","title":{"rendered":"Porte-brochures sur pied avec 2 pochettes 1\/3 A4 &#8211; S\u00e9rie Quadra"},"content":{"rendered":"<h2>Porte-brochures sur pied avec 2 pochettes 1\/3 A4 &#8211; S\u00e9rie Quadra<\/h2>\n<p>Le porte-brochures sur pied avec 2 pochettes 1\/3 A4 est une structure de la gamme SERIE QUADRA. Il est compos\u00e9 d&rsquo;une base en m\u00e9tal thermolaqu\u00e9 argent, d&rsquo;un montant carr\u00e9 (d&rsquo;o\u00f9 le nom de la s\u00e9rie) et d&rsquo;un porte-brochures transparent pour accueillir des catalogues 1\/3 A4 sur deux niveaux. <\/p>\n<p>Adapt\u00e9 \u00e0 l&rsquo;affichage de catalogues et de d\u00e9pliants, il peut \u00eatre utilis\u00e9 dans des endroits tels que les agences de voyages, les salles d&rsquo;exposition, les r\u00e9unions, les conventions, les entr\u00e9es d&rsquo;entreprise et dans tout endroit o\u00f9 il est n\u00e9cessaire de mettre des documents imprim\u00e9s\/brochures\/catalogues \u00e0 la disposition des clients.<\/p>\n<p>Son style \u00e9pur\u00e9, lin\u00e9aire et neutre le rend adapt\u00e9 \u00e0 toutes les situations et environnements, il peut donc \u00eatre positionn\u00e9 \u00e0 des points strat\u00e9giques pour attirer l&rsquo;attention du client.<\/p>\n<p>La base carr\u00e9e est \u00e9quip\u00e9e de quatre patins en caoutchouc antid\u00e9rapants aux extr\u00e9mit\u00e9s inf\u00e9rieures pour prot\u00e9ger le sol des chocs et \u00e9viter les mouvements\/glissements ind\u00e9sirables.<\/p>\n<h3>CARACT\u00c9RISTIQUES:<\/h3>\n<p>Porte-brochures en styr\u00e8ne transparent pour l&rsquo;affichage de brochures 1\/3 A4 (10&#215;21 cm) dispos\u00e9es sur deux niveaux<\/p>\n<p>Dimensions hors tout du porte-brochures transparent : L 11,5 x H 27,0 x P 12,0 cm.<\/p>\n<p>Dimensions int\u00e9rieures du plateau catalogue : L 11,0 x P 3,2 cm.<\/p>\n<p>Montant en aluminium argent\u00e9 \u00e0 section carr\u00e9e : H 100- L 3 cm.<\/p>\n<p>Base carr\u00e9e en m\u00e9tal thermolaqu\u00e9 argent : L 32,5 cm. &#8211; H 0,6 cm. &#8211; D 32,5 cm.  <\/p>\n<p>Quatre patins en caoutchouc antid\u00e9rapants plac\u00e9s \u00e0 la base<\/p>\n<p><span style=\"text-decoration: underline;\"><strong>BASE ANTI-TR\u00c9CISSEMENT ULTRA PLATE : \u00e9paisseur 6 mm.<\/strong><\/span><\/p>\n<p>Dimensions de l&rsquo;\u00e9cran (en mm) : L 325 &#8211; H 1250 &#8211; P 325<\/p>\n<p>Poids de l&rsquo;\u00e9cran : environ 6,00 kg.<\/p>\n<p><a href=\"https:\/\/www.smartystore.it\/v25\/wp-content\/uploads\/2024\/08\/Scheda-tecnica-SST-PLP.pdf\" target=\"_blank\" rel=\"noopener\"><img loading=\"lazy\" decoding=\"async\" class=\"alignnone size-full wp-image-93510\" src=\"https:\/\/www.smartystore.it\/v25\/wp-content\/uploads\/2014\/10\/SchedaTecnica-300-e1750084266903.png\" alt=\"\" width=\"249\" height=\"63\"><\/a><\/p>\n","protected":false},"excerpt":{"rendered":"<p>Pr\u00e9sentoir brochures uniquement avec base carr\u00e9e, passe-partout aluminium et 2 pochettes pour catalogues 1\/3 de A4.<\/p>\n","protected":false},"featured_media":88811,"comment_status":"open","ping_status":"closed","template":"","meta":{"_acf_changed":false},"pwb-brand":[],"product_brand":[],"product_cat":[2970,2969,2968,2914],"product_tag":[3730,3729,3707,3731,3732],"class_list":{"0":"post-88822","1":"product","2":"type-product","3":"status-publish","4":"has-post-thumbnail","6":"product_cat-porte-brochure-porte-catalogue","7":"product_cat-porte-brochure-debout","8":"product_cat-porte-brochures-catalogues","9":"product_cat-quadra-series-fr","10":"product_tag-porte-brochures-2-poches-1-3-de-format-a4","11":"product_tag-porte-brochures-sur-pied-avec-2-poches","12":"product_tag-porte-catalogue-autoportant","13":"product_tag-porte-catalogue-de-sol-avec-2-poches","14":"product_tag-porte-catalogue-sur-pied-avec-2-poches-10x21","15":"pa_c2c_base-base-carree","16":"pa_c2c_color-argent","17":"pa_c2c_color-transparent","18":"pa_c2c_dimensione-2-x-1-3-a4-fr","19":"pa_c2c_mono_bifacciale-simple-face","20":"pa_c2c_trovraprezzi-oui","21":"pa_serie-quadra-series","23":"first","24":"instock","25":"taxable","26":"shipping-taxable","27":"purchasable","28":"product-type-simple"},"acf":[],"yoast_head":"<!-- This site is optimized with the Yoast SEO plugin v27.0 - https:\/\/yoast.com\/product\/yoast-seo-wordpress\/ -->\n<title>Porte-brochures sur pied avec 2 pochettes 1\/3 A4 - S\u00e9rie Quadra - Smarty Store<\/title>\n<meta name=\"description\" content=\"Porte-brochures sur pied avec 2 pochettes 1\/3 A4 \u2013 S\u00e9rie Quadra. Structure en m\u00e9tal argent\u00e9, porte-catalogue en styr\u00e8ne transparent.\" \/>\n<meta name=\"robots\" content=\"index, follow, max-snippet:-1, max-image-preview:large, max-video-preview:-1\" \/>\n<link rel=\"canonical\" href=\"https:\/\/www.smartystore.it\/fr\/prodotto\/porte-brochures-sur-pied-avec-2-pochettes-1-3-a4-serie-quadra\/\" \/>\n<meta property=\"og:locale\" content=\"fr_FR\" \/>\n<meta property=\"og:type\" content=\"article\" \/>\n<meta property=\"og:title\" content=\"Porte-brochures sur pied avec 2 pochettes 1\/3 A4 - S\u00e9rie Quadra - Smarty Store\" \/>\n<meta property=\"og:description\" content=\"Porte-brochures sur pied avec 2 pochettes 1\/3 A4 \u2013 S\u00e9rie Quadra. Structure en m\u00e9tal argent\u00e9, porte-catalogue en styr\u00e8ne transparent.\" \/>\n<meta property=\"og:url\" content=\"https:\/\/www.smartystore.it\/fr\/prodotto\/porte-brochures-sur-pied-avec-2-pochettes-1-3-a4-serie-quadra\/\" \/>\n<meta property=\"og:site_name\" content=\"Smarty Store\" \/>\n<meta property=\"article:publisher\" content=\"https:\/\/www.facebook.com\/smartystore.it\/\" \/>\n<meta property=\"article:modified_time\" content=\"2025-07-15T11:08:19+00:00\" \/>\n<meta property=\"og:image\" content=\"https:\/\/www.smartystore.it\/v25\/wp-content\/uploads\/2024\/07\/Portadepliant-a-piantana-2-tasche-1-3-A4-serie-quadra.jpg\" \/>\n\t<meta property=\"og:image:width\" content=\"1000\" \/>\n\t<meta property=\"og:image:height\" content=\"1000\" \/>\n\t<meta property=\"og:image:type\" content=\"image\/jpeg\" \/>\n<meta name=\"twitter:card\" content=\"summary_large_image\" \/>\n<meta name=\"twitter:site\" content=\"@smartystore\" \/>\n<meta name=\"twitter:label1\" content=\"Dur\u00e9e de lecture estim\u00e9e\" \/>\n\t<meta name=\"twitter:data1\" content=\"1 minute\" \/>\n<script type=\"application\/ld+json\" class=\"yoast-schema-graph\">{\"@context\":\"https:\/\/schema.org\",\"@graph\":[{\"@type\":\"WebPage\",\"@id\":\"https:\/\/www.smartystore.it\/fr\/prodotto\/porte-brochures-sur-pied-avec-2-pochettes-1-3-a4-serie-quadra\/\",\"url\":\"https:\/\/www.smartystore.it\/fr\/prodotto\/porte-brochures-sur-pied-avec-2-pochettes-1-3-a4-serie-quadra\/\",\"name\":\"Porte-brochures sur pied avec 2 pochettes 1\/3 A4 - S\u00e9rie Quadra - Smarty Store\",\"isPartOf\":{\"@id\":\"https:\/\/www.smartystore.it\/fr\/#website\"},\"primaryImageOfPage\":{\"@id\":\"https:\/\/www.smartystore.it\/fr\/prodotto\/porte-brochures-sur-pied-avec-2-pochettes-1-3-a4-serie-quadra\/#primaryimage\"},\"image\":{\"@id\":\"https:\/\/www.smartystore.it\/fr\/prodotto\/porte-brochures-sur-pied-avec-2-pochettes-1-3-a4-serie-quadra\/#primaryimage\"},\"thumbnailUrl\":\"https:\/\/www.smartystore.it\/v25\/wp-content\/uploads\/2024\/07\/Portadepliant-a-piantana-2-tasche-1-3-A4-serie-quadra.jpg\",\"datePublished\":\"2024-08-09T08:09:48+00:00\",\"dateModified\":\"2025-07-15T11:08:19+00:00\",\"description\":\"Porte-brochures sur pied avec 2 pochettes 1\/3 A4 \u2013 S\u00e9rie Quadra. Structure en m\u00e9tal argent\u00e9, porte-catalogue en styr\u00e8ne transparent.\",\"breadcrumb\":{\"@id\":\"https:\/\/www.smartystore.it\/fr\/prodotto\/porte-brochures-sur-pied-avec-2-pochettes-1-3-a4-serie-quadra\/#breadcrumb\"},\"inLanguage\":\"fr-FR\",\"potentialAction\":[{\"@type\":\"ReadAction\",\"target\":[\"https:\/\/www.smartystore.it\/fr\/prodotto\/porte-brochures-sur-pied-avec-2-pochettes-1-3-a4-serie-quadra\/\"]}]},{\"@type\":\"ImageObject\",\"inLanguage\":\"fr-FR\",\"@id\":\"https:\/\/www.smartystore.it\/fr\/prodotto\/porte-brochures-sur-pied-avec-2-pochettes-1-3-a4-serie-quadra\/#primaryimage\",\"url\":\"https:\/\/www.smartystore.it\/v25\/wp-content\/uploads\/2024\/07\/Portadepliant-a-piantana-2-tasche-1-3-A4-serie-quadra.jpg\",\"contentUrl\":\"https:\/\/www.smartystore.it\/v25\/wp-content\/uploads\/2024\/07\/Portadepliant-a-piantana-2-tasche-1-3-A4-serie-quadra.jpg\",\"width\":1000,\"height\":1000,\"caption\":\"Porte-brochures sur pied avec 2 pochettes 1\/3 A4 - S\u00e9rie Quadra\"},{\"@type\":\"BreadcrumbList\",\"@id\":\"https:\/\/www.smartystore.it\/fr\/prodotto\/porte-brochures-sur-pied-avec-2-pochettes-1-3-a4-serie-quadra\/#breadcrumb\",\"itemListElement\":[{\"@type\":\"ListItem\",\"position\":1,\"name\":\"Accueil\",\"item\":\"https:\/\/www.smartystore.it\/fr\/\"},{\"@type\":\"ListItem\",\"position\":2,\"name\":\"Boutique\",\"item\":\"https:\/\/www.smartystore.it\/fr\/boutique\/\"},{\"@type\":\"ListItem\",\"position\":3,\"name\":\"Porte-brochures sur pied avec 2 pochettes 1\/3 A4 &#8211; S\u00e9rie Quadra\"}]},{\"@type\":\"WebSite\",\"@id\":\"https:\/\/www.smartystore.it\/fr\/#website\",\"url\":\"https:\/\/www.smartystore.it\/fr\/\",\"name\":\"Smarty Store\",\"description\":\"Espositori Pubblicitari e Sistemi di Comunicazione Visiva\",\"potentialAction\":[{\"@type\":\"SearchAction\",\"target\":{\"@type\":\"EntryPoint\",\"urlTemplate\":\"https:\/\/www.smartystore.it\/fr\/?s={search_term_string}\"},\"query-input\":{\"@type\":\"PropertyValueSpecification\",\"valueRequired\":true,\"valueName\":\"search_term_string\"}}],\"inLanguage\":\"fr-FR\"}]}<\/script>\n<!-- \/ Yoast SEO plugin. -->","yoast_head_json":{"title":"Porte-brochures sur pied avec 2 pochettes 1\/3 A4 - S\u00e9rie Quadra - Smarty Store","description":"Porte-brochures sur pied avec 2 pochettes 1\/3 A4 \u2013 S\u00e9rie Quadra. Structure en m\u00e9tal argent\u00e9, porte-catalogue en styr\u00e8ne transparent.","robots":{"index":"index","follow":"follow","max-snippet":"max-snippet:-1","max-image-preview":"max-image-preview:large","max-video-preview":"max-video-preview:-1"},"canonical":"https:\/\/www.smartystore.it\/fr\/prodotto\/porte-brochures-sur-pied-avec-2-pochettes-1-3-a4-serie-quadra\/","og_locale":"fr_FR","og_type":"article","og_title":"Porte-brochures sur pied avec 2 pochettes 1\/3 A4 - S\u00e9rie Quadra - Smarty Store","og_description":"Porte-brochures sur pied avec 2 pochettes 1\/3 A4 \u2013 S\u00e9rie Quadra. Structure en m\u00e9tal argent\u00e9, porte-catalogue en styr\u00e8ne transparent.","og_url":"https:\/\/www.smartystore.it\/fr\/prodotto\/porte-brochures-sur-pied-avec-2-pochettes-1-3-a4-serie-quadra\/","og_site_name":"Smarty Store","article_publisher":"https:\/\/www.facebook.com\/smartystore.it\/","article_modified_time":"2025-07-15T11:08:19+00:00","og_image":[{"width":1000,"height":1000,"url":"https:\/\/www.smartystore.it\/v25\/wp-content\/uploads\/2024\/07\/Portadepliant-a-piantana-2-tasche-1-3-A4-serie-quadra.jpg","type":"image\/jpeg"}],"twitter_card":"summary_large_image","twitter_site":"@smartystore","twitter_misc":{"Dur\u00e9e de lecture estim\u00e9e":"1 minute"},"schema":{"@context":"https:\/\/schema.org","@graph":[{"@type":"WebPage","@id":"https:\/\/www.smartystore.it\/fr\/prodotto\/porte-brochures-sur-pied-avec-2-pochettes-1-3-a4-serie-quadra\/","url":"https:\/\/www.smartystore.it\/fr\/prodotto\/porte-brochures-sur-pied-avec-2-pochettes-1-3-a4-serie-quadra\/","name":"Porte-brochures sur pied avec 2 pochettes 1\/3 A4 - S\u00e9rie Quadra - Smarty Store","isPartOf":{"@id":"https:\/\/www.smartystore.it\/fr\/#website"},"primaryImageOfPage":{"@id":"https:\/\/www.smartystore.it\/fr\/prodotto\/porte-brochures-sur-pied-avec-2-pochettes-1-3-a4-serie-quadra\/#primaryimage"},"image":{"@id":"https:\/\/www.smartystore.it\/fr\/prodotto\/porte-brochures-sur-pied-avec-2-pochettes-1-3-a4-serie-quadra\/#primaryimage"},"thumbnailUrl":"https:\/\/www.smartystore.it\/v25\/wp-content\/uploads\/2024\/07\/Portadepliant-a-piantana-2-tasche-1-3-A4-serie-quadra.jpg","datePublished":"2024-08-09T08:09:48+00:00","dateModified":"2025-07-15T11:08:19+00:00","description":"Porte-brochures sur pied avec 2 pochettes 1\/3 A4 \u2013 S\u00e9rie Quadra. Structure en m\u00e9tal argent\u00e9, porte-catalogue en styr\u00e8ne transparent.","breadcrumb":{"@id":"https:\/\/www.smartystore.it\/fr\/prodotto\/porte-brochures-sur-pied-avec-2-pochettes-1-3-a4-serie-quadra\/#breadcrumb"},"inLanguage":"fr-FR","potentialAction":[{"@type":"ReadAction","target":["https:\/\/www.smartystore.it\/fr\/prodotto\/porte-brochures-sur-pied-avec-2-pochettes-1-3-a4-serie-quadra\/"]}]},{"@type":"ImageObject","inLanguage":"fr-FR","@id":"https:\/\/www.smartystore.it\/fr\/prodotto\/porte-brochures-sur-pied-avec-2-pochettes-1-3-a4-serie-quadra\/#primaryimage","url":"https:\/\/www.smartystore.it\/v25\/wp-content\/uploads\/2024\/07\/Portadepliant-a-piantana-2-tasche-1-3-A4-serie-quadra.jpg","contentUrl":"https:\/\/www.smartystore.it\/v25\/wp-content\/uploads\/2024\/07\/Portadepliant-a-piantana-2-tasche-1-3-A4-serie-quadra.jpg","width":1000,"height":1000,"caption":"Porte-brochures sur pied avec 2 pochettes 1\/3 A4 - S\u00e9rie Quadra"},{"@type":"BreadcrumbList","@id":"https:\/\/www.smartystore.it\/fr\/prodotto\/porte-brochures-sur-pied-avec-2-pochettes-1-3-a4-serie-quadra\/#breadcrumb","itemListElement":[{"@type":"ListItem","position":1,"name":"Accueil","item":"https:\/\/www.smartystore.it\/fr\/"},{"@type":"ListItem","position":2,"name":"Boutique","item":"https:\/\/www.smartystore.it\/fr\/boutique\/"},{"@type":"ListItem","position":3,"name":"Porte-brochures sur pied avec 2 pochettes 1\/3 A4 &#8211; S\u00e9rie Quadra"}]},{"@type":"WebSite","@id":"https:\/\/www.smartystore.it\/fr\/#website","url":"https:\/\/www.smartystore.it\/fr\/","name":"Smarty Store","description":"Espositori Pubblicitari e Sistemi di Comunicazione Visiva","potentialAction":[{"@type":"SearchAction","target":{"@type":"EntryPoint","urlTemplate":"https:\/\/www.smartystore.it\/fr\/?s={search_term_string}"},"query-input":{"@type":"PropertyValueSpecification","valueRequired":true,"valueName":"search_term_string"}}],"inLanguage":"fr-FR"}]}},"brands":[],"_links":{"self":[{"href":"https:\/\/www.smartystore.it\/fr\/wp-json\/wp\/v2\/product\/88822","targetHints":{"allow":["GET"]}}],"collection":[{"href":"https:\/\/www.smartystore.it\/fr\/wp-json\/wp\/v2\/product"}],"about":[{"href":"https:\/\/www.smartystore.it\/fr\/wp-json\/wp\/v2\/types\/product"}],"replies":[{"embeddable":true,"href":"https:\/\/www.smartystore.it\/fr\/wp-json\/wp\/v2\/comments?post=88822"}],"wp:featuredmedia":[{"embeddable":true,"href":"https:\/\/www.smartystore.it\/fr\/wp-json\/wp\/v2\/media\/88811"}],"wp:attachment":[{"href":"https:\/\/www.smartystore.it\/fr\/wp-json\/wp\/v2\/media?parent=88822"}],"wp:term":[{"taxonomy":"pwb-brand","embeddable":true,"href":"https:\/\/www.smartystore.it\/fr\/wp-json\/wp\/v2\/pwb-brand?post=88822"},{"taxonomy":"product_brand","embeddable":true,"href":"https:\/\/www.smartystore.it\/fr\/wp-json\/wp\/v2\/product_brand?post=88822"},{"taxonomy":"product_cat","embeddable":true,"href":"https:\/\/www.smartystore.it\/fr\/wp-json\/wp\/v2\/product_cat?post=88822"},{"taxonomy":"product_tag","embeddable":true,"href":"https:\/\/www.smartystore.it\/fr\/wp-json\/wp\/v2\/product_tag?post=88822"}],"curies":[{"name":"wp","href":"https:\/\/api.w.org\/{rel}","templated":true}]}}