{"id":88749,"date":"2024-07-24T15:59:00","date_gmt":"2024-07-24T13:59:00","guid":{"rendered":"https:\/\/www.smartystore.it\/?post_type=product&#038;p=88749"},"modified":"2026-03-16T14:13:20","modified_gmt":"2026-03-16T12:13:20","slug":"porte-brochures-sur-pied-avec-1-pochette-a4-2","status":"publish","type":"product","link":"https:\/\/www.smartystore.it\/fr\/prodotto\/porte-brochures-sur-pied-avec-1-pochette-a4-2\/","title":{"rendered":"Porte-brochures autoportant 1 pochette A4"},"content":{"rendered":"<div class=\"wpb-content-wrapper\"><p>[vc_row][vc_column][vc_column_text css=\u00a0\u00bb\u00a0\u00bb css_params=\u00a0\u00bb\u00a0\u00bb]<\/p>\n<h1>Porte-brochures autoportant 1 pochette A4 &#8211; S\u00e9rie Quadra<\/h1>\n<p>Le porte-brochures autoportant Quadra Series 1 A4 pocket est la solution id\u00e9ale pour pr\u00e9senter des informations et du mat\u00e9riel promotionnel dans divers environnements commerciaux et professionnels. Ce pr\u00e9sentoir \u00e9l\u00e9gant se distingue par sa robustesse et son design minimaliste, ce qui le rend parfait pour un large \u00e9ventail d&rsquo;utilisations. <\/p>\n<p>La structure du porte-brochures est constitu\u00e9e d&rsquo;une base en m\u00e9tal thermolaqu\u00e9 argent\u00e9, ce qui conf\u00e8re au produit un aspect moderne et raffin\u00e9. Le montant, con\u00e7u avec une section carr\u00e9e, offre non seulement une stabilit\u00e9 mais est \u00e9galement coh\u00e9rent avec l&rsquo;esth\u00e9tique g\u00e9om\u00e9trique de la s\u00e9rie dont il porte le nom. Le porte-brochures transparent, fabriqu\u00e9 en styr\u00e8ne de haute qualit\u00e9, est con\u00e7u pour accueillir des brochures et des catalogues au <strong>format A4 (21&#215;29,7 cm)<\/strong>, garantissant ainsi une visibilit\u00e9 optimale du mat\u00e9riel expos\u00e9.  <\/p>\n<p>Ce porte-brochures est particuli\u00e8rement adapt\u00e9 aux environnements tels que les agences de voyage, les salles d&rsquo;exposition, les r\u00e9unions et les foires commerciales. Il peut \u00eatre plac\u00e9 \u00e0 l&rsquo;entr\u00e9e des entreprises ou partout o\u00f9 vous souhaitez fournir des informations \u00e0 vos clients. Sa polyvalence lui permet d&rsquo;attirer l&rsquo;attention des passants, en facilitant la consultation de flyers et de brochures. <\/p>\n<h2>Porte-brochures autoportant 1 pochette A4 : El\u00e9gance, robustesse et stabilit\u00e9<\/h2>\n<p>Ce mod\u00e8le se distingue par sa <strong>base ultraplate<\/strong>, d&rsquo;une \u00e9paisseur de seulement 6 mm, qui r\u00e9duit le risque de tr\u00e9buchement et facilite l&rsquo;installation dans les espaces restreints. En outre, la base est \u00e9quip\u00e9e de quatre patins en caoutchouc antid\u00e9rapants sur les extr\u00e9mit\u00e9s inf\u00e9rieures, con\u00e7us pour \u00e9viter les glissements ind\u00e9sirables et prot\u00e9ger le sol des chocs, garantissant ainsi une plus grande s\u00e9curit\u00e9 et une meilleure stabilit\u00e9. <\/p>\n<p>Smartystore, fabricant de cette s\u00e9rie, propose une gamme vari\u00e9e de porte-brochures, tous caract\u00e9ris\u00e9s par des <strong>normes de qualit\u00e9 \u00e9lev\u00e9es<\/strong> et des <strong>prix comp\u00e9titifs<\/strong>. Chaque mod\u00e8le est con\u00e7u pour r\u00e9pondre aux exigences les plus diverses en mati\u00e8re de pr\u00e9sentation, en alliant fonctionnalit\u00e9 et style. <\/p>\n<p>En r\u00e9sum\u00e9, le porte-brochures sur pied A4 de la s\u00e9rie 1 de Quadra est un excellent choix pour tous ceux qui recherchent un pr\u00e9sentoir \u00e9l\u00e9gant et pratique, capable de mettre en valeur les documents d&rsquo;information et de capter l&rsquo;int\u00e9r\u00eat du public dans diverses situations. Son design soign\u00e9 et ses mat\u00e9riaux de qualit\u00e9 en font un investissement durable pour toute entreprise. <\/p>\n<h3>CARACT\u00c9RISTIQUES:<\/h3>\n<ul>\n<li>Pochette porte-brochures transparente en styr\u00e8ne pour l&rsquo;affichage de brochures A4 (21&#215;29,7 cm) dispos\u00e9es sur un seul niveau<\/li>\n<li>Dimensions hors tout du porte-brochures transparent : L 23,3 x H 24,9 x P 8,5 cm.<\/li>\n<li>Dimensions int\u00e9rieures du plateau catalogue : L 23,0 x P 3,2 cm.<\/li>\n<li>Montant en aluminium argent\u00e9 \u00e0 section carr\u00e9e : H 100- L 3 cm.<\/li>\n<li>Base carr\u00e9e en m\u00e9tal thermolaqu\u00e9 argent : L 32,5 cm. &#8211; H 0,6 cm. &#8211; D 32,5 cm.  <\/li>\n<li>Quatre patins en caoutchouc antid\u00e9rapants plac\u00e9s \u00e0 la base<\/li>\n<li><span style=\"text-decoration: underline;\"><strong>BASE ANTI-TR\u00c9CISSEMENT ULTRA PLATE : \u00e9paisseur 6 mm.<\/strong><\/span><\/li>\n<li>Dimensions de l&rsquo;\u00e9cran (en mm) : L 325 &#8211; H 1270 &#8211; P 325<\/li>\n<li>Poids de l&rsquo;\u00e9cran : environ 6,00 kg.<\/li>\n<\/ul>\n<p>&nbsp;<\/p>\n<h3 style=\"text-align: center;\">Voir les autres mod\u00e8les sur ce <span style=\"color: #ff0000;\"><a style=\"color: #ff0000;\" href=\"https:\/\/www.smartystore.it\/fr\/categoria-prodotto\/presentoirs-publicitaires\/quadra-series-fr\/porte-brochure-porte-catalogue\/\">LIEN<\/a><\/span><\/h3>\n<p>&nbsp;<\/p>\n<p><a href=\"https:\/\/www.smartystore.it\/v25\/wp-content\/uploads\/2024\/08\/Scheda-tecnica-SST-PLP.pdf\" target=\"_blank\" rel=\"noopener\"><img loading=\"lazy\" decoding=\"async\" class=\"alignnone size-full wp-image-93510\" src=\"https:\/\/www.smartystore.it\/v25\/wp-content\/uploads\/2014\/10\/SchedaTecnica-300-e1750084266903.png\" alt=\"\" width=\"249\" height=\"63\"><\/a><\/p>\n<p>[\/vc_column_text][\/vc_column][\/vc_row]<\/p>\n<\/div>","protected":false},"excerpt":{"rendered":"<p>Pr\u00e9sentoir \u00e0 brochures au sol avec base carr\u00e9e, montant en aluminium et 1 pochette pour catalogues A4.<\/p>\n","protected":false},"featured_media":88738,"comment_status":"open","ping_status":"closed","template":"","meta":{"_acf_changed":false},"pwb-brand":[],"product_brand":[3872],"product_cat":[2970,2969,2968,2914],"product_tag":[3752,3754,3750,3707,3753,3751],"class_list":{"0":"post-88749","1":"product","2":"type-product","3":"status-publish","4":"has-post-thumbnail","6":"product_brand-smartystore","7":"product_cat-porte-brochure-porte-catalogue","8":"product_cat-porte-brochure-debout","9":"product_cat-porte-brochures-catalogues","10":"product_cat-quadra-series-fr","11":"product_tag-porte-brochures-1-pochette-a4","12":"product_tag-porte-brochures-avec-support-au-sol-avec-1-poche-21x30","13":"product_tag-porte-brochures-sur-pied-avec-1-pochette-a4","14":"product_tag-porte-catalogue-autoportant","15":"product_tag-porte-catalogue-de-sol-avec-1-pochette-a4","16":"product_tag-porte-catalogue-sur-pied-avec-1-poche-21x297","17":"pa_c2c_base-base-carree","18":"pa_c2c_color-argent","19":"pa_c2c_color-transparent","20":"pa_c2c_dimensione-a4-fr","21":"pa_c2c_mono_bifacciale-simple-face","22":"pa_c2c_trovraprezzi-oui","23":"pa_serie-quadra-series","25":"first","26":"instock","27":"taxable","28":"shipping-taxable","29":"purchasable","30":"product-type-simple"},"acf":[],"yoast_head":"<!-- This site is optimized with the Yoast SEO plugin v27.4 - https:\/\/yoast.com\/product\/yoast-seo-wordpress\/ -->\n<title>Porte-brochures autoportant 1 pochette A4 - Smarty Store Acheter au Meilleur Prix<\/title>\n<meta name=\"description\" content=\"Porte-brochures sur pied avec 1 poche A4 - S\u00e9rie Quadra. Structure en m\u00e9tal couleur argent, porte-catalogue en styr\u00e8ne transparent.\" \/>\n<meta name=\"robots\" content=\"index, follow, max-snippet:-1, max-image-preview:large, max-video-preview:-1\" \/>\n<link rel=\"canonical\" href=\"https:\/\/www.smartystore.it\/fr\/prodotto\/porte-brochures-sur-pied-avec-1-pochette-a4-2\/\" \/>\n<meta property=\"og:locale\" content=\"fr_FR\" \/>\n<meta property=\"og:type\" content=\"article\" \/>\n<meta property=\"og:title\" content=\"Porte-brochures autoportant 1 pochette A4 - Smarty Store Acheter au Meilleur Prix\" \/>\n<meta property=\"og:description\" content=\"Porte-brochures sur pied avec 1 poche A4 - S\u00e9rie Quadra. Structure en m\u00e9tal couleur argent, porte-catalogue en styr\u00e8ne transparent.\" \/>\n<meta property=\"og:url\" content=\"https:\/\/www.smartystore.it\/fr\/prodotto\/porte-brochures-sur-pied-avec-1-pochette-a4-2\/\" \/>\n<meta property=\"og:site_name\" content=\"Smarty Store\" \/>\n<meta property=\"article:modified_time\" content=\"2026-03-16T12:13:20+00:00\" \/>\n<meta property=\"og:image\" content=\"https:\/\/www.smartystore.it\/v25\/wp-content\/uploads\/2024\/07\/Portadepliant-a-piantana-1-tasca-A4-serie-quadra.jpg\" \/>\n\t<meta property=\"og:image:width\" content=\"1000\" \/>\n\t<meta property=\"og:image:height\" content=\"1000\" \/>\n\t<meta property=\"og:image:type\" content=\"image\/jpeg\" \/>\n<meta name=\"twitter:card\" content=\"summary_large_image\" \/>\n<meta name=\"twitter:label1\" content=\"Dur\u00e9e de lecture estim\u00e9e\" \/>\n\t<meta name=\"twitter:data1\" content=\"3 minutes\" \/>\n<script type=\"application\/ld+json\" class=\"yoast-schema-graph\">{\"@context\":\"https:\\\/\\\/schema.org\",\"@graph\":[{\"@type\":\"WebPage\",\"@id\":\"https:\\\/\\\/www.smartystore.it\\\/fr\\\/prodotto\\\/porte-brochures-sur-pied-avec-1-pochette-a4-2\\\/\",\"url\":\"https:\\\/\\\/www.smartystore.it\\\/fr\\\/prodotto\\\/porte-brochures-sur-pied-avec-1-pochette-a4-2\\\/\",\"name\":\"Porte-brochures autoportant 1 pochette A4 - Smarty Store Acheter au Meilleur Prix\",\"isPartOf\":{\"@id\":\"https:\\\/\\\/www.smartystore.it\\\/fr\\\/#website\"},\"primaryImageOfPage\":{\"@id\":\"https:\\\/\\\/www.smartystore.it\\\/fr\\\/prodotto\\\/porte-brochures-sur-pied-avec-1-pochette-a4-2\\\/#primaryimage\"},\"image\":{\"@id\":\"https:\\\/\\\/www.smartystore.it\\\/fr\\\/prodotto\\\/porte-brochures-sur-pied-avec-1-pochette-a4-2\\\/#primaryimage\"},\"thumbnailUrl\":\"https:\\\/\\\/www.smartystore.it\\\/v25\\\/wp-content\\\/uploads\\\/2024\\\/07\\\/Portadepliant-a-piantana-1-tasca-A4-serie-quadra.jpg\",\"datePublished\":\"2024-07-24T13:59:00+00:00\",\"dateModified\":\"2026-03-16T12:13:20+00:00\",\"description\":\"Porte-brochures sur pied avec 1 poche A4 - S\u00e9rie Quadra. Structure en m\u00e9tal couleur argent, porte-catalogue en styr\u00e8ne transparent.\",\"breadcrumb\":{\"@id\":\"https:\\\/\\\/www.smartystore.it\\\/fr\\\/prodotto\\\/porte-brochures-sur-pied-avec-1-pochette-a4-2\\\/#breadcrumb\"},\"inLanguage\":\"fr-FR\",\"potentialAction\":[{\"@type\":\"ReadAction\",\"target\":[\"https:\\\/\\\/www.smartystore.it\\\/fr\\\/prodotto\\\/porte-brochures-sur-pied-avec-1-pochette-a4-2\\\/\"]}]},{\"@type\":\"ImageObject\",\"inLanguage\":\"fr-FR\",\"@id\":\"https:\\\/\\\/www.smartystore.it\\\/fr\\\/prodotto\\\/porte-brochures-sur-pied-avec-1-pochette-a4-2\\\/#primaryimage\",\"url\":\"https:\\\/\\\/www.smartystore.it\\\/v25\\\/wp-content\\\/uploads\\\/2024\\\/07\\\/Portadepliant-a-piantana-1-tasca-A4-serie-quadra.jpg\",\"contentUrl\":\"https:\\\/\\\/www.smartystore.it\\\/v25\\\/wp-content\\\/uploads\\\/2024\\\/07\\\/Portadepliant-a-piantana-1-tasca-A4-serie-quadra.jpg\",\"width\":1000,\"height\":1000,\"caption\":\"Porte-brochures sur pied avec 1 pochette A4 - S\u00e9rie Quadra\"},{\"@type\":\"BreadcrumbList\",\"@id\":\"https:\\\/\\\/www.smartystore.it\\\/fr\\\/prodotto\\\/porte-brochures-sur-pied-avec-1-pochette-a4-2\\\/#breadcrumb\",\"itemListElement\":[{\"@type\":\"ListItem\",\"position\":1,\"name\":\"Home\",\"item\":\"https:\\\/\\\/www.smartystore.it\\\/fr\\\/\"},{\"@type\":\"ListItem\",\"position\":2,\"name\":\"Boutique\",\"item\":\"https:\\\/\\\/www.smartystore.it\\\/fr\\\/boutique\\\/\"},{\"@type\":\"ListItem\",\"position\":3,\"name\":\"Porte-brochures autoportant 1 pochette A4\"}]},{\"@type\":\"WebSite\",\"@id\":\"https:\\\/\\\/www.smartystore.it\\\/fr\\\/#website\",\"url\":\"https:\\\/\\\/www.smartystore.it\\\/fr\\\/\",\"name\":\"Smarty Store\",\"description\":\"Espositori Pubblicitari e Sistemi di Comunicazione Visiva\",\"potentialAction\":[{\"@type\":\"SearchAction\",\"target\":{\"@type\":\"EntryPoint\",\"urlTemplate\":\"https:\\\/\\\/www.smartystore.it\\\/fr\\\/?s={search_term_string}\"},\"query-input\":{\"@type\":\"PropertyValueSpecification\",\"valueRequired\":true,\"valueName\":\"search_term_string\"}}],\"inLanguage\":\"fr-FR\"}]}<\/script>\n<!-- \/ Yoast SEO plugin. -->","yoast_head_json":{"title":"Porte-brochures autoportant 1 pochette A4 - Smarty Store Acheter au Meilleur Prix","description":"Porte-brochures sur pied avec 1 poche A4 - S\u00e9rie Quadra. Structure en m\u00e9tal couleur argent, porte-catalogue en styr\u00e8ne transparent.","robots":{"index":"index","follow":"follow","max-snippet":"max-snippet:-1","max-image-preview":"max-image-preview:large","max-video-preview":"max-video-preview:-1"},"canonical":"https:\/\/www.smartystore.it\/fr\/prodotto\/porte-brochures-sur-pied-avec-1-pochette-a4-2\/","og_locale":"fr_FR","og_type":"article","og_title":"Porte-brochures autoportant 1 pochette A4 - Smarty Store Acheter au Meilleur Prix","og_description":"Porte-brochures sur pied avec 1 poche A4 - S\u00e9rie Quadra. Structure en m\u00e9tal couleur argent, porte-catalogue en styr\u00e8ne transparent.","og_url":"https:\/\/www.smartystore.it\/fr\/prodotto\/porte-brochures-sur-pied-avec-1-pochette-a4-2\/","og_site_name":"Smarty Store","article_modified_time":"2026-03-16T12:13:20+00:00","og_image":[{"width":1000,"height":1000,"url":"https:\/\/www.smartystore.it\/v25\/wp-content\/uploads\/2024\/07\/Portadepliant-a-piantana-1-tasca-A4-serie-quadra.jpg","type":"image\/jpeg"}],"twitter_card":"summary_large_image","twitter_misc":{"Dur\u00e9e de lecture estim\u00e9e":"3 minutes"},"schema":{"@context":"https:\/\/schema.org","@graph":[{"@type":"WebPage","@id":"https:\/\/www.smartystore.it\/fr\/prodotto\/porte-brochures-sur-pied-avec-1-pochette-a4-2\/","url":"https:\/\/www.smartystore.it\/fr\/prodotto\/porte-brochures-sur-pied-avec-1-pochette-a4-2\/","name":"Porte-brochures autoportant 1 pochette A4 - Smarty Store Acheter au Meilleur Prix","isPartOf":{"@id":"https:\/\/www.smartystore.it\/fr\/#website"},"primaryImageOfPage":{"@id":"https:\/\/www.smartystore.it\/fr\/prodotto\/porte-brochures-sur-pied-avec-1-pochette-a4-2\/#primaryimage"},"image":{"@id":"https:\/\/www.smartystore.it\/fr\/prodotto\/porte-brochures-sur-pied-avec-1-pochette-a4-2\/#primaryimage"},"thumbnailUrl":"https:\/\/www.smartystore.it\/v25\/wp-content\/uploads\/2024\/07\/Portadepliant-a-piantana-1-tasca-A4-serie-quadra.jpg","datePublished":"2024-07-24T13:59:00+00:00","dateModified":"2026-03-16T12:13:20+00:00","description":"Porte-brochures sur pied avec 1 poche A4 - S\u00e9rie Quadra. Structure en m\u00e9tal couleur argent, porte-catalogue en styr\u00e8ne transparent.","breadcrumb":{"@id":"https:\/\/www.smartystore.it\/fr\/prodotto\/porte-brochures-sur-pied-avec-1-pochette-a4-2\/#breadcrumb"},"inLanguage":"fr-FR","potentialAction":[{"@type":"ReadAction","target":["https:\/\/www.smartystore.it\/fr\/prodotto\/porte-brochures-sur-pied-avec-1-pochette-a4-2\/"]}]},{"@type":"ImageObject","inLanguage":"fr-FR","@id":"https:\/\/www.smartystore.it\/fr\/prodotto\/porte-brochures-sur-pied-avec-1-pochette-a4-2\/#primaryimage","url":"https:\/\/www.smartystore.it\/v25\/wp-content\/uploads\/2024\/07\/Portadepliant-a-piantana-1-tasca-A4-serie-quadra.jpg","contentUrl":"https:\/\/www.smartystore.it\/v25\/wp-content\/uploads\/2024\/07\/Portadepliant-a-piantana-1-tasca-A4-serie-quadra.jpg","width":1000,"height":1000,"caption":"Porte-brochures sur pied avec 1 pochette A4 - S\u00e9rie Quadra"},{"@type":"BreadcrumbList","@id":"https:\/\/www.smartystore.it\/fr\/prodotto\/porte-brochures-sur-pied-avec-1-pochette-a4-2\/#breadcrumb","itemListElement":[{"@type":"ListItem","position":1,"name":"Home","item":"https:\/\/www.smartystore.it\/fr\/"},{"@type":"ListItem","position":2,"name":"Boutique","item":"https:\/\/www.smartystore.it\/fr\/boutique\/"},{"@type":"ListItem","position":3,"name":"Porte-brochures autoportant 1 pochette A4"}]},{"@type":"WebSite","@id":"https:\/\/www.smartystore.it\/fr\/#website","url":"https:\/\/www.smartystore.it\/fr\/","name":"Smarty Store","description":"Espositori Pubblicitari e Sistemi di Comunicazione Visiva","potentialAction":[{"@type":"SearchAction","target":{"@type":"EntryPoint","urlTemplate":"https:\/\/www.smartystore.it\/fr\/?s={search_term_string}"},"query-input":{"@type":"PropertyValueSpecification","valueRequired":true,"valueName":"search_term_string"}}],"inLanguage":"fr-FR"}]}},"brands":[],"_links":{"self":[{"href":"https:\/\/www.smartystore.it\/fr\/wp-json\/wp\/v2\/product\/88749","targetHints":{"allow":["GET"]}}],"collection":[{"href":"https:\/\/www.smartystore.it\/fr\/wp-json\/wp\/v2\/product"}],"about":[{"href":"https:\/\/www.smartystore.it\/fr\/wp-json\/wp\/v2\/types\/product"}],"replies":[{"embeddable":true,"href":"https:\/\/www.smartystore.it\/fr\/wp-json\/wp\/v2\/comments?post=88749"}],"wp:featuredmedia":[{"embeddable":true,"href":"https:\/\/www.smartystore.it\/fr\/wp-json\/wp\/v2\/media\/88738"}],"wp:attachment":[{"href":"https:\/\/www.smartystore.it\/fr\/wp-json\/wp\/v2\/media?parent=88749"}],"wp:term":[{"taxonomy":"pwb-brand","embeddable":true,"href":"https:\/\/www.smartystore.it\/fr\/wp-json\/wp\/v2\/pwb-brand?post=88749"},{"taxonomy":"product_brand","embeddable":true,"href":"https:\/\/www.smartystore.it\/fr\/wp-json\/wp\/v2\/product_brand?post=88749"},{"taxonomy":"product_cat","embeddable":true,"href":"https:\/\/www.smartystore.it\/fr\/wp-json\/wp\/v2\/product_cat?post=88749"},{"taxonomy":"product_tag","embeddable":true,"href":"https:\/\/www.smartystore.it\/fr\/wp-json\/wp\/v2\/product_tag?post=88749"}],"curies":[{"name":"wp","href":"https:\/\/api.w.org\/{rel}","templated":true}]}}