{"id":88698,"date":"2024-07-16T18:17:04","date_gmt":"2024-07-16T16:17:04","guid":{"rendered":"https:\/\/www.smartystore.it\/?post_type=product&#038;p=88698"},"modified":"2026-02-21T13:28:26","modified_gmt":"2026-02-21T11:28:26","slug":"pupitre-avec-cadre-a-pression-a3-reglable-serie-quadra","status":"publish","type":"product","link":"https:\/\/www.smartystore.it\/fr\/prodotto\/pupitre-avec-cadre-a-pression-a3-reglable-serie-quadra\/","title":{"rendered":"Pupitre A3 r\u00e9glable avec cadre \u00e0 encliqueter"},"content":{"rendered":"<h1>Pupitre r\u00e9glable A3 \u00e0 cadre clipsable &#8211; S\u00e9rie Quadra<\/h1>\n<p>Le pupitre r\u00e9glable A3 flip-frame est une structure sur pied qui fait partie de la gamme QUADRA SERIES. Il se compose d&rsquo;une base m\u00e9tallique rev\u00eatue d&rsquo;une poudre argent\u00e9e, d&rsquo;un montant en aluminium \u00e0 section carr\u00e9e (d&rsquo;o\u00f9 le nom de la s\u00e9rie) et d&rsquo;un cadre destin\u00e9 \u00e0 accueillir des affiches <strong>A3<\/strong>. Le cadre est enti\u00e8rement orientable sur 360\u00b0, sans cl\u00e9 ni outil.  <\/p>\n<p>Le pr\u00e9sentoir peut \u00eatre utilis\u00e9 dans des lieux tels que les agences de voyage, les salles d&rsquo;exposition, les r\u00e9unions, les conventions, les entr\u00e9es d&rsquo;entreprises et partout o\u00f9 vous avez besoin d&rsquo;afficher votre message A3. Le cadre est \u00e9quip\u00e9 d&rsquo;un film PVC antireflet et le changement d&rsquo;affiche est facilit\u00e9 par l&rsquo;ouverture des profils par encliquetage. <\/p>\n<h2>Pupitre \u00e0 cadre r\u00e9glable A3 : stabilit\u00e9 et \u00e9l\u00e9gance<\/h2>\n<p>Son style \u00e9pur\u00e9, lin\u00e9aire et neutre le rend adapt\u00e9 \u00e0 toutes les situations et environnements, il peut donc \u00eatre positionn\u00e9 \u00e0 des points strat\u00e9giques pour attirer l&rsquo;attention du client.<\/p>\n<p>La base carr\u00e9e est \u00e9quip\u00e9e de quatre patins en caoutchouc antid\u00e9rapants aux extr\u00e9mit\u00e9s inf\u00e9rieures pour prot\u00e9ger le sol des chocs et \u00e9viter les mouvements\/glissements ind\u00e9sirables.<\/p>\n<p>Ce pupitre peut \u00eatre personnalis\u00e9 en fonction de vos besoins en choisissant, au moment de l&rsquo;achat, la finition du cadre (angles vifs ou arrondis chrom\u00e9s) et l&rsquo;ajout ou non d&rsquo;accessoires tels qu&rsquo;un porte-brochures transparent A4 vertical ou A5 vertical.<\/p>\n<h3>CARACT\u00c9RISTIQUES:<\/h3>\n<ul>\n<li>Cadre \u00e0 clipser : cadre 25 (largeur du profil 25 mm.)<\/li>\n<li>Possibilit\u00e9 de choisir le type de cadre (coins vifs ou coins chrom\u00e9s arrondis).<\/li>\n<li>Possibilit\u00e9 d&rsquo;ajouter un porte brochure A4 ou A5.<\/li>\n<li>Montant en aluminium argent\u00e9 \u00e0 section carr\u00e9e : H 100- L 3 cm.<\/li>\n<li>Base carr\u00e9e en m\u00e9tal thermolaqu\u00e9 argent : L 32,5 cm. &#8211; H 0,6 cm. &#8211; D 32,5 cm.  <\/li>\n<li>Quatre patins en caoutchouc antid\u00e9rapants plac\u00e9s \u00e0 la base<\/li>\n<li><span style=\"text-decoration: underline;\"><strong>BASE ANTI-TR\u00c9CISSEMENT ULTRA PLATE : \u00e9paisseur 6 mm.<\/strong><\/span><\/li>\n<li>Dimensions de l&rsquo;\u00e9cran avec cadre vertical (en mm) : L 328 &#8211; H 1210 &#8211; P 325<\/li>\n<li>Dimensions de l&rsquo;\u00e9cran avec cadre horizontal (en mm) : L 451 &#8211; H 1180 &#8211; P 325<\/li>\n<li>Poids de l&rsquo;\u00e9cran : environ 6,50 kg.<\/li>\n<\/ul>\n<p>&nbsp;<\/p>\n<h3 style=\"text-align: center;\">Voir aussi la version A4 \u00e0 ce <span style=\"color: #ff0000;\"><a style=\"color: #ff0000;\" href=\"https:\/\/www.smartystore.it\/fr\/prodotto\/pupitre-avec-cadre-a-pression-a4-reglable\/\">LIEN<\/a><\/span><\/h3>\n<p>&nbsp;<\/p>\n<p><a href=\"https:\/\/www.smartystore.it\/v25\/wp-content\/uploads\/2024\/07\/SST-LG45A3-A4_scheda-tecnica.pdf\" target=\"_blank\" rel=\"noopener\"><img loading=\"lazy\" decoding=\"async\" class=\"alignnone size-full wp-image-93510\" src=\"https:\/\/www.smartystore.it\/v25\/wp-content\/uploads\/2014\/10\/SchedaTecnica-300-e1750084266903.png\" alt=\"\" width=\"249\" height=\"63\"><\/a><\/p>\n<p>&nbsp;<\/p>\n","protected":false},"excerpt":{"rendered":"<p>Pr\u00e9sentoir pour pupitre avec cadre \u00e0 encliqueter A3 r\u00e9glable verticalement ou horizontalement. Personnalisable avec le choix de la finition des coins et avec l&rsquo;ajout d&rsquo;accessoires porte-brochures.<\/p>\n","protected":false},"featured_media":88624,"comment_status":"open","ping_status":"closed","template":"","meta":{"_acf_changed":false},"pwb-brand":[],"product_brand":[3872],"product_cat":[2915,3024,2914,2913],"product_tag":[6529,6533,6535,3180,3183,6534,6528,6532,6432,6531,6433,6530],"class_list":{"0":"post-88698","1":"product","2":"type-product","3":"status-publish","4":"has-post-thumbnail","6":"product_brand-smartystore","7":"product_cat-ecrans-avec-cadres-instantanes","8":"product_cat-pupitres-et-tables","9":"product_cat-quadra-series-fr","10":"product_cat-structures-autoportantes-et-soutient","11":"product_tag-lire-ou-pivoter-horizontalement-et-verticalement","12":"product_tag-panneaux-daffichage-au-sol","13":"product_tag-porte-message-au-sol","14":"product_tag-pupitre","15":"product_tag-pupitre-a-cadre-clipsable-a4","16":"product_tag-pupitre-a3-sur-pied-2","17":"product_tag-pupitre-avec-cadre-a-encliqueter-a3","18":"product_tag-pupitre-de-musee","19":"product_tag-pupitre-en-metal","20":"product_tag-pupitre-stable","21":"product_tag-tableau-daffichage-2","22":"product_tag-tableau-daffichage-avec-cadre-a3","23":"pa_accessori-non","24":"pa_accessori-porte-brochures-a4-fr","25":"pa_accessori-porte-brochures-a5-fr","26":"pa_c2c_angolo-rond","27":"pa_c2c_angolo-vif","28":"pa_c2c_base-base-carree","29":"pa_c2c_color-argent","30":"pa_c2c_dimensione-a3-fr","31":"pa_c2c_mono_bifacciale-simple-face","32":"pa_c2c_trovraprezzi-oui","33":"pa_serie-quadra-series","35":"first","36":"instock","37":"taxable","38":"shipping-taxable","39":"purchasable","40":"product-type-variable"},"acf":[],"yoast_head":"<!-- This site is optimized with the Yoast SEO plugin v27.4 - https:\/\/yoast.com\/product\/yoast-seo-wordpress\/ -->\n<title>Pupitre A3 r\u00e9glable avec cadre \u00e0 encliqueter - Au Meilleur Prix<\/title>\n<meta name=\"description\" content=\"Pupitre A3 r\u00e9glable \u00e0 cadre encliquetable - S\u00e9rie Quadra. Personnalisable dans le choix de la finition du cadre et avec l&#039;ajout de porte-brochures.\" \/>\n<meta name=\"robots\" content=\"index, follow, max-snippet:-1, max-image-preview:large, max-video-preview:-1\" \/>\n<link rel=\"canonical\" href=\"https:\/\/www.smartystore.it\/fr\/prodotto\/pupitre-avec-cadre-a-pression-a3-reglable-serie-quadra\/\" \/>\n<meta property=\"og:locale\" content=\"fr_FR\" \/>\n<meta property=\"og:type\" content=\"article\" \/>\n<meta property=\"og:title\" content=\"Pupitre A3 r\u00e9glable avec cadre \u00e0 encliqueter - Au Meilleur Prix\" \/>\n<meta property=\"og:description\" content=\"Pupitre A3 r\u00e9glable \u00e0 cadre encliquetable - S\u00e9rie Quadra. Personnalisable dans le choix de la finition du cadre et avec l&#039;ajout de porte-brochures.\" \/>\n<meta property=\"og:url\" content=\"https:\/\/www.smartystore.it\/fr\/prodotto\/pupitre-avec-cadre-a-pression-a3-reglable-serie-quadra\/\" \/>\n<meta property=\"og:site_name\" content=\"Smarty Store\" \/>\n<meta property=\"article:modified_time\" content=\"2026-02-21T11:28:26+00:00\" \/>\n<meta property=\"og:image\" content=\"https:\/\/www.smartystore.it\/v25\/wp-content\/uploads\/2024\/07\/Leggio-con-cornice-a-scatto-A3-orientabile_serie-quadra.jpg\" \/>\n\t<meta property=\"og:image:width\" content=\"1000\" \/>\n\t<meta property=\"og:image:height\" content=\"1000\" \/>\n\t<meta property=\"og:image:type\" content=\"image\/jpeg\" \/>\n<meta name=\"twitter:card\" content=\"summary_large_image\" \/>\n<meta name=\"twitter:label1\" content=\"Dur\u00e9e de lecture estim\u00e9e\" \/>\n\t<meta name=\"twitter:data1\" content=\"2 minutes\" \/>\n<script type=\"application\/ld+json\" class=\"yoast-schema-graph\">{\"@context\":\"https:\\\/\\\/schema.org\",\"@graph\":[{\"@type\":\"WebPage\",\"@id\":\"https:\\\/\\\/www.smartystore.it\\\/fr\\\/prodotto\\\/pupitre-avec-cadre-a-pression-a3-reglable-serie-quadra\\\/\",\"url\":\"https:\\\/\\\/www.smartystore.it\\\/fr\\\/prodotto\\\/pupitre-avec-cadre-a-pression-a3-reglable-serie-quadra\\\/\",\"name\":\"Pupitre A3 r\u00e9glable avec cadre \u00e0 encliqueter - Au Meilleur Prix\",\"isPartOf\":{\"@id\":\"https:\\\/\\\/www.smartystore.it\\\/fr\\\/#website\"},\"primaryImageOfPage\":{\"@id\":\"https:\\\/\\\/www.smartystore.it\\\/fr\\\/prodotto\\\/pupitre-avec-cadre-a-pression-a3-reglable-serie-quadra\\\/#primaryimage\"},\"image\":{\"@id\":\"https:\\\/\\\/www.smartystore.it\\\/fr\\\/prodotto\\\/pupitre-avec-cadre-a-pression-a3-reglable-serie-quadra\\\/#primaryimage\"},\"thumbnailUrl\":\"https:\\\/\\\/www.smartystore.it\\\/v25\\\/wp-content\\\/uploads\\\/2024\\\/07\\\/Leggio-con-cornice-a-scatto-A3-orientabile_serie-quadra.jpg\",\"datePublished\":\"2024-07-16T16:17:04+00:00\",\"dateModified\":\"2026-02-21T11:28:26+00:00\",\"description\":\"Pupitre A3 r\u00e9glable \u00e0 cadre encliquetable - S\u00e9rie Quadra. Personnalisable dans le choix de la finition du cadre et avec l'ajout de porte-brochures.\",\"breadcrumb\":{\"@id\":\"https:\\\/\\\/www.smartystore.it\\\/fr\\\/prodotto\\\/pupitre-avec-cadre-a-pression-a3-reglable-serie-quadra\\\/#breadcrumb\"},\"inLanguage\":\"fr-FR\",\"potentialAction\":[{\"@type\":\"ReadAction\",\"target\":[\"https:\\\/\\\/www.smartystore.it\\\/fr\\\/prodotto\\\/pupitre-avec-cadre-a-pression-a3-reglable-serie-quadra\\\/\"]}]},{\"@type\":\"ImageObject\",\"inLanguage\":\"fr-FR\",\"@id\":\"https:\\\/\\\/www.smartystore.it\\\/fr\\\/prodotto\\\/pupitre-avec-cadre-a-pression-a3-reglable-serie-quadra\\\/#primaryimage\",\"url\":\"https:\\\/\\\/www.smartystore.it\\\/v25\\\/wp-content\\\/uploads\\\/2024\\\/07\\\/Leggio-con-cornice-a-scatto-A3-orientabile_serie-quadra.jpg\",\"contentUrl\":\"https:\\\/\\\/www.smartystore.it\\\/v25\\\/wp-content\\\/uploads\\\/2024\\\/07\\\/Leggio-con-cornice-a-scatto-A3-orientabile_serie-quadra.jpg\",\"width\":1000,\"height\":1000},{\"@type\":\"BreadcrumbList\",\"@id\":\"https:\\\/\\\/www.smartystore.it\\\/fr\\\/prodotto\\\/pupitre-avec-cadre-a-pression-a3-reglable-serie-quadra\\\/#breadcrumb\",\"itemListElement\":[{\"@type\":\"ListItem\",\"position\":1,\"name\":\"Home\",\"item\":\"https:\\\/\\\/www.smartystore.it\\\/fr\\\/\"},{\"@type\":\"ListItem\",\"position\":2,\"name\":\"Boutique\",\"item\":\"https:\\\/\\\/www.smartystore.it\\\/fr\\\/boutique\\\/\"},{\"@type\":\"ListItem\",\"position\":3,\"name\":\"Pupitre A3 r\u00e9glable avec cadre \u00e0 encliqueter\"}]},{\"@type\":\"WebSite\",\"@id\":\"https:\\\/\\\/www.smartystore.it\\\/fr\\\/#website\",\"url\":\"https:\\\/\\\/www.smartystore.it\\\/fr\\\/\",\"name\":\"Smarty Store\",\"description\":\"Espositori Pubblicitari e Sistemi di Comunicazione Visiva\",\"potentialAction\":[{\"@type\":\"SearchAction\",\"target\":{\"@type\":\"EntryPoint\",\"urlTemplate\":\"https:\\\/\\\/www.smartystore.it\\\/fr\\\/?s={search_term_string}\"},\"query-input\":{\"@type\":\"PropertyValueSpecification\",\"valueRequired\":true,\"valueName\":\"search_term_string\"}}],\"inLanguage\":\"fr-FR\"}]}<\/script>\n<!-- \/ Yoast SEO plugin. -->","yoast_head_json":{"title":"Pupitre A3 r\u00e9glable avec cadre \u00e0 encliqueter - Au Meilleur Prix","description":"Pupitre A3 r\u00e9glable \u00e0 cadre encliquetable - S\u00e9rie Quadra. Personnalisable dans le choix de la finition du cadre et avec l'ajout de porte-brochures.","robots":{"index":"index","follow":"follow","max-snippet":"max-snippet:-1","max-image-preview":"max-image-preview:large","max-video-preview":"max-video-preview:-1"},"canonical":"https:\/\/www.smartystore.it\/fr\/prodotto\/pupitre-avec-cadre-a-pression-a3-reglable-serie-quadra\/","og_locale":"fr_FR","og_type":"article","og_title":"Pupitre A3 r\u00e9glable avec cadre \u00e0 encliqueter - Au Meilleur Prix","og_description":"Pupitre A3 r\u00e9glable \u00e0 cadre encliquetable - S\u00e9rie Quadra. Personnalisable dans le choix de la finition du cadre et avec l'ajout de porte-brochures.","og_url":"https:\/\/www.smartystore.it\/fr\/prodotto\/pupitre-avec-cadre-a-pression-a3-reglable-serie-quadra\/","og_site_name":"Smarty Store","article_modified_time":"2026-02-21T11:28:26+00:00","og_image":[{"width":1000,"height":1000,"url":"https:\/\/www.smartystore.it\/v25\/wp-content\/uploads\/2024\/07\/Leggio-con-cornice-a-scatto-A3-orientabile_serie-quadra.jpg","type":"image\/jpeg"}],"twitter_card":"summary_large_image","twitter_misc":{"Dur\u00e9e de lecture estim\u00e9e":"2 minutes"},"schema":{"@context":"https:\/\/schema.org","@graph":[{"@type":"WebPage","@id":"https:\/\/www.smartystore.it\/fr\/prodotto\/pupitre-avec-cadre-a-pression-a3-reglable-serie-quadra\/","url":"https:\/\/www.smartystore.it\/fr\/prodotto\/pupitre-avec-cadre-a-pression-a3-reglable-serie-quadra\/","name":"Pupitre A3 r\u00e9glable avec cadre \u00e0 encliqueter - Au Meilleur Prix","isPartOf":{"@id":"https:\/\/www.smartystore.it\/fr\/#website"},"primaryImageOfPage":{"@id":"https:\/\/www.smartystore.it\/fr\/prodotto\/pupitre-avec-cadre-a-pression-a3-reglable-serie-quadra\/#primaryimage"},"image":{"@id":"https:\/\/www.smartystore.it\/fr\/prodotto\/pupitre-avec-cadre-a-pression-a3-reglable-serie-quadra\/#primaryimage"},"thumbnailUrl":"https:\/\/www.smartystore.it\/v25\/wp-content\/uploads\/2024\/07\/Leggio-con-cornice-a-scatto-A3-orientabile_serie-quadra.jpg","datePublished":"2024-07-16T16:17:04+00:00","dateModified":"2026-02-21T11:28:26+00:00","description":"Pupitre A3 r\u00e9glable \u00e0 cadre encliquetable - S\u00e9rie Quadra. Personnalisable dans le choix de la finition du cadre et avec l'ajout de porte-brochures.","breadcrumb":{"@id":"https:\/\/www.smartystore.it\/fr\/prodotto\/pupitre-avec-cadre-a-pression-a3-reglable-serie-quadra\/#breadcrumb"},"inLanguage":"fr-FR","potentialAction":[{"@type":"ReadAction","target":["https:\/\/www.smartystore.it\/fr\/prodotto\/pupitre-avec-cadre-a-pression-a3-reglable-serie-quadra\/"]}]},{"@type":"ImageObject","inLanguage":"fr-FR","@id":"https:\/\/www.smartystore.it\/fr\/prodotto\/pupitre-avec-cadre-a-pression-a3-reglable-serie-quadra\/#primaryimage","url":"https:\/\/www.smartystore.it\/v25\/wp-content\/uploads\/2024\/07\/Leggio-con-cornice-a-scatto-A3-orientabile_serie-quadra.jpg","contentUrl":"https:\/\/www.smartystore.it\/v25\/wp-content\/uploads\/2024\/07\/Leggio-con-cornice-a-scatto-A3-orientabile_serie-quadra.jpg","width":1000,"height":1000},{"@type":"BreadcrumbList","@id":"https:\/\/www.smartystore.it\/fr\/prodotto\/pupitre-avec-cadre-a-pression-a3-reglable-serie-quadra\/#breadcrumb","itemListElement":[{"@type":"ListItem","position":1,"name":"Home","item":"https:\/\/www.smartystore.it\/fr\/"},{"@type":"ListItem","position":2,"name":"Boutique","item":"https:\/\/www.smartystore.it\/fr\/boutique\/"},{"@type":"ListItem","position":3,"name":"Pupitre A3 r\u00e9glable avec cadre \u00e0 encliqueter"}]},{"@type":"WebSite","@id":"https:\/\/www.smartystore.it\/fr\/#website","url":"https:\/\/www.smartystore.it\/fr\/","name":"Smarty Store","description":"Espositori Pubblicitari e Sistemi di Comunicazione Visiva","potentialAction":[{"@type":"SearchAction","target":{"@type":"EntryPoint","urlTemplate":"https:\/\/www.smartystore.it\/fr\/?s={search_term_string}"},"query-input":{"@type":"PropertyValueSpecification","valueRequired":true,"valueName":"search_term_string"}}],"inLanguage":"fr-FR"}]}},"brands":[],"_links":{"self":[{"href":"https:\/\/www.smartystore.it\/fr\/wp-json\/wp\/v2\/product\/88698","targetHints":{"allow":["GET"]}}],"collection":[{"href":"https:\/\/www.smartystore.it\/fr\/wp-json\/wp\/v2\/product"}],"about":[{"href":"https:\/\/www.smartystore.it\/fr\/wp-json\/wp\/v2\/types\/product"}],"replies":[{"embeddable":true,"href":"https:\/\/www.smartystore.it\/fr\/wp-json\/wp\/v2\/comments?post=88698"}],"wp:featuredmedia":[{"embeddable":true,"href":"https:\/\/www.smartystore.it\/fr\/wp-json\/wp\/v2\/media\/88624"}],"wp:attachment":[{"href":"https:\/\/www.smartystore.it\/fr\/wp-json\/wp\/v2\/media?parent=88698"}],"wp:term":[{"taxonomy":"pwb-brand","embeddable":true,"href":"https:\/\/www.smartystore.it\/fr\/wp-json\/wp\/v2\/pwb-brand?post=88698"},{"taxonomy":"product_brand","embeddable":true,"href":"https:\/\/www.smartystore.it\/fr\/wp-json\/wp\/v2\/product_brand?post=88698"},{"taxonomy":"product_cat","embeddable":true,"href":"https:\/\/www.smartystore.it\/fr\/wp-json\/wp\/v2\/product_cat?post=88698"},{"taxonomy":"product_tag","embeddable":true,"href":"https:\/\/www.smartystore.it\/fr\/wp-json\/wp\/v2\/product_tag?post=88698"}],"curies":[{"name":"wp","href":"https:\/\/api.w.org\/{rel}","templated":true}]}}