{"id":88593,"date":"2024-07-11T11:01:01","date_gmt":"2024-07-11T09:01:01","guid":{"rendered":"https:\/\/www.smartystore.it\/?post_type=product&#038;p=88593"},"modified":"2026-03-14T17:48:41","modified_gmt":"2026-03-14T15:48:41","slug":"presentoir-vertical-8xa4-a-cadre-pression-avec-double-montant","status":"publish","type":"product","link":"https:\/\/www.smartystore.it\/fr\/prodotto\/presentoir-vertical-8xa4-a-cadre-pression-avec-double-montant\/","title":{"rendered":"Affichage du cadre 8xA4 vertical"},"content":{"rendered":"<div class=\"wpb-content-wrapper\"><p>[vc_row][vc_column][vc_column_text css=\u00a0\u00bb\u00a0\u00bb css_params=\u00a0\u00bb\u00a0\u00bb]<\/p>\n<h1>Pr\u00e9sentoir vertical 8xA4 \u00e0 cadre pression avec double montant<\/h1>\n<p>Le pr\u00e9sentoir vertical \u00e0 cadre clipsable 8xA4 avec double montant est une structure sur pied qui fait partie de la gamme SERIE QUADRA. Enti\u00e8rement r\u00e9alis\u00e9 en aluminium, il est compos\u00e9 d&rsquo;un cadre \u00e0 clipser pour impressions A4, d&rsquo;un montant \u00e0 section carr\u00e9e (d&rsquo;o\u00f9 la s\u00e9rie tire son nom) et d&rsquo;une base en m\u00e9tal thermolaqu\u00e9 argent\u00e9. <\/p>\n<p>Adapt\u00e9 \u00e0 l&rsquo;affichage de messages promotionnels ou m\u00eame simplement de messages pour indiquer la direction \u00e0 suivre pour atteindre les bureaux et les \u00e9tages souhait\u00e9s, le pr\u00e9sentoir autoportant avec cadre clic-clac peut \u00eatre utilis\u00e9 dans des endroits tels que les salles d&rsquo;exposition, les supermarch\u00e9s, les r\u00e9unions, les conventions, les entr\u00e9es d&rsquo;entreprise et dans tout endroit o\u00f9 vous avez besoin d&rsquo;afficher votre message.<\/p>\n<h2>Personnalisation de l&rsquo;\u00e9cran \u00e0 cadre vertical \u00e0 double pilier 8xA4<\/h2>\n<p>Ce pr\u00e9sentoir peut \u00eatre personnalis\u00e9 selon vos besoins en choisissant la finition du cadre lors de la phase d&rsquo;achat (qu&rsquo;il soit \u00e0 angles vifs ou \u00e0 angles arrondis), et qu&rsquo;il soit en version simple face ou double face selon qu&rsquo;il doit \u00eatre positionn\u00e9 sur un passage \u00e0 sens unique ou \u00e0 double sens.<\/p>\n<p>Le montant de 30\u00d730 mm rend la structure plus <strong>robuste et stable<\/strong>.<\/p>\n<p>Une autre remarque suppl\u00e9mentaire est la possibilit\u00e9 de choisir lors de la phase de commande si vous souhaitez <span style=\"text-decoration: underline;\"><strong>personnaliser l&rsquo;affichage <\/strong><strong>avec vos propres graphiques <\/strong><\/span>\u00e0 l&rsquo;aide d&rsquo;un panneau forex.<\/p>\n<h3>CARACT\u00c9RISTIQUES:<\/h3>\n<ul>\n<li>Cadre : cadre 25 (largeur du profil : 25 mm.).<\/li>\n<li>Possibilit\u00e9 de choisir le type de cadre : coin pointu ou coin rond chrom\u00e9.<\/li>\n<li>Montant double en aluminium anodis\u00e9 \u00e0 section carr\u00e9e : H 185 &#8211; L 3 cm.<\/li>\n<li>Base carr\u00e9e en m\u00e9tal thermolaqu\u00e9 argent : L 32,5 cm. &#8211; H 0,6 cm. &#8211; D 32,5 cm.  <\/li>\n<li><span style=\"text-decoration: underline;\"><strong>BASE ANTI-TR\u00c9CISSEMENT ULTRA PLATE : \u00e9paisseur 6 mm.<\/strong><\/span><\/li>\n<li>Application de deux cadres \u00e0 pression en aluminium argent\u00e9 avec protection PVC antireflet.<\/li>\n<li>Format imprim\u00e9 : A4 portrait.<\/li>\n<li>Zone visible : 19 x 27,7 cm<\/li>\n<li>Dimensions du cadre : 24,1 x 32,8 cm.<\/li>\n<li>Dimensions de l&rsquo;\u00e9cran : L 52,0 &#8211; H 185,6 &#8211; P 32,5<\/li>\n<\/ul>\n<h3 style=\"text-align: center;\">\u00c9galement disponible en version simple verticale : <a href=\"https:\/\/www.smartystore.it\/fr\/prodotto\/presentoir-vertical-8xa4-a-cadre-pression-avec-double-montant\/\" target=\"_blank\" rel=\"noopener\"><strong>LIEN<\/strong><\/a><\/h3>\n<p>&nbsp;<\/p>\n<p><a href=\"https:\/\/www.smartystore.it\/v25\/wp-content\/uploads\/2024\/07\/SST-PMAA4V.pdf\" target=\"_blank\" rel=\"noopener\"><img loading=\"lazy\" decoding=\"async\" class=\"alignnone size-full wp-image-93510\" src=\"https:\/\/www.smartystore.it\/v25\/wp-content\/uploads\/2014\/10\/SchedaTecnica-300-e1750084266903.png\" alt=\"\" width=\"249\" height=\"63\"><\/a><\/p>\n<p>&nbsp;<\/p>\n<p>[\/vc_column_text][\/vc_column][\/vc_row]<\/p>\n<\/div>","protected":false},"excerpt":{"rendered":"<p>Structure autoportante simple ou double face avec double montant en aluminium anodis\u00e9 \u00e0 section carr\u00e9e et cadres A4. Possibilit\u00e9 de choisir le type de finition des coins. Affichage personnalisable avec vos propres graphiques.<\/p>\n","protected":false},"featured_media":88563,"comment_status":"open","ping_status":"closed","template":"","meta":{"_acf_changed":false},"pwb-brand":[],"product_brand":[3872],"product_cat":[2915,2912,2914,2913],"product_tag":[3285,3956,3757,3755,3284,3756,6537],"class_list":{"0":"post-88593","1":"product","2":"type-product","3":"status-publish","4":"has-post-thumbnail","6":"product_brand-smartystore","7":"product_cat-ecrans-avec-cadres-instantanes","8":"product_cat-cadres-instantanes","9":"product_cat-quadra-series-fr","10":"product_cat-structures-autoportantes-et-soutient","11":"product_tag-affichage-porte-message-personnalise","12":"product_tag-porte-message-a4","13":"product_tag-presentoir-au-sol-avec-8-cadres-a4","14":"product_tag-presentoir-avec-8-cadres-photo-a4","15":"product_tag-presentoir-avec-cadres-a-pression","16":"product_tag-presentoir-totem-avec-8-cadres-verticaux-a4","17":"product_tag-tableau-daffichage-a4-personnalisable","18":"pa_c2c_angolo-rond","19":"pa_c2c_angolo-vif","20":"pa_c2c_base-base-carree","21":"pa_c2c_color-argent","22":"pa_c2c_dimensione-8-x-a4","23":"pa_c2c_mono_bifacciale-double-face","24":"pa_c2c_mono_bifacciale-simple-face","25":"pa_c2c_orientamento-verticale","26":"pa_c2c_stampa-non","27":"pa_c2c_stampa-oui","28":"pa_c2c_trovraprezzi-oui","29":"pa_serie-quadra-series","31":"first","32":"instock","33":"taxable","34":"shipping-taxable","35":"purchasable","36":"product-type-variable"},"acf":[],"yoast_head":"<!-- This site is optimized with the Yoast SEO plugin v27.4 - https:\/\/yoast.com\/product\/yoast-seo-wordpress\/ -->\n<title>Affichage du cadre 8xA4 vertical - Smarty Store Au Meilleur Prix<\/title>\n<meta name=\"description\" content=\"Pr\u00e9sentoir \u00e0 cadre vertical 8xA4 avec double montant PERSONNALISABLE AVEC DES GRAPHIQUES. Choix de finition, avec des angles vifs ou arrondis.\" \/>\n<meta name=\"robots\" content=\"index, follow, max-snippet:-1, max-image-preview:large, max-video-preview:-1\" \/>\n<link rel=\"canonical\" href=\"https:\/\/www.smartystore.it\/fr\/prodotto\/presentoir-vertical-8xa4-a-cadre-pression-avec-double-montant\/\" \/>\n<meta property=\"og:locale\" content=\"fr_FR\" \/>\n<meta property=\"og:type\" content=\"article\" \/>\n<meta property=\"og:title\" content=\"Affichage du cadre 8xA4 vertical - Smarty Store Au Meilleur Prix\" \/>\n<meta property=\"og:description\" content=\"Pr\u00e9sentoir \u00e0 cadre vertical 8xA4 avec double montant PERSONNALISABLE AVEC DES GRAPHIQUES. Choix de finition, avec des angles vifs ou arrondis.\" \/>\n<meta property=\"og:url\" content=\"https:\/\/www.smartystore.it\/fr\/prodotto\/presentoir-vertical-8xa4-a-cadre-pression-avec-double-montant\/\" \/>\n<meta property=\"og:site_name\" content=\"Smarty Store\" \/>\n<meta property=\"article:modified_time\" content=\"2026-03-14T15:48:41+00:00\" \/>\n<meta property=\"og:image\" content=\"https:\/\/www.smartystore.it\/v25\/wp-content\/uploads\/2024\/07\/Espositore-con-cornice-a-scatto-8xA4-verticale-con-doppio-montante.jpg\" \/>\n\t<meta property=\"og:image:width\" content=\"1000\" \/>\n\t<meta property=\"og:image:height\" content=\"1000\" \/>\n\t<meta property=\"og:image:type\" content=\"image\/jpeg\" \/>\n<meta name=\"twitter:card\" content=\"summary_large_image\" \/>\n<meta name=\"twitter:label1\" content=\"Dur\u00e9e de lecture estim\u00e9e\" \/>\n\t<meta name=\"twitter:data1\" content=\"3 minutes\" \/>\n<script type=\"application\/ld+json\" class=\"yoast-schema-graph\">{\"@context\":\"https:\\\/\\\/schema.org\",\"@graph\":[{\"@type\":\"WebPage\",\"@id\":\"https:\\\/\\\/www.smartystore.it\\\/fr\\\/prodotto\\\/presentoir-vertical-8xa4-a-cadre-pression-avec-double-montant\\\/\",\"url\":\"https:\\\/\\\/www.smartystore.it\\\/fr\\\/prodotto\\\/presentoir-vertical-8xa4-a-cadre-pression-avec-double-montant\\\/\",\"name\":\"Affichage du cadre 8xA4 vertical - Smarty Store Au Meilleur Prix\",\"isPartOf\":{\"@id\":\"https:\\\/\\\/www.smartystore.it\\\/fr\\\/#website\"},\"primaryImageOfPage\":{\"@id\":\"https:\\\/\\\/www.smartystore.it\\\/fr\\\/prodotto\\\/presentoir-vertical-8xa4-a-cadre-pression-avec-double-montant\\\/#primaryimage\"},\"image\":{\"@id\":\"https:\\\/\\\/www.smartystore.it\\\/fr\\\/prodotto\\\/presentoir-vertical-8xa4-a-cadre-pression-avec-double-montant\\\/#primaryimage\"},\"thumbnailUrl\":\"https:\\\/\\\/www.smartystore.it\\\/v25\\\/wp-content\\\/uploads\\\/2024\\\/07\\\/Espositore-con-cornice-a-scatto-8xA4-verticale-con-doppio-montante.jpg\",\"datePublished\":\"2024-07-11T09:01:01+00:00\",\"dateModified\":\"2026-03-14T15:48:41+00:00\",\"description\":\"Pr\u00e9sentoir \u00e0 cadre vertical 8xA4 avec double montant PERSONNALISABLE AVEC DES GRAPHIQUES. Choix de finition, avec des angles vifs ou arrondis.\",\"breadcrumb\":{\"@id\":\"https:\\\/\\\/www.smartystore.it\\\/fr\\\/prodotto\\\/presentoir-vertical-8xa4-a-cadre-pression-avec-double-montant\\\/#breadcrumb\"},\"inLanguage\":\"fr-FR\",\"potentialAction\":[{\"@type\":\"ReadAction\",\"target\":[\"https:\\\/\\\/www.smartystore.it\\\/fr\\\/prodotto\\\/presentoir-vertical-8xa4-a-cadre-pression-avec-double-montant\\\/\"]}]},{\"@type\":\"ImageObject\",\"inLanguage\":\"fr-FR\",\"@id\":\"https:\\\/\\\/www.smartystore.it\\\/fr\\\/prodotto\\\/presentoir-vertical-8xa4-a-cadre-pression-avec-double-montant\\\/#primaryimage\",\"url\":\"https:\\\/\\\/www.smartystore.it\\\/v25\\\/wp-content\\\/uploads\\\/2024\\\/07\\\/Espositore-con-cornice-a-scatto-8xA4-verticale-con-doppio-montante.jpg\",\"contentUrl\":\"https:\\\/\\\/www.smartystore.it\\\/v25\\\/wp-content\\\/uploads\\\/2024\\\/07\\\/Espositore-con-cornice-a-scatto-8xA4-verticale-con-doppio-montante.jpg\",\"width\":1000,\"height\":1000,\"caption\":\"Espositore porta messaggi con cornice a scatto 8xA4 verticale con doppio montante\"},{\"@type\":\"BreadcrumbList\",\"@id\":\"https:\\\/\\\/www.smartystore.it\\\/fr\\\/prodotto\\\/presentoir-vertical-8xa4-a-cadre-pression-avec-double-montant\\\/#breadcrumb\",\"itemListElement\":[{\"@type\":\"ListItem\",\"position\":1,\"name\":\"Home\",\"item\":\"https:\\\/\\\/www.smartystore.it\\\/fr\\\/\"},{\"@type\":\"ListItem\",\"position\":2,\"name\":\"Boutique\",\"item\":\"https:\\\/\\\/www.smartystore.it\\\/fr\\\/boutique\\\/\"},{\"@type\":\"ListItem\",\"position\":3,\"name\":\"Affichage du cadre 8xA4 vertical\"}]},{\"@type\":\"WebSite\",\"@id\":\"https:\\\/\\\/www.smartystore.it\\\/fr\\\/#website\",\"url\":\"https:\\\/\\\/www.smartystore.it\\\/fr\\\/\",\"name\":\"Smarty Store\",\"description\":\"Espositori Pubblicitari e Sistemi di Comunicazione Visiva\",\"potentialAction\":[{\"@type\":\"SearchAction\",\"target\":{\"@type\":\"EntryPoint\",\"urlTemplate\":\"https:\\\/\\\/www.smartystore.it\\\/fr\\\/?s={search_term_string}\"},\"query-input\":{\"@type\":\"PropertyValueSpecification\",\"valueRequired\":true,\"valueName\":\"search_term_string\"}}],\"inLanguage\":\"fr-FR\"}]}<\/script>\n<!-- \/ Yoast SEO plugin. -->","yoast_head_json":{"title":"Affichage du cadre 8xA4 vertical - Smarty Store Au Meilleur Prix","description":"Pr\u00e9sentoir \u00e0 cadre vertical 8xA4 avec double montant PERSONNALISABLE AVEC DES GRAPHIQUES. Choix de finition, avec des angles vifs ou arrondis.","robots":{"index":"index","follow":"follow","max-snippet":"max-snippet:-1","max-image-preview":"max-image-preview:large","max-video-preview":"max-video-preview:-1"},"canonical":"https:\/\/www.smartystore.it\/fr\/prodotto\/presentoir-vertical-8xa4-a-cadre-pression-avec-double-montant\/","og_locale":"fr_FR","og_type":"article","og_title":"Affichage du cadre 8xA4 vertical - Smarty Store Au Meilleur Prix","og_description":"Pr\u00e9sentoir \u00e0 cadre vertical 8xA4 avec double montant PERSONNALISABLE AVEC DES GRAPHIQUES. Choix de finition, avec des angles vifs ou arrondis.","og_url":"https:\/\/www.smartystore.it\/fr\/prodotto\/presentoir-vertical-8xa4-a-cadre-pression-avec-double-montant\/","og_site_name":"Smarty Store","article_modified_time":"2026-03-14T15:48:41+00:00","og_image":[{"width":1000,"height":1000,"url":"https:\/\/www.smartystore.it\/v25\/wp-content\/uploads\/2024\/07\/Espositore-con-cornice-a-scatto-8xA4-verticale-con-doppio-montante.jpg","type":"image\/jpeg"}],"twitter_card":"summary_large_image","twitter_misc":{"Dur\u00e9e de lecture estim\u00e9e":"3 minutes"},"schema":{"@context":"https:\/\/schema.org","@graph":[{"@type":"WebPage","@id":"https:\/\/www.smartystore.it\/fr\/prodotto\/presentoir-vertical-8xa4-a-cadre-pression-avec-double-montant\/","url":"https:\/\/www.smartystore.it\/fr\/prodotto\/presentoir-vertical-8xa4-a-cadre-pression-avec-double-montant\/","name":"Affichage du cadre 8xA4 vertical - Smarty Store Au Meilleur Prix","isPartOf":{"@id":"https:\/\/www.smartystore.it\/fr\/#website"},"primaryImageOfPage":{"@id":"https:\/\/www.smartystore.it\/fr\/prodotto\/presentoir-vertical-8xa4-a-cadre-pression-avec-double-montant\/#primaryimage"},"image":{"@id":"https:\/\/www.smartystore.it\/fr\/prodotto\/presentoir-vertical-8xa4-a-cadre-pression-avec-double-montant\/#primaryimage"},"thumbnailUrl":"https:\/\/www.smartystore.it\/v25\/wp-content\/uploads\/2024\/07\/Espositore-con-cornice-a-scatto-8xA4-verticale-con-doppio-montante.jpg","datePublished":"2024-07-11T09:01:01+00:00","dateModified":"2026-03-14T15:48:41+00:00","description":"Pr\u00e9sentoir \u00e0 cadre vertical 8xA4 avec double montant PERSONNALISABLE AVEC DES GRAPHIQUES. Choix de finition, avec des angles vifs ou arrondis.","breadcrumb":{"@id":"https:\/\/www.smartystore.it\/fr\/prodotto\/presentoir-vertical-8xa4-a-cadre-pression-avec-double-montant\/#breadcrumb"},"inLanguage":"fr-FR","potentialAction":[{"@type":"ReadAction","target":["https:\/\/www.smartystore.it\/fr\/prodotto\/presentoir-vertical-8xa4-a-cadre-pression-avec-double-montant\/"]}]},{"@type":"ImageObject","inLanguage":"fr-FR","@id":"https:\/\/www.smartystore.it\/fr\/prodotto\/presentoir-vertical-8xa4-a-cadre-pression-avec-double-montant\/#primaryimage","url":"https:\/\/www.smartystore.it\/v25\/wp-content\/uploads\/2024\/07\/Espositore-con-cornice-a-scatto-8xA4-verticale-con-doppio-montante.jpg","contentUrl":"https:\/\/www.smartystore.it\/v25\/wp-content\/uploads\/2024\/07\/Espositore-con-cornice-a-scatto-8xA4-verticale-con-doppio-montante.jpg","width":1000,"height":1000,"caption":"Espositore porta messaggi con cornice a scatto 8xA4 verticale con doppio montante"},{"@type":"BreadcrumbList","@id":"https:\/\/www.smartystore.it\/fr\/prodotto\/presentoir-vertical-8xa4-a-cadre-pression-avec-double-montant\/#breadcrumb","itemListElement":[{"@type":"ListItem","position":1,"name":"Home","item":"https:\/\/www.smartystore.it\/fr\/"},{"@type":"ListItem","position":2,"name":"Boutique","item":"https:\/\/www.smartystore.it\/fr\/boutique\/"},{"@type":"ListItem","position":3,"name":"Affichage du cadre 8xA4 vertical"}]},{"@type":"WebSite","@id":"https:\/\/www.smartystore.it\/fr\/#website","url":"https:\/\/www.smartystore.it\/fr\/","name":"Smarty Store","description":"Espositori Pubblicitari e Sistemi di Comunicazione Visiva","potentialAction":[{"@type":"SearchAction","target":{"@type":"EntryPoint","urlTemplate":"https:\/\/www.smartystore.it\/fr\/?s={search_term_string}"},"query-input":{"@type":"PropertyValueSpecification","valueRequired":true,"valueName":"search_term_string"}}],"inLanguage":"fr-FR"}]}},"brands":[],"_links":{"self":[{"href":"https:\/\/www.smartystore.it\/fr\/wp-json\/wp\/v2\/product\/88593","targetHints":{"allow":["GET"]}}],"collection":[{"href":"https:\/\/www.smartystore.it\/fr\/wp-json\/wp\/v2\/product"}],"about":[{"href":"https:\/\/www.smartystore.it\/fr\/wp-json\/wp\/v2\/types\/product"}],"replies":[{"embeddable":true,"href":"https:\/\/www.smartystore.it\/fr\/wp-json\/wp\/v2\/comments?post=88593"}],"wp:featuredmedia":[{"embeddable":true,"href":"https:\/\/www.smartystore.it\/fr\/wp-json\/wp\/v2\/media\/88563"}],"wp:attachment":[{"href":"https:\/\/www.smartystore.it\/fr\/wp-json\/wp\/v2\/media?parent=88593"}],"wp:term":[{"taxonomy":"pwb-brand","embeddable":true,"href":"https:\/\/www.smartystore.it\/fr\/wp-json\/wp\/v2\/pwb-brand?post=88593"},{"taxonomy":"product_brand","embeddable":true,"href":"https:\/\/www.smartystore.it\/fr\/wp-json\/wp\/v2\/product_brand?post=88593"},{"taxonomy":"product_cat","embeddable":true,"href":"https:\/\/www.smartystore.it\/fr\/wp-json\/wp\/v2\/product_cat?post=88593"},{"taxonomy":"product_tag","embeddable":true,"href":"https:\/\/www.smartystore.it\/fr\/wp-json\/wp\/v2\/product_tag?post=88593"}],"curies":[{"name":"wp","href":"https:\/\/api.w.org\/{rel}","templated":true}]}}