{"id":88314,"date":"2024-06-20T14:40:25","date_gmt":"2024-06-20T12:40:25","guid":{"rendered":"https:\/\/www.smartystore.it\/?post_type=product&#038;p=88314"},"modified":"2025-09-18T12:00:12","modified_gmt":"2025-09-18T10:00:12","slug":"presentoir-a-cadre-pression-3xa3-horizontal-avec-double-montant","status":"publish","type":"product","link":"https:\/\/www.smartystore.it\/fr\/prodotto\/presentoir-a-cadre-pression-3xa3-horizontal-avec-double-montant\/","title":{"rendered":"Pr\u00e9sentoir horizontal 3xA3 avec double pilier"},"content":{"rendered":"<div class=\"wpb-content-wrapper\"><p>[vc_row][vc_column][vc_column_text css=\u00a0\u00bb\u00a0\u00bb css_params=\u00a0\u00bb\u00a0\u00bb]<\/p>\n<h1>Pr\u00e9sentoir horizontal 3xA3 avec double pilier<\/h1>\n<p>Le pr\u00e9sentoir horizontal 3xA3 \u00e0 cadre encliquetable avec double montant est une structure sur pied qui fait partie de la ligne QUADRA SERIES. Enti\u00e8rement r\u00e9alis\u00e9e en aluminium, elle se compose d&rsquo;un cadre d&rsquo;encliquetage pour les imprim\u00e9s A3, d&rsquo;un montant \u00e0 section carr\u00e9e (d&rsquo;o\u00f9 le nom de la s\u00e9rie) et d&rsquo;une base en m\u00e9tal poudr\u00e9 argent\u00e9. <\/p>\n<p>Adapt\u00e9 \u00e0 l&rsquo;affichage de messages promotionnels ou m\u00eame simplement de messages pour indiquer la direction \u00e0 suivre pour atteindre les bureaux et les \u00e9tages souhait\u00e9s, le pr\u00e9sentoir autoportant avec cadre clic-clac peut \u00eatre utilis\u00e9 dans des endroits tels que les salles d&rsquo;exposition, les supermarch\u00e9s, les r\u00e9unions, les conventions, les entr\u00e9es d&rsquo;entreprise et dans tout endroit o\u00f9 vous avez besoin d&rsquo;afficher votre message.<\/p>\n<p>Ce pr\u00e9sentoir peut \u00eatre personnalis\u00e9 selon vos besoins en choisissant la finition du cadre lors de la phase d&rsquo;achat (qu&rsquo;il soit \u00e0 angles vifs ou \u00e0 angles arrondis), et qu&rsquo;il soit en version simple face ou double face selon qu&rsquo;il doit \u00eatre positionn\u00e9 sur un passage \u00e0 sens unique ou \u00e0 double sens.<\/p>\n<p>Le poteau de 30\u00d730 mm rend la structure <strong>plus robuste et plus stable.<\/strong><\/p>\n<p>Une autre remarque suppl\u00e9mentaire est la possibilit\u00e9 de choisir lors de la phase de commande si vous souhaitez <span style=\"text-decoration: underline;\"><strong>personnaliser l&rsquo;affichage <\/strong><strong>avec vos propres graphiques <\/strong><\/span>\u00e0 l&rsquo;aide d&rsquo;un panneau forex.<\/p>\n<h3>CARACT\u00c9RISTIQUES:<\/h3>\n<p>Cadre : cadre 25 (largeur du profil : 25 mm.).<\/p>\n<p>Possibilit\u00e9 de choisir le type de cadre : coin pointu ou coin rond chrom\u00e9.<\/p>\n<p>Montant double en aluminium anodis\u00e9 \u00e0 section carr\u00e9e : H 185 &#8211; L 3 cm.<\/p>\n<p>Base carr\u00e9e en m\u00e9tal thermolaqu\u00e9 argent : L 32,5 cm. &#8211; H 0,6 cm. &#8211; D 32,5 cm.  <\/p>\n<p><span style=\"text-decoration: underline;\"><strong>BASE ANTI-TR\u00c9CISSEMENT ULTRA PLATE : \u00e9paisseur 6 mm.<\/strong><\/span><\/p>\n<p>Application de deux cadres \u00e0 pression en aluminium argent\u00e9 avec protection PVC antireflet.<\/p>\n<p>Format d&rsquo;impression : A3 paysage.<\/p>\n<p>Surface visible : 40 x 27,7 cm<\/p>\n<p>Dimensions du cadre : 45,1 x 32,8 cm.<\/p>\n<p>Dimensions de l&rsquo;\u00e9cran : L 45,1 &#8211; H 185,6 &#8211; P 32,5<\/p>\n<p>\u00c9galement disponible en version simple verticale : <a href=\"https:\/\/www.smartystore.it\/prodotto\/espositore-autoportante-cornice-a-scatto-3-x-a3-serie-quadra\/\" target=\"_blank\" rel=\"noopener\"><strong>LINK<\/strong><\/a><\/p>\n<p><a href=\"https:\/\/www.smartystore.it\/v25\/wp-content\/uploads\/2024\/06\/SST-PMAA3H.pdf\" target=\"_blank\" rel=\"noopener\"><img loading=\"lazy\" decoding=\"async\" class=\"alignnone size-full wp-image-93510\" src=\"https:\/\/www.smartystore.it\/v25\/wp-content\/uploads\/2014\/10\/SchedaTecnica-300-e1750084266903.png\" alt=\"\" width=\"249\" height=\"63\"><\/a>[\/vc_column_text][\/vc_column][\/vc_row]<\/p>\n<\/div>","protected":false},"excerpt":{"rendered":"<p>Structure autoportante simple ou double face avec doubles montants en aluminium anodis\u00e9 de section carr\u00e9e et cadres A3. Possibilit\u00e9 de choisir le type de finition des coins. Affichage personnalisable avec vos propres graphiques.<\/p>\n","protected":false},"featured_media":88453,"comment_status":"open","ping_status":"closed","template":"","meta":{"_acf_changed":false},"pwb-brand":[],"product_brand":[],"product_cat":[2915,2912,2914,2913],"product_tag":[3285,3325,3323,3322,3284,3324],"class_list":{"0":"post-88314","1":"product","2":"type-product","3":"status-publish","4":"has-post-thumbnail","6":"product_cat-ecrans-avec-cadres-instantanes","7":"product_cat-cadres-instantanes","8":"product_cat-quadra-series-fr","9":"product_cat-structures-autoportantes-et-soutient","10":"product_tag-affichage-porte-message-personnalise","11":"product_tag-presentoir-a-messages-au-sol-avec-3-cadres-a3","12":"product_tag-presentoir-avec-3-cadres-a3-a-partir-du-sol","13":"product_tag-presentoir-avec-3-cadres-snap-a3","14":"product_tag-presentoir-avec-cadres-a-pression","15":"product_tag-presentoir-totem-avec-3-cadres-a3-horizontaux","16":"pa_c2c_angolo-rond","17":"pa_c2c_angolo-vif","18":"pa_c2c_base-base-carree","19":"pa_c2c_color-argent","20":"pa_c2c_dimensione-3-x-a3-fr","21":"pa_c2c_mono_bifacciale-double-face","22":"pa_c2c_mono_bifacciale-simple-face","23":"pa_c2c_orientamento-horizontal","24":"pa_c2c_stampa-non","25":"pa_c2c_stampa-oui","26":"pa_c2c_trovraprezzi-oui","27":"pa_serie-quadra-series","29":"first","30":"instock","31":"taxable","32":"shipping-taxable","33":"purchasable","34":"product-type-variable"},"acf":[],"yoast_head":"<!-- This site is optimized with the Yoast SEO plugin v27.4 - https:\/\/yoast.com\/product\/yoast-seo-wordpress\/ -->\n<title>Pr\u00e9sentoir horizontal 3xA3 avec double pilier - Achetez au Meilleur Prix<\/title>\n<meta name=\"description\" content=\"Pr\u00e9sentoir horizontal 3xA3 \u00e0 cadre encliquetable avec double montant PERSONNALISABLE AVEC GRAPHIQUE. Choix de finition, avec des angles vifs ou arrondis.\" \/>\n<meta name=\"robots\" content=\"index, follow, max-snippet:-1, max-image-preview:large, max-video-preview:-1\" \/>\n<link rel=\"canonical\" href=\"https:\/\/www.smartystore.it\/fr\/prodotto\/presentoir-a-cadre-pression-3xa3-horizontal-avec-double-montant\/\" \/>\n<meta property=\"og:locale\" content=\"fr_FR\" \/>\n<meta property=\"og:type\" content=\"article\" \/>\n<meta property=\"og:title\" content=\"Pr\u00e9sentoir horizontal 3xA3 avec double pilier - Achetez au Meilleur Prix\" \/>\n<meta property=\"og:description\" content=\"Pr\u00e9sentoir horizontal 3xA3 \u00e0 cadre encliquetable avec double montant PERSONNALISABLE AVEC GRAPHIQUE. Choix de finition, avec des angles vifs ou arrondis.\" \/>\n<meta property=\"og:url\" content=\"https:\/\/www.smartystore.it\/fr\/prodotto\/presentoir-a-cadre-pression-3xa3-horizontal-avec-double-montant\/\" \/>\n<meta property=\"og:site_name\" content=\"Smarty Store\" \/>\n<meta property=\"article:modified_time\" content=\"2025-09-18T10:00:12+00:00\" \/>\n<meta property=\"og:image\" content=\"https:\/\/www.smartystore.it\/v25\/wp-content\/uploads\/2024\/06\/Espositore-con-cornice-a-scatto-3xA3-orizzontale-con-doppio-montante-1.jpg\" \/>\n\t<meta property=\"og:image:width\" content=\"1000\" \/>\n\t<meta property=\"og:image:height\" content=\"1000\" \/>\n\t<meta property=\"og:image:type\" content=\"image\/jpeg\" \/>\n<meta name=\"twitter:card\" content=\"summary_large_image\" \/>\n<meta name=\"twitter:label1\" content=\"Dur\u00e9e de lecture estim\u00e9e\" \/>\n\t<meta name=\"twitter:data1\" content=\"3 minutes\" \/>\n<script type=\"application\/ld+json\" class=\"yoast-schema-graph\">{\"@context\":\"https:\\\/\\\/schema.org\",\"@graph\":[{\"@type\":\"WebPage\",\"@id\":\"https:\\\/\\\/www.smartystore.it\\\/fr\\\/prodotto\\\/presentoir-a-cadre-pression-3xa3-horizontal-avec-double-montant\\\/\",\"url\":\"https:\\\/\\\/www.smartystore.it\\\/fr\\\/prodotto\\\/presentoir-a-cadre-pression-3xa3-horizontal-avec-double-montant\\\/\",\"name\":\"Pr\u00e9sentoir horizontal 3xA3 avec double pilier - Achetez au Meilleur Prix\",\"isPartOf\":{\"@id\":\"https:\\\/\\\/www.smartystore.it\\\/fr\\\/#website\"},\"primaryImageOfPage\":{\"@id\":\"https:\\\/\\\/www.smartystore.it\\\/fr\\\/prodotto\\\/presentoir-a-cadre-pression-3xa3-horizontal-avec-double-montant\\\/#primaryimage\"},\"image\":{\"@id\":\"https:\\\/\\\/www.smartystore.it\\\/fr\\\/prodotto\\\/presentoir-a-cadre-pression-3xa3-horizontal-avec-double-montant\\\/#primaryimage\"},\"thumbnailUrl\":\"https:\\\/\\\/www.smartystore.it\\\/v25\\\/wp-content\\\/uploads\\\/2024\\\/06\\\/Espositore-con-cornice-a-scatto-3xA3-orizzontale-con-doppio-montante-1.jpg\",\"datePublished\":\"2024-06-20T12:40:25+00:00\",\"dateModified\":\"2025-09-18T10:00:12+00:00\",\"description\":\"Pr\u00e9sentoir horizontal 3xA3 \u00e0 cadre encliquetable avec double montant PERSONNALISABLE AVEC GRAPHIQUE. Choix de finition, avec des angles vifs ou arrondis.\",\"breadcrumb\":{\"@id\":\"https:\\\/\\\/www.smartystore.it\\\/fr\\\/prodotto\\\/presentoir-a-cadre-pression-3xa3-horizontal-avec-double-montant\\\/#breadcrumb\"},\"inLanguage\":\"fr-FR\",\"potentialAction\":[{\"@type\":\"ReadAction\",\"target\":[\"https:\\\/\\\/www.smartystore.it\\\/fr\\\/prodotto\\\/presentoir-a-cadre-pression-3xa3-horizontal-avec-double-montant\\\/\"]}]},{\"@type\":\"ImageObject\",\"inLanguage\":\"fr-FR\",\"@id\":\"https:\\\/\\\/www.smartystore.it\\\/fr\\\/prodotto\\\/presentoir-a-cadre-pression-3xa3-horizontal-avec-double-montant\\\/#primaryimage\",\"url\":\"https:\\\/\\\/www.smartystore.it\\\/v25\\\/wp-content\\\/uploads\\\/2024\\\/06\\\/Espositore-con-cornice-a-scatto-3xA3-orizzontale-con-doppio-montante-1.jpg\",\"contentUrl\":\"https:\\\/\\\/www.smartystore.it\\\/v25\\\/wp-content\\\/uploads\\\/2024\\\/06\\\/Espositore-con-cornice-a-scatto-3xA3-orizzontale-con-doppio-montante-1.jpg\",\"width\":1000,\"height\":1000,\"caption\":\"Pr\u00e9sentoir-avec-cadre-3xA3-horizontal-avec-double-montant\"},{\"@type\":\"BreadcrumbList\",\"@id\":\"https:\\\/\\\/www.smartystore.it\\\/fr\\\/prodotto\\\/presentoir-a-cadre-pression-3xa3-horizontal-avec-double-montant\\\/#breadcrumb\",\"itemListElement\":[{\"@type\":\"ListItem\",\"position\":1,\"name\":\"Home\",\"item\":\"https:\\\/\\\/www.smartystore.it\\\/fr\\\/\"},{\"@type\":\"ListItem\",\"position\":2,\"name\":\"Boutique\",\"item\":\"https:\\\/\\\/www.smartystore.it\\\/fr\\\/boutique\\\/\"},{\"@type\":\"ListItem\",\"position\":3,\"name\":\"Pr\u00e9sentoir horizontal 3xA3 avec double pilier\"}]},{\"@type\":\"WebSite\",\"@id\":\"https:\\\/\\\/www.smartystore.it\\\/fr\\\/#website\",\"url\":\"https:\\\/\\\/www.smartystore.it\\\/fr\\\/\",\"name\":\"Smarty Store\",\"description\":\"Espositori Pubblicitari e Sistemi di Comunicazione Visiva\",\"potentialAction\":[{\"@type\":\"SearchAction\",\"target\":{\"@type\":\"EntryPoint\",\"urlTemplate\":\"https:\\\/\\\/www.smartystore.it\\\/fr\\\/?s={search_term_string}\"},\"query-input\":{\"@type\":\"PropertyValueSpecification\",\"valueRequired\":true,\"valueName\":\"search_term_string\"}}],\"inLanguage\":\"fr-FR\"}]}<\/script>\n<!-- \/ Yoast SEO plugin. -->","yoast_head_json":{"title":"Pr\u00e9sentoir horizontal 3xA3 avec double pilier - Achetez au Meilleur Prix","description":"Pr\u00e9sentoir horizontal 3xA3 \u00e0 cadre encliquetable avec double montant PERSONNALISABLE AVEC GRAPHIQUE. Choix de finition, avec des angles vifs ou arrondis.","robots":{"index":"index","follow":"follow","max-snippet":"max-snippet:-1","max-image-preview":"max-image-preview:large","max-video-preview":"max-video-preview:-1"},"canonical":"https:\/\/www.smartystore.it\/fr\/prodotto\/presentoir-a-cadre-pression-3xa3-horizontal-avec-double-montant\/","og_locale":"fr_FR","og_type":"article","og_title":"Pr\u00e9sentoir horizontal 3xA3 avec double pilier - Achetez au Meilleur Prix","og_description":"Pr\u00e9sentoir horizontal 3xA3 \u00e0 cadre encliquetable avec double montant PERSONNALISABLE AVEC GRAPHIQUE. Choix de finition, avec des angles vifs ou arrondis.","og_url":"https:\/\/www.smartystore.it\/fr\/prodotto\/presentoir-a-cadre-pression-3xa3-horizontal-avec-double-montant\/","og_site_name":"Smarty Store","article_modified_time":"2025-09-18T10:00:12+00:00","og_image":[{"width":1000,"height":1000,"url":"https:\/\/www.smartystore.it\/v25\/wp-content\/uploads\/2024\/06\/Espositore-con-cornice-a-scatto-3xA3-orizzontale-con-doppio-montante-1.jpg","type":"image\/jpeg"}],"twitter_card":"summary_large_image","twitter_misc":{"Dur\u00e9e de lecture estim\u00e9e":"3 minutes"},"schema":{"@context":"https:\/\/schema.org","@graph":[{"@type":"WebPage","@id":"https:\/\/www.smartystore.it\/fr\/prodotto\/presentoir-a-cadre-pression-3xa3-horizontal-avec-double-montant\/","url":"https:\/\/www.smartystore.it\/fr\/prodotto\/presentoir-a-cadre-pression-3xa3-horizontal-avec-double-montant\/","name":"Pr\u00e9sentoir horizontal 3xA3 avec double pilier - Achetez au Meilleur Prix","isPartOf":{"@id":"https:\/\/www.smartystore.it\/fr\/#website"},"primaryImageOfPage":{"@id":"https:\/\/www.smartystore.it\/fr\/prodotto\/presentoir-a-cadre-pression-3xa3-horizontal-avec-double-montant\/#primaryimage"},"image":{"@id":"https:\/\/www.smartystore.it\/fr\/prodotto\/presentoir-a-cadre-pression-3xa3-horizontal-avec-double-montant\/#primaryimage"},"thumbnailUrl":"https:\/\/www.smartystore.it\/v25\/wp-content\/uploads\/2024\/06\/Espositore-con-cornice-a-scatto-3xA3-orizzontale-con-doppio-montante-1.jpg","datePublished":"2024-06-20T12:40:25+00:00","dateModified":"2025-09-18T10:00:12+00:00","description":"Pr\u00e9sentoir horizontal 3xA3 \u00e0 cadre encliquetable avec double montant PERSONNALISABLE AVEC GRAPHIQUE. Choix de finition, avec des angles vifs ou arrondis.","breadcrumb":{"@id":"https:\/\/www.smartystore.it\/fr\/prodotto\/presentoir-a-cadre-pression-3xa3-horizontal-avec-double-montant\/#breadcrumb"},"inLanguage":"fr-FR","potentialAction":[{"@type":"ReadAction","target":["https:\/\/www.smartystore.it\/fr\/prodotto\/presentoir-a-cadre-pression-3xa3-horizontal-avec-double-montant\/"]}]},{"@type":"ImageObject","inLanguage":"fr-FR","@id":"https:\/\/www.smartystore.it\/fr\/prodotto\/presentoir-a-cadre-pression-3xa3-horizontal-avec-double-montant\/#primaryimage","url":"https:\/\/www.smartystore.it\/v25\/wp-content\/uploads\/2024\/06\/Espositore-con-cornice-a-scatto-3xA3-orizzontale-con-doppio-montante-1.jpg","contentUrl":"https:\/\/www.smartystore.it\/v25\/wp-content\/uploads\/2024\/06\/Espositore-con-cornice-a-scatto-3xA3-orizzontale-con-doppio-montante-1.jpg","width":1000,"height":1000,"caption":"Pr\u00e9sentoir-avec-cadre-3xA3-horizontal-avec-double-montant"},{"@type":"BreadcrumbList","@id":"https:\/\/www.smartystore.it\/fr\/prodotto\/presentoir-a-cadre-pression-3xa3-horizontal-avec-double-montant\/#breadcrumb","itemListElement":[{"@type":"ListItem","position":1,"name":"Home","item":"https:\/\/www.smartystore.it\/fr\/"},{"@type":"ListItem","position":2,"name":"Boutique","item":"https:\/\/www.smartystore.it\/fr\/boutique\/"},{"@type":"ListItem","position":3,"name":"Pr\u00e9sentoir horizontal 3xA3 avec double pilier"}]},{"@type":"WebSite","@id":"https:\/\/www.smartystore.it\/fr\/#website","url":"https:\/\/www.smartystore.it\/fr\/","name":"Smarty Store","description":"Espositori Pubblicitari e Sistemi di Comunicazione Visiva","potentialAction":[{"@type":"SearchAction","target":{"@type":"EntryPoint","urlTemplate":"https:\/\/www.smartystore.it\/fr\/?s={search_term_string}"},"query-input":{"@type":"PropertyValueSpecification","valueRequired":true,"valueName":"search_term_string"}}],"inLanguage":"fr-FR"}]}},"brands":[],"_links":{"self":[{"href":"https:\/\/www.smartystore.it\/fr\/wp-json\/wp\/v2\/product\/88314","targetHints":{"allow":["GET"]}}],"collection":[{"href":"https:\/\/www.smartystore.it\/fr\/wp-json\/wp\/v2\/product"}],"about":[{"href":"https:\/\/www.smartystore.it\/fr\/wp-json\/wp\/v2\/types\/product"}],"replies":[{"embeddable":true,"href":"https:\/\/www.smartystore.it\/fr\/wp-json\/wp\/v2\/comments?post=88314"}],"wp:featuredmedia":[{"embeddable":true,"href":"https:\/\/www.smartystore.it\/fr\/wp-json\/wp\/v2\/media\/88453"}],"wp:attachment":[{"href":"https:\/\/www.smartystore.it\/fr\/wp-json\/wp\/v2\/media?parent=88314"}],"wp:term":[{"taxonomy":"pwb-brand","embeddable":true,"href":"https:\/\/www.smartystore.it\/fr\/wp-json\/wp\/v2\/pwb-brand?post=88314"},{"taxonomy":"product_brand","embeddable":true,"href":"https:\/\/www.smartystore.it\/fr\/wp-json\/wp\/v2\/product_brand?post=88314"},{"taxonomy":"product_cat","embeddable":true,"href":"https:\/\/www.smartystore.it\/fr\/wp-json\/wp\/v2\/product_cat?post=88314"},{"taxonomy":"product_tag","embeddable":true,"href":"https:\/\/www.smartystore.it\/fr\/wp-json\/wp\/v2\/product_tag?post=88314"}],"curies":[{"name":"wp","href":"https:\/\/api.w.org\/{rel}","templated":true}]}}