{"id":88206,"date":"2021-02-25T13:09:21","date_gmt":"2021-02-25T11:09:21","guid":{"rendered":"https:\/\/www.smartystore.it\/prodotto\/poteau-de-separation-pour-cordons-theatre-black\/"},"modified":"2021-02-25T13:09:21","modified_gmt":"2021-02-25T11:09:21","slug":"poteau-de-separation-pour-cordons-theatre-black","status":"publish","type":"product","link":"https:\/\/www.smartystore.it\/fr\/prodotto\/poteau-de-separation-pour-cordons-theatre-black\/","title":{"rendered":"Poteau de s\u00e9paration pour cordons Theatre Black"},"content":{"rendered":"<h2>Poteau de s\u00e9paration pour cordons Theatre Black<\/h2>\n<p>La poteau de s\u00e9paration pour cordons Theatre Black est une colonne de d\u00e9limitation au style classique et \u00e9l\u00e9gant et \u00e0 la finition noire. Parfaites pour des environnements tels que des expositions, des h\u00f4tels, des mus\u00e9es, des th\u00e9\u00e2tres et des \u00e9v\u00e9nements, utilis\u00e9es en combinaison avec d&rsquo;autres colonnes et le cordon tiss\u00e9 ou en velours, elles deviennent un v\u00e9ritable chemin \u00e0 utiliser pour canaliser et diriger les personnes.<\/p>\n<p>La colonne est en acier et est \u00e9quip\u00e9e d&rsquo;une base ronde d&rsquo;un diam\u00e8tre de 32 cm. et un anneau de protection en ABS noir positionn\u00e9 \u00e0 l&rsquo;int\u00e9rieur de l&rsquo;extr\u00e9mit\u00e9 de la colonne, pour pouvoir \u00eatre utilis\u00e9e \u00e0 l&rsquo;int\u00e9rieur comme \u00e0 l&rsquo;ext\u00e9rieur, et un montant rond de 5 cm de diam\u00e8tre.<\/p>\n<p>La colonne de balisage Theatre Black est disponible en deux mod\u00e8les :<\/p>\n<ul>\n<li>hauteur 100 cm et avec bouton final en haut du montant (STR-STOP41\/N)<\/li>\n<li>hauteur 90 cm avec base plate (STR-STOP41FL\/N)<\/li>\n<\/ul>\n<p><strong>CARACT\u00c9RISTIQUES:<\/strong><\/p>\n<p>Mat\u00e9riau : Acier avec finition noir mat<\/p>\n<p>Disponible en deux mod\u00e8les : \u00e0 t\u00eate plate et avec bouton en haut du montant.<\/p>\n<p>Hauteur du mod\u00e8le avec bouton : cm. 100<\/p>\n<p>Hauteur du mod\u00e8le avec base plate : cm. 90<\/p>\n<p>Diam\u00e8tre du montant : cm. 5<\/p>\n<p>Diam\u00e8tre du socle : cm. 32<\/p>\n<p>Poids : 6,5 kg<\/p>\n<p>\u00c9galement disponible dans les versions <a href=\"https:\/\/www.smartystore.it\/fr\/prodotto\/poteau-de-separation-pour-cordons-theatre-gold\/\" target=\"_blank\" rel=\"noopener\">OR<\/a> et <a href=\"https:\/\/www.smartystore.it\/fr\/prodotto\/colonnina-segnapercorso-theatre-silver\/\" target=\"_blank\" rel=\"noopener\">ARGENT<\/a><\/p>\n<p><a href=\"https:\/\/www.smartystore.it\/prodotto\/colonnina-segnapercorso-theatre-silver\/\" target=\"_blank\" rel=\"noopener\"><strong>SILVER<\/strong><\/a><\/p>\n<table style=\"height: 72px; width: 99.7786%; border-collapse: collapse; border-color: #000000; border-style: solid;\" border=\"1\">\n<tbody>\n<tr style=\"height: 24px;\">\n<td style=\"width: 25%; height: 24px; text-align: center;\">CODE<\/td>\n<td style=\"width: 25%; height: 24px; text-align: center;\">MODELE<\/td>\n<td style=\"width: 25%; height: 24px; text-align: center;\">HAUTEUR<\/td>\n<td style=\"width: 24.7786%; height: 24px; text-align: center;\">FICHE TECHNIQUE<\/td>\n<\/tr>\n<tr style=\"height: 24px;\">\n<td style=\"width: 25%; height: 24px;\">STR-STOP41\/N<\/td>\n<td style=\"width: 25%; height: 24px; text-align: center;\">T\u00eate avec bouton final<\/td>\n<td style=\"width: 25%; height: 24px; text-align: center;\">cm. 100<\/td>\n<td style=\"width: 24.7786%; height: 24px; text-align: center;\"><a href=\"https:\/\/www.smartystore.it\/wp-content\/uploads\/2024\/06\/STR-STOP41N-47R-B-N-40N.pdf\" target=\"_blank\" rel=\"noopener\"><span style=\"color: #333333;\"><img loading=\"lazy\" decoding=\"async\" class=\" size-full wp-image-31489\" style=\"vertical-align: middle;\" src=\"https:\/\/www.smartystore.it\/wp-content\/uploads\/2013\/05\/freccia-scarica.jpg\" alt=\"\" width=\"30\" height=\"30\" \/><\/span><\/a><\/td>\n<\/tr>\n<tr style=\"height: 24px;\">\n<td style=\"width: 25%; height: 24px;\">STR-STOP41FL\/N<\/td>\n<td style=\"width: 25%; height: 24px; text-align: center;\">T\u00eate plate<\/td>\n<td style=\"width: 25%; height: 24px; text-align: center;\">cm. 90<\/td>\n<td style=\"width: 24.7786%; height: 24px; text-align: center;\"><a href=\"https:\/\/www.smartystore.it\/wp-content\/uploads\/2024\/06\/STR-STOP41FL-N-47L-R-B-N-40N.pdf\" target=\"_blank\" rel=\"noopener\"><span style=\"color: #333333;\"><img loading=\"lazy\" decoding=\"async\" class=\" size-full wp-image-31489\" style=\"vertical-align: middle;\" src=\"https:\/\/www.smartystore.it\/wp-content\/uploads\/2013\/05\/freccia-scarica.jpg\" alt=\"\" width=\"30\" height=\"30\" \/><\/span><\/a><\/td>\n<\/tr>\n<\/tbody>\n<\/table>\n","protected":false},"excerpt":{"rendered":"<p>Colonnes avec finition noir mat pour cordons tiss\u00e9s et velours. Disponible en deux mod\u00e8les : avec bouton final et t\u00eate plate.<\/p>\n","protected":false},"featured_media":88013,"comment_status":"open","ping_status":"closed","template":"","meta":{"_acf_changed":false},"pwb-brand":[],"product_brand":[],"product_cat":[3079],"product_tag":[],"class_list":{"0":"post-88206","1":"product","2":"type-product","3":"status-publish","4":"has-post-thumbnail","6":"product_cat-poteau-de-separation-fr","7":"pa_c2c_color-noir","8":"pa_c2c_dimensione-cm-32x100-fr","9":"pa_c2c_dimensione-cm-32x90-fr","10":"pa_c2c_trovraprezzi-oui","12":"first","13":"instock","14":"taxable","15":"shipping-taxable","16":"purchasable","17":"product-type-variable"},"acf":[],"yoast_head":"<!-- This site is optimized with the Yoast SEO plugin v27.4 - https:\/\/yoast.com\/product\/yoast-seo-wordpress\/ -->\n<title>Poteau de s\u00e9paration pour cordons Theatre Black - Smarty Store<\/title>\n<meta name=\"description\" content=\"Colonne de marquage de chemin de rideau Th\u00e9\u00e2tre Noir, simple, rapide et \u00e9l\u00e9gante adapt\u00e9e aux grands \u00e9v\u00e9nements, Achetez-les en ligne !\" \/>\n<meta name=\"robots\" content=\"index, follow, max-snippet:-1, max-image-preview:large, max-video-preview:-1\" \/>\n<link rel=\"canonical\" href=\"https:\/\/www.smartystore.it\/fr\/prodotto\/poteau-de-separation-pour-cordons-theatre-black\/\" \/>\n<meta property=\"og:locale\" content=\"fr_FR\" \/>\n<meta property=\"og:type\" content=\"article\" \/>\n<meta property=\"og:title\" content=\"Poteau de s\u00e9paration pour cordons Theatre Black - Smarty Store\" \/>\n<meta property=\"og:description\" content=\"Colonne de marquage de chemin de rideau Th\u00e9\u00e2tre Noir, simple, rapide et \u00e9l\u00e9gante adapt\u00e9e aux grands \u00e9v\u00e9nements, Achetez-les en ligne !\" \/>\n<meta property=\"og:url\" content=\"https:\/\/www.smartystore.it\/fr\/prodotto\/poteau-de-separation-pour-cordons-theatre-black\/\" \/>\n<meta property=\"og:site_name\" content=\"Smarty Store\" \/>\n<meta property=\"og:image\" content=\"https:\/\/www.smartystore.it\/v25\/wp-content\/uploads\/2021\/02\/Colonnina-segnapercorso-theatre-back-in-ottone-per-corda-con-e-senza-pomello.jpg\" \/>\n\t<meta property=\"og:image:width\" content=\"1000\" \/>\n\t<meta property=\"og:image:height\" content=\"1000\" \/>\n\t<meta property=\"og:image:type\" content=\"image\/jpeg\" \/>\n<meta name=\"twitter:card\" content=\"summary_large_image\" \/>\n<meta name=\"twitter:label1\" content=\"Dur\u00e9e de lecture estim\u00e9e\" \/>\n\t<meta name=\"twitter:data1\" content=\"1 minute\" \/>\n<script type=\"application\/ld+json\" class=\"yoast-schema-graph\">{\"@context\":\"https:\\\/\\\/schema.org\",\"@graph\":[{\"@type\":\"WebPage\",\"@id\":\"https:\\\/\\\/www.smartystore.it\\\/fr\\\/prodotto\\\/poteau-de-separation-pour-cordons-theatre-black\\\/\",\"url\":\"https:\\\/\\\/www.smartystore.it\\\/fr\\\/prodotto\\\/poteau-de-separation-pour-cordons-theatre-black\\\/\",\"name\":\"Poteau de s\u00e9paration pour cordons Theatre Black - Smarty Store\",\"isPartOf\":{\"@id\":\"https:\\\/\\\/www.smartystore.it\\\/fr\\\/#website\"},\"primaryImageOfPage\":{\"@id\":\"https:\\\/\\\/www.smartystore.it\\\/fr\\\/prodotto\\\/poteau-de-separation-pour-cordons-theatre-black\\\/#primaryimage\"},\"image\":{\"@id\":\"https:\\\/\\\/www.smartystore.it\\\/fr\\\/prodotto\\\/poteau-de-separation-pour-cordons-theatre-black\\\/#primaryimage\"},\"thumbnailUrl\":\"https:\\\/\\\/www.smartystore.it\\\/v25\\\/wp-content\\\/uploads\\\/2021\\\/02\\\/Colonnina-segnapercorso-theatre-back-in-ottone-per-corda-con-e-senza-pomello.jpg\",\"datePublished\":\"2021-02-25T11:09:21+00:00\",\"description\":\"Colonne de marquage de chemin de rideau Th\u00e9\u00e2tre Noir, simple, rapide et \u00e9l\u00e9gante adapt\u00e9e aux grands \u00e9v\u00e9nements, Achetez-les en ligne !\",\"breadcrumb\":{\"@id\":\"https:\\\/\\\/www.smartystore.it\\\/fr\\\/prodotto\\\/poteau-de-separation-pour-cordons-theatre-black\\\/#breadcrumb\"},\"inLanguage\":\"fr-FR\",\"potentialAction\":[{\"@type\":\"ReadAction\",\"target\":[\"https:\\\/\\\/www.smartystore.it\\\/fr\\\/prodotto\\\/poteau-de-separation-pour-cordons-theatre-black\\\/\"]}]},{\"@type\":\"ImageObject\",\"inLanguage\":\"fr-FR\",\"@id\":\"https:\\\/\\\/www.smartystore.it\\\/fr\\\/prodotto\\\/poteau-de-separation-pour-cordons-theatre-black\\\/#primaryimage\",\"url\":\"https:\\\/\\\/www.smartystore.it\\\/v25\\\/wp-content\\\/uploads\\\/2021\\\/02\\\/Colonnina-segnapercorso-theatre-back-in-ottone-per-corda-con-e-senza-pomello.jpg\",\"contentUrl\":\"https:\\\/\\\/www.smartystore.it\\\/v25\\\/wp-content\\\/uploads\\\/2021\\\/02\\\/Colonnina-segnapercorso-theatre-back-in-ottone-per-corda-con-e-senza-pomello.jpg\",\"width\":1000,\"height\":1000},{\"@type\":\"BreadcrumbList\",\"@id\":\"https:\\\/\\\/www.smartystore.it\\\/fr\\\/prodotto\\\/poteau-de-separation-pour-cordons-theatre-black\\\/#breadcrumb\",\"itemListElement\":[{\"@type\":\"ListItem\",\"position\":1,\"name\":\"Home\",\"item\":\"https:\\\/\\\/www.smartystore.it\\\/fr\\\/\"},{\"@type\":\"ListItem\",\"position\":2,\"name\":\"Boutique\",\"item\":\"https:\\\/\\\/www.smartystore.it\\\/fr\\\/boutique\\\/\"},{\"@type\":\"ListItem\",\"position\":3,\"name\":\"Poteau de s\u00e9paration pour cordons Theatre Black\"}]},{\"@type\":\"WebSite\",\"@id\":\"https:\\\/\\\/www.smartystore.it\\\/fr\\\/#website\",\"url\":\"https:\\\/\\\/www.smartystore.it\\\/fr\\\/\",\"name\":\"Smarty Store\",\"description\":\"Espositori Pubblicitari e Sistemi di Comunicazione Visiva\",\"potentialAction\":[{\"@type\":\"SearchAction\",\"target\":{\"@type\":\"EntryPoint\",\"urlTemplate\":\"https:\\\/\\\/www.smartystore.it\\\/fr\\\/?s={search_term_string}\"},\"query-input\":{\"@type\":\"PropertyValueSpecification\",\"valueRequired\":true,\"valueName\":\"search_term_string\"}}],\"inLanguage\":\"fr-FR\"}]}<\/script>\n<!-- \/ Yoast SEO plugin. -->","yoast_head_json":{"title":"Poteau de s\u00e9paration pour cordons Theatre Black - Smarty Store","description":"Colonne de marquage de chemin de rideau Th\u00e9\u00e2tre Noir, simple, rapide et \u00e9l\u00e9gante adapt\u00e9e aux grands \u00e9v\u00e9nements, Achetez-les en ligne !","robots":{"index":"index","follow":"follow","max-snippet":"max-snippet:-1","max-image-preview":"max-image-preview:large","max-video-preview":"max-video-preview:-1"},"canonical":"https:\/\/www.smartystore.it\/fr\/prodotto\/poteau-de-separation-pour-cordons-theatre-black\/","og_locale":"fr_FR","og_type":"article","og_title":"Poteau de s\u00e9paration pour cordons Theatre Black - Smarty Store","og_description":"Colonne de marquage de chemin de rideau Th\u00e9\u00e2tre Noir, simple, rapide et \u00e9l\u00e9gante adapt\u00e9e aux grands \u00e9v\u00e9nements, Achetez-les en ligne !","og_url":"https:\/\/www.smartystore.it\/fr\/prodotto\/poteau-de-separation-pour-cordons-theatre-black\/","og_site_name":"Smarty Store","og_image":[{"width":1000,"height":1000,"url":"https:\/\/www.smartystore.it\/v25\/wp-content\/uploads\/2021\/02\/Colonnina-segnapercorso-theatre-back-in-ottone-per-corda-con-e-senza-pomello.jpg","type":"image\/jpeg"}],"twitter_card":"summary_large_image","twitter_misc":{"Dur\u00e9e de lecture estim\u00e9e":"1 minute"},"schema":{"@context":"https:\/\/schema.org","@graph":[{"@type":"WebPage","@id":"https:\/\/www.smartystore.it\/fr\/prodotto\/poteau-de-separation-pour-cordons-theatre-black\/","url":"https:\/\/www.smartystore.it\/fr\/prodotto\/poteau-de-separation-pour-cordons-theatre-black\/","name":"Poteau de s\u00e9paration pour cordons Theatre Black - Smarty Store","isPartOf":{"@id":"https:\/\/www.smartystore.it\/fr\/#website"},"primaryImageOfPage":{"@id":"https:\/\/www.smartystore.it\/fr\/prodotto\/poteau-de-separation-pour-cordons-theatre-black\/#primaryimage"},"image":{"@id":"https:\/\/www.smartystore.it\/fr\/prodotto\/poteau-de-separation-pour-cordons-theatre-black\/#primaryimage"},"thumbnailUrl":"https:\/\/www.smartystore.it\/v25\/wp-content\/uploads\/2021\/02\/Colonnina-segnapercorso-theatre-back-in-ottone-per-corda-con-e-senza-pomello.jpg","datePublished":"2021-02-25T11:09:21+00:00","description":"Colonne de marquage de chemin de rideau Th\u00e9\u00e2tre Noir, simple, rapide et \u00e9l\u00e9gante adapt\u00e9e aux grands \u00e9v\u00e9nements, Achetez-les en ligne !","breadcrumb":{"@id":"https:\/\/www.smartystore.it\/fr\/prodotto\/poteau-de-separation-pour-cordons-theatre-black\/#breadcrumb"},"inLanguage":"fr-FR","potentialAction":[{"@type":"ReadAction","target":["https:\/\/www.smartystore.it\/fr\/prodotto\/poteau-de-separation-pour-cordons-theatre-black\/"]}]},{"@type":"ImageObject","inLanguage":"fr-FR","@id":"https:\/\/www.smartystore.it\/fr\/prodotto\/poteau-de-separation-pour-cordons-theatre-black\/#primaryimage","url":"https:\/\/www.smartystore.it\/v25\/wp-content\/uploads\/2021\/02\/Colonnina-segnapercorso-theatre-back-in-ottone-per-corda-con-e-senza-pomello.jpg","contentUrl":"https:\/\/www.smartystore.it\/v25\/wp-content\/uploads\/2021\/02\/Colonnina-segnapercorso-theatre-back-in-ottone-per-corda-con-e-senza-pomello.jpg","width":1000,"height":1000},{"@type":"BreadcrumbList","@id":"https:\/\/www.smartystore.it\/fr\/prodotto\/poteau-de-separation-pour-cordons-theatre-black\/#breadcrumb","itemListElement":[{"@type":"ListItem","position":1,"name":"Home","item":"https:\/\/www.smartystore.it\/fr\/"},{"@type":"ListItem","position":2,"name":"Boutique","item":"https:\/\/www.smartystore.it\/fr\/boutique\/"},{"@type":"ListItem","position":3,"name":"Poteau de s\u00e9paration pour cordons Theatre Black"}]},{"@type":"WebSite","@id":"https:\/\/www.smartystore.it\/fr\/#website","url":"https:\/\/www.smartystore.it\/fr\/","name":"Smarty Store","description":"Espositori Pubblicitari e Sistemi di Comunicazione Visiva","potentialAction":[{"@type":"SearchAction","target":{"@type":"EntryPoint","urlTemplate":"https:\/\/www.smartystore.it\/fr\/?s={search_term_string}"},"query-input":{"@type":"PropertyValueSpecification","valueRequired":true,"valueName":"search_term_string"}}],"inLanguage":"fr-FR"}]}},"brands":[],"_links":{"self":[{"href":"https:\/\/www.smartystore.it\/fr\/wp-json\/wp\/v2\/product\/88206","targetHints":{"allow":["GET"]}}],"collection":[{"href":"https:\/\/www.smartystore.it\/fr\/wp-json\/wp\/v2\/product"}],"about":[{"href":"https:\/\/www.smartystore.it\/fr\/wp-json\/wp\/v2\/types\/product"}],"replies":[{"embeddable":true,"href":"https:\/\/www.smartystore.it\/fr\/wp-json\/wp\/v2\/comments?post=88206"}],"wp:featuredmedia":[{"embeddable":true,"href":"https:\/\/www.smartystore.it\/fr\/wp-json\/wp\/v2\/media\/88013"}],"wp:attachment":[{"href":"https:\/\/www.smartystore.it\/fr\/wp-json\/wp\/v2\/media?parent=88206"}],"wp:term":[{"taxonomy":"pwb-brand","embeddable":true,"href":"https:\/\/www.smartystore.it\/fr\/wp-json\/wp\/v2\/pwb-brand?post=88206"},{"taxonomy":"product_brand","embeddable":true,"href":"https:\/\/www.smartystore.it\/fr\/wp-json\/wp\/v2\/product_brand?post=88206"},{"taxonomy":"product_cat","embeddable":true,"href":"https:\/\/www.smartystore.it\/fr\/wp-json\/wp\/v2\/product_cat?post=88206"},{"taxonomy":"product_tag","embeddable":true,"href":"https:\/\/www.smartystore.it\/fr\/wp-json\/wp\/v2\/product_tag?post=88206"}],"curies":[{"name":"wp","href":"https:\/\/api.w.org\/{rel}","templated":true}]}}