{"id":88191,"date":"2024-06-13T10:39:56","date_gmt":"2024-06-13T08:39:56","guid":{"rendered":"https:\/\/www.smartystore.it\/prodotto\/cordon-en-velours-pour-balisage-de-chemin-de-theatre\/"},"modified":"2025-05-07T16:23:07","modified_gmt":"2025-05-07T14:23:07","slug":"cordon-en-velours-pour-balisage-de-chemin-de-theatre","status":"publish","type":"product","link":"https:\/\/www.smartystore.it\/fr\/prodotto\/cordon-en-velours-pour-balisage-de-chemin-de-theatre\/","title":{"rendered":"Cordon en velours pour balisage de chemin de th\u00e9\u00e2tre"},"content":{"rendered":"<p><strong>Cordon en velours pour balisage de chemin de th\u00e9\u00e2tre<\/strong><\/p>\n<p>Le cordon en velours pour colonnes de balisage Theatre est un accessoire pour la gamme de colonnes de d\u00e9limitation Theatre Series. Associ\u00e9 \u00e0 des poteaux coupe-file ou \u00e0 <a href=\"https:\/\/www.smartystore.it\/fr\/?s=stop40&amp;post_type=product&amp;dgwt_wcas=1&amp;lang=fr\" target=\"_blank\" rel=\"noopener\">des clips muraux<\/a>, il permet de faire respecter les distances, de baliser l&rsquo;itin\u00e9raire \u00e0 suivre, de cr\u00e9er des zones r\u00e9serv\u00e9es et de signaler les zones interdites.<\/p>\n<p>Le cordon en velours mesure deux m\u00e8tres de long et est disponible en trois couleurs : rouge, noir et bleu, et compl\u00e9t\u00e9 par une paire de mousquetons aux extr\u00e9mit\u00e9s en argent, or et noir, afin qu&rsquo;il puisse \u00eatre combin\u00e9 avec la colonne <a href=\"https:\/\/www.smartystore.it\/fr\/prodotto\/colonnina-segnapercorso-theatre-gold\/\" target=\"_blank\" rel=\"noopener\">Theatre Gold<\/a> correspondante. <a href=\"https:\/\/www.smartystore.it\/fr\/prodotto\/colonnina-segnapercorso-theatre-silver\/\" target=\"_blank\" rel=\"noopener\">Th\u00e9\u00e2tre Argent<\/a> et <a href=\"https:\/\/www.smartystore.it\/fr\/prodotto\/colonnina-segnapercorso-theatre-black\/\" target=\"_blank\" rel=\"noopener\">Th\u00e9\u00e2tre Noir<\/a><\/p>\n<p>Existe \u00e9galement en version cordon tress\u00e9 \u00e0 la place du velours : LIEN<\/p>\n<p>CARACT\u00c9RISTIQUES:<\/p>\n<p>Cordon en velours pour colonnes de marquage de chemin de la s\u00e9rie Th\u00e9\u00e2tre.<\/p>\n<p>Longueur : 2 m\u00e8tres<\/p>\n<p>Couleur du cordon : rouge &#8211; noir &#8211; bleu<\/p>\n<p>Finition entretoise de borne : or &#8211; argent &#8211; noir<\/p>\n","protected":false},"excerpt":{"rendered":"<p>Cordon de velours de 2 m\u00e8tres avec pinces \u00e0 bornes en argent, or ou noir pour les balises de chemin de la s\u00e9rie Theatre. Disponible en trois couleurs : noir, rouge et bleu.<\/p>\n","protected":false},"featured_media":88180,"comment_status":"open","ping_status":"closed","template":"","meta":{"_acf_changed":false},"pwb-brand":[],"product_brand":[],"product_cat":[3073],"product_tag":[],"class_list":{"0":"post-88191","1":"product","2":"type-product","3":"status-publish","4":"has-post-thumbnail","6":"product_cat-rubans-cordons-accessoires","7":"pa_c2c_color-bleu","8":"pa_c2c_color-noir","9":"pa_c2c_color-rouge","10":"pa_c2c_dimensione-cm-200-fr","11":"pa_c2c_finitura_morsetti-argentees","12":"pa_c2c_finitura_morsetti-dorees","13":"pa_c2c_finitura_morsetti-noires","14":"pa_c2c_trovraprezzi-oui","16":"first","17":"instock","18":"taxable","19":"shipping-taxable","20":"purchasable","21":"product-type-variable"},"acf":[],"yoast_head":"<!-- This site is optimized with the Yoast SEO plugin v27.4 - https:\/\/yoast.com\/product\/yoast-seo-wordpress\/ -->\n<title>Cordon en velours pour balisage de chemin de th\u00e9\u00e2tre - Smarty Store<\/title>\n<meta name=\"description\" content=\"Cordon de velours rouge avec pinces dor\u00e9es pour colonne Cordon de velours de deux m\u00e8tres pour colonnes de balisage de th\u00e9\u00e2tre. Disponible en trois couleurs et avec des pinces d&#039;extr\u00e9mit\u00e9 noires, argent\u00e9es et dor\u00e9es.\" \/>\n<meta name=\"robots\" content=\"index, follow, max-snippet:-1, max-image-preview:large, max-video-preview:-1\" \/>\n<link rel=\"canonical\" href=\"https:\/\/www.smartystore.it\/fr\/prodotto\/cordon-en-velours-pour-balisage-de-chemin-de-theatre\/\" \/>\n<meta property=\"og:locale\" content=\"fr_FR\" \/>\n<meta property=\"og:type\" content=\"article\" \/>\n<meta property=\"og:title\" content=\"Cordon en velours pour balisage de chemin de th\u00e9\u00e2tre - Smarty Store\" \/>\n<meta property=\"og:description\" content=\"Cordon de velours rouge avec pinces dor\u00e9es pour colonne Cordon de velours de deux m\u00e8tres pour colonnes de balisage de th\u00e9\u00e2tre. Disponible en trois couleurs et avec des pinces d&#039;extr\u00e9mit\u00e9 noires, argent\u00e9es et dor\u00e9es.\" \/>\n<meta property=\"og:url\" content=\"https:\/\/www.smartystore.it\/fr\/prodotto\/cordon-en-velours-pour-balisage-de-chemin-de-theatre\/\" \/>\n<meta property=\"og:site_name\" content=\"Smarty Store\" \/>\n<meta property=\"article:modified_time\" content=\"2025-05-07T14:23:07+00:00\" \/>\n<meta property=\"og:image\" content=\"https:\/\/www.smartystore.it\/v25\/wp-content\/uploads\/2024\/06\/Cordone-in-velluto-per-colonnine-segnapercorso-Theatre.jpg\" \/>\n\t<meta property=\"og:image:width\" content=\"1000\" \/>\n\t<meta property=\"og:image:height\" content=\"1000\" \/>\n\t<meta property=\"og:image:type\" content=\"image\/jpeg\" \/>\n<meta name=\"twitter:card\" content=\"summary_large_image\" \/>\n<meta name=\"twitter:label1\" content=\"Dur\u00e9e de lecture estim\u00e9e\" \/>\n\t<meta name=\"twitter:data1\" content=\"1 minute\" \/>\n<script type=\"application\/ld+json\" class=\"yoast-schema-graph\">{\"@context\":\"https:\\\/\\\/schema.org\",\"@graph\":[{\"@type\":\"WebPage\",\"@id\":\"https:\\\/\\\/www.smartystore.it\\\/fr\\\/prodotto\\\/cordon-en-velours-pour-balisage-de-chemin-de-theatre\\\/\",\"url\":\"https:\\\/\\\/www.smartystore.it\\\/fr\\\/prodotto\\\/cordon-en-velours-pour-balisage-de-chemin-de-theatre\\\/\",\"name\":\"Cordon en velours pour balisage de chemin de th\u00e9\u00e2tre - Smarty Store\",\"isPartOf\":{\"@id\":\"https:\\\/\\\/www.smartystore.it\\\/fr\\\/#website\"},\"primaryImageOfPage\":{\"@id\":\"https:\\\/\\\/www.smartystore.it\\\/fr\\\/prodotto\\\/cordon-en-velours-pour-balisage-de-chemin-de-theatre\\\/#primaryimage\"},\"image\":{\"@id\":\"https:\\\/\\\/www.smartystore.it\\\/fr\\\/prodotto\\\/cordon-en-velours-pour-balisage-de-chemin-de-theatre\\\/#primaryimage\"},\"thumbnailUrl\":\"https:\\\/\\\/www.smartystore.it\\\/v25\\\/wp-content\\\/uploads\\\/2024\\\/06\\\/Cordone-in-velluto-per-colonnine-segnapercorso-Theatre.jpg\",\"datePublished\":\"2024-06-13T08:39:56+00:00\",\"dateModified\":\"2025-05-07T14:23:07+00:00\",\"description\":\"Cordon de velours rouge avec pinces dor\u00e9es pour colonne Cordon de velours de deux m\u00e8tres pour colonnes de balisage de th\u00e9\u00e2tre. Disponible en trois couleurs et avec des pinces d'extr\u00e9mit\u00e9 noires, argent\u00e9es et dor\u00e9es.\",\"breadcrumb\":{\"@id\":\"https:\\\/\\\/www.smartystore.it\\\/fr\\\/prodotto\\\/cordon-en-velours-pour-balisage-de-chemin-de-theatre\\\/#breadcrumb\"},\"inLanguage\":\"fr-FR\",\"potentialAction\":[{\"@type\":\"ReadAction\",\"target\":[\"https:\\\/\\\/www.smartystore.it\\\/fr\\\/prodotto\\\/cordon-en-velours-pour-balisage-de-chemin-de-theatre\\\/\"]}]},{\"@type\":\"ImageObject\",\"inLanguage\":\"fr-FR\",\"@id\":\"https:\\\/\\\/www.smartystore.it\\\/fr\\\/prodotto\\\/cordon-en-velours-pour-balisage-de-chemin-de-theatre\\\/#primaryimage\",\"url\":\"https:\\\/\\\/www.smartystore.it\\\/v25\\\/wp-content\\\/uploads\\\/2024\\\/06\\\/Cordone-in-velluto-per-colonnine-segnapercorso-Theatre.jpg\",\"contentUrl\":\"https:\\\/\\\/www.smartystore.it\\\/v25\\\/wp-content\\\/uploads\\\/2024\\\/06\\\/Cordone-in-velluto-per-colonnine-segnapercorso-Theatre.jpg\",\"width\":1000,\"height\":1000},{\"@type\":\"BreadcrumbList\",\"@id\":\"https:\\\/\\\/www.smartystore.it\\\/fr\\\/prodotto\\\/cordon-en-velours-pour-balisage-de-chemin-de-theatre\\\/#breadcrumb\",\"itemListElement\":[{\"@type\":\"ListItem\",\"position\":1,\"name\":\"Home\",\"item\":\"https:\\\/\\\/www.smartystore.it\\\/fr\\\/\"},{\"@type\":\"ListItem\",\"position\":2,\"name\":\"Boutique\",\"item\":\"https:\\\/\\\/www.smartystore.it\\\/fr\\\/boutique\\\/\"},{\"@type\":\"ListItem\",\"position\":3,\"name\":\"Cordon en velours pour balisage de chemin de th\u00e9\u00e2tre\"}]},{\"@type\":\"WebSite\",\"@id\":\"https:\\\/\\\/www.smartystore.it\\\/fr\\\/#website\",\"url\":\"https:\\\/\\\/www.smartystore.it\\\/fr\\\/\",\"name\":\"Smarty Store\",\"description\":\"Espositori Pubblicitari e Sistemi di Comunicazione Visiva\",\"potentialAction\":[{\"@type\":\"SearchAction\",\"target\":{\"@type\":\"EntryPoint\",\"urlTemplate\":\"https:\\\/\\\/www.smartystore.it\\\/fr\\\/?s={search_term_string}\"},\"query-input\":{\"@type\":\"PropertyValueSpecification\",\"valueRequired\":true,\"valueName\":\"search_term_string\"}}],\"inLanguage\":\"fr-FR\"}]}<\/script>\n<!-- \/ Yoast SEO plugin. -->","yoast_head_json":{"title":"Cordon en velours pour balisage de chemin de th\u00e9\u00e2tre - Smarty Store","description":"Cordon de velours rouge avec pinces dor\u00e9es pour colonne Cordon de velours de deux m\u00e8tres pour colonnes de balisage de th\u00e9\u00e2tre. Disponible en trois couleurs et avec des pinces d'extr\u00e9mit\u00e9 noires, argent\u00e9es et dor\u00e9es.","robots":{"index":"index","follow":"follow","max-snippet":"max-snippet:-1","max-image-preview":"max-image-preview:large","max-video-preview":"max-video-preview:-1"},"canonical":"https:\/\/www.smartystore.it\/fr\/prodotto\/cordon-en-velours-pour-balisage-de-chemin-de-theatre\/","og_locale":"fr_FR","og_type":"article","og_title":"Cordon en velours pour balisage de chemin de th\u00e9\u00e2tre - Smarty Store","og_description":"Cordon de velours rouge avec pinces dor\u00e9es pour colonne Cordon de velours de deux m\u00e8tres pour colonnes de balisage de th\u00e9\u00e2tre. Disponible en trois couleurs et avec des pinces d'extr\u00e9mit\u00e9 noires, argent\u00e9es et dor\u00e9es.","og_url":"https:\/\/www.smartystore.it\/fr\/prodotto\/cordon-en-velours-pour-balisage-de-chemin-de-theatre\/","og_site_name":"Smarty Store","article_modified_time":"2025-05-07T14:23:07+00:00","og_image":[{"width":1000,"height":1000,"url":"https:\/\/www.smartystore.it\/v25\/wp-content\/uploads\/2024\/06\/Cordone-in-velluto-per-colonnine-segnapercorso-Theatre.jpg","type":"image\/jpeg"}],"twitter_card":"summary_large_image","twitter_misc":{"Dur\u00e9e de lecture estim\u00e9e":"1 minute"},"schema":{"@context":"https:\/\/schema.org","@graph":[{"@type":"WebPage","@id":"https:\/\/www.smartystore.it\/fr\/prodotto\/cordon-en-velours-pour-balisage-de-chemin-de-theatre\/","url":"https:\/\/www.smartystore.it\/fr\/prodotto\/cordon-en-velours-pour-balisage-de-chemin-de-theatre\/","name":"Cordon en velours pour balisage de chemin de th\u00e9\u00e2tre - Smarty Store","isPartOf":{"@id":"https:\/\/www.smartystore.it\/fr\/#website"},"primaryImageOfPage":{"@id":"https:\/\/www.smartystore.it\/fr\/prodotto\/cordon-en-velours-pour-balisage-de-chemin-de-theatre\/#primaryimage"},"image":{"@id":"https:\/\/www.smartystore.it\/fr\/prodotto\/cordon-en-velours-pour-balisage-de-chemin-de-theatre\/#primaryimage"},"thumbnailUrl":"https:\/\/www.smartystore.it\/v25\/wp-content\/uploads\/2024\/06\/Cordone-in-velluto-per-colonnine-segnapercorso-Theatre.jpg","datePublished":"2024-06-13T08:39:56+00:00","dateModified":"2025-05-07T14:23:07+00:00","description":"Cordon de velours rouge avec pinces dor\u00e9es pour colonne Cordon de velours de deux m\u00e8tres pour colonnes de balisage de th\u00e9\u00e2tre. Disponible en trois couleurs et avec des pinces d'extr\u00e9mit\u00e9 noires, argent\u00e9es et dor\u00e9es.","breadcrumb":{"@id":"https:\/\/www.smartystore.it\/fr\/prodotto\/cordon-en-velours-pour-balisage-de-chemin-de-theatre\/#breadcrumb"},"inLanguage":"fr-FR","potentialAction":[{"@type":"ReadAction","target":["https:\/\/www.smartystore.it\/fr\/prodotto\/cordon-en-velours-pour-balisage-de-chemin-de-theatre\/"]}]},{"@type":"ImageObject","inLanguage":"fr-FR","@id":"https:\/\/www.smartystore.it\/fr\/prodotto\/cordon-en-velours-pour-balisage-de-chemin-de-theatre\/#primaryimage","url":"https:\/\/www.smartystore.it\/v25\/wp-content\/uploads\/2024\/06\/Cordone-in-velluto-per-colonnine-segnapercorso-Theatre.jpg","contentUrl":"https:\/\/www.smartystore.it\/v25\/wp-content\/uploads\/2024\/06\/Cordone-in-velluto-per-colonnine-segnapercorso-Theatre.jpg","width":1000,"height":1000},{"@type":"BreadcrumbList","@id":"https:\/\/www.smartystore.it\/fr\/prodotto\/cordon-en-velours-pour-balisage-de-chemin-de-theatre\/#breadcrumb","itemListElement":[{"@type":"ListItem","position":1,"name":"Home","item":"https:\/\/www.smartystore.it\/fr\/"},{"@type":"ListItem","position":2,"name":"Boutique","item":"https:\/\/www.smartystore.it\/fr\/boutique\/"},{"@type":"ListItem","position":3,"name":"Cordon en velours pour balisage de chemin de th\u00e9\u00e2tre"}]},{"@type":"WebSite","@id":"https:\/\/www.smartystore.it\/fr\/#website","url":"https:\/\/www.smartystore.it\/fr\/","name":"Smarty Store","description":"Espositori Pubblicitari e Sistemi di Comunicazione Visiva","potentialAction":[{"@type":"SearchAction","target":{"@type":"EntryPoint","urlTemplate":"https:\/\/www.smartystore.it\/fr\/?s={search_term_string}"},"query-input":{"@type":"PropertyValueSpecification","valueRequired":true,"valueName":"search_term_string"}}],"inLanguage":"fr-FR"}]}},"brands":[],"_links":{"self":[{"href":"https:\/\/www.smartystore.it\/fr\/wp-json\/wp\/v2\/product\/88191","targetHints":{"allow":["GET"]}}],"collection":[{"href":"https:\/\/www.smartystore.it\/fr\/wp-json\/wp\/v2\/product"}],"about":[{"href":"https:\/\/www.smartystore.it\/fr\/wp-json\/wp\/v2\/types\/product"}],"replies":[{"embeddable":true,"href":"https:\/\/www.smartystore.it\/fr\/wp-json\/wp\/v2\/comments?post=88191"}],"wp:featuredmedia":[{"embeddable":true,"href":"https:\/\/www.smartystore.it\/fr\/wp-json\/wp\/v2\/media\/88180"}],"wp:attachment":[{"href":"https:\/\/www.smartystore.it\/fr\/wp-json\/wp\/v2\/media?parent=88191"}],"wp:term":[{"taxonomy":"pwb-brand","embeddable":true,"href":"https:\/\/www.smartystore.it\/fr\/wp-json\/wp\/v2\/pwb-brand?post=88191"},{"taxonomy":"product_brand","embeddable":true,"href":"https:\/\/www.smartystore.it\/fr\/wp-json\/wp\/v2\/product_brand?post=88191"},{"taxonomy":"product_cat","embeddable":true,"href":"https:\/\/www.smartystore.it\/fr\/wp-json\/wp\/v2\/product_cat?post=88191"},{"taxonomy":"product_tag","embeddable":true,"href":"https:\/\/www.smartystore.it\/fr\/wp-json\/wp\/v2\/product_tag?post=88191"}],"curies":[{"name":"wp","href":"https:\/\/api.w.org\/{rel}","templated":true}]}}