{"id":87742,"date":"2014-03-31T16:51:32","date_gmt":"2014-03-31T14:51:32","guid":{"rendered":"https:\/\/www.smartystore.it\/prodotto\/fixation-80-mm-pour-plaques-murales-drapeaux-et-plafonds\/"},"modified":"2014-03-31T16:51:32","modified_gmt":"2014-03-31T14:51:32","slug":"fixation-80-mm-pour-plaques-murales-drapeaux-et-plafonds","status":"publish","type":"product","link":"https:\/\/www.smartystore.it\/fr\/prodotto\/fixation-80-mm-pour-plaques-murales-drapeaux-et-plafonds\/","title":{"rendered":"Fixation 80 mm pour plaques murales, drapeaux et plafonds"},"content":{"rendered":"<h2>Fixation 80 mm pour plaques murales, drapeaux et plafonds<\/h2>\n<p>L&rsquo;entretoise SIGN CLAMP de 80 mm en chrome poli est un support permettant de fixer des plaques et\/ou des panneaux sans avoir \u00e0 les percer. Ils peuvent \u00eatre utilis\u00e9s individuellement ou par paires selon la taille des panneaux. L&rsquo;entretoise brillante Sign Clamp est disponible en trois versions : pour la fixation de panneaux muraux, de panneaux drapeaux et de panneaux de plafond. En effet, ce dernier mod\u00e8le est \u00e9quip\u00e9 d&rsquo;un c\u00e2ble de 150 cm.<\/p>\n<p>L&rsquo;entretoise avec syst\u00e8me de fixation par pince peut supporter des panneaux et plaques professionnels d&rsquo;une \u00e9paisseur minimale de 2 mm et d&rsquo;une \u00e9paisseur maximale de 8 mm. et de divers mat\u00e9riaux tels que le plexiglas, le forex, le dibond et le bois.<\/p>\n<p>Le design minimal et \u00e9l\u00e9gant rend cette entretoise adapt\u00e9e \u00e0 n&rsquo;importe quel contexte et mobilier.<\/p>\n<h3>CARACT\u00c9RISTIQUES:<\/h3>\n<p>Entretoise chrom\u00e9e polie de 80 mm.<\/p>\n<p>Trois versions disponibles : pour fixer des plaques au mur, au drapeau et au plafond.<\/p>\n<p>Id\u00e9al pour les assiettes sans trous.<\/p>\n<p>Dimensions des entretoises murales (en mm) : L 80 &#8211; H 25 &#8211; P 15<\/p>\n<p>Dimensions des entretoises de pavillon et de plafond (en mm) : L 80 &#8211; H 25 &#8211; P 25<\/p>\n<p>Le mod\u00e8le de fixation des plaques au plafond est \u00e9quip\u00e9 d&rsquo;un c\u00e2ble de 150 cm.<\/p>\n<p>\u00c9paisseur de la t\u00f4le\/panneau : d&rsquo;un minimum de 2 mm \u00e0 un maximum de 8 mm.<\/p>\n<p>&nbsp;<\/p>\n","protected":false},"excerpt":{"rendered":"<p>Entretoise en chrome poli utilis\u00e9e pour la fixation de plaques et\/ou panneaux sans trous. Disponible en trois mod\u00e8les : pour plaques murales, drapeaux et plafonds.<\/p>\n","protected":false},"featured_media":87690,"comment_status":"open","ping_status":"closed","template":"","meta":{"_acf_changed":false},"pwb-brand":[],"product_brand":[],"product_cat":[3659],"product_tag":[],"class_list":{"0":"post-87742","1":"product","2":"type-product","3":"status-publish","4":"has-post-thumbnail","6":"product_cat-reparer-accrocher","7":"pa_c2c_color-argent","8":"pa_c2c_finitura-chrome-poli","9":"pa_c2c_trovraprezzi-oui","11":"first","12":"instock","13":"taxable","14":"shipping-taxable","15":"purchasable","16":"product-type-variable"},"acf":[],"yoast_head":"<!-- This site is optimized with the Yoast SEO plugin v27.4 - https:\/\/yoast.com\/product\/yoast-seo-wordpress\/ -->\n<title>Fixation 80 mm pour plaques murales, drapeaux et plafonds - Smarty Store<\/title>\n<meta name=\"robots\" content=\"index, follow, max-snippet:-1, max-image-preview:large, max-video-preview:-1\" \/>\n<link rel=\"canonical\" href=\"https:\/\/www.smartystore.it\/fr\/prodotto\/fixation-80-mm-pour-plaques-murales-drapeaux-et-plafonds\/\" \/>\n<meta property=\"og:locale\" content=\"fr_FR\" \/>\n<meta property=\"og:type\" content=\"article\" \/>\n<meta property=\"og:title\" content=\"Fixation 80 mm pour plaques murales, drapeaux et plafonds - Smarty Store\" \/>\n<meta property=\"og:description\" content=\"Entretoise en chrome poli utilis\u00e9e pour la fixation de plaques et\/ou panneaux sans trous. Disponible en trois mod\u00e8les : pour plaques murales, drapeaux et plafonds.\" \/>\n<meta property=\"og:url\" content=\"https:\/\/www.smartystore.it\/fr\/prodotto\/fixation-80-mm-pour-plaques-murales-drapeaux-et-plafonds\/\" \/>\n<meta property=\"og:site_name\" content=\"Smarty Store\" \/>\n<meta property=\"og:image\" content=\"https:\/\/www.smartystore.it\/v25\/wp-content\/uploads\/2014\/03\/Distanziale-sig-clamp-cromo-lucido-80-mm-per-targhe-senza-fori-a-parete-a-bandiera-e-soffitto.jpg\" \/>\n\t<meta property=\"og:image:width\" content=\"1000\" \/>\n\t<meta property=\"og:image:height\" content=\"1000\" \/>\n\t<meta property=\"og:image:type\" content=\"image\/jpeg\" \/>\n<meta name=\"twitter:card\" content=\"summary_large_image\" \/>\n<meta name=\"twitter:label1\" content=\"Dur\u00e9e de lecture estim\u00e9e\" \/>\n\t<meta name=\"twitter:data1\" content=\"1 minute\" \/>\n<script type=\"application\/ld+json\" class=\"yoast-schema-graph\">{\"@context\":\"https:\\\/\\\/schema.org\",\"@graph\":[{\"@type\":\"WebPage\",\"@id\":\"https:\\\/\\\/www.smartystore.it\\\/fr\\\/prodotto\\\/fixation-80-mm-pour-plaques-murales-drapeaux-et-plafonds\\\/\",\"url\":\"https:\\\/\\\/www.smartystore.it\\\/fr\\\/prodotto\\\/fixation-80-mm-pour-plaques-murales-drapeaux-et-plafonds\\\/\",\"name\":\"Fixation 80 mm pour plaques murales, drapeaux et plafonds - Smarty Store\",\"isPartOf\":{\"@id\":\"https:\\\/\\\/www.smartystore.it\\\/fr\\\/#website\"},\"primaryImageOfPage\":{\"@id\":\"https:\\\/\\\/www.smartystore.it\\\/fr\\\/prodotto\\\/fixation-80-mm-pour-plaques-murales-drapeaux-et-plafonds\\\/#primaryimage\"},\"image\":{\"@id\":\"https:\\\/\\\/www.smartystore.it\\\/fr\\\/prodotto\\\/fixation-80-mm-pour-plaques-murales-drapeaux-et-plafonds\\\/#primaryimage\"},\"thumbnailUrl\":\"https:\\\/\\\/www.smartystore.it\\\/v25\\\/wp-content\\\/uploads\\\/2014\\\/03\\\/Distanziale-sig-clamp-cromo-lucido-80-mm-per-targhe-senza-fori-a-parete-a-bandiera-e-soffitto.jpg\",\"datePublished\":\"2014-03-31T14:51:32+00:00\",\"breadcrumb\":{\"@id\":\"https:\\\/\\\/www.smartystore.it\\\/fr\\\/prodotto\\\/fixation-80-mm-pour-plaques-murales-drapeaux-et-plafonds\\\/#breadcrumb\"},\"inLanguage\":\"fr-FR\",\"potentialAction\":[{\"@type\":\"ReadAction\",\"target\":[\"https:\\\/\\\/www.smartystore.it\\\/fr\\\/prodotto\\\/fixation-80-mm-pour-plaques-murales-drapeaux-et-plafonds\\\/\"]}]},{\"@type\":\"ImageObject\",\"inLanguage\":\"fr-FR\",\"@id\":\"https:\\\/\\\/www.smartystore.it\\\/fr\\\/prodotto\\\/fixation-80-mm-pour-plaques-murales-drapeaux-et-plafonds\\\/#primaryimage\",\"url\":\"https:\\\/\\\/www.smartystore.it\\\/v25\\\/wp-content\\\/uploads\\\/2014\\\/03\\\/Distanziale-sig-clamp-cromo-lucido-80-mm-per-targhe-senza-fori-a-parete-a-bandiera-e-soffitto.jpg\",\"contentUrl\":\"https:\\\/\\\/www.smartystore.it\\\/v25\\\/wp-content\\\/uploads\\\/2014\\\/03\\\/Distanziale-sig-clamp-cromo-lucido-80-mm-per-targhe-senza-fori-a-parete-a-bandiera-e-soffitto.jpg\",\"width\":1000,\"height\":1000},{\"@type\":\"BreadcrumbList\",\"@id\":\"https:\\\/\\\/www.smartystore.it\\\/fr\\\/prodotto\\\/fixation-80-mm-pour-plaques-murales-drapeaux-et-plafonds\\\/#breadcrumb\",\"itemListElement\":[{\"@type\":\"ListItem\",\"position\":1,\"name\":\"Home\",\"item\":\"https:\\\/\\\/www.smartystore.it\\\/fr\\\/\"},{\"@type\":\"ListItem\",\"position\":2,\"name\":\"Boutique\",\"item\":\"https:\\\/\\\/www.smartystore.it\\\/fr\\\/boutique\\\/\"},{\"@type\":\"ListItem\",\"position\":3,\"name\":\"Fixation 80 mm pour plaques murales, drapeaux et plafonds\"}]},{\"@type\":\"WebSite\",\"@id\":\"https:\\\/\\\/www.smartystore.it\\\/fr\\\/#website\",\"url\":\"https:\\\/\\\/www.smartystore.it\\\/fr\\\/\",\"name\":\"Smarty Store\",\"description\":\"Espositori Pubblicitari e Sistemi di Comunicazione Visiva\",\"potentialAction\":[{\"@type\":\"SearchAction\",\"target\":{\"@type\":\"EntryPoint\",\"urlTemplate\":\"https:\\\/\\\/www.smartystore.it\\\/fr\\\/?s={search_term_string}\"},\"query-input\":{\"@type\":\"PropertyValueSpecification\",\"valueRequired\":true,\"valueName\":\"search_term_string\"}}],\"inLanguage\":\"fr-FR\"}]}<\/script>\n<!-- \/ Yoast SEO plugin. -->","yoast_head_json":{"title":"Fixation 80 mm pour plaques murales, drapeaux et plafonds - Smarty Store","robots":{"index":"index","follow":"follow","max-snippet":"max-snippet:-1","max-image-preview":"max-image-preview:large","max-video-preview":"max-video-preview:-1"},"canonical":"https:\/\/www.smartystore.it\/fr\/prodotto\/fixation-80-mm-pour-plaques-murales-drapeaux-et-plafonds\/","og_locale":"fr_FR","og_type":"article","og_title":"Fixation 80 mm pour plaques murales, drapeaux et plafonds - Smarty Store","og_description":"Entretoise en chrome poli utilis\u00e9e pour la fixation de plaques et\/ou panneaux sans trous. Disponible en trois mod\u00e8les : pour plaques murales, drapeaux et plafonds.","og_url":"https:\/\/www.smartystore.it\/fr\/prodotto\/fixation-80-mm-pour-plaques-murales-drapeaux-et-plafonds\/","og_site_name":"Smarty Store","og_image":[{"width":1000,"height":1000,"url":"https:\/\/www.smartystore.it\/v25\/wp-content\/uploads\/2014\/03\/Distanziale-sig-clamp-cromo-lucido-80-mm-per-targhe-senza-fori-a-parete-a-bandiera-e-soffitto.jpg","type":"image\/jpeg"}],"twitter_card":"summary_large_image","twitter_misc":{"Dur\u00e9e de lecture estim\u00e9e":"1 minute"},"schema":{"@context":"https:\/\/schema.org","@graph":[{"@type":"WebPage","@id":"https:\/\/www.smartystore.it\/fr\/prodotto\/fixation-80-mm-pour-plaques-murales-drapeaux-et-plafonds\/","url":"https:\/\/www.smartystore.it\/fr\/prodotto\/fixation-80-mm-pour-plaques-murales-drapeaux-et-plafonds\/","name":"Fixation 80 mm pour plaques murales, drapeaux et plafonds - Smarty Store","isPartOf":{"@id":"https:\/\/www.smartystore.it\/fr\/#website"},"primaryImageOfPage":{"@id":"https:\/\/www.smartystore.it\/fr\/prodotto\/fixation-80-mm-pour-plaques-murales-drapeaux-et-plafonds\/#primaryimage"},"image":{"@id":"https:\/\/www.smartystore.it\/fr\/prodotto\/fixation-80-mm-pour-plaques-murales-drapeaux-et-plafonds\/#primaryimage"},"thumbnailUrl":"https:\/\/www.smartystore.it\/v25\/wp-content\/uploads\/2014\/03\/Distanziale-sig-clamp-cromo-lucido-80-mm-per-targhe-senza-fori-a-parete-a-bandiera-e-soffitto.jpg","datePublished":"2014-03-31T14:51:32+00:00","breadcrumb":{"@id":"https:\/\/www.smartystore.it\/fr\/prodotto\/fixation-80-mm-pour-plaques-murales-drapeaux-et-plafonds\/#breadcrumb"},"inLanguage":"fr-FR","potentialAction":[{"@type":"ReadAction","target":["https:\/\/www.smartystore.it\/fr\/prodotto\/fixation-80-mm-pour-plaques-murales-drapeaux-et-plafonds\/"]}]},{"@type":"ImageObject","inLanguage":"fr-FR","@id":"https:\/\/www.smartystore.it\/fr\/prodotto\/fixation-80-mm-pour-plaques-murales-drapeaux-et-plafonds\/#primaryimage","url":"https:\/\/www.smartystore.it\/v25\/wp-content\/uploads\/2014\/03\/Distanziale-sig-clamp-cromo-lucido-80-mm-per-targhe-senza-fori-a-parete-a-bandiera-e-soffitto.jpg","contentUrl":"https:\/\/www.smartystore.it\/v25\/wp-content\/uploads\/2014\/03\/Distanziale-sig-clamp-cromo-lucido-80-mm-per-targhe-senza-fori-a-parete-a-bandiera-e-soffitto.jpg","width":1000,"height":1000},{"@type":"BreadcrumbList","@id":"https:\/\/www.smartystore.it\/fr\/prodotto\/fixation-80-mm-pour-plaques-murales-drapeaux-et-plafonds\/#breadcrumb","itemListElement":[{"@type":"ListItem","position":1,"name":"Home","item":"https:\/\/www.smartystore.it\/fr\/"},{"@type":"ListItem","position":2,"name":"Boutique","item":"https:\/\/www.smartystore.it\/fr\/boutique\/"},{"@type":"ListItem","position":3,"name":"Fixation 80 mm pour plaques murales, drapeaux et plafonds"}]},{"@type":"WebSite","@id":"https:\/\/www.smartystore.it\/fr\/#website","url":"https:\/\/www.smartystore.it\/fr\/","name":"Smarty Store","description":"Espositori Pubblicitari e Sistemi di Comunicazione Visiva","potentialAction":[{"@type":"SearchAction","target":{"@type":"EntryPoint","urlTemplate":"https:\/\/www.smartystore.it\/fr\/?s={search_term_string}"},"query-input":{"@type":"PropertyValueSpecification","valueRequired":true,"valueName":"search_term_string"}}],"inLanguage":"fr-FR"}]}},"brands":[],"_links":{"self":[{"href":"https:\/\/www.smartystore.it\/fr\/wp-json\/wp\/v2\/product\/87742","targetHints":{"allow":["GET"]}}],"collection":[{"href":"https:\/\/www.smartystore.it\/fr\/wp-json\/wp\/v2\/product"}],"about":[{"href":"https:\/\/www.smartystore.it\/fr\/wp-json\/wp\/v2\/types\/product"}],"replies":[{"embeddable":true,"href":"https:\/\/www.smartystore.it\/fr\/wp-json\/wp\/v2\/comments?post=87742"}],"wp:featuredmedia":[{"embeddable":true,"href":"https:\/\/www.smartystore.it\/fr\/wp-json\/wp\/v2\/media\/87690"}],"wp:attachment":[{"href":"https:\/\/www.smartystore.it\/fr\/wp-json\/wp\/v2\/media?parent=87742"}],"wp:term":[{"taxonomy":"pwb-brand","embeddable":true,"href":"https:\/\/www.smartystore.it\/fr\/wp-json\/wp\/v2\/pwb-brand?post=87742"},{"taxonomy":"product_brand","embeddable":true,"href":"https:\/\/www.smartystore.it\/fr\/wp-json\/wp\/v2\/product_brand?post=87742"},{"taxonomy":"product_cat","embeddable":true,"href":"https:\/\/www.smartystore.it\/fr\/wp-json\/wp\/v2\/product_cat?post=87742"},{"taxonomy":"product_tag","embeddable":true,"href":"https:\/\/www.smartystore.it\/fr\/wp-json\/wp\/v2\/product_tag?post=87742"}],"curies":[{"name":"wp","href":"https:\/\/api.w.org\/{rel}","templated":true}]}}