{"id":87583,"date":"2024-02-01T18:36:05","date_gmt":"2024-02-01T16:36:05","guid":{"rendered":"https:\/\/www.smartystore.it\/prodotto\/poubelle-modulaire-pour-tri-des-dechets\/"},"modified":"2024-02-01T18:36:05","modified_gmt":"2024-02-01T16:36:05","slug":"poubelle-modulaire-pour-tri-des-dechets","status":"publish","type":"product","link":"https:\/\/www.smartystore.it\/fr\/prodotto\/poubelle-modulaire-pour-tri-des-dechets\/","title":{"rendered":"Poubelle modulaire pour tri des d\u00e9chets"},"content":{"rendered":"<h2>Poubelle modulaire pour tri des d\u00e9chets<\/h2>\n<p>La poubelle de recyclage modulaire est depuis quelques ann\u00e9es un \u00e9l\u00e9ment indispensable, utile pour trier et \u00e9liminer correctement les d\u00e9chets, contribuant de mani\u00e8re significative au recyclage et donc \u00e0 la r\u00e9duction de la pollution. Id\u00e9al pour les entreprises, les organismes publics et les espaces communs qui n\u00e9cessitent une solution efficace et r\u00e9sistante pour la gestion des d\u00e9chets<\/p>\n<p>La poubelle est en m\u00e9tal peint en noir et a une capacit\u00e9 de 42 litres, donc adapt\u00e9e \u00e0 la gestion d&rsquo;un grand volume de d\u00e9chets. Il est \u00e9quip\u00e9 d&rsquo;un syst\u00e8me de verrouillage qui maintient les sacs en position une fois ins\u00e9r\u00e9s, \u00e9vitant ainsi le d\u00e9sordre et facilitant le retrait.<\/p>\n<p>Il est possible d&rsquo;acheter la poubelle sans couvercle ou avec un couvercle color\u00e9 pour pouvoir distinguer, par exemple, la collecte de papier, plastique, verre, d\u00e9chets humides ou indiff\u00e9renci\u00e9s.<\/p>\n<p>Tout comme la structure de la poubelle, le couvercle est \u00e9galement en m\u00e9tal et est disponible en bleu, rouge, vert, gris et jaune.<\/p>\n<p>En assemblant les cinq paniers avec leurs propres couvercles color\u00e9s, vous obtenez une v\u00e9ritable \u00eele \u00e9cologique.<\/p>\n<p>En achetant le kit complet de cinq paniers avec leurs couvercles color\u00e9s vous pourrez obtenir une remise importante.<\/p>\n<h3>CARACT\u00c9RISTIQUES:<\/h3>\n<p>Panier : en m\u00e9tal peint noir mat<\/p>\n<p>Dimensions du panier : L 300 &#8211; H 688,5 &#8211; P 200 mm.<\/p>\n<p>Poids du panier : 4,40 kg<\/p>\n<p>Panier \u00e9quip\u00e9 d&rsquo;un syst\u00e8me de verrouillage du sac.<\/p>\n<p>Capacit\u00e9 du panier : 42 L<\/p>\n<p>Couvercle: en m\u00e9tal peint en couleur gris &#8211; jaune &#8211; bleu &#8211; rouge &#8211; vert<\/p>\n<p>Dimensions du couvercle : L 309 &#8211; H 30 &#8211; P 206 mm.<\/p>\n<p>Poids du couvercle : 0,50 kg<\/p>\n","protected":false},"excerpt":{"rendered":"<p>Poubelle modulaire pour tri des d\u00e9chets La poubelle de recyclage modulaire est depuis quelques ann\u00e9es un \u00e9l\u00e9ment indispensable, utile pour trier et \u00e9liminer correctement les d\u00e9chets, contribuant de mani\u00e8re significative au recyclage et donc \u00e0 la r\u00e9duction de la pollution. Id\u00e9al pour les entreprises, les organismes publics et les espaces communs qui n\u00e9cessitent une solution [&hellip;]<\/p>\n","protected":false},"featured_media":86032,"comment_status":"open","ping_status":"closed","template":"","meta":{"_acf_changed":false},"pwb-brand":[],"product_brand":[],"product_cat":[2993],"product_tag":[],"class_list":{"0":"post-87583","1":"product","2":"type-product","3":"status-publish","4":"has-post-thumbnail","6":"product_cat-corbeilles","7":"pa_c2c_trovraprezzi-oui","9":"first","10":"instock","11":"taxable","12":"shipping-taxable","13":"purchasable","14":"product-type-variable"},"acf":[],"yoast_head":"<!-- This site is optimized with the Yoast SEO plugin v27.4 - https:\/\/yoast.com\/product\/yoast-seo-wordpress\/ -->\n<title>Poubelle modulaire pour tri des d\u00e9chets - Smarty Store<\/title>\n<meta name=\"robots\" content=\"index, follow, max-snippet:-1, max-image-preview:large, max-video-preview:-1\" \/>\n<link rel=\"canonical\" href=\"https:\/\/www.smartystore.it\/fr\/prodotto\/poubelle-modulaire-pour-tri-des-dechets\/\" \/>\n<meta property=\"og:locale\" content=\"fr_FR\" \/>\n<meta property=\"og:type\" content=\"article\" \/>\n<meta property=\"og:title\" content=\"Poubelle modulaire pour tri des d\u00e9chets - Smarty Store\" \/>\n<meta property=\"og:description\" content=\"Poubelle modulaire pour tri des d\u00e9chets La poubelle de recyclage modulaire est depuis quelques ann\u00e9es un \u00e9l\u00e9ment indispensable, utile pour trier et \u00e9liminer correctement les d\u00e9chets, contribuant de mani\u00e8re significative au recyclage et donc \u00e0 la r\u00e9duction de la pollution. Id\u00e9al pour les entreprises, les organismes publics et les espaces communs qui n\u00e9cessitent une solution [&hellip;]\" \/>\n<meta property=\"og:url\" content=\"https:\/\/www.smartystore.it\/fr\/prodotto\/poubelle-modulaire-pour-tri-des-dechets\/\" \/>\n<meta property=\"og:site_name\" content=\"Smarty Store\" \/>\n<meta property=\"og:image\" content=\"https:\/\/www.smartystore.it\/v25\/wp-content\/uploads\/2024\/02\/Cestino-modulare-per-la-raccolta-differenziata-con-coperchi-colorati.jpg\" \/>\n\t<meta property=\"og:image:width\" content=\"1000\" \/>\n\t<meta property=\"og:image:height\" content=\"1000\" \/>\n\t<meta property=\"og:image:type\" content=\"image\/jpeg\" \/>\n<meta name=\"twitter:card\" content=\"summary_large_image\" \/>\n<meta name=\"twitter:label1\" content=\"Dur\u00e9e de lecture estim\u00e9e\" \/>\n\t<meta name=\"twitter:data1\" content=\"1 minute\" \/>\n<script type=\"application\/ld+json\" class=\"yoast-schema-graph\">{\"@context\":\"https:\\\/\\\/schema.org\",\"@graph\":[{\"@type\":\"WebPage\",\"@id\":\"https:\\\/\\\/www.smartystore.it\\\/fr\\\/prodotto\\\/poubelle-modulaire-pour-tri-des-dechets\\\/\",\"url\":\"https:\\\/\\\/www.smartystore.it\\\/fr\\\/prodotto\\\/poubelle-modulaire-pour-tri-des-dechets\\\/\",\"name\":\"Poubelle modulaire pour tri des d\u00e9chets - Smarty Store\",\"isPartOf\":{\"@id\":\"https:\\\/\\\/www.smartystore.it\\\/fr\\\/#website\"},\"primaryImageOfPage\":{\"@id\":\"https:\\\/\\\/www.smartystore.it\\\/fr\\\/prodotto\\\/poubelle-modulaire-pour-tri-des-dechets\\\/#primaryimage\"},\"image\":{\"@id\":\"https:\\\/\\\/www.smartystore.it\\\/fr\\\/prodotto\\\/poubelle-modulaire-pour-tri-des-dechets\\\/#primaryimage\"},\"thumbnailUrl\":\"https:\\\/\\\/www.smartystore.it\\\/v25\\\/wp-content\\\/uploads\\\/2024\\\/02\\\/Cestino-modulare-per-la-raccolta-differenziata-con-coperchi-colorati.jpg\",\"datePublished\":\"2024-02-01T16:36:05+00:00\",\"breadcrumb\":{\"@id\":\"https:\\\/\\\/www.smartystore.it\\\/fr\\\/prodotto\\\/poubelle-modulaire-pour-tri-des-dechets\\\/#breadcrumb\"},\"inLanguage\":\"fr-FR\",\"potentialAction\":[{\"@type\":\"ReadAction\",\"target\":[\"https:\\\/\\\/www.smartystore.it\\\/fr\\\/prodotto\\\/poubelle-modulaire-pour-tri-des-dechets\\\/\"]}]},{\"@type\":\"ImageObject\",\"inLanguage\":\"fr-FR\",\"@id\":\"https:\\\/\\\/www.smartystore.it\\\/fr\\\/prodotto\\\/poubelle-modulaire-pour-tri-des-dechets\\\/#primaryimage\",\"url\":\"https:\\\/\\\/www.smartystore.it\\\/v25\\\/wp-content\\\/uploads\\\/2024\\\/02\\\/Cestino-modulare-per-la-raccolta-differenziata-con-coperchi-colorati.jpg\",\"contentUrl\":\"https:\\\/\\\/www.smartystore.it\\\/v25\\\/wp-content\\\/uploads\\\/2024\\\/02\\\/Cestino-modulare-per-la-raccolta-differenziata-con-coperchi-colorati.jpg\",\"width\":1000,\"height\":1000},{\"@type\":\"BreadcrumbList\",\"@id\":\"https:\\\/\\\/www.smartystore.it\\\/fr\\\/prodotto\\\/poubelle-modulaire-pour-tri-des-dechets\\\/#breadcrumb\",\"itemListElement\":[{\"@type\":\"ListItem\",\"position\":1,\"name\":\"Home\",\"item\":\"https:\\\/\\\/www.smartystore.it\\\/fr\\\/\"},{\"@type\":\"ListItem\",\"position\":2,\"name\":\"Boutique\",\"item\":\"https:\\\/\\\/www.smartystore.it\\\/fr\\\/boutique\\\/\"},{\"@type\":\"ListItem\",\"position\":3,\"name\":\"Poubelle modulaire pour tri des d\u00e9chets\"}]},{\"@type\":\"WebSite\",\"@id\":\"https:\\\/\\\/www.smartystore.it\\\/fr\\\/#website\",\"url\":\"https:\\\/\\\/www.smartystore.it\\\/fr\\\/\",\"name\":\"Smarty Store\",\"description\":\"Espositori Pubblicitari e Sistemi di Comunicazione Visiva\",\"potentialAction\":[{\"@type\":\"SearchAction\",\"target\":{\"@type\":\"EntryPoint\",\"urlTemplate\":\"https:\\\/\\\/www.smartystore.it\\\/fr\\\/?s={search_term_string}\"},\"query-input\":{\"@type\":\"PropertyValueSpecification\",\"valueRequired\":true,\"valueName\":\"search_term_string\"}}],\"inLanguage\":\"fr-FR\"}]}<\/script>\n<!-- \/ Yoast SEO plugin. -->","yoast_head_json":{"title":"Poubelle modulaire pour tri des d\u00e9chets - Smarty Store","robots":{"index":"index","follow":"follow","max-snippet":"max-snippet:-1","max-image-preview":"max-image-preview:large","max-video-preview":"max-video-preview:-1"},"canonical":"https:\/\/www.smartystore.it\/fr\/prodotto\/poubelle-modulaire-pour-tri-des-dechets\/","og_locale":"fr_FR","og_type":"article","og_title":"Poubelle modulaire pour tri des d\u00e9chets - Smarty Store","og_description":"Poubelle modulaire pour tri des d\u00e9chets La poubelle de recyclage modulaire est depuis quelques ann\u00e9es un \u00e9l\u00e9ment indispensable, utile pour trier et \u00e9liminer correctement les d\u00e9chets, contribuant de mani\u00e8re significative au recyclage et donc \u00e0 la r\u00e9duction de la pollution. Id\u00e9al pour les entreprises, les organismes publics et les espaces communs qui n\u00e9cessitent une solution [&hellip;]","og_url":"https:\/\/www.smartystore.it\/fr\/prodotto\/poubelle-modulaire-pour-tri-des-dechets\/","og_site_name":"Smarty Store","og_image":[{"width":1000,"height":1000,"url":"https:\/\/www.smartystore.it\/v25\/wp-content\/uploads\/2024\/02\/Cestino-modulare-per-la-raccolta-differenziata-con-coperchi-colorati.jpg","type":"image\/jpeg"}],"twitter_card":"summary_large_image","twitter_misc":{"Dur\u00e9e de lecture estim\u00e9e":"1 minute"},"schema":{"@context":"https:\/\/schema.org","@graph":[{"@type":"WebPage","@id":"https:\/\/www.smartystore.it\/fr\/prodotto\/poubelle-modulaire-pour-tri-des-dechets\/","url":"https:\/\/www.smartystore.it\/fr\/prodotto\/poubelle-modulaire-pour-tri-des-dechets\/","name":"Poubelle modulaire pour tri des d\u00e9chets - Smarty Store","isPartOf":{"@id":"https:\/\/www.smartystore.it\/fr\/#website"},"primaryImageOfPage":{"@id":"https:\/\/www.smartystore.it\/fr\/prodotto\/poubelle-modulaire-pour-tri-des-dechets\/#primaryimage"},"image":{"@id":"https:\/\/www.smartystore.it\/fr\/prodotto\/poubelle-modulaire-pour-tri-des-dechets\/#primaryimage"},"thumbnailUrl":"https:\/\/www.smartystore.it\/v25\/wp-content\/uploads\/2024\/02\/Cestino-modulare-per-la-raccolta-differenziata-con-coperchi-colorati.jpg","datePublished":"2024-02-01T16:36:05+00:00","breadcrumb":{"@id":"https:\/\/www.smartystore.it\/fr\/prodotto\/poubelle-modulaire-pour-tri-des-dechets\/#breadcrumb"},"inLanguage":"fr-FR","potentialAction":[{"@type":"ReadAction","target":["https:\/\/www.smartystore.it\/fr\/prodotto\/poubelle-modulaire-pour-tri-des-dechets\/"]}]},{"@type":"ImageObject","inLanguage":"fr-FR","@id":"https:\/\/www.smartystore.it\/fr\/prodotto\/poubelle-modulaire-pour-tri-des-dechets\/#primaryimage","url":"https:\/\/www.smartystore.it\/v25\/wp-content\/uploads\/2024\/02\/Cestino-modulare-per-la-raccolta-differenziata-con-coperchi-colorati.jpg","contentUrl":"https:\/\/www.smartystore.it\/v25\/wp-content\/uploads\/2024\/02\/Cestino-modulare-per-la-raccolta-differenziata-con-coperchi-colorati.jpg","width":1000,"height":1000},{"@type":"BreadcrumbList","@id":"https:\/\/www.smartystore.it\/fr\/prodotto\/poubelle-modulaire-pour-tri-des-dechets\/#breadcrumb","itemListElement":[{"@type":"ListItem","position":1,"name":"Home","item":"https:\/\/www.smartystore.it\/fr\/"},{"@type":"ListItem","position":2,"name":"Boutique","item":"https:\/\/www.smartystore.it\/fr\/boutique\/"},{"@type":"ListItem","position":3,"name":"Poubelle modulaire pour tri des d\u00e9chets"}]},{"@type":"WebSite","@id":"https:\/\/www.smartystore.it\/fr\/#website","url":"https:\/\/www.smartystore.it\/fr\/","name":"Smarty Store","description":"Espositori Pubblicitari e Sistemi di Comunicazione Visiva","potentialAction":[{"@type":"SearchAction","target":{"@type":"EntryPoint","urlTemplate":"https:\/\/www.smartystore.it\/fr\/?s={search_term_string}"},"query-input":{"@type":"PropertyValueSpecification","valueRequired":true,"valueName":"search_term_string"}}],"inLanguage":"fr-FR"}]}},"brands":[],"_links":{"self":[{"href":"https:\/\/www.smartystore.it\/fr\/wp-json\/wp\/v2\/product\/87583","targetHints":{"allow":["GET"]}}],"collection":[{"href":"https:\/\/www.smartystore.it\/fr\/wp-json\/wp\/v2\/product"}],"about":[{"href":"https:\/\/www.smartystore.it\/fr\/wp-json\/wp\/v2\/types\/product"}],"replies":[{"embeddable":true,"href":"https:\/\/www.smartystore.it\/fr\/wp-json\/wp\/v2\/comments?post=87583"}],"wp:featuredmedia":[{"embeddable":true,"href":"https:\/\/www.smartystore.it\/fr\/wp-json\/wp\/v2\/media\/86032"}],"wp:attachment":[{"href":"https:\/\/www.smartystore.it\/fr\/wp-json\/wp\/v2\/media?parent=87583"}],"wp:term":[{"taxonomy":"pwb-brand","embeddable":true,"href":"https:\/\/www.smartystore.it\/fr\/wp-json\/wp\/v2\/pwb-brand?post=87583"},{"taxonomy":"product_brand","embeddable":true,"href":"https:\/\/www.smartystore.it\/fr\/wp-json\/wp\/v2\/product_brand?post=87583"},{"taxonomy":"product_cat","embeddable":true,"href":"https:\/\/www.smartystore.it\/fr\/wp-json\/wp\/v2\/product_cat?post=87583"},{"taxonomy":"product_tag","embeddable":true,"href":"https:\/\/www.smartystore.it\/fr\/wp-json\/wp\/v2\/product_tag?post=87583"}],"curies":[{"name":"wp","href":"https:\/\/api.w.org\/{rel}","templated":true}]}}